{"id":4798,"date":"2024-09-19T12:13:01","date_gmt":"2024-09-19T12:13:01","guid":{"rendered":"https:\/\/cablepullingmachines.com\/fabricant-de-machines-a-tirer-les-cables-et-de-remorques-pour-tourets-de-cables\/"},"modified":"2024-09-19T13:03:30","modified_gmt":"2024-09-19T13:03:30","slug":"fabricant-de-machines-a-tirer-les-cables-et-de-remorques-pour-tourets-de-cables","status":"publish","type":"page","link":"https:\/\/cablepullingmachines.com\/fr\/fabricant-de-machines-a-tirer-les-cables-et-de-remorques-pour-tourets-de-cables\/","title":{"rendered":"Fabricant de machines \u00e0 tirer les c\u00e2bles et de remorques pour tourets de c\u00e2bles !"},"content":{"rendered":"<p>[av_layerslider id=&#8217;1&#8242; av_uid=&#8217;av-b7bwz&#8217;]<\/p>\n<p>[av_hr class=&#8217;short&#8217; height=&#8217;50&#8217; shadow=&#8217;no-shadow&#8217; position=&#8217;center&#8217; custom_border=&#8217;av-border-thin&#8217; custom_width=&#8217;50px&#8217; custom_border_color=&#8221; custom_margin_top=&#8217;30px&#8217; custom_margin_bottom=&#8217;30px&#8217; icon_select=&#8217;yes&#8217; custom_icon_color=&#8221; icon=&#8217;ue808&#8242; font=&#8217;entypo-fontello&#8217; av_uid=&#8217;av-adal7&#8242;]<\/p>\n<p>[av_section min_height=&#8221; min_height_px=&#8217;500px&#8217; padding=&#8217;default&#8217; shadow=&#8217;no-shadow&#8217; bottom_border=&#8217;no-border-styling&#8217; bottom_border_diagonal_color=&#8217;#333333&#8242; bottom_border_diagonal_direction=&#8221; bottom_border_style=&#8221; id=&#8221; color=&#8217;main_color&#8217; custom_bg=&#8221; src=&#8217;http:\/\/cablepullingmachines.com\/wp-content\/uploads\/2015\/07\/room.jpg&#8217; attachment=&#8217;1802&#8242; attachment_size=&#8217;full&#8217; attach=&#8217;scroll&#8217; position=&#8217;top left&#8217; repeat=&#8217;no-repeat&#8217; video=&#8221; video_ratio=&#8217;16:9&#8242; overlay_opacity=&#8217;0.5&#8242; overlay_color=&#8221; overlay_pattern=&#8221; overlay_custom_pattern=&#8221; av_uid=&#8217;av-9pnnv&#8217;]<\/p>\n<p>[av_one_third first min_height=&#8221; vertical_alignment=&#8221; space=&#8221; custom_margin=&#8221; margin=&#8217;0px&#8217; padding=&#8217;0px&#8217; border=&#8221; border_color=&#8221; radius=&#8217;0px&#8217; background_color=&#8221; src=&#8221; background_position=&#8217;top left&#8217; background_repeat=&#8217;no-repeat&#8217; animation=&#8221; av_uid=&#8217;av-948ob&#8217;]<\/p>\n<p>[av_icon_box position=&#8217;top&#8217; icon_style=&#8221; boxed=&#8221; icon=&#8217;ue8c6&#8242; font=&#8217;entypo-fontello&#8217; title=&#8217;Gagnez du temps !&#8217; link=&#8221; linktarget=&#8221; linkelement=&#8221; font_color=&#8221; custom_title=&#8221; custom_content=&#8221; color=&#8221; custom_bg=&#8221; custom_font=&#8221; custom_border=&#8221; av-medium-font-size-title=&#8221; av-small-font-size-title=&#8221; av-mini-font-size-title=&#8221; av-medium-font-size=&#8221; av-small-font-size=&#8221; av-mini-font-size=&#8221; admin_preview_bg=&#8221; av_uid=&#8217;av-8vczz&#8217;]<br \/>\nLes <strong>machines de tirage de c\u00e2bles<\/strong> et les <strong>\u00e9quipements de pose de c\u00e2bles<\/strong> sont demand\u00e9s par toutes les entreprises commerciales ainsi que par les entreprises de construction pour un d\u00e9roulement sans heurts des travaux. <em>Les machines de tirage de c\u00e2bles<\/em> ont \u00e9t\u00e9 con\u00e7ues pour vous permettre d&#8217;effectuer votre travail de la mani\u00e8re la plus pratique possible.<br \/>\n <strong>Machines<\/strong> hydrauliques <strong>de tirage de c\u00e2bles<\/strong>.<br \/>\nGagnez du temps et de l&#8217;argent.<br \/>\n[\/av_icon_box]<\/p>\n<p>[\/av_one_third][av_one_third min_height=&#8221; vertical_alignment=&#8221; space=&#8221; custom_margin=&#8221; margin=&#8217;0px&#8217; padding=&#8217;0px&#8217; border=&#8221; border_color=&#8221; radius=&#8217;0px&#8217; background_color=&#8221; src=&#8221; background_position=&#8217;top left&#8217; background_repeat=&#8217;no-repeat&#8217; animation=&#8221; av_uid=&#8217;av-tehv&#8217;]<\/p>\n<p>[av_icon_box position=&#8217;top&#8217; boxed=&#8221; icon=&#8217;ue82b&#8217; font=&#8217;entypo-fontello&#8217; title=&#8217;Machines \u00e0 tirer les c\u00e2bles&#8217; link=&#8221; linktarget=&#8221; linkelement=&#8221; font_color=&#8221; custom_title=&#8221; custom_content=&#8221; color=&#8221; custom_bg=&#8221; custom_font=&#8221; custom_border=&#8221; av_uid=&#8217;av-7fejv&#8217;]<br \/>\n<em><strong>Les machines \u00e0 tirer les c\u00e2bles<\/strong><\/em>Les machines \u00e0 tirer les c\u00e2bles sont des \u00e9quipements de premi\u00e8re qualit\u00e9 qui sont non seulement fiables et efficaces, mais qui vous offrent \u00e9galement la m\u00e9thode la plus rentable pour poser tous vos c\u00e2bles dans les ann\u00e9es \u00e0 venir.<br \/>\nElles sont<em> durables<\/em> et s\u00fbres \u00e0 utiliser.<br \/>\nCertaines des meilleures <strong>machines \u00e0 tirer les c\u00e2bles <\/strong>sont con\u00e7ues en fonction de vos besoins et personnalis\u00e9es en cons\u00e9quence.<br \/>\n[\/av_icon_box]<\/p>\n<p>[\/av_one_third][av_one_third min_height=&#8221; vertical_alignment=&#8221; space=&#8221; custom_margin=&#8221; margin=&#8217;0px&#8217; padding=&#8217;0px&#8217; border=&#8221; border_color=&#8221; radius=&#8217;0px&#8217; background_color=&#8221; src=&#8221; background_position=&#8217;top left&#8217; background_repeat=&#8217;no-repeat&#8217; animation=&#8221; av_uid=&#8217;av-6zovz&#8217;]<\/p>\n<p>[av_icon_box position=&#8217;top&#8217; boxed=&#8221; icon=&#8217;ue82e&#8217; font=&#8217;entypo-fontello&#8217; title=&#8217;Remorques \u00e0 tambour de c\u00e2ble&#8217; link=&#8221; linktarget=&#8221; linkelement=&#8221; font_color=&#8221; custom_title=&#8221; custom_content=&#8221; color=&#8221; custom_bg=&#8221; custom_font=&#8221; custom_border=&#8221; av_uid=&#8217;av-6jm13&#8242;]<br \/>\nLes <strong>remorques pour tourets de c\u00e2ble<\/strong> sont connues pour \u00eatre l&#8217;un des accessoires les plus importants requis pour tout type de projet, qu&#8217;il s&#8217;agisse d&#8217;une entreprise de construction, d&#8217;une industrie des t\u00e9l\u00e9communications ou d&#8217;un fournisseur d&#8217;\u00e9lectricit\u00e9.<br \/>\nIl s&#8217;agit d&#8217;un \u00e9quipement de base n\u00e9cessaire pour charger et d\u00e9rouler les <em>tambours de c\u00e2ble<\/em> ainsi que les bobines de c\u00e2ble de la meilleure fa\u00e7on possible, conform\u00e9ment aux normes les plus r\u00e9centes. La <strong>remorque pour tourets de c\u00e2ble<\/strong> rend le chargement et le d\u00e9roulement tr\u00e8s efficaces.<br \/>\n[\/av_icon_box]<\/p>\n<p>[\/av_one_third][\/av_section][av_hr class=&#8217;short&#8217; height=&#8217;50&#8217; shadow=&#8217;no-shadow&#8217; position=&#8217;center&#8217; custom_border=&#8217;av-border-thin&#8217; custom_width=&#8217;50px&#8217; custom_border_color=&#8221; custom_margin_top=&#8217;30px&#8217; custom_margin_bottom=&#8217;30px&#8217; icon_select=&#8217;yes&#8217; custom_icon_color=&#8221; icon=&#8217;ue808&#8242; font=&#8217;entypo-fontello&#8217; av_uid=&#8217;av-5fxmv&#8217;]<\/p>\n<p>[av_one_half first min_height=&#8221; vertical_alignment=&#8221; space=&#8221; custom_margin=&#8221; margin=&#8217;0px&#8217; padding=&#8217;0px&#8217; border=&#8221; border_color=&#8221; radius=&#8217;0px&#8217; background_color=&#8221; src=&#8221; background_position=&#8217;top left&#8217; background_repeat=&#8217;no-repeat&#8217; animation=&#8221; av_uid=&#8217;av-50mef&#8217;]<br \/>\n[av_gallery ids=&#8221;997,998,999,1000,1001,1002,1003,1004,1005,1006&#8243; style=&#8221;big_thumb&#8221; preview_size=&#8221;portfolio&#8221; crop_big_preview_thumbnail=&#8221;avia-gallery-big-crop-thumb&#8221; thumb_size=&#8221;portfolio&#8221; columns=&#8221;5&#8243; imagelink=&#8221;lightbox&#8221; lazyload=&#8221;avia_lazyload&#8221; av_uid=&#8221;av-glgn&#8221;]<br \/>\n[\/av_one_half]<\/p>\n<p>[av_one_half min_height=&#8221; vertical_alignment=&#8221; space=&#8221; custom_margin=&#8221; margin=&#8217;0px&#8217; padding=&#8217;0px&#8217; border=&#8221; border_color=&#8221; radius=&#8217;0px&#8217; background_color=&#8221; src=&#8221; background_position=&#8217;top left&#8217; background_repeat=&#8217;no-repeat&#8217; animation=&#8221; av_uid=&#8217;av-3x5ev&#8217;]<\/p>\n<p>[av_textblock size=&#8217;16&#8217; font_color=&#8221; color=&#8221; av-medium-font-size=&#8221; av-small-font-size=&#8221; av-mini-font-size=&#8221; admin_preview_bg=&#8221; av_uid=&#8217;av-33o2j&#8217;]<\/p>\n<h2 style=\"text-align: center;\">Machines \u00e0 tirer les c\u00e2bles et remorques pour tourets de c\u00e2bles<\/h2>\n<ul>\n<li>Les diff\u00e9rents types de <em><strong>machines \u00e0 tirer les c\u00e2bles<\/strong><\/em> aident \u00e0 installer les \u00e9quipements tels que les c\u00e2bles et les fils \u00e0 haute tension sous terre et au-dessus des poteaux.<\/li>\n<li>Les machines \u00e0 tirer les c\u00e2bles permettent aux utilisateurs d&#8217;installer facilement, rapidement et en toute s\u00e9curit\u00e9 des <strong>c\u00e2bles \u00e0<\/strong><strong> fibres optiques<\/strong> et des <strong>c\u00e2bles \u00e9lectriques<\/strong> HT.<\/li>\n<li>Les diff\u00e9rents produits propos\u00e9s sont utiles \u00e0 l&#8217;installateur qui a besoin de placer un c\u00e2ble optique ou un c\u00e2ble en cuivre sous le sol ou dans le poteau.<\/li>\n<li>Les machines \u00e0 tirer les c\u00e2bles sont <em>solides<\/em>, <em>durables<\/em> et <em>abordables<\/em>.<\/li>\n<li>Vous pouvez choisir parmi une large gamme de tireurs \u00e0 <strong>cabestan<\/strong>, de souffleurs de fibres optiques, de <em>pousseurs de c\u00e2bles<\/em> manuels ainsi qu&#8217;une vari\u00e9t\u00e9 d&#8217;autres produits.<\/li>\n<\/ul>\n<p>[\/av_textblock]<\/p>\n<p>[av_hr class=&#8217;custom&#8217; height=&#8217;50&#8217; shadow=&#8217;shadow&#8217; position=&#8217;center&#8217; custom_border=&#8217;av-border-fat&#8217; custom_width=&#8217;250px&#8217; custom_border_color=&#8221; custom_margin_top=&#8217;10px&#8217; custom_margin_bottom=&#8217;30px&#8217; icon_select=&#8217;yes&#8217; custom_icon_color=&#8221; icon=&#8217;ue82b&#8217; font=&#8217;entypo-fontello&#8217; av_uid=&#8217;av-2xvtb&#8217;]<\/p>\n<p>[av_icon_box position=&#8217;left&#8217; boxed=&#8221; icon=&#8217;1&#8242; font=&#8217;entypo-fontello&#8217; title=&#8217;Treuils \u00e0 c\u00e2ble &#8211; concept, m\u00e9canisme et applications courantes  &#8216; link=&#8221; linktarget=&#8221; linkelement=&#8221; font_color=&#8221; custom_title=&#8221; custom_content=&#8221; color=&#8221; custom_bg=&#8221; custom_font=&#8221; custom_border=&#8221; av_uid=&#8217;av-21atj&#8217;]<br \/>\n<em>Les treuils de tirage de c\u00e2bles sont des m\u00e9canismes avanc\u00e9s qui permettent d&#8217;enrouler\/d\u00e9rouler les c\u00e2bles.<br \/>\nCet article vous permettra d&#8217;approfondir vos connaissances sur le concept des treuils, leur m\u00e9canisme et leurs applications courantes.   <\/em><br \/>\n[\/av_icon_box]<\/p>\n<p>[\/av_one_half][av_hr class=&#8217;custom&#8217; height=&#8217;50&#8217; shadow=&#8217;no-shadow&#8217; position=&#8217;center&#8217; custom_border=&#8217;av-border-fat&#8217; custom_width=&#8217;50%&#8217; custom_border_color=&#8217;#af0000&#8242; custom_margin_top=&#8217;50px&#8217; custom_margin_bottom=&#8217;50px&#8217; icon_select=&#8217;yes&#8217; custom_icon_color=&#8221; icon=&#8217;ue808&#8242; font=&#8217;entypo-fontello&#8217; av_uid=&#8217;av-1rben&#8217;]<\/p>\n<p>[av_blog blog_type=&#8217;posts&#8217; categories=&#8217;7,1&#8242; link=&#8217;category&#8217; blog_style=&#8217;blog-grid&#8217; columns=&#8217;3&#8242; contents=&#8217;excerpt&#8217; content_length=&#8217;content&#8217; preview_mode=&#8217;auto&#8217; image_size=&#8217;portfolio&#8217; items=&#8217;3&#8242; offset=&#8217;0&#8242; paginate=&#8217;yes&#8217; conditional=&#8221; av_uid=&#8217;av-15peb&#8217;]<\/p>\n","protected":false},"excerpt":{"rendered":"<p>[av_layerslider id=&#8217;1&#8242; av_uid=&#8217;av-b7bwz&#8217;] [av_hr class=&#8217;short&#8217; height=&#8217;50&#8217; shadow=&#8217;no-shadow&#8217; position=&#8217;center&#8217; custom_border=&#8217;av-border-thin&#8217; custom_width=&#8217;50px&#8217; custom_border_color=&#8221; custom_margin_top=&#8217;30px&#8217; custom_margin_bottom=&#8217;30px&#8217; icon_select=&#8217;yes&#8217; custom_icon_color=&#8221; icon=&#8217;ue808&#8242; font=&#8217;entypo-fontello&#8217; av_uid=&#8217;av-adal7&#8242;] [av_section min_height=&#8221; min_height_px=&#8217;500px&#8217; padding=&#8217;default&#8217; shadow=&#8217;no-shadow&#8217; bottom_border=&#8217;no-border-styling&#8217; bottom_border_diagonal_color=&#8217;#333333&#8242; bottom_border_diagonal_direction=&#8221; bottom_border_style=&#8221; id=&#8221; color=&#8217;main_color&#8217; custom_bg=&#8221; src=&#8217;http:\/\/cablepullingmachines.com\/wp-content\/uploads\/2015\/07\/room.jpg&#8217; attachment=&#8217;1802&#8242; attachment_size=&#8217;full&#8217; attach=&#8217;scroll&#8217; position=&#8217;top left&#8217; repeat=&#8217;no-repeat&#8217; video=&#8221; video_ratio=&#8217;16:9&#8242; overlay_opacity=&#8217;0.5&#8242; overlay_color=&#8221; overlay_pattern=&#8221; overlay_custom_pattern=&#8221; av_uid=&#8217;av-9pnnv&#8217;] [av_one_third first min_height=&#8221; vertical_alignment=&#8221; space=&#8221; custom_margin=&#8221; margin=&#8217;0px&#8217; padding=&#8217;0px&#8217; border=&#8221; border_color=&#8221; radius=&#8217;0px&#8217;<\/p>\n","protected":false},"author":1,"featured_media":3640,"parent":0,"menu_order":0,"comment_status":"open","ping_status":"open","template":"","meta":{"_joinchat":[],"footnotes":""},"class_list":["post-4798","page","type-page","status-publish","has-post-thumbnail","hentry"],"yoast_head":"<!-- This site is optimized with the Yoast SEO Premium plugin v26.8 (Yoast SEO v27.0) - https:\/\/yoast.com\/product\/yoast-seo-premium-wordpress\/ -->\n<title>Fabricant de machines \u00e0 tirer les c\u00e2bles et de remorques pour tourets de c\u00e2bles ! - Cable Pulling Machines Manufacturer<\/title>\n<meta name=\"description\" content=\"Fabricant de machines \u00e0 tirer les c\u00e2bles et de remorques pour tourets de c\u00e2bles ! - Cable Pulling Machines Manufacturer\" \/>\n<meta name=\"robots\" content=\"index, follow, max-snippet:-1, max-image-preview:large, max-video-preview:-1\" \/>\n<link rel=\"canonical\" href=\"https:\/\/cablepullingmachines.com\/fr\/fabricant-de-machines-a-tirer-les-cables-et-de-remorques-pour-tourets-de-cables\/\" \/>\n<meta property=\"og:locale\" content=\"fr_FR\" \/>\n<meta property=\"og:type\" content=\"article\" \/>\n<meta property=\"og:title\" content=\"Fabricant de machines \u00e0 tirer les c\u00e2bles et de remorques pour tourets de c\u00e2bles !\" \/>\n<meta property=\"og:description\" content=\"Fabricant de machines \u00e0 tirer les c\u00e2bles et de remorques pour tourets de c\u00e2bles ! - Cable Pulling Machines Manufacturer\" \/>\n<meta property=\"og:url\" content=\"https:\/\/cablepullingmachines.com\/fr\/fabricant-de-machines-a-tirer-les-cables-et-de-remorques-pour-tourets-de-cables\/\" \/>\n<meta property=\"og:site_name\" content=\"Cable Pulling Machines Manufacturer\" \/>\n<meta property=\"article:publisher\" content=\"https:\/\/www.facebook.com\/cablepullingmachines\" \/>\n<meta property=\"article:modified_time\" content=\"2024-09-19T13:03:30+00:00\" \/>\n<meta property=\"og:image\" content=\"https:\/\/i0.wp.com\/cablepullingmachines.com\/wp-content\/uploads\/2015\/12\/Cable-Pulling-Machines-106-1.jpg?fit=845%2C573&ssl=1\" \/>\n\t<meta property=\"og:image:width\" content=\"845\" \/>\n\t<meta property=\"og:image:height\" content=\"573\" \/>\n\t<meta property=\"og:image:type\" content=\"image\/jpeg\" \/>\n<meta name=\"twitter:card\" content=\"summary_large_image\" \/>\n<meta name=\"twitter:label1\" content=\"Dur\u00e9e de lecture estim\u00e9e\" \/>\n\t<meta name=\"twitter:data1\" content=\"6 minutes\" \/>\n<script type=\"application\/ld+json\" class=\"yoast-schema-graph\">{\"@context\":\"https:\/\/schema.org\",\"@graph\":[{\"@type\":\"WebPage\",\"@id\":\"https:\/\/cablepullingmachines.com\/fr\/fabricant-de-machines-a-tirer-les-cables-et-de-remorques-pour-tourets-de-cables\/\",\"url\":\"https:\/\/cablepullingmachines.com\/fr\/fabricant-de-machines-a-tirer-les-cables-et-de-remorques-pour-tourets-de-cables\/\",\"name\":\"Fabricant de machines \u00e0 tirer les c\u00e2bles et de remorques pour tourets de c\u00e2bles ! - Cable Pulling Machines Manufacturer\",\"isPartOf\":{\"@id\":\"https:\/\/cablepullingmachines.com\/#website\"},\"primaryImageOfPage\":{\"@id\":\"https:\/\/cablepullingmachines.com\/fr\/fabricant-de-machines-a-tirer-les-cables-et-de-remorques-pour-tourets-de-cables\/#primaryimage\"},\"image\":{\"@id\":\"https:\/\/cablepullingmachines.com\/fr\/fabricant-de-machines-a-tirer-les-cables-et-de-remorques-pour-tourets-de-cables\/#primaryimage\"},\"thumbnailUrl\":\"https:\/\/cablepullingmachines.com\/wp-content\/uploads\/2015\/12\/Cable-Pulling-Machines-106-1.jpg\",\"datePublished\":\"2024-09-19T12:13:01+00:00\",\"dateModified\":\"2024-09-19T13:03:30+00:00\",\"description\":\"Fabricant de machines \u00e0 tirer les c\u00e2bles et de remorques pour tourets de c\u00e2bles ! - Cable Pulling Machines Manufacturer\",\"breadcrumb\":{\"@id\":\"https:\/\/cablepullingmachines.com\/fr\/fabricant-de-machines-a-tirer-les-cables-et-de-remorques-pour-tourets-de-cables\/#breadcrumb\"},\"inLanguage\":\"fr-FR\",\"potentialAction\":[{\"@type\":\"ReadAction\",\"target\":[\"https:\/\/cablepullingmachines.com\/fr\/fabricant-de-machines-a-tirer-les-cables-et-de-remorques-pour-tourets-de-cables\/\"]}]},{\"@type\":\"ImageObject\",\"inLanguage\":\"fr-FR\",\"@id\":\"https:\/\/cablepullingmachines.com\/fr\/fabricant-de-machines-a-tirer-les-cables-et-de-remorques-pour-tourets-de-cables\/#primaryimage\",\"url\":\"https:\/\/cablepullingmachines.com\/wp-content\/uploads\/2015\/12\/Cable-Pulling-Machines-106-1.jpg\",\"contentUrl\":\"https:\/\/cablepullingmachines.com\/wp-content\/uploads\/2015\/12\/Cable-Pulling-Machines-106-1.jpg\",\"width\":845,\"height\":573,\"caption\":\"Cable Pulling Machines\"},{\"@type\":\"BreadcrumbList\",\"@id\":\"https:\/\/cablepullingmachines.com\/fr\/fabricant-de-machines-a-tirer-les-cables-et-de-remorques-pour-tourets-de-cables\/#breadcrumb\",\"itemListElement\":[{\"@type\":\"ListItem\",\"position\":1,\"name\":\"Home\",\"item\":\"https:\/\/cablepullingmachines.com\/fr\/a\/\"},{\"@type\":\"ListItem\",\"position\":2,\"name\":\"Fabricant de machines \u00e0 tirer les c\u00e2bles et de remorques pour tourets de c\u00e2bles !\"}]},{\"@type\":\"WebSite\",\"@id\":\"https:\/\/cablepullingmachines.com\/#website\",\"url\":\"https:\/\/cablepullingmachines.com\/\",\"name\":\"Cable Pulling Machines and Cable Drum Trailers\",\"description\":\"Cable Pulling Machines, Winches, Cable Drum Trailers\",\"publisher\":{\"@id\":\"https:\/\/cablepullingmachines.com\/#organization\"},\"alternateName\":\"Cable Drum Trailers Manufacturer\",\"potentialAction\":[{\"@type\":\"SearchAction\",\"target\":{\"@type\":\"EntryPoint\",\"urlTemplate\":\"https:\/\/cablepullingmachines.com\/?s={search_term_string}\"},\"query-input\":{\"@type\":\"PropertyValueSpecification\",\"valueRequired\":true,\"valueName\":\"search_term_string\"}}],\"inLanguage\":\"fr-FR\"},{\"@type\":\"Organization\",\"@id\":\"https:\/\/cablepullingmachines.com\/#organization\",\"name\":\"Allame Makina Ltd Sti\",\"alternateName\":\"Cable Drum Trailers Manufacturer\",\"url\":\"https:\/\/cablepullingmachines.com\/\",\"logo\":{\"@type\":\"ImageObject\",\"inLanguage\":\"fr-FR\",\"@id\":\"https:\/\/cablepullingmachines.com\/#\/schema\/logo\/image\/\",\"url\":\"https:\/\/cablepullingmachines.com\/wp-content\/uploads\/2015\/10\/logo.jpg\",\"contentUrl\":\"https:\/\/cablepullingmachines.com\/wp-content\/uploads\/2015\/10\/logo.jpg\",\"width\":300,\"height\":140,\"caption\":\"Allame Makina Ltd Sti\"},\"image\":{\"@id\":\"https:\/\/cablepullingmachines.com\/#\/schema\/logo\/image\/\"},\"sameAs\":[\"https:\/\/www.facebook.com\/cablepullingmachines\",\"https:\/\/www.linkedin.com\/company\/cablepullingmachines\",\"https:\/\/www.youtube.com\/@CablePullingMachines\",\"https:\/\/www.instagram.com\/cablepullingmachines\"],\"description\":\"Cable laying products manufacturer from Turkiye. Cable Pulling Machines and Cable Drum Trailers Producer.\",\"email\":\"erkangok@allame.net\",\"telephone\":\"+905337789941\",\"legalName\":\"SKYPULLTECH\",\"foundingDate\":\"1999-02-12\",\"vatID\":\"0550635748\",\"iso6523Code\":\"1555ALL2025\",\"numberOfEmployees\":{\"@type\":\"QuantitativeValue\",\"minValue\":\"11\",\"maxValue\":\"50\"}}]}<\/script>\n<!-- \/ Yoast SEO Premium plugin. -->","yoast_head_json":{"title":"Fabricant de machines \u00e0 tirer les c\u00e2bles et de remorques pour tourets de c\u00e2bles ! - Cable Pulling Machines Manufacturer","description":"Fabricant de machines \u00e0 tirer les c\u00e2bles et de remorques pour tourets de c\u00e2bles ! - Cable Pulling Machines Manufacturer","robots":{"index":"index","follow":"follow","max-snippet":"max-snippet:-1","max-image-preview":"max-image-preview:large","max-video-preview":"max-video-preview:-1"},"canonical":"https:\/\/cablepullingmachines.com\/fr\/fabricant-de-machines-a-tirer-les-cables-et-de-remorques-pour-tourets-de-cables\/","og_locale":"fr_FR","og_type":"article","og_title":"Fabricant de machines \u00e0 tirer les c\u00e2bles et de remorques pour tourets de c\u00e2bles !","og_description":"Fabricant de machines \u00e0 tirer les c\u00e2bles et de remorques pour tourets de c\u00e2bles ! - Cable Pulling Machines Manufacturer","og_url":"https:\/\/cablepullingmachines.com\/fr\/fabricant-de-machines-a-tirer-les-cables-et-de-remorques-pour-tourets-de-cables\/","og_site_name":"Cable Pulling Machines Manufacturer","article_publisher":"https:\/\/www.facebook.com\/cablepullingmachines","article_modified_time":"2024-09-19T13:03:30+00:00","og_image":[{"width":845,"height":573,"url":"https:\/\/i0.wp.com\/cablepullingmachines.com\/wp-content\/uploads\/2015\/12\/Cable-Pulling-Machines-106-1.jpg?fit=845%2C573&ssl=1","type":"image\/jpeg"}],"twitter_card":"summary_large_image","twitter_misc":{"Dur\u00e9e de lecture estim\u00e9e":"6 minutes"},"schema":{"@context":"https:\/\/schema.org","@graph":[{"@type":"WebPage","@id":"https:\/\/cablepullingmachines.com\/fr\/fabricant-de-machines-a-tirer-les-cables-et-de-remorques-pour-tourets-de-cables\/","url":"https:\/\/cablepullingmachines.com\/fr\/fabricant-de-machines-a-tirer-les-cables-et-de-remorques-pour-tourets-de-cables\/","name":"Fabricant de machines \u00e0 tirer les c\u00e2bles et de remorques pour tourets de c\u00e2bles ! - Cable Pulling Machines Manufacturer","isPartOf":{"@id":"https:\/\/cablepullingmachines.com\/#website"},"primaryImageOfPage":{"@id":"https:\/\/cablepullingmachines.com\/fr\/fabricant-de-machines-a-tirer-les-cables-et-de-remorques-pour-tourets-de-cables\/#primaryimage"},"image":{"@id":"https:\/\/cablepullingmachines.com\/fr\/fabricant-de-machines-a-tirer-les-cables-et-de-remorques-pour-tourets-de-cables\/#primaryimage"},"thumbnailUrl":"https:\/\/cablepullingmachines.com\/wp-content\/uploads\/2015\/12\/Cable-Pulling-Machines-106-1.jpg","datePublished":"2024-09-19T12:13:01+00:00","dateModified":"2024-09-19T13:03:30+00:00","description":"Fabricant de machines \u00e0 tirer les c\u00e2bles et de remorques pour tourets de c\u00e2bles ! - Cable Pulling Machines Manufacturer","breadcrumb":{"@id":"https:\/\/cablepullingmachines.com\/fr\/fabricant-de-machines-a-tirer-les-cables-et-de-remorques-pour-tourets-de-cables\/#breadcrumb"},"inLanguage":"fr-FR","potentialAction":[{"@type":"ReadAction","target":["https:\/\/cablepullingmachines.com\/fr\/fabricant-de-machines-a-tirer-les-cables-et-de-remorques-pour-tourets-de-cables\/"]}]},{"@type":"ImageObject","inLanguage":"fr-FR","@id":"https:\/\/cablepullingmachines.com\/fr\/fabricant-de-machines-a-tirer-les-cables-et-de-remorques-pour-tourets-de-cables\/#primaryimage","url":"https:\/\/cablepullingmachines.com\/wp-content\/uploads\/2015\/12\/Cable-Pulling-Machines-106-1.jpg","contentUrl":"https:\/\/cablepullingmachines.com\/wp-content\/uploads\/2015\/12\/Cable-Pulling-Machines-106-1.jpg","width":845,"height":573,"caption":"Cable Pulling Machines"},{"@type":"BreadcrumbList","@id":"https:\/\/cablepullingmachines.com\/fr\/fabricant-de-machines-a-tirer-les-cables-et-de-remorques-pour-tourets-de-cables\/#breadcrumb","itemListElement":[{"@type":"ListItem","position":1,"name":"Home","item":"https:\/\/cablepullingmachines.com\/fr\/a\/"},{"@type":"ListItem","position":2,"name":"Fabricant de machines \u00e0 tirer les c\u00e2bles et de remorques pour tourets de c\u00e2bles !"}]},{"@type":"WebSite","@id":"https:\/\/cablepullingmachines.com\/#website","url":"https:\/\/cablepullingmachines.com\/","name":"Cable Pulling Machines and Cable Drum Trailers","description":"Cable Pulling Machines, Winches, Cable Drum Trailers","publisher":{"@id":"https:\/\/cablepullingmachines.com\/#organization"},"alternateName":"Cable Drum Trailers Manufacturer","potentialAction":[{"@type":"SearchAction","target":{"@type":"EntryPoint","urlTemplate":"https:\/\/cablepullingmachines.com\/?s={search_term_string}"},"query-input":{"@type":"PropertyValueSpecification","valueRequired":true,"valueName":"search_term_string"}}],"inLanguage":"fr-FR"},{"@type":"Organization","@id":"https:\/\/cablepullingmachines.com\/#organization","name":"Allame Makina Ltd Sti","alternateName":"Cable Drum Trailers Manufacturer","url":"https:\/\/cablepullingmachines.com\/","logo":{"@type":"ImageObject","inLanguage":"fr-FR","@id":"https:\/\/cablepullingmachines.com\/#\/schema\/logo\/image\/","url":"https:\/\/cablepullingmachines.com\/wp-content\/uploads\/2015\/10\/logo.jpg","contentUrl":"https:\/\/cablepullingmachines.com\/wp-content\/uploads\/2015\/10\/logo.jpg","width":300,"height":140,"caption":"Allame Makina Ltd Sti"},"image":{"@id":"https:\/\/cablepullingmachines.com\/#\/schema\/logo\/image\/"},"sameAs":["https:\/\/www.facebook.com\/cablepullingmachines","https:\/\/www.linkedin.com\/company\/cablepullingmachines","https:\/\/www.youtube.com\/@CablePullingMachines","https:\/\/www.instagram.com\/cablepullingmachines"],"description":"Cable laying products manufacturer from Turkiye. Cable Pulling Machines and Cable Drum Trailers Producer.","email":"erkangok@allame.net","telephone":"+905337789941","legalName":"SKYPULLTECH","foundingDate":"1999-02-12","vatID":"0550635748","iso6523Code":"1555ALL2025","numberOfEmployees":{"@type":"QuantitativeValue","minValue":"11","maxValue":"50"}}]}},"amp_enabled":true,"_links":{"self":[{"href":"https:\/\/cablepullingmachines.com\/fr\/wp-json\/wp\/v2\/pages\/4798","targetHints":{"allow":["GET"]}}],"collection":[{"href":"https:\/\/cablepullingmachines.com\/fr\/wp-json\/wp\/v2\/pages"}],"about":[{"href":"https:\/\/cablepullingmachines.com\/fr\/wp-json\/wp\/v2\/types\/page"}],"author":[{"embeddable":true,"href":"https:\/\/cablepullingmachines.com\/fr\/wp-json\/wp\/v2\/users\/1"}],"replies":[{"embeddable":true,"href":"https:\/\/cablepullingmachines.com\/fr\/wp-json\/wp\/v2\/comments?post=4798"}],"version-history":[{"count":0,"href":"https:\/\/cablepullingmachines.com\/fr\/wp-json\/wp\/v2\/pages\/4798\/revisions"}],"wp:featuredmedia":[{"embeddable":true,"href":"https:\/\/cablepullingmachines.com\/fr\/wp-json\/wp\/v2\/media\/3640"}],"wp:attachment":[{"href":"https:\/\/cablepullingmachines.com\/fr\/wp-json\/wp\/v2\/media?parent=4798"}],"curies":[{"name":"wp","href":"https:\/\/api.w.org\/{rel}","templated":true}]}}