{"id":4783,"date":"2024-09-19T12:12:56","date_gmt":"2024-09-19T12:12:56","guid":{"rendered":"https:\/\/cablepullingmachines.com\/remorques-a-tambour-de-cable\/machines-de-pose-de-cables-avec-systeme-de-rails\/"},"modified":"2024-09-19T17:41:58","modified_gmt":"2024-09-19T17:41:58","slug":"machines-de-pose-de-cables-avec-systeme-de-rails","status":"publish","type":"page","link":"https:\/\/cablepullingmachines.com\/fr\/remorques-a-tambour-de-cable\/machines-de-pose-de-cables-avec-systeme-de-rails\/","title":{"rendered":"Machines de pose de c\u00e2bles avec syst\u00e8me de rails"},"content":{"rendered":"<p>[av_image src=&#8217;http:\/\/cablepullingmachines.com\/wp-content\/uploads\/2015\/12\/Cable-Drum-Trailers-for-Rail-System-02-1.jpg&#8217; attachment=&#8217;1893&#8242; attachment_size=&#8217;full&#8217; align=&#8217;center&#8217; styling=&#8221; hover=&#8221; link=&#8221; target=&#8221; caption=&#8221; font_size=&#8221; appearance=&#8221; overlay_opacity=&#8217;0.4&#8242; overlay_color=&#8217;#000000&#8242; overlay_text_color=&#8217;#ffffff&#8217; animation=&#8217;no-animation&#8217; av_uid=&#8217;av-6l4rdr&#8217;][\/av_image]<\/p>\n<p>[av_heading heading=&#8217;MACHINES DE POSE DE C\u00c2BLES AVEC SYST\u00c8ME DE RAILS&#8217; tag=&#8217;h2&#8242; style=&#8221; size=&#8221; subheading_active=&#8221; subheading_size=&#8217;15&#8217; padding=&#8217;10&#8217; color=&#8221; custom_font=&#8221; av_uid=&#8217;av-6d6tef&#8217;][\/av_heading]<\/p>\n<p>[av_textblock size=&#8221; font_color=&#8221; color=&#8221; av_uid=&#8217;av-64zfwv&#8217;]<br \/>\n&#8212;&#8212;&#8212;&#8212;&#8212;&#8211;<\/p>\n<p>For more informaiton please <a href=\"http:\/\/cablepullingmachines.com\/contact-page\/\">contact us<\/a>.<\/p>\n<h5>Detailed Photos Below;<\/h5>\n<p>[\/av_textblock]<\/p>\n<p>[av_hr class=&#8217;invisible&#8217; height=&#8217;10&#8217; shadow=&#8217;no-shadow&#8217; position=&#8217;center&#8217; custom_border=&#8217;av-border-thin&#8217; custom_width=&#8217;50px&#8217; custom_border_color=&#8221; custom_margin_top=&#8217;30px&#8217; custom_margin_bottom=&#8217;30px&#8217; icon_select=&#8217;yes&#8217; custom_icon_color=&#8221; icon=&#8217;ue808&#8242; font=&#8217;entypo-fontello&#8217; av_uid=&#8217;av-60l6dr&#8217;]<\/p>\n<p>[av_gallery ids=&#8217;1894,1895,1896,1897,1898&#8242; style=&#8217;thumbnails&#8217; preview_size=&#8217;portfolio&#8217; crop_big_preview_thumbnail=&#8217;avia-gallery-big-crop-thumb&#8217; thumb_size=&#8217;medium&#8217; columns=&#8217;5&#8242; imagelink=&#8217;lightbox&#8217; lazyload=&#8217;avia_lazyload&#8217; av_uid=&#8217;av-5wtws7&#8242;]<\/p>\n<p>[av_hr class=&#8217;short&#8217; height=&#8217;50&#8217; shadow=&#8217;no-shadow&#8217; position=&#8217;center&#8217; custom_border=&#8217;av-border-thin&#8217; custom_width=&#8217;50px&#8217; custom_border_color=&#8221; custom_margin_top=&#8217;30px&#8217; custom_margin_bottom=&#8217;30px&#8217; icon_select=&#8217;yes&#8217; custom_icon_color=&#8221; icon=&#8217;ue808&#8242; font=&#8217;entypo-fontello&#8217; av_uid=&#8217;av-5rni4v&#8217;]<\/p>\n<p>[av_heading tag=&#8217;h2&#8242; padding=&#8217;3&#8242; heading=&#8217;Sp\u00e9cifications&#8217; color=&#8221; style=&#8217;blockquote modern-quote modern-centered&#8217; custom_font=&#8221; size=&#8221; subheading_active=&#8221; subheading_size=&#8217;15&#8217; custom_class=&#8221; av_uid=&#8217;av-jycf3&#8242;][\/av_heading]<\/p>\n<p>[av_table purpose=&#8217;tabular&#8217; pricing_table_design=&#8217;avia_pricing_default&#8217; pricing_hidden_cells=&#8221; caption=&#8217;Sp\u00e9cifications&#8217; responsive_styling=&#8217;avia_responsive_table&#8217; av_uid=&#8217;av-jktjb&#8217;]<br \/>\n[av_row row_style=&#8221; av_uid=&#8217;av-55klmf&#8217;][av_cell col_style=&#8221; av_uid=&#8217;av-i334f&#8217;]Longueur (mm)<br \/>\n[\/av_cell][av_cell col_style=&#8221; av_uid=&#8217;av-hlbgn&#8217;]4500<br \/>\n[\/av_cell][\/av_row]<br \/>\n[av_row row_style=&#8221; av_uid=&#8217;av-4nqaxr&#8217;][av_cell col_style=&#8221; av_uid=&#8217;av-4ksbcn&#8217;]Largeur (mm)<br \/>\n[\/av_cell][av_cell col_style=&#8221; av_uid=&#8217;av-4djwcn&#8217;]2200<br \/>\n[\/av_cell][\/av_row]<br \/>\n[av_row row_style=&#8221; av_uid=&#8217;av-466lfb&#8217;][av_cell col_style=&#8221; av_uid=&#8217;av-42p3of&#8217;]Hauteur (mm)<br \/>\n[\/av_cell][av_cell col_style=&#8221; av_uid=&#8217;av-3xwl13&#8242;]2000<br \/>\n[\/av_cell][\/av_row]<br \/>\n[av_row row_style=&#8221; av_uid=&#8217;av-3o7lrb&#8217;][av_cell col_style=&#8221; av_uid=&#8217;av-3mzaun&#8217;]Poids \u00e0 vide (kg)<br \/>\n[\/av_cell][av_cell col_style=&#8221; av_uid=&#8217;av-3fk4sn&#8217;]2500<br \/>\n[\/av_cell][\/av_row]<br \/>\n[av_row row_style=&#8221; av_uid=&#8217;av-35qxin&#8217;][av_cell col_style=&#8221; av_uid=&#8217;av-33bea7&#8242;]Charge utile (kg)<br \/>\n[\/av_cell][av_cell col_style=&#8221; av_uid=&#8217;av-2wbzcv&#8217;]5000-8000<br \/>\n[\/av_cell][\/av_row]<br \/>\n[av_row row_style=&#8221; av_uid=&#8217;av-2s6s7r&#8217;][av_cell col_style=&#8221; av_uid=&#8217;av-2im7w7&#8242;]Poids total (kg)<br \/>\n[\/av_cell][av_cell col_style=&#8221; av_uid=&#8217;av-2fl4fb&#8217;]7500-10500<br \/>\n[\/av_cell][\/av_row]<br \/>\n[av_row row_style=&#8221; av_uid=&#8217;av-82ro7&#8242;][av_cell col_style=&#8221; av_uid=&#8217;av-20iu1r&#8217;]Frein<br \/>\n[\/av_cell][av_cell col_style=&#8221; av_uid=&#8217;av-1xvfmv&#8217;]Frein hydraulique<br \/>\n[\/av_cell][\/av_row]<br \/>\n[av_row row_style=&#8221; av_uid=&#8217;av-1s2zrz&#8217;][av_cell col_style=&#8221; av_uid=&#8217;av-1km04v&#8217;]max.<br \/>\ndiam\u00e8tre du tambour<br \/>\n(mm)<br \/>\n[\/av_cell][av_cell col_style=&#8221; av_uid=&#8217;av-1cd7pz&#8217;]2800-3000<br \/>\n[\/av_cell][\/av_row]<br \/>\n[av_row row_style=&#8221; av_uid=&#8217;av-1883nz&#8217;][av_cell col_style=&#8221; av_uid=&#8217;av-12udwf&#8217;]Largeur de chargement (mm)[\/av_cell][av_cell col_style=&#8221; av_uid=&#8217;av-wq6fj&#8217;]1750[\/av_cell][\/av_row]<br \/>\n[\/av_table]<\/p>\n<p>[av_hr class=&#8217;short&#8217; height=&#8217;50&#8217; shadow=&#8217;no-shadow&#8217; position=&#8217;center&#8217; custom_border=&#8217;av-border-thin&#8217; custom_width=&#8217;50px&#8217; custom_border_color=&#8221; custom_margin_top=&#8217;30px&#8217; custom_margin_bottom=&#8217;30px&#8217; icon_select=&#8217;yes&#8217; custom_icon_color=&#8221; icon=&#8217;ue808&#8242; font=&#8217;entypo-fontello&#8217; av_uid=&#8217;av-2uxbr&#8217;]<\/p>\n<p>[av_notification title=&#8217;Installation de c\u00e2bles avec syst\u00e8me de rails&#8217; color=&#8217;blue&#8217; border=&#8217;solid&#8217; custom_bg=&#8217;#444444&#8242; custom_font=&#8217;#ffffff&#8217; size=&#8217;large&#8217; icon_select=&#8217;yes&#8217; icon=&#8217;ue84b&#8217; font=&#8217;entypo-fontello&#8217; av_uid=&#8217;av-is6o7&#8242;]<br \/>\n&#8212;&#8212;&#8212;&#8212;&#8212;&#8212;&#8212;&#8212;&#8211;<br \/>\n[\/av_notification]<\/p>\n<p>[av_one_full first min_height=&#8221; vertical_alignment=&#8221; space=&#8221; custom_margin=&#8221; margin=&#8217;0px&#8217; padding=&#8217;0px&#8217; border=&#8221; border_color=&#8221; radius=&#8217;0px&#8217; background_color=&#8221; src=&#8221; background_position=&#8217;top left&#8217; background_repeat=&#8217;no-repeat&#8217; animation=&#8221; mobile_display=&#8221; av_uid=&#8217;av-fyzxb&#8217;]<br \/>\n[av_video src=&#8221;&#8221; format=&#8221;16:9&#8243; width=&#8221;16&#8243; height=&#8221;9&#8243; av_uid=&#8221;av-8k34n&#8221;]<br \/>\n[\/av_one_full]<\/p>\n","protected":false},"excerpt":{"rendered":"<p>[av_image src=&#8217;http:\/\/cablepullingmachines.com\/wp-content\/uploads\/2015\/12\/Cable-Drum-Trailers-for-Rail-System-02-1.jpg&#8217; attachment=&#8217;1893&#8242; attachment_size=&#8217;full&#8217; align=&#8217;center&#8217; styling=&#8221; hover=&#8221; link=&#8221; target=&#8221; caption=&#8221; font_size=&#8221; appearance=&#8221; overlay_opacity=&#8217;0.4&#8242; overlay_color=&#8217;#000000&#8242; overlay_text_color=&#8217;#ffffff&#8217; animation=&#8217;no-animation&#8217; av_uid=&#8217;av-6l4rdr&#8217;][\/av_image] [av_heading heading=&#8217;MACHINES DE POSE DE C\u00c2BLES AVEC SYST\u00c8ME DE RAILS&#8217; tag=&#8217;h2&#8242; style=&#8221; size=&#8221; subheading_active=&#8221; subheading_size=&#8217;15&#8217; padding=&#8217;10&#8217; color=&#8221; custom_font=&#8221; av_uid=&#8217;av-6d6tef&#8217;][\/av_heading] [av_textblock size=&#8221; font_color=&#8221; color=&#8221; av_uid=&#8217;av-64zfwv&#8217;] &#8212;&#8212;&#8212;&#8212;&#8212;&#8211; For more informaiton please contact us. Detailed Photos Below; [\/av_textblock] [av_hr class=&#8217;invisible&#8217; height=&#8217;10&#8217;<\/p>\n","protected":false},"author":1,"featured_media":0,"parent":4725,"menu_order":0,"comment_status":"closed","ping_status":"closed","template":"","meta":{"_joinchat":[],"footnotes":""},"class_list":["post-4783","page","type-page","status-publish","hentry"],"yoast_head":"<!-- This site is optimized with the Yoast SEO Premium plugin v27.4 (Yoast SEO v27.4) - https:\/\/yoast.com\/product\/yoast-seo-premium-wordpress\/ -->\n<title>Machines de pose de c\u00e2bles avec syst\u00e8me de rails - Cable Pulling Machines Manufacturer<\/title>\n<meta name=\"description\" content=\"Machines de pose de c\u00e2bles avec syst\u00e8me de rails - Cable Pulling Machines Manufacturer\" \/>\n<meta name=\"robots\" content=\"index, follow, max-snippet:-1, max-image-preview:large, max-video-preview:-1\" \/>\n<link rel=\"canonical\" href=\"https:\/\/cablepullingmachines.com\/fr\/remorques-a-tambour-de-cable\/machines-de-pose-de-cables-avec-systeme-de-rails\/\" \/>\n<meta property=\"og:locale\" content=\"fr_FR\" \/>\n<meta property=\"og:type\" content=\"article\" \/>\n<meta property=\"og:title\" content=\"Machines de pose de c\u00e2bles avec syst\u00e8me de rails\" \/>\n<meta property=\"og:description\" content=\"Machines de pose de c\u00e2bles avec syst\u00e8me de rails - Cable Pulling Machines Manufacturer\" \/>\n<meta property=\"og:url\" content=\"https:\/\/cablepullingmachines.com\/fr\/remorques-a-tambour-de-cable\/machines-de-pose-de-cables-avec-systeme-de-rails\/\" \/>\n<meta property=\"og:site_name\" content=\"Cable Pulling Machines Manufacturer\" \/>\n<meta property=\"article:publisher\" content=\"https:\/\/www.facebook.com\/cablepullingmachines\" \/>\n<meta property=\"article:modified_time\" content=\"2024-09-19T17:41:58+00:00\" \/>\n<meta property=\"og:image\" content=\"https:\/\/cablepullingmachines.com\/wp-content\/uploads\/2025\/02\/Full-Hydraulic-Cable-Drum-Trailers-30-tons.webp\" \/>\n\t<meta property=\"og:image:width\" content=\"1010\" \/>\n\t<meta property=\"og:image:height\" content=\"617\" \/>\n\t<meta property=\"og:image:type\" content=\"image\/webp\" \/>\n<meta name=\"twitter:card\" content=\"summary_large_image\" \/>\n<meta name=\"twitter:label1\" content=\"Dur\u00e9e de lecture estim\u00e9e\" \/>\n\t<meta name=\"twitter:data1\" content=\"4 minutes\" \/>\n<script type=\"application\/ld+json\" class=\"yoast-schema-graph\">{\"@context\":\"https:\\\/\\\/schema.org\",\"@graph\":[{\"@type\":\"WebPage\",\"@id\":\"https:\\\/\\\/cablepullingmachines.com\\\/fr\\\/remorques-a-tambour-de-cable\\\/machines-de-pose-de-cables-avec-systeme-de-rails\\\/\",\"url\":\"https:\\\/\\\/cablepullingmachines.com\\\/fr\\\/remorques-a-tambour-de-cable\\\/machines-de-pose-de-cables-avec-systeme-de-rails\\\/\",\"name\":\"Machines de pose de c\u00e2bles avec syst\u00e8me de rails - Cable Pulling Machines Manufacturer\",\"isPartOf\":{\"@id\":\"https:\\\/\\\/cablepullingmachines.com\\\/#website\"},\"datePublished\":\"2024-09-19T12:12:56+00:00\",\"dateModified\":\"2024-09-19T17:41:58+00:00\",\"description\":\"Machines de pose de c\u00e2bles avec syst\u00e8me de rails - Cable Pulling Machines Manufacturer\",\"breadcrumb\":{\"@id\":\"https:\\\/\\\/cablepullingmachines.com\\\/fr\\\/remorques-a-tambour-de-cable\\\/machines-de-pose-de-cables-avec-systeme-de-rails\\\/#breadcrumb\"},\"inLanguage\":\"fr-FR\",\"potentialAction\":[{\"@type\":\"ReadAction\",\"target\":[\"https:\\\/\\\/cablepullingmachines.com\\\/fr\\\/remorques-a-tambour-de-cable\\\/machines-de-pose-de-cables-avec-systeme-de-rails\\\/\"]}]},{\"@type\":\"BreadcrumbList\",\"@id\":\"https:\\\/\\\/cablepullingmachines.com\\\/fr\\\/remorques-a-tambour-de-cable\\\/machines-de-pose-de-cables-avec-systeme-de-rails\\\/#breadcrumb\",\"itemListElement\":[{\"@type\":\"ListItem\",\"position\":1,\"name\":\"Home\",\"item\":\"https:\\\/\\\/cablepullingmachines.com\\\/fr\\\/a\\\/\"},{\"@type\":\"ListItem\",\"position\":2,\"name\":\"Remorques \u00e0 tambour de c\u00e2ble\",\"item\":\"https:\\\/\\\/cablepullingmachines.com\\\/fr\\\/?page_id=4725\"},{\"@type\":\"ListItem\",\"position\":3,\"name\":\"Machines de pose de c\u00e2bles avec syst\u00e8me de rails\"}]},{\"@type\":\"WebSite\",\"@id\":\"https:\\\/\\\/cablepullingmachines.com\\\/#website\",\"url\":\"https:\\\/\\\/cablepullingmachines.com\\\/\",\"name\":\"Cable Pulling Machines and Cable Drum Trailers\",\"description\":\"Cable Pulling Machines, Winches, Cable Drum Trailers\",\"publisher\":{\"@id\":\"https:\\\/\\\/cablepullingmachines.com\\\/#organization\"},\"alternateName\":\"Cable Drum Trailers Manufacturer\",\"potentialAction\":[{\"@type\":\"SearchAction\",\"target\":{\"@type\":\"EntryPoint\",\"urlTemplate\":\"https:\\\/\\\/cablepullingmachines.com\\\/?s={search_term_string}\"},\"query-input\":{\"@type\":\"PropertyValueSpecification\",\"valueRequired\":true,\"valueName\":\"search_term_string\"}}],\"inLanguage\":\"fr-FR\"},{\"@type\":\"Organization\",\"@id\":\"https:\\\/\\\/cablepullingmachines.com\\\/#organization\",\"name\":\"Allame Makina Ltd Sti\",\"alternateName\":\"Cable Drum Trailers Manufacturer\",\"url\":\"https:\\\/\\\/cablepullingmachines.com\\\/\",\"logo\":{\"@type\":\"ImageObject\",\"inLanguage\":\"fr-FR\",\"@id\":\"https:\\\/\\\/cablepullingmachines.com\\\/#\\\/schema\\\/logo\\\/image\\\/\",\"url\":\"https:\\\/\\\/cablepullingmachines.com\\\/wp-content\\\/uploads\\\/2015\\\/10\\\/logo.jpg\",\"contentUrl\":\"https:\\\/\\\/cablepullingmachines.com\\\/wp-content\\\/uploads\\\/2015\\\/10\\\/logo.jpg\",\"width\":300,\"height\":140,\"caption\":\"Allame Makina Ltd Sti\"},\"image\":{\"@id\":\"https:\\\/\\\/cablepullingmachines.com\\\/#\\\/schema\\\/logo\\\/image\\\/\"},\"sameAs\":[\"https:\\\/\\\/www.facebook.com\\\/cablepullingmachines\",\"https:\\\/\\\/www.linkedin.com\\\/company\\\/cablepullingmachines\",\"https:\\\/\\\/www.youtube.com\\\/@CablePullingMachines\",\"https:\\\/\\\/www.instagram.com\\\/cablepullingmachines\"],\"description\":\"Cable laying products manufacturer from Turkiye. Cable Pulling Machines and Cable Drum Trailers Producer.\",\"email\":\"erkangok@allame.net\",\"telephone\":\"+905337789941\",\"legalName\":\"SKYPULLTECH\",\"foundingDate\":\"1999-02-12\",\"vatID\":\"0550635748\",\"iso6523Code\":\"1555ALL2025\",\"numberOfEmployees\":{\"@type\":\"QuantitativeValue\",\"minValue\":\"11\",\"maxValue\":\"50\"}}]}<\/script>\n<!-- \/ Yoast SEO Premium plugin. -->","yoast_head_json":{"title":"Machines de pose de c\u00e2bles avec syst\u00e8me de rails - Cable Pulling Machines Manufacturer","description":"Machines de pose de c\u00e2bles avec syst\u00e8me de rails - Cable Pulling Machines Manufacturer","robots":{"index":"index","follow":"follow","max-snippet":"max-snippet:-1","max-image-preview":"max-image-preview:large","max-video-preview":"max-video-preview:-1"},"canonical":"https:\/\/cablepullingmachines.com\/fr\/remorques-a-tambour-de-cable\/machines-de-pose-de-cables-avec-systeme-de-rails\/","og_locale":"fr_FR","og_type":"article","og_title":"Machines de pose de c\u00e2bles avec syst\u00e8me de rails","og_description":"Machines de pose de c\u00e2bles avec syst\u00e8me de rails - Cable Pulling Machines Manufacturer","og_url":"https:\/\/cablepullingmachines.com\/fr\/remorques-a-tambour-de-cable\/machines-de-pose-de-cables-avec-systeme-de-rails\/","og_site_name":"Cable Pulling Machines Manufacturer","article_publisher":"https:\/\/www.facebook.com\/cablepullingmachines","article_modified_time":"2024-09-19T17:41:58+00:00","og_image":[{"width":1010,"height":617,"url":"https:\/\/cablepullingmachines.com\/wp-content\/uploads\/2025\/02\/Full-Hydraulic-Cable-Drum-Trailers-30-tons.webp","type":"image\/webp"}],"twitter_card":"summary_large_image","twitter_misc":{"Dur\u00e9e de lecture estim\u00e9e":"4 minutes"},"schema":{"@context":"https:\/\/schema.org","@graph":[{"@type":"WebPage","@id":"https:\/\/cablepullingmachines.com\/fr\/remorques-a-tambour-de-cable\/machines-de-pose-de-cables-avec-systeme-de-rails\/","url":"https:\/\/cablepullingmachines.com\/fr\/remorques-a-tambour-de-cable\/machines-de-pose-de-cables-avec-systeme-de-rails\/","name":"Machines de pose de c\u00e2bles avec syst\u00e8me de rails - Cable Pulling Machines Manufacturer","isPartOf":{"@id":"https:\/\/cablepullingmachines.com\/#website"},"datePublished":"2024-09-19T12:12:56+00:00","dateModified":"2024-09-19T17:41:58+00:00","description":"Machines de pose de c\u00e2bles avec syst\u00e8me de rails - Cable Pulling Machines Manufacturer","breadcrumb":{"@id":"https:\/\/cablepullingmachines.com\/fr\/remorques-a-tambour-de-cable\/machines-de-pose-de-cables-avec-systeme-de-rails\/#breadcrumb"},"inLanguage":"fr-FR","potentialAction":[{"@type":"ReadAction","target":["https:\/\/cablepullingmachines.com\/fr\/remorques-a-tambour-de-cable\/machines-de-pose-de-cables-avec-systeme-de-rails\/"]}]},{"@type":"BreadcrumbList","@id":"https:\/\/cablepullingmachines.com\/fr\/remorques-a-tambour-de-cable\/machines-de-pose-de-cables-avec-systeme-de-rails\/#breadcrumb","itemListElement":[{"@type":"ListItem","position":1,"name":"Home","item":"https:\/\/cablepullingmachines.com\/fr\/a\/"},{"@type":"ListItem","position":2,"name":"Remorques \u00e0 tambour de c\u00e2ble","item":"https:\/\/cablepullingmachines.com\/fr\/?page_id=4725"},{"@type":"ListItem","position":3,"name":"Machines de pose de c\u00e2bles avec syst\u00e8me de rails"}]},{"@type":"WebSite","@id":"https:\/\/cablepullingmachines.com\/#website","url":"https:\/\/cablepullingmachines.com\/","name":"Cable Pulling Machines and Cable Drum Trailers","description":"Cable Pulling Machines, Winches, Cable Drum Trailers","publisher":{"@id":"https:\/\/cablepullingmachines.com\/#organization"},"alternateName":"Cable Drum Trailers Manufacturer","potentialAction":[{"@type":"SearchAction","target":{"@type":"EntryPoint","urlTemplate":"https:\/\/cablepullingmachines.com\/?s={search_term_string}"},"query-input":{"@type":"PropertyValueSpecification","valueRequired":true,"valueName":"search_term_string"}}],"inLanguage":"fr-FR"},{"@type":"Organization","@id":"https:\/\/cablepullingmachines.com\/#organization","name":"Allame Makina Ltd Sti","alternateName":"Cable Drum Trailers Manufacturer","url":"https:\/\/cablepullingmachines.com\/","logo":{"@type":"ImageObject","inLanguage":"fr-FR","@id":"https:\/\/cablepullingmachines.com\/#\/schema\/logo\/image\/","url":"https:\/\/cablepullingmachines.com\/wp-content\/uploads\/2015\/10\/logo.jpg","contentUrl":"https:\/\/cablepullingmachines.com\/wp-content\/uploads\/2015\/10\/logo.jpg","width":300,"height":140,"caption":"Allame Makina Ltd Sti"},"image":{"@id":"https:\/\/cablepullingmachines.com\/#\/schema\/logo\/image\/"},"sameAs":["https:\/\/www.facebook.com\/cablepullingmachines","https:\/\/www.linkedin.com\/company\/cablepullingmachines","https:\/\/www.youtube.com\/@CablePullingMachines","https:\/\/www.instagram.com\/cablepullingmachines"],"description":"Cable laying products manufacturer from Turkiye. Cable Pulling Machines and Cable Drum Trailers Producer.","email":"erkangok@allame.net","telephone":"+905337789941","legalName":"SKYPULLTECH","foundingDate":"1999-02-12","vatID":"0550635748","iso6523Code":"1555ALL2025","numberOfEmployees":{"@type":"QuantitativeValue","minValue":"11","maxValue":"50"}}]}},"amp_enabled":true,"_links":{"self":[{"href":"https:\/\/cablepullingmachines.com\/fr\/wp-json\/wp\/v2\/pages\/4783","targetHints":{"allow":["GET"]}}],"collection":[{"href":"https:\/\/cablepullingmachines.com\/fr\/wp-json\/wp\/v2\/pages"}],"about":[{"href":"https:\/\/cablepullingmachines.com\/fr\/wp-json\/wp\/v2\/types\/page"}],"author":[{"embeddable":true,"href":"https:\/\/cablepullingmachines.com\/fr\/wp-json\/wp\/v2\/users\/1"}],"replies":[{"embeddable":true,"href":"https:\/\/cablepullingmachines.com\/fr\/wp-json\/wp\/v2\/comments?post=4783"}],"version-history":[{"count":0,"href":"https:\/\/cablepullingmachines.com\/fr\/wp-json\/wp\/v2\/pages\/4783\/revisions"}],"up":[{"embeddable":true,"href":"https:\/\/cablepullingmachines.com\/fr\/wp-json\/wp\/v2\/pages\/4725"}],"wp:attachment":[{"href":"https:\/\/cablepullingmachines.com\/fr\/wp-json\/wp\/v2\/media?parent=4783"}],"curies":[{"name":"wp","href":"https:\/\/api.w.org\/{rel}","templated":true}]}}