{"id":4770,"date":"2024-09-19T12:12:53","date_gmt":"2024-09-19T12:12:53","guid":{"rendered":"https:\/\/cablepullingmachines.com\/accessoires-de-pose-de-cables\/crics-hydrauliques-pour-tambour-de-cable\/"},"modified":"2024-09-19T12:12:53","modified_gmt":"2024-09-19T12:12:53","slug":"crics-hydrauliques-pour-tambour-de-cable","status":"publish","type":"page","link":"https:\/\/cablepullingmachines.com\/fr\/accessoires-de-pose-de-cables\/crics-hydrauliques-pour-tambour-de-cable\/","title":{"rendered":"Crics hydrauliques pour tambour de c\u00e2ble"},"content":{"rendered":"<h1>Crics hydrauliques pour tambour de c\u00e2ble<\/h1>\n<p>&nbsp;<\/p>\n<div class=\"ce_text block\">\n<figure class=\"image_container float_left\"><figure id=\"attachment_611\" aria-describedby=\"caption-attachment-611\" style=\"width: 176px\" class=\"wp-caption aligncenter\"><img decoding=\"async\" class=\"size-full wp-image-611 lazyload\" data-src=\"http:\/\/cablepullingmachines.com\/wp-content\/uploads\/2015\/12\/HYDRAULIC-CABLE-DRUM-JACKS.jpg\" alt=\"V\u00c9RINS HYDRAULIQUES \u00c0 TAMBOUR\" width=\"176\" height=\"225\" src=\"data:image\/svg+xml;base64,PHN2ZyB3aWR0aD0iMSIgaGVpZ2h0PSIxIiB4bWxucz0iaHR0cDovL3d3dy53My5vcmcvMjAwMC9zdmciPjwvc3ZnPg==\" style=\"--smush-placeholder-width: 176px; --smush-placeholder-aspect-ratio: 176\/225;\"><figcaption id=\"caption-attachment-611\" class=\"wp-caption-text\">CRICS HYDRAULIQUES POUR TOURETS DE C\u00c2BLES<\/figcaption><\/figure><\/figure>\n<p><strong>Crics de levage hydrauliques pour tourets de c\u00e2bles, galvanis\u00e9s <\/strong>avec griffes enfichables pour tourets de c\u00e2bles, version mobile Fig.. : Crics de levage hydrauliques et arbre en acier avec paliers lisses et colliers de fixation  <\/p>\n<table>\n<tbody>\n<tr>\n<th><strong>Dia.<br \/>\nTambour <\/strong><\/th>\n<th><strong>Charge\/Pa1r<\/strong><\/th>\n<th><strong>Poids<\/strong><\/th>\n<\/tr>\n<tr>\n<td>900 &#8211; 2 200 mm<\/td>\n<td>6 t<\/td>\n<td>50 kg<\/td>\n<\/tr>\n<tr>\n<td>900 &#8211; 3 200 mm<\/td>\n<td>10 t<\/td>\n<td>96 kg<\/td>\n<\/tr>\n<tr>\n<td>900 &#8211; 3 200 mm<\/td>\n<td>20 t<\/td>\n<td>102 kg<\/td>\n<\/tr>\n<\/tbody>\n<\/table>\n<\/div>\n<div class=\"ce_text block\">\n<figure class=\"image_container float_left\"><figure id=\"attachment_612\" aria-describedby=\"caption-attachment-612\" style=\"width: 225px\" class=\"wp-caption aligncenter\"><img decoding=\"async\" class=\"size-full wp-image-612 lazyload\" data-src=\"http:\/\/cablepullingmachines.com\/wp-content\/uploads\/2015\/12\/HYDRAULIC-CABLE-DRUM-JACKS-2.jpg\" alt=\"V\u00c9RINS HYDRAULIQUES \u00c0 TAMBOUR\" width=\"225\" height=\"158\" src=\"data:image\/svg+xml;base64,PHN2ZyB3aWR0aD0iMSIgaGVpZ2h0PSIxIiB4bWxucz0iaHR0cDovL3d3dy53My5vcmcvMjAwMC9zdmciPjwvc3ZnPg==\" style=\"--smush-placeholder-width: 225px; --smush-placeholder-aspect-ratio: 225\/158;\"><figcaption id=\"caption-attachment-612\" class=\"wp-caption-text\"><em><strong>CRICS HYDRAULIQUES POUR TOURETS DE C\u00c2BLES<\/strong><\/em><\/figcaption><\/figure><\/figure>\n<p><strong>Crics de levage hydrauliques pour tourets de c\u00e2bles <\/strong>avec griffes d&#8217;axe de <strong>touret <\/strong>centralis\u00e9es et griffes d&#8217;axe de touret \u00e0 hauteur variable fix\u00e9es lat\u00e9ralement Fig.. : Crics de levage hydrauliques avec arbre en acier et brides de fixation  <\/p>\n<table>\n<tbody>\n<tr>\n<th>Dia.<br \/>\nTambour <\/th>\n<th>Charge\/Paire<\/th>\n<th>Poids<\/th>\n<\/tr>\n<tr>\n<td>2 000 &#8211; 3 900 mm<\/td>\n<td>30 t<\/td>\n<td>217 kg<\/td>\n<\/tr>\n<tr>\n<td>2 000 &#8211; 3 900 mm<\/td>\n<td>40 t<\/td>\n<td>220 kg<\/td>\n<\/tr>\n<\/tbody>\n<\/table>\n<p><span style=\"color: #ffffff;\">EN DINDE EN DINDE EN DINDE EN DINDE EN DINDE EN DINDE EN DINDE EN DINDE EN DINDE EN DINDE EN DINDE EN DINDE EN DINDE EN DINDE EN DINDE EN DINDE EN DINDE EN DINDE EN DINDE EN DINDE EN DINDE EN DINDE EN DINDE EN DINDE EN DINDE EN DINDE EN DINDE EN DINDE EN DINDE EN DINDE EN DINDE EN DINDE EN DINDE EN DINDE EN DINDE EN DINDE EN DINDE EN DINDE EN DINDE EN DINDE LA DINDE LA DINDE LA DINDE LA DINDE LA DINDE LA DINDE LA DINDE LA DINDE LA DINDE LA DINDE LA DINDE LA DINDE LA DINDE LA DINDE LA DINDE LA DINDE LA DINDE LA DINDE LA DINDE LA DINDE LA DINDE LA DINDE LA DINDE LA DINDE<\/span><\/p>\n<\/div>\n","protected":false},"excerpt":{"rendered":"<p>Crics hydrauliques pour tambour de c\u00e2ble &nbsp; Crics de levage hydrauliques pour tourets de c\u00e2bles, galvanis\u00e9s avec griffes enfichables pour tourets de c\u00e2bles, version mobile Fig.. : Crics de levage hydrauliques et arbre en acier avec paliers lisses et colliers de fixation Dia. Tambour Charge\/Pa1r Poids 900 &#8211; 2 200 mm 6 t 50 kg<\/p>\n","protected":false},"author":1,"featured_media":0,"parent":4737,"menu_order":0,"comment_status":"closed","ping_status":"closed","template":"","meta":{"_joinchat":[],"footnotes":""},"class_list":["post-4770","page","type-page","status-publish","hentry"],"yoast_head":"<!-- This site is optimized with the Yoast SEO Premium plugin v26.8 (Yoast SEO v27.0) - https:\/\/yoast.com\/product\/yoast-seo-premium-wordpress\/ -->\n<title>Crics hydrauliques pour tambour de c\u00e2ble - Cable Pulling Machines Manufacturer<\/title>\n<meta name=\"description\" content=\"Crics hydrauliques pour tambour de c\u00e2ble - Cable Pulling Machines Manufacturer\" \/>\n<meta name=\"robots\" content=\"index, follow, max-snippet:-1, max-image-preview:large, max-video-preview:-1\" \/>\n<link rel=\"canonical\" href=\"https:\/\/cablepullingmachines.com\/fr\/?page_id=4770\" \/>\n<meta property=\"og:locale\" content=\"fr_FR\" \/>\n<meta property=\"og:type\" content=\"article\" \/>\n<meta property=\"og:title\" content=\"Crics hydrauliques pour tambour de c\u00e2ble\" \/>\n<meta property=\"og:description\" content=\"Crics hydrauliques pour tambour de c\u00e2ble - Cable Pulling Machines Manufacturer\" \/>\n<meta property=\"og:url\" content=\"https:\/\/cablepullingmachines.com\/fr\/?page_id=4770\" \/>\n<meta property=\"og:site_name\" content=\"Cable Pulling Machines Manufacturer\" \/>\n<meta property=\"article:publisher\" content=\"https:\/\/www.facebook.com\/cablepullingmachines\" \/>\n<meta property=\"og:image\" content=\"http:\/\/cablepullingmachines.com\/wp-content\/uploads\/2015\/12\/HYDRAULIC-CABLE-DRUM-JACKS.jpg\" \/>\n<meta name=\"twitter:card\" content=\"summary_large_image\" \/>\n<meta name=\"twitter:label1\" content=\"Dur\u00e9e de lecture estim\u00e9e\" \/>\n\t<meta name=\"twitter:data1\" content=\"1 minute\" \/>\n<script type=\"application\/ld+json\" class=\"yoast-schema-graph\">{\"@context\":\"https:\/\/schema.org\",\"@graph\":[{\"@type\":\"WebPage\",\"@id\":\"https:\/\/cablepullingmachines.com\/fr\/?page_id=4770\",\"url\":\"https:\/\/cablepullingmachines.com\/fr\/?page_id=4770\",\"name\":\"Crics hydrauliques pour tambour de c\u00e2ble - Cable Pulling Machines Manufacturer\",\"isPartOf\":{\"@id\":\"https:\/\/cablepullingmachines.com\/#website\"},\"primaryImageOfPage\":{\"@id\":\"https:\/\/cablepullingmachines.com\/fr\/?page_id=4770#primaryimage\"},\"image\":{\"@id\":\"https:\/\/cablepullingmachines.com\/fr\/?page_id=4770#primaryimage\"},\"thumbnailUrl\":\"http:\/\/cablepullingmachines.com\/wp-content\/uploads\/2015\/12\/HYDRAULIC-CABLE-DRUM-JACKS.jpg\",\"datePublished\":\"2024-09-19T12:12:53+00:00\",\"description\":\"Crics hydrauliques pour tambour de c\u00e2ble - Cable Pulling Machines Manufacturer\",\"breadcrumb\":{\"@id\":\"https:\/\/cablepullingmachines.com\/fr\/?page_id=4770#breadcrumb\"},\"inLanguage\":\"fr-FR\",\"potentialAction\":[{\"@type\":\"ReadAction\",\"target\":[\"https:\/\/cablepullingmachines.com\/fr\/?page_id=4770\"]}]},{\"@type\":\"ImageObject\",\"inLanguage\":\"fr-FR\",\"@id\":\"https:\/\/cablepullingmachines.com\/fr\/?page_id=4770#primaryimage\",\"url\":\"http:\/\/cablepullingmachines.com\/wp-content\/uploads\/2015\/12\/HYDRAULIC-CABLE-DRUM-JACKS.jpg\",\"contentUrl\":\"http:\/\/cablepullingmachines.com\/wp-content\/uploads\/2015\/12\/HYDRAULIC-CABLE-DRUM-JACKS.jpg\"},{\"@type\":\"BreadcrumbList\",\"@id\":\"https:\/\/cablepullingmachines.com\/fr\/?page_id=4770#breadcrumb\",\"itemListElement\":[{\"@type\":\"ListItem\",\"position\":1,\"name\":\"Home\",\"item\":\"https:\/\/cablepullingmachines.com\/fr\/a\/\"},{\"@type\":\"ListItem\",\"position\":2,\"name\":\"Accessoires de pose de c\u00e2bles\",\"item\":\"https:\/\/cablepullingmachines.com\/fr\/?page_id=4737\"},{\"@type\":\"ListItem\",\"position\":3,\"name\":\"Crics hydrauliques pour tambour de c\u00e2ble\"}]},{\"@type\":\"WebSite\",\"@id\":\"https:\/\/cablepullingmachines.com\/#website\",\"url\":\"https:\/\/cablepullingmachines.com\/\",\"name\":\"Cable Pulling Machines and Cable Drum Trailers\",\"description\":\"Cable Pulling Machines, Winches, Cable Drum Trailers\",\"publisher\":{\"@id\":\"https:\/\/cablepullingmachines.com\/#organization\"},\"alternateName\":\"Cable Drum Trailers Manufacturer\",\"potentialAction\":[{\"@type\":\"SearchAction\",\"target\":{\"@type\":\"EntryPoint\",\"urlTemplate\":\"https:\/\/cablepullingmachines.com\/?s={search_term_string}\"},\"query-input\":{\"@type\":\"PropertyValueSpecification\",\"valueRequired\":true,\"valueName\":\"search_term_string\"}}],\"inLanguage\":\"fr-FR\"},{\"@type\":\"Organization\",\"@id\":\"https:\/\/cablepullingmachines.com\/#organization\",\"name\":\"Allame Makina Ltd Sti\",\"alternateName\":\"Cable Drum Trailers Manufacturer\",\"url\":\"https:\/\/cablepullingmachines.com\/\",\"logo\":{\"@type\":\"ImageObject\",\"inLanguage\":\"fr-FR\",\"@id\":\"https:\/\/cablepullingmachines.com\/#\/schema\/logo\/image\/\",\"url\":\"https:\/\/cablepullingmachines.com\/wp-content\/uploads\/2015\/10\/logo.jpg\",\"contentUrl\":\"https:\/\/cablepullingmachines.com\/wp-content\/uploads\/2015\/10\/logo.jpg\",\"width\":300,\"height\":140,\"caption\":\"Allame Makina Ltd Sti\"},\"image\":{\"@id\":\"https:\/\/cablepullingmachines.com\/#\/schema\/logo\/image\/\"},\"sameAs\":[\"https:\/\/www.facebook.com\/cablepullingmachines\",\"https:\/\/www.linkedin.com\/company\/cablepullingmachines\",\"https:\/\/www.youtube.com\/@CablePullingMachines\",\"https:\/\/www.instagram.com\/cablepullingmachines\"],\"description\":\"Cable laying products manufacturer from Turkiye. Cable Pulling Machines and Cable Drum Trailers Producer.\",\"email\":\"erkangok@allame.net\",\"telephone\":\"+905337789941\",\"legalName\":\"SKYPULLTECH\",\"foundingDate\":\"1999-02-12\",\"vatID\":\"0550635748\",\"iso6523Code\":\"1555ALL2025\",\"numberOfEmployees\":{\"@type\":\"QuantitativeValue\",\"minValue\":\"11\",\"maxValue\":\"50\"}}]}<\/script>\n<!-- \/ Yoast SEO Premium plugin. -->","yoast_head_json":{"title":"Crics hydrauliques pour tambour de c\u00e2ble - Cable Pulling Machines Manufacturer","description":"Crics hydrauliques pour tambour de c\u00e2ble - Cable Pulling Machines Manufacturer","robots":{"index":"index","follow":"follow","max-snippet":"max-snippet:-1","max-image-preview":"max-image-preview:large","max-video-preview":"max-video-preview:-1"},"canonical":"https:\/\/cablepullingmachines.com\/fr\/?page_id=4770","og_locale":"fr_FR","og_type":"article","og_title":"Crics hydrauliques pour tambour de c\u00e2ble","og_description":"Crics hydrauliques pour tambour de c\u00e2ble - Cable Pulling Machines Manufacturer","og_url":"https:\/\/cablepullingmachines.com\/fr\/?page_id=4770","og_site_name":"Cable Pulling Machines Manufacturer","article_publisher":"https:\/\/www.facebook.com\/cablepullingmachines","og_image":[{"url":"http:\/\/cablepullingmachines.com\/wp-content\/uploads\/2015\/12\/HYDRAULIC-CABLE-DRUM-JACKS.jpg","type":"","width":"","height":""}],"twitter_card":"summary_large_image","twitter_misc":{"Dur\u00e9e de lecture estim\u00e9e":"1 minute"},"schema":{"@context":"https:\/\/schema.org","@graph":[{"@type":"WebPage","@id":"https:\/\/cablepullingmachines.com\/fr\/?page_id=4770","url":"https:\/\/cablepullingmachines.com\/fr\/?page_id=4770","name":"Crics hydrauliques pour tambour de c\u00e2ble - Cable Pulling Machines Manufacturer","isPartOf":{"@id":"https:\/\/cablepullingmachines.com\/#website"},"primaryImageOfPage":{"@id":"https:\/\/cablepullingmachines.com\/fr\/?page_id=4770#primaryimage"},"image":{"@id":"https:\/\/cablepullingmachines.com\/fr\/?page_id=4770#primaryimage"},"thumbnailUrl":"http:\/\/cablepullingmachines.com\/wp-content\/uploads\/2015\/12\/HYDRAULIC-CABLE-DRUM-JACKS.jpg","datePublished":"2024-09-19T12:12:53+00:00","description":"Crics hydrauliques pour tambour de c\u00e2ble - Cable Pulling Machines Manufacturer","breadcrumb":{"@id":"https:\/\/cablepullingmachines.com\/fr\/?page_id=4770#breadcrumb"},"inLanguage":"fr-FR","potentialAction":[{"@type":"ReadAction","target":["https:\/\/cablepullingmachines.com\/fr\/?page_id=4770"]}]},{"@type":"ImageObject","inLanguage":"fr-FR","@id":"https:\/\/cablepullingmachines.com\/fr\/?page_id=4770#primaryimage","url":"http:\/\/cablepullingmachines.com\/wp-content\/uploads\/2015\/12\/HYDRAULIC-CABLE-DRUM-JACKS.jpg","contentUrl":"http:\/\/cablepullingmachines.com\/wp-content\/uploads\/2015\/12\/HYDRAULIC-CABLE-DRUM-JACKS.jpg"},{"@type":"BreadcrumbList","@id":"https:\/\/cablepullingmachines.com\/fr\/?page_id=4770#breadcrumb","itemListElement":[{"@type":"ListItem","position":1,"name":"Home","item":"https:\/\/cablepullingmachines.com\/fr\/a\/"},{"@type":"ListItem","position":2,"name":"Accessoires de pose de c\u00e2bles","item":"https:\/\/cablepullingmachines.com\/fr\/?page_id=4737"},{"@type":"ListItem","position":3,"name":"Crics hydrauliques pour tambour de c\u00e2ble"}]},{"@type":"WebSite","@id":"https:\/\/cablepullingmachines.com\/#website","url":"https:\/\/cablepullingmachines.com\/","name":"Cable Pulling Machines and Cable Drum Trailers","description":"Cable Pulling Machines, Winches, Cable Drum Trailers","publisher":{"@id":"https:\/\/cablepullingmachines.com\/#organization"},"alternateName":"Cable Drum Trailers Manufacturer","potentialAction":[{"@type":"SearchAction","target":{"@type":"EntryPoint","urlTemplate":"https:\/\/cablepullingmachines.com\/?s={search_term_string}"},"query-input":{"@type":"PropertyValueSpecification","valueRequired":true,"valueName":"search_term_string"}}],"inLanguage":"fr-FR"},{"@type":"Organization","@id":"https:\/\/cablepullingmachines.com\/#organization","name":"Allame Makina Ltd Sti","alternateName":"Cable Drum Trailers Manufacturer","url":"https:\/\/cablepullingmachines.com\/","logo":{"@type":"ImageObject","inLanguage":"fr-FR","@id":"https:\/\/cablepullingmachines.com\/#\/schema\/logo\/image\/","url":"https:\/\/cablepullingmachines.com\/wp-content\/uploads\/2015\/10\/logo.jpg","contentUrl":"https:\/\/cablepullingmachines.com\/wp-content\/uploads\/2015\/10\/logo.jpg","width":300,"height":140,"caption":"Allame Makina Ltd Sti"},"image":{"@id":"https:\/\/cablepullingmachines.com\/#\/schema\/logo\/image\/"},"sameAs":["https:\/\/www.facebook.com\/cablepullingmachines","https:\/\/www.linkedin.com\/company\/cablepullingmachines","https:\/\/www.youtube.com\/@CablePullingMachines","https:\/\/www.instagram.com\/cablepullingmachines"],"description":"Cable laying products manufacturer from Turkiye. Cable Pulling Machines and Cable Drum Trailers Producer.","email":"erkangok@allame.net","telephone":"+905337789941","legalName":"SKYPULLTECH","foundingDate":"1999-02-12","vatID":"0550635748","iso6523Code":"1555ALL2025","numberOfEmployees":{"@type":"QuantitativeValue","minValue":"11","maxValue":"50"}}]}},"amp_enabled":true,"_links":{"self":[{"href":"https:\/\/cablepullingmachines.com\/fr\/wp-json\/wp\/v2\/pages\/4770","targetHints":{"allow":["GET"]}}],"collection":[{"href":"https:\/\/cablepullingmachines.com\/fr\/wp-json\/wp\/v2\/pages"}],"about":[{"href":"https:\/\/cablepullingmachines.com\/fr\/wp-json\/wp\/v2\/types\/page"}],"author":[{"embeddable":true,"href":"https:\/\/cablepullingmachines.com\/fr\/wp-json\/wp\/v2\/users\/1"}],"replies":[{"embeddable":true,"href":"https:\/\/cablepullingmachines.com\/fr\/wp-json\/wp\/v2\/comments?post=4770"}],"version-history":[{"count":0,"href":"https:\/\/cablepullingmachines.com\/fr\/wp-json\/wp\/v2\/pages\/4770\/revisions"}],"up":[{"embeddable":true,"href":"https:\/\/cablepullingmachines.com\/fr\/wp-json\/wp\/v2\/pages\/4737"}],"wp:attachment":[{"href":"https:\/\/cablepullingmachines.com\/fr\/wp-json\/wp\/v2\/media?parent=4770"}],"curies":[{"name":"wp","href":"https:\/\/api.w.org\/{rel}","templated":true}]}}