{"id":4745,"date":"2024-09-19T12:12:45","date_gmt":"2024-09-19T12:12:45","guid":{"rendered":"https:\/\/cablepullingmachines.com\/accessoires-de-pose-de-cables\/rouleaux-pour-cables-et-tuyaux\/"},"modified":"2024-09-19T12:12:46","modified_gmt":"2024-09-19T12:12:46","slug":"rouleaux-pour-cables-et-tuyaux","status":"publish","type":"page","link":"https:\/\/cablepullingmachines.com\/fr\/accessoires-de-pose-de-cables\/rouleaux-pour-cables-et-tuyaux\/","title":{"rendered":"Rouleaux pour c\u00e2bles et tuyaux"},"content":{"rendered":"<h1>Rouleaux pour c\u00e2bles et tuyaux<\/h1>\n<div id=\"cable-and-pipe-rollers\" class=\"mod_article block\">\n<p> <figure id=\"attachment_558\" aria-describedby=\"caption-attachment-558\" style=\"width: 225px\" class=\"wp-caption aligncenter\"><img decoding=\"async\" class=\"wp-image-558 size-full lazyload\" data-src=\"http:\/\/cablepullingmachines.com\/wp-content\/uploads\/2015\/12\/Cable-Roller-Standard-Galvanized.jpg\" alt=\"rouleau de c\u00e2ble-\u00e9talon-galvanis\u00e9\" width=\"225\" height=\"84\" src=\"data:image\/svg+xml;base64,PHN2ZyB3aWR0aD0iMSIgaGVpZ2h0PSIxIiB4bWxucz0iaHR0cDovL3d3dy53My5vcmcvMjAwMC9zdmciPjwvc3ZnPg==\" style=\"--smush-placeholder-width: 225px; --smush-placeholder-aspect-ratio: 225\/84;\"><figcaption id=\"caption-attachment-558\" class=\"wp-caption-text\">rouleaux pour c\u00e2bles et tuyaux standard-galvanis\u00e9<\/figcaption><\/figure><strong>Rouleau de c\u00e2ble (standard), galvanis\u00e9, fonctionnant sur des roulements \u00e9tanches \u00e0 la poussi\u00e8re et \u00e0 l&#8217;eau.<\/strong><\/p>\n<table>\n<tbody>\n<tr>\n<td><strong>Chargement<\/strong><\/td>\n<td><strong>max.<br \/>\nDiam\u00e8tre du c\u00e2ble <\/strong><\/td>\n<td><strong>Poids<\/strong><\/td>\n<\/tr>\n<tr>\n<td>250 kg<\/td>\n<td>155 mm<\/td>\n<td>4,2 kg<\/td>\n<\/tr>\n<\/tbody>\n<\/table>\n<\/div>\n<p> <figure id=\"attachment_559\" aria-describedby=\"caption-attachment-559\" style=\"width: 225px\" class=\"wp-caption aligncenter\"><img decoding=\"async\" class=\"size-full wp-image-559 lazyload\" data-src=\"http:\/\/cablepullingmachines.com\/wp-content\/uploads\/2015\/12\/Cable-roller-wide-galvanized.jpg\" alt=\"rouleau de cable-galvanise\" width=\"225\" height=\"200\" src=\"data:image\/svg+xml;base64,PHN2ZyB3aWR0aD0iMSIgaGVpZ2h0PSIxIiB4bWxucz0iaHR0cDovL3d3dy53My5vcmcvMjAwMC9zdmciPjwvc3ZnPg==\" style=\"--smush-placeholder-width: 225px; --smush-placeholder-aspect-ratio: 225\/200;\"><figcaption id=\"caption-attachment-559\" class=\"wp-caption-text\">rouleau de cable large-galvanise<\/figcaption><\/figure><strong>Rouleau de c\u00e2ble (large), galvanis\u00e9, fonctionnant sur des roulements \u00e9tanches \u00e0 la poussi\u00e8re et \u00e0 l&#8217;eau. <\/strong> <\/p>\n<table>\n<tbody>\n<tr>\n<td><strong>Chargement<\/strong><\/td>\n<td><strong>max.<br \/>\nDiam\u00e8tre du c\u00e2ble <\/strong><\/td>\n<td><strong>Poids<\/strong><\/td>\n<\/tr>\n<tr>\n<td>250 kg<\/td>\n<td>200 mm<\/td>\n<td>5,0 kg<\/td>\n<\/tr>\n<tr>\n<td>250 kg<\/td>\n<td>280 mm<\/td>\n<td>6,8 kg<\/td>\n<\/tr>\n<\/tbody>\n<\/table>\n<p> <img decoding=\"async\" class=\"size-full wp-image-560 lazyload\" data-src=\"http:\/\/cablepullingmachines.com\/wp-content\/uploads\/2015\/12\/Cable-roller-with-ground-plate.jpg\" alt=\"rouleau de c\u00e2ble avec plaque de mise \u00e0 la terre\" width=\"225\" height=\"123\" src=\"data:image\/svg+xml;base64,PHN2ZyB3aWR0aD0iMSIgaGVpZ2h0PSIxIiB4bWxucz0iaHR0cDovL3d3dy53My5vcmcvMjAwMC9zdmciPjwvc3ZnPg==\" style=\"--smush-placeholder-width: 225px; --smush-placeholder-aspect-ratio: 225\/123;\"><strong>rouleau<\/strong>de c\u00e2ble avec plaque de<strong>solRouleau de<\/strong>c\u00e2ble<strong>avec plaque de sol (standard), galvanis\u00e9<\/strong> &nbsp;<\/p>\n<table>\n<tbody>\n<tr>\n<td><strong>Chargement<\/strong><\/td>\n<td><strong>max.<br \/>\nDiam\u00e8tre du c\u00e2ble <\/strong><\/td>\n<td><strong>Poids<\/strong><\/td>\n<\/tr>\n<tr>\n<td>250 kg<\/td>\n<td>155 mm<\/td>\n<td>4,5 kg<\/td>\n<\/tr>\n<\/tbody>\n<\/table>\n<p>&nbsp;<\/p>\n<p> <figure id=\"attachment_561\" aria-describedby=\"caption-attachment-561\" style=\"width: 225px\" class=\"wp-caption aligncenter\"><img decoding=\"async\" class=\"size-full wp-image-561 lazyload\" data-src=\"http:\/\/cablepullingmachines.com\/wp-content\/uploads\/2015\/12\/Cable-roller-made-of-PVC.jpg\" alt=\"rouleau de c\u00e2ble en pvc\" width=\"225\" height=\"154\" src=\"data:image\/svg+xml;base64,PHN2ZyB3aWR0aD0iMSIgaGVpZ2h0PSIxIiB4bWxucz0iaHR0cDovL3d3dy53My5vcmcvMjAwMC9zdmciPjwvc3ZnPg==\" style=\"--smush-placeholder-width: 225px; --smush-placeholder-aspect-ratio: 225\/154;\"><figcaption id=\"caption-attachment-561\" class=\"wp-caption-text\">rouleau de cable en pvc<\/figcaption><\/figure><strong>Rouleau de c\u00e2ble, en PVC<\/strong><\/p>\n<table>\n<tbody>\n<tr>\n<td><strong>Chargement<\/strong><\/td>\n<td><strong>max.<br \/>\nDiam\u00e8tre du c\u00e2ble <\/strong><\/td>\n<td><strong>Poids<\/strong><\/td>\n<\/tr>\n<tr>\n<td>250 kg<\/td>\n<td>155 mm<\/td>\n<td>3,6 kg<\/td>\n<\/tr>\n<\/tbody>\n<\/table>\n<figure id=\"attachment_562\" aria-describedby=\"caption-attachment-562\" style=\"width: 225px\" class=\"wp-caption aligncenter\"><img decoding=\"async\" class=\"size-full wp-image-562 lazyload\" data-src=\"http:\/\/cablepullingmachines.com\/wp-content\/uploads\/2015\/12\/Spare-roller-for-standard-cable.jpg\" alt=\"rouleau de rechange pour c\u00e2ble standard\" width=\"225\" height=\"134\" src=\"data:image\/svg+xml;base64,PHN2ZyB3aWR0aD0iMSIgaGVpZ2h0PSIxIiB4bWxucz0iaHR0cDovL3d3dy53My5vcmcvMjAwMC9zdmciPjwvc3ZnPg==\" style=\"--smush-placeholder-width: 225px; --smush-placeholder-aspect-ratio: 225\/134;\"><figcaption id=\"caption-attachment-562\" class=\"wp-caption-text\">rouleau de rechange pour c\u00e2ble standard<\/figcaption><\/figure>\n<p><strong>Rouleau de rechange  <\/strong><strong>pour c\u00e2ble (standard) et rouleau d&#8217;angle avec roulements et axe, galvanis\u00e9<\/strong><\/p>\n<table>\n<tbody>\n<tr>\n<td><strong>Poids<\/strong><\/td>\n<\/tr>\n<tr>\n<td>1,7 kg<\/td>\n<\/tr>\n<\/tbody>\n<\/table>\n<p>&nbsp;<\/p>\n<figure id=\"attachment_563\" aria-describedby=\"caption-attachment-563\" style=\"width: 225px\" class=\"wp-caption aligncenter\"><img decoding=\"async\" class=\"size-full wp-image-563 lazyload\" data-src=\"http:\/\/cablepullingmachines.com\/wp-content\/uploads\/2015\/12\/Tube-roller-with-base-plate.jpg\" alt=\"rouleau-tube avec plaque de base\" width=\"225\" height=\"191\" src=\"data:image\/svg+xml;base64,PHN2ZyB3aWR0aD0iMSIgaGVpZ2h0PSIxIiB4bWxucz0iaHR0cDovL3d3dy53My5vcmcvMjAwMC9zdmciPjwvc3ZnPg==\" style=\"--smush-placeholder-width: 225px; --smush-placeholder-aspect-ratio: 225\/191;\"><figcaption id=\"caption-attachment-563\" class=\"wp-caption-text\">rouleau-tube avec plaque de base<\/figcaption><\/figure>\n<p><strong>Rouleau \u00e0 tubes avec plaque de base, galvanis\u00e9, <\/strong><strong>pour le soudage de longueurs individuelles et l&#8217;insertion d&#8217;inliners de 300 mm de diam\u00e8tre.<\/strong><\/p>\n<table>\n<tbody>\n<tr>\n<td><strong>Charge max.<br \/>\nCharge <\/strong><\/td>\n<td><strong>Poids<\/strong><\/td>\n<\/tr>\n<tr>\n<td>300 kg<\/td>\n<td>4 kg<\/td>\n<\/tr>\n<\/tbody>\n<\/table>\n<p> <figure id=\"attachment_564\" aria-describedby=\"caption-attachment-564\" style=\"width: 225px\" class=\"wp-caption aligncenter\"><img decoding=\"async\" class=\"size-full wp-image-564 lazyload\" data-src=\"http:\/\/cablepullingmachines.com\/wp-content\/uploads\/2015\/12\/Corner-roller-with-plug-in-hinges.jpg\" alt=\"rouleau d'angle avec charni\u00e8res enfichables\" width=\"225\" height=\"193\" src=\"data:image\/svg+xml;base64,PHN2ZyB3aWR0aD0iMSIgaGVpZ2h0PSIxIiB4bWxucz0iaHR0cDovL3d3dy53My5vcmcvMjAwMC9zdmciPjwvc3ZnPg==\" style=\"--smush-placeholder-width: 225px; --smush-placeholder-aspect-ratio: 225\/193;\"><figcaption id=\"caption-attachment-564\" class=\"wp-caption-text\">rouleau d&#8217;angle avec charni\u00e8res enfichables<\/figcaption><\/figure><strong>Rouleau d&#8217;angle avec charni\u00e8res enfichables (standard), galvanis\u00e9, <\/strong><strong>roulement dans des paliers \u00e9tanches \u00e0 la poussi\u00e8re et \u00e0 l&#8217;eau<\/strong><\/p>\n<table>\n<tbody>\n<tr>\n<td><strong>Chargement<\/strong><\/td>\n<td><strong>max.<br \/>\nDia. du c\u00e2ble <\/strong><\/td>\n<td><strong>Poids<\/strong><\/td>\n<\/tr>\n<tr>\n<td>250 kg<\/td>\n<td>110 mm<\/td>\n<td>13,5 kg<\/td>\n<\/tr>\n<\/tbody>\n<\/table>\n<p> <img decoding=\"async\" class=\"size-full wp-image-565 lazyload\" data-src=\"http:\/\/cablepullingmachines.com\/wp-content\/uploads\/2015\/12\/Earth-nail-galvanized.jpg\" alt=\"clou de terre-galvanis\u00e9\" width=\"225\" height=\"94\" src=\"data:image\/svg+xml;base64,PHN2ZyB3aWR0aD0iMSIgaGVpZ2h0PSIxIiB4bWxucz0iaHR0cDovL3d3dy53My5vcmcvMjAwMC9zdmciPjwvc3ZnPg==\" style=\"--smush-placeholder-width: 225px; --smush-placeholder-aspect-ratio: 225\/94;\"><strong>clou de<\/strong> terre-galvanis\u00e9Accessoire<strong>:<\/strong><strong>clou de terre,<\/strong> galvanis\u00e9 (sans illustration)<strong><br \/>\n<\/strong><\/p>\n<table>\n<tbody>\n<tr>\n<td><strong>Poids<\/strong><\/td>\n<\/tr>\n<tr>\n<td>1,4 kg<\/td>\n<\/tr>\n<\/tbody>\n<\/table>\n<figure id=\"attachment_566\" aria-describedby=\"caption-attachment-566\" style=\"width: 149px\" class=\"wp-caption aligncenter\"><img decoding=\"async\" class=\"size-full wp-image-566 lazyload\" data-src=\"http:\/\/cablepullingmachines.com\/wp-content\/uploads\/2015\/12\/Corner-roller-with-plug-in-hinges-wide.jpg\" alt=\"rouleau d'angle avec charni\u00e8res enfichables large\" width=\"149\" height=\"225\" src=\"data:image\/svg+xml;base64,PHN2ZyB3aWR0aD0iMSIgaGVpZ2h0PSIxIiB4bWxucz0iaHR0cDovL3d3dy53My5vcmcvMjAwMC9zdmciPjwvc3ZnPg==\" style=\"--smush-placeholder-width: 149px; --smush-placeholder-aspect-ratio: 149\/225;\"><figcaption id=\"caption-attachment-566\" class=\"wp-caption-text\">roulette d&#8217;angle avec charni\u00e8res enfichables &#8211; large<\/figcaption><\/figure>\n<p><strong>Rouleau d&#8217;angle avec charni\u00e8res enfichables (larges), galvanis\u00e9, <\/strong><strong>roulement dans des paliers \u00e9tanches \u00e0 la poussi\u00e8re et \u00e0 l&#8217;eau<\/strong><\/p>\n<table>\n<tbody>\n<tr>\n<td><strong>Chargement<\/strong><\/td>\n<td><strong>max.<br \/>\nDia. du c\u00e2ble <\/strong><\/td>\n<td><strong>Poids<\/strong><\/td>\n<\/tr>\n<tr>\n<td>250 kg<\/td>\n<td>160 mm<\/td>\n<td>13,6 kg<\/td>\n<\/tr>\n<\/tbody>\n<\/table>\n<p> <figure id=\"attachment_567\" aria-describedby=\"caption-attachment-567\" style=\"width: 225px\" class=\"wp-caption aligncenter\"><img decoding=\"async\" class=\"size-full wp-image-567 lazyload\" data-src=\"http:\/\/cablepullingmachines.com\/wp-content\/uploads\/2015\/12\/Cable-guide-and-run-off-frame.jpg\" alt=\"guide-c\u00e2ble et cadre d'enroulement\" width=\"225\" height=\"128\" src=\"data:image\/svg+xml;base64,PHN2ZyB3aWR0aD0iMSIgaGVpZ2h0PSIxIiB4bWxucz0iaHR0cDovL3d3dy53My5vcmcvMjAwMC9zdmciPjwvc3ZnPg==\" style=\"--smush-placeholder-width: 225px; --smush-placeholder-aspect-ratio: 225\/128;\"><figcaption id=\"caption-attachment-567\" class=\"wp-caption-text\">guide-c\u00e2ble et cadre d&#8217;\u00e9coulement<\/figcaption><\/figure><strong>Guide-c\u00e2ble et cadre d&#8217;\u00e9coulement, galvanis\u00e9, <\/strong><strong>Ce dispositif doit \u00eatre plac\u00e9 juste derri\u00e8re le tambour de c\u00e2ble.<\/strong><\/p>\n<table>\n<tbody>\n<tr>\n<td><strong>Chargement<\/strong><\/td>\n<td><strong>Poids<\/strong><\/td>\n<\/tr>\n<tr>\n<td>200 kg<\/td>\n<td>15 kg<\/td>\n<\/tr>\n<\/tbody>\n<\/table>\n<p><strong><br \/>\n<strong>Version renforc\u00e9e : <\/strong>pour la pose de c\u00e2bles lourds et de tubes de \u00d8 300 mm. &gt; 300 mm  <\/strong><\/p>\n<table>\n<tbody>\n<tr>\n<td><strong>Chargement<\/strong><\/td>\n<td><strong>Poids<\/strong><\/td>\n<\/tr>\n<tr>\n<td>500 kg<\/td>\n<td>20 kg<\/td>\n<\/tr>\n<\/tbody>\n<\/table>\n<p> <figure id=\"attachment_568\" aria-describedby=\"caption-attachment-568\" style=\"width: 225px\" class=\"wp-caption aligncenter\"><img decoding=\"async\" class=\"wp-image-568 size-full lazyload\" data-src=\"http:\/\/cablepullingmachines.com\/wp-content\/uploads\/2015\/12\/Tube-roller-jack-galvanized.jpg\" alt=\"tube-roller-jack-galvanis\u00e9 \/ rouleaux pour c\u00e2bles et tuyaux\" width=\"225\" height=\"158\" src=\"data:image\/svg+xml;base64,PHN2ZyB3aWR0aD0iMSIgaGVpZ2h0PSIxIiB4bWxucz0iaHR0cDovL3d3dy53My5vcmcvMjAwMC9zdmciPjwvc3ZnPg==\" style=\"--smush-placeholder-width: 225px; --smush-placeholder-aspect-ratio: 225\/158;\"><figcaption id=\"caption-attachment-568\" class=\"wp-caption-text\">tube-roller-jack-rouleaux galvanis\u00e9s pour c\u00e2bles et tuyaux<\/figcaption><\/figure><strong>Cric de rouleau de tube, galvanis\u00e9<\/strong><\/p>\n<table>\n<tbody>\n<tr>\n<td><strong>Max.<br \/>\nDia.<br \/>\nTube    <\/strong><\/td>\n<td><strong>Charge max.<br \/>\nCharge <\/strong><\/td>\n<td><strong>Poids<\/strong><\/td>\n<\/tr>\n<tr>\n<td>500 mm<\/td>\n<td>500 kg<\/td>\n<td>11,5 kg<\/td>\n<\/tr>\n<tr>\n<td>750 mm<\/td>\n<td>1000 kg<\/td>\n<td>29 kg<\/td>\n<\/tr>\n<\/tbody>\n<\/table>\n<figure id=\"attachment_569\" aria-describedby=\"caption-attachment-569\" style=\"width: 112px\" class=\"wp-caption aligncenter\"><img decoding=\"async\" class=\"size-full wp-image-569 lazyload\" data-src=\"http:\/\/cablepullingmachines.com\/wp-content\/uploads\/2015\/12\/Cable-rack-roller-open-type-galvanized.jpg\" alt=\"cable-rack-roller-open-type-galvanis\u00e9\" width=\"112\" height=\"225\" src=\"data:image\/svg+xml;base64,PHN2ZyB3aWR0aD0iMSIgaGVpZ2h0PSIxIiB4bWxucz0iaHR0cDovL3d3dy53My5vcmcvMjAwMC9zdmciPjwvc3ZnPg==\" style=\"--smush-placeholder-width: 112px; --smush-placeholder-aspect-ratio: 112\/225;\"><figcaption id=\"caption-attachment-569\" class=\"wp-caption-text\">cable-rack-roller-open-type-galvanis\u00e9<\/figcaption><\/figure>\n<p><strong>Rouleau \u00e0 cr\u00e9maill\u00e8re, type ouvert,  <\/strong><strong>galvanis\u00e9<\/strong><\/p>\n<table>\n<tbody>\n<tr>\n<td><strong>Poids<\/strong><\/td>\n<\/tr>\n<tr>\n<td>5,5 kg<\/td>\n<\/tr>\n<\/tbody>\n<\/table>\n<figure id=\"attachment_570\" aria-describedby=\"caption-attachment-570\" style=\"width: 130px\" class=\"wp-caption aligncenter\"><img decoding=\"async\" class=\"size-full wp-image-570 lazyload\" data-src=\"http:\/\/cablepullingmachines.com\/wp-content\/uploads\/2015\/12\/Cable-rack-roller-closed-type-galvanized.jpg\" alt=\"rouleau-c\u00e2ble-ferm\u00e9-galvanis\u00e9\" width=\"130\" height=\"225\" src=\"data:image\/svg+xml;base64,PHN2ZyB3aWR0aD0iMSIgaGVpZ2h0PSIxIiB4bWxucz0iaHR0cDovL3d3dy53My5vcmcvMjAwMC9zdmciPjwvc3ZnPg==\" style=\"--smush-placeholder-width: 130px; --smush-placeholder-aspect-ratio: 130\/225;\"><figcaption id=\"caption-attachment-570\" class=\"wp-caption-text\">rouleau-c\u00e2ble-ferm\u00e9-galvanis\u00e9<\/figcaption><\/figure>\n<p><strong>Rouleau \u00e0 cr\u00e9maill\u00e8re, type ferm\u00e9,  <\/strong><strong>galvanis\u00e9<\/strong><\/p>\n<table>\n<tbody>\n<tr>\n<td><strong>Poids<\/strong><\/td>\n<\/tr>\n<tr>\n<td>6 kg<\/td>\n<\/tr>\n<\/tbody>\n<\/table>\n<p><span style=\"color: #ffffff;\"><strong><em>rouleaux pour c\u00e2bles et tuyaux<\/em><\/strong><\/span><\/p>\n","protected":false},"excerpt":{"rendered":"<p>Rouleaux pour c\u00e2bles et tuyaux Rouleau de c\u00e2ble (standard), galvanis\u00e9, fonctionnant sur des roulements \u00e9tanches \u00e0 la poussi\u00e8re et \u00e0 l&#8217;eau. Chargement max. Diam\u00e8tre du c\u00e2ble Poids 250 kg 155 mm 4,2 kg Rouleau de c\u00e2ble (large), galvanis\u00e9, fonctionnant sur des roulements \u00e9tanches \u00e0 la poussi\u00e8re et \u00e0 l&#8217;eau. Chargement max. Diam\u00e8tre du c\u00e2ble Poids<\/p>\n","protected":false},"author":1,"featured_media":0,"parent":4737,"menu_order":0,"comment_status":"closed","ping_status":"closed","template":"","meta":{"_joinchat":[],"footnotes":""},"class_list":["post-4745","page","type-page","status-publish","hentry"],"yoast_head":"<!-- This site is optimized with the Yoast SEO Premium plugin v26.8 (Yoast SEO v27.0) - https:\/\/yoast.com\/product\/yoast-seo-premium-wordpress\/ -->\n<title>Rouleaux pour c\u00e2bles et tuyaux - Cable Pulling Machines Manufacturer<\/title>\n<meta name=\"description\" content=\"Rouleaux pour c\u00e2bles et tuyaux - Cable Pulling Machines Manufacturer\" \/>\n<meta name=\"robots\" content=\"index, follow, max-snippet:-1, max-image-preview:large, max-video-preview:-1\" \/>\n<link rel=\"canonical\" href=\"https:\/\/cablepullingmachines.com\/fr\/?page_id=4745\" \/>\n<meta property=\"og:locale\" content=\"fr_FR\" \/>\n<meta property=\"og:type\" content=\"article\" \/>\n<meta property=\"og:title\" content=\"Rouleaux pour c\u00e2bles et tuyaux\" \/>\n<meta property=\"og:description\" content=\"Rouleaux pour c\u00e2bles et tuyaux - Cable Pulling Machines Manufacturer\" \/>\n<meta property=\"og:url\" content=\"https:\/\/cablepullingmachines.com\/fr\/?page_id=4745\" \/>\n<meta property=\"og:site_name\" content=\"Cable Pulling Machines Manufacturer\" \/>\n<meta property=\"article:publisher\" content=\"https:\/\/www.facebook.com\/cablepullingmachines\" \/>\n<meta property=\"article:modified_time\" content=\"2024-09-19T12:12:46+00:00\" \/>\n<meta property=\"og:image\" content=\"http:\/\/cablepullingmachines.com\/wp-content\/uploads\/2015\/12\/Cable-Roller-Standard-Galvanized.jpg\" \/>\n<meta name=\"twitter:card\" content=\"summary_large_image\" \/>\n<meta name=\"twitter:label1\" content=\"Dur\u00e9e de lecture estim\u00e9e\" \/>\n\t<meta name=\"twitter:data1\" content=\"2 minutes\" \/>\n<script type=\"application\/ld+json\" class=\"yoast-schema-graph\">{\"@context\":\"https:\/\/schema.org\",\"@graph\":[{\"@type\":\"WebPage\",\"@id\":\"https:\/\/cablepullingmachines.com\/fr\/?page_id=4745\",\"url\":\"https:\/\/cablepullingmachines.com\/fr\/?page_id=4745\",\"name\":\"Rouleaux pour c\u00e2bles et tuyaux - Cable Pulling Machines Manufacturer\",\"isPartOf\":{\"@id\":\"https:\/\/cablepullingmachines.com\/#website\"},\"primaryImageOfPage\":{\"@id\":\"https:\/\/cablepullingmachines.com\/fr\/?page_id=4745#primaryimage\"},\"image\":{\"@id\":\"https:\/\/cablepullingmachines.com\/fr\/?page_id=4745#primaryimage\"},\"thumbnailUrl\":\"http:\/\/cablepullingmachines.com\/wp-content\/uploads\/2015\/12\/Cable-Roller-Standard-Galvanized.jpg\",\"datePublished\":\"2024-09-19T12:12:45+00:00\",\"dateModified\":\"2024-09-19T12:12:46+00:00\",\"description\":\"Rouleaux pour c\u00e2bles et tuyaux - Cable Pulling Machines Manufacturer\",\"breadcrumb\":{\"@id\":\"https:\/\/cablepullingmachines.com\/fr\/?page_id=4745#breadcrumb\"},\"inLanguage\":\"fr-FR\",\"potentialAction\":[{\"@type\":\"ReadAction\",\"target\":[\"https:\/\/cablepullingmachines.com\/fr\/?page_id=4745\"]}]},{\"@type\":\"ImageObject\",\"inLanguage\":\"fr-FR\",\"@id\":\"https:\/\/cablepullingmachines.com\/fr\/?page_id=4745#primaryimage\",\"url\":\"http:\/\/cablepullingmachines.com\/wp-content\/uploads\/2015\/12\/Cable-Roller-Standard-Galvanized.jpg\",\"contentUrl\":\"http:\/\/cablepullingmachines.com\/wp-content\/uploads\/2015\/12\/Cable-Roller-Standard-Galvanized.jpg\"},{\"@type\":\"BreadcrumbList\",\"@id\":\"https:\/\/cablepullingmachines.com\/fr\/?page_id=4745#breadcrumb\",\"itemListElement\":[{\"@type\":\"ListItem\",\"position\":1,\"name\":\"Home\",\"item\":\"https:\/\/cablepullingmachines.com\/fr\/a\/\"},{\"@type\":\"ListItem\",\"position\":2,\"name\":\"Accessoires de pose de c\u00e2bles\",\"item\":\"https:\/\/cablepullingmachines.com\/fr\/?page_id=4737\"},{\"@type\":\"ListItem\",\"position\":3,\"name\":\"Rouleaux pour c\u00e2bles et tuyaux\"}]},{\"@type\":\"WebSite\",\"@id\":\"https:\/\/cablepullingmachines.com\/#website\",\"url\":\"https:\/\/cablepullingmachines.com\/\",\"name\":\"Cable Pulling Machines and Cable Drum Trailers\",\"description\":\"Cable Pulling Machines, Winches, Cable Drum Trailers\",\"publisher\":{\"@id\":\"https:\/\/cablepullingmachines.com\/#organization\"},\"alternateName\":\"Cable Drum Trailers Manufacturer\",\"potentialAction\":[{\"@type\":\"SearchAction\",\"target\":{\"@type\":\"EntryPoint\",\"urlTemplate\":\"https:\/\/cablepullingmachines.com\/?s={search_term_string}\"},\"query-input\":{\"@type\":\"PropertyValueSpecification\",\"valueRequired\":true,\"valueName\":\"search_term_string\"}}],\"inLanguage\":\"fr-FR\"},{\"@type\":\"Organization\",\"@id\":\"https:\/\/cablepullingmachines.com\/#organization\",\"name\":\"Allame Makina Ltd Sti\",\"alternateName\":\"Cable Drum Trailers Manufacturer\",\"url\":\"https:\/\/cablepullingmachines.com\/\",\"logo\":{\"@type\":\"ImageObject\",\"inLanguage\":\"fr-FR\",\"@id\":\"https:\/\/cablepullingmachines.com\/#\/schema\/logo\/image\/\",\"url\":\"https:\/\/cablepullingmachines.com\/wp-content\/uploads\/2015\/10\/logo.jpg\",\"contentUrl\":\"https:\/\/cablepullingmachines.com\/wp-content\/uploads\/2015\/10\/logo.jpg\",\"width\":300,\"height\":140,\"caption\":\"Allame Makina Ltd Sti\"},\"image\":{\"@id\":\"https:\/\/cablepullingmachines.com\/#\/schema\/logo\/image\/\"},\"sameAs\":[\"https:\/\/www.facebook.com\/cablepullingmachines\",\"https:\/\/www.linkedin.com\/company\/cablepullingmachines\",\"https:\/\/www.youtube.com\/@CablePullingMachines\",\"https:\/\/www.instagram.com\/cablepullingmachines\"],\"description\":\"Cable laying products manufacturer from Turkiye. Cable Pulling Machines and Cable Drum Trailers Producer.\",\"email\":\"erkangok@allame.net\",\"telephone\":\"+905337789941\",\"legalName\":\"SKYPULLTECH\",\"foundingDate\":\"1999-02-12\",\"vatID\":\"0550635748\",\"iso6523Code\":\"1555ALL2025\",\"numberOfEmployees\":{\"@type\":\"QuantitativeValue\",\"minValue\":\"11\",\"maxValue\":\"50\"}}]}<\/script>\n<!-- \/ Yoast SEO Premium plugin. -->","yoast_head_json":{"title":"Rouleaux pour c\u00e2bles et tuyaux - Cable Pulling Machines Manufacturer","description":"Rouleaux pour c\u00e2bles et tuyaux - Cable Pulling Machines Manufacturer","robots":{"index":"index","follow":"follow","max-snippet":"max-snippet:-1","max-image-preview":"max-image-preview:large","max-video-preview":"max-video-preview:-1"},"canonical":"https:\/\/cablepullingmachines.com\/fr\/?page_id=4745","og_locale":"fr_FR","og_type":"article","og_title":"Rouleaux pour c\u00e2bles et tuyaux","og_description":"Rouleaux pour c\u00e2bles et tuyaux - Cable Pulling Machines Manufacturer","og_url":"https:\/\/cablepullingmachines.com\/fr\/?page_id=4745","og_site_name":"Cable Pulling Machines Manufacturer","article_publisher":"https:\/\/www.facebook.com\/cablepullingmachines","article_modified_time":"2024-09-19T12:12:46+00:00","og_image":[{"url":"http:\/\/cablepullingmachines.com\/wp-content\/uploads\/2015\/12\/Cable-Roller-Standard-Galvanized.jpg","type":"","width":"","height":""}],"twitter_card":"summary_large_image","twitter_misc":{"Dur\u00e9e de lecture estim\u00e9e":"2 minutes"},"schema":{"@context":"https:\/\/schema.org","@graph":[{"@type":"WebPage","@id":"https:\/\/cablepullingmachines.com\/fr\/?page_id=4745","url":"https:\/\/cablepullingmachines.com\/fr\/?page_id=4745","name":"Rouleaux pour c\u00e2bles et tuyaux - Cable Pulling Machines Manufacturer","isPartOf":{"@id":"https:\/\/cablepullingmachines.com\/#website"},"primaryImageOfPage":{"@id":"https:\/\/cablepullingmachines.com\/fr\/?page_id=4745#primaryimage"},"image":{"@id":"https:\/\/cablepullingmachines.com\/fr\/?page_id=4745#primaryimage"},"thumbnailUrl":"http:\/\/cablepullingmachines.com\/wp-content\/uploads\/2015\/12\/Cable-Roller-Standard-Galvanized.jpg","datePublished":"2024-09-19T12:12:45+00:00","dateModified":"2024-09-19T12:12:46+00:00","description":"Rouleaux pour c\u00e2bles et tuyaux - Cable Pulling Machines Manufacturer","breadcrumb":{"@id":"https:\/\/cablepullingmachines.com\/fr\/?page_id=4745#breadcrumb"},"inLanguage":"fr-FR","potentialAction":[{"@type":"ReadAction","target":["https:\/\/cablepullingmachines.com\/fr\/?page_id=4745"]}]},{"@type":"ImageObject","inLanguage":"fr-FR","@id":"https:\/\/cablepullingmachines.com\/fr\/?page_id=4745#primaryimage","url":"http:\/\/cablepullingmachines.com\/wp-content\/uploads\/2015\/12\/Cable-Roller-Standard-Galvanized.jpg","contentUrl":"http:\/\/cablepullingmachines.com\/wp-content\/uploads\/2015\/12\/Cable-Roller-Standard-Galvanized.jpg"},{"@type":"BreadcrumbList","@id":"https:\/\/cablepullingmachines.com\/fr\/?page_id=4745#breadcrumb","itemListElement":[{"@type":"ListItem","position":1,"name":"Home","item":"https:\/\/cablepullingmachines.com\/fr\/a\/"},{"@type":"ListItem","position":2,"name":"Accessoires de pose de c\u00e2bles","item":"https:\/\/cablepullingmachines.com\/fr\/?page_id=4737"},{"@type":"ListItem","position":3,"name":"Rouleaux pour c\u00e2bles et tuyaux"}]},{"@type":"WebSite","@id":"https:\/\/cablepullingmachines.com\/#website","url":"https:\/\/cablepullingmachines.com\/","name":"Cable Pulling Machines and Cable Drum Trailers","description":"Cable Pulling Machines, Winches, Cable Drum Trailers","publisher":{"@id":"https:\/\/cablepullingmachines.com\/#organization"},"alternateName":"Cable Drum Trailers Manufacturer","potentialAction":[{"@type":"SearchAction","target":{"@type":"EntryPoint","urlTemplate":"https:\/\/cablepullingmachines.com\/?s={search_term_string}"},"query-input":{"@type":"PropertyValueSpecification","valueRequired":true,"valueName":"search_term_string"}}],"inLanguage":"fr-FR"},{"@type":"Organization","@id":"https:\/\/cablepullingmachines.com\/#organization","name":"Allame Makina Ltd Sti","alternateName":"Cable Drum Trailers Manufacturer","url":"https:\/\/cablepullingmachines.com\/","logo":{"@type":"ImageObject","inLanguage":"fr-FR","@id":"https:\/\/cablepullingmachines.com\/#\/schema\/logo\/image\/","url":"https:\/\/cablepullingmachines.com\/wp-content\/uploads\/2015\/10\/logo.jpg","contentUrl":"https:\/\/cablepullingmachines.com\/wp-content\/uploads\/2015\/10\/logo.jpg","width":300,"height":140,"caption":"Allame Makina Ltd Sti"},"image":{"@id":"https:\/\/cablepullingmachines.com\/#\/schema\/logo\/image\/"},"sameAs":["https:\/\/www.facebook.com\/cablepullingmachines","https:\/\/www.linkedin.com\/company\/cablepullingmachines","https:\/\/www.youtube.com\/@CablePullingMachines","https:\/\/www.instagram.com\/cablepullingmachines"],"description":"Cable laying products manufacturer from Turkiye. Cable Pulling Machines and Cable Drum Trailers Producer.","email":"erkangok@allame.net","telephone":"+905337789941","legalName":"SKYPULLTECH","foundingDate":"1999-02-12","vatID":"0550635748","iso6523Code":"1555ALL2025","numberOfEmployees":{"@type":"QuantitativeValue","minValue":"11","maxValue":"50"}}]}},"amp_enabled":true,"_links":{"self":[{"href":"https:\/\/cablepullingmachines.com\/fr\/wp-json\/wp\/v2\/pages\/4745","targetHints":{"allow":["GET"]}}],"collection":[{"href":"https:\/\/cablepullingmachines.com\/fr\/wp-json\/wp\/v2\/pages"}],"about":[{"href":"https:\/\/cablepullingmachines.com\/fr\/wp-json\/wp\/v2\/types\/page"}],"author":[{"embeddable":true,"href":"https:\/\/cablepullingmachines.com\/fr\/wp-json\/wp\/v2\/users\/1"}],"replies":[{"embeddable":true,"href":"https:\/\/cablepullingmachines.com\/fr\/wp-json\/wp\/v2\/comments?post=4745"}],"version-history":[{"count":0,"href":"https:\/\/cablepullingmachines.com\/fr\/wp-json\/wp\/v2\/pages\/4745\/revisions"}],"up":[{"embeddable":true,"href":"https:\/\/cablepullingmachines.com\/fr\/wp-json\/wp\/v2\/pages\/4737"}],"wp:attachment":[{"href":"https:\/\/cablepullingmachines.com\/fr\/wp-json\/wp\/v2\/media?parent=4745"}],"curies":[{"name":"wp","href":"https:\/\/api.w.org\/{rel}","templated":true}]}}