{"id":4737,"date":"2024-09-19T12:12:41","date_gmt":"2024-09-19T12:12:41","guid":{"rendered":"https:\/\/cablepullingmachines.com\/accessoires-de-pose-de-cables\/"},"modified":"2024-09-19T12:12:41","modified_gmt":"2024-09-19T12:12:41","slug":"accessoires-de-pose-de-cables","status":"publish","type":"page","link":"https:\/\/cablepullingmachines.com\/fr\/accessoires-de-pose-de-cables\/","title":{"rendered":"Accessoires de pose de c\u00e2bles"},"content":{"rendered":"<h1>Accessoires de pose de c\u00e2bles<\/h1>\n<p><span style=\"color: #ffffff;\"><strong><em>accessoires de pose de c\u00e2bles<\/em><\/strong><\/span><\/p>\n<ul class=\"nested_nav\">\n<li class=\"page_item page-item-115 current_page_item\"><a href=\"http:\/\/cablepullingmachines.com\/cable-laying-accessories\/anti-twist-devices\/\"><a href=\"http:\/\/cablepullingmachines.com\/cable-laying-accessories\/anti-twist-devices\/\">Dispositifs anti-torsion<\/a><\/a><\/li>\n<li class=\"page_item page-item-109 page_item_has_children\"><a href=\"http:\/\/cablepullingmachines.com\/cable-laying-accessories\/cable-and-pipe-rollers\/\"><a href=\"http:\/\/cablepullingmachines.com\/cable-laying-accessories\/cable-and-pipe-rollers\/\">Rouleaux pour c\u00e2bles et tuyaux<\/a><\/a>\n<ul class=\"children\">\n<li class=\"page_item page-item-249\"><a href=\"http:\/\/cablepullingmachines.com\/cable-laying-accessories\/cable-and-pipe-rollers\/cable-drum-roller\/\"><a href=\"http:\/\/cablepullingmachines.com\/cable-laying-accessories\/cable-and-pipe-rollers\/cable-drum-roller\/\">Enrouleur de tambour de c\u00e2ble<\/a><\/a><\/li>\n<li class=\"page_item page-item-275\"><a href=\"http:\/\/cablepullingmachines.com\/cable-laying-accessories\/cable-and-pipe-rollers\/cable-rack-roller\/\"><a href=\"http:\/\/cablepullingmachines.com\/cable-laying-accessories\/cable-and-pipe-rollers\/cable-rack-roller\/\">Rouleau \u00e0 cr\u00e9maill\u00e8re<\/a><\/a><\/li>\n<li class=\"page_item page-item-267\"><a href=\"http:\/\/cablepullingmachines.com\/cable-laying-accessories\/cable-and-pipe-rollers\/cable-rollers\/\"><a href=\"http:\/\/cablepullingmachines.com\/cable-laying-accessories\/cable-and-pipe-rollers\/cable-rollers\/\">Rouleaux de c\u00e2ble<\/a><\/a><\/li>\n<li class=\"page_item page-item-269\"><a href=\"http:\/\/cablepullingmachines.com\/cable-laying-accessories\/cable-and-pipe-rollers\/corner-roller\/\"><a href=\"http:\/\/cablepullingmachines.com\/cable-laying-accessories\/cable-and-pipe-rollers\/corner-roller\/\">Rouleau d&#8217;angle<\/a><\/a><\/li>\n<li class=\"page_item page-item-277\"><a href=\"http:\/\/cablepullingmachines.com\/cable-laying-accessories\/cable-and-pipe-rollers\/guiding-bend-manholes\/\"><a href=\"http:\/\/cablepullingmachines.com\/cable-laying-accessories\/cable-and-pipe-rollers\/guiding-bend-manholes\/\">Courbe directrice pour les trous d&#8217;homme<\/a><\/a><\/li>\n<li class=\"page_item page-item-279\"><a href=\"http:\/\/cablepullingmachines.com\/cable-laying-accessories\/cable-and-pipe-rollers\/manhole-tension-roller\/\"><a href=\"http:\/\/cablepullingmachines.com\/cable-laying-accessories\/cable-and-pipe-rollers\/manhole-tension-roller\/\">Rouleau tendeur de trou d&#8217;homme<\/a><\/a><\/li>\n<li class=\"page_item page-item-281\"><a href=\"http:\/\/cablepullingmachines.com\/cable-laying-accessories\/cable-and-pipe-rollers\/steel-shaft-cable-drums\/\"><a href=\"http:\/\/cablepullingmachines.com\/cable-laying-accessories\/cable-and-pipe-rollers\/steel-shaft-cable-drums\/\">Arbre en acier pour tambours de c\u00e2ble<\/a><\/a><\/li>\n<li class=\"page_item page-item-273\"><a href=\"http:\/\/cablepullingmachines.com\/cable-laying-accessories\/cable-and-pipe-rollers\/tube-roller-base-plate\/\"><a href=\"http:\/\/cablepullingmachines.com\/cable-laying-accessories\/cable-and-pipe-rollers\/tube-roller-base-plate\/\">Rouleau \u00e0 tubes avec plaque de base<\/a><\/a><\/li>\n<li class=\"page_item page-item-271\"><a href=\"http:\/\/cablepullingmachines.com\/cable-laying-accessories\/cable-and-pipe-rollers\/tube-rollers\/\"><a href=\"http:\/\/cablepullingmachines.com\/cable-laying-accessories\/cable-and-pipe-rollers\/tube-rollers\/\">Rouleaux pour tubes<\/a><\/a><\/li>\n<\/ul>\n<\/li>\n<li class=\"page_item page-item-113\"><a href=\"http:\/\/cablepullingmachines.com\/cable-laying-accessories\/cable-pulling-grips\/\"><a href=\"http:\/\/cablepullingmachines.com\/cable-laying-accessories\/cable-pulling-grips\/\">Poign\u00e9es de traction pour c\u00e2ble<\/a><\/a><\/li>\n<li class=\"page_item page-item-111\"><a href=\"http:\/\/cablepullingmachines.com\/cable-laying-accessories\/glass-fibre-rods\/\"><a href=\"http:\/\/cablepullingmachines.com\/cable-laying-accessories\/glass-fibre-rods\/\">Tiges en fibre de verre<\/a><\/a><\/li>\n<li class=\"page_item page-item-105 page_item_has_children\"><a href=\"http:\/\/cablepullingmachines.com\/cable-laying-accessories\/hydraulic-cable-drum-jacks\/\"><a href=\"http:\/\/cablepullingmachines.com\/cable-laying-accessories\/hydraulic-cable-drum-jacks\/\">Crics hydrauliques pour tambour de c\u00e2ble<\/a><\/a>\n<ul class=\"children\">\n<li class=\"page_item page-item-240\"><a href=\"http:\/\/cablepullingmachines.com\/cable-laying-accessories\/hydraulic-cable-drum-jacks\/hydraulic-cable-drum-jack-10ton\/\"><a href=\"http:\/\/cablepullingmachines.com\/cable-laying-accessories\/hydraulic-cable-drum-jacks\/hydraulic-cable-drum-jack-10ton\/\">V\u00c9RIN HYDRAULIQUE \u00c0 C\u00c2BLE POUR TAMBOUR 10 TONNES<\/a><\/a><\/li>\n<li class=\"page_item page-item-234\"><a href=\"http:\/\/cablepullingmachines.com\/cable-laying-accessories\/hydraulic-cable-drum-jacks\/hydraulic-cable-drum-jack-1ton\/\"><a href=\"http:\/\/cablepullingmachines.com\/cable-laying-accessories\/hydraulic-cable-drum-jacks\/hydraulic-cable-drum-jack-1ton\/\">V\u00c9RIN HYDRAULIQUE \u00c0 C\u00c2BLE POUR TAMBOUR 1 TONNE<\/a><\/a><\/li>\n<li class=\"page_item page-item-242\"><a href=\"http:\/\/cablepullingmachines.com\/cable-laying-accessories\/hydraulic-cable-drum-jacks\/hydraulic-cable-drum-jack-20ton\/\"><a href=\"http:\/\/cablepullingmachines.com\/cable-laying-accessories\/hydraulic-cable-drum-jacks\/hydraulic-cable-drum-jack-20ton\/\">V\u00c9RIN HYDRAULIQUE \u00c0 C\u00c2BLE POUR TAMBOUR 20 TONNES<\/a><\/a><\/li>\n<li class=\"page_item page-item-236\"><a href=\"http:\/\/cablepullingmachines.com\/cable-laying-accessories\/hydraulic-cable-drum-jacks\/hydraulic-cable-drum-jack-5ton\/\"><a href=\"http:\/\/cablepullingmachines.com\/cable-laying-accessories\/hydraulic-cable-drum-jacks\/hydraulic-cable-drum-jack-5ton\/\">V\u00c9RIN HYDRAULIQUE \u00c0 C\u00c2BLE POUR TAMBOUR 5 TONNES<\/a><\/a><\/li>\n<li class=\"page_item page-item-238\"><a href=\"http:\/\/cablepullingmachines.com\/cable-laying-accessories\/hydraulic-cable-drum-jacks\/hydraulic-cable-drum-jack-8ton\/\"><a href=\"http:\/\/cablepullingmachines.com\/cable-laying-accessories\/hydraulic-cable-drum-jacks\/hydraulic-cable-drum-jack-8ton\/\">V\u00c9RIN HYDRAULIQUE \u00c0 C\u00c2BLE POUR TAMBOUR 8 TONNES<\/a><\/a><\/li>\n<\/ul>\n<\/li>\n<\/ul>\n","protected":false},"excerpt":{"rendered":"<p>Accessoires de pose de c\u00e2bles accessoires de pose de c\u00e2bles Dispositifs anti-torsion Rouleaux pour c\u00e2bles et tuyaux Enrouleur de tambour de c\u00e2ble Rouleau \u00e0 cr\u00e9maill\u00e8re Rouleaux de c\u00e2ble Rouleau d&#8217;angle Courbe directrice pour les trous d&#8217;homme Rouleau tendeur de trou d&#8217;homme Arbre en acier pour tambours de c\u00e2ble Rouleau \u00e0 tubes avec plaque de base<\/p>\n","protected":false},"author":1,"featured_media":0,"parent":0,"menu_order":0,"comment_status":"closed","ping_status":"closed","template":"","meta":{"_joinchat":[],"footnotes":""},"class_list":["post-4737","page","type-page","status-publish","hentry"],"yoast_head":"<!-- This site is optimized with the Yoast SEO Premium plugin v26.8 (Yoast SEO v27.0) - https:\/\/yoast.com\/product\/yoast-seo-premium-wordpress\/ -->\n<title>Accessoires de pose de c\u00e2bles - Cable Pulling Machines Manufacturer<\/title>\n<meta name=\"description\" content=\"Accessoires de pose de c\u00e2bles - Cable Pulling Machines Manufacturer\" \/>\n<meta name=\"robots\" content=\"index, follow, max-snippet:-1, max-image-preview:large, max-video-preview:-1\" \/>\n<link rel=\"canonical\" href=\"https:\/\/cablepullingmachines.com\/fr\/?page_id=4737\" \/>\n<meta property=\"og:locale\" content=\"fr_FR\" \/>\n<meta property=\"og:type\" content=\"article\" \/>\n<meta property=\"og:title\" content=\"Accessoires de pose de c\u00e2bles\" \/>\n<meta property=\"og:description\" content=\"Accessoires de pose de c\u00e2bles - Cable Pulling Machines Manufacturer\" \/>\n<meta property=\"og:url\" content=\"https:\/\/cablepullingmachines.com\/fr\/?page_id=4737\" \/>\n<meta property=\"og:site_name\" content=\"Cable Pulling Machines Manufacturer\" \/>\n<meta property=\"article:publisher\" content=\"https:\/\/www.facebook.com\/cablepullingmachines\" \/>\n<meta property=\"og:image\" content=\"https:\/\/cablepullingmachines.com\/wp-content\/uploads\/2025\/02\/Full-Hydraulic-Cable-Drum-Trailers-30-tons.webp\" \/>\n\t<meta property=\"og:image:width\" content=\"1010\" \/>\n\t<meta property=\"og:image:height\" content=\"617\" \/>\n\t<meta property=\"og:image:type\" content=\"image\/webp\" \/>\n<meta name=\"twitter:card\" content=\"summary_large_image\" \/>\n<meta name=\"twitter:label1\" content=\"Dur\u00e9e de lecture estim\u00e9e\" \/>\n\t<meta name=\"twitter:data1\" content=\"1 minute\" \/>\n<script type=\"application\/ld+json\" class=\"yoast-schema-graph\">{\"@context\":\"https:\/\/schema.org\",\"@graph\":[{\"@type\":\"WebPage\",\"@id\":\"https:\/\/cablepullingmachines.com\/fr\/?page_id=4737\",\"url\":\"https:\/\/cablepullingmachines.com\/fr\/?page_id=4737\",\"name\":\"Accessoires de pose de c\u00e2bles - Cable Pulling Machines Manufacturer\",\"isPartOf\":{\"@id\":\"https:\/\/cablepullingmachines.com\/#website\"},\"datePublished\":\"2024-09-19T12:12:41+00:00\",\"description\":\"Accessoires de pose de c\u00e2bles - Cable Pulling Machines Manufacturer\",\"breadcrumb\":{\"@id\":\"https:\/\/cablepullingmachines.com\/fr\/?page_id=4737#breadcrumb\"},\"inLanguage\":\"fr-FR\",\"potentialAction\":[{\"@type\":\"ReadAction\",\"target\":[\"https:\/\/cablepullingmachines.com\/fr\/?page_id=4737\"]}]},{\"@type\":\"BreadcrumbList\",\"@id\":\"https:\/\/cablepullingmachines.com\/fr\/?page_id=4737#breadcrumb\",\"itemListElement\":[{\"@type\":\"ListItem\",\"position\":1,\"name\":\"Home\",\"item\":\"https:\/\/cablepullingmachines.com\/fr\/a\/\"},{\"@type\":\"ListItem\",\"position\":2,\"name\":\"Accessoires de pose de c\u00e2bles\"}]},{\"@type\":\"WebSite\",\"@id\":\"https:\/\/cablepullingmachines.com\/#website\",\"url\":\"https:\/\/cablepullingmachines.com\/\",\"name\":\"Cable Pulling Machines and Cable Drum Trailers\",\"description\":\"Cable Pulling Machines, Winches, Cable Drum Trailers\",\"publisher\":{\"@id\":\"https:\/\/cablepullingmachines.com\/#organization\"},\"alternateName\":\"Cable Drum Trailers Manufacturer\",\"potentialAction\":[{\"@type\":\"SearchAction\",\"target\":{\"@type\":\"EntryPoint\",\"urlTemplate\":\"https:\/\/cablepullingmachines.com\/?s={search_term_string}\"},\"query-input\":{\"@type\":\"PropertyValueSpecification\",\"valueRequired\":true,\"valueName\":\"search_term_string\"}}],\"inLanguage\":\"fr-FR\"},{\"@type\":\"Organization\",\"@id\":\"https:\/\/cablepullingmachines.com\/#organization\",\"name\":\"Allame Makina Ltd Sti\",\"alternateName\":\"Cable Drum Trailers Manufacturer\",\"url\":\"https:\/\/cablepullingmachines.com\/\",\"logo\":{\"@type\":\"ImageObject\",\"inLanguage\":\"fr-FR\",\"@id\":\"https:\/\/cablepullingmachines.com\/#\/schema\/logo\/image\/\",\"url\":\"https:\/\/cablepullingmachines.com\/wp-content\/uploads\/2015\/10\/logo.jpg\",\"contentUrl\":\"https:\/\/cablepullingmachines.com\/wp-content\/uploads\/2015\/10\/logo.jpg\",\"width\":300,\"height\":140,\"caption\":\"Allame Makina Ltd Sti\"},\"image\":{\"@id\":\"https:\/\/cablepullingmachines.com\/#\/schema\/logo\/image\/\"},\"sameAs\":[\"https:\/\/www.facebook.com\/cablepullingmachines\",\"https:\/\/www.linkedin.com\/company\/cablepullingmachines\",\"https:\/\/www.youtube.com\/@CablePullingMachines\",\"https:\/\/www.instagram.com\/cablepullingmachines\"],\"description\":\"Cable laying products manufacturer from Turkiye. Cable Pulling Machines and Cable Drum Trailers Producer.\",\"email\":\"erkangok@allame.net\",\"telephone\":\"+905337789941\",\"legalName\":\"SKYPULLTECH\",\"foundingDate\":\"1999-02-12\",\"vatID\":\"0550635748\",\"iso6523Code\":\"1555ALL2025\",\"numberOfEmployees\":{\"@type\":\"QuantitativeValue\",\"minValue\":\"11\",\"maxValue\":\"50\"}}]}<\/script>\n<!-- \/ Yoast SEO Premium plugin. -->","yoast_head_json":{"title":"Accessoires de pose de c\u00e2bles - Cable Pulling Machines Manufacturer","description":"Accessoires de pose de c\u00e2bles - Cable Pulling Machines Manufacturer","robots":{"index":"index","follow":"follow","max-snippet":"max-snippet:-1","max-image-preview":"max-image-preview:large","max-video-preview":"max-video-preview:-1"},"canonical":"https:\/\/cablepullingmachines.com\/fr\/?page_id=4737","og_locale":"fr_FR","og_type":"article","og_title":"Accessoires de pose de c\u00e2bles","og_description":"Accessoires de pose de c\u00e2bles - Cable Pulling Machines Manufacturer","og_url":"https:\/\/cablepullingmachines.com\/fr\/?page_id=4737","og_site_name":"Cable Pulling Machines Manufacturer","article_publisher":"https:\/\/www.facebook.com\/cablepullingmachines","og_image":[{"width":1010,"height":617,"url":"https:\/\/cablepullingmachines.com\/wp-content\/uploads\/2025\/02\/Full-Hydraulic-Cable-Drum-Trailers-30-tons.webp","type":"image\/webp"}],"twitter_card":"summary_large_image","twitter_misc":{"Dur\u00e9e de lecture estim\u00e9e":"1 minute"},"schema":{"@context":"https:\/\/schema.org","@graph":[{"@type":"WebPage","@id":"https:\/\/cablepullingmachines.com\/fr\/?page_id=4737","url":"https:\/\/cablepullingmachines.com\/fr\/?page_id=4737","name":"Accessoires de pose de c\u00e2bles - Cable Pulling Machines Manufacturer","isPartOf":{"@id":"https:\/\/cablepullingmachines.com\/#website"},"datePublished":"2024-09-19T12:12:41+00:00","description":"Accessoires de pose de c\u00e2bles - Cable Pulling Machines Manufacturer","breadcrumb":{"@id":"https:\/\/cablepullingmachines.com\/fr\/?page_id=4737#breadcrumb"},"inLanguage":"fr-FR","potentialAction":[{"@type":"ReadAction","target":["https:\/\/cablepullingmachines.com\/fr\/?page_id=4737"]}]},{"@type":"BreadcrumbList","@id":"https:\/\/cablepullingmachines.com\/fr\/?page_id=4737#breadcrumb","itemListElement":[{"@type":"ListItem","position":1,"name":"Home","item":"https:\/\/cablepullingmachines.com\/fr\/a\/"},{"@type":"ListItem","position":2,"name":"Accessoires de pose de c\u00e2bles"}]},{"@type":"WebSite","@id":"https:\/\/cablepullingmachines.com\/#website","url":"https:\/\/cablepullingmachines.com\/","name":"Cable Pulling Machines and Cable Drum Trailers","description":"Cable Pulling Machines, Winches, Cable Drum Trailers","publisher":{"@id":"https:\/\/cablepullingmachines.com\/#organization"},"alternateName":"Cable Drum Trailers Manufacturer","potentialAction":[{"@type":"SearchAction","target":{"@type":"EntryPoint","urlTemplate":"https:\/\/cablepullingmachines.com\/?s={search_term_string}"},"query-input":{"@type":"PropertyValueSpecification","valueRequired":true,"valueName":"search_term_string"}}],"inLanguage":"fr-FR"},{"@type":"Organization","@id":"https:\/\/cablepullingmachines.com\/#organization","name":"Allame Makina Ltd Sti","alternateName":"Cable Drum Trailers Manufacturer","url":"https:\/\/cablepullingmachines.com\/","logo":{"@type":"ImageObject","inLanguage":"fr-FR","@id":"https:\/\/cablepullingmachines.com\/#\/schema\/logo\/image\/","url":"https:\/\/cablepullingmachines.com\/wp-content\/uploads\/2015\/10\/logo.jpg","contentUrl":"https:\/\/cablepullingmachines.com\/wp-content\/uploads\/2015\/10\/logo.jpg","width":300,"height":140,"caption":"Allame Makina Ltd Sti"},"image":{"@id":"https:\/\/cablepullingmachines.com\/#\/schema\/logo\/image\/"},"sameAs":["https:\/\/www.facebook.com\/cablepullingmachines","https:\/\/www.linkedin.com\/company\/cablepullingmachines","https:\/\/www.youtube.com\/@CablePullingMachines","https:\/\/www.instagram.com\/cablepullingmachines"],"description":"Cable laying products manufacturer from Turkiye. Cable Pulling Machines and Cable Drum Trailers Producer.","email":"erkangok@allame.net","telephone":"+905337789941","legalName":"SKYPULLTECH","foundingDate":"1999-02-12","vatID":"0550635748","iso6523Code":"1555ALL2025","numberOfEmployees":{"@type":"QuantitativeValue","minValue":"11","maxValue":"50"}}]}},"amp_enabled":true,"_links":{"self":[{"href":"https:\/\/cablepullingmachines.com\/fr\/wp-json\/wp\/v2\/pages\/4737","targetHints":{"allow":["GET"]}}],"collection":[{"href":"https:\/\/cablepullingmachines.com\/fr\/wp-json\/wp\/v2\/pages"}],"about":[{"href":"https:\/\/cablepullingmachines.com\/fr\/wp-json\/wp\/v2\/types\/page"}],"author":[{"embeddable":true,"href":"https:\/\/cablepullingmachines.com\/fr\/wp-json\/wp\/v2\/users\/1"}],"replies":[{"embeddable":true,"href":"https:\/\/cablepullingmachines.com\/fr\/wp-json\/wp\/v2\/comments?post=4737"}],"version-history":[{"count":0,"href":"https:\/\/cablepullingmachines.com\/fr\/wp-json\/wp\/v2\/pages\/4737\/revisions"}],"wp:attachment":[{"href":"https:\/\/cablepullingmachines.com\/fr\/wp-json\/wp\/v2\/media?parent=4737"}],"curies":[{"name":"wp","href":"https:\/\/api.w.org\/{rel}","templated":true}]}}