{"id":4716,"date":"2024-09-19T12:12:34","date_gmt":"2024-09-19T12:12:34","guid":{"rendered":"https:\/\/cablepullingmachines.com\/remorques-a-cable-entierement-hydrauliques-auto4\/"},"modified":"2025-02-18T13:23:31","modified_gmt":"2025-02-18T13:23:31","slug":"remorques-a-cable-entierement-hydrauliques-auto4","status":"publish","type":"page","link":"https:\/\/cablepullingmachines.com\/fr\/remorque-a-tambour-de-cable-entierement-hydraulique\/remorques-a-cable-entierement-hydrauliques-auto4\/","title":{"rendered":"Remorques \u00e0 c\u00e2ble enti\u00e8rement hydrauliques AUTO4"},"content":{"rendered":"<div class=\"wpb-content-wrapper\"><p>[vc_row css=&#8221;.vc_custom_1451991003825{margin-bottom: 100px !important;}&#8221;][vc_column offset=&#8221;vc_col-lg-9 vc_col-md-9&#8243;][vc_single_image image=&#8221;5498&#8243; img_size=&#8221;full&#8221; style=&#8221;vc_box_shadow&#8221; css_animation=&#8221;fadeIn&#8221; css=&#8221;&#8221;][vc_custom_heading source=&#8221;post_title&#8221; font_container=&#8221;tag:h4|text_align:left|color:%23222222&#8243; use_theme_fonts=&#8221;yes&#8221; css=&#8221;.vc_custom_1739868266733{margin-bottom: 15px !important;}&#8221; el_class=&#8221;no_stripe&#8221;][vc_column_text css=&#8221;.vc_custom_1739868224496{margin-top: 40px !important;}&#8221;]<\/p>\n<p class=\"p1\">La <span class=\"s1\"><b>Remorque \u00e0 tambour de c\u00e2ble enti\u00e8rement hydraulique de 4 tonnes<\/b><\/span> est con\u00e7ue pour offrir <span class=\"s1\"><b>une r\u00e9sistance, une efficacit\u00e9 et une durabilit\u00e9 maximales<\/b><\/span>pour le transport et l&#8217;installation des c\u00e2bles. Construite avec <span class=\"s1\"><b>une ing\u00e9nierie de pr\u00e9cision et des mat\u00e9riaux de haute qualit\u00e9<\/b><\/span>cette remorque assure une manipulation s\u00fbre et sans effort des tourets de c\u00e2bles, ce qui en fait un outil essentiel pour des secteurs tels que <span class=\"s1\"><b>l&#8217;\u00e9nergie, les t\u00e9l\u00e9communications et le d\u00e9veloppement d&#8217;infrastructures<\/b><\/span>. <\/p>\n<p class=\"p3\"><b>Des performances fiables et efficaces<\/b><b><\/b><\/p>\n<p class=\"p1\">Notre remorque \u00e0 enrouleur de c\u00e2ble hydraulique est \u00e9quip\u00e9e d&#8217;un <span class=\"s1\"><b>d&#8217;une unit\u00e9 de puissance hydraulique Honda de 9 HP<\/b><\/span>hydraulique Honda de 9 CV, ce qui permet <span class=\"s1\"><b>de levage, d&#8217;abaissement et d&#8217;enroulement des tambours de c\u00e2ble<\/b><\/span> avec un simple joystick. Ce <span class=\"s1\"><b>syst\u00e8me hydraulique convivial<\/b><\/span> r\u00e9duit le besoin de travail manuel, am\u00e9liore l&#8217;efficacit\u00e9 op\u00e9rationnelle et renforce la s\u00e9curit\u00e9 sur le lieu de travail. En outre, sa <span class=\"s1\"><b>rotation automatique du tambour<\/b><\/span> \u00e9limine le besoin de personnel suppl\u00e9mentaire et ne n\u00e9cessite qu&#8217;un seul op\u00e9rateur. <span class=\"s1\"><b>un seul op\u00e9rateur<\/b><\/span> pour une fonctionnalit\u00e9 totale.  <\/p>\n<p>[\/vc_column_text][vc_column_text css=&#8221;.vc_custom_1739868306143{margin-top: 40px !important;}&#8221;]<\/p>\n<p class=\"p1\"><b>La s\u00e9curit\u00e9 et la stabilit\u00e9 \u00e0 la base<\/b><b><\/b><\/p>\n<p class=\"p3\">La s\u00e9curit\u00e9 est une priorit\u00e9 absolue dans toutes nos conceptions. Le <span class=\"s1\"><b>syst\u00e8me de verrouillage int\u00e9gr\u00e9<\/b><\/span> maintient solidement le tambour de c\u00e2ble en place, emp\u00eachant tout mouvement pendant le transport ou l&#8217;utilisation. En cas de d\u00e9faillance du syst\u00e8me, les <span class=\"s1\"><b>broches hydrauliques \u00e9tanches<\/b><\/span> assurent un levage et un abaissement contr\u00f4l\u00e9s, minimisant ainsi les risques op\u00e9rationnels. Ces caract\u00e9ristiques font de la remorque \u00e0 touret de c\u00e2ble hydraulique de 4 tonnes une <span class=\"s1\"><b>solution fiable et s\u00fbre<\/b><\/span> pour les projets de pose de c\u00e2bles lourds.   <\/p>\n<p class=\"p1\"><b>Polyvalent et facile \u00e0 transporter<\/b><b><\/b><\/p>\n<p class=\"p3\">Con\u00e7u pour une <span class=\"s1\"><b>mobilit\u00e9 pratique<\/b><\/span>Cette remorque peut \u00eatre <span class=\"s1\"><b>facilement attach\u00e9e \u00e0 n&#8217;importe quel v\u00e9hicule<\/b><\/span> et \u00eatre transport\u00e9e sur diff\u00e9rents chantiers. Qu&#8217;elle soit utilis\u00e9e comme <span class=\"s1\"><b>support de tourets pour la pose de c\u00e2bles ou de tuyaux<\/b><\/span>ou comme unit\u00e9 de transport, elle offre une polyvalence in\u00e9gal\u00e9e pour diverses applications. Sa <span class=\"s1\"><b>construction robuste et sa longue dur\u00e9e de vie<\/b><\/span> en font un choix privil\u00e9gi\u00e9 pour les professionnels \u00e0 la recherche de <span class=\"s1\"><b>des solutions de manutention de c\u00e2bles de haute performance<\/b><\/span>.  <\/p>\n<p>[\/vc_column_text][vc_column_text css=&#8221;.vc_custom_1739868317368{margin-bottom: 34px !important;}&#8221;]<\/p>\n<blockquote><p>Pour plus d&#8217;informations sur notre remorque \u00e0 tambour de c\u00e2ble enti\u00e8rement hydraulique de 4 tonnes, n&#8217;h\u00e9sitez pas \u00e0 nous contacter. Notre \u00e9quipe est pr\u00eate \u00e0 vous fournir des conseils d&#8217;experts et une assistance pour vos besoins en mati\u00e8re d&#8217;installation de c\u00e2bles. <\/p><\/blockquote>\n<p>[\/vc_column_text][vc_custom_heading text=&#8221;CARACT\u00c9RISTIQUES TECHNIQUES&#8221; font_container=&#8221;tag:h4|text_align:left|color:%23222222&#8243; use_theme_fonts=&#8221;yes&#8221; css=&#8221;.vc_custom_1739871487381{margin-bottom: 15px !important;}&#8221;][vc_column_text css=&#8221;&#8221;]<\/p>\n<table>\n<tbody>\n<tr>\n<th>Num\u00e9ro d&#8217;achat<\/th>\n<td>FHCDT-4<\/td>\n<\/tr>\n<tr>\n<th>Longueur (mm)<\/th>\n<td>3900 mm<\/td>\n<\/tr>\n<tr>\n<th>Largeur (mm)<\/th>\n<td>2500 mm<\/td>\n<\/tr>\n<tr>\n<th>Hauteur (mm)<\/th>\n<td>1900 mm<\/td>\n<\/tr>\n<tr>\n<th>Poids \u00e0 vide (kg)<\/th>\n<td>1200 kg<\/td>\n<\/tr>\n<tr>\n<th>Charge utile (kg)<\/th>\n<td>4000 kg<\/td>\n<\/tr>\n<tr>\n<th>Poids total (kg)<\/th>\n<td>5200 kg<\/td>\n<\/tr>\n<tr>\n<th>Freiner<\/th>\n<td>D\u00e9passement<\/td>\n<\/tr>\n<tr>\n<th>Diam\u00e8tre maximal du tambour (mm)  <\/th>\n<td>2800 mm<\/td>\n<\/tr>\n<tr>\n<th>Largeur de chargement (mm)<\/th>\n<td>1600 mm<\/td>\n<\/tr>\n<tr>\n<th>Diam\u00e8tre de l&#8217;arbre du tambour<\/th>\n<td>76 mm<\/td>\n<\/tr>\n<tr>\n<th>Pneus<\/th>\n<td>2<\/td>\n<\/tr>\n<tr>\n<th>Taille des pneus<\/th>\n<td>11,5 x 80 x 15<\/td>\n<\/tr>\n<tr>\n<th>Vitesse d&#8217;ouverture du c\u00e2ble<\/th>\n<td>40-50m\/min<\/td>\n<\/tr>\n<tr>\n<th>Moteur<\/th>\n<td>Moteur \u00e0 essence<\/td>\n<\/tr>\n<\/tbody>\n<\/table>\n<p>[\/vc_column_text][vc_custom_heading text=&#8221;GALERIE PHOTO&#8221; font_container=&#8221;tag:h4|text_align:left|color:%23222222&#8243; use_theme_fonts=&#8221;yes&#8221; css=&#8221;.vc_custom_1739872280566{margin-bottom: 15px !important;}&#8221;][vc_row_inner][vc_column_inner width=&#8221;1\/2&#8243;][vc_single_image image=&#8221;5643&#8243; img_size=&#8221;full&#8221; style=&#8221;vc_box_shadow_border&#8221; css_animation=&#8221;fadeIn&#8221; css=&#8221;&#8221;][\/vc_column_inner][vc_column_inner width=&#8221;1\/2&#8243;][vc_single_image image=&#8221;5647&#8243; img_size=&#8221;full&#8221; style=&#8221;vc_box_shadow_border&#8221; css_animation=&#8221;fadeIn&#8221; css=&#8221;&#8221;][\/vc_column_inner][\/vc_row_inner][vc_custom_heading text=&#8221;DESSIN TECHNIQUE&#8221; font_container=&#8221;tag:h4|text_align:left|color:%23222222&#8243; use_theme_fonts=&#8221;yes&#8221; css=&#8221;.vc_custom_1739873711347{margin-top: 40px !important;margin-bottom: 15px !important;}&#8221;][vc_row_inner][vc_column_inner width=&#8221;1\/2&#8243;][vc_single_image image=&#8221;5698&#8243; img_size=&#8221;full&#8221; style=&#8221;vc_box_shadow_border&#8221; css_animation=&#8221;fadeIn&#8221; css=&#8221;&#8221;][\/vc_column_inner][vc_column_inner width=&#8221;1\/2&#8243;][vc_single_image image=&#8221;5702&#8243; img_size=&#8221;full&#8221; style=&#8221;vc_box_shadow_border&#8221; css_animation=&#8221;fadeIn&#8221; css=&#8221;&#8221;][\/vc_column_inner][\/vc_row_inner][\/vc_column][vc_column width=&#8221;1\/4&#8243; offset=&#8221;vc_hidden-sm vc_hidden-xs&#8221;][stm_sidebar sidebar=&#8221;5515&#8243;][\/vc_column][\/vc_row][vc_row full_width=&#8221;stretch_row&#8221; el_class=&#8221;third_bg_color&#8221; css=&#8221;.vc_custom_1451889219674{margin-bottom: -60px !important;}&#8221;][vc_column][vc_cta h2=&#8221;Si vous avez besoin de plus d&apos;informations !&#8221; h2_font_container=&#8221;tag:h2|font_size:20px|text_align:left|color:%23000000|line_height:24px&#8221; h2_use_theme_fonts=&#8221;yes&#8221; shape=&#8221;square&#8221; style=&#8221;flat&#8221; add_button=&#8221;right&#8221; btn_title=&#8221;obtenir un devis&#8221; btn_style=&#8221;flat&#8221; btn_color=&#8221;theme_style_2&#8243; btn_align=&#8221;right&#8221; btn_i_align=&#8221;right&#8221; btn_i_icon_fontawesome=&#8221;stm-quote-rounded&#8221; css=&#8221;.vc_custom_1739874482377{margin-bottom: 0px !important;}&#8221; particles=&#8221;yes&#8221; use_custom_fonts_h2=&#8221;true&#8221; btn_button_block=&#8221;true&#8221; btn_add_icon=&#8221;true&#8221; el_class=&#8221;third_bg_color&#8221;][\/vc_cta][\/vc_column][\/vc_row]<\/p>\n<\/div>","protected":false},"excerpt":{"rendered":"<p>[vc_row css=&#8221;.vc_custom_1451991003825{margin-bottom: 100px !important;}&#8221;][vc_column offset=&#8221;vc_col-lg-9 vc_col-md-9&#8243;][vc_single_image image=&#8221;5498&#8243; img_size=&#8221;full&#8221; style=&#8221;vc_box_shadow&#8221; css_animation=&#8221;fadeIn&#8221; css=&#8221;&#8221;][vc_custom_heading source=&#8221;post_title&#8221; font_container=&#8221;tag:h4|text_align:left|color:%23222222&#8243; use_theme_fonts=&#8221;yes&#8221; css=&#8221;.vc_custom_1739868266733{margin-bottom: 15px !important;}&#8221; el_class=&#8221;no_stripe&#8221;][vc_column_text css=&#8221;.vc_custom_1739868224496{margin-top: 40px !important;}&#8221;] La Remorque \u00e0 tambour de c\u00e2ble enti\u00e8rement hydraulique de 4 tonnes est con\u00e7ue pour offrir une r\u00e9sistance, une efficacit\u00e9 et une durabilit\u00e9 maximalespour le transport et l&#8217;installation des c\u00e2bles. Construite avec une ing\u00e9nierie de<\/p>\n","protected":false},"author":1,"featured_media":5499,"parent":4789,"menu_order":0,"comment_status":"closed","ping_status":"closed","template":"","meta":{"_joinchat":[],"footnotes":""},"class_list":["post-4716","page","type-page","status-publish","has-post-thumbnail","hentry"],"yoast_head":"<!-- This site is optimized with the Yoast SEO Premium plugin v26.8 (Yoast SEO v27.0) - https:\/\/yoast.com\/product\/yoast-seo-premium-wordpress\/ -->\n<title>Remorques \u00e0 c\u00e2ble enti\u00e8rement hydrauliques AUTO4 - Cable Pulling Machines Manufacturer<\/title>\n<meta name=\"description\" content=\"Remorques \u00e0 c\u00e2ble enti\u00e8rement hydrauliques AUTO4 - Cable Pulling Machines Manufacturer\" \/>\n<meta name=\"robots\" content=\"index, follow, max-snippet:-1, max-image-preview:large, max-video-preview:-1\" \/>\n<link rel=\"canonical\" href=\"https:\/\/cablepullingmachines.com\/fr\/remorque-a-tambour-de-cable-entierement-hydraulique\/remorques-a-cable-entierement-hydrauliques-auto4\/\" \/>\n<meta property=\"og:locale\" content=\"fr_FR\" \/>\n<meta property=\"og:type\" content=\"article\" \/>\n<meta property=\"og:title\" content=\"Remorques \u00e0 c\u00e2ble enti\u00e8rement hydrauliques AUTO4\" \/>\n<meta property=\"og:description\" content=\"Remorques \u00e0 c\u00e2ble enti\u00e8rement hydrauliques AUTO4 - Cable Pulling Machines Manufacturer\" \/>\n<meta property=\"og:url\" content=\"https:\/\/cablepullingmachines.com\/fr\/remorque-a-tambour-de-cable-entierement-hydraulique\/remorques-a-cable-entierement-hydrauliques-auto4\/\" \/>\n<meta property=\"og:site_name\" content=\"Cable Pulling Machines Manufacturer\" \/>\n<meta property=\"article:publisher\" content=\"https:\/\/www.facebook.com\/cablepullingmachines\" \/>\n<meta property=\"article:modified_time\" content=\"2025-02-18T13:23:31+00:00\" \/>\n<meta property=\"og:image\" content=\"https:\/\/cablepullingmachines.com\/wp-content\/uploads\/2025\/02\/Full-Hydraulic-Cable-Drum-Trailers-30-tons.webp\" \/>\n\t<meta property=\"og:image:width\" content=\"1010\" \/>\n\t<meta property=\"og:image:height\" content=\"617\" \/>\n\t<meta property=\"og:image:type\" content=\"image\/webp\" \/>\n<meta name=\"twitter:card\" content=\"summary_large_image\" \/>\n<meta name=\"twitter:label1\" content=\"Dur\u00e9e de lecture estim\u00e9e\" \/>\n\t<meta name=\"twitter:data1\" content=\"4 minutes\" \/>\n<script type=\"application\/ld+json\" class=\"yoast-schema-graph\">{\"@context\":\"https:\/\/schema.org\",\"@graph\":[{\"@type\":\"WebPage\",\"@id\":\"https:\/\/cablepullingmachines.com\/fr\/remorque-a-tambour-de-cable-entierement-hydraulique\/remorques-a-cable-entierement-hydrauliques-auto4\/\",\"url\":\"https:\/\/cablepullingmachines.com\/fr\/remorque-a-tambour-de-cable-entierement-hydraulique\/remorques-a-cable-entierement-hydrauliques-auto4\/\",\"name\":\"Remorques \u00e0 c\u00e2ble enti\u00e8rement hydrauliques AUTO4 - Cable Pulling Machines Manufacturer\",\"isPartOf\":{\"@id\":\"https:\/\/cablepullingmachines.com\/#website\"},\"primaryImageOfPage\":{\"@id\":\"https:\/\/cablepullingmachines.com\/fr\/remorque-a-tambour-de-cable-entierement-hydraulique\/remorques-a-cable-entierement-hydrauliques-auto4\/#primaryimage\"},\"image\":{\"@id\":\"https:\/\/cablepullingmachines.com\/fr\/remorque-a-tambour-de-cable-entierement-hydraulique\/remorques-a-cable-entierement-hydrauliques-auto4\/#primaryimage\"},\"thumbnailUrl\":\"https:\/\/cablepullingmachines.com\/wp-content\/uploads\/2025\/02\/Full-Hydraulic-Cable-Drum-Trailers-4-tons.webp\",\"datePublished\":\"2024-09-19T12:12:34+00:00\",\"dateModified\":\"2025-02-18T13:23:31+00:00\",\"description\":\"Remorques \u00e0 c\u00e2ble enti\u00e8rement hydrauliques AUTO4 - Cable Pulling Machines Manufacturer\",\"breadcrumb\":{\"@id\":\"https:\/\/cablepullingmachines.com\/fr\/remorque-a-tambour-de-cable-entierement-hydraulique\/remorques-a-cable-entierement-hydrauliques-auto4\/#breadcrumb\"},\"inLanguage\":\"fr-FR\",\"potentialAction\":[{\"@type\":\"ReadAction\",\"target\":[\"https:\/\/cablepullingmachines.com\/fr\/remorque-a-tambour-de-cable-entierement-hydraulique\/remorques-a-cable-entierement-hydrauliques-auto4\/\"]}]},{\"@type\":\"ImageObject\",\"inLanguage\":\"fr-FR\",\"@id\":\"https:\/\/cablepullingmachines.com\/fr\/remorque-a-tambour-de-cable-entierement-hydraulique\/remorques-a-cable-entierement-hydrauliques-auto4\/#primaryimage\",\"url\":\"https:\/\/cablepullingmachines.com\/wp-content\/uploads\/2025\/02\/Full-Hydraulic-Cable-Drum-Trailers-4-tons.webp\",\"contentUrl\":\"https:\/\/cablepullingmachines.com\/wp-content\/uploads\/2025\/02\/Full-Hydraulic-Cable-Drum-Trailers-4-tons.webp\",\"width\":1010,\"height\":617,\"caption\":\"Full Hydraulic Cable Drum Trailers 4 tons\"},{\"@type\":\"BreadcrumbList\",\"@id\":\"https:\/\/cablepullingmachines.com\/fr\/remorque-a-tambour-de-cable-entierement-hydraulique\/remorques-a-cable-entierement-hydrauliques-auto4\/#breadcrumb\",\"itemListElement\":[{\"@type\":\"ListItem\",\"position\":1,\"name\":\"Home\",\"item\":\"https:\/\/cablepullingmachines.com\/fr\/a\/\"},{\"@type\":\"ListItem\",\"position\":2,\"name\":\"Remorque \u00e0 tambour de c\u00e2ble enti\u00e8rement hydraulique\",\"item\":\"https:\/\/cablepullingmachines.com\/fr\/?page_id=4789\"},{\"@type\":\"ListItem\",\"position\":3,\"name\":\"Remorques \u00e0 c\u00e2ble enti\u00e8rement hydrauliques AUTO4\"}]},{\"@type\":\"WebSite\",\"@id\":\"https:\/\/cablepullingmachines.com\/#website\",\"url\":\"https:\/\/cablepullingmachines.com\/\",\"name\":\"Cable Pulling Machines and Cable Drum Trailers\",\"description\":\"Cable Pulling Machines, Winches, Cable Drum Trailers\",\"publisher\":{\"@id\":\"https:\/\/cablepullingmachines.com\/#organization\"},\"alternateName\":\"Cable Drum Trailers Manufacturer\",\"potentialAction\":[{\"@type\":\"SearchAction\",\"target\":{\"@type\":\"EntryPoint\",\"urlTemplate\":\"https:\/\/cablepullingmachines.com\/?s={search_term_string}\"},\"query-input\":{\"@type\":\"PropertyValueSpecification\",\"valueRequired\":true,\"valueName\":\"search_term_string\"}}],\"inLanguage\":\"fr-FR\"},{\"@type\":\"Organization\",\"@id\":\"https:\/\/cablepullingmachines.com\/#organization\",\"name\":\"Allame Makina Ltd Sti\",\"alternateName\":\"Cable Drum Trailers Manufacturer\",\"url\":\"https:\/\/cablepullingmachines.com\/\",\"logo\":{\"@type\":\"ImageObject\",\"inLanguage\":\"fr-FR\",\"@id\":\"https:\/\/cablepullingmachines.com\/#\/schema\/logo\/image\/\",\"url\":\"https:\/\/cablepullingmachines.com\/wp-content\/uploads\/2015\/10\/logo.jpg\",\"contentUrl\":\"https:\/\/cablepullingmachines.com\/wp-content\/uploads\/2015\/10\/logo.jpg\",\"width\":300,\"height\":140,\"caption\":\"Allame Makina Ltd Sti\"},\"image\":{\"@id\":\"https:\/\/cablepullingmachines.com\/#\/schema\/logo\/image\/\"},\"sameAs\":[\"https:\/\/www.facebook.com\/cablepullingmachines\",\"https:\/\/www.linkedin.com\/company\/cablepullingmachines\",\"https:\/\/www.youtube.com\/@CablePullingMachines\",\"https:\/\/www.instagram.com\/cablepullingmachines\"],\"description\":\"Cable laying products manufacturer from Turkiye. Cable Pulling Machines and Cable Drum Trailers Producer.\",\"email\":\"erkangok@allame.net\",\"telephone\":\"+905337789941\",\"legalName\":\"SKYPULLTECH\",\"foundingDate\":\"1999-02-12\",\"vatID\":\"0550635748\",\"iso6523Code\":\"1555ALL2025\",\"numberOfEmployees\":{\"@type\":\"QuantitativeValue\",\"minValue\":\"11\",\"maxValue\":\"50\"}}]}<\/script>\n<!-- \/ Yoast SEO Premium plugin. -->","yoast_head_json":{"title":"Remorques \u00e0 c\u00e2ble enti\u00e8rement hydrauliques AUTO4 - Cable Pulling Machines Manufacturer","description":"Remorques \u00e0 c\u00e2ble enti\u00e8rement hydrauliques AUTO4 - Cable Pulling Machines Manufacturer","robots":{"index":"index","follow":"follow","max-snippet":"max-snippet:-1","max-image-preview":"max-image-preview:large","max-video-preview":"max-video-preview:-1"},"canonical":"https:\/\/cablepullingmachines.com\/fr\/remorque-a-tambour-de-cable-entierement-hydraulique\/remorques-a-cable-entierement-hydrauliques-auto4\/","og_locale":"fr_FR","og_type":"article","og_title":"Remorques \u00e0 c\u00e2ble enti\u00e8rement hydrauliques AUTO4","og_description":"Remorques \u00e0 c\u00e2ble enti\u00e8rement hydrauliques AUTO4 - Cable Pulling Machines Manufacturer","og_url":"https:\/\/cablepullingmachines.com\/fr\/remorque-a-tambour-de-cable-entierement-hydraulique\/remorques-a-cable-entierement-hydrauliques-auto4\/","og_site_name":"Cable Pulling Machines Manufacturer","article_publisher":"https:\/\/www.facebook.com\/cablepullingmachines","article_modified_time":"2025-02-18T13:23:31+00:00","og_image":[{"width":1010,"height":617,"url":"https:\/\/cablepullingmachines.com\/wp-content\/uploads\/2025\/02\/Full-Hydraulic-Cable-Drum-Trailers-30-tons.webp","type":"image\/webp"}],"twitter_card":"summary_large_image","twitter_misc":{"Dur\u00e9e de lecture estim\u00e9e":"4 minutes"},"schema":{"@context":"https:\/\/schema.org","@graph":[{"@type":"WebPage","@id":"https:\/\/cablepullingmachines.com\/fr\/remorque-a-tambour-de-cable-entierement-hydraulique\/remorques-a-cable-entierement-hydrauliques-auto4\/","url":"https:\/\/cablepullingmachines.com\/fr\/remorque-a-tambour-de-cable-entierement-hydraulique\/remorques-a-cable-entierement-hydrauliques-auto4\/","name":"Remorques \u00e0 c\u00e2ble enti\u00e8rement hydrauliques AUTO4 - Cable Pulling Machines Manufacturer","isPartOf":{"@id":"https:\/\/cablepullingmachines.com\/#website"},"primaryImageOfPage":{"@id":"https:\/\/cablepullingmachines.com\/fr\/remorque-a-tambour-de-cable-entierement-hydraulique\/remorques-a-cable-entierement-hydrauliques-auto4\/#primaryimage"},"image":{"@id":"https:\/\/cablepullingmachines.com\/fr\/remorque-a-tambour-de-cable-entierement-hydraulique\/remorques-a-cable-entierement-hydrauliques-auto4\/#primaryimage"},"thumbnailUrl":"https:\/\/cablepullingmachines.com\/wp-content\/uploads\/2025\/02\/Full-Hydraulic-Cable-Drum-Trailers-4-tons.webp","datePublished":"2024-09-19T12:12:34+00:00","dateModified":"2025-02-18T13:23:31+00:00","description":"Remorques \u00e0 c\u00e2ble enti\u00e8rement hydrauliques AUTO4 - Cable Pulling Machines Manufacturer","breadcrumb":{"@id":"https:\/\/cablepullingmachines.com\/fr\/remorque-a-tambour-de-cable-entierement-hydraulique\/remorques-a-cable-entierement-hydrauliques-auto4\/#breadcrumb"},"inLanguage":"fr-FR","potentialAction":[{"@type":"ReadAction","target":["https:\/\/cablepullingmachines.com\/fr\/remorque-a-tambour-de-cable-entierement-hydraulique\/remorques-a-cable-entierement-hydrauliques-auto4\/"]}]},{"@type":"ImageObject","inLanguage":"fr-FR","@id":"https:\/\/cablepullingmachines.com\/fr\/remorque-a-tambour-de-cable-entierement-hydraulique\/remorques-a-cable-entierement-hydrauliques-auto4\/#primaryimage","url":"https:\/\/cablepullingmachines.com\/wp-content\/uploads\/2025\/02\/Full-Hydraulic-Cable-Drum-Trailers-4-tons.webp","contentUrl":"https:\/\/cablepullingmachines.com\/wp-content\/uploads\/2025\/02\/Full-Hydraulic-Cable-Drum-Trailers-4-tons.webp","width":1010,"height":617,"caption":"Full Hydraulic Cable Drum Trailers 4 tons"},{"@type":"BreadcrumbList","@id":"https:\/\/cablepullingmachines.com\/fr\/remorque-a-tambour-de-cable-entierement-hydraulique\/remorques-a-cable-entierement-hydrauliques-auto4\/#breadcrumb","itemListElement":[{"@type":"ListItem","position":1,"name":"Home","item":"https:\/\/cablepullingmachines.com\/fr\/a\/"},{"@type":"ListItem","position":2,"name":"Remorque \u00e0 tambour de c\u00e2ble enti\u00e8rement hydraulique","item":"https:\/\/cablepullingmachines.com\/fr\/?page_id=4789"},{"@type":"ListItem","position":3,"name":"Remorques \u00e0 c\u00e2ble enti\u00e8rement hydrauliques AUTO4"}]},{"@type":"WebSite","@id":"https:\/\/cablepullingmachines.com\/#website","url":"https:\/\/cablepullingmachines.com\/","name":"Cable Pulling Machines and Cable Drum Trailers","description":"Cable Pulling Machines, Winches, Cable Drum Trailers","publisher":{"@id":"https:\/\/cablepullingmachines.com\/#organization"},"alternateName":"Cable Drum Trailers Manufacturer","potentialAction":[{"@type":"SearchAction","target":{"@type":"EntryPoint","urlTemplate":"https:\/\/cablepullingmachines.com\/?s={search_term_string}"},"query-input":{"@type":"PropertyValueSpecification","valueRequired":true,"valueName":"search_term_string"}}],"inLanguage":"fr-FR"},{"@type":"Organization","@id":"https:\/\/cablepullingmachines.com\/#organization","name":"Allame Makina Ltd Sti","alternateName":"Cable Drum Trailers Manufacturer","url":"https:\/\/cablepullingmachines.com\/","logo":{"@type":"ImageObject","inLanguage":"fr-FR","@id":"https:\/\/cablepullingmachines.com\/#\/schema\/logo\/image\/","url":"https:\/\/cablepullingmachines.com\/wp-content\/uploads\/2015\/10\/logo.jpg","contentUrl":"https:\/\/cablepullingmachines.com\/wp-content\/uploads\/2015\/10\/logo.jpg","width":300,"height":140,"caption":"Allame Makina Ltd Sti"},"image":{"@id":"https:\/\/cablepullingmachines.com\/#\/schema\/logo\/image\/"},"sameAs":["https:\/\/www.facebook.com\/cablepullingmachines","https:\/\/www.linkedin.com\/company\/cablepullingmachines","https:\/\/www.youtube.com\/@CablePullingMachines","https:\/\/www.instagram.com\/cablepullingmachines"],"description":"Cable laying products manufacturer from Turkiye. Cable Pulling Machines and Cable Drum Trailers Producer.","email":"erkangok@allame.net","telephone":"+905337789941","legalName":"SKYPULLTECH","foundingDate":"1999-02-12","vatID":"0550635748","iso6523Code":"1555ALL2025","numberOfEmployees":{"@type":"QuantitativeValue","minValue":"11","maxValue":"50"}}]}},"amp_enabled":true,"_links":{"self":[{"href":"https:\/\/cablepullingmachines.com\/fr\/wp-json\/wp\/v2\/pages\/4716","targetHints":{"allow":["GET"]}}],"collection":[{"href":"https:\/\/cablepullingmachines.com\/fr\/wp-json\/wp\/v2\/pages"}],"about":[{"href":"https:\/\/cablepullingmachines.com\/fr\/wp-json\/wp\/v2\/types\/page"}],"author":[{"embeddable":true,"href":"https:\/\/cablepullingmachines.com\/fr\/wp-json\/wp\/v2\/users\/1"}],"replies":[{"embeddable":true,"href":"https:\/\/cablepullingmachines.com\/fr\/wp-json\/wp\/v2\/comments?post=4716"}],"version-history":[{"count":0,"href":"https:\/\/cablepullingmachines.com\/fr\/wp-json\/wp\/v2\/pages\/4716\/revisions"}],"up":[{"embeddable":true,"href":"https:\/\/cablepullingmachines.com\/fr\/wp-json\/wp\/v2\/pages\/4789"}],"wp:featuredmedia":[{"embeddable":true,"href":"https:\/\/cablepullingmachines.com\/fr\/wp-json\/wp\/v2\/media\/5499"}],"wp:attachment":[{"href":"https:\/\/cablepullingmachines.com\/fr\/wp-json\/wp\/v2\/media?parent=4716"}],"curies":[{"name":"wp","href":"https:\/\/api.w.org\/{rel}","templated":true}]}}