{"id":4706,"date":"2024-09-19T12:12:32","date_gmt":"2024-09-19T12:12:32","guid":{"rendered":"https:\/\/cablepullingmachines.com\/a-propos-de-nous\/"},"modified":"2024-09-19T12:12:32","modified_gmt":"2024-09-19T12:12:32","slug":"a-propos-de-nous","status":"publish","type":"page","link":"https:\/\/cablepullingmachines.com\/fr\/a-propos-de-nous\/","title":{"rendered":"A propos de nous"},"content":{"rendered":"<h1><strong>Les meilleures machines \u00e0 tirer les c\u00e2bles de l&#8217;industrie<\/strong><\/h1>\n<p><em>Les machines de tirage de c\u00e2bles se composent d&#8217;une vari\u00e9t\u00e9 d&#8217;accessoires de tirage de c\u00e2bles ainsi que de rouleaux de c\u00e2bles, de machines et d&#8217;un ensemble d&#8217;autres machines qui contribuent \u00e0 la fluidit\u00e9 du travail.<br \/>\nNous parlerons ici des treuils de tirage de c\u00e2ble et de leurs innombrables caract\u00e9ristiques, sp\u00e9cifications et avantages.   <\/em><\/p>\n<p><strong>Fiable et efficace<\/strong> Une machine \u00e0 tirer les c\u00e2bles est actionn\u00e9e par un moteur diesel et comprend un tambour de stockage \u00e9quip\u00e9 de c\u00e2bles m\u00e9talliques antigiratoires.<br \/>\nElle peut \u00eatre actionn\u00e9e par une seule personne \u00e0 l&#8217;aide de rouleaux, de pivots et de boudins de traction.<br \/>\nTous les composants sont fabriqu\u00e9s en interne et garantissent la meilleure qualit\u00e9 pour les clients. Les <em>machines de tirage de c\u00e2ble<\/em> sont finies avec des peintures standard ou sont galvanis\u00e9es et rev\u00eatues de poudre. <figure id=\"attachment_514\" aria-describedby=\"caption-attachment-514\" style=\"width: 1000px\" class=\"wp-caption aligncenter\"><a href=\"http:\/\/cablepullingmachines.com\/wp-content\/uploads\/2015\/07\/cable-pulling-machines-made-in-turkey.jpg\"><img decoding=\"async\" class=\"wp-image-514 size-full lazyload\" data-src=\"http:\/\/cablepullingmachines.com\/wp-content\/uploads\/2015\/07\/cable-pulling-machines-made-in-turkey.jpg\" alt=\"fabricant de machines \u00e0 tirer les c\u00e2bles !\" width=\"1000\" height=\"750\" data-srcset=\"https:\/\/cablepullingmachines.com\/wp-content\/uploads\/2015\/07\/cable-pulling-machines-made-in-turkey.jpg 1000w, https:\/\/cablepullingmachines.com\/wp-content\/uploads\/2015\/07\/cable-pulling-machines-made-in-turkey-300x225.jpg 300w, https:\/\/cablepullingmachines.com\/wp-content\/uploads\/2015\/07\/cable-pulling-machines-made-in-turkey-768x576.jpg 768w, https:\/\/cablepullingmachines.com\/wp-content\/uploads\/2015\/07\/cable-pulling-machines-made-in-turkey-705x529.jpg 705w, https:\/\/cablepullingmachines.com\/wp-content\/uploads\/2015\/07\/cable-pulling-machines-made-in-turkey-450x338.jpg 450w\" data-sizes=\"(max-width: 1000px) 100vw, 1000px\" src=\"data:image\/svg+xml;base64,PHN2ZyB3aWR0aD0iMSIgaGVpZ2h0PSIxIiB4bWxucz0iaHR0cDovL3d3dy53My5vcmcvMjAwMC9zdmciPjwvc3ZnPg==\" style=\"--smush-placeholder-width: 1000px; --smush-placeholder-aspect-ratio: 1000\/750;\" \/><\/a><figcaption id=\"caption-attachment-514\" class=\"wp-caption-text\">cable pulling machines made in<\/figcaption><\/figure><strong>turkeyCaract\u00e9ristiques<\/strong> techniques Il existe diff\u00e9rents types de treuils de tirage de c\u00e2ble avec diff\u00e9rentes sp\u00e9cifications, dont un avec un moteur amphibie de 6,6 HP et un syst\u00e8me d&#8217;engrenage plan\u00e9taire \u00e0 3 \u00e9tages, compl\u00e8tement \u00e9tanche, un sol\u00e9no\u00efde de pointe de 500AMP et qui peut tirer n&#8217;importe quel type de fil, qu&#8217;il s&#8217;agisse d&#8217;un fil isol\u00e9 en cuivre lourd ou d&#8217;un fil en fibre l\u00e9ger.<br \/>\nVous pouvez choisir parmi un assortiment de machines \u00e0 tirer les c\u00e2bles pour installer des c\u00e2bles \u00e9lectriques ou tirer des fils \u00e0 haute tension.<br \/>\nToutes les unit\u00e9s sont mises en \u0153uvre et con\u00e7ues selon une m\u00e9thode particuli\u00e8re.<br \/>\nTous les treuils sont solides, r\u00e9sistants et durables et comprennent des moteurs lourds qui sont puissants et peuvent tirer une charge assez importante.<br \/>\nToutes les machines \u00e0 tirer les c\u00e2bles sont \u00e9quip\u00e9es de consoles permettant \u00e0 l&#8217;op\u00e9rateur de visualiser la force appliqu\u00e9e lors du tirage des c\u00e2bles. Les <strong>machines \u00e0 tirer les c\u00e2bles<\/strong> peuvent \u00eatre aliment\u00e9es \u00e9lectriquement ou par un moteur diesel.<br \/>\nElles disposent de diff\u00e9rents types de vitesse de traction en fonction des besoins et peuvent tirer dans les deux sens.<br \/>\nTous les treuils sont \u00e9quip\u00e9s de feux et de r\u00e9flecteurs, de garde-boue, d&#8217;une roue de jauge et sont prot\u00e9g\u00e9s par un auvent.<br \/>\nChoisissez parmi un assortiment de treuils pour toutes sortes d&#8217;applications.<br \/>\nNos <strong>machines \u00e0 tirer les c\u00e2bles<\/strong> sont faciles \u00e0 utiliser, s\u00fbres et faciles \u00e0 entretenir.<br \/>\nNous disposons de treuils sp\u00e9ciaux pour le renouvellement des tuyaux, qui permettent de tirer avec une grande force. <strong>Pourquoi devriez-vous choisir nos services<\/strong>? Nous disposons d&#8217;un personnel bien form\u00e9 qui conna\u00eet bien son travail.<br \/>\nIls accordent \u00e0 tous leurs clients une attention individuelle et une priorit\u00e9 \u00e9lev\u00e9e. En cas de panne, ils sont les premiers \u00e0 se pr\u00e9cipiter chez vous.<br \/>\nNous fournissons certains des meilleurs treuils de tirage de c\u00e2bles qui peuvent \u00eatre pr\u00e9r\u00e9gl\u00e9s aussi rapidement qu&#8217;install\u00e9s afin qu&#8217;ils ne d\u00e9passent pas la tension pendant le tirage des c\u00e2bles.<br \/>\nNos <strong>machines \u00e0 tirer les c\u00e2bles<\/strong> ont \u00e9t\u00e9 con\u00e7ues de mani\u00e8re scientifique afin qu&#8217;elles puissent tirer des fibres d\u00e9licates aussi bien que de lourds c\u00e2bles en cuivre.<br \/>\nLe treuil des <em>machines de tirage de c\u00e2bles<\/em> constitue une solution id\u00e9ale pour l&#8217;installation de longs c\u00e2bles dans des endroits \u00e9loign\u00e9s.<br \/>\nNous offrons une longueur de traction illimit\u00e9e ainsi que le choix de la vitesse de la poulie.<br \/>\nIls sont compacts et l\u00e9gers et peuvent \u00eatre transport\u00e9s sur de longues distances.<br \/>\nElles sont \u00e9galement dot\u00e9es de techniques de rotation invers\u00e9e pour contr\u00f4ler la lib\u00e9ration d&#8217;une charge lourde.<br \/>\nAllame MAKINA                   <\/p>\n","protected":false},"excerpt":{"rendered":"<p>Les meilleures machines \u00e0 tirer les c\u00e2bles de l&#8217;industrie Les machines de tirage de c\u00e2bles se composent d&#8217;une vari\u00e9t\u00e9 d&#8217;accessoires de tirage de c\u00e2bles ainsi que de rouleaux de c\u00e2bles, de machines et d&#8217;un ensemble d&#8217;autres machines qui contribuent \u00e0 la fluidit\u00e9 du travail. Nous parlerons ici des treuils de tirage de c\u00e2ble et de<\/p>\n","protected":false},"author":1,"featured_media":4150,"parent":0,"menu_order":0,"comment_status":"closed","ping_status":"closed","template":"","meta":{"_joinchat":[],"footnotes":""},"class_list":["post-4706","page","type-page","status-publish","has-post-thumbnail","hentry"],"yoast_head":"<!-- This site is optimized with the Yoast SEO Premium plugin v27.5 (Yoast SEO v27.5) - https:\/\/yoast.com\/product\/yoast-seo-premium-wordpress\/ -->\n<title>A propos de nous - Cable Pulling Machines Manufacturer<\/title>\n<meta name=\"description\" content=\"A propos de nous - Cable Pulling Machines Manufacturer\" \/>\n<meta name=\"robots\" content=\"index, follow, max-snippet:-1, max-image-preview:large, max-video-preview:-1\" \/>\n<link rel=\"canonical\" href=\"https:\/\/cablepullingmachines.com\/fr\/?page_id=4706\" \/>\n<meta property=\"og:locale\" content=\"fr_FR\" \/>\n<meta property=\"og:type\" content=\"article\" \/>\n<meta property=\"og:title\" content=\"A propos de nous\" \/>\n<meta property=\"og:description\" content=\"A propos de nous - Cable Pulling Machines Manufacturer\" \/>\n<meta property=\"og:url\" content=\"https:\/\/cablepullingmachines.com\/fr\/?page_id=4706\" \/>\n<meta property=\"og:site_name\" content=\"Cable Pulling Machines Manufacturer\" \/>\n<meta property=\"article:publisher\" content=\"https:\/\/www.facebook.com\/cablepullingmachines\" \/>\n<meta property=\"og:image\" content=\"https:\/\/i0.wp.com\/cablepullingmachines.com\/wp-content\/uploads\/2016\/11\/Cable-Pulling-Winches-Manufacturer-Turkey-6.png?fit=1000%2C563&ssl=1\" \/>\n\t<meta property=\"og:image:width\" content=\"1000\" \/>\n\t<meta property=\"og:image:height\" content=\"563\" \/>\n\t<meta property=\"og:image:type\" content=\"image\/png\" \/>\n<meta name=\"twitter:card\" content=\"summary_large_image\" \/>\n<meta name=\"twitter:label1\" content=\"Dur\u00e9e de lecture estim\u00e9e\" \/>\n\t<meta name=\"twitter:data1\" content=\"3 minutes\" \/>\n<script type=\"application\/ld+json\" class=\"yoast-schema-graph\">{\"@context\":\"https:\\\/\\\/schema.org\",\"@graph\":[{\"@type\":\"WebPage\",\"@id\":\"https:\\\/\\\/cablepullingmachines.com\\\/fr\\\/?page_id=4706\",\"url\":\"https:\\\/\\\/cablepullingmachines.com\\\/fr\\\/?page_id=4706\",\"name\":\"A propos de nous - Cable Pulling Machines Manufacturer\",\"isPartOf\":{\"@id\":\"https:\\\/\\\/cablepullingmachines.com\\\/#website\"},\"primaryImageOfPage\":{\"@id\":\"https:\\\/\\\/cablepullingmachines.com\\\/fr\\\/?page_id=4706#primaryimage\"},\"image\":{\"@id\":\"https:\\\/\\\/cablepullingmachines.com\\\/fr\\\/?page_id=4706#primaryimage\"},\"thumbnailUrl\":\"https:\\\/\\\/cablepullingmachines.com\\\/wp-content\\\/uploads\\\/2016\\\/11\\\/Cable-Pulling-Winches-Manufacturer-Turkey-6.png\",\"datePublished\":\"2024-09-19T12:12:32+00:00\",\"description\":\"A propos de nous - Cable Pulling Machines Manufacturer\",\"breadcrumb\":{\"@id\":\"https:\\\/\\\/cablepullingmachines.com\\\/fr\\\/?page_id=4706#breadcrumb\"},\"inLanguage\":\"fr-FR\",\"potentialAction\":[{\"@type\":\"ReadAction\",\"target\":[\"https:\\\/\\\/cablepullingmachines.com\\\/fr\\\/?page_id=4706\"]}]},{\"@type\":\"ImageObject\",\"inLanguage\":\"fr-FR\",\"@id\":\"https:\\\/\\\/cablepullingmachines.com\\\/fr\\\/?page_id=4706#primaryimage\",\"url\":\"https:\\\/\\\/cablepullingmachines.com\\\/wp-content\\\/uploads\\\/2016\\\/11\\\/Cable-Pulling-Winches-Manufacturer-Turkey-6.png\",\"contentUrl\":\"https:\\\/\\\/cablepullingmachines.com\\\/wp-content\\\/uploads\\\/2016\\\/11\\\/Cable-Pulling-Winches-Manufacturer-Turkey-6.png\",\"width\":1000,\"height\":563,\"caption\":\"Cable Pulling Winches Covered Version\"},{\"@type\":\"BreadcrumbList\",\"@id\":\"https:\\\/\\\/cablepullingmachines.com\\\/fr\\\/?page_id=4706#breadcrumb\",\"itemListElement\":[{\"@type\":\"ListItem\",\"position\":1,\"name\":\"Home\",\"item\":\"https:\\\/\\\/cablepullingmachines.com\\\/fr\\\/a\\\/\"},{\"@type\":\"ListItem\",\"position\":2,\"name\":\"A propos de nous\"}]},{\"@type\":\"WebSite\",\"@id\":\"https:\\\/\\\/cablepullingmachines.com\\\/#website\",\"url\":\"https:\\\/\\\/cablepullingmachines.com\\\/\",\"name\":\"Cable Pulling Machines and Cable Drum Trailers\",\"description\":\"Cable Pulling Machines, Winches, Cable Drum Trailers\",\"publisher\":{\"@id\":\"https:\\\/\\\/cablepullingmachines.com\\\/#organization\"},\"alternateName\":\"Cable Drum Trailers Manufacturer\",\"potentialAction\":[{\"@type\":\"SearchAction\",\"target\":{\"@type\":\"EntryPoint\",\"urlTemplate\":\"https:\\\/\\\/cablepullingmachines.com\\\/?s={search_term_string}\"},\"query-input\":{\"@type\":\"PropertyValueSpecification\",\"valueRequired\":true,\"valueName\":\"search_term_string\"}}],\"inLanguage\":\"fr-FR\"},{\"@type\":\"Organization\",\"@id\":\"https:\\\/\\\/cablepullingmachines.com\\\/#organization\",\"name\":\"Allame Makina Ltd Sti\",\"alternateName\":\"Cable Drum Trailers Manufacturer\",\"url\":\"https:\\\/\\\/cablepullingmachines.com\\\/\",\"logo\":{\"@type\":\"ImageObject\",\"inLanguage\":\"fr-FR\",\"@id\":\"https:\\\/\\\/cablepullingmachines.com\\\/#\\\/schema\\\/logo\\\/image\\\/\",\"url\":\"https:\\\/\\\/cablepullingmachines.com\\\/wp-content\\\/uploads\\\/2015\\\/10\\\/logo.jpg\",\"contentUrl\":\"https:\\\/\\\/cablepullingmachines.com\\\/wp-content\\\/uploads\\\/2015\\\/10\\\/logo.jpg\",\"width\":300,\"height\":140,\"caption\":\"Allame Makina Ltd Sti\"},\"image\":{\"@id\":\"https:\\\/\\\/cablepullingmachines.com\\\/#\\\/schema\\\/logo\\\/image\\\/\"},\"sameAs\":[\"https:\\\/\\\/www.facebook.com\\\/cablepullingmachines\",\"https:\\\/\\\/www.linkedin.com\\\/company\\\/cablepullingmachines\",\"https:\\\/\\\/www.youtube.com\\\/@CablePullingMachines\",\"https:\\\/\\\/www.instagram.com\\\/cablepullingmachines\"],\"description\":\"Cable laying products manufacturer from Turkiye. Cable Pulling Machines and Cable Drum Trailers Producer.\",\"email\":\"erkangok@allame.net\",\"telephone\":\"+905337789941\",\"legalName\":\"SKYPULLTECH\",\"foundingDate\":\"1999-02-12\",\"vatID\":\"0550635748\",\"iso6523Code\":\"1555ALL2025\",\"numberOfEmployees\":{\"@type\":\"QuantitativeValue\",\"minValue\":\"11\",\"maxValue\":\"50\"}}]}<\/script>\n<!-- \/ Yoast SEO Premium plugin. -->","yoast_head_json":{"title":"A propos de nous - Cable Pulling Machines Manufacturer","description":"A propos de nous - Cable Pulling Machines Manufacturer","robots":{"index":"index","follow":"follow","max-snippet":"max-snippet:-1","max-image-preview":"max-image-preview:large","max-video-preview":"max-video-preview:-1"},"canonical":"https:\/\/cablepullingmachines.com\/fr\/?page_id=4706","og_locale":"fr_FR","og_type":"article","og_title":"A propos de nous","og_description":"A propos de nous - Cable Pulling Machines Manufacturer","og_url":"https:\/\/cablepullingmachines.com\/fr\/?page_id=4706","og_site_name":"Cable Pulling Machines Manufacturer","article_publisher":"https:\/\/www.facebook.com\/cablepullingmachines","og_image":[{"width":1000,"height":563,"url":"https:\/\/i0.wp.com\/cablepullingmachines.com\/wp-content\/uploads\/2016\/11\/Cable-Pulling-Winches-Manufacturer-Turkey-6.png?fit=1000%2C563&ssl=1","type":"image\/png"}],"twitter_card":"summary_large_image","twitter_misc":{"Dur\u00e9e de lecture estim\u00e9e":"3 minutes"},"schema":{"@context":"https:\/\/schema.org","@graph":[{"@type":"WebPage","@id":"https:\/\/cablepullingmachines.com\/fr\/?page_id=4706","url":"https:\/\/cablepullingmachines.com\/fr\/?page_id=4706","name":"A propos de nous - Cable Pulling Machines Manufacturer","isPartOf":{"@id":"https:\/\/cablepullingmachines.com\/#website"},"primaryImageOfPage":{"@id":"https:\/\/cablepullingmachines.com\/fr\/?page_id=4706#primaryimage"},"image":{"@id":"https:\/\/cablepullingmachines.com\/fr\/?page_id=4706#primaryimage"},"thumbnailUrl":"https:\/\/cablepullingmachines.com\/wp-content\/uploads\/2016\/11\/Cable-Pulling-Winches-Manufacturer-Turkey-6.png","datePublished":"2024-09-19T12:12:32+00:00","description":"A propos de nous - Cable Pulling Machines Manufacturer","breadcrumb":{"@id":"https:\/\/cablepullingmachines.com\/fr\/?page_id=4706#breadcrumb"},"inLanguage":"fr-FR","potentialAction":[{"@type":"ReadAction","target":["https:\/\/cablepullingmachines.com\/fr\/?page_id=4706"]}]},{"@type":"ImageObject","inLanguage":"fr-FR","@id":"https:\/\/cablepullingmachines.com\/fr\/?page_id=4706#primaryimage","url":"https:\/\/cablepullingmachines.com\/wp-content\/uploads\/2016\/11\/Cable-Pulling-Winches-Manufacturer-Turkey-6.png","contentUrl":"https:\/\/cablepullingmachines.com\/wp-content\/uploads\/2016\/11\/Cable-Pulling-Winches-Manufacturer-Turkey-6.png","width":1000,"height":563,"caption":"Cable Pulling Winches Covered Version"},{"@type":"BreadcrumbList","@id":"https:\/\/cablepullingmachines.com\/fr\/?page_id=4706#breadcrumb","itemListElement":[{"@type":"ListItem","position":1,"name":"Home","item":"https:\/\/cablepullingmachines.com\/fr\/a\/"},{"@type":"ListItem","position":2,"name":"A propos de nous"}]},{"@type":"WebSite","@id":"https:\/\/cablepullingmachines.com\/#website","url":"https:\/\/cablepullingmachines.com\/","name":"Cable Pulling Machines and Cable Drum Trailers","description":"Cable Pulling Machines, Winches, Cable Drum Trailers","publisher":{"@id":"https:\/\/cablepullingmachines.com\/#organization"},"alternateName":"Cable Drum Trailers Manufacturer","potentialAction":[{"@type":"SearchAction","target":{"@type":"EntryPoint","urlTemplate":"https:\/\/cablepullingmachines.com\/?s={search_term_string}"},"query-input":{"@type":"PropertyValueSpecification","valueRequired":true,"valueName":"search_term_string"}}],"inLanguage":"fr-FR"},{"@type":"Organization","@id":"https:\/\/cablepullingmachines.com\/#organization","name":"Allame Makina Ltd Sti","alternateName":"Cable Drum Trailers Manufacturer","url":"https:\/\/cablepullingmachines.com\/","logo":{"@type":"ImageObject","inLanguage":"fr-FR","@id":"https:\/\/cablepullingmachines.com\/#\/schema\/logo\/image\/","url":"https:\/\/cablepullingmachines.com\/wp-content\/uploads\/2015\/10\/logo.jpg","contentUrl":"https:\/\/cablepullingmachines.com\/wp-content\/uploads\/2015\/10\/logo.jpg","width":300,"height":140,"caption":"Allame Makina Ltd Sti"},"image":{"@id":"https:\/\/cablepullingmachines.com\/#\/schema\/logo\/image\/"},"sameAs":["https:\/\/www.facebook.com\/cablepullingmachines","https:\/\/www.linkedin.com\/company\/cablepullingmachines","https:\/\/www.youtube.com\/@CablePullingMachines","https:\/\/www.instagram.com\/cablepullingmachines"],"description":"Cable laying products manufacturer from Turkiye. Cable Pulling Machines and Cable Drum Trailers Producer.","email":"erkangok@allame.net","telephone":"+905337789941","legalName":"SKYPULLTECH","foundingDate":"1999-02-12","vatID":"0550635748","iso6523Code":"1555ALL2025","numberOfEmployees":{"@type":"QuantitativeValue","minValue":"11","maxValue":"50"}}]}},"amp_enabled":true,"_links":{"self":[{"href":"https:\/\/cablepullingmachines.com\/fr\/wp-json\/wp\/v2\/pages\/4706","targetHints":{"allow":["GET"]}}],"collection":[{"href":"https:\/\/cablepullingmachines.com\/fr\/wp-json\/wp\/v2\/pages"}],"about":[{"href":"https:\/\/cablepullingmachines.com\/fr\/wp-json\/wp\/v2\/types\/page"}],"author":[{"embeddable":true,"href":"https:\/\/cablepullingmachines.com\/fr\/wp-json\/wp\/v2\/users\/1"}],"replies":[{"embeddable":true,"href":"https:\/\/cablepullingmachines.com\/fr\/wp-json\/wp\/v2\/comments?post=4706"}],"version-history":[{"count":0,"href":"https:\/\/cablepullingmachines.com\/fr\/wp-json\/wp\/v2\/pages\/4706\/revisions"}],"wp:featuredmedia":[{"embeddable":true,"href":"https:\/\/cablepullingmachines.com\/fr\/wp-json\/wp\/v2\/media\/4150"}],"wp:attachment":[{"href":"https:\/\/cablepullingmachines.com\/fr\/wp-json\/wp\/v2\/media?parent=4706"}],"curies":[{"name":"wp","href":"https:\/\/api.w.org\/{rel}","templated":true}]}}