{"id":4627,"date":"2024-09-19T12:12:04","date_gmt":"2024-09-19T12:12:04","guid":{"rendered":"https:\/\/cablepullingmachines.com\/remorque-hydraulique-a-tambour-de-cable-7ton\/"},"modified":"2024-09-19T17:43:40","modified_gmt":"2024-09-19T17:43:40","slug":"remorque-hydraulique-a-tambour-de-cable-7ton","status":"publish","type":"page","link":"https:\/\/cablepullingmachines.com\/fr\/remorques-a-tambour-de-cable\/remorques-a-tambour-de-cable-hydraulique\/remorque-hydraulique-a-tambour-de-cable-7ton\/","title":{"rendered":"Remorque hydraulique \u00e0 tambour de c\u00e2ble 7TON"},"content":{"rendered":"<p>[av_image src=&#8217;http:\/\/cablepullingmachines.com\/wp-content\/uploads\/2015\/12\/Cable-Drum-Trailers-Romork-1-1.jpg&#8217; attachment=&#8217;1887&#8242; attachment_size=&#8217;full&#8217; align=&#8217;center&#8217; styling=&#8221; hover=&#8221; link=&#8221; target=&#8221; caption=&#8221; font_size=&#8221; appearance=&#8221; overlay_opacity=&#8217;0.4&#8242; overlay_color=&#8217;#000000&#8242; overlay_text_color=&#8217;#ffffff&#8217; animation=&#8217;no-animation&#8217; av_uid=&#8217;av-6lr2pv&#8217;][\/av_image]<\/p>\n<p>[av_heading tag=&#8217;h2&#8242; padding=&#8217;10&#8217; heading=&#8217;REMORQUES HYDRAULIQUES \u00c0 TAMBOUR 7 TONNES&#8217; color=&#8221; style=&#8221; custom_font=&#8221; size=&#8221; subheading_active=&#8221; subheading_size=&#8217;15&#8217; custom_class=&#8221; admin_preview_bg=&#8221; av-desktop-hide=&#8221; av-medium-hide=&#8221; av-small-hide=&#8221; av-mini-hide=&#8221; av-medium-font-size-title=&#8221; av-small-font-size-title=&#8221; av-mini-font-size-title=&#8221; av-medium-font-size=&#8221; av-small-font-size=&#8221; av-mini-font-size=&#8221; av_uid=&#8217;av-6c7v0b&#8217;][\/av_heading]<\/p>\n<p>[av_textblock size=&#8221; font_color=&#8221; color=&#8221; av-medium-font-size=&#8221; av-small-font-size=&#8221; av-mini-font-size=&#8221; admin_preview_bg=&#8221; av_uid=&#8217;av-67wurf&#8217;]<br \/>\n<a href=\"http:\/\/www.cablepullingmachines.com\"><strong>Fabricants de remorques \u00e0 tambour de c\u00e2ble<\/strong><\/a><strong>Quels sont les services propos\u00e9s par les fabricants de remorques \u00e0 tambour ?<\/strong><\/p>\n<p><em>Une remorque \u00e0 tourets de c\u00e2bles est reconnue comme l&#8217;un des accessoires les plus importants pour toute entreprise, qu&#8217;il s&#8217;agisse d&#8217;une entreprise de construction, d&#8217;une entreprise de t\u00e9l\u00e9communication ou d&#8217;une entreprise d&#8217;approvisionnement en \u00e9lectricit\u00e9.<br \/>\nCi-dessous, nous allons discuter de cet article pour vous. <\/em><\/p>\n<p><strong>Les remorques pour tourets de c\u00e2ble <\/strong>sont des \u00e9quipements essentiels pour charger et d\u00e9rouler les tourets de c\u00e2ble et les bobines de c\u00e2ble de la mani\u00e8re la plus efficace possible, conform\u00e9ment aux normes les plus r\u00e9centes.<br \/>\nUne remorque pour tourets de c\u00e2ble rend le chargement et le d\u00e9roulage terriblement efficaces.<br \/>\nDans la section suivante, nous allons examiner un certain nombre de services offerts par les <strong>fabricants de remorques pour tourets de c\u00e2ble<\/strong>. <strong>Conseil en voyages, en aviation et en services aux entreprises<\/strong> Ces entreprises proposent des services de conception et de construction en votre nom, depuis les croquis pr\u00e9liminaires jusqu&#8217;\u00e0 la production finale.<br \/>\nToutes ces entreprises tiennent compte de tous les facteurs de changement, d\u00e8s le d\u00e9part.<br \/>\nElles vous inspirent et vous soutiennent dans votre d\u00e9marche de changement. <strong>Conseil en produits de consommation et en services financiers<\/strong> Les <strong>fabricants de remorques \u00e0 touret de c\u00e2ble<\/strong> con\u00e7oivent des mod\u00e8les de d\u00e9veloppement reproductibles ainsi que des pipelines avanc\u00e9s qui produisent de nouveaux articles avec de meilleures possibilit\u00e9s et moins de risques de panne.<br \/>\nIls travaillent aussi bien du c\u00f4t\u00e9 des acheteurs que des vendeurs et pr\u00e9sentent \u00e0 leurs clients des r\u00e9ponses insistantes et objectives en se concentrant sur les meilleures opportunit\u00e9s. <strong>\u00c9nergie et atmosph\u00e8re &amp; Transport de surface &amp; Conseil en logistique<\/strong> Toutes ces entreprises sont pr\u00e9sentes dans chacune des principales zones g\u00e9ographiques, ce qui signifie qu&#8217;elles connaissent parfaitement les principaux moteurs des march\u00e9s de la construction.<br \/>\nLe transport programm\u00e9 agit, depuis les inclinaisons et l&#8217;approche du march\u00e9 jusqu&#8217;\u00e0 l&#8217;expansion des strat\u00e9gies de rentabilisation incorpor\u00e9es.<br \/>\n<strong>Tags : <\/strong>inclinaisons du march\u00e9, strat\u00e9gies financi\u00e8res et r\u00e9ponses objectives Pour plus d&#8217;informations, veuillez <a href=\"http:\/\/cablepullingmachines.com\/contact-page\/\">nous contacter<\/a>.         <\/p>\n<h5>Photos d\u00e9taill\u00e9es ci-dessous ;<\/h5>\n<p>[\/av_textblock]<\/p>\n<p>[av_hr class=&#8217;invisible&#8217; height=&#8217;10&#8217; shadow=&#8217;no-shadow&#8217; position=&#8217;center&#8217; custom_border=&#8217;av-border-thin&#8217; custom_width=&#8217;50px&#8217; custom_border_color=&#8221; custom_margin_top=&#8217;30px&#8217; custom_margin_bottom=&#8217;30px&#8217; icon_select=&#8217;yes&#8217; custom_icon_color=&#8221; icon=&#8217;ue808&#8242; font=&#8217;entypo-fontello&#8217; av_uid=&#8217;av-62opm3&#8242;]<\/p>\n<p>[av_gallery ids=&#8217;2063,2064,2065,2066,2067,2068,2069,2070,2071&#8242; style=&#8217;thumbnails&#8217; preview_size=&#8217;portfolio&#8217; crop_big_preview_thumbnail=&#8217;avia-gallery-big-crop-thumb&#8217; thumb_size=&#8217;medium&#8217; columns=&#8217;5&#8242; imagelink=&#8217;lightbox&#8217; lazyload=&#8217;avia_lazyload&#8217; admin_preview_bg=&#8221; av_uid=&#8217;av-5vvjzv&#8217;]<\/p>\n<p>[av_hr class=&#8217;short&#8217; height=&#8217;50&#8217; shadow=&#8217;no-shadow&#8217; position=&#8217;center&#8217; custom_border=&#8217;av-border-thin&#8217; custom_width=&#8217;50px&#8217; custom_border_color=&#8221; custom_margin_top=&#8217;30px&#8217; custom_margin_bottom=&#8217;30px&#8217; icon_select=&#8217;yes&#8217; custom_icon_color=&#8221; icon=&#8217;ue808&#8242; font=&#8217;entypo-fontello&#8217; av_uid=&#8217;av-5qkayr&#8217;]<\/p>\n<p>[av_heading tag=&#8217;h2&#8242; padding=&#8217;3&#8242; heading=&#8217;Sp\u00e9cifications&#8217; color=&#8221; style=&#8217;blockquote modern-quote modern-centered&#8217; custom_font=&#8221; size=&#8221; subheading_active=&#8221; subheading_size=&#8217;15&#8217; custom_class=&#8221; admin_preview_bg=&#8221; av-desktop-hide=&#8221; av-medium-hide=&#8221; av-small-hide=&#8221; av-mini-hide=&#8221; av-medium-font-size-title=&#8221; av-small-font-size-title=&#8221; av-mini-font-size-title=&#8221; av-medium-font-size=&#8221; av-small-font-size=&#8221; av-mini-font-size=&#8221; av_uid=&#8217;av-jyyw3&#8242;][\/av_heading]<\/p>\n<p>[av_table purpose=&#8217;tabular&#8217; pricing_table_design=&#8217;avia_pricing_default&#8217; pricing_hidden_cells=&#8221; caption=&#8217;Sp\u00e9cifications&#8217; responsive_styling=&#8217;avia_responsive_table&#8217; av_uid=&#8217;av-5c7kcb&#8217;]<br \/>\n[av_row row_style=&#8221; av_uid=&#8217;av-55som3&#8242;][av_cell col_style=&#8221; av_uid=&#8217;av-4zck4r&#8217;]Longueur (mm)<br \/>\n[\/av_cell][av_cell col_style=&#8221; av_uid=&#8217;av-1s1qb&#8217;]4000<br \/>\n[\/av_cell][\/av_row]<br \/>\n[av_row row_style=&#8221; av_uid=&#8217;av-gszhv&#8217;][av_cell col_style=&#8221; av_uid=&#8217;av-4ieuab&#8217;]Largeur (mm)<br \/>\n[\/av_cell][av_cell col_style=&#8221; av_uid=&#8217;av-4dsbor&#8217;]2550<br \/>\n[\/av_cell][\/av_row]<br \/>\n[av_row row_style=&#8221; av_uid=&#8217;av-45koxv&#8217;][av_cell col_style=&#8221; av_uid=&#8217;av-41m483&#8242;]Hauteur (mm)<br \/>\n[\/av_cell][av_cell col_style=&#8221; av_uid=&#8217;av-3vlok3&#8242;]2000<br \/>\n[\/av_cell][\/av_row]<br \/>\n[av_row row_style=&#8221; av_uid=&#8217;av-dladf&#8217;][av_cell col_style=&#8221; av_uid=&#8217;av-3mdjrn&#8217;]Poids \u00e0 vide (kg)<br \/>\n[\/av_cell][av_cell col_style=&#8221; av_uid=&#8217;av-3et3wb&#8217;]1000<br \/>\n[\/av_cell][\/av_row]<br \/>\n[av_row row_style=&#8221; av_uid=&#8217;av-3aufbn&#8217;][av_cell col_style=&#8221; av_uid=&#8217;av-33rtff&#8217;]Charge utile (kg)<br \/>\n[\/av_cell][av_cell col_style=&#8221; av_uid=&#8217;av-2x9j0j&#8217;]7000<br \/>\n[\/av_cell][\/av_row]<br \/>\n[av_row row_style=&#8221; av_uid=&#8217;av-2s4xyb&#8217;][av_cell col_style=&#8221; av_uid=&#8217;av-2muhgz&#8217;]Poids total (kg)<br \/>\n[\/av_cell][av_cell col_style=&#8221; av_uid=&#8217;av-2ckrab&#8217;]8000<br \/>\n[\/av_cell][\/av_row]<br \/>\n[av_row row_style=&#8221; av_uid=&#8217;av-2a9rmr&#8217;][av_cell col_style=&#8221; av_uid=&#8217;av-212lkb&#8217;]Frein<br \/>\n[\/av_cell][av_cell col_style=&#8221; av_uid=&#8217;av-1uoj5n&#8217;]d\u00e9passement<br \/>\n[\/av_cell][\/av_row]<br \/>\n[av_row row_style=&#8221; av_uid=&#8217;av-1q8jwb&#8217;][av_cell col_style=&#8221; av_uid=&#8217;av-1kkc1n&#8217;]max.<br \/>\ndiam\u00e8tre du tambour<br \/>\n(mm)<br \/>\n[\/av_cell][av_cell col_style=&#8221; av_uid=&#8217;av-1dqenf&#8217;]3000<br \/>\n[\/av_cell][\/av_row]<br \/>\n[av_row row_style=&#8221; av_uid=&#8217;av-1as6kr&#8217;][av_cell col_style=&#8221; av_uid=&#8217;av-14ldqr&#8217;]Largeur de chargement (mm)<br \/>\n[\/av_cell][av_cell col_style=&#8221; av_uid=&#8217;av-x2xmr&#8217;]1750<br \/>\n[\/av_cell][\/av_row]<br \/>\n[av_row row_style=&#8221; av_uid=&#8217;av-s6k3f&#8217;][av_cell col_style=&#8221; av_uid=&#8217;av-j3khn&#8217;]Taille des pneus[\/av_cell][av_cell col_style=&#8221; av_uid=&#8217;av-e1onf&#8217;]12x80x15[\/av_cell][\/av_row]<br \/>\n[\/av_table]<\/p>\n<p>[av_hr class=&#8217;short&#8217; height=&#8217;50&#8217; shadow=&#8217;no-shadow&#8217; position=&#8217;center&#8217; custom_border=&#8217;av-border-thin&#8217; custom_width=&#8217;50px&#8217; custom_border_color=&#8221; custom_margin_top=&#8217;30px&#8217; custom_margin_bottom=&#8217;30px&#8217; icon_select=&#8217;yes&#8217; custom_icon_color=&#8221; icon=&#8217;ue808&#8242; font=&#8217;entypo-fontello&#8217; av_uid=&#8217;av-6oqub&#8217;]<\/p>\n","protected":false},"excerpt":{"rendered":"<p>[av_image src=&#8217;http:\/\/cablepullingmachines.com\/wp-content\/uploads\/2015\/12\/Cable-Drum-Trailers-Romork-1-1.jpg&#8217; attachment=&#8217;1887&#8242; attachment_size=&#8217;full&#8217; align=&#8217;center&#8217; styling=&#8221; hover=&#8221; link=&#8221; target=&#8221; caption=&#8221; font_size=&#8221; appearance=&#8221; overlay_opacity=&#8217;0.4&#8242; overlay_color=&#8217;#000000&#8242; overlay_text_color=&#8217;#ffffff&#8217; animation=&#8217;no-animation&#8217; av_uid=&#8217;av-6lr2pv&#8217;][\/av_image] [av_heading tag=&#8217;h2&#8242; padding=&#8217;10&#8217; heading=&#8217;REMORQUES HYDRAULIQUES \u00c0 TAMBOUR 7 TONNES&#8217; color=&#8221; style=&#8221; custom_font=&#8221; size=&#8221; subheading_active=&#8221; subheading_size=&#8217;15&#8217; custom_class=&#8221; admin_preview_bg=&#8221; av-desktop-hide=&#8221; av-medium-hide=&#8221; av-small-hide=&#8221; av-mini-hide=&#8221; av-medium-font-size-title=&#8221; av-small-font-size-title=&#8221; av-mini-font-size-title=&#8221; av-medium-font-size=&#8221; av-small-font-size=&#8221; av-mini-font-size=&#8221; av_uid=&#8217;av-6c7v0b&#8217;][\/av_heading] [av_textblock size=&#8221; font_color=&#8221; color=&#8221; av-medium-font-size=&#8221; av-small-font-size=&#8221; av-mini-font-size=&#8221; admin_preview_bg=&#8221; av_uid=&#8217;av-67wurf&#8217;] Fabricants<\/p>\n","protected":false},"author":1,"featured_media":5872,"parent":4797,"menu_order":0,"comment_status":"closed","ping_status":"closed","template":"","meta":{"_joinchat":[],"footnotes":""},"class_list":["post-4627","page","type-page","status-publish","has-post-thumbnail","hentry"],"yoast_head":"<!-- This site is optimized with the Yoast SEO Premium plugin v26.8 (Yoast SEO v27.0) - https:\/\/yoast.com\/product\/yoast-seo-premium-wordpress\/ -->\n<title>Remorque hydraulique \u00e0 tambour de c\u00e2ble 7TON - Cable Pulling Machines Manufacturer<\/title>\n<meta name=\"description\" content=\"Remorque hydraulique \u00e0 tambour de c\u00e2ble 7TON - Cable Pulling Machines Manufacturer\" \/>\n<meta name=\"robots\" content=\"index, follow, max-snippet:-1, max-image-preview:large, max-video-preview:-1\" \/>\n<link rel=\"canonical\" href=\"https:\/\/cablepullingmachines.com\/fr\/remorques-a-tambour-de-cable\/remorques-a-tambour-de-cable-hydraulique\/remorque-hydraulique-a-tambour-de-cable-7ton\/\" \/>\n<meta property=\"og:locale\" content=\"fr_FR\" \/>\n<meta property=\"og:type\" content=\"article\" \/>\n<meta property=\"og:title\" content=\"Remorque hydraulique \u00e0 tambour de c\u00e2ble 7TON\" \/>\n<meta property=\"og:description\" content=\"Remorque hydraulique \u00e0 tambour de c\u00e2ble 7TON - Cable Pulling Machines Manufacturer\" \/>\n<meta property=\"og:url\" content=\"https:\/\/cablepullingmachines.com\/fr\/remorques-a-tambour-de-cable\/remorques-a-tambour-de-cable-hydraulique\/remorque-hydraulique-a-tambour-de-cable-7ton\/\" \/>\n<meta property=\"og:site_name\" content=\"Cable Pulling Machines Manufacturer\" \/>\n<meta property=\"article:publisher\" content=\"https:\/\/www.facebook.com\/cablepullingmachines\" \/>\n<meta property=\"article:modified_time\" content=\"2024-09-19T17:43:40+00:00\" \/>\n<meta property=\"og:image\" content=\"https:\/\/cablepullingmachines.com\/wp-content\/uploads\/2025\/02\/Full-Hydraulic-Cable-Drum-Trailers-30-tons.webp\" \/>\n\t<meta property=\"og:image:width\" content=\"1010\" \/>\n\t<meta property=\"og:image:height\" content=\"617\" \/>\n\t<meta property=\"og:image:type\" content=\"image\/webp\" \/>\n<meta name=\"twitter:card\" content=\"summary_large_image\" \/>\n<meta name=\"twitter:label1\" content=\"Dur\u00e9e de lecture estim\u00e9e\" \/>\n\t<meta name=\"twitter:data1\" content=\"6 minutes\" \/>\n<script type=\"application\/ld+json\" class=\"yoast-schema-graph\">{\"@context\":\"https:\/\/schema.org\",\"@graph\":[{\"@type\":\"WebPage\",\"@id\":\"https:\/\/cablepullingmachines.com\/fr\/remorques-a-tambour-de-cable\/remorques-a-tambour-de-cable-hydraulique\/remorque-hydraulique-a-tambour-de-cable-7ton\/\",\"url\":\"https:\/\/cablepullingmachines.com\/fr\/remorques-a-tambour-de-cable\/remorques-a-tambour-de-cable-hydraulique\/remorque-hydraulique-a-tambour-de-cable-7ton\/\",\"name\":\"Remorque hydraulique \u00e0 tambour de c\u00e2ble 7TON - Cable Pulling Machines Manufacturer\",\"isPartOf\":{\"@id\":\"https:\/\/cablepullingmachines.com\/#website\"},\"primaryImageOfPage\":{\"@id\":\"https:\/\/cablepullingmachines.com\/fr\/remorques-a-tambour-de-cable\/remorques-a-tambour-de-cable-hydraulique\/remorque-hydraulique-a-tambour-de-cable-7ton\/#primaryimage\"},\"image\":{\"@id\":\"https:\/\/cablepullingmachines.com\/fr\/remorques-a-tambour-de-cable\/remorques-a-tambour-de-cable-hydraulique\/remorque-hydraulique-a-tambour-de-cable-7ton\/#primaryimage\"},\"thumbnailUrl\":\"https:\/\/cablepullingmachines.com\/wp-content\/uploads\/2025\/02\/Hydraulic-Cable-Drum-Trailers-7-tons-2.webp\",\"datePublished\":\"2024-09-19T12:12:04+00:00\",\"dateModified\":\"2024-09-19T17:43:40+00:00\",\"description\":\"Remorque hydraulique \u00e0 tambour de c\u00e2ble 7TON - Cable Pulling Machines Manufacturer\",\"breadcrumb\":{\"@id\":\"https:\/\/cablepullingmachines.com\/fr\/remorques-a-tambour-de-cable\/remorques-a-tambour-de-cable-hydraulique\/remorque-hydraulique-a-tambour-de-cable-7ton\/#breadcrumb\"},\"inLanguage\":\"fr-FR\",\"potentialAction\":[{\"@type\":\"ReadAction\",\"target\":[\"https:\/\/cablepullingmachines.com\/fr\/remorques-a-tambour-de-cable\/remorques-a-tambour-de-cable-hydraulique\/remorque-hydraulique-a-tambour-de-cable-7ton\/\"]}]},{\"@type\":\"ImageObject\",\"inLanguage\":\"fr-FR\",\"@id\":\"https:\/\/cablepullingmachines.com\/fr\/remorques-a-tambour-de-cable\/remorques-a-tambour-de-cable-hydraulique\/remorque-hydraulique-a-tambour-de-cable-7ton\/#primaryimage\",\"url\":\"https:\/\/cablepullingmachines.com\/wp-content\/uploads\/2025\/02\/Hydraulic-Cable-Drum-Trailers-7-tons-2.webp\",\"contentUrl\":\"https:\/\/cablepullingmachines.com\/wp-content\/uploads\/2025\/02\/Hydraulic-Cable-Drum-Trailers-7-tons-2.webp\",\"width\":700,\"height\":504,\"caption\":\"Hydraulic Cable Drum Trailers 7 tons\"},{\"@type\":\"BreadcrumbList\",\"@id\":\"https:\/\/cablepullingmachines.com\/fr\/remorques-a-tambour-de-cable\/remorques-a-tambour-de-cable-hydraulique\/remorque-hydraulique-a-tambour-de-cable-7ton\/#breadcrumb\",\"itemListElement\":[{\"@type\":\"ListItem\",\"position\":1,\"name\":\"Home\",\"item\":\"https:\/\/cablepullingmachines.com\/fr\/a\/\"},{\"@type\":\"ListItem\",\"position\":2,\"name\":\"Remorques \u00e0 tambour de c\u00e2ble\",\"item\":\"https:\/\/cablepullingmachines.com\/fr\/?page_id=4725\"},{\"@type\":\"ListItem\",\"position\":3,\"name\":\"Remorques \u00e0 tambour de c\u00e2ble hydraulique\",\"item\":\"https:\/\/cablepullingmachines.com\/fr\/remorques-a-tambour-de-cable\/remorques-a-tambour-de-cable-hydraulique\/\"},{\"@type\":\"ListItem\",\"position\":4,\"name\":\"Remorque hydraulique \u00e0 tambour de c\u00e2ble 7TON\"}]},{\"@type\":\"WebSite\",\"@id\":\"https:\/\/cablepullingmachines.com\/#website\",\"url\":\"https:\/\/cablepullingmachines.com\/\",\"name\":\"Cable Pulling Machines and Cable Drum Trailers\",\"description\":\"Cable Pulling Machines, Winches, Cable Drum Trailers\",\"publisher\":{\"@id\":\"https:\/\/cablepullingmachines.com\/#organization\"},\"alternateName\":\"Cable Drum Trailers Manufacturer\",\"potentialAction\":[{\"@type\":\"SearchAction\",\"target\":{\"@type\":\"EntryPoint\",\"urlTemplate\":\"https:\/\/cablepullingmachines.com\/?s={search_term_string}\"},\"query-input\":{\"@type\":\"PropertyValueSpecification\",\"valueRequired\":true,\"valueName\":\"search_term_string\"}}],\"inLanguage\":\"fr-FR\"},{\"@type\":\"Organization\",\"@id\":\"https:\/\/cablepullingmachines.com\/#organization\",\"name\":\"Allame Makina Ltd Sti\",\"alternateName\":\"Cable Drum Trailers Manufacturer\",\"url\":\"https:\/\/cablepullingmachines.com\/\",\"logo\":{\"@type\":\"ImageObject\",\"inLanguage\":\"fr-FR\",\"@id\":\"https:\/\/cablepullingmachines.com\/#\/schema\/logo\/image\/\",\"url\":\"https:\/\/cablepullingmachines.com\/wp-content\/uploads\/2015\/10\/logo.jpg\",\"contentUrl\":\"https:\/\/cablepullingmachines.com\/wp-content\/uploads\/2015\/10\/logo.jpg\",\"width\":300,\"height\":140,\"caption\":\"Allame Makina Ltd Sti\"},\"image\":{\"@id\":\"https:\/\/cablepullingmachines.com\/#\/schema\/logo\/image\/\"},\"sameAs\":[\"https:\/\/www.facebook.com\/cablepullingmachines\",\"https:\/\/www.linkedin.com\/company\/cablepullingmachines\",\"https:\/\/www.youtube.com\/@CablePullingMachines\",\"https:\/\/www.instagram.com\/cablepullingmachines\"],\"description\":\"Cable laying products manufacturer from Turkiye. Cable Pulling Machines and Cable Drum Trailers Producer.\",\"email\":\"erkangok@allame.net\",\"telephone\":\"+905337789941\",\"legalName\":\"SKYPULLTECH\",\"foundingDate\":\"1999-02-12\",\"vatID\":\"0550635748\",\"iso6523Code\":\"1555ALL2025\",\"numberOfEmployees\":{\"@type\":\"QuantitativeValue\",\"minValue\":\"11\",\"maxValue\":\"50\"}}]}<\/script>\n<!-- \/ Yoast SEO Premium plugin. -->","yoast_head_json":{"title":"Remorque hydraulique \u00e0 tambour de c\u00e2ble 7TON - Cable Pulling Machines Manufacturer","description":"Remorque hydraulique \u00e0 tambour de c\u00e2ble 7TON - Cable Pulling Machines Manufacturer","robots":{"index":"index","follow":"follow","max-snippet":"max-snippet:-1","max-image-preview":"max-image-preview:large","max-video-preview":"max-video-preview:-1"},"canonical":"https:\/\/cablepullingmachines.com\/fr\/remorques-a-tambour-de-cable\/remorques-a-tambour-de-cable-hydraulique\/remorque-hydraulique-a-tambour-de-cable-7ton\/","og_locale":"fr_FR","og_type":"article","og_title":"Remorque hydraulique \u00e0 tambour de c\u00e2ble 7TON","og_description":"Remorque hydraulique \u00e0 tambour de c\u00e2ble 7TON - Cable Pulling Machines Manufacturer","og_url":"https:\/\/cablepullingmachines.com\/fr\/remorques-a-tambour-de-cable\/remorques-a-tambour-de-cable-hydraulique\/remorque-hydraulique-a-tambour-de-cable-7ton\/","og_site_name":"Cable Pulling Machines Manufacturer","article_publisher":"https:\/\/www.facebook.com\/cablepullingmachines","article_modified_time":"2024-09-19T17:43:40+00:00","og_image":[{"width":1010,"height":617,"url":"https:\/\/cablepullingmachines.com\/wp-content\/uploads\/2025\/02\/Full-Hydraulic-Cable-Drum-Trailers-30-tons.webp","type":"image\/webp"}],"twitter_card":"summary_large_image","twitter_misc":{"Dur\u00e9e de lecture estim\u00e9e":"6 minutes"},"schema":{"@context":"https:\/\/schema.org","@graph":[{"@type":"WebPage","@id":"https:\/\/cablepullingmachines.com\/fr\/remorques-a-tambour-de-cable\/remorques-a-tambour-de-cable-hydraulique\/remorque-hydraulique-a-tambour-de-cable-7ton\/","url":"https:\/\/cablepullingmachines.com\/fr\/remorques-a-tambour-de-cable\/remorques-a-tambour-de-cable-hydraulique\/remorque-hydraulique-a-tambour-de-cable-7ton\/","name":"Remorque hydraulique \u00e0 tambour de c\u00e2ble 7TON - Cable Pulling Machines Manufacturer","isPartOf":{"@id":"https:\/\/cablepullingmachines.com\/#website"},"primaryImageOfPage":{"@id":"https:\/\/cablepullingmachines.com\/fr\/remorques-a-tambour-de-cable\/remorques-a-tambour-de-cable-hydraulique\/remorque-hydraulique-a-tambour-de-cable-7ton\/#primaryimage"},"image":{"@id":"https:\/\/cablepullingmachines.com\/fr\/remorques-a-tambour-de-cable\/remorques-a-tambour-de-cable-hydraulique\/remorque-hydraulique-a-tambour-de-cable-7ton\/#primaryimage"},"thumbnailUrl":"https:\/\/cablepullingmachines.com\/wp-content\/uploads\/2025\/02\/Hydraulic-Cable-Drum-Trailers-7-tons-2.webp","datePublished":"2024-09-19T12:12:04+00:00","dateModified":"2024-09-19T17:43:40+00:00","description":"Remorque hydraulique \u00e0 tambour de c\u00e2ble 7TON - Cable Pulling Machines Manufacturer","breadcrumb":{"@id":"https:\/\/cablepullingmachines.com\/fr\/remorques-a-tambour-de-cable\/remorques-a-tambour-de-cable-hydraulique\/remorque-hydraulique-a-tambour-de-cable-7ton\/#breadcrumb"},"inLanguage":"fr-FR","potentialAction":[{"@type":"ReadAction","target":["https:\/\/cablepullingmachines.com\/fr\/remorques-a-tambour-de-cable\/remorques-a-tambour-de-cable-hydraulique\/remorque-hydraulique-a-tambour-de-cable-7ton\/"]}]},{"@type":"ImageObject","inLanguage":"fr-FR","@id":"https:\/\/cablepullingmachines.com\/fr\/remorques-a-tambour-de-cable\/remorques-a-tambour-de-cable-hydraulique\/remorque-hydraulique-a-tambour-de-cable-7ton\/#primaryimage","url":"https:\/\/cablepullingmachines.com\/wp-content\/uploads\/2025\/02\/Hydraulic-Cable-Drum-Trailers-7-tons-2.webp","contentUrl":"https:\/\/cablepullingmachines.com\/wp-content\/uploads\/2025\/02\/Hydraulic-Cable-Drum-Trailers-7-tons-2.webp","width":700,"height":504,"caption":"Hydraulic Cable Drum Trailers 7 tons"},{"@type":"BreadcrumbList","@id":"https:\/\/cablepullingmachines.com\/fr\/remorques-a-tambour-de-cable\/remorques-a-tambour-de-cable-hydraulique\/remorque-hydraulique-a-tambour-de-cable-7ton\/#breadcrumb","itemListElement":[{"@type":"ListItem","position":1,"name":"Home","item":"https:\/\/cablepullingmachines.com\/fr\/a\/"},{"@type":"ListItem","position":2,"name":"Remorques \u00e0 tambour de c\u00e2ble","item":"https:\/\/cablepullingmachines.com\/fr\/?page_id=4725"},{"@type":"ListItem","position":3,"name":"Remorques \u00e0 tambour de c\u00e2ble hydraulique","item":"https:\/\/cablepullingmachines.com\/fr\/remorques-a-tambour-de-cable\/remorques-a-tambour-de-cable-hydraulique\/"},{"@type":"ListItem","position":4,"name":"Remorque hydraulique \u00e0 tambour de c\u00e2ble 7TON"}]},{"@type":"WebSite","@id":"https:\/\/cablepullingmachines.com\/#website","url":"https:\/\/cablepullingmachines.com\/","name":"Cable Pulling Machines and Cable Drum Trailers","description":"Cable Pulling Machines, Winches, Cable Drum Trailers","publisher":{"@id":"https:\/\/cablepullingmachines.com\/#organization"},"alternateName":"Cable Drum Trailers Manufacturer","potentialAction":[{"@type":"SearchAction","target":{"@type":"EntryPoint","urlTemplate":"https:\/\/cablepullingmachines.com\/?s={search_term_string}"},"query-input":{"@type":"PropertyValueSpecification","valueRequired":true,"valueName":"search_term_string"}}],"inLanguage":"fr-FR"},{"@type":"Organization","@id":"https:\/\/cablepullingmachines.com\/#organization","name":"Allame Makina Ltd Sti","alternateName":"Cable Drum Trailers Manufacturer","url":"https:\/\/cablepullingmachines.com\/","logo":{"@type":"ImageObject","inLanguage":"fr-FR","@id":"https:\/\/cablepullingmachines.com\/#\/schema\/logo\/image\/","url":"https:\/\/cablepullingmachines.com\/wp-content\/uploads\/2015\/10\/logo.jpg","contentUrl":"https:\/\/cablepullingmachines.com\/wp-content\/uploads\/2015\/10\/logo.jpg","width":300,"height":140,"caption":"Allame Makina Ltd Sti"},"image":{"@id":"https:\/\/cablepullingmachines.com\/#\/schema\/logo\/image\/"},"sameAs":["https:\/\/www.facebook.com\/cablepullingmachines","https:\/\/www.linkedin.com\/company\/cablepullingmachines","https:\/\/www.youtube.com\/@CablePullingMachines","https:\/\/www.instagram.com\/cablepullingmachines"],"description":"Cable laying products manufacturer from Turkiye. Cable Pulling Machines and Cable Drum Trailers Producer.","email":"erkangok@allame.net","telephone":"+905337789941","legalName":"SKYPULLTECH","foundingDate":"1999-02-12","vatID":"0550635748","iso6523Code":"1555ALL2025","numberOfEmployees":{"@type":"QuantitativeValue","minValue":"11","maxValue":"50"}}]}},"amp_enabled":true,"_links":{"self":[{"href":"https:\/\/cablepullingmachines.com\/fr\/wp-json\/wp\/v2\/pages\/4627","targetHints":{"allow":["GET"]}}],"collection":[{"href":"https:\/\/cablepullingmachines.com\/fr\/wp-json\/wp\/v2\/pages"}],"about":[{"href":"https:\/\/cablepullingmachines.com\/fr\/wp-json\/wp\/v2\/types\/page"}],"author":[{"embeddable":true,"href":"https:\/\/cablepullingmachines.com\/fr\/wp-json\/wp\/v2\/users\/1"}],"replies":[{"embeddable":true,"href":"https:\/\/cablepullingmachines.com\/fr\/wp-json\/wp\/v2\/comments?post=4627"}],"version-history":[{"count":0,"href":"https:\/\/cablepullingmachines.com\/fr\/wp-json\/wp\/v2\/pages\/4627\/revisions"}],"up":[{"embeddable":true,"href":"https:\/\/cablepullingmachines.com\/fr\/wp-json\/wp\/v2\/pages\/4797"}],"wp:featuredmedia":[{"embeddable":true,"href":"https:\/\/cablepullingmachines.com\/fr\/wp-json\/wp\/v2\/media\/5872"}],"wp:attachment":[{"href":"https:\/\/cablepullingmachines.com\/fr\/wp-json\/wp\/v2\/media?parent=4627"}],"curies":[{"name":"wp","href":"https:\/\/api.w.org\/{rel}","templated":true}]}}