{"id":4584,"date":"2024-09-19T12:11:49","date_gmt":"2024-09-19T12:11:49","guid":{"rendered":"https:\/\/cablepullingmachines.com\/mini-machines-a-souffler-les-cables-en-fibre-optique\/"},"modified":"2024-09-19T12:11:52","modified_gmt":"2024-09-19T12:11:52","slug":"mini-machines-a-souffler-les-cables-en-fibre-optique","status":"publish","type":"page","link":"https:\/\/cablepullingmachines.com\/fr\/machines-a-souffler-les-cables\/mini-machines-a-souffler-les-cables-en-fibre-optique\/","title":{"rendered":"Mini-machines \u00e0 souffler les c\u00e2bles en fibre optique"},"content":{"rendered":"<h1>Mini-machines \u00e0 souffler les c\u00e2bles en fibre optique<\/h1>\n<p>  Si vous avez un c\u00e2ble en fibre optique dont le diam\u00e8tre est compris entre 4mm et 12mm et que vous souhaitez le souffler dans une gaine, la fa\u00e7on la plus simple de le faire est d&#8217;utiliser le <em><strong>MINISKY<\/strong> <\/em>qui dispose d&#8217;une palette (tapis) pour les c\u00e2bles en fibre optique de 2,5mm \u00e0 12mm et d&#8217;un moteur pour le soufflage des c\u00e2bles et des tubes.  <figure id=\"attachment_2246\" aria-describedby=\"caption-attachment-2246\" style=\"width: 1000px\" class=\"wp-caption alignleft\"><img decoding=\"async\" class=\"size-full wp-image-2246 lazyload\" data-src=\"https:\/\/cablepullingmachines.com\/wp-content\/uploads\/2020\/09\/MiniSKY.png\" alt=\"MiniSKY Machine \u00e0 souffler les c\u00e2bles en fibre\" width=\"1000\" height=\"667\" data-srcset=\"https:\/\/cablepullingmachines.com\/wp-content\/uploads\/2020\/09\/MiniSKY.png 1000w, https:\/\/cablepullingmachines.com\/wp-content\/uploads\/2020\/09\/MiniSKY-300x200.png 300w, https:\/\/cablepullingmachines.com\/wp-content\/uploads\/2020\/09\/MiniSKY-768x512.png 768w, https:\/\/cablepullingmachines.com\/wp-content\/uploads\/2020\/09\/MiniSKY-705x470.png 705w\" data-sizes=\"(max-width: 1000px) 100vw, 1000px\" src=\"data:image\/svg+xml;base64,PHN2ZyB3aWR0aD0iMSIgaGVpZ2h0PSIxIiB4bWxucz0iaHR0cDovL3d3dy53My5vcmcvMjAwMC9zdmciPjwvc3ZnPg==\" style=\"--smush-placeholder-width: 1000px; --smush-placeholder-aspect-ratio: 1000\/667;\" \/><figcaption id=\"caption-attachment-2246\" class=\"wp-caption-text\">MiniSKY Machine \u00e0 souffler les c\u00e2bles en fibre<\/figcaption><\/figure>  Cette machine est contr\u00f4l\u00e9e par un seul technicien et produit de faibles niveaux de bruit.<br \/>\nNotre <strong>MINISKY<\/strong> peut souffler les c\u00e2bles dans deux directions, vers l&#8217;avant et vers l&#8217;arri\u00e8re.<br \/>\nLe mouvement ascendant et descendant des courroies de pouss\u00e9e des c\u00e2bles est contr\u00f4l\u00e9 par un piston pneumatique et la pression est r\u00e9gul\u00e9e par un r\u00e9gulateur.<br \/>\nCette machine est tr\u00e8s facile \u00e0 manipuler, la courroie pousse-c\u00e2ble peut \u00eatre facilement remplac\u00e9e, de m\u00eame que les pi\u00e8ces d&#8217;alignement du c\u00e2ble.<br \/>\n<em><strong>MINISKY<\/strong> <\/em>est tr\u00e8s solide et d&#8217;une qualit\u00e9 sup\u00e9rieure, ce qui s&#8217;explique par de nombreux facteurs tels que le carter de protection en acier inoxydable et la caisse de la machine en acier inoxydable. En outre, elle est \u00e9quip\u00e9e d&#8217;un syst\u00e8me de lubrification \u00e0 l&#8217;air marqu\u00e9 FESTO, d&#8217;une soupape marqu\u00e9e MINDMAN et d&#8217;un indicateur m\u00e9canique marqu\u00e9 ELESA.      &nbsp;  Le processus de soufflage du c\u00e2ble avec le <em><strong>MINISKY<\/strong> <\/em>est s\u00fbr car il s&#8217;arr\u00eate automatiquement avant que le c\u00e2ble ne se rompe. De plus, il est \u00e9quip\u00e9 d&#8217;un compteur m\u00e9canique pour mesurer la distance parcourue par le c\u00e2ble et d&#8217;une valve pour \u00e9vacuer l&#8217;air sous pression.  &nbsp;  Avec<br \/>\n<em><strong>MINISKY<\/strong><\/em>vous recevrez des outils \u00e0 main avec un sac souple et une bo\u00eete d&#8217;huile de lubrification de l&#8217;air en plus de la pi\u00e8ce de connexion rapide. Vous trouverez ici les sp\u00e9cifications techniques :   <\/p>\n<ul>\n<li>MINISKYK : <em><strong>MINI-MACHINE \u00c0 SOUFFLER LES C\u00c2BLES \u00c0 FIBRES OPTIQUES <\/strong><\/em> <\/li>\n<li>CONTR\u00d4LE PAR LE TECHNICIEN.<\/li>\n<li>DIAM\u00c8TRE DE LA GAINE =10 MM \u00c0 40 MM.<\/li>\n<li>DIAM\u00c8TRE DU C\u00c2BLE = 2,5 MM \u00c0 12 MM.<\/li>\n<li>AIR N\u00c9CESSAIRE= MINIMUM 15 BAR &#8211; 2 METERCUP \/ MINUTE.<\/li>\n<li>DIMENSIONS= 44CM X 36 CM X 59 CM<\/li>\n<li>POIDS = 50 KG<\/li>\n<li>VITESSE D&#8217;INSTALLATION DU C\u00c2BLE =0-30-50 M\u00c8TRES \/ MINUTE<\/li>\n<li>DIRECTION = VERS L&#8217;AVANT ET VERS L&#8217;ARRI\u00c8RE<\/li>\n<\/ul>\n<figure id=\"attachment_2247\" aria-describedby=\"caption-attachment-2247\" style=\"width: 600px\" class=\"wp-caption alignleft\"><img decoding=\"async\" class=\"size-full wp-image-2247 lazyload\" data-src=\"https:\/\/cablepullingmachines.com\/wp-content\/uploads\/2020\/09\/Cable-blowing-machine-MiniSKY.jpg\" alt=\"Machine \u00e0 souffler les c\u00e2bles MiniSKY\" width=\"600\" height=\"400\" data-srcset=\"https:\/\/cablepullingmachines.com\/wp-content\/uploads\/2020\/09\/Cable-blowing-machine-MiniSKY.jpg 600w, https:\/\/cablepullingmachines.com\/wp-content\/uploads\/2020\/09\/Cable-blowing-machine-MiniSKY-300x200.jpg 300w\" data-sizes=\"(max-width: 600px) 100vw, 600px\" src=\"data:image\/svg+xml;base64,PHN2ZyB3aWR0aD0iMSIgaGVpZ2h0PSIxIiB4bWxucz0iaHR0cDovL3d3dy53My5vcmcvMjAwMC9zdmciPjwvc3ZnPg==\" style=\"--smush-placeholder-width: 600px; --smush-placeholder-aspect-ratio: 600\/400;\" \/><figcaption id=\"caption-attachment-2247\" class=\"wp-caption-text\">Machine \u00e0 souffler les c\u00e2bles MiniSKY<\/figcaption><\/figure>\n<p><img decoding=\"async\" class=\"alignleft size-full wp-image-2248 lazyload\" data-src=\"https:\/\/cablepullingmachines.com\/wp-content\/uploads\/2020\/09\/MiniSKY-cable-blowing-machine.jpg\" alt=\"\" width=\"600\" height=\"400\" data-srcset=\"https:\/\/cablepullingmachines.com\/wp-content\/uploads\/2020\/09\/MiniSKY-cable-blowing-machine.jpg 600w, https:\/\/cablepullingmachines.com\/wp-content\/uploads\/2020\/09\/MiniSKY-cable-blowing-machine-300x200.jpg 300w\" data-sizes=\"(max-width: 600px) 100vw, 600px\" src=\"data:image\/svg+xml;base64,PHN2ZyB3aWR0aD0iMSIgaGVpZ2h0PSIxIiB4bWxucz0iaHR0cDovL3d3dy53My5vcmcvMjAwMC9zdmciPjwvc3ZnPg==\" style=\"--smush-placeholder-width: 600px; --smush-placeholder-aspect-ratio: 600\/400;\" \/><\/p>\n","protected":false},"excerpt":{"rendered":"<p>Mini-machines \u00e0 souffler les c\u00e2bles en fibre optique Si vous avez un c\u00e2ble en fibre optique dont le diam\u00e8tre est compris entre 4mm et 12mm et que vous souhaitez le souffler dans une gaine, la fa\u00e7on la plus simple de le faire est d&#8217;utiliser le MINISKY qui dispose d&#8217;une palette (tapis) pour les c\u00e2bles en<\/p>\n","protected":false},"author":1,"featured_media":4276,"parent":4594,"menu_order":0,"comment_status":"closed","ping_status":"closed","template":"","meta":{"_joinchat":[],"footnotes":""},"class_list":["post-4584","page","type-page","status-publish","has-post-thumbnail","hentry"],"yoast_head":"<!-- This site is optimized with the Yoast SEO Premium plugin v26.8 (Yoast SEO v27.0) - https:\/\/yoast.com\/product\/yoast-seo-premium-wordpress\/ -->\n<title>Mini-machines \u00e0 souffler les c\u00e2bles en fibre optique - Cable Pulling Machines Manufacturer<\/title>\n<meta name=\"description\" content=\"Mini-machines \u00e0 souffler les c\u00e2bles en fibre optique - Cable Pulling Machines Manufacturer\" \/>\n<meta name=\"robots\" content=\"index, follow, max-snippet:-1, max-image-preview:large, max-video-preview:-1\" \/>\n<link rel=\"canonical\" href=\"https:\/\/cablepullingmachines.com\/fr\/?page_id=4584\" \/>\n<meta property=\"og:locale\" content=\"fr_FR\" \/>\n<meta property=\"og:type\" content=\"article\" \/>\n<meta property=\"og:title\" content=\"Mini-machines \u00e0 souffler les c\u00e2bles en fibre optique\" \/>\n<meta property=\"og:description\" content=\"Mini-machines \u00e0 souffler les c\u00e2bles en fibre optique - Cable Pulling Machines Manufacturer\" \/>\n<meta property=\"og:url\" content=\"https:\/\/cablepullingmachines.com\/fr\/?page_id=4584\" \/>\n<meta property=\"og:site_name\" content=\"Cable Pulling Machines Manufacturer\" \/>\n<meta property=\"article:publisher\" content=\"https:\/\/www.facebook.com\/cablepullingmachines\" \/>\n<meta property=\"article:modified_time\" content=\"2024-09-19T12:11:52+00:00\" \/>\n<meta property=\"og:image\" content=\"https:\/\/i0.wp.com\/cablepullingmachines.com\/wp-content\/uploads\/2020\/09\/MiniSKY.png?fit=1000%2C667&ssl=1\" \/>\n\t<meta property=\"og:image:width\" content=\"1000\" \/>\n\t<meta property=\"og:image:height\" content=\"667\" \/>\n\t<meta property=\"og:image:type\" content=\"image\/png\" \/>\n<meta name=\"twitter:card\" content=\"summary_large_image\" \/>\n<meta name=\"twitter:label1\" content=\"Dur\u00e9e de lecture estim\u00e9e\" \/>\n\t<meta name=\"twitter:data1\" content=\"2 minutes\" \/>\n<script type=\"application\/ld+json\" class=\"yoast-schema-graph\">{\"@context\":\"https:\/\/schema.org\",\"@graph\":[{\"@type\":\"WebPage\",\"@id\":\"https:\/\/cablepullingmachines.com\/fr\/?page_id=4584\",\"url\":\"https:\/\/cablepullingmachines.com\/fr\/?page_id=4584\",\"name\":\"Mini-machines \u00e0 souffler les c\u00e2bles en fibre optique - Cable Pulling Machines Manufacturer\",\"isPartOf\":{\"@id\":\"https:\/\/cablepullingmachines.com\/#website\"},\"primaryImageOfPage\":{\"@id\":\"https:\/\/cablepullingmachines.com\/fr\/?page_id=4584#primaryimage\"},\"image\":{\"@id\":\"https:\/\/cablepullingmachines.com\/fr\/?page_id=4584#primaryimage\"},\"thumbnailUrl\":\"https:\/\/cablepullingmachines.com\/wp-content\/uploads\/2020\/09\/MiniSKY.png\",\"datePublished\":\"2024-09-19T12:11:49+00:00\",\"dateModified\":\"2024-09-19T12:11:52+00:00\",\"description\":\"Mini-machines \u00e0 souffler les c\u00e2bles en fibre optique - Cable Pulling Machines Manufacturer\",\"breadcrumb\":{\"@id\":\"https:\/\/cablepullingmachines.com\/fr\/?page_id=4584#breadcrumb\"},\"inLanguage\":\"fr-FR\",\"potentialAction\":[{\"@type\":\"ReadAction\",\"target\":[\"https:\/\/cablepullingmachines.com\/fr\/?page_id=4584\"]}]},{\"@type\":\"ImageObject\",\"inLanguage\":\"fr-FR\",\"@id\":\"https:\/\/cablepullingmachines.com\/fr\/?page_id=4584#primaryimage\",\"url\":\"https:\/\/cablepullingmachines.com\/wp-content\/uploads\/2020\/09\/MiniSKY.png\",\"contentUrl\":\"https:\/\/cablepullingmachines.com\/wp-content\/uploads\/2020\/09\/MiniSKY.png\",\"width\":1000,\"height\":667,\"caption\":\"MiniSKY Fiber cable blowing machine\"},{\"@type\":\"BreadcrumbList\",\"@id\":\"https:\/\/cablepullingmachines.com\/fr\/?page_id=4584#breadcrumb\",\"itemListElement\":[{\"@type\":\"ListItem\",\"position\":1,\"name\":\"Home\",\"item\":\"https:\/\/cablepullingmachines.com\/fr\/a\/\"},{\"@type\":\"ListItem\",\"position\":2,\"name\":\"Machines \u00e0 souffler les c\u00e2bles\",\"item\":\"https:\/\/cablepullingmachines.com\/fr\/?page_id=4594\"},{\"@type\":\"ListItem\",\"position\":3,\"name\":\"Mini-machines \u00e0 souffler les c\u00e2bles en fibre optique\"}]},{\"@type\":\"WebSite\",\"@id\":\"https:\/\/cablepullingmachines.com\/#website\",\"url\":\"https:\/\/cablepullingmachines.com\/\",\"name\":\"Cable Pulling Machines and Cable Drum Trailers\",\"description\":\"Cable Pulling Machines, Winches, Cable Drum Trailers\",\"publisher\":{\"@id\":\"https:\/\/cablepullingmachines.com\/#organization\"},\"alternateName\":\"Cable Drum Trailers Manufacturer\",\"potentialAction\":[{\"@type\":\"SearchAction\",\"target\":{\"@type\":\"EntryPoint\",\"urlTemplate\":\"https:\/\/cablepullingmachines.com\/?s={search_term_string}\"},\"query-input\":{\"@type\":\"PropertyValueSpecification\",\"valueRequired\":true,\"valueName\":\"search_term_string\"}}],\"inLanguage\":\"fr-FR\"},{\"@type\":\"Organization\",\"@id\":\"https:\/\/cablepullingmachines.com\/#organization\",\"name\":\"Allame Makina Ltd Sti\",\"alternateName\":\"Cable Drum Trailers Manufacturer\",\"url\":\"https:\/\/cablepullingmachines.com\/\",\"logo\":{\"@type\":\"ImageObject\",\"inLanguage\":\"fr-FR\",\"@id\":\"https:\/\/cablepullingmachines.com\/#\/schema\/logo\/image\/\",\"url\":\"https:\/\/cablepullingmachines.com\/wp-content\/uploads\/2015\/10\/logo.jpg\",\"contentUrl\":\"https:\/\/cablepullingmachines.com\/wp-content\/uploads\/2015\/10\/logo.jpg\",\"width\":300,\"height\":140,\"caption\":\"Allame Makina Ltd Sti\"},\"image\":{\"@id\":\"https:\/\/cablepullingmachines.com\/#\/schema\/logo\/image\/\"},\"sameAs\":[\"https:\/\/www.facebook.com\/cablepullingmachines\",\"https:\/\/www.linkedin.com\/company\/cablepullingmachines\",\"https:\/\/www.youtube.com\/@CablePullingMachines\",\"https:\/\/www.instagram.com\/cablepullingmachines\"],\"description\":\"Cable laying products manufacturer from Turkiye. Cable Pulling Machines and Cable Drum Trailers Producer.\",\"email\":\"erkangok@allame.net\",\"telephone\":\"+905337789941\",\"legalName\":\"SKYPULLTECH\",\"foundingDate\":\"1999-02-12\",\"vatID\":\"0550635748\",\"iso6523Code\":\"1555ALL2025\",\"numberOfEmployees\":{\"@type\":\"QuantitativeValue\",\"minValue\":\"11\",\"maxValue\":\"50\"}}]}<\/script>\n<!-- \/ Yoast SEO Premium plugin. -->","yoast_head_json":{"title":"Mini-machines \u00e0 souffler les c\u00e2bles en fibre optique - Cable Pulling Machines Manufacturer","description":"Mini-machines \u00e0 souffler les c\u00e2bles en fibre optique - Cable Pulling Machines Manufacturer","robots":{"index":"index","follow":"follow","max-snippet":"max-snippet:-1","max-image-preview":"max-image-preview:large","max-video-preview":"max-video-preview:-1"},"canonical":"https:\/\/cablepullingmachines.com\/fr\/?page_id=4584","og_locale":"fr_FR","og_type":"article","og_title":"Mini-machines \u00e0 souffler les c\u00e2bles en fibre optique","og_description":"Mini-machines \u00e0 souffler les c\u00e2bles en fibre optique - Cable Pulling Machines Manufacturer","og_url":"https:\/\/cablepullingmachines.com\/fr\/?page_id=4584","og_site_name":"Cable Pulling Machines Manufacturer","article_publisher":"https:\/\/www.facebook.com\/cablepullingmachines","article_modified_time":"2024-09-19T12:11:52+00:00","og_image":[{"width":1000,"height":667,"url":"https:\/\/i0.wp.com\/cablepullingmachines.com\/wp-content\/uploads\/2020\/09\/MiniSKY.png?fit=1000%2C667&ssl=1","type":"image\/png"}],"twitter_card":"summary_large_image","twitter_misc":{"Dur\u00e9e de lecture estim\u00e9e":"2 minutes"},"schema":{"@context":"https:\/\/schema.org","@graph":[{"@type":"WebPage","@id":"https:\/\/cablepullingmachines.com\/fr\/?page_id=4584","url":"https:\/\/cablepullingmachines.com\/fr\/?page_id=4584","name":"Mini-machines \u00e0 souffler les c\u00e2bles en fibre optique - Cable Pulling Machines Manufacturer","isPartOf":{"@id":"https:\/\/cablepullingmachines.com\/#website"},"primaryImageOfPage":{"@id":"https:\/\/cablepullingmachines.com\/fr\/?page_id=4584#primaryimage"},"image":{"@id":"https:\/\/cablepullingmachines.com\/fr\/?page_id=4584#primaryimage"},"thumbnailUrl":"https:\/\/cablepullingmachines.com\/wp-content\/uploads\/2020\/09\/MiniSKY.png","datePublished":"2024-09-19T12:11:49+00:00","dateModified":"2024-09-19T12:11:52+00:00","description":"Mini-machines \u00e0 souffler les c\u00e2bles en fibre optique - Cable Pulling Machines Manufacturer","breadcrumb":{"@id":"https:\/\/cablepullingmachines.com\/fr\/?page_id=4584#breadcrumb"},"inLanguage":"fr-FR","potentialAction":[{"@type":"ReadAction","target":["https:\/\/cablepullingmachines.com\/fr\/?page_id=4584"]}]},{"@type":"ImageObject","inLanguage":"fr-FR","@id":"https:\/\/cablepullingmachines.com\/fr\/?page_id=4584#primaryimage","url":"https:\/\/cablepullingmachines.com\/wp-content\/uploads\/2020\/09\/MiniSKY.png","contentUrl":"https:\/\/cablepullingmachines.com\/wp-content\/uploads\/2020\/09\/MiniSKY.png","width":1000,"height":667,"caption":"MiniSKY Fiber cable blowing machine"},{"@type":"BreadcrumbList","@id":"https:\/\/cablepullingmachines.com\/fr\/?page_id=4584#breadcrumb","itemListElement":[{"@type":"ListItem","position":1,"name":"Home","item":"https:\/\/cablepullingmachines.com\/fr\/a\/"},{"@type":"ListItem","position":2,"name":"Machines \u00e0 souffler les c\u00e2bles","item":"https:\/\/cablepullingmachines.com\/fr\/?page_id=4594"},{"@type":"ListItem","position":3,"name":"Mini-machines \u00e0 souffler les c\u00e2bles en fibre optique"}]},{"@type":"WebSite","@id":"https:\/\/cablepullingmachines.com\/#website","url":"https:\/\/cablepullingmachines.com\/","name":"Cable Pulling Machines and Cable Drum Trailers","description":"Cable Pulling Machines, Winches, Cable Drum Trailers","publisher":{"@id":"https:\/\/cablepullingmachines.com\/#organization"},"alternateName":"Cable Drum Trailers Manufacturer","potentialAction":[{"@type":"SearchAction","target":{"@type":"EntryPoint","urlTemplate":"https:\/\/cablepullingmachines.com\/?s={search_term_string}"},"query-input":{"@type":"PropertyValueSpecification","valueRequired":true,"valueName":"search_term_string"}}],"inLanguage":"fr-FR"},{"@type":"Organization","@id":"https:\/\/cablepullingmachines.com\/#organization","name":"Allame Makina Ltd Sti","alternateName":"Cable Drum Trailers Manufacturer","url":"https:\/\/cablepullingmachines.com\/","logo":{"@type":"ImageObject","inLanguage":"fr-FR","@id":"https:\/\/cablepullingmachines.com\/#\/schema\/logo\/image\/","url":"https:\/\/cablepullingmachines.com\/wp-content\/uploads\/2015\/10\/logo.jpg","contentUrl":"https:\/\/cablepullingmachines.com\/wp-content\/uploads\/2015\/10\/logo.jpg","width":300,"height":140,"caption":"Allame Makina Ltd Sti"},"image":{"@id":"https:\/\/cablepullingmachines.com\/#\/schema\/logo\/image\/"},"sameAs":["https:\/\/www.facebook.com\/cablepullingmachines","https:\/\/www.linkedin.com\/company\/cablepullingmachines","https:\/\/www.youtube.com\/@CablePullingMachines","https:\/\/www.instagram.com\/cablepullingmachines"],"description":"Cable laying products manufacturer from Turkiye. Cable Pulling Machines and Cable Drum Trailers Producer.","email":"erkangok@allame.net","telephone":"+905337789941","legalName":"SKYPULLTECH","foundingDate":"1999-02-12","vatID":"0550635748","iso6523Code":"1555ALL2025","numberOfEmployees":{"@type":"QuantitativeValue","minValue":"11","maxValue":"50"}}]}},"amp_enabled":true,"_links":{"self":[{"href":"https:\/\/cablepullingmachines.com\/fr\/wp-json\/wp\/v2\/pages\/4584","targetHints":{"allow":["GET"]}}],"collection":[{"href":"https:\/\/cablepullingmachines.com\/fr\/wp-json\/wp\/v2\/pages"}],"about":[{"href":"https:\/\/cablepullingmachines.com\/fr\/wp-json\/wp\/v2\/types\/page"}],"author":[{"embeddable":true,"href":"https:\/\/cablepullingmachines.com\/fr\/wp-json\/wp\/v2\/users\/1"}],"replies":[{"embeddable":true,"href":"https:\/\/cablepullingmachines.com\/fr\/wp-json\/wp\/v2\/comments?post=4584"}],"version-history":[{"count":0,"href":"https:\/\/cablepullingmachines.com\/fr\/wp-json\/wp\/v2\/pages\/4584\/revisions"}],"up":[{"embeddable":true,"href":"https:\/\/cablepullingmachines.com\/fr\/wp-json\/wp\/v2\/pages\/4594"}],"wp:featuredmedia":[{"embeddable":true,"href":"https:\/\/cablepullingmachines.com\/fr\/wp-json\/wp\/v2\/media\/4276"}],"wp:attachment":[{"href":"https:\/\/cablepullingmachines.com\/fr\/wp-json\/wp\/v2\/media?parent=4584"}],"curies":[{"name":"wp","href":"https:\/\/api.w.org\/{rel}","templated":true}]}}