{"id":4578,"date":"2024-09-19T12:11:48","date_gmt":"2024-09-19T12:11:48","guid":{"rendered":"https:\/\/cablepullingmachines.com\/machines-a-souffler-les-cables-en-fibre-optique\/"},"modified":"2024-09-19T12:11:52","modified_gmt":"2024-09-19T12:11:52","slug":"machines-a-souffler-les-cables-en-fibre-optique","status":"publish","type":"page","link":"https:\/\/cablepullingmachines.com\/fr\/machines-a-souffler-les-cables\/machines-a-souffler-les-cables-en-fibre-optique\/","title":{"rendered":"Machines \u00e0 souffler les c\u00e2bles en fibre optique"},"content":{"rendered":"<h1>SkyJET &#8211; Machines \u00e0 souffler les c\u00e2bles en fibre optique<\/h1>\n<p><figure id=\"attachment_2231\" aria-describedby=\"caption-attachment-2231\" style=\"width: 1000px\" class=\"wp-caption alignleft\"><img decoding=\"async\" class=\"size-full wp-image-2231 lazyload\" data-src=\"https:\/\/cablepullingmachines.com\/wp-content\/uploads\/2020\/09\/Fiber-cable-blowing-machine-Skyjet.jpg\" alt=\"Machine \u00e0 souffler les c\u00e2bles en fibre Skyjet\" width=\"1000\" height=\"667\" data-srcset=\"https:\/\/cablepullingmachines.com\/wp-content\/uploads\/2020\/09\/Fiber-cable-blowing-machine-Skyjet.jpg 1000w, https:\/\/cablepullingmachines.com\/wp-content\/uploads\/2020\/09\/Fiber-cable-blowing-machine-Skyjet-300x200.jpg 300w, https:\/\/cablepullingmachines.com\/wp-content\/uploads\/2020\/09\/Fiber-cable-blowing-machine-Skyjet-768x512.jpg 768w, https:\/\/cablepullingmachines.com\/wp-content\/uploads\/2020\/09\/Fiber-cable-blowing-machine-Skyjet-705x470.jpg 705w\" data-sizes=\"(max-width: 1000px) 100vw, 1000px\" src=\"data:image\/svg+xml;base64,PHN2ZyB3aWR0aD0iMSIgaGVpZ2h0PSIxIiB4bWxucz0iaHR0cDovL3d3dy53My5vcmcvMjAwMC9zdmciPjwvc3ZnPg==\" style=\"--smush-placeholder-width: 1000px; --smush-placeholder-aspect-ratio: 1000\/667;\" \/><figcaption id=\"caption-attachment-2231\" class=\"wp-caption-text\">Machine \u00e0 souffler les c\u00e2bles en fibre Skyjet<\/figcaption><\/figure>  A l&#8217;\u00e8re de la vitesse, la connexion de donn\u00e9es \u00e0 haut d\u00e9bit est un must et, \u00e0 partir de ce concept, nous pouvons comprendre l&#8217;importance du temps pour l&#8217;homme moderne. C&#8217;est pourquoi vous devez utiliser la <strong>machine SkyJET<\/strong> dans le processus de mise en r\u00e9seau pour un processus de<strong> soufflage de c\u00e2ble \u00e0 fibre optique<\/strong> s\u00fbr, rapide et fiable.<br \/>\nNotre production standard de <b>SKYJET <\/b>est pour un diam\u00e8tre de conduit de 40 mm.<br \/>\nNous pouvons fabriquer des pi\u00e8ces de r\u00e9gulation pour diff\u00e9rents diam\u00e8tres.<br \/>\nCes pi\u00e8ces peuvent \u00eatre utilis\u00e9es pour des diam\u00e8tres plus petits, dans le cas de diam\u00e8tres plus importants, le diam\u00e8tre de la gaine de la bo\u00eete de sortie doit \u00eatre tourn\u00e9 afin d&#8217;\u00eatre adapt\u00e9 \u00e0 votre diam\u00e8tre de gaine.<br \/>\nChaque diam\u00e8tre diff\u00e9rent n\u00e9cessitera des pi\u00e8ces de r\u00e9gulation diff\u00e9rentes.<br \/>\nLors de votre commande, veuillez nous indiquer le diam\u00e8tre de votre conduit (le prix n&#8217;inclut pas le co\u00fbt des pi\u00e8ces de r\u00e9gulation).<br \/>\nIl existe deux types de <strong>machines SKYJET<\/strong> pour diff\u00e9rents diam\u00e8tres, les gammes sont mentionn\u00e9es ci-dessous.<br \/>\nLors de votre commande, vous devez nous fournir des informations sur le diam\u00e8tre de votre c\u00e2ble et la gamme de diam\u00e8tres afin de nous permettre de vous envoyer des pi\u00e8ces de rechange pour vos diff\u00e9rents diam\u00e8tres (palettes, etc.) (le prix de la machine n&#8217;inclut pas le prix de ces pi\u00e8ces de rechange suppl\u00e9mentaires). Note : Cette \u00e9num\u00e9ration est juste pour classifier, que nous pouvons produire nos machines pour diff\u00e9rents diam\u00e8tres de c\u00e2ble.<br \/>\nA) Diam\u00e8tre 8-13 4) Diam\u00e8tre 14-20 Et voici quelques sp\u00e9cifications techniques : <span style=\"color: #ffffff;\">machines \u00e0 souffler les c\u00e2bles en fibre<\/span> <strong>optique<\/strong> SKYJET : <strong>Machine \u00e0 souffler les c\u00e2bles en fibre optique<\/strong> COMMANDE : Par technicien AIR N\u00c9CESSAIRE : 10.5 bar 12 m\u00b3\/min.<br \/>\n(conduit 40 hdp)<br \/>\nMOTEUR A AIR : Double efficace, 740 watt (2 pi\u00e8ces) AIR N\u00c9CESSAIRE POUR LES MOTEURS : 6 Bar-0,6 m\u00b3\/min.<br \/>\nV\u00c9LOCIT\u00c9 D&#8217;INSTALLATION DU C\u00c2BLE : 0, 30, 50 m\/min.<br \/>\nPUISSANCE DE D\u00c9POSAGE : 80~85 Kg.<br \/>\nDIMENSIONS (largeur x longueur x hauteur) : 365mm x 330mm x 540mm POIDS DE LA MACHINE : 46kg <em><strong><span style=\"color: #ffffff;\">machines a souffler les cables en fibre optique<\/span><\/strong><\/em><img decoding=\"async\" class=\"size-full wp-image-2232 lazyload\" data-src=\"https:\/\/cablepullingmachines.com\/wp-content\/uploads\/2020\/09\/Skyjet-Cable-Blowing-Machine.jpg\" alt=\"Machine \u00e0 souffler les c\u00e2bles Skyjet\" width=\"1000\" height=\"667\" data-srcset=\"https:\/\/cablepullingmachines.com\/wp-content\/uploads\/2020\/09\/Skyjet-Cable-Blowing-Machine.jpg 1000w, https:\/\/cablepullingmachines.com\/wp-content\/uploads\/2020\/09\/Skyjet-Cable-Blowing-Machine-300x200.jpg 300w, https:\/\/cablepullingmachines.com\/wp-content\/uploads\/2020\/09\/Skyjet-Cable-Blowing-Machine-768x512.jpg 768w, https:\/\/cablepullingmachines.com\/wp-content\/uploads\/2020\/09\/Skyjet-Cable-Blowing-Machine-705x470.jpg 705w\" data-sizes=\"(max-width: 1000px) 100vw, 1000px\" src=\"data:image\/svg+xml;base64,PHN2ZyB3aWR0aD0iMSIgaGVpZ2h0PSIxIiB4bWxucz0iaHR0cDovL3d3dy53My5vcmcvMjAwMC9zdmciPjwvc3ZnPg==\" style=\"--smush-placeholder-width: 1000px; --smush-placeholder-aspect-ratio: 1000\/667;\" \/> D\u00e9tails techniques de la machine \u00e0 souffler les c\u00e2bles Skyjet Machine <span style=\"color: #ffffff;\">\u00e0 souffler les c\u00e2bles en fibre optique<\/span>             <\/p>\n<ul>\n<li>Afin de r\u00e9duire la friction entre la gaine et le c\u00e2ble, vous devez transf\u00e9rer de l&#8217;huile ( Lubricom-f ) dans la gaine pr\u00e9install\u00e9e avec ce syst\u00e8me de lubrification par choc.<\/li>\n<li>La bo\u00eete de sortie sp\u00e9cialement con\u00e7ue fournit un guidage productif pour l&#8217;air sous pression dans le conduit pr\u00e9install\u00e9.<\/li>\n<li>Vous permettez \u00e0 l&#8217;air d&#8217;entrer ou non dans la machine en ouvrant ou en fermant la vanne.<\/li>\n<li>La conception sp\u00e9ciale du raccord d&#8217;air rapide a permis de r\u00e9soudre les probl\u00e8mes li\u00e9s \u00e0 l&#8217;ancien support d&#8217;air (joint \u00e0 crochet et \u00e0 but\u00e9e).<\/li>\n<li>Le syst\u00e8me de presse pneumatique ne permet pas au c\u00e2ble de glisser ou d&#8217;\u00eatre endommag\u00e9.<\/li>\n<li>L&#8217;installation du c\u00e2ble dans les champs boueux n&#8217;est plus un probl\u00e8me gr\u00e2ce aux palettes sp\u00e9cialement con\u00e7ues \u00e0 cet effet.<br \/>\nEt vous n&#8217;aurez pas \u00e0 faire face \u00e0 une r\u00e9tractation de la puissance de soufflage. <\/li>\n<li>Le syst\u00e8me de lubrification festo extrait l&#8217;humidit\u00e9 de l&#8217;air sous pression provenant du compresseur et fournit une lubrification continue au moteur pneumatique.<\/li>\n<li>La vanne de contr\u00f4le vous permet de s\u00e9lectionner la vitesse et la direction du processus d&#8217;installation du c\u00e2ble.<\/li>\n<li>La puissance d&#8217;installation ne diminuera jamais avec les moteurs pneumatiques de remorquage.<\/li>\n<\/ul>\n<p><span style=\"color: #ffffff;\">Tags :<em><strong> machines \u00e0 souffler les c\u00e2bles de fibre optique<\/strong><\/em><\/span><\/p>\n","protected":false},"excerpt":{"rendered":"<p>SkyJET &#8211; Machines \u00e0 souffler les c\u00e2bles en fibre optique A l&#8217;\u00e8re de la vitesse, la connexion de donn\u00e9es \u00e0 haut d\u00e9bit est un must et, \u00e0 partir de ce concept, nous pouvons comprendre l&#8217;importance du temps pour l&#8217;homme moderne. C&#8217;est pourquoi vous devez utiliser la machine SkyJET dans le processus de mise en r\u00e9seau<\/p>\n","protected":false},"author":1,"featured_media":4234,"parent":4594,"menu_order":0,"comment_status":"closed","ping_status":"closed","template":"","meta":{"_joinchat":[],"footnotes":""},"class_list":["post-4578","page","type-page","status-publish","has-post-thumbnail","hentry"],"yoast_head":"<!-- This site is optimized with the Yoast SEO Premium plugin v27.5 (Yoast SEO v27.5) - https:\/\/yoast.com\/product\/yoast-seo-premium-wordpress\/ -->\n<title>Machines \u00e0 souffler les c\u00e2bles en fibre optique - Cable Pulling Machines Manufacturer<\/title>\n<meta name=\"description\" content=\"Machines \u00e0 souffler les c\u00e2bles en fibre optique - Cable Pulling Machines Manufacturer\" \/>\n<meta name=\"robots\" content=\"index, follow, max-snippet:-1, max-image-preview:large, max-video-preview:-1\" \/>\n<link rel=\"canonical\" href=\"https:\/\/cablepullingmachines.com\/fr\/?page_id=4578\" \/>\n<meta property=\"og:locale\" content=\"fr_FR\" \/>\n<meta property=\"og:type\" content=\"article\" \/>\n<meta property=\"og:title\" content=\"Machines \u00e0 souffler les c\u00e2bles en fibre optique\" \/>\n<meta property=\"og:description\" content=\"Machines \u00e0 souffler les c\u00e2bles en fibre optique - Cable Pulling Machines Manufacturer\" \/>\n<meta property=\"og:url\" content=\"https:\/\/cablepullingmachines.com\/fr\/?page_id=4578\" \/>\n<meta property=\"og:site_name\" content=\"Cable Pulling Machines Manufacturer\" \/>\n<meta property=\"article:publisher\" content=\"https:\/\/www.facebook.com\/cablepullingmachines\" \/>\n<meta property=\"article:modified_time\" content=\"2024-09-19T12:11:52+00:00\" \/>\n<meta property=\"og:image\" content=\"https:\/\/i0.wp.com\/cablepullingmachines.com\/wp-content\/uploads\/2020\/09\/Fiber-cable-blowing-machine-Skyjet.jpg?fit=1000%2C667&ssl=1\" \/>\n\t<meta property=\"og:image:width\" content=\"1000\" \/>\n\t<meta property=\"og:image:height\" content=\"667\" \/>\n\t<meta property=\"og:image:type\" content=\"image\/jpeg\" \/>\n<meta name=\"twitter:card\" content=\"summary_large_image\" \/>\n<meta name=\"twitter:label1\" content=\"Dur\u00e9e de lecture estim\u00e9e\" \/>\n\t<meta name=\"twitter:data1\" content=\"3 minutes\" \/>\n<script type=\"application\/ld+json\" class=\"yoast-schema-graph\">{\"@context\":\"https:\\\/\\\/schema.org\",\"@graph\":[{\"@type\":\"WebPage\",\"@id\":\"https:\\\/\\\/cablepullingmachines.com\\\/fr\\\/?page_id=4578\",\"url\":\"https:\\\/\\\/cablepullingmachines.com\\\/fr\\\/?page_id=4578\",\"name\":\"Machines \u00e0 souffler les c\u00e2bles en fibre optique - Cable Pulling Machines Manufacturer\",\"isPartOf\":{\"@id\":\"https:\\\/\\\/cablepullingmachines.com\\\/#website\"},\"primaryImageOfPage\":{\"@id\":\"https:\\\/\\\/cablepullingmachines.com\\\/fr\\\/?page_id=4578#primaryimage\"},\"image\":{\"@id\":\"https:\\\/\\\/cablepullingmachines.com\\\/fr\\\/?page_id=4578#primaryimage\"},\"thumbnailUrl\":\"https:\\\/\\\/cablepullingmachines.com\\\/wp-content\\\/uploads\\\/2020\\\/09\\\/Fiber-cable-blowing-machine-Skyjet.jpg\",\"datePublished\":\"2024-09-19T12:11:48+00:00\",\"dateModified\":\"2024-09-19T12:11:52+00:00\",\"description\":\"Machines \u00e0 souffler les c\u00e2bles en fibre optique - Cable Pulling Machines Manufacturer\",\"breadcrumb\":{\"@id\":\"https:\\\/\\\/cablepullingmachines.com\\\/fr\\\/?page_id=4578#breadcrumb\"},\"inLanguage\":\"fr-FR\",\"potentialAction\":[{\"@type\":\"ReadAction\",\"target\":[\"https:\\\/\\\/cablepullingmachines.com\\\/fr\\\/?page_id=4578\"]}]},{\"@type\":\"ImageObject\",\"inLanguage\":\"fr-FR\",\"@id\":\"https:\\\/\\\/cablepullingmachines.com\\\/fr\\\/?page_id=4578#primaryimage\",\"url\":\"https:\\\/\\\/cablepullingmachines.com\\\/wp-content\\\/uploads\\\/2020\\\/09\\\/Fiber-cable-blowing-machine-Skyjet.jpg\",\"contentUrl\":\"https:\\\/\\\/cablepullingmachines.com\\\/wp-content\\\/uploads\\\/2020\\\/09\\\/Fiber-cable-blowing-machine-Skyjet.jpg\",\"width\":1000,\"height\":667,\"caption\":\"Fiber cable blowing machine Skyjet\"},{\"@type\":\"BreadcrumbList\",\"@id\":\"https:\\\/\\\/cablepullingmachines.com\\\/fr\\\/?page_id=4578#breadcrumb\",\"itemListElement\":[{\"@type\":\"ListItem\",\"position\":1,\"name\":\"Home\",\"item\":\"https:\\\/\\\/cablepullingmachines.com\\\/fr\\\/a\\\/\"},{\"@type\":\"ListItem\",\"position\":2,\"name\":\"Machines \u00e0 souffler les c\u00e2bles\",\"item\":\"https:\\\/\\\/cablepullingmachines.com\\\/fr\\\/?page_id=4594\"},{\"@type\":\"ListItem\",\"position\":3,\"name\":\"Machines \u00e0 souffler les c\u00e2bles en fibre optique\"}]},{\"@type\":\"WebSite\",\"@id\":\"https:\\\/\\\/cablepullingmachines.com\\\/#website\",\"url\":\"https:\\\/\\\/cablepullingmachines.com\\\/\",\"name\":\"Cable Pulling Machines and Cable Drum Trailers\",\"description\":\"Cable Pulling Machines, Winches, Cable Drum Trailers\",\"publisher\":{\"@id\":\"https:\\\/\\\/cablepullingmachines.com\\\/#organization\"},\"alternateName\":\"Cable Drum Trailers Manufacturer\",\"potentialAction\":[{\"@type\":\"SearchAction\",\"target\":{\"@type\":\"EntryPoint\",\"urlTemplate\":\"https:\\\/\\\/cablepullingmachines.com\\\/?s={search_term_string}\"},\"query-input\":{\"@type\":\"PropertyValueSpecification\",\"valueRequired\":true,\"valueName\":\"search_term_string\"}}],\"inLanguage\":\"fr-FR\"},{\"@type\":\"Organization\",\"@id\":\"https:\\\/\\\/cablepullingmachines.com\\\/#organization\",\"name\":\"Allame Makina Ltd Sti\",\"alternateName\":\"Cable Drum Trailers Manufacturer\",\"url\":\"https:\\\/\\\/cablepullingmachines.com\\\/\",\"logo\":{\"@type\":\"ImageObject\",\"inLanguage\":\"fr-FR\",\"@id\":\"https:\\\/\\\/cablepullingmachines.com\\\/#\\\/schema\\\/logo\\\/image\\\/\",\"url\":\"https:\\\/\\\/cablepullingmachines.com\\\/wp-content\\\/uploads\\\/2015\\\/10\\\/logo.jpg\",\"contentUrl\":\"https:\\\/\\\/cablepullingmachines.com\\\/wp-content\\\/uploads\\\/2015\\\/10\\\/logo.jpg\",\"width\":300,\"height\":140,\"caption\":\"Allame Makina Ltd Sti\"},\"image\":{\"@id\":\"https:\\\/\\\/cablepullingmachines.com\\\/#\\\/schema\\\/logo\\\/image\\\/\"},\"sameAs\":[\"https:\\\/\\\/www.facebook.com\\\/cablepullingmachines\",\"https:\\\/\\\/www.linkedin.com\\\/company\\\/cablepullingmachines\",\"https:\\\/\\\/www.youtube.com\\\/@CablePullingMachines\",\"https:\\\/\\\/www.instagram.com\\\/cablepullingmachines\"],\"description\":\"Cable laying products manufacturer from Turkiye. Cable Pulling Machines and Cable Drum Trailers Producer.\",\"email\":\"erkangok@allame.net\",\"telephone\":\"+905337789941\",\"legalName\":\"SKYPULLTECH\",\"foundingDate\":\"1999-02-12\",\"vatID\":\"0550635748\",\"iso6523Code\":\"1555ALL2025\",\"numberOfEmployees\":{\"@type\":\"QuantitativeValue\",\"minValue\":\"11\",\"maxValue\":\"50\"}}]}<\/script>\n<!-- \/ Yoast SEO Premium plugin. -->","yoast_head_json":{"title":"Machines \u00e0 souffler les c\u00e2bles en fibre optique - Cable Pulling Machines Manufacturer","description":"Machines \u00e0 souffler les c\u00e2bles en fibre optique - Cable Pulling Machines Manufacturer","robots":{"index":"index","follow":"follow","max-snippet":"max-snippet:-1","max-image-preview":"max-image-preview:large","max-video-preview":"max-video-preview:-1"},"canonical":"https:\/\/cablepullingmachines.com\/fr\/?page_id=4578","og_locale":"fr_FR","og_type":"article","og_title":"Machines \u00e0 souffler les c\u00e2bles en fibre optique","og_description":"Machines \u00e0 souffler les c\u00e2bles en fibre optique - Cable Pulling Machines Manufacturer","og_url":"https:\/\/cablepullingmachines.com\/fr\/?page_id=4578","og_site_name":"Cable Pulling Machines Manufacturer","article_publisher":"https:\/\/www.facebook.com\/cablepullingmachines","article_modified_time":"2024-09-19T12:11:52+00:00","og_image":[{"width":1000,"height":667,"url":"https:\/\/i0.wp.com\/cablepullingmachines.com\/wp-content\/uploads\/2020\/09\/Fiber-cable-blowing-machine-Skyjet.jpg?fit=1000%2C667&ssl=1","type":"image\/jpeg"}],"twitter_card":"summary_large_image","twitter_misc":{"Dur\u00e9e de lecture estim\u00e9e":"3 minutes"},"schema":{"@context":"https:\/\/schema.org","@graph":[{"@type":"WebPage","@id":"https:\/\/cablepullingmachines.com\/fr\/?page_id=4578","url":"https:\/\/cablepullingmachines.com\/fr\/?page_id=4578","name":"Machines \u00e0 souffler les c\u00e2bles en fibre optique - Cable Pulling Machines Manufacturer","isPartOf":{"@id":"https:\/\/cablepullingmachines.com\/#website"},"primaryImageOfPage":{"@id":"https:\/\/cablepullingmachines.com\/fr\/?page_id=4578#primaryimage"},"image":{"@id":"https:\/\/cablepullingmachines.com\/fr\/?page_id=4578#primaryimage"},"thumbnailUrl":"https:\/\/cablepullingmachines.com\/wp-content\/uploads\/2020\/09\/Fiber-cable-blowing-machine-Skyjet.jpg","datePublished":"2024-09-19T12:11:48+00:00","dateModified":"2024-09-19T12:11:52+00:00","description":"Machines \u00e0 souffler les c\u00e2bles en fibre optique - Cable Pulling Machines Manufacturer","breadcrumb":{"@id":"https:\/\/cablepullingmachines.com\/fr\/?page_id=4578#breadcrumb"},"inLanguage":"fr-FR","potentialAction":[{"@type":"ReadAction","target":["https:\/\/cablepullingmachines.com\/fr\/?page_id=4578"]}]},{"@type":"ImageObject","inLanguage":"fr-FR","@id":"https:\/\/cablepullingmachines.com\/fr\/?page_id=4578#primaryimage","url":"https:\/\/cablepullingmachines.com\/wp-content\/uploads\/2020\/09\/Fiber-cable-blowing-machine-Skyjet.jpg","contentUrl":"https:\/\/cablepullingmachines.com\/wp-content\/uploads\/2020\/09\/Fiber-cable-blowing-machine-Skyjet.jpg","width":1000,"height":667,"caption":"Fiber cable blowing machine Skyjet"},{"@type":"BreadcrumbList","@id":"https:\/\/cablepullingmachines.com\/fr\/?page_id=4578#breadcrumb","itemListElement":[{"@type":"ListItem","position":1,"name":"Home","item":"https:\/\/cablepullingmachines.com\/fr\/a\/"},{"@type":"ListItem","position":2,"name":"Machines \u00e0 souffler les c\u00e2bles","item":"https:\/\/cablepullingmachines.com\/fr\/?page_id=4594"},{"@type":"ListItem","position":3,"name":"Machines \u00e0 souffler les c\u00e2bles en fibre optique"}]},{"@type":"WebSite","@id":"https:\/\/cablepullingmachines.com\/#website","url":"https:\/\/cablepullingmachines.com\/","name":"Cable Pulling Machines and Cable Drum Trailers","description":"Cable Pulling Machines, Winches, Cable Drum Trailers","publisher":{"@id":"https:\/\/cablepullingmachines.com\/#organization"},"alternateName":"Cable Drum Trailers Manufacturer","potentialAction":[{"@type":"SearchAction","target":{"@type":"EntryPoint","urlTemplate":"https:\/\/cablepullingmachines.com\/?s={search_term_string}"},"query-input":{"@type":"PropertyValueSpecification","valueRequired":true,"valueName":"search_term_string"}}],"inLanguage":"fr-FR"},{"@type":"Organization","@id":"https:\/\/cablepullingmachines.com\/#organization","name":"Allame Makina Ltd Sti","alternateName":"Cable Drum Trailers Manufacturer","url":"https:\/\/cablepullingmachines.com\/","logo":{"@type":"ImageObject","inLanguage":"fr-FR","@id":"https:\/\/cablepullingmachines.com\/#\/schema\/logo\/image\/","url":"https:\/\/cablepullingmachines.com\/wp-content\/uploads\/2015\/10\/logo.jpg","contentUrl":"https:\/\/cablepullingmachines.com\/wp-content\/uploads\/2015\/10\/logo.jpg","width":300,"height":140,"caption":"Allame Makina Ltd Sti"},"image":{"@id":"https:\/\/cablepullingmachines.com\/#\/schema\/logo\/image\/"},"sameAs":["https:\/\/www.facebook.com\/cablepullingmachines","https:\/\/www.linkedin.com\/company\/cablepullingmachines","https:\/\/www.youtube.com\/@CablePullingMachines","https:\/\/www.instagram.com\/cablepullingmachines"],"description":"Cable laying products manufacturer from Turkiye. Cable Pulling Machines and Cable Drum Trailers Producer.","email":"erkangok@allame.net","telephone":"+905337789941","legalName":"SKYPULLTECH","foundingDate":"1999-02-12","vatID":"0550635748","iso6523Code":"1555ALL2025","numberOfEmployees":{"@type":"QuantitativeValue","minValue":"11","maxValue":"50"}}]}},"amp_enabled":true,"_links":{"self":[{"href":"https:\/\/cablepullingmachines.com\/fr\/wp-json\/wp\/v2\/pages\/4578","targetHints":{"allow":["GET"]}}],"collection":[{"href":"https:\/\/cablepullingmachines.com\/fr\/wp-json\/wp\/v2\/pages"}],"about":[{"href":"https:\/\/cablepullingmachines.com\/fr\/wp-json\/wp\/v2\/types\/page"}],"author":[{"embeddable":true,"href":"https:\/\/cablepullingmachines.com\/fr\/wp-json\/wp\/v2\/users\/1"}],"replies":[{"embeddable":true,"href":"https:\/\/cablepullingmachines.com\/fr\/wp-json\/wp\/v2\/comments?post=4578"}],"version-history":[{"count":0,"href":"https:\/\/cablepullingmachines.com\/fr\/wp-json\/wp\/v2\/pages\/4578\/revisions"}],"up":[{"embeddable":true,"href":"https:\/\/cablepullingmachines.com\/fr\/wp-json\/wp\/v2\/pages\/4594"}],"wp:featuredmedia":[{"embeddable":true,"href":"https:\/\/cablepullingmachines.com\/fr\/wp-json\/wp\/v2\/media\/4234"}],"wp:attachment":[{"href":"https:\/\/cablepullingmachines.com\/fr\/wp-json\/wp\/v2\/media?parent=4578"}],"curies":[{"name":"wp","href":"https:\/\/api.w.org\/{rel}","templated":true}]}}