{"id":4570,"date":"2024-09-19T12:11:47","date_gmt":"2024-09-19T12:11:47","guid":{"rendered":"https:\/\/cablepullingmachines.com\/machines-a-souffler-les-cables-a-microfibres-optiques\/"},"modified":"2024-09-19T12:11:52","modified_gmt":"2024-09-19T12:11:52","slug":"machines-a-souffler-les-cables-a-microfibres-optiques","status":"publish","type":"page","link":"https:\/\/cablepullingmachines.com\/fr\/machines-a-souffler-les-cables\/machines-a-souffler-les-cables-a-microfibres-optiques\/","title":{"rendered":"Machines \u00e0 souffler les c\u00e2bles \u00e0 microfibres optiques"},"content":{"rendered":"<h1>Machines \u00e0 souffler les c\u00e2bles \u00e0 microfibres optiques<\/h1>\n<figure id=\"attachment_2242\" aria-describedby=\"caption-attachment-2242\" style=\"width: 400px\" class=\"wp-caption alignleft\"><img decoding=\"async\" class=\"size-full wp-image-2242 lazyload\" data-src=\"https:\/\/cablepullingmachines.com\/wp-content\/uploads\/2020\/09\/Fiber-blowing-machine.png\" alt=\"Machine \u00e0 souffler les fibres\" width=\"400\" height=\"512\" data-srcset=\"https:\/\/cablepullingmachines.com\/wp-content\/uploads\/2020\/09\/Fiber-blowing-machine.png 400w, https:\/\/cablepullingmachines.com\/wp-content\/uploads\/2020\/09\/Fiber-blowing-machine-234x300.png 234w\" data-sizes=\"(max-width: 400px) 100vw, 400px\" src=\"data:image\/svg+xml;base64,PHN2ZyB3aWR0aD0iMSIgaGVpZ2h0PSIxIiB4bWxucz0iaHR0cDovL3d3dy53My5vcmcvMjAwMC9zdmciPjwvc3ZnPg==\" style=\"--smush-placeholder-width: 400px; --smush-placeholder-aspect-ratio: 400\/512;\" \/><figcaption id=\"caption-attachment-2242\" class=\"wp-caption-text\">Machine \u00e0 souffler les fibres<\/figcaption><\/figure>\n<p><figure id=\"attachment_2243\" aria-describedby=\"caption-attachment-2243\" style=\"width: 1000px\" class=\"wp-caption alignleft\"><img decoding=\"async\" class=\"wp-image-2243 size-full lazyload\" data-src=\"https:\/\/cablepullingmachines.com\/wp-content\/uploads\/2020\/09\/Cable-Blowing-Machine.png\" alt=\"Machine \u00e0 souffler les c\u00e2bles\" width=\"1000\" height=\"1030\" data-srcset=\"https:\/\/cablepullingmachines.com\/wp-content\/uploads\/2020\/09\/Cable-Blowing-Machine.png 1000w, https:\/\/cablepullingmachines.com\/wp-content\/uploads\/2020\/09\/Cable-Blowing-Machine-291x300.png 291w, https:\/\/cablepullingmachines.com\/wp-content\/uploads\/2020\/09\/Cable-Blowing-Machine-768x791.png 768w, https:\/\/cablepullingmachines.com\/wp-content\/uploads\/2020\/09\/Cable-Blowing-Machine-36x36.png 36w, https:\/\/cablepullingmachines.com\/wp-content\/uploads\/2020\/09\/Cable-Blowing-Machine-684x705.png 684w\" data-sizes=\"(max-width: 1000px) 100vw, 1000px\" src=\"data:image\/svg+xml;base64,PHN2ZyB3aWR0aD0iMSIgaGVpZ2h0PSIxIiB4bWxucz0iaHR0cDovL3d3dy53My5vcmcvMjAwMC9zdmciPjwvc3ZnPg==\" style=\"--smush-placeholder-width: 1000px; --smush-placeholder-aspect-ratio: 1000\/1030;\" \/><figcaption id=\"caption-attachment-2243\" class=\"wp-caption-text\">Machine \u00e0 souffler les c\u00e2bles<\/figcaption><\/figure>  MICROSKY MACHINES &#8211;  <em><strong>machines \u00e0 souffler les c\u00e2bles \u00e0 microfibres optiques<\/strong><\/em>  Diam\u00e8tre des c\u00e2bles en fibre optique : 3mm-6mm MicroSKY, Microjet, installation de fibre, Allame Makina Groupes de bandes (palettes) :1mm-6mm Groupes de gaines :Ajustables selon votre demande. Machine MicroSKY con\u00e7ue pour les petits diam\u00e8tres de c\u00e2bles \u00e0 fibres optiques. Gamme de c\u00e2bles entre 1mm et 6mm. M\u00e9thodes de soufflage de c\u00e2bles faciles \u00e0 mettre en oeuvre pour les micro-c\u00e2bles. Nous avons 2 types de machines \u00e0 souffler les c\u00e2bles pour les micro-c\u00e2bles. 1- MicroSKY 2- DynoSKY MicroFOK : Souffleuse de c\u00e2bles \u00e0 microfibres optiques CONTR\u00d4LE : Par technicien AIR N\u00c9CESSAIRE : 15 bar 1 m\u00b3\/min.(minimum) Dimensions : 33cm x 27cm x 46cm Poids : 20kg MicroSKY OUR EST LE PRODUCTEUR ET VENDEUR AUTORIS\u00c9 EXCLUSIF DE LA SOUFFLEUSE DE C\u00c2BLES \u00c0 FIBRES OPTIQUES (SKYJET) DANS LE MONDE. ALLAME LTD STI POSS\u00c8DE UN BREVET POUR LA CONCEPTION SP\u00c9CIALE DU SKYJET. TOUS LES SOUS-TRAITANTS DES ENTREPRISES UTILISENT NOS MACHINES SKYJET. NOUS AM\u00c9LIORONS NOTRE MACHINE GR\u00c2CE AUX COMMENTAIRES DES UTILISATEURS DE SKYJET. DEPUIS 1999, NOUS RENDONS NOS MACHINES ENCORE PLUS UTILES POUR NOS CLIENTS. PLUS DE 9 000 KM DE C\u00c2BLES EN FIBRE OPTIQUE ONT \u00c9T\u00c9 INSTALL\u00c9S AVEC NOS MACHINES DANS LE CADRE DU DERNIER PROJET NOMM\u00c9 TELECOM EN TURQUIE. NOUS VOULONS PARTAGER NOS MACHINES AVEC LE MONDE ENTIER.  <span style=\"color: #ffffff;\">Tags : <strong>machines \u00e0 souffler les c\u00e2bles \u00e0 microfibres optiques<\/strong><\/span><\/p>\n","protected":false},"excerpt":{"rendered":"<p>Machines \u00e0 souffler les c\u00e2bles \u00e0 microfibres optiques MICROSKY MACHINES &#8211; machines \u00e0 souffler les c\u00e2bles \u00e0 microfibres optiques Diam\u00e8tre des c\u00e2bles en fibre optique : 3mm-6mm MicroSKY, Microjet, installation de fibre, Allame Makina Groupes de bandes (palettes) :1mm-6mm Groupes de gaines :Ajustables selon votre demande. Machine MicroSKY con\u00e7ue pour les petits diam\u00e8tres de c\u00e2bles<\/p>\n","protected":false},"author":1,"featured_media":4270,"parent":4594,"menu_order":0,"comment_status":"closed","ping_status":"closed","template":"","meta":{"_joinchat":[],"footnotes":""},"class_list":["post-4570","page","type-page","status-publish","has-post-thumbnail","hentry"],"yoast_head":"<!-- This site is optimized with the Yoast SEO Premium plugin v26.8 (Yoast SEO v27.0) - https:\/\/yoast.com\/product\/yoast-seo-premium-wordpress\/ -->\n<title>Machines \u00e0 souffler les c\u00e2bles \u00e0 microfibres optiques - Cable Pulling Machines Manufacturer<\/title>\n<meta name=\"description\" content=\"Machines \u00e0 souffler les c\u00e2bles \u00e0 microfibres optiques - Cable Pulling Machines Manufacturer\" \/>\n<meta name=\"robots\" content=\"index, follow, max-snippet:-1, max-image-preview:large, max-video-preview:-1\" \/>\n<link rel=\"canonical\" href=\"https:\/\/cablepullingmachines.com\/fr\/?page_id=4570\" \/>\n<meta property=\"og:locale\" content=\"fr_FR\" \/>\n<meta property=\"og:type\" content=\"article\" \/>\n<meta property=\"og:title\" content=\"Machines \u00e0 souffler les c\u00e2bles \u00e0 microfibres optiques\" \/>\n<meta property=\"og:description\" content=\"Machines \u00e0 souffler les c\u00e2bles \u00e0 microfibres optiques - Cable Pulling Machines Manufacturer\" \/>\n<meta property=\"og:url\" content=\"https:\/\/cablepullingmachines.com\/fr\/?page_id=4570\" \/>\n<meta property=\"og:site_name\" content=\"Cable Pulling Machines Manufacturer\" \/>\n<meta property=\"article:publisher\" content=\"https:\/\/www.facebook.com\/cablepullingmachines\" \/>\n<meta property=\"article:modified_time\" content=\"2024-09-19T12:11:52+00:00\" \/>\n<meta property=\"og:image\" content=\"https:\/\/i0.wp.com\/cablepullingmachines.com\/wp-content\/uploads\/2020\/09\/Cable-Blowing-Machine.png?fit=1000%2C1030&ssl=1\" \/>\n\t<meta property=\"og:image:width\" content=\"1000\" \/>\n\t<meta property=\"og:image:height\" content=\"1030\" \/>\n\t<meta property=\"og:image:type\" content=\"image\/png\" \/>\n<meta name=\"twitter:card\" content=\"summary_large_image\" \/>\n<meta name=\"twitter:label1\" content=\"Dur\u00e9e de lecture estim\u00e9e\" \/>\n\t<meta name=\"twitter:data1\" content=\"1 minute\" \/>\n<script type=\"application\/ld+json\" class=\"yoast-schema-graph\">{\"@context\":\"https:\/\/schema.org\",\"@graph\":[{\"@type\":\"WebPage\",\"@id\":\"https:\/\/cablepullingmachines.com\/fr\/?page_id=4570\",\"url\":\"https:\/\/cablepullingmachines.com\/fr\/?page_id=4570\",\"name\":\"Machines \u00e0 souffler les c\u00e2bles \u00e0 microfibres optiques - Cable Pulling Machines Manufacturer\",\"isPartOf\":{\"@id\":\"https:\/\/cablepullingmachines.com\/#website\"},\"primaryImageOfPage\":{\"@id\":\"https:\/\/cablepullingmachines.com\/fr\/?page_id=4570#primaryimage\"},\"image\":{\"@id\":\"https:\/\/cablepullingmachines.com\/fr\/?page_id=4570#primaryimage\"},\"thumbnailUrl\":\"https:\/\/cablepullingmachines.com\/wp-content\/uploads\/2020\/09\/Cable-Blowing-Machine.png\",\"datePublished\":\"2024-09-19T12:11:47+00:00\",\"dateModified\":\"2024-09-19T12:11:52+00:00\",\"description\":\"Machines \u00e0 souffler les c\u00e2bles \u00e0 microfibres optiques - Cable Pulling Machines Manufacturer\",\"breadcrumb\":{\"@id\":\"https:\/\/cablepullingmachines.com\/fr\/?page_id=4570#breadcrumb\"},\"inLanguage\":\"fr-FR\",\"potentialAction\":[{\"@type\":\"ReadAction\",\"target\":[\"https:\/\/cablepullingmachines.com\/fr\/?page_id=4570\"]}]},{\"@type\":\"ImageObject\",\"inLanguage\":\"fr-FR\",\"@id\":\"https:\/\/cablepullingmachines.com\/fr\/?page_id=4570#primaryimage\",\"url\":\"https:\/\/cablepullingmachines.com\/wp-content\/uploads\/2020\/09\/Cable-Blowing-Machine.png\",\"contentUrl\":\"https:\/\/cablepullingmachines.com\/wp-content\/uploads\/2020\/09\/Cable-Blowing-Machine.png\",\"width\":1000,\"height\":1030,\"caption\":\"Cable Blowing Machine\"},{\"@type\":\"BreadcrumbList\",\"@id\":\"https:\/\/cablepullingmachines.com\/fr\/?page_id=4570#breadcrumb\",\"itemListElement\":[{\"@type\":\"ListItem\",\"position\":1,\"name\":\"Home\",\"item\":\"https:\/\/cablepullingmachines.com\/fr\/a\/\"},{\"@type\":\"ListItem\",\"position\":2,\"name\":\"Machines \u00e0 souffler les c\u00e2bles\",\"item\":\"https:\/\/cablepullingmachines.com\/fr\/?page_id=4594\"},{\"@type\":\"ListItem\",\"position\":3,\"name\":\"Machines \u00e0 souffler les c\u00e2bles \u00e0 microfibres optiques\"}]},{\"@type\":\"WebSite\",\"@id\":\"https:\/\/cablepullingmachines.com\/#website\",\"url\":\"https:\/\/cablepullingmachines.com\/\",\"name\":\"Cable Pulling Machines and Cable Drum Trailers\",\"description\":\"Cable Pulling Machines, Winches, Cable Drum Trailers\",\"publisher\":{\"@id\":\"https:\/\/cablepullingmachines.com\/#organization\"},\"alternateName\":\"Cable Drum Trailers Manufacturer\",\"potentialAction\":[{\"@type\":\"SearchAction\",\"target\":{\"@type\":\"EntryPoint\",\"urlTemplate\":\"https:\/\/cablepullingmachines.com\/?s={search_term_string}\"},\"query-input\":{\"@type\":\"PropertyValueSpecification\",\"valueRequired\":true,\"valueName\":\"search_term_string\"}}],\"inLanguage\":\"fr-FR\"},{\"@type\":\"Organization\",\"@id\":\"https:\/\/cablepullingmachines.com\/#organization\",\"name\":\"Allame Makina Ltd Sti\",\"alternateName\":\"Cable Drum Trailers Manufacturer\",\"url\":\"https:\/\/cablepullingmachines.com\/\",\"logo\":{\"@type\":\"ImageObject\",\"inLanguage\":\"fr-FR\",\"@id\":\"https:\/\/cablepullingmachines.com\/#\/schema\/logo\/image\/\",\"url\":\"https:\/\/cablepullingmachines.com\/wp-content\/uploads\/2015\/10\/logo.jpg\",\"contentUrl\":\"https:\/\/cablepullingmachines.com\/wp-content\/uploads\/2015\/10\/logo.jpg\",\"width\":300,\"height\":140,\"caption\":\"Allame Makina Ltd Sti\"},\"image\":{\"@id\":\"https:\/\/cablepullingmachines.com\/#\/schema\/logo\/image\/\"},\"sameAs\":[\"https:\/\/www.facebook.com\/cablepullingmachines\",\"https:\/\/www.linkedin.com\/company\/cablepullingmachines\",\"https:\/\/www.youtube.com\/@CablePullingMachines\",\"https:\/\/www.instagram.com\/cablepullingmachines\"],\"description\":\"Cable laying products manufacturer from Turkiye. Cable Pulling Machines and Cable Drum Trailers Producer.\",\"email\":\"erkangok@allame.net\",\"telephone\":\"+905337789941\",\"legalName\":\"SKYPULLTECH\",\"foundingDate\":\"1999-02-12\",\"vatID\":\"0550635748\",\"iso6523Code\":\"1555ALL2025\",\"numberOfEmployees\":{\"@type\":\"QuantitativeValue\",\"minValue\":\"11\",\"maxValue\":\"50\"}}]}<\/script>\n<!-- \/ Yoast SEO Premium plugin. -->","yoast_head_json":{"title":"Machines \u00e0 souffler les c\u00e2bles \u00e0 microfibres optiques - Cable Pulling Machines Manufacturer","description":"Machines \u00e0 souffler les c\u00e2bles \u00e0 microfibres optiques - Cable Pulling Machines Manufacturer","robots":{"index":"index","follow":"follow","max-snippet":"max-snippet:-1","max-image-preview":"max-image-preview:large","max-video-preview":"max-video-preview:-1"},"canonical":"https:\/\/cablepullingmachines.com\/fr\/?page_id=4570","og_locale":"fr_FR","og_type":"article","og_title":"Machines \u00e0 souffler les c\u00e2bles \u00e0 microfibres optiques","og_description":"Machines \u00e0 souffler les c\u00e2bles \u00e0 microfibres optiques - Cable Pulling Machines Manufacturer","og_url":"https:\/\/cablepullingmachines.com\/fr\/?page_id=4570","og_site_name":"Cable Pulling Machines Manufacturer","article_publisher":"https:\/\/www.facebook.com\/cablepullingmachines","article_modified_time":"2024-09-19T12:11:52+00:00","og_image":[{"width":1000,"height":1030,"url":"https:\/\/i0.wp.com\/cablepullingmachines.com\/wp-content\/uploads\/2020\/09\/Cable-Blowing-Machine.png?fit=1000%2C1030&ssl=1","type":"image\/png"}],"twitter_card":"summary_large_image","twitter_misc":{"Dur\u00e9e de lecture estim\u00e9e":"1 minute"},"schema":{"@context":"https:\/\/schema.org","@graph":[{"@type":"WebPage","@id":"https:\/\/cablepullingmachines.com\/fr\/?page_id=4570","url":"https:\/\/cablepullingmachines.com\/fr\/?page_id=4570","name":"Machines \u00e0 souffler les c\u00e2bles \u00e0 microfibres optiques - Cable Pulling Machines Manufacturer","isPartOf":{"@id":"https:\/\/cablepullingmachines.com\/#website"},"primaryImageOfPage":{"@id":"https:\/\/cablepullingmachines.com\/fr\/?page_id=4570#primaryimage"},"image":{"@id":"https:\/\/cablepullingmachines.com\/fr\/?page_id=4570#primaryimage"},"thumbnailUrl":"https:\/\/cablepullingmachines.com\/wp-content\/uploads\/2020\/09\/Cable-Blowing-Machine.png","datePublished":"2024-09-19T12:11:47+00:00","dateModified":"2024-09-19T12:11:52+00:00","description":"Machines \u00e0 souffler les c\u00e2bles \u00e0 microfibres optiques - Cable Pulling Machines Manufacturer","breadcrumb":{"@id":"https:\/\/cablepullingmachines.com\/fr\/?page_id=4570#breadcrumb"},"inLanguage":"fr-FR","potentialAction":[{"@type":"ReadAction","target":["https:\/\/cablepullingmachines.com\/fr\/?page_id=4570"]}]},{"@type":"ImageObject","inLanguage":"fr-FR","@id":"https:\/\/cablepullingmachines.com\/fr\/?page_id=4570#primaryimage","url":"https:\/\/cablepullingmachines.com\/wp-content\/uploads\/2020\/09\/Cable-Blowing-Machine.png","contentUrl":"https:\/\/cablepullingmachines.com\/wp-content\/uploads\/2020\/09\/Cable-Blowing-Machine.png","width":1000,"height":1030,"caption":"Cable Blowing Machine"},{"@type":"BreadcrumbList","@id":"https:\/\/cablepullingmachines.com\/fr\/?page_id=4570#breadcrumb","itemListElement":[{"@type":"ListItem","position":1,"name":"Home","item":"https:\/\/cablepullingmachines.com\/fr\/a\/"},{"@type":"ListItem","position":2,"name":"Machines \u00e0 souffler les c\u00e2bles","item":"https:\/\/cablepullingmachines.com\/fr\/?page_id=4594"},{"@type":"ListItem","position":3,"name":"Machines \u00e0 souffler les c\u00e2bles \u00e0 microfibres optiques"}]},{"@type":"WebSite","@id":"https:\/\/cablepullingmachines.com\/#website","url":"https:\/\/cablepullingmachines.com\/","name":"Cable Pulling Machines and Cable Drum Trailers","description":"Cable Pulling Machines, Winches, Cable Drum Trailers","publisher":{"@id":"https:\/\/cablepullingmachines.com\/#organization"},"alternateName":"Cable Drum Trailers Manufacturer","potentialAction":[{"@type":"SearchAction","target":{"@type":"EntryPoint","urlTemplate":"https:\/\/cablepullingmachines.com\/?s={search_term_string}"},"query-input":{"@type":"PropertyValueSpecification","valueRequired":true,"valueName":"search_term_string"}}],"inLanguage":"fr-FR"},{"@type":"Organization","@id":"https:\/\/cablepullingmachines.com\/#organization","name":"Allame Makina Ltd Sti","alternateName":"Cable Drum Trailers Manufacturer","url":"https:\/\/cablepullingmachines.com\/","logo":{"@type":"ImageObject","inLanguage":"fr-FR","@id":"https:\/\/cablepullingmachines.com\/#\/schema\/logo\/image\/","url":"https:\/\/cablepullingmachines.com\/wp-content\/uploads\/2015\/10\/logo.jpg","contentUrl":"https:\/\/cablepullingmachines.com\/wp-content\/uploads\/2015\/10\/logo.jpg","width":300,"height":140,"caption":"Allame Makina Ltd Sti"},"image":{"@id":"https:\/\/cablepullingmachines.com\/#\/schema\/logo\/image\/"},"sameAs":["https:\/\/www.facebook.com\/cablepullingmachines","https:\/\/www.linkedin.com\/company\/cablepullingmachines","https:\/\/www.youtube.com\/@CablePullingMachines","https:\/\/www.instagram.com\/cablepullingmachines"],"description":"Cable laying products manufacturer from Turkiye. Cable Pulling Machines and Cable Drum Trailers Producer.","email":"erkangok@allame.net","telephone":"+905337789941","legalName":"SKYPULLTECH","foundingDate":"1999-02-12","vatID":"0550635748","iso6523Code":"1555ALL2025","numberOfEmployees":{"@type":"QuantitativeValue","minValue":"11","maxValue":"50"}}]}},"amp_enabled":true,"_links":{"self":[{"href":"https:\/\/cablepullingmachines.com\/fr\/wp-json\/wp\/v2\/pages\/4570","targetHints":{"allow":["GET"]}}],"collection":[{"href":"https:\/\/cablepullingmachines.com\/fr\/wp-json\/wp\/v2\/pages"}],"about":[{"href":"https:\/\/cablepullingmachines.com\/fr\/wp-json\/wp\/v2\/types\/page"}],"author":[{"embeddable":true,"href":"https:\/\/cablepullingmachines.com\/fr\/wp-json\/wp\/v2\/users\/1"}],"replies":[{"embeddable":true,"href":"https:\/\/cablepullingmachines.com\/fr\/wp-json\/wp\/v2\/comments?post=4570"}],"version-history":[{"count":0,"href":"https:\/\/cablepullingmachines.com\/fr\/wp-json\/wp\/v2\/pages\/4570\/revisions"}],"up":[{"embeddable":true,"href":"https:\/\/cablepullingmachines.com\/fr\/wp-json\/wp\/v2\/pages\/4594"}],"wp:featuredmedia":[{"embeddable":true,"href":"https:\/\/cablepullingmachines.com\/fr\/wp-json\/wp\/v2\/media\/4270"}],"wp:attachment":[{"href":"https:\/\/cablepullingmachines.com\/fr\/wp-json\/wp\/v2\/media?parent=4570"}],"curies":[{"name":"wp","href":"https:\/\/api.w.org\/{rel}","templated":true}]}}