{"id":4567,"date":"2024-09-19T12:11:46","date_gmt":"2024-09-19T12:11:46","guid":{"rendered":"https:\/\/cablepullingmachines.com\/machines-hydrauliques-a-souffler-les-cables-en-fibre-optique\/"},"modified":"2024-09-19T12:11:52","modified_gmt":"2024-09-19T12:11:52","slug":"machines-hydrauliques-a-souffler-les-cables-en-fibre-optique","status":"publish","type":"page","link":"https:\/\/cablepullingmachines.com\/fr\/machines-a-souffler-les-cables\/machines-hydrauliques-a-souffler-les-cables-en-fibre-optique\/","title":{"rendered":"Machines hydrauliques \u00e0 souffler les c\u00e2bles en fibre optique"},"content":{"rendered":"<h1>Machines hydrauliques \u00e0 souffler les c\u00e2bles en fibre optique<\/h1>\n<p><em><strong>HydroSKY<\/strong> <\/em>est cr\u00e9\u00e9 pour souffler des c\u00e2bles et des tubes dans des conduits.<br \/>\nVous devez remplacer le groupe de palettes et d&#8217;autres pi\u00e8ces pour convertir la machine du soufflage de tubes au soufflage de c\u00e2bles ou vice versa. <em><strong>HydroSKY <\/strong><\/em>fonctionne avec l&#8217;unit\u00e9 de puissance hydraulique et la raison en est que les moteurs de l <em><strong>HydroSKY<\/strong><\/em> fonctionnent avec de l&#8217;huile hydraulique comprim\u00e9e.<br \/>\nVous pouvez utiliser la centrale hydraulique ALLAME MAKINA avec l <em><strong>HydroSKY<\/strong><\/em>.<br \/>\nCette machine est puissante gr\u00e2ce aux moteurs hydrauliques et \u00e0 la conception SKYJET de l&#8217;<strong>HYDROSKY<\/strong> qui permet de b\u00e9n\u00e9ficier de tout l&#8217;air envoy\u00e9 dans la gaine afin que le c\u00e2ble puisse souffler avec l&#8217;<strong>HydroSKY<\/strong>. <em><strong>HydroSKY <\/strong><\/em>est beaucoup plus confortable que le soufflage avec SKYJET (dans la machine SKYJET une partie de l&#8217;air est utilis\u00e9e par les moteurs pneumatiques).<br \/>\nGr\u00e2ce \u00e0 la puissance de <em><strong>HydroSKY<\/strong><\/em>vous pouvez souffler des c\u00e2bles de plus grand diam\u00e8tre et de nombreux tubes ensemble.<br \/>\nIl y a quelques inconv\u00e9nients \u00e0 l&#8217;utilisation de <em><strong>HydroSKY <\/strong><\/em>du point de vue de la conception de SKYJET.<br \/>\nCette machine fonctionne avec un groupe hydraulique (le compresseur seul est suffisant dans la machine SKYJET), et elle est plus lourde que SKYJET et plus grande que SKYJET.        <figure id=\"attachment_2235\" aria-describedby=\"caption-attachment-2235\" style=\"width: 1000px\" class=\"wp-caption alignleft\"><img decoding=\"async\" class=\"size-full wp-image-2235 lazyload\" data-src=\"https:\/\/cablepullingmachines.com\/wp-content\/uploads\/2020\/09\/Hydraulic-cable-blowing-machine.jpg\" alt=\"Machine hydraulique \u00e0 souffler les c\u00e2bles\" width=\"1000\" height=\"1333\" data-srcset=\"https:\/\/cablepullingmachines.com\/wp-content\/uploads\/2020\/09\/Hydraulic-cable-blowing-machine.jpg 1000w, https:\/\/cablepullingmachines.com\/wp-content\/uploads\/2020\/09\/Hydraulic-cable-blowing-machine-225x300.jpg 225w, https:\/\/cablepullingmachines.com\/wp-content\/uploads\/2020\/09\/Hydraulic-cable-blowing-machine-773x1030.jpg 773w, https:\/\/cablepullingmachines.com\/wp-content\/uploads\/2020\/09\/Hydraulic-cable-blowing-machine-768x1024.jpg 768w, https:\/\/cablepullingmachines.com\/wp-content\/uploads\/2020\/09\/Hydraulic-cable-blowing-machine-529x705.jpg 529w\" data-sizes=\"(max-width: 1000px) 100vw, 1000px\" src=\"data:image\/svg+xml;base64,PHN2ZyB3aWR0aD0iMSIgaGVpZ2h0PSIxIiB4bWxucz0iaHR0cDovL3d3dy53My5vcmcvMjAwMC9zdmciPjwvc3ZnPg==\" style=\"--smush-placeholder-width: 1000px; --smush-placeholder-aspect-ratio: 1000\/1333;\" \/><figcaption id=\"caption-attachment-2235\" class=\"wp-caption-text\">Machine hydraulique \u00e0 souffler les c\u00e2bles<\/figcaption><\/figure><\/p>\n<p>&nbsp;<\/p>\n<figure id=\"attachment_2236\" aria-describedby=\"caption-attachment-2236\" style=\"width: 600px\" class=\"wp-caption alignleft\"><img decoding=\"async\" class=\"size-full wp-image-2236 lazyload\" data-src=\"https:\/\/cablepullingmachines.com\/wp-content\/uploads\/2020\/09\/Hydraulic-cable-blowing-machines.jpg\" alt=\"Machines hydrauliques \u00e0 souffler les c\u00e2bles\" width=\"600\" height=\"450\" data-srcset=\"https:\/\/cablepullingmachines.com\/wp-content\/uploads\/2020\/09\/Hydraulic-cable-blowing-machines.jpg 600w, https:\/\/cablepullingmachines.com\/wp-content\/uploads\/2020\/09\/Hydraulic-cable-blowing-machines-300x225.jpg 300w\" data-sizes=\"(max-width: 600px) 100vw, 600px\" src=\"data:image\/svg+xml;base64,PHN2ZyB3aWR0aD0iMSIgaGVpZ2h0PSIxIiB4bWxucz0iaHR0cDovL3d3dy53My5vcmcvMjAwMC9zdmciPjwvc3ZnPg==\" style=\"--smush-placeholder-width: 600px; --smush-placeholder-aspect-ratio: 600\/450;\" \/><figcaption id=\"caption-attachment-2236\" class=\"wp-caption-text\">Machines hydrauliques \u00e0 souffler les c\u00e2bles<\/figcaption><\/figure>\n<figure id=\"attachment_2237\" aria-describedby=\"caption-attachment-2237\" style=\"width: 600px\" class=\"wp-caption alignleft\"><img decoding=\"async\" class=\"size-full wp-image-2237 lazyload\" data-src=\"https:\/\/cablepullingmachines.com\/wp-content\/uploads\/2020\/09\/Hydraulic-cable-blowing-machine-HydroSKY.jpg\" alt=\"Machine hydraulique \u00e0 souffler les c\u00e2bles HydroSKY\" width=\"600\" height=\"450\" data-srcset=\"https:\/\/cablepullingmachines.com\/wp-content\/uploads\/2020\/09\/Hydraulic-cable-blowing-machine-HydroSKY.jpg 600w, https:\/\/cablepullingmachines.com\/wp-content\/uploads\/2020\/09\/Hydraulic-cable-blowing-machine-HydroSKY-300x225.jpg 300w\" data-sizes=\"(max-width: 600px) 100vw, 600px\" src=\"data:image\/svg+xml;base64,PHN2ZyB3aWR0aD0iMSIgaGVpZ2h0PSIxIiB4bWxucz0iaHR0cDovL3d3dy53My5vcmcvMjAwMC9zdmciPjwvc3ZnPg==\" style=\"--smush-placeholder-width: 600px; --smush-placeholder-aspect-ratio: 600\/450;\" \/><figcaption id=\"caption-attachment-2237\" class=\"wp-caption-text\">Machine hydraulique \u00e0 souffler les c\u00e2bles HydroSKY<\/figcaption><\/figure>\n<p>&nbsp;<\/p>\n<p>&nbsp;<\/p>\n<p>&nbsp;<\/p>\n<p>&nbsp;  En standard, <em><strong>HydroSKY <\/strong><\/em>est de 50 mm.<br \/>\nNous produisons des outils pour de nombreux diam\u00e8tres de gaine, \u00e0 la demande des clients.<br \/>\nVoici quelques sp\u00e9cifications techniques &nbsp;<strong>HydroSKY : <em>Machine hydraulique \u00e0 souffler les c\u00e2bles et les tubes en fibre optique<\/em><\/strong> COMMANDE : par un technicien AIR N\u00c9CESSAIRE : 12 bar 10 m\u00b3\/min.<br \/>\n(minimum)<br \/>\nMOTEURS HYDRAULIQUES : Double efficace, 57-newton m\u00e8tre (2 pi\u00e8ces) HUILE N\u00c9CESSAIRE POUR LES MOTEURS : 20 litres\/min.     VELOCITE DE SOUFFLAGE DE CABLE ET DE TUBE : 15 m\u00e8tres \/ minute DIMENSIONS (largeur x longueur x hauteur) : 125cm x 94cm x 78cm (HydroSKY et centrale hydraulique ensemble) POIDS DE LA MACHINE : 155kg (HydroSKY et centrale hydraulique ensemble) <em><span style=\"color: #ffffff;\"><strong>machines hydrauliques \u00e0 souffler les c\u00e2bles de fibre optique<\/strong><\/span><\/em><em><strong>DIAM\u00c8TRES DES C\u00c2BLES EN FIBRE OPTIQUE<\/strong><\/em><span style=\"color: #ffffff;\"><strong>machines hydrauliques \u00e0 souffler les c\u00e2bles de fibre optique<\/strong><\/span> Vous devez changer le groupe de palettes et certaines pi\u00e8ces pour modifier la gamme de diam\u00e8tres des c\u00e2bles de la machine.<br \/>\n<em>Diam\u00e8tre 9mm-14mmDiam\u00e8tre<\/em><em>14mm-20mmDiam\u00e8tre<\/em><em>20mm-25mm<\/em>&nbsp;<em><strong>DIAM\u00c8TRES ET QUANTIT\u00c9S DE TUBES<\/strong><\/em> Vous devez nous fournir les donn\u00e9es concernant le diam\u00e8tre des tubes et la quantit\u00e9 de tubes que vous souhaitez souffler en une seule fois.<br \/>\nVous trouverez ci-dessous quelques exemples. <em>Diam\u00e8tre du tube = 12 mm \/ Quantit\u00e9 = 4<\/em><em>Diam\u00e8tre du tube = 6 mm \/ Quantit\u00e9 = 7<\/em>  <\/p>\n<p>&nbsp;<\/p>\n","protected":false},"excerpt":{"rendered":"<p>Machines hydrauliques \u00e0 souffler les c\u00e2bles en fibre optique HydroSKY est cr\u00e9\u00e9 pour souffler des c\u00e2bles et des tubes dans des conduits. Vous devez remplacer le groupe de palettes et d&#8217;autres pi\u00e8ces pour convertir la machine du soufflage de tubes au soufflage de c\u00e2bles ou vice versa. HydroSKY fonctionne avec l&#8217;unit\u00e9 de puissance hydraulique et<\/p>\n","protected":false},"author":1,"featured_media":4246,"parent":4594,"menu_order":0,"comment_status":"closed","ping_status":"closed","template":"","meta":{"_joinchat":[],"footnotes":""},"class_list":["post-4567","page","type-page","status-publish","has-post-thumbnail","hentry"],"yoast_head":"<!-- This site is optimized with the Yoast SEO Premium plugin v26.8 (Yoast SEO v27.0) - https:\/\/yoast.com\/product\/yoast-seo-premium-wordpress\/ -->\n<title>Machines hydrauliques \u00e0 souffler les c\u00e2bles en fibre optique - Cable Pulling Machines Manufacturer<\/title>\n<meta name=\"description\" content=\"Machines hydrauliques \u00e0 souffler les c\u00e2bles en fibre optique - Cable Pulling Machines Manufacturer\" \/>\n<meta name=\"robots\" content=\"index, follow, max-snippet:-1, max-image-preview:large, max-video-preview:-1\" \/>\n<link rel=\"canonical\" href=\"https:\/\/cablepullingmachines.com\/fr\/?page_id=4567\" \/>\n<meta property=\"og:locale\" content=\"fr_FR\" \/>\n<meta property=\"og:type\" content=\"article\" \/>\n<meta property=\"og:title\" content=\"Machines hydrauliques \u00e0 souffler les c\u00e2bles en fibre optique\" \/>\n<meta property=\"og:description\" content=\"Machines hydrauliques \u00e0 souffler les c\u00e2bles en fibre optique - Cable Pulling Machines Manufacturer\" \/>\n<meta property=\"og:url\" content=\"https:\/\/cablepullingmachines.com\/fr\/?page_id=4567\" \/>\n<meta property=\"og:site_name\" content=\"Cable Pulling Machines Manufacturer\" \/>\n<meta property=\"article:publisher\" content=\"https:\/\/www.facebook.com\/cablepullingmachines\" \/>\n<meta property=\"article:modified_time\" content=\"2024-09-19T12:11:52+00:00\" \/>\n<meta property=\"og:image\" content=\"https:\/\/i0.wp.com\/cablepullingmachines.com\/wp-content\/uploads\/2020\/09\/Hydraulic-cable-blowing-machine.jpg?fit=1000%2C1333&ssl=1\" \/>\n\t<meta property=\"og:image:width\" content=\"1000\" \/>\n\t<meta property=\"og:image:height\" content=\"1333\" \/>\n\t<meta property=\"og:image:type\" content=\"image\/jpeg\" \/>\n<meta name=\"twitter:card\" content=\"summary_large_image\" \/>\n<meta name=\"twitter:label1\" content=\"Dur\u00e9e de lecture estim\u00e9e\" \/>\n\t<meta name=\"twitter:data1\" content=\"2 minutes\" \/>\n<script type=\"application\/ld+json\" class=\"yoast-schema-graph\">{\"@context\":\"https:\/\/schema.org\",\"@graph\":[{\"@type\":\"WebPage\",\"@id\":\"https:\/\/cablepullingmachines.com\/fr\/?page_id=4567\",\"url\":\"https:\/\/cablepullingmachines.com\/fr\/?page_id=4567\",\"name\":\"Machines hydrauliques \u00e0 souffler les c\u00e2bles en fibre optique - Cable Pulling Machines Manufacturer\",\"isPartOf\":{\"@id\":\"https:\/\/cablepullingmachines.com\/#website\"},\"primaryImageOfPage\":{\"@id\":\"https:\/\/cablepullingmachines.com\/fr\/?page_id=4567#primaryimage\"},\"image\":{\"@id\":\"https:\/\/cablepullingmachines.com\/fr\/?page_id=4567#primaryimage\"},\"thumbnailUrl\":\"https:\/\/cablepullingmachines.com\/wp-content\/uploads\/2020\/09\/Hydraulic-cable-blowing-machine.jpg\",\"datePublished\":\"2024-09-19T12:11:46+00:00\",\"dateModified\":\"2024-09-19T12:11:52+00:00\",\"description\":\"Machines hydrauliques \u00e0 souffler les c\u00e2bles en fibre optique - Cable Pulling Machines Manufacturer\",\"breadcrumb\":{\"@id\":\"https:\/\/cablepullingmachines.com\/fr\/?page_id=4567#breadcrumb\"},\"inLanguage\":\"fr-FR\",\"potentialAction\":[{\"@type\":\"ReadAction\",\"target\":[\"https:\/\/cablepullingmachines.com\/fr\/?page_id=4567\"]}]},{\"@type\":\"ImageObject\",\"inLanguage\":\"fr-FR\",\"@id\":\"https:\/\/cablepullingmachines.com\/fr\/?page_id=4567#primaryimage\",\"url\":\"https:\/\/cablepullingmachines.com\/wp-content\/uploads\/2020\/09\/Hydraulic-cable-blowing-machine.jpg\",\"contentUrl\":\"https:\/\/cablepullingmachines.com\/wp-content\/uploads\/2020\/09\/Hydraulic-cable-blowing-machine.jpg\",\"width\":1000,\"height\":1333,\"caption\":\"Hydraulic cable blowing machine\"},{\"@type\":\"BreadcrumbList\",\"@id\":\"https:\/\/cablepullingmachines.com\/fr\/?page_id=4567#breadcrumb\",\"itemListElement\":[{\"@type\":\"ListItem\",\"position\":1,\"name\":\"Home\",\"item\":\"https:\/\/cablepullingmachines.com\/fr\/a\/\"},{\"@type\":\"ListItem\",\"position\":2,\"name\":\"Machines \u00e0 souffler les c\u00e2bles\",\"item\":\"https:\/\/cablepullingmachines.com\/fr\/?page_id=4594\"},{\"@type\":\"ListItem\",\"position\":3,\"name\":\"Machines hydrauliques \u00e0 souffler les c\u00e2bles en fibre optique\"}]},{\"@type\":\"WebSite\",\"@id\":\"https:\/\/cablepullingmachines.com\/#website\",\"url\":\"https:\/\/cablepullingmachines.com\/\",\"name\":\"Cable Pulling Machines and Cable Drum Trailers\",\"description\":\"Cable Pulling Machines, Winches, Cable Drum Trailers\",\"publisher\":{\"@id\":\"https:\/\/cablepullingmachines.com\/#organization\"},\"alternateName\":\"Cable Drum Trailers Manufacturer\",\"potentialAction\":[{\"@type\":\"SearchAction\",\"target\":{\"@type\":\"EntryPoint\",\"urlTemplate\":\"https:\/\/cablepullingmachines.com\/?s={search_term_string}\"},\"query-input\":{\"@type\":\"PropertyValueSpecification\",\"valueRequired\":true,\"valueName\":\"search_term_string\"}}],\"inLanguage\":\"fr-FR\"},{\"@type\":\"Organization\",\"@id\":\"https:\/\/cablepullingmachines.com\/#organization\",\"name\":\"Allame Makina Ltd Sti\",\"alternateName\":\"Cable Drum Trailers Manufacturer\",\"url\":\"https:\/\/cablepullingmachines.com\/\",\"logo\":{\"@type\":\"ImageObject\",\"inLanguage\":\"fr-FR\",\"@id\":\"https:\/\/cablepullingmachines.com\/#\/schema\/logo\/image\/\",\"url\":\"https:\/\/cablepullingmachines.com\/wp-content\/uploads\/2015\/10\/logo.jpg\",\"contentUrl\":\"https:\/\/cablepullingmachines.com\/wp-content\/uploads\/2015\/10\/logo.jpg\",\"width\":300,\"height\":140,\"caption\":\"Allame Makina Ltd Sti\"},\"image\":{\"@id\":\"https:\/\/cablepullingmachines.com\/#\/schema\/logo\/image\/\"},\"sameAs\":[\"https:\/\/www.facebook.com\/cablepullingmachines\",\"https:\/\/www.linkedin.com\/company\/cablepullingmachines\",\"https:\/\/www.youtube.com\/@CablePullingMachines\",\"https:\/\/www.instagram.com\/cablepullingmachines\"],\"description\":\"Cable laying products manufacturer from Turkiye. Cable Pulling Machines and Cable Drum Trailers Producer.\",\"email\":\"erkangok@allame.net\",\"telephone\":\"+905337789941\",\"legalName\":\"SKYPULLTECH\",\"foundingDate\":\"1999-02-12\",\"vatID\":\"0550635748\",\"iso6523Code\":\"1555ALL2025\",\"numberOfEmployees\":{\"@type\":\"QuantitativeValue\",\"minValue\":\"11\",\"maxValue\":\"50\"}}]}<\/script>\n<!-- \/ Yoast SEO Premium plugin. -->","yoast_head_json":{"title":"Machines hydrauliques \u00e0 souffler les c\u00e2bles en fibre optique - Cable Pulling Machines Manufacturer","description":"Machines hydrauliques \u00e0 souffler les c\u00e2bles en fibre optique - Cable Pulling Machines Manufacturer","robots":{"index":"index","follow":"follow","max-snippet":"max-snippet:-1","max-image-preview":"max-image-preview:large","max-video-preview":"max-video-preview:-1"},"canonical":"https:\/\/cablepullingmachines.com\/fr\/?page_id=4567","og_locale":"fr_FR","og_type":"article","og_title":"Machines hydrauliques \u00e0 souffler les c\u00e2bles en fibre optique","og_description":"Machines hydrauliques \u00e0 souffler les c\u00e2bles en fibre optique - Cable Pulling Machines Manufacturer","og_url":"https:\/\/cablepullingmachines.com\/fr\/?page_id=4567","og_site_name":"Cable Pulling Machines Manufacturer","article_publisher":"https:\/\/www.facebook.com\/cablepullingmachines","article_modified_time":"2024-09-19T12:11:52+00:00","og_image":[{"width":1000,"height":1333,"url":"https:\/\/i0.wp.com\/cablepullingmachines.com\/wp-content\/uploads\/2020\/09\/Hydraulic-cable-blowing-machine.jpg?fit=1000%2C1333&ssl=1","type":"image\/jpeg"}],"twitter_card":"summary_large_image","twitter_misc":{"Dur\u00e9e de lecture estim\u00e9e":"2 minutes"},"schema":{"@context":"https:\/\/schema.org","@graph":[{"@type":"WebPage","@id":"https:\/\/cablepullingmachines.com\/fr\/?page_id=4567","url":"https:\/\/cablepullingmachines.com\/fr\/?page_id=4567","name":"Machines hydrauliques \u00e0 souffler les c\u00e2bles en fibre optique - Cable Pulling Machines Manufacturer","isPartOf":{"@id":"https:\/\/cablepullingmachines.com\/#website"},"primaryImageOfPage":{"@id":"https:\/\/cablepullingmachines.com\/fr\/?page_id=4567#primaryimage"},"image":{"@id":"https:\/\/cablepullingmachines.com\/fr\/?page_id=4567#primaryimage"},"thumbnailUrl":"https:\/\/cablepullingmachines.com\/wp-content\/uploads\/2020\/09\/Hydraulic-cable-blowing-machine.jpg","datePublished":"2024-09-19T12:11:46+00:00","dateModified":"2024-09-19T12:11:52+00:00","description":"Machines hydrauliques \u00e0 souffler les c\u00e2bles en fibre optique - Cable Pulling Machines Manufacturer","breadcrumb":{"@id":"https:\/\/cablepullingmachines.com\/fr\/?page_id=4567#breadcrumb"},"inLanguage":"fr-FR","potentialAction":[{"@type":"ReadAction","target":["https:\/\/cablepullingmachines.com\/fr\/?page_id=4567"]}]},{"@type":"ImageObject","inLanguage":"fr-FR","@id":"https:\/\/cablepullingmachines.com\/fr\/?page_id=4567#primaryimage","url":"https:\/\/cablepullingmachines.com\/wp-content\/uploads\/2020\/09\/Hydraulic-cable-blowing-machine.jpg","contentUrl":"https:\/\/cablepullingmachines.com\/wp-content\/uploads\/2020\/09\/Hydraulic-cable-blowing-machine.jpg","width":1000,"height":1333,"caption":"Hydraulic cable blowing machine"},{"@type":"BreadcrumbList","@id":"https:\/\/cablepullingmachines.com\/fr\/?page_id=4567#breadcrumb","itemListElement":[{"@type":"ListItem","position":1,"name":"Home","item":"https:\/\/cablepullingmachines.com\/fr\/a\/"},{"@type":"ListItem","position":2,"name":"Machines \u00e0 souffler les c\u00e2bles","item":"https:\/\/cablepullingmachines.com\/fr\/?page_id=4594"},{"@type":"ListItem","position":3,"name":"Machines hydrauliques \u00e0 souffler les c\u00e2bles en fibre optique"}]},{"@type":"WebSite","@id":"https:\/\/cablepullingmachines.com\/#website","url":"https:\/\/cablepullingmachines.com\/","name":"Cable Pulling Machines and Cable Drum Trailers","description":"Cable Pulling Machines, Winches, Cable Drum Trailers","publisher":{"@id":"https:\/\/cablepullingmachines.com\/#organization"},"alternateName":"Cable Drum Trailers Manufacturer","potentialAction":[{"@type":"SearchAction","target":{"@type":"EntryPoint","urlTemplate":"https:\/\/cablepullingmachines.com\/?s={search_term_string}"},"query-input":{"@type":"PropertyValueSpecification","valueRequired":true,"valueName":"search_term_string"}}],"inLanguage":"fr-FR"},{"@type":"Organization","@id":"https:\/\/cablepullingmachines.com\/#organization","name":"Allame Makina Ltd Sti","alternateName":"Cable Drum Trailers Manufacturer","url":"https:\/\/cablepullingmachines.com\/","logo":{"@type":"ImageObject","inLanguage":"fr-FR","@id":"https:\/\/cablepullingmachines.com\/#\/schema\/logo\/image\/","url":"https:\/\/cablepullingmachines.com\/wp-content\/uploads\/2015\/10\/logo.jpg","contentUrl":"https:\/\/cablepullingmachines.com\/wp-content\/uploads\/2015\/10\/logo.jpg","width":300,"height":140,"caption":"Allame Makina Ltd Sti"},"image":{"@id":"https:\/\/cablepullingmachines.com\/#\/schema\/logo\/image\/"},"sameAs":["https:\/\/www.facebook.com\/cablepullingmachines","https:\/\/www.linkedin.com\/company\/cablepullingmachines","https:\/\/www.youtube.com\/@CablePullingMachines","https:\/\/www.instagram.com\/cablepullingmachines"],"description":"Cable laying products manufacturer from Turkiye. Cable Pulling Machines and Cable Drum Trailers Producer.","email":"erkangok@allame.net","telephone":"+905337789941","legalName":"SKYPULLTECH","foundingDate":"1999-02-12","vatID":"0550635748","iso6523Code":"1555ALL2025","numberOfEmployees":{"@type":"QuantitativeValue","minValue":"11","maxValue":"50"}}]}},"amp_enabled":true,"_links":{"self":[{"href":"https:\/\/cablepullingmachines.com\/fr\/wp-json\/wp\/v2\/pages\/4567","targetHints":{"allow":["GET"]}}],"collection":[{"href":"https:\/\/cablepullingmachines.com\/fr\/wp-json\/wp\/v2\/pages"}],"about":[{"href":"https:\/\/cablepullingmachines.com\/fr\/wp-json\/wp\/v2\/types\/page"}],"author":[{"embeddable":true,"href":"https:\/\/cablepullingmachines.com\/fr\/wp-json\/wp\/v2\/users\/1"}],"replies":[{"embeddable":true,"href":"https:\/\/cablepullingmachines.com\/fr\/wp-json\/wp\/v2\/comments?post=4567"}],"version-history":[{"count":0,"href":"https:\/\/cablepullingmachines.com\/fr\/wp-json\/wp\/v2\/pages\/4567\/revisions"}],"up":[{"embeddable":true,"href":"https:\/\/cablepullingmachines.com\/fr\/wp-json\/wp\/v2\/pages\/4594"}],"wp:featuredmedia":[{"embeddable":true,"href":"https:\/\/cablepullingmachines.com\/fr\/wp-json\/wp\/v2\/media\/4246"}],"wp:attachment":[{"href":"https:\/\/cablepullingmachines.com\/fr\/wp-json\/wp\/v2\/media?parent=4567"}],"curies":[{"name":"wp","href":"https:\/\/api.w.org\/{rel}","templated":true}]}}