{"id":4562,"date":"2024-09-19T12:11:42","date_gmt":"2024-09-19T12:11:42","guid":{"rendered":"https:\/\/cablepullingmachines.com\/rouleau-dangle\/"},"modified":"2024-09-19T12:12:45","modified_gmt":"2024-09-19T12:12:45","slug":"rouleau-dangle","status":"publish","type":"page","link":"https:\/\/cablepullingmachines.com\/fr\/accessoires-de-pose-de-cables\/rouleaux-pour-cables-et-tuyaux\/rouleau-dangle\/","title":{"rendered":"Rouleau d&#8217;angle"},"content":{"rendered":"<h1>Rouleau d&#8217;angle<\/h1>\n<p>&nbsp;<\/p>\n<p>&nbsp;<\/p>\n<figure class=\"image_container float_left\"><\/figure>\n<p><strong>Rouleau d&#8217;angle avec charni\u00e8res enfichables (larges), galvanis\u00e9, <\/strong><strong>roulement dans des paliers \u00e9tanches \u00e0 la poussi\u00e8re et \u00e0 l&#8217;eau<\/strong><\/p>\n<table>\n<tbody>\n<tr>\n<td><strong>Chargement<\/strong><\/td>\n<td><strong>max.<br \/>\nDia. du c\u00e2ble <\/strong><\/td>\n<td><strong>Poids<\/strong><\/td>\n<\/tr>\n<tr>\n<td>250 kg<\/td>\n<td>160 mm<\/td>\n<td>13,6 kg<\/td>\n<\/tr>\n<\/tbody>\n<\/table>\n<div class=\"ce_text block\"><\/div>\n<div class=\"ce_text block\">\n<p><strong>Rouleau d&#8217;angle avec charni\u00e8res enfichables (standard), galvanis\u00e9, <\/strong><strong>roulement dans des paliers \u00e9tanches \u00e0 la poussi\u00e8re et \u00e0 l&#8217;eau<\/strong><\/p>\n<table>\n<tbody>\n<tr>\n<td><strong>Chargement<\/strong><\/td>\n<td><strong>max.<br \/>\nDia. du c\u00e2ble <\/strong><\/td>\n<td><strong>Poids<\/strong><\/td>\n<\/tr>\n<tr>\n<td>250 kg<\/td>\n<td>110 mm<\/td>\n<td>13,5 kg<\/td>\n<\/tr>\n<\/tbody>\n<\/table>\n<\/div>\n<div class=\"ce_text block\">\n<figure class=\"image_container float_left\"><\/figure>\n<p><strong>Accessoire:<\/strong><strong>Clou de terre,<\/strong> galvanis\u00e9 (sans illustration)<strong><br \/>\n<\/strong><\/p>\n<table>\n<tbody>\n<tr>\n<td><strong>Poids<\/strong><\/td>\n<\/tr>\n<tr>\n<td>1,4 kg<\/td>\n<\/tr>\n<\/tbody>\n<\/table>\n<p><span style=\"color: #000000;\">FABRIQU\u00c9 EN TURQUIE<\/span><\/p>\n<\/div>\n","protected":false},"excerpt":{"rendered":"<p>Rouleau d&#8217;angle &nbsp; &nbsp; Rouleau d&#8217;angle avec charni\u00e8res enfichables (larges), galvanis\u00e9, roulement dans des paliers \u00e9tanches \u00e0 la poussi\u00e8re et \u00e0 l&#8217;eau Chargement max. Dia. du c\u00e2ble Poids 250 kg 160 mm 13,6 kg Rouleau d&#8217;angle avec charni\u00e8res enfichables (standard), galvanis\u00e9, roulement dans des paliers \u00e9tanches \u00e0 la poussi\u00e8re et \u00e0 l&#8217;eau Chargement max. Dia.<\/p>\n","protected":false},"author":1,"featured_media":0,"parent":4745,"menu_order":0,"comment_status":"closed","ping_status":"closed","template":"","meta":{"_joinchat":[],"footnotes":""},"class_list":["post-4562","page","type-page","status-publish","hentry"],"yoast_head":"<!-- This site is optimized with the Yoast SEO Premium plugin v26.8 (Yoast SEO v27.0) - https:\/\/yoast.com\/product\/yoast-seo-premium-wordpress\/ -->\n<title>Rouleau d&#039;angle - Cable Pulling Machines Manufacturer<\/title>\n<meta name=\"description\" content=\"Rouleau d&#039;angle - Cable Pulling Machines Manufacturer\" \/>\n<meta name=\"robots\" content=\"index, follow, max-snippet:-1, max-image-preview:large, max-video-preview:-1\" \/>\n<link rel=\"canonical\" href=\"https:\/\/cablepullingmachines.com\/fr\/?page_id=4562\" \/>\n<meta property=\"og:locale\" content=\"fr_FR\" \/>\n<meta property=\"og:type\" content=\"article\" \/>\n<meta property=\"og:title\" content=\"Rouleau d&#039;angle\" \/>\n<meta property=\"og:description\" content=\"Rouleau d&#039;angle - Cable Pulling Machines Manufacturer\" \/>\n<meta property=\"og:url\" content=\"https:\/\/cablepullingmachines.com\/fr\/?page_id=4562\" \/>\n<meta property=\"og:site_name\" content=\"Cable Pulling Machines Manufacturer\" \/>\n<meta property=\"article:publisher\" content=\"https:\/\/www.facebook.com\/cablepullingmachines\" \/>\n<meta property=\"article:modified_time\" content=\"2024-09-19T12:12:45+00:00\" \/>\n<meta property=\"og:image\" content=\"https:\/\/cablepullingmachines.com\/wp-content\/uploads\/2025\/02\/Full-Hydraulic-Cable-Drum-Trailers-30-tons.webp\" \/>\n\t<meta property=\"og:image:width\" content=\"1010\" \/>\n\t<meta property=\"og:image:height\" content=\"617\" \/>\n\t<meta property=\"og:image:type\" content=\"image\/webp\" \/>\n<meta name=\"twitter:card\" content=\"summary_large_image\" \/>\n<script type=\"application\/ld+json\" class=\"yoast-schema-graph\">{\"@context\":\"https:\/\/schema.org\",\"@graph\":[{\"@type\":\"WebPage\",\"@id\":\"https:\/\/cablepullingmachines.com\/fr\/?page_id=4562\",\"url\":\"https:\/\/cablepullingmachines.com\/fr\/?page_id=4562\",\"name\":\"Rouleau d'angle - Cable Pulling Machines Manufacturer\",\"isPartOf\":{\"@id\":\"https:\/\/cablepullingmachines.com\/#website\"},\"datePublished\":\"2024-09-19T12:11:42+00:00\",\"dateModified\":\"2024-09-19T12:12:45+00:00\",\"description\":\"Rouleau d'angle - Cable Pulling Machines Manufacturer\",\"breadcrumb\":{\"@id\":\"https:\/\/cablepullingmachines.com\/fr\/?page_id=4562#breadcrumb\"},\"inLanguage\":\"fr-FR\",\"potentialAction\":[{\"@type\":\"ReadAction\",\"target\":[\"https:\/\/cablepullingmachines.com\/fr\/?page_id=4562\"]}]},{\"@type\":\"BreadcrumbList\",\"@id\":\"https:\/\/cablepullingmachines.com\/fr\/?page_id=4562#breadcrumb\",\"itemListElement\":[{\"@type\":\"ListItem\",\"position\":1,\"name\":\"Home\",\"item\":\"https:\/\/cablepullingmachines.com\/fr\/a\/\"},{\"@type\":\"ListItem\",\"position\":2,\"name\":\"Accessoires de pose de c\u00e2bles\",\"item\":\"https:\/\/cablepullingmachines.com\/fr\/?page_id=4737\"},{\"@type\":\"ListItem\",\"position\":3,\"name\":\"Rouleaux pour c\u00e2bles et tuyaux\",\"item\":\"https:\/\/cablepullingmachines.com\/fr\/?page_id=4745\"},{\"@type\":\"ListItem\",\"position\":4,\"name\":\"Rouleau d&#8217;angle\"}]},{\"@type\":\"WebSite\",\"@id\":\"https:\/\/cablepullingmachines.com\/#website\",\"url\":\"https:\/\/cablepullingmachines.com\/\",\"name\":\"Cable Pulling Machines and Cable Drum Trailers\",\"description\":\"Cable Pulling Machines, Winches, Cable Drum Trailers\",\"publisher\":{\"@id\":\"https:\/\/cablepullingmachines.com\/#organization\"},\"alternateName\":\"Cable Drum Trailers Manufacturer\",\"potentialAction\":[{\"@type\":\"SearchAction\",\"target\":{\"@type\":\"EntryPoint\",\"urlTemplate\":\"https:\/\/cablepullingmachines.com\/?s={search_term_string}\"},\"query-input\":{\"@type\":\"PropertyValueSpecification\",\"valueRequired\":true,\"valueName\":\"search_term_string\"}}],\"inLanguage\":\"fr-FR\"},{\"@type\":\"Organization\",\"@id\":\"https:\/\/cablepullingmachines.com\/#organization\",\"name\":\"Allame Makina Ltd Sti\",\"alternateName\":\"Cable Drum Trailers Manufacturer\",\"url\":\"https:\/\/cablepullingmachines.com\/\",\"logo\":{\"@type\":\"ImageObject\",\"inLanguage\":\"fr-FR\",\"@id\":\"https:\/\/cablepullingmachines.com\/#\/schema\/logo\/image\/\",\"url\":\"https:\/\/cablepullingmachines.com\/wp-content\/uploads\/2015\/10\/logo.jpg\",\"contentUrl\":\"https:\/\/cablepullingmachines.com\/wp-content\/uploads\/2015\/10\/logo.jpg\",\"width\":300,\"height\":140,\"caption\":\"Allame Makina Ltd Sti\"},\"image\":{\"@id\":\"https:\/\/cablepullingmachines.com\/#\/schema\/logo\/image\/\"},\"sameAs\":[\"https:\/\/www.facebook.com\/cablepullingmachines\",\"https:\/\/www.linkedin.com\/company\/cablepullingmachines\",\"https:\/\/www.youtube.com\/@CablePullingMachines\",\"https:\/\/www.instagram.com\/cablepullingmachines\"],\"description\":\"Cable laying products manufacturer from Turkiye. Cable Pulling Machines and Cable Drum Trailers Producer.\",\"email\":\"erkangok@allame.net\",\"telephone\":\"+905337789941\",\"legalName\":\"SKYPULLTECH\",\"foundingDate\":\"1999-02-12\",\"vatID\":\"0550635748\",\"iso6523Code\":\"1555ALL2025\",\"numberOfEmployees\":{\"@type\":\"QuantitativeValue\",\"minValue\":\"11\",\"maxValue\":\"50\"}}]}<\/script>\n<!-- \/ Yoast SEO Premium plugin. -->","yoast_head_json":{"title":"Rouleau d'angle - Cable Pulling Machines Manufacturer","description":"Rouleau d'angle - Cable Pulling Machines Manufacturer","robots":{"index":"index","follow":"follow","max-snippet":"max-snippet:-1","max-image-preview":"max-image-preview:large","max-video-preview":"max-video-preview:-1"},"canonical":"https:\/\/cablepullingmachines.com\/fr\/?page_id=4562","og_locale":"fr_FR","og_type":"article","og_title":"Rouleau d'angle","og_description":"Rouleau d'angle - Cable Pulling Machines Manufacturer","og_url":"https:\/\/cablepullingmachines.com\/fr\/?page_id=4562","og_site_name":"Cable Pulling Machines Manufacturer","article_publisher":"https:\/\/www.facebook.com\/cablepullingmachines","article_modified_time":"2024-09-19T12:12:45+00:00","og_image":[{"width":1010,"height":617,"url":"https:\/\/cablepullingmachines.com\/wp-content\/uploads\/2025\/02\/Full-Hydraulic-Cable-Drum-Trailers-30-tons.webp","type":"image\/webp"}],"twitter_card":"summary_large_image","schema":{"@context":"https:\/\/schema.org","@graph":[{"@type":"WebPage","@id":"https:\/\/cablepullingmachines.com\/fr\/?page_id=4562","url":"https:\/\/cablepullingmachines.com\/fr\/?page_id=4562","name":"Rouleau d'angle - Cable Pulling Machines Manufacturer","isPartOf":{"@id":"https:\/\/cablepullingmachines.com\/#website"},"datePublished":"2024-09-19T12:11:42+00:00","dateModified":"2024-09-19T12:12:45+00:00","description":"Rouleau d'angle - Cable Pulling Machines Manufacturer","breadcrumb":{"@id":"https:\/\/cablepullingmachines.com\/fr\/?page_id=4562#breadcrumb"},"inLanguage":"fr-FR","potentialAction":[{"@type":"ReadAction","target":["https:\/\/cablepullingmachines.com\/fr\/?page_id=4562"]}]},{"@type":"BreadcrumbList","@id":"https:\/\/cablepullingmachines.com\/fr\/?page_id=4562#breadcrumb","itemListElement":[{"@type":"ListItem","position":1,"name":"Home","item":"https:\/\/cablepullingmachines.com\/fr\/a\/"},{"@type":"ListItem","position":2,"name":"Accessoires de pose de c\u00e2bles","item":"https:\/\/cablepullingmachines.com\/fr\/?page_id=4737"},{"@type":"ListItem","position":3,"name":"Rouleaux pour c\u00e2bles et tuyaux","item":"https:\/\/cablepullingmachines.com\/fr\/?page_id=4745"},{"@type":"ListItem","position":4,"name":"Rouleau d&#8217;angle"}]},{"@type":"WebSite","@id":"https:\/\/cablepullingmachines.com\/#website","url":"https:\/\/cablepullingmachines.com\/","name":"Cable Pulling Machines and Cable Drum Trailers","description":"Cable Pulling Machines, Winches, Cable Drum Trailers","publisher":{"@id":"https:\/\/cablepullingmachines.com\/#organization"},"alternateName":"Cable Drum Trailers Manufacturer","potentialAction":[{"@type":"SearchAction","target":{"@type":"EntryPoint","urlTemplate":"https:\/\/cablepullingmachines.com\/?s={search_term_string}"},"query-input":{"@type":"PropertyValueSpecification","valueRequired":true,"valueName":"search_term_string"}}],"inLanguage":"fr-FR"},{"@type":"Organization","@id":"https:\/\/cablepullingmachines.com\/#organization","name":"Allame Makina Ltd Sti","alternateName":"Cable Drum Trailers Manufacturer","url":"https:\/\/cablepullingmachines.com\/","logo":{"@type":"ImageObject","inLanguage":"fr-FR","@id":"https:\/\/cablepullingmachines.com\/#\/schema\/logo\/image\/","url":"https:\/\/cablepullingmachines.com\/wp-content\/uploads\/2015\/10\/logo.jpg","contentUrl":"https:\/\/cablepullingmachines.com\/wp-content\/uploads\/2015\/10\/logo.jpg","width":300,"height":140,"caption":"Allame Makina Ltd Sti"},"image":{"@id":"https:\/\/cablepullingmachines.com\/#\/schema\/logo\/image\/"},"sameAs":["https:\/\/www.facebook.com\/cablepullingmachines","https:\/\/www.linkedin.com\/company\/cablepullingmachines","https:\/\/www.youtube.com\/@CablePullingMachines","https:\/\/www.instagram.com\/cablepullingmachines"],"description":"Cable laying products manufacturer from Turkiye. Cable Pulling Machines and Cable Drum Trailers Producer.","email":"erkangok@allame.net","telephone":"+905337789941","legalName":"SKYPULLTECH","foundingDate":"1999-02-12","vatID":"0550635748","iso6523Code":"1555ALL2025","numberOfEmployees":{"@type":"QuantitativeValue","minValue":"11","maxValue":"50"}}]}},"amp_enabled":true,"_links":{"self":[{"href":"https:\/\/cablepullingmachines.com\/fr\/wp-json\/wp\/v2\/pages\/4562","targetHints":{"allow":["GET"]}}],"collection":[{"href":"https:\/\/cablepullingmachines.com\/fr\/wp-json\/wp\/v2\/pages"}],"about":[{"href":"https:\/\/cablepullingmachines.com\/fr\/wp-json\/wp\/v2\/types\/page"}],"author":[{"embeddable":true,"href":"https:\/\/cablepullingmachines.com\/fr\/wp-json\/wp\/v2\/users\/1"}],"replies":[{"embeddable":true,"href":"https:\/\/cablepullingmachines.com\/fr\/wp-json\/wp\/v2\/comments?post=4562"}],"version-history":[{"count":0,"href":"https:\/\/cablepullingmachines.com\/fr\/wp-json\/wp\/v2\/pages\/4562\/revisions"}],"up":[{"embeddable":true,"href":"https:\/\/cablepullingmachines.com\/fr\/wp-json\/wp\/v2\/pages\/4745"}],"wp:attachment":[{"href":"https:\/\/cablepullingmachines.com\/fr\/wp-json\/wp\/v2\/media?parent=4562"}],"curies":[{"name":"wp","href":"https:\/\/api.w.org\/{rel}","templated":true}]}}