{"id":4790,"date":"2024-09-19T12:12:59","date_gmt":"2024-09-19T12:12:59","guid":{"rendered":"https:\/\/cablepullingmachines.com\/remolques-de-cable\/remolque-mecanico-de-tambor-de-cable\/"},"modified":"2024-09-19T17:45:27","modified_gmt":"2024-09-19T17:45:27","slug":"remolque-mecanico-de-tambor-de-cable","status":"publish","type":"page","link":"https:\/\/cablepullingmachines.com\/es\/remolques-de-cable\/remolque-mecanico-de-tambor-de-cable\/","title":{"rendered":"Remolque Mec\u00e1nico de Tambor de Cable"},"content":{"rendered":"<p>[av_image src=&#8217;http:\/\/cablepullingmachines.com\/wp-content\/uploads\/2015\/12\/Manual-Drum-Trailers.jpg&#8217; attachment=&#8217;1901&#8242; attachment_size=&#8217;full&#8217; align=&#8217;center&#8217; styling=&#8221; hover=&#8221; link=&#8221; target=&#8221; caption=&#8221; font_size=&#8221; appearance=&#8221; overlay_opacity=&#8217;0.4&#8242; overlay_color=&#8217;#000000&#8242; overlay_text_color=&#8217;#ffffff&#8217; animation=&#8217;no-animation&#8217; av_uid=&#8217;av-pe28x&#8217;][\/av_image]<\/p>\n<p>[av_heading tag=&#8217;h2&#8242; padding=&#8217;10&#8217; heading=&#8217;REMOLQUE DE CABLE MEC\u00c1NICO&#8217; color=&#8221; style=&#8221; custom_font=&#8221; size=&#8221; subheading_active=&#8221; subheading_size=&#8217;15&#8217; custom_class=&#8221; av_uid=&#8217;av-2hxf5&#8242;][\/av_heading]<\/p>\n<p>[av_textblock size=&#8221; font_color=&#8221; color=&#8221; av_uid=&#8217;av-oa11l&#8217;]<br \/>\n<em><strong>Remolque mec\u00e1nico de cable<\/strong><\/em> F\u00e1cil de usar Chasis fuerte Sistema de movilidad de acci\u00f3n vac\u00edo o a plena carga Peque\u00f1a elevaci\u00f3n integrada con gatos y plomo para enganchar a la ayuda de cambio de ubicaci\u00f3n.<br \/>\nTambi\u00e9n se puede utilizar como gato elevador.<br \/>\nEl remolque mec\u00e1nico de tambor de cable puede transportar hasta 2 toneladas con total seguridad.<br \/>\nPeque\u00f1o elevador integrado con gatos que permite cambiar de lugar.<br \/>\nTambi\u00e9n se puede utilizar como gato elevador.<br \/>\nEl Remolque Mec\u00e1nico de Tambor de Cable puede transportar hasta 2 toneladas con total seguridad.<br \/>\nPara m\u00e1s informaci\u00f3n, <a href=\"http:\/\/cablepullingmachines.com\/contact-page\/\">ponte en contacto con nosotros<\/a>.        <\/p>\n<h5>Fotos detalladas a continuaci\u00f3n;<\/h5>\n<p>[\/av_textblock]<\/p>\n<p>[av_hr class=&#8217;invisible&#8217; height=&#8217;10&#8217; shadow=&#8217;no-shadow&#8217; position=&#8217;center&#8217; custom_border=&#8217;av-border-thin&#8217; custom_width=&#8217;50px&#8217; custom_border_color=&#8221; custom_margin_top=&#8217;30px&#8217; custom_margin_bottom=&#8217;30px&#8217; icon_select=&#8217;yes&#8217; custom_icon_color=&#8221; icon=&#8217;ue808&#8242; font=&#8217;entypo-fontello&#8217; av_uid=&#8217;av-ngn3h&#8217;]<\/p>\n<p>[av_gallery ids=&#8217;1902,1904,1905,1906,1903&#8242; style=&#8217;thumbnails&#8217; preview_size=&#8217;portfolio&#8217; crop_big_preview_thumbnail=&#8217;avia-gallery-big-crop-thumb&#8217; thumb_size=&#8217;medium&#8217; columns=&#8217;5&#8242; imagelink=&#8217;lightbox&#8217; lazyload=&#8217;avia_lazyload&#8217; av_uid=&#8217;av-mxprp&#8217;]<\/p>\n<p>[av_hr class=&#8217;short&#8217; height=&#8217;50&#8217; shadow=&#8217;no-shadow&#8217; position=&#8217;center&#8217; custom_border=&#8217;av-border-thin&#8217; custom_width=&#8217;50px&#8217; custom_border_color=&#8221; custom_margin_top=&#8217;30px&#8217; custom_margin_bottom=&#8217;30px&#8217; icon_select=&#8217;yes&#8217; custom_icon_color=&#8221; icon=&#8217;ue808&#8242; font=&#8217;entypo-fontello&#8217; av_uid=&#8217;av-27rdd&#8217;]<\/p>\n<p>[av_heading tag=&#8217;h2&#8242; padding=&#8217;3&#8242; heading=&#8217;Especificaciones&#8217; color=&#8221; style=&#8217;blockquote modern-quote modern-centered&#8217; custom_font=&#8221; size=&#8221; subheading_active=&#8221; subheading_size=&#8217;15&#8217; custom_class=&#8221; av_uid=&#8217;av-ljtpd&#8217;][\/av_heading]<\/p>\n<p>[av_table purpose=&#8217;tabular&#8217; pricing_table_design=&#8217;avia_pricing_default&#8217; pricing_hidden_cells=&#8221; caption=&#8217;Especificaciones&#8217; responsive_styling=&#8217;avia_responsive_table&#8217; av_uid=&#8217;av-l1cqh&#8217;]<br \/>\n[av_row row_style=&#8221; av_uid=&#8217;av-khvyp&#8217;][av_cell col_style=&#8221; av_uid=&#8217;av-jt1tt&#8217;]Longitud (mm)<br \/>\n[\/av_cell][av_cell col_style=&#8221; av_uid=&#8217;av-jcpv5&#8242;]2500<br \/>\n[\/av_cell][\/av_row]<br \/>\n[av_row row_style=&#8221; av_uid=&#8217;av-ikfch&#8217;][av_cell col_style=&#8221; av_uid=&#8217;av-id7jp&#8217;]Anchura (mm)<br \/>\n[\/av_cell][av_cell col_style=&#8221; av_uid=&#8217;av-hpe29&#8242;]2000<br \/>\n[\/av_cell][\/av_row]<br \/>\n[av_row row_style=&#8221; av_uid=&#8217;av-gsgn9&#8242;][av_cell col_style=&#8221; av_uid=&#8217;av-ghs5l&#8217;]Altura (mm)<br \/>\n[\/av_cell][av_cell col_style=&#8221; av_uid=&#8217;av-fym15&#8242;]1800<br \/>\n[\/av_cell][\/av_row]<br \/>\n[av_row row_style=&#8221; av_uid=&#8217;av-fdza9&#8242;][av_cell col_style=&#8221; av_uid=&#8217;av-eg2u5&#8242;]Peso en vac\u00edo (kg)<br \/>\n[\/av_cell][av_cell col_style=&#8221; av_uid=&#8217;av-e7w31&#8242;]500<br \/>\n[\/av_cell][\/av_row]<br \/>\n[av_row row_style=&#8221; av_uid=&#8217;av-dke3h&#8217;][av_cell col_style=&#8221; av_uid=&#8217;av-1a5yh&#8217;]Carga \u00fatil (kg)<br \/>\n[\/av_cell][av_cell col_style=&#8221; av_uid=&#8217;av-ccpsp&#8217;]2000<br \/>\n[\/av_cell][\/av_row]<br \/>\n[av_row row_style=&#8221; av_uid=&#8217;av-btllp&#8217;][av_cell col_style=&#8221; av_uid=&#8217;av-baa5l&#8217;]Peso total (kg)<br \/>\n[\/av_cell][av_cell col_style=&#8221; av_uid=&#8217;av-a6y3t&#8217;]2500<br \/>\n[\/av_cell][\/av_row]<br \/>\n[av_row row_style=&#8221; av_uid=&#8217;av-z0vl&#8217;][av_cell col_style=&#8221; av_uid=&#8217;av-9gg8x&#8217;]Freno<br \/>\n[\/av_cell][av_cell col_style=&#8221; av_uid=&#8217;av-8g585&#8242;]rebasamiento<br \/>\n[\/av_cell][\/av_row]<br \/>\n[av_row row_style=&#8221; av_uid=&#8217;av-7wm7t&#8217;][av_cell col_style=&#8221; av_uid=&#8217;av-7m521&#8242;]m\u00e1x.<br \/>\n\u00d8 tambor<br \/>\n(mm)<br \/>\n[\/av_cell][av_cell col_style=&#8221; av_uid=&#8217;av-6nxcd&#8217;]2200<br \/>\n[\/av_cell][\/av_row]<br \/>\n[av_row row_style=&#8221; av_uid=&#8217;av-6gvk9&#8242;][av_cell col_style=&#8221; av_uid=&#8217;av-5i469&#8242;]Anchura libre de carga (mm)<br \/>\n[\/av_cell][av_cell col_style=&#8221; av_uid=&#8217;av-59161&#8242;]1400<br \/>\n[\/av_cell][\/av_row]<br \/>\n[av_row row_style=&#8221; av_uid=&#8217;av-4c1tl&#8217;][av_cell col_style=&#8221; av_uid=&#8217;av-3v7f1&#8242;]Tama\u00f1o de los neum\u00e1ticos[\/av_cell][av_cell col_style=&#8221; av_uid=&#8217;av-36bnt&#8217;]750&#215;16[\/av_cell][\/av_row]<br \/>\n[\/av_table]<\/p>\n<p>[av_hr class=&#8217;short&#8217; height=&#8217;50&#8217; shadow=&#8217;no-shadow&#8217; position=&#8217;center&#8217; custom_border=&#8217;av-border-thin&#8217; custom_width=&#8217;50px&#8217; custom_border_color=&#8221; custom_margin_top=&#8217;30px&#8217; custom_margin_bottom=&#8217;30px&#8217; icon_select=&#8217;yes&#8217; custom_icon_color=&#8221; icon=&#8217;ue808&#8242; font=&#8217;entypo-fontello&#8217; av_uid=&#8217;av-2ovcd&#8217;]<\/p>\n<p>[av_notification title=&#8217;En qu\u00e9 consiste un remolque de tambor de cable&#8217; color=&#8217;blue&#8217; border=&#8217;solid&#8217; custom_bg=&#8217;#444444&#8242; custom_font=&#8217;#ffffff&#8217; size=&#8217;large&#8217; icon_select=&#8217;yes&#8217; icon=&#8217;ue84b&#8217; font=&#8217;entypo-fontello&#8217; av_uid=&#8217;av-1v0cd&#8217;]<br \/>\n&#8212;&#8212;&#8212;&#8212;&#8212;&#8212;&#8212;<br \/>\n[\/av_notification]<\/p>\n<p>[av_one_full first min_height=&#8221; vertical_alignment=&#8221; space=&#8221; custom_margin=&#8221; margin=&#8217;0px&#8217; padding=&#8217;0px&#8217; border=&#8221; border_color=&#8221; radius=&#8217;0px&#8217; background_color=&#8221; src=&#8221; background_position=&#8217;top left&#8217; background_repeat=&#8217;no-repeat&#8217; animation=&#8221; mobile_display=&#8221; av_uid=&#8217;av-1odop&#8217;]<br \/>\n[av_video src=&#8221;&#8221; format=&#8221;16:9&#8243; width=&#8221;16&#8243; height=&#8221;9&#8243; av_uid=&#8221;av-13at9&#8243;]<br \/>\n[\/av_one_full]<\/p>\n","protected":false},"excerpt":{"rendered":"<p>[av_image src=&#8217;http:\/\/cablepullingmachines.com\/wp-content\/uploads\/2015\/12\/Manual-Drum-Trailers.jpg&#8217; attachment=&#8217;1901&#8242; attachment_size=&#8217;full&#8217; align=&#8217;center&#8217; styling=&#8221; hover=&#8221; link=&#8221; target=&#8221; caption=&#8221; font_size=&#8221; appearance=&#8221; overlay_opacity=&#8217;0.4&#8242; overlay_color=&#8217;#000000&#8242; overlay_text_color=&#8217;#ffffff&#8217; animation=&#8217;no-animation&#8217; av_uid=&#8217;av-pe28x&#8217;][\/av_image] [av_heading tag=&#8217;h2&#8242; padding=&#8217;10&#8217; heading=&#8217;REMOLQUE DE CABLE MEC\u00c1NICO&#8217; color=&#8221; style=&#8221; custom_font=&#8221; size=&#8221; subheading_active=&#8221; subheading_size=&#8217;15&#8217; custom_class=&#8221; av_uid=&#8217;av-2hxf5&#8242;][\/av_heading] [av_textblock size=&#8221; font_color=&#8221; color=&#8221; av_uid=&#8217;av-oa11l&#8217;] Remolque mec\u00e1nico de cable F\u00e1cil de usar Chasis fuerte Sistema de movilidad de acci\u00f3n vac\u00edo o a plena<\/p>\n","protected":false},"author":1,"featured_media":3584,"parent":4729,"menu_order":0,"comment_status":"closed","ping_status":"closed","template":"","meta":{"_joinchat":[],"footnotes":""},"class_list":["post-4790","page","type-page","status-publish","has-post-thumbnail","hentry"],"yoast_head":"<!-- This site is optimized with the Yoast SEO Premium plugin v26.8 (Yoast SEO v27.0) - https:\/\/yoast.com\/product\/yoast-seo-premium-wordpress\/ -->\n<title>Remolque Mec\u00e1nico de Tambor de Cable - Cable Pulling Machines Manufacturer<\/title>\n<meta name=\"description\" content=\"Remolque Mec\u00e1nico de Tambor de Cable - Cable Pulling Machines Manufacturer\" \/>\n<meta name=\"robots\" content=\"index, follow, max-snippet:-1, max-image-preview:large, max-video-preview:-1\" \/>\n<link rel=\"canonical\" href=\"https:\/\/cablepullingmachines.com\/es\/remolques-de-cable\/remolque-mecanico-de-tambor-de-cable\/\" \/>\n<meta property=\"og:locale\" content=\"es_ES\" \/>\n<meta property=\"og:type\" content=\"article\" \/>\n<meta property=\"og:title\" content=\"Remolque Mec\u00e1nico de Tambor de Cable\" \/>\n<meta property=\"og:description\" content=\"Remolque Mec\u00e1nico de Tambor de Cable - Cable Pulling Machines Manufacturer\" \/>\n<meta property=\"og:url\" content=\"https:\/\/cablepullingmachines.com\/es\/remolques-de-cable\/remolque-mecanico-de-tambor-de-cable\/\" \/>\n<meta property=\"og:site_name\" content=\"Cable Pulling Machines Manufacturer\" \/>\n<meta property=\"article:publisher\" content=\"https:\/\/www.facebook.com\/cablepullingmachines\" \/>\n<meta property=\"article:modified_time\" content=\"2024-09-19T17:45:27+00:00\" \/>\n<meta property=\"og:image\" content=\"https:\/\/cablepullingmachines.com\/wp-content\/uploads\/2025\/02\/Full-Hydraulic-Cable-Drum-Trailers-30-tons.webp\" \/>\n\t<meta property=\"og:image:width\" content=\"1010\" \/>\n\t<meta property=\"og:image:height\" content=\"617\" \/>\n\t<meta property=\"og:image:type\" content=\"image\/webp\" \/>\n<meta name=\"twitter:card\" content=\"summary_large_image\" \/>\n<meta name=\"twitter:label1\" content=\"Tiempo de lectura\" \/>\n\t<meta name=\"twitter:data1\" content=\"5 minutos\" \/>\n<script type=\"application\/ld+json\" class=\"yoast-schema-graph\">{\"@context\":\"https:\/\/schema.org\",\"@graph\":[{\"@type\":\"WebPage\",\"@id\":\"https:\/\/cablepullingmachines.com\/es\/remolques-de-cable\/remolque-mecanico-de-tambor-de-cable\/\",\"url\":\"https:\/\/cablepullingmachines.com\/es\/remolques-de-cable\/remolque-mecanico-de-tambor-de-cable\/\",\"name\":\"Remolque Mec\u00e1nico de Tambor de Cable - Cable Pulling Machines Manufacturer\",\"isPartOf\":{\"@id\":\"https:\/\/cablepullingmachines.com\/#website\"},\"primaryImageOfPage\":{\"@id\":\"https:\/\/cablepullingmachines.com\/es\/remolques-de-cable\/remolque-mecanico-de-tambor-de-cable\/#primaryimage\"},\"image\":{\"@id\":\"https:\/\/cablepullingmachines.com\/es\/remolques-de-cable\/remolque-mecanico-de-tambor-de-cable\/#primaryimage\"},\"thumbnailUrl\":\"https:\/\/cablepullingmachines.com\/wp-content\/uploads\/2015\/12\/Manual-Drum-Trailers.jpg\",\"datePublished\":\"2024-09-19T12:12:59+00:00\",\"dateModified\":\"2024-09-19T17:45:27+00:00\",\"description\":\"Remolque Mec\u00e1nico de Tambor de Cable - Cable Pulling Machines Manufacturer\",\"breadcrumb\":{\"@id\":\"https:\/\/cablepullingmachines.com\/es\/remolques-de-cable\/remolque-mecanico-de-tambor-de-cable\/#breadcrumb\"},\"inLanguage\":\"es\",\"potentialAction\":[{\"@type\":\"ReadAction\",\"target\":[\"https:\/\/cablepullingmachines.com\/es\/remolques-de-cable\/remolque-mecanico-de-tambor-de-cable\/\"]}]},{\"@type\":\"ImageObject\",\"inLanguage\":\"es\",\"@id\":\"https:\/\/cablepullingmachines.com\/es\/remolques-de-cable\/remolque-mecanico-de-tambor-de-cable\/#primaryimage\",\"url\":\"https:\/\/cablepullingmachines.com\/wp-content\/uploads\/2015\/12\/Manual-Drum-Trailers.jpg\",\"contentUrl\":\"https:\/\/cablepullingmachines.com\/wp-content\/uploads\/2015\/12\/Manual-Drum-Trailers.jpg\",\"width\":845,\"height\":369},{\"@type\":\"BreadcrumbList\",\"@id\":\"https:\/\/cablepullingmachines.com\/es\/remolques-de-cable\/remolque-mecanico-de-tambor-de-cable\/#breadcrumb\",\"itemListElement\":[{\"@type\":\"ListItem\",\"position\":1,\"name\":\"Home\",\"item\":\"https:\/\/cablepullingmachines.com\/es\/a\/\"},{\"@type\":\"ListItem\",\"position\":2,\"name\":\"Remolques de Cable\",\"item\":\"https:\/\/cablepullingmachines.com\/es\/?page_id=4729\"},{\"@type\":\"ListItem\",\"position\":3,\"name\":\"Remolque Mec\u00e1nico de Tambor de Cable\"}]},{\"@type\":\"WebSite\",\"@id\":\"https:\/\/cablepullingmachines.com\/#website\",\"url\":\"https:\/\/cablepullingmachines.com\/\",\"name\":\"Cable Pulling Machines and Cable Drum Trailers\",\"description\":\"Cable Pulling Machines, Winches, Cable Drum Trailers\",\"publisher\":{\"@id\":\"https:\/\/cablepullingmachines.com\/#organization\"},\"alternateName\":\"Cable Drum Trailers Manufacturer\",\"potentialAction\":[{\"@type\":\"SearchAction\",\"target\":{\"@type\":\"EntryPoint\",\"urlTemplate\":\"https:\/\/cablepullingmachines.com\/?s={search_term_string}\"},\"query-input\":{\"@type\":\"PropertyValueSpecification\",\"valueRequired\":true,\"valueName\":\"search_term_string\"}}],\"inLanguage\":\"es\"},{\"@type\":\"Organization\",\"@id\":\"https:\/\/cablepullingmachines.com\/#organization\",\"name\":\"Allame Makina Ltd Sti\",\"alternateName\":\"Cable Drum Trailers Manufacturer\",\"url\":\"https:\/\/cablepullingmachines.com\/\",\"logo\":{\"@type\":\"ImageObject\",\"inLanguage\":\"es\",\"@id\":\"https:\/\/cablepullingmachines.com\/#\/schema\/logo\/image\/\",\"url\":\"https:\/\/cablepullingmachines.com\/wp-content\/uploads\/2015\/10\/logo.jpg\",\"contentUrl\":\"https:\/\/cablepullingmachines.com\/wp-content\/uploads\/2015\/10\/logo.jpg\",\"width\":300,\"height\":140,\"caption\":\"Allame Makina Ltd Sti\"},\"image\":{\"@id\":\"https:\/\/cablepullingmachines.com\/#\/schema\/logo\/image\/\"},\"sameAs\":[\"https:\/\/www.facebook.com\/cablepullingmachines\",\"https:\/\/www.linkedin.com\/company\/cablepullingmachines\",\"https:\/\/www.youtube.com\/@CablePullingMachines\",\"https:\/\/www.instagram.com\/cablepullingmachines\"],\"description\":\"Cable laying products manufacturer from Turkiye. Cable Pulling Machines and Cable Drum Trailers Producer.\",\"email\":\"erkangok@allame.net\",\"telephone\":\"+905337789941\",\"legalName\":\"SKYPULLTECH\",\"foundingDate\":\"1999-02-12\",\"vatID\":\"0550635748\",\"iso6523Code\":\"1555ALL2025\",\"numberOfEmployees\":{\"@type\":\"QuantitativeValue\",\"minValue\":\"11\",\"maxValue\":\"50\"}}]}<\/script>\n<!-- \/ Yoast SEO Premium plugin. -->","yoast_head_json":{"title":"Remolque Mec\u00e1nico de Tambor de Cable - Cable Pulling Machines Manufacturer","description":"Remolque Mec\u00e1nico de Tambor de Cable - Cable Pulling Machines Manufacturer","robots":{"index":"index","follow":"follow","max-snippet":"max-snippet:-1","max-image-preview":"max-image-preview:large","max-video-preview":"max-video-preview:-1"},"canonical":"https:\/\/cablepullingmachines.com\/es\/remolques-de-cable\/remolque-mecanico-de-tambor-de-cable\/","og_locale":"es_ES","og_type":"article","og_title":"Remolque Mec\u00e1nico de Tambor de Cable","og_description":"Remolque Mec\u00e1nico de Tambor de Cable - Cable Pulling Machines Manufacturer","og_url":"https:\/\/cablepullingmachines.com\/es\/remolques-de-cable\/remolque-mecanico-de-tambor-de-cable\/","og_site_name":"Cable Pulling Machines Manufacturer","article_publisher":"https:\/\/www.facebook.com\/cablepullingmachines","article_modified_time":"2024-09-19T17:45:27+00:00","og_image":[{"width":1010,"height":617,"url":"https:\/\/cablepullingmachines.com\/wp-content\/uploads\/2025\/02\/Full-Hydraulic-Cable-Drum-Trailers-30-tons.webp","type":"image\/webp"}],"twitter_card":"summary_large_image","twitter_misc":{"Tiempo de lectura":"5 minutos"},"schema":{"@context":"https:\/\/schema.org","@graph":[{"@type":"WebPage","@id":"https:\/\/cablepullingmachines.com\/es\/remolques-de-cable\/remolque-mecanico-de-tambor-de-cable\/","url":"https:\/\/cablepullingmachines.com\/es\/remolques-de-cable\/remolque-mecanico-de-tambor-de-cable\/","name":"Remolque Mec\u00e1nico de Tambor de Cable - Cable Pulling Machines Manufacturer","isPartOf":{"@id":"https:\/\/cablepullingmachines.com\/#website"},"primaryImageOfPage":{"@id":"https:\/\/cablepullingmachines.com\/es\/remolques-de-cable\/remolque-mecanico-de-tambor-de-cable\/#primaryimage"},"image":{"@id":"https:\/\/cablepullingmachines.com\/es\/remolques-de-cable\/remolque-mecanico-de-tambor-de-cable\/#primaryimage"},"thumbnailUrl":"https:\/\/cablepullingmachines.com\/wp-content\/uploads\/2015\/12\/Manual-Drum-Trailers.jpg","datePublished":"2024-09-19T12:12:59+00:00","dateModified":"2024-09-19T17:45:27+00:00","description":"Remolque Mec\u00e1nico de Tambor de Cable - Cable Pulling Machines Manufacturer","breadcrumb":{"@id":"https:\/\/cablepullingmachines.com\/es\/remolques-de-cable\/remolque-mecanico-de-tambor-de-cable\/#breadcrumb"},"inLanguage":"es","potentialAction":[{"@type":"ReadAction","target":["https:\/\/cablepullingmachines.com\/es\/remolques-de-cable\/remolque-mecanico-de-tambor-de-cable\/"]}]},{"@type":"ImageObject","inLanguage":"es","@id":"https:\/\/cablepullingmachines.com\/es\/remolques-de-cable\/remolque-mecanico-de-tambor-de-cable\/#primaryimage","url":"https:\/\/cablepullingmachines.com\/wp-content\/uploads\/2015\/12\/Manual-Drum-Trailers.jpg","contentUrl":"https:\/\/cablepullingmachines.com\/wp-content\/uploads\/2015\/12\/Manual-Drum-Trailers.jpg","width":845,"height":369},{"@type":"BreadcrumbList","@id":"https:\/\/cablepullingmachines.com\/es\/remolques-de-cable\/remolque-mecanico-de-tambor-de-cable\/#breadcrumb","itemListElement":[{"@type":"ListItem","position":1,"name":"Home","item":"https:\/\/cablepullingmachines.com\/es\/a\/"},{"@type":"ListItem","position":2,"name":"Remolques de Cable","item":"https:\/\/cablepullingmachines.com\/es\/?page_id=4729"},{"@type":"ListItem","position":3,"name":"Remolque Mec\u00e1nico de Tambor de Cable"}]},{"@type":"WebSite","@id":"https:\/\/cablepullingmachines.com\/#website","url":"https:\/\/cablepullingmachines.com\/","name":"Cable Pulling Machines and Cable Drum Trailers","description":"Cable Pulling Machines, Winches, Cable Drum Trailers","publisher":{"@id":"https:\/\/cablepullingmachines.com\/#organization"},"alternateName":"Cable Drum Trailers Manufacturer","potentialAction":[{"@type":"SearchAction","target":{"@type":"EntryPoint","urlTemplate":"https:\/\/cablepullingmachines.com\/?s={search_term_string}"},"query-input":{"@type":"PropertyValueSpecification","valueRequired":true,"valueName":"search_term_string"}}],"inLanguage":"es"},{"@type":"Organization","@id":"https:\/\/cablepullingmachines.com\/#organization","name":"Allame Makina Ltd Sti","alternateName":"Cable Drum Trailers Manufacturer","url":"https:\/\/cablepullingmachines.com\/","logo":{"@type":"ImageObject","inLanguage":"es","@id":"https:\/\/cablepullingmachines.com\/#\/schema\/logo\/image\/","url":"https:\/\/cablepullingmachines.com\/wp-content\/uploads\/2015\/10\/logo.jpg","contentUrl":"https:\/\/cablepullingmachines.com\/wp-content\/uploads\/2015\/10\/logo.jpg","width":300,"height":140,"caption":"Allame Makina Ltd Sti"},"image":{"@id":"https:\/\/cablepullingmachines.com\/#\/schema\/logo\/image\/"},"sameAs":["https:\/\/www.facebook.com\/cablepullingmachines","https:\/\/www.linkedin.com\/company\/cablepullingmachines","https:\/\/www.youtube.com\/@CablePullingMachines","https:\/\/www.instagram.com\/cablepullingmachines"],"description":"Cable laying products manufacturer from Turkiye. Cable Pulling Machines and Cable Drum Trailers Producer.","email":"erkangok@allame.net","telephone":"+905337789941","legalName":"SKYPULLTECH","foundingDate":"1999-02-12","vatID":"0550635748","iso6523Code":"1555ALL2025","numberOfEmployees":{"@type":"QuantitativeValue","minValue":"11","maxValue":"50"}}]}},"amp_enabled":true,"_links":{"self":[{"href":"https:\/\/cablepullingmachines.com\/es\/wp-json\/wp\/v2\/pages\/4790","targetHints":{"allow":["GET"]}}],"collection":[{"href":"https:\/\/cablepullingmachines.com\/es\/wp-json\/wp\/v2\/pages"}],"about":[{"href":"https:\/\/cablepullingmachines.com\/es\/wp-json\/wp\/v2\/types\/page"}],"author":[{"embeddable":true,"href":"https:\/\/cablepullingmachines.com\/es\/wp-json\/wp\/v2\/users\/1"}],"replies":[{"embeddable":true,"href":"https:\/\/cablepullingmachines.com\/es\/wp-json\/wp\/v2\/comments?post=4790"}],"version-history":[{"count":0,"href":"https:\/\/cablepullingmachines.com\/es\/wp-json\/wp\/v2\/pages\/4790\/revisions"}],"up":[{"embeddable":true,"href":"https:\/\/cablepullingmachines.com\/es\/wp-json\/wp\/v2\/pages\/4729"}],"wp:featuredmedia":[{"embeddable":true,"href":"https:\/\/cablepullingmachines.com\/es\/wp-json\/wp\/v2\/media\/3584"}],"wp:attachment":[{"href":"https:\/\/cablepullingmachines.com\/es\/wp-json\/wp\/v2\/media?parent=4790"}],"curies":[{"name":"wp","href":"https:\/\/api.w.org\/{rel}","templated":true}]}}