{"id":4751,"date":"2024-09-19T12:12:47","date_gmt":"2024-09-19T12:12:47","guid":{"rendered":"https:\/\/cablepullingmachines.com\/accesorios-de-tendido-de-cables\/rodillos-para-cables-y-tubos\/"},"modified":"2024-09-19T12:12:47","modified_gmt":"2024-09-19T12:12:47","slug":"rodillos-para-cables-y-tubos","status":"publish","type":"page","link":"https:\/\/cablepullingmachines.com\/es\/accesorios-de-tendido-de-cables\/rodillos-para-cables-y-tubos\/","title":{"rendered":"Rodillos para cables y tubos"},"content":{"rendered":"<h1>Rodillos para cables y tubos<\/h1>\n<div id=\"cable-and-pipe-rollers\" class=\"mod_article block\">\n<p> <figure id=\"attachment_558\" aria-describedby=\"caption-attachment-558\" style=\"width: 225px\" class=\"wp-caption aligncenter\"><img decoding=\"async\" class=\"wp-image-558 size-full lazyload\" data-src=\"http:\/\/cablepullingmachines.com\/wp-content\/uploads\/2015\/12\/Cable-Roller-Standard-Galvanized.jpg\" alt=\"enrollacable-est\u00e1ndar-galvanizado\" width=\"225\" height=\"84\" src=\"data:image\/svg+xml;base64,PHN2ZyB3aWR0aD0iMSIgaGVpZ2h0PSIxIiB4bWxucz0iaHR0cDovL3d3dy53My5vcmcvMjAwMC9zdmciPjwvc3ZnPg==\" style=\"--smush-placeholder-width: 225px; --smush-placeholder-aspect-ratio: 225\/84;\"><figcaption id=\"caption-attachment-558\" class=\"wp-caption-text\">rodillos para cables y tubos est\u00e1ndar-galvanizados<\/figcaption><\/figure><strong>Rodillo para cables (est\u00e1ndar), galvanizado, con cojinetes a prueba de polvo y agua<\/strong><\/p>\n<table>\n<tbody>\n<tr>\n<td><strong>Carga<\/strong><\/td>\n<td><strong>m\u00e1x.<br \/>\nDi\u00e1m. cable <\/strong><\/td>\n<td><strong>Peso<\/strong><\/td>\n<\/tr>\n<tr>\n<td>250 kg<\/td>\n<td>155 mm<\/td>\n<td>4,2 kg<\/td>\n<\/tr>\n<\/tbody>\n<\/table>\n<\/div>\n<p> <figure id=\"attachment_559\" aria-describedby=\"caption-attachment-559\" style=\"width: 225px\" class=\"wp-caption aligncenter\"><img decoding=\"async\" class=\"size-full wp-image-559 lazyload\" data-src=\"http:\/\/cablepullingmachines.com\/wp-content\/uploads\/2015\/12\/Cable-roller-wide-galvanized.jpg\" alt=\"cable-rodillo-ancho-galvanizado\" width=\"225\" height=\"200\" src=\"data:image\/svg+xml;base64,PHN2ZyB3aWR0aD0iMSIgaGVpZ2h0PSIxIiB4bWxucz0iaHR0cDovL3d3dy53My5vcmcvMjAwMC9zdmciPjwvc3ZnPg==\" style=\"--smush-placeholder-width: 225px; --smush-placeholder-aspect-ratio: 225\/200;\"><figcaption id=\"caption-attachment-559\" class=\"wp-caption-text\">rodillo de cable (ancho) galvanizado<\/figcaption><\/figure><strong>Rodillo de cable (ancho), galvanizado, con cojinetes a prueba de polvo y agua <\/strong> <\/p>\n<table>\n<tbody>\n<tr>\n<td><strong>Carga<\/strong><\/td>\n<td><strong>m\u00e1x.<br \/>\nDi\u00e1m. cable <\/strong><\/td>\n<td><strong>Peso<\/strong><\/td>\n<\/tr>\n<tr>\n<td>250 kg<\/td>\n<td>200 mm<\/td>\n<td>5,0 kg<\/td>\n<\/tr>\n<tr>\n<td>250 kg<\/td>\n<td>280 mm<\/td>\n<td>6,8 kg<\/td>\n<\/tr>\n<\/tbody>\n<\/table>\n<p> <img decoding=\"async\" class=\"size-full wp-image-560 lazyload\" data-src=\"http:\/\/cablepullingmachines.com\/wp-content\/uploads\/2015\/12\/Cable-roller-with-ground-plate.jpg\" alt=\"cable-rodillo-con-placa-de-tierra\" width=\"225\" height=\"123\" src=\"data:image\/svg+xml;base64,PHN2ZyB3aWR0aD0iMSIgaGVpZ2h0PSIxIiB4bWxucz0iaHR0cDovL3d3dy53My5vcmcvMjAwMC9zdmciPjwvc3ZnPg==\" style=\"--smush-placeholder-width: 225px; --smush-placeholder-aspect-ratio: 225\/123;\"><strong>rodillo de<\/strong>cable<strong>con placa de masaRodillo de<\/strong>cable<strong>con placa de masa (est\u00e1ndar), galvanizado<\/strong> &nbsp;<\/p>\n<table>\n<tbody>\n<tr>\n<td><strong>Carga<\/strong><\/td>\n<td><strong>m\u00e1x.<br \/>\nDi\u00e1m. cable <\/strong><\/td>\n<td><strong>Peso<\/strong><\/td>\n<\/tr>\n<tr>\n<td>250 kg<\/td>\n<td>155 mm<\/td>\n<td>4,5 kg<\/td>\n<\/tr>\n<\/tbody>\n<\/table>\n<p>&nbsp;<\/p>\n<p> <figure id=\"attachment_561\" aria-describedby=\"caption-attachment-561\" style=\"width: 225px\" class=\"wp-caption aligncenter\"><img decoding=\"async\" class=\"size-full wp-image-561 lazyload\" data-src=\"http:\/\/cablepullingmachines.com\/wp-content\/uploads\/2015\/12\/Cable-roller-made-of-PVC.jpg\" alt=\"rodillo de cable de pvc\" width=\"225\" height=\"154\" src=\"data:image\/svg+xml;base64,PHN2ZyB3aWR0aD0iMSIgaGVpZ2h0PSIxIiB4bWxucz0iaHR0cDovL3d3dy53My5vcmcvMjAwMC9zdmciPjwvc3ZnPg==\" style=\"--smush-placeholder-width: 225px; --smush-placeholder-aspect-ratio: 225\/154;\"><figcaption id=\"caption-attachment-561\" class=\"wp-caption-text\">enrollacables de pvc<\/figcaption><\/figure><strong>Rodillo para cables, de PVC<\/strong><\/p>\n<table>\n<tbody>\n<tr>\n<td><strong>Carga<\/strong><\/td>\n<td><strong>m\u00e1x.<br \/>\nDi\u00e1metro del cable <\/strong><\/td>\n<td><strong>Peso<\/strong><\/td>\n<\/tr>\n<tr>\n<td>250 kg<\/td>\n<td>155 mm<\/td>\n<td>3,6 kg<\/td>\n<\/tr>\n<\/tbody>\n<\/table>\n<figure id=\"attachment_562\" aria-describedby=\"caption-attachment-562\" style=\"width: 225px\" class=\"wp-caption aligncenter\"><img decoding=\"async\" class=\"size-full wp-image-562 lazyload\" data-src=\"http:\/\/cablepullingmachines.com\/wp-content\/uploads\/2015\/12\/Spare-roller-for-standard-cable.jpg\" alt=\"rodillo de repuesto para cable est\u00e1ndar\" width=\"225\" height=\"134\" src=\"data:image\/svg+xml;base64,PHN2ZyB3aWR0aD0iMSIgaGVpZ2h0PSIxIiB4bWxucz0iaHR0cDovL3d3dy53My5vcmcvMjAwMC9zdmciPjwvc3ZnPg==\" style=\"--smush-placeholder-width: 225px; --smush-placeholder-aspect-ratio: 225\/134;\"><figcaption id=\"caption-attachment-562\" class=\"wp-caption-text\">rodillo de repuesto para cable est\u00e1ndar<\/figcaption><\/figure>\n<p><strong>Rodillo de repuesto  <\/strong><strong>para cable (est\u00e1ndar) y rodillo angular con cojinetes y eje, galvanizado<\/strong><\/p>\n<table>\n<tbody>\n<tr>\n<td><strong>Peso<\/strong><\/td>\n<\/tr>\n<tr>\n<td>1,7 kg<\/td>\n<\/tr>\n<\/tbody>\n<\/table>\n<p>&nbsp;<\/p>\n<figure id=\"attachment_563\" aria-describedby=\"caption-attachment-563\" style=\"width: 225px\" class=\"wp-caption aligncenter\"><img decoding=\"async\" class=\"size-full wp-image-563 lazyload\" data-src=\"http:\/\/cablepullingmachines.com\/wp-content\/uploads\/2015\/12\/Tube-roller-with-base-plate.jpg\" alt=\"rodillo tubular con placa base\" width=\"225\" height=\"191\" src=\"data:image\/svg+xml;base64,PHN2ZyB3aWR0aD0iMSIgaGVpZ2h0PSIxIiB4bWxucz0iaHR0cDovL3d3dy53My5vcmcvMjAwMC9zdmciPjwvc3ZnPg==\" style=\"--smush-placeholder-width: 225px; --smush-placeholder-aspect-ratio: 225\/191;\"><figcaption id=\"caption-attachment-563\" class=\"wp-caption-text\">rodillo tubular con placa base<\/figcaption><\/figure>\n<p><strong>Rodillo tubular con placa base, galvanizado, <\/strong><strong>para soldar longitudes individuales e insertar camisas de 300 mm de di\u00e1metro.<\/strong><\/p>\n<table>\n<tbody>\n<tr>\n<td><strong>M\u00e1x.<br \/>\nCarga <\/strong><\/td>\n<td><strong>Peso<\/strong><\/td>\n<\/tr>\n<tr>\n<td>300 kg<\/td>\n<td>4 kg<\/td>\n<\/tr>\n<\/tbody>\n<\/table>\n<p> <figure id=\"attachment_564\" aria-describedby=\"caption-attachment-564\" style=\"width: 225px\" class=\"wp-caption aligncenter\"><img decoding=\"async\" class=\"size-full wp-image-564 lazyload\" data-src=\"http:\/\/cablepullingmachines.com\/wp-content\/uploads\/2015\/12\/Corner-roller-with-plug-in-hinges.jpg\" alt=\"rodillo-esquina-con-bisagras-enchufables\" width=\"225\" height=\"193\" src=\"data:image\/svg+xml;base64,PHN2ZyB3aWR0aD0iMSIgaGVpZ2h0PSIxIiB4bWxucz0iaHR0cDovL3d3dy53My5vcmcvMjAwMC9zdmciPjwvc3ZnPg==\" style=\"--smush-placeholder-width: 225px; --smush-placeholder-aspect-ratio: 225\/193;\"><figcaption id=\"caption-attachment-564\" class=\"wp-caption-text\">rodillo esquinero con bisagras insertables<\/figcaption><\/figure><strong>Rodillo esquinero con bisagras enchufables (est\u00e1ndar), galvanizado, <\/strong><strong>rodamiento protegido contra el polvo y el agua<\/strong><\/p>\n<table>\n<tbody>\n<tr>\n<td><strong>Carga<\/strong><\/td>\n<td><strong>m\u00e1x.<br \/>\nDi\u00e1m. cable <\/strong><\/td>\n<td><strong>Peso<\/strong><\/td>\n<\/tr>\n<tr>\n<td>250 kg<\/td>\n<td>110 mm<\/td>\n<td>13,5 kg<\/td>\n<\/tr>\n<\/tbody>\n<\/table>\n<p> <figure id=\"attachment_565\" aria-describedby=\"caption-attachment-565\" style=\"width: 225px\" class=\"wp-caption aligncenter\"><img decoding=\"async\" class=\"size-full wp-image-565 lazyload\" data-src=\"http:\/\/cablepullingmachines.com\/wp-content\/uploads\/2015\/12\/Earth-nail-galvanized.jpg\" alt=\"tierra-clavo-galvanizado\" width=\"225\" height=\"94\" src=\"data:image\/svg+xml;base64,PHN2ZyB3aWR0aD0iMSIgaGVpZ2h0PSIxIiB4bWxucz0iaHR0cDovL3d3dy53My5vcmcvMjAwMC9zdmciPjwvc3ZnPg==\" style=\"--smush-placeholder-width: 225px; --smush-placeholder-aspect-ratio: 225\/94;\"><figcaption id=\"caption-attachment-565\" class=\"wp-caption-text\">clavo<\/figcaption><\/figure><strong>de tierra<\/strong> galvanizadoAccesorio<strong>:<\/strong><strong>Clavo de tierra<\/strong> galvanizado (sin ilustraci\u00f3n)<strong><br \/>\n<\/strong><\/p>\n<table>\n<tbody>\n<tr>\n<td><strong>Peso<\/strong><\/td>\n<\/tr>\n<tr>\n<td>1,4 kg<\/td>\n<\/tr>\n<\/tbody>\n<\/table>\n<figure id=\"attachment_566\" aria-describedby=\"caption-attachment-566\" style=\"width: 149px\" class=\"wp-caption aligncenter\"><img decoding=\"async\" class=\"size-full wp-image-566 lazyload\" data-src=\"http:\/\/cablepullingmachines.com\/wp-content\/uploads\/2015\/12\/Corner-roller-with-plug-in-hinges-wide.jpg\" alt=\"rinc\u00f3n-rodillo-con-bisagras-enchufable-ancho\" width=\"149\" height=\"225\" src=\"data:image\/svg+xml;base64,PHN2ZyB3aWR0aD0iMSIgaGVpZ2h0PSIxIiB4bWxucz0iaHR0cDovL3d3dy53My5vcmcvMjAwMC9zdmciPjwvc3ZnPg==\" style=\"--smush-placeholder-width: 149px; --smush-placeholder-aspect-ratio: 149\/225;\"><figcaption id=\"caption-attachment-566\" class=\"wp-caption-text\">rinc\u00f3n-rodillo-con-bisagras-enchufable-ancho<\/figcaption><\/figure>\n<p><strong>Rodillo angular con bisagras enchufables (anchas), galvanizado, <\/strong><strong>rodamiento protegido contra el polvo y el agua<\/strong><\/p>\n<table>\n<tbody>\n<tr>\n<td><strong>Carga<\/strong><\/td>\n<td><strong>m\u00e1x.<br \/>\nDi\u00e1m. cable <\/strong><\/td>\n<td><strong>Peso<\/strong><\/td>\n<\/tr>\n<tr>\n<td>250 kg<\/td>\n<td>160 mm<\/td>\n<td>13,6 kg<\/td>\n<\/tr>\n<\/tbody>\n<\/table>\n<p> <figure id=\"attachment_567\" aria-describedby=\"caption-attachment-567\" style=\"width: 225px\" class=\"wp-caption aligncenter\"><img decoding=\"async\" class=\"size-full wp-image-567 lazyload\" data-src=\"http:\/\/cablepullingmachines.com\/wp-content\/uploads\/2015\/12\/Cable-guide-and-run-off-frame.jpg\" alt=\"cable-gu\u00eda-y-marco-de-desconexi\u00f3n\" width=\"225\" height=\"128\" src=\"data:image\/svg+xml;base64,PHN2ZyB3aWR0aD0iMSIgaGVpZ2h0PSIxIiB4bWxucz0iaHR0cDovL3d3dy53My5vcmcvMjAwMC9zdmciPjwvc3ZnPg==\" style=\"--smush-placeholder-width: 225px; --smush-placeholder-aspect-ratio: 225\/128;\"><figcaption id=\"caption-attachment-567\" class=\"wp-caption-text\">gu\u00eda-cable y marco de salida<\/figcaption><\/figure><strong>Bastidor para guiado y evacuaci\u00f3n de cables, galvanizado, <\/strong><strong>Este dispositivo debe colocarse justo detr\u00e1s del tambor de cable.<\/strong><\/p>\n<table>\n<tbody>\n<tr>\n<td><strong>Carga<\/strong><\/td>\n<td><strong>Peso<\/strong><\/td>\n<\/tr>\n<tr>\n<td>200 kg<\/td>\n<td>15 kg<\/td>\n<\/tr>\n<\/tbody>\n<\/table>\n<p><strong><br \/>\n<strong>Versi\u00f3n reforzada: <\/strong>para el tendido de cables y tubos pesados de di\u00e1. &gt; 300 mm  <\/strong><\/p>\n<table>\n<tbody>\n<tr>\n<td><strong>Carga<\/strong><\/td>\n<td><strong>Peso<\/strong><\/td>\n<\/tr>\n<tr>\n<td>500 kg<\/td>\n<td>20 kg<\/td>\n<\/tr>\n<\/tbody>\n<\/table>\n<p> <figure id=\"attachment_568\" aria-describedby=\"caption-attachment-568\" style=\"width: 225px\" class=\"wp-caption aligncenter\"><img decoding=\"async\" class=\"wp-image-568 size-full lazyload\" data-src=\"http:\/\/cablepullingmachines.com\/wp-content\/uploads\/2015\/12\/Tube-roller-jack-galvanized.jpg\" alt=\"rodillo-tubo-galvanizado \/ rodillos para cables y tubos\" width=\"225\" height=\"158\" src=\"data:image\/svg+xml;base64,PHN2ZyB3aWR0aD0iMSIgaGVpZ2h0PSIxIiB4bWxucz0iaHR0cDovL3d3dy53My5vcmcvMjAwMC9zdmciPjwvc3ZnPg==\" style=\"--smush-placeholder-width: 225px; --smush-placeholder-aspect-ratio: 225\/158;\"><figcaption id=\"caption-attachment-568\" class=\"wp-caption-text\">tubo-rodillo-jack-rodillos galvanizados para cables y tubos<\/figcaption><\/figure><strong>Gato rodillo para tubos, galvanizado<\/strong><\/p>\n<table>\n<tbody>\n<tr>\n<td><strong>M\u00e1x.<br \/>\nDia.<br \/>\nTubo    <\/strong><\/td>\n<td><strong>M\u00e1x.<br \/>\nCarga <\/strong><\/td>\n<td><strong>Peso<\/strong><\/td>\n<\/tr>\n<tr>\n<td>500 mm<\/td>\n<td>500 kg<\/td>\n<td>11,5 kg<\/td>\n<\/tr>\n<tr>\n<td>750 mm<\/td>\n<td>1000 kg<\/td>\n<td>29 kg<\/td>\n<\/tr>\n<\/tbody>\n<\/table>\n<figure id=\"attachment_569\" aria-describedby=\"caption-attachment-569\" style=\"width: 112px\" class=\"wp-caption aligncenter\"><img decoding=\"async\" class=\"size-full wp-image-569 lazyload\" data-src=\"http:\/\/cablepullingmachines.com\/wp-content\/uploads\/2015\/12\/Cable-rack-roller-open-type-galvanized.jpg\" alt=\"pasacables-rodillo-tipo-abierto-galvanizado\" width=\"112\" height=\"225\" src=\"data:image\/svg+xml;base64,PHN2ZyB3aWR0aD0iMSIgaGVpZ2h0PSIxIiB4bWxucz0iaHR0cDovL3d3dy53My5vcmcvMjAwMC9zdmciPjwvc3ZnPg==\" style=\"--smush-placeholder-width: 112px; --smush-placeholder-aspect-ratio: 112\/225;\"><figcaption id=\"caption-attachment-569\" class=\"wp-caption-text\">pasacables-rodillo-tipo-abierto-galvanizado<\/figcaption><\/figure>\n<p><strong>Rodillo portacables, tipo abierto,  <\/strong><strong>galvanizado<\/strong><\/p>\n<table>\n<tbody>\n<tr>\n<td><strong>Peso<\/strong><\/td>\n<\/tr>\n<tr>\n<td>5,5 kg<\/td>\n<\/tr>\n<\/tbody>\n<\/table>\n<figure id=\"attachment_570\" aria-describedby=\"caption-attachment-570\" style=\"width: 130px\" class=\"wp-caption aligncenter\"><img decoding=\"async\" class=\"size-full wp-image-570 lazyload\" data-src=\"http:\/\/cablepullingmachines.com\/wp-content\/uploads\/2015\/12\/Cable-rack-roller-closed-type-galvanized.jpg\" alt=\"rodillo-cremallera-tipo-cerrado-galvanizado\" width=\"130\" height=\"225\" src=\"data:image\/svg+xml;base64,PHN2ZyB3aWR0aD0iMSIgaGVpZ2h0PSIxIiB4bWxucz0iaHR0cDovL3d3dy53My5vcmcvMjAwMC9zdmciPjwvc3ZnPg==\" style=\"--smush-placeholder-width: 130px; --smush-placeholder-aspect-ratio: 130\/225;\"><figcaption id=\"caption-attachment-570\" class=\"wp-caption-text\">rodillo-cremallera-tipo-cerrado-galvanizado<\/figcaption><\/figure>\n<p><strong>Rodillo portacables, tipo cerrado,  <\/strong><strong>galvanizado<\/strong><\/p>\n<table>\n<tbody>\n<tr>\n<td><strong>Peso<\/strong><\/td>\n<\/tr>\n<tr>\n<td>6 kg<\/td>\n<\/tr>\n<\/tbody>\n<\/table>\n<p><span style=\"color: #ffffff;\"><strong><em>rodillos para cables y tubos<\/em><\/strong><\/span><\/p>\n","protected":false},"excerpt":{"rendered":"<p>Rodillos para cables y tubos Rodillo para cables (est\u00e1ndar), galvanizado, con cojinetes a prueba de polvo y agua Carga m\u00e1x. Di\u00e1m. cable Peso 250 kg 155 mm 4,2 kg Rodillo de cable (ancho), galvanizado, con cojinetes a prueba de polvo y agua Carga m\u00e1x. Di\u00e1m. cable Peso 250 kg 200 mm 5,0 kg 250 kg<\/p>\n","protected":false},"author":1,"featured_media":0,"parent":4743,"menu_order":0,"comment_status":"closed","ping_status":"closed","template":"","meta":{"_joinchat":[],"footnotes":""},"class_list":["post-4751","page","type-page","status-publish","hentry"],"yoast_head":"<!-- This site is optimized with the Yoast SEO Premium plugin v26.8 (Yoast SEO v27.0) - https:\/\/yoast.com\/product\/yoast-seo-premium-wordpress\/ -->\n<title>Rodillos para cables y tubos - Cable Pulling Machines Manufacturer<\/title>\n<meta name=\"description\" content=\"Rodillos para cables y tubos - Cable Pulling Machines Manufacturer\" \/>\n<meta name=\"robots\" content=\"index, follow, max-snippet:-1, max-image-preview:large, max-video-preview:-1\" \/>\n<link rel=\"canonical\" href=\"https:\/\/cablepullingmachines.com\/es\/?page_id=4751\" \/>\n<meta property=\"og:locale\" content=\"es_ES\" \/>\n<meta property=\"og:type\" content=\"article\" \/>\n<meta property=\"og:title\" content=\"Rodillos para cables y tubos\" \/>\n<meta property=\"og:description\" content=\"Rodillos para cables y tubos - Cable Pulling Machines Manufacturer\" \/>\n<meta property=\"og:url\" content=\"https:\/\/cablepullingmachines.com\/es\/?page_id=4751\" \/>\n<meta property=\"og:site_name\" content=\"Cable Pulling Machines Manufacturer\" \/>\n<meta property=\"article:publisher\" content=\"https:\/\/www.facebook.com\/cablepullingmachines\" \/>\n<meta property=\"og:image\" content=\"http:\/\/cablepullingmachines.com\/wp-content\/uploads\/2015\/12\/Cable-Roller-Standard-Galvanized.jpg\" \/>\n<meta name=\"twitter:card\" content=\"summary_large_image\" \/>\n<meta name=\"twitter:label1\" content=\"Tiempo de lectura\" \/>\n\t<meta name=\"twitter:data1\" content=\"2 minutos\" \/>\n<script type=\"application\/ld+json\" class=\"yoast-schema-graph\">{\"@context\":\"https:\/\/schema.org\",\"@graph\":[{\"@type\":\"WebPage\",\"@id\":\"https:\/\/cablepullingmachines.com\/es\/?page_id=4751\",\"url\":\"https:\/\/cablepullingmachines.com\/es\/?page_id=4751\",\"name\":\"Rodillos para cables y tubos - Cable Pulling Machines Manufacturer\",\"isPartOf\":{\"@id\":\"https:\/\/cablepullingmachines.com\/#website\"},\"primaryImageOfPage\":{\"@id\":\"https:\/\/cablepullingmachines.com\/es\/?page_id=4751#primaryimage\"},\"image\":{\"@id\":\"https:\/\/cablepullingmachines.com\/es\/?page_id=4751#primaryimage\"},\"thumbnailUrl\":\"http:\/\/cablepullingmachines.com\/wp-content\/uploads\/2015\/12\/Cable-Roller-Standard-Galvanized.jpg\",\"datePublished\":\"2024-09-19T12:12:47+00:00\",\"description\":\"Rodillos para cables y tubos - Cable Pulling Machines Manufacturer\",\"breadcrumb\":{\"@id\":\"https:\/\/cablepullingmachines.com\/es\/?page_id=4751#breadcrumb\"},\"inLanguage\":\"es\",\"potentialAction\":[{\"@type\":\"ReadAction\",\"target\":[\"https:\/\/cablepullingmachines.com\/es\/?page_id=4751\"]}]},{\"@type\":\"ImageObject\",\"inLanguage\":\"es\",\"@id\":\"https:\/\/cablepullingmachines.com\/es\/?page_id=4751#primaryimage\",\"url\":\"http:\/\/cablepullingmachines.com\/wp-content\/uploads\/2015\/12\/Cable-Roller-Standard-Galvanized.jpg\",\"contentUrl\":\"http:\/\/cablepullingmachines.com\/wp-content\/uploads\/2015\/12\/Cable-Roller-Standard-Galvanized.jpg\"},{\"@type\":\"BreadcrumbList\",\"@id\":\"https:\/\/cablepullingmachines.com\/es\/?page_id=4751#breadcrumb\",\"itemListElement\":[{\"@type\":\"ListItem\",\"position\":1,\"name\":\"Home\",\"item\":\"https:\/\/cablepullingmachines.com\/es\/a\/\"},{\"@type\":\"ListItem\",\"position\":2,\"name\":\"Accesorios de tendido de cables\",\"item\":\"https:\/\/cablepullingmachines.com\/es\/?page_id=4743\"},{\"@type\":\"ListItem\",\"position\":3,\"name\":\"Rodillos para cables y tubos\"}]},{\"@type\":\"WebSite\",\"@id\":\"https:\/\/cablepullingmachines.com\/#website\",\"url\":\"https:\/\/cablepullingmachines.com\/\",\"name\":\"Cable Pulling Machines and Cable Drum Trailers\",\"description\":\"Cable Pulling Machines, Winches, Cable Drum Trailers\",\"publisher\":{\"@id\":\"https:\/\/cablepullingmachines.com\/#organization\"},\"alternateName\":\"Cable Drum Trailers Manufacturer\",\"potentialAction\":[{\"@type\":\"SearchAction\",\"target\":{\"@type\":\"EntryPoint\",\"urlTemplate\":\"https:\/\/cablepullingmachines.com\/?s={search_term_string}\"},\"query-input\":{\"@type\":\"PropertyValueSpecification\",\"valueRequired\":true,\"valueName\":\"search_term_string\"}}],\"inLanguage\":\"es\"},{\"@type\":\"Organization\",\"@id\":\"https:\/\/cablepullingmachines.com\/#organization\",\"name\":\"Allame Makina Ltd Sti\",\"alternateName\":\"Cable Drum Trailers Manufacturer\",\"url\":\"https:\/\/cablepullingmachines.com\/\",\"logo\":{\"@type\":\"ImageObject\",\"inLanguage\":\"es\",\"@id\":\"https:\/\/cablepullingmachines.com\/#\/schema\/logo\/image\/\",\"url\":\"https:\/\/cablepullingmachines.com\/wp-content\/uploads\/2015\/10\/logo.jpg\",\"contentUrl\":\"https:\/\/cablepullingmachines.com\/wp-content\/uploads\/2015\/10\/logo.jpg\",\"width\":300,\"height\":140,\"caption\":\"Allame Makina Ltd Sti\"},\"image\":{\"@id\":\"https:\/\/cablepullingmachines.com\/#\/schema\/logo\/image\/\"},\"sameAs\":[\"https:\/\/www.facebook.com\/cablepullingmachines\",\"https:\/\/www.linkedin.com\/company\/cablepullingmachines\",\"https:\/\/www.youtube.com\/@CablePullingMachines\",\"https:\/\/www.instagram.com\/cablepullingmachines\"],\"description\":\"Cable laying products manufacturer from Turkiye. Cable Pulling Machines and Cable Drum Trailers Producer.\",\"email\":\"erkangok@allame.net\",\"telephone\":\"+905337789941\",\"legalName\":\"SKYPULLTECH\",\"foundingDate\":\"1999-02-12\",\"vatID\":\"0550635748\",\"iso6523Code\":\"1555ALL2025\",\"numberOfEmployees\":{\"@type\":\"QuantitativeValue\",\"minValue\":\"11\",\"maxValue\":\"50\"}}]}<\/script>\n<!-- \/ Yoast SEO Premium plugin. -->","yoast_head_json":{"title":"Rodillos para cables y tubos - Cable Pulling Machines Manufacturer","description":"Rodillos para cables y tubos - Cable Pulling Machines Manufacturer","robots":{"index":"index","follow":"follow","max-snippet":"max-snippet:-1","max-image-preview":"max-image-preview:large","max-video-preview":"max-video-preview:-1"},"canonical":"https:\/\/cablepullingmachines.com\/es\/?page_id=4751","og_locale":"es_ES","og_type":"article","og_title":"Rodillos para cables y tubos","og_description":"Rodillos para cables y tubos - Cable Pulling Machines Manufacturer","og_url":"https:\/\/cablepullingmachines.com\/es\/?page_id=4751","og_site_name":"Cable Pulling Machines Manufacturer","article_publisher":"https:\/\/www.facebook.com\/cablepullingmachines","og_image":[{"url":"http:\/\/cablepullingmachines.com\/wp-content\/uploads\/2015\/12\/Cable-Roller-Standard-Galvanized.jpg","type":"","width":"","height":""}],"twitter_card":"summary_large_image","twitter_misc":{"Tiempo de lectura":"2 minutos"},"schema":{"@context":"https:\/\/schema.org","@graph":[{"@type":"WebPage","@id":"https:\/\/cablepullingmachines.com\/es\/?page_id=4751","url":"https:\/\/cablepullingmachines.com\/es\/?page_id=4751","name":"Rodillos para cables y tubos - Cable Pulling Machines Manufacturer","isPartOf":{"@id":"https:\/\/cablepullingmachines.com\/#website"},"primaryImageOfPage":{"@id":"https:\/\/cablepullingmachines.com\/es\/?page_id=4751#primaryimage"},"image":{"@id":"https:\/\/cablepullingmachines.com\/es\/?page_id=4751#primaryimage"},"thumbnailUrl":"http:\/\/cablepullingmachines.com\/wp-content\/uploads\/2015\/12\/Cable-Roller-Standard-Galvanized.jpg","datePublished":"2024-09-19T12:12:47+00:00","description":"Rodillos para cables y tubos - Cable Pulling Machines Manufacturer","breadcrumb":{"@id":"https:\/\/cablepullingmachines.com\/es\/?page_id=4751#breadcrumb"},"inLanguage":"es","potentialAction":[{"@type":"ReadAction","target":["https:\/\/cablepullingmachines.com\/es\/?page_id=4751"]}]},{"@type":"ImageObject","inLanguage":"es","@id":"https:\/\/cablepullingmachines.com\/es\/?page_id=4751#primaryimage","url":"http:\/\/cablepullingmachines.com\/wp-content\/uploads\/2015\/12\/Cable-Roller-Standard-Galvanized.jpg","contentUrl":"http:\/\/cablepullingmachines.com\/wp-content\/uploads\/2015\/12\/Cable-Roller-Standard-Galvanized.jpg"},{"@type":"BreadcrumbList","@id":"https:\/\/cablepullingmachines.com\/es\/?page_id=4751#breadcrumb","itemListElement":[{"@type":"ListItem","position":1,"name":"Home","item":"https:\/\/cablepullingmachines.com\/es\/a\/"},{"@type":"ListItem","position":2,"name":"Accesorios de tendido de cables","item":"https:\/\/cablepullingmachines.com\/es\/?page_id=4743"},{"@type":"ListItem","position":3,"name":"Rodillos para cables y tubos"}]},{"@type":"WebSite","@id":"https:\/\/cablepullingmachines.com\/#website","url":"https:\/\/cablepullingmachines.com\/","name":"Cable Pulling Machines and Cable Drum Trailers","description":"Cable Pulling Machines, Winches, Cable Drum Trailers","publisher":{"@id":"https:\/\/cablepullingmachines.com\/#organization"},"alternateName":"Cable Drum Trailers Manufacturer","potentialAction":[{"@type":"SearchAction","target":{"@type":"EntryPoint","urlTemplate":"https:\/\/cablepullingmachines.com\/?s={search_term_string}"},"query-input":{"@type":"PropertyValueSpecification","valueRequired":true,"valueName":"search_term_string"}}],"inLanguage":"es"},{"@type":"Organization","@id":"https:\/\/cablepullingmachines.com\/#organization","name":"Allame Makina Ltd Sti","alternateName":"Cable Drum Trailers Manufacturer","url":"https:\/\/cablepullingmachines.com\/","logo":{"@type":"ImageObject","inLanguage":"es","@id":"https:\/\/cablepullingmachines.com\/#\/schema\/logo\/image\/","url":"https:\/\/cablepullingmachines.com\/wp-content\/uploads\/2015\/10\/logo.jpg","contentUrl":"https:\/\/cablepullingmachines.com\/wp-content\/uploads\/2015\/10\/logo.jpg","width":300,"height":140,"caption":"Allame Makina Ltd Sti"},"image":{"@id":"https:\/\/cablepullingmachines.com\/#\/schema\/logo\/image\/"},"sameAs":["https:\/\/www.facebook.com\/cablepullingmachines","https:\/\/www.linkedin.com\/company\/cablepullingmachines","https:\/\/www.youtube.com\/@CablePullingMachines","https:\/\/www.instagram.com\/cablepullingmachines"],"description":"Cable laying products manufacturer from Turkiye. Cable Pulling Machines and Cable Drum Trailers Producer.","email":"erkangok@allame.net","telephone":"+905337789941","legalName":"SKYPULLTECH","foundingDate":"1999-02-12","vatID":"0550635748","iso6523Code":"1555ALL2025","numberOfEmployees":{"@type":"QuantitativeValue","minValue":"11","maxValue":"50"}}]}},"amp_enabled":true,"_links":{"self":[{"href":"https:\/\/cablepullingmachines.com\/es\/wp-json\/wp\/v2\/pages\/4751","targetHints":{"allow":["GET"]}}],"collection":[{"href":"https:\/\/cablepullingmachines.com\/es\/wp-json\/wp\/v2\/pages"}],"about":[{"href":"https:\/\/cablepullingmachines.com\/es\/wp-json\/wp\/v2\/types\/page"}],"author":[{"embeddable":true,"href":"https:\/\/cablepullingmachines.com\/es\/wp-json\/wp\/v2\/users\/1"}],"replies":[{"embeddable":true,"href":"https:\/\/cablepullingmachines.com\/es\/wp-json\/wp\/v2\/comments?post=4751"}],"version-history":[{"count":0,"href":"https:\/\/cablepullingmachines.com\/es\/wp-json\/wp\/v2\/pages\/4751\/revisions"}],"up":[{"embeddable":true,"href":"https:\/\/cablepullingmachines.com\/es\/wp-json\/wp\/v2\/pages\/4743"}],"wp:attachment":[{"href":"https:\/\/cablepullingmachines.com\/es\/wp-json\/wp\/v2\/media?parent=4751"}],"curies":[{"name":"wp","href":"https:\/\/api.w.org\/{rel}","templated":true}]}}