{"id":4710,"date":"2024-09-19T12:12:33","date_gmt":"2024-09-19T12:12:33","guid":{"rendered":"https:\/\/cablepullingmachines.com\/sobre-nosotros\/"},"modified":"2024-09-19T12:12:33","modified_gmt":"2024-09-19T12:12:33","slug":"sobre-nosotros","status":"publish","type":"page","link":"https:\/\/cablepullingmachines.com\/es\/sobre-nosotros\/","title":{"rendered":"Sobre nosotros"},"content":{"rendered":"<h1><strong>Las mejores m\u00e1quinas de tracci\u00f3n por cable del sector<\/strong><\/h1>\n<p><em>Las m\u00e1quinas de tracci\u00f3n por cable constan de una variedad de accesorios de tracci\u00f3n por cable, as\u00ed como de rodillos de tambor de cable, m\u00e1quinas y una serie de otras m\u00e1quinas que ayudan a que el trabajo fluya sin problemas.<br \/>\nAqu\u00ed hablaremos de los cabrestantes de tracci\u00f3n por cable y de sus innumerables caracter\u00edsticas, especificaciones y ventajas.   <\/em><\/p>\n<p><strong>Fiable y eficaz<\/strong> Una m\u00e1quina de tracci\u00f3n por cable funciona con un motor accionado por gas\u00f3leo y consta de un tambor de almacenamiento equipado con cables met\u00e1licos antigiratorios.<br \/>\nPuede ser manejada por una sola persona con la ayuda de rodillos, pivotes y calcetines de tracci\u00f3n.<br \/>\nTodos los componentes son de fabricaci\u00f3n propia y garantizan la mejor calidad para los clientes. <em>las m\u00e1quinas<\/em> de tracci\u00f3n de <em>cables<\/em> est\u00e1n acabadas con pinturas est\u00e1ndar o galvanizadas y con recubrimiento de polvo. <figure id=\"attachment_514\" aria-describedby=\"caption-attachment-514\" style=\"width: 1000px\" class=\"wp-caption aligncenter\"><a href=\"http:\/\/cablepullingmachines.com\/wp-content\/uploads\/2015\/07\/cable-pulling-machines-made-in-turkey.jpg\"><img decoding=\"async\" class=\"wp-image-514 size-full lazyload\" data-src=\"http:\/\/cablepullingmachines.com\/wp-content\/uploads\/2015\/07\/cable-pulling-machines-made-in-turkey.jpg\" alt=\"\u00a1fabricante de m\u00e1quinas de tracci\u00f3n por cable!\" width=\"1000\" height=\"750\" data-srcset=\"https:\/\/cablepullingmachines.com\/wp-content\/uploads\/2015\/07\/cable-pulling-machines-made-in-turkey.jpg 1000w, https:\/\/cablepullingmachines.com\/wp-content\/uploads\/2015\/07\/cable-pulling-machines-made-in-turkey-300x225.jpg 300w, https:\/\/cablepullingmachines.com\/wp-content\/uploads\/2015\/07\/cable-pulling-machines-made-in-turkey-768x576.jpg 768w, https:\/\/cablepullingmachines.com\/wp-content\/uploads\/2015\/07\/cable-pulling-machines-made-in-turkey-705x529.jpg 705w, https:\/\/cablepullingmachines.com\/wp-content\/uploads\/2015\/07\/cable-pulling-machines-made-in-turkey-450x338.jpg 450w\" data-sizes=\"(max-width: 1000px) 100vw, 1000px\" src=\"data:image\/svg+xml;base64,PHN2ZyB3aWR0aD0iMSIgaGVpZ2h0PSIxIiB4bWxucz0iaHR0cDovL3d3dy53My5vcmcvMjAwMC9zdmciPjwvc3ZnPg==\" style=\"--smush-placeholder-width: 1000px; --smush-placeholder-aspect-ratio: 1000\/750;\" \/><\/a><figcaption id=\"caption-attachment-514\" class=\"wp-caption-text\">m\u00e1quinas de tracci\u00f3n de cables fabricadas en<\/figcaption><\/figure><strong>turqu\u00edaEspecificaciones t\u00e9cnicas<\/strong> Hay varios tipos de cabrestante de tracci\u00f3n de cables con diversas especificaciones, entre las que se encuentra un motor anfibio de 6,6 CV y un sistema de engranajes planetarios de 3 etapas, completamente impermeable, un solenoide de 500 AMP de \u00faltima generaci\u00f3n y que puede tirar de cualquier tipo de cable, ya sea un cable pesado de cobre aislado o un cable de fibra ligera.<br \/>\nPuedes elegir entre un surtido de m\u00e1quinas de tracci\u00f3n de cables para instalar cables de alimentaci\u00f3n para tirar de cables de alta tensi\u00f3n.<br \/>\nTodas las unidades est\u00e1n implementadas y dise\u00f1adas seg\u00fan un m\u00e9todo particular.<br \/>\nTodos los cabrestantes son resistentes, duraderos y de larga duraci\u00f3n, y constan de motores pesados que son fuertes y pueden tirar de bastante carga.<br \/>\nTodas las m\u00e1quinas de tracci\u00f3n por cable est\u00e1n equipadas con consolas para que el operario pueda ver la fuerza que se aplica al tirar de los cables. <strong>Las m\u00e1quinas de tracci\u00f3n por cable<\/strong> pueden ser el\u00e9ctricas o di\u00e9sel.<br \/>\nTienen diferentes velocidades de tracci\u00f3n seg\u00fan las necesidades y pueden tirar en ambas direcciones.<br \/>\nTodos los cabrestantes se construyen con la ayuda de luces y reflectores, guardabarros, rueda jockey abatible y protegidos por un toldo.<br \/>\nElige entre un surtido de cabrestantes para todo tipo de aplicaciones.<br \/>\nNuestras <strong>m\u00e1quinas de tracci\u00f3n por cable<\/strong> son f\u00e1ciles de usar, seguras y de mantenimiento sencillo.<br \/>\nDisponemos de cabrestantes especiales de renovaci\u00f3n de tuber\u00edas para tracci\u00f3n de gran fuerza. <strong>Por qu\u00e9 deber\u00edas elegir nuestros servicios<\/strong> Contamos con personal bien formado, que conoce bien su trabajo.<br \/>\nPrestan a todos sus clientes una atenci\u00f3n individualizada y prioritaria y, en caso de aver\u00eda, son los primeros en acudir a ti.<br \/>\nProporcionamos algunos de los mejores cabrestantes de tracci\u00f3n por cable que pueden preajustarse tan r\u00e1pido como se instalen para que no sobrepasen la tensi\u00f3n al tirar de los cables.<br \/>\nNuestras <strong>m\u00e1quinas<\/strong> de <strong>tracci\u00f3n de cables<\/strong> se han dise\u00f1ado de forma cient\u00edfica para que puedan tirar tanto de fibras delicadas como de pesados cables de cobre.<br \/>\nEl cabrestante de <em>las m\u00e1quinas de tracci\u00f3n de cables<\/em> es una gran soluci\u00f3n para instalar cables largos en lugares remotos.<br \/>\nProporcionamos una longitud de tiro ilimitada, as\u00ed como la posibilidad de elegir la velocidad de la polea.<br \/>\nSon compactos y ligeros, y tambi\u00e9n se pueden transportar largas distancias.<br \/>\nTambi\u00e9n disponen de t\u00e9cnicas de rotaci\u00f3n inversa para controlar la liberaci\u00f3n de cargas pesadas.<br \/>\nAllame MAKINA                   <\/p>\n","protected":false},"excerpt":{"rendered":"<p>Las mejores m\u00e1quinas de tracci\u00f3n por cable del sector Las m\u00e1quinas de tracci\u00f3n por cable constan de una variedad de accesorios de tracci\u00f3n por cable, as\u00ed como de rodillos de tambor de cable, m\u00e1quinas y una serie de otras m\u00e1quinas que ayudan a que el trabajo fluya sin problemas. Aqu\u00ed hablaremos de los cabrestantes de<\/p>\n","protected":false},"author":1,"featured_media":4154,"parent":0,"menu_order":0,"comment_status":"closed","ping_status":"closed","template":"","meta":{"_joinchat":[],"footnotes":""},"class_list":["post-4710","page","type-page","status-publish","has-post-thumbnail","hentry"],"yoast_head":"<!-- This site is optimized with the Yoast SEO Premium plugin v27.5 (Yoast SEO v27.5) - https:\/\/yoast.com\/product\/yoast-seo-premium-wordpress\/ -->\n<title>Sobre nosotros - Cable Pulling Machines Manufacturer<\/title>\n<meta name=\"description\" content=\"Sobre nosotros - Cable Pulling Machines Manufacturer\" \/>\n<meta name=\"robots\" content=\"index, follow, max-snippet:-1, max-image-preview:large, max-video-preview:-1\" \/>\n<link rel=\"canonical\" href=\"https:\/\/cablepullingmachines.com\/es\/?page_id=4710\" \/>\n<meta property=\"og:locale\" content=\"es_ES\" \/>\n<meta property=\"og:type\" content=\"article\" \/>\n<meta property=\"og:title\" content=\"Sobre nosotros\" \/>\n<meta property=\"og:description\" content=\"Sobre nosotros - Cable Pulling Machines Manufacturer\" \/>\n<meta property=\"og:url\" content=\"https:\/\/cablepullingmachines.com\/es\/?page_id=4710\" \/>\n<meta property=\"og:site_name\" content=\"Cable Pulling Machines Manufacturer\" \/>\n<meta property=\"article:publisher\" content=\"https:\/\/www.facebook.com\/cablepullingmachines\" \/>\n<meta property=\"og:image\" content=\"https:\/\/i0.wp.com\/cablepullingmachines.com\/wp-content\/uploads\/2016\/11\/Cable-Pulling-Winches-Manufacturer-Turkey-6.png?fit=1000%2C563&ssl=1\" \/>\n\t<meta property=\"og:image:width\" content=\"1000\" \/>\n\t<meta property=\"og:image:height\" content=\"563\" \/>\n\t<meta property=\"og:image:type\" content=\"image\/png\" \/>\n<meta name=\"twitter:card\" content=\"summary_large_image\" \/>\n<meta name=\"twitter:label1\" content=\"Tiempo de lectura\" \/>\n\t<meta name=\"twitter:data1\" content=\"3 minutos\" \/>\n<script type=\"application\/ld+json\" class=\"yoast-schema-graph\">{\"@context\":\"https:\\\/\\\/schema.org\",\"@graph\":[{\"@type\":\"WebPage\",\"@id\":\"https:\\\/\\\/cablepullingmachines.com\\\/es\\\/?page_id=4710\",\"url\":\"https:\\\/\\\/cablepullingmachines.com\\\/es\\\/?page_id=4710\",\"name\":\"Sobre nosotros - Cable Pulling Machines Manufacturer\",\"isPartOf\":{\"@id\":\"https:\\\/\\\/cablepullingmachines.com\\\/#website\"},\"primaryImageOfPage\":{\"@id\":\"https:\\\/\\\/cablepullingmachines.com\\\/es\\\/?page_id=4710#primaryimage\"},\"image\":{\"@id\":\"https:\\\/\\\/cablepullingmachines.com\\\/es\\\/?page_id=4710#primaryimage\"},\"thumbnailUrl\":\"https:\\\/\\\/cablepullingmachines.com\\\/wp-content\\\/uploads\\\/2016\\\/11\\\/Cable-Pulling-Winches-Manufacturer-Turkey-6.png\",\"datePublished\":\"2024-09-19T12:12:33+00:00\",\"description\":\"Sobre nosotros - Cable Pulling Machines Manufacturer\",\"breadcrumb\":{\"@id\":\"https:\\\/\\\/cablepullingmachines.com\\\/es\\\/?page_id=4710#breadcrumb\"},\"inLanguage\":\"es\",\"potentialAction\":[{\"@type\":\"ReadAction\",\"target\":[\"https:\\\/\\\/cablepullingmachines.com\\\/es\\\/?page_id=4710\"]}]},{\"@type\":\"ImageObject\",\"inLanguage\":\"es\",\"@id\":\"https:\\\/\\\/cablepullingmachines.com\\\/es\\\/?page_id=4710#primaryimage\",\"url\":\"https:\\\/\\\/cablepullingmachines.com\\\/wp-content\\\/uploads\\\/2016\\\/11\\\/Cable-Pulling-Winches-Manufacturer-Turkey-6.png\",\"contentUrl\":\"https:\\\/\\\/cablepullingmachines.com\\\/wp-content\\\/uploads\\\/2016\\\/11\\\/Cable-Pulling-Winches-Manufacturer-Turkey-6.png\",\"width\":1000,\"height\":563,\"caption\":\"Cable Pulling Winches Covered Version\"},{\"@type\":\"BreadcrumbList\",\"@id\":\"https:\\\/\\\/cablepullingmachines.com\\\/es\\\/?page_id=4710#breadcrumb\",\"itemListElement\":[{\"@type\":\"ListItem\",\"position\":1,\"name\":\"Home\",\"item\":\"https:\\\/\\\/cablepullingmachines.com\\\/es\\\/a\\\/\"},{\"@type\":\"ListItem\",\"position\":2,\"name\":\"Sobre nosotros\"}]},{\"@type\":\"WebSite\",\"@id\":\"https:\\\/\\\/cablepullingmachines.com\\\/#website\",\"url\":\"https:\\\/\\\/cablepullingmachines.com\\\/\",\"name\":\"Cable Pulling Machines and Cable Drum Trailers\",\"description\":\"Cable Pulling Machines, Winches, Cable Drum Trailers\",\"publisher\":{\"@id\":\"https:\\\/\\\/cablepullingmachines.com\\\/#organization\"},\"alternateName\":\"Cable Drum Trailers Manufacturer\",\"potentialAction\":[{\"@type\":\"SearchAction\",\"target\":{\"@type\":\"EntryPoint\",\"urlTemplate\":\"https:\\\/\\\/cablepullingmachines.com\\\/?s={search_term_string}\"},\"query-input\":{\"@type\":\"PropertyValueSpecification\",\"valueRequired\":true,\"valueName\":\"search_term_string\"}}],\"inLanguage\":\"es\"},{\"@type\":\"Organization\",\"@id\":\"https:\\\/\\\/cablepullingmachines.com\\\/#organization\",\"name\":\"Allame Makina Ltd Sti\",\"alternateName\":\"Cable Drum Trailers Manufacturer\",\"url\":\"https:\\\/\\\/cablepullingmachines.com\\\/\",\"logo\":{\"@type\":\"ImageObject\",\"inLanguage\":\"es\",\"@id\":\"https:\\\/\\\/cablepullingmachines.com\\\/#\\\/schema\\\/logo\\\/image\\\/\",\"url\":\"https:\\\/\\\/cablepullingmachines.com\\\/wp-content\\\/uploads\\\/2015\\\/10\\\/logo.jpg\",\"contentUrl\":\"https:\\\/\\\/cablepullingmachines.com\\\/wp-content\\\/uploads\\\/2015\\\/10\\\/logo.jpg\",\"width\":300,\"height\":140,\"caption\":\"Allame Makina Ltd Sti\"},\"image\":{\"@id\":\"https:\\\/\\\/cablepullingmachines.com\\\/#\\\/schema\\\/logo\\\/image\\\/\"},\"sameAs\":[\"https:\\\/\\\/www.facebook.com\\\/cablepullingmachines\",\"https:\\\/\\\/www.linkedin.com\\\/company\\\/cablepullingmachines\",\"https:\\\/\\\/www.youtube.com\\\/@CablePullingMachines\",\"https:\\\/\\\/www.instagram.com\\\/cablepullingmachines\"],\"description\":\"Cable laying products manufacturer from Turkiye. Cable Pulling Machines and Cable Drum Trailers Producer.\",\"email\":\"erkangok@allame.net\",\"telephone\":\"+905337789941\",\"legalName\":\"SKYPULLTECH\",\"foundingDate\":\"1999-02-12\",\"vatID\":\"0550635748\",\"iso6523Code\":\"1555ALL2025\",\"numberOfEmployees\":{\"@type\":\"QuantitativeValue\",\"minValue\":\"11\",\"maxValue\":\"50\"}}]}<\/script>\n<!-- \/ Yoast SEO Premium plugin. -->","yoast_head_json":{"title":"Sobre nosotros - Cable Pulling Machines Manufacturer","description":"Sobre nosotros - Cable Pulling Machines Manufacturer","robots":{"index":"index","follow":"follow","max-snippet":"max-snippet:-1","max-image-preview":"max-image-preview:large","max-video-preview":"max-video-preview:-1"},"canonical":"https:\/\/cablepullingmachines.com\/es\/?page_id=4710","og_locale":"es_ES","og_type":"article","og_title":"Sobre nosotros","og_description":"Sobre nosotros - Cable Pulling Machines Manufacturer","og_url":"https:\/\/cablepullingmachines.com\/es\/?page_id=4710","og_site_name":"Cable Pulling Machines Manufacturer","article_publisher":"https:\/\/www.facebook.com\/cablepullingmachines","og_image":[{"width":1000,"height":563,"url":"https:\/\/i0.wp.com\/cablepullingmachines.com\/wp-content\/uploads\/2016\/11\/Cable-Pulling-Winches-Manufacturer-Turkey-6.png?fit=1000%2C563&ssl=1","type":"image\/png"}],"twitter_card":"summary_large_image","twitter_misc":{"Tiempo de lectura":"3 minutos"},"schema":{"@context":"https:\/\/schema.org","@graph":[{"@type":"WebPage","@id":"https:\/\/cablepullingmachines.com\/es\/?page_id=4710","url":"https:\/\/cablepullingmachines.com\/es\/?page_id=4710","name":"Sobre nosotros - Cable Pulling Machines Manufacturer","isPartOf":{"@id":"https:\/\/cablepullingmachines.com\/#website"},"primaryImageOfPage":{"@id":"https:\/\/cablepullingmachines.com\/es\/?page_id=4710#primaryimage"},"image":{"@id":"https:\/\/cablepullingmachines.com\/es\/?page_id=4710#primaryimage"},"thumbnailUrl":"https:\/\/cablepullingmachines.com\/wp-content\/uploads\/2016\/11\/Cable-Pulling-Winches-Manufacturer-Turkey-6.png","datePublished":"2024-09-19T12:12:33+00:00","description":"Sobre nosotros - Cable Pulling Machines Manufacturer","breadcrumb":{"@id":"https:\/\/cablepullingmachines.com\/es\/?page_id=4710#breadcrumb"},"inLanguage":"es","potentialAction":[{"@type":"ReadAction","target":["https:\/\/cablepullingmachines.com\/es\/?page_id=4710"]}]},{"@type":"ImageObject","inLanguage":"es","@id":"https:\/\/cablepullingmachines.com\/es\/?page_id=4710#primaryimage","url":"https:\/\/cablepullingmachines.com\/wp-content\/uploads\/2016\/11\/Cable-Pulling-Winches-Manufacturer-Turkey-6.png","contentUrl":"https:\/\/cablepullingmachines.com\/wp-content\/uploads\/2016\/11\/Cable-Pulling-Winches-Manufacturer-Turkey-6.png","width":1000,"height":563,"caption":"Cable Pulling Winches Covered Version"},{"@type":"BreadcrumbList","@id":"https:\/\/cablepullingmachines.com\/es\/?page_id=4710#breadcrumb","itemListElement":[{"@type":"ListItem","position":1,"name":"Home","item":"https:\/\/cablepullingmachines.com\/es\/a\/"},{"@type":"ListItem","position":2,"name":"Sobre nosotros"}]},{"@type":"WebSite","@id":"https:\/\/cablepullingmachines.com\/#website","url":"https:\/\/cablepullingmachines.com\/","name":"Cable Pulling Machines and Cable Drum Trailers","description":"Cable Pulling Machines, Winches, Cable Drum Trailers","publisher":{"@id":"https:\/\/cablepullingmachines.com\/#organization"},"alternateName":"Cable Drum Trailers Manufacturer","potentialAction":[{"@type":"SearchAction","target":{"@type":"EntryPoint","urlTemplate":"https:\/\/cablepullingmachines.com\/?s={search_term_string}"},"query-input":{"@type":"PropertyValueSpecification","valueRequired":true,"valueName":"search_term_string"}}],"inLanguage":"es"},{"@type":"Organization","@id":"https:\/\/cablepullingmachines.com\/#organization","name":"Allame Makina Ltd Sti","alternateName":"Cable Drum Trailers Manufacturer","url":"https:\/\/cablepullingmachines.com\/","logo":{"@type":"ImageObject","inLanguage":"es","@id":"https:\/\/cablepullingmachines.com\/#\/schema\/logo\/image\/","url":"https:\/\/cablepullingmachines.com\/wp-content\/uploads\/2015\/10\/logo.jpg","contentUrl":"https:\/\/cablepullingmachines.com\/wp-content\/uploads\/2015\/10\/logo.jpg","width":300,"height":140,"caption":"Allame Makina Ltd Sti"},"image":{"@id":"https:\/\/cablepullingmachines.com\/#\/schema\/logo\/image\/"},"sameAs":["https:\/\/www.facebook.com\/cablepullingmachines","https:\/\/www.linkedin.com\/company\/cablepullingmachines","https:\/\/www.youtube.com\/@CablePullingMachines","https:\/\/www.instagram.com\/cablepullingmachines"],"description":"Cable laying products manufacturer from Turkiye. Cable Pulling Machines and Cable Drum Trailers Producer.","email":"erkangok@allame.net","telephone":"+905337789941","legalName":"SKYPULLTECH","foundingDate":"1999-02-12","vatID":"0550635748","iso6523Code":"1555ALL2025","numberOfEmployees":{"@type":"QuantitativeValue","minValue":"11","maxValue":"50"}}]}},"amp_enabled":true,"_links":{"self":[{"href":"https:\/\/cablepullingmachines.com\/es\/wp-json\/wp\/v2\/pages\/4710","targetHints":{"allow":["GET"]}}],"collection":[{"href":"https:\/\/cablepullingmachines.com\/es\/wp-json\/wp\/v2\/pages"}],"about":[{"href":"https:\/\/cablepullingmachines.com\/es\/wp-json\/wp\/v2\/types\/page"}],"author":[{"embeddable":true,"href":"https:\/\/cablepullingmachines.com\/es\/wp-json\/wp\/v2\/users\/1"}],"replies":[{"embeddable":true,"href":"https:\/\/cablepullingmachines.com\/es\/wp-json\/wp\/v2\/comments?post=4710"}],"version-history":[{"count":0,"href":"https:\/\/cablepullingmachines.com\/es\/wp-json\/wp\/v2\/pages\/4710\/revisions"}],"wp:featuredmedia":[{"embeddable":true,"href":"https:\/\/cablepullingmachines.com\/es\/wp-json\/wp\/v2\/media\/4154"}],"wp:attachment":[{"href":"https:\/\/cablepullingmachines.com\/es\/wp-json\/wp\/v2\/media?parent=4710"}],"curies":[{"name":"wp","href":"https:\/\/api.w.org\/{rel}","templated":true}]}}