{"id":4643,"date":"2024-09-19T12:12:07","date_gmt":"2024-09-19T12:12:07","guid":{"rendered":"https:\/\/cablepullingmachines.com\/remolques-de-cable-hidraulico-4ton\/"},"modified":"2024-09-19T17:44:49","modified_gmt":"2024-09-19T17:44:49","slug":"remolques-de-cable-hidraulico-4ton","status":"publish","type":"page","link":"https:\/\/cablepullingmachines.com\/es\/remolques-de-cable\/remolques-de-tambor-de-cable-hidraulico\/remolques-de-cable-hidraulico-4ton\/","title":{"rendered":"Remolques de Cable Hidr\u00e1ulico 4TON"},"content":{"rendered":"<p>[av_textblock size=&#8221; font_color=&#8221; color=&#8221; av_uid=&#8217;av-77x4nl&#8217;]<\/p>\n<h2><\/h2>\n<h3><\/h3>\n<p>[\/av_textblock]<\/p>\n<p>[av_image src=&#8217;http:\/\/cablepullingmachines.com\/wp-content\/uploads\/2015\/12\/Cable-Drum-Trailers-4-Tons.jpg&#8217; attachment=&#8217;1884&#8242; attachment_size=&#8217;full&#8217; align=&#8217;center&#8217; styling=&#8221; hover=&#8221; link=&#8221; target=&#8221; caption=&#8221; font_size=&#8221; appearance=&#8221; overlay_opacity=&#8217;0.4&#8242; overlay_color=&#8217;#000000&#8242; overlay_text_color=&#8217;#ffffff&#8217; animation=&#8217;no-animation&#8217; av_uid=&#8217;av-722yap&#8217;][\/av_image]<\/p>\n<p>[av_heading tag=&#8217;h2&#8242; padding=&#8217;10&#8217; heading=&#8217;REMOLQUES HIDR\u00c1ULICOS DE CABLE DE 4 TONELADAS&#8217; color=&#8221; style=&#8221; custom_font=&#8221; size=&#8221; subheading_active=&#8221; subheading_size=&#8217;15&#8217; custom_class=&#8221; admin_preview_bg=&#8221; av-desktop-hide=&#8221; av-medium-hide=&#8221; av-small-hide=&#8221; av-mini-hide=&#8221; av-medium-font-size-title=&#8221; av-small-font-size-title=&#8221; av-mini-font-size-title=&#8221; av-medium-font-size=&#8221; av-small-font-size=&#8221; av-mini-font-size=&#8221; av_uid=&#8217;av-6x5fv5&#8242;][\/av_heading]<\/p>\n<p>[av_textblock size=&#8221; font_color=&#8221; color=&#8221; av_uid=&#8217;av-6q1hcx&#8217;]<br \/>\n<strong>Para qu\u00e9 sirven los remolques<\/strong><strong>hidr\u00e1ulicos<\/strong><strong>de<\/strong><em>tambor<\/em><strong>de cableSi<\/strong><em>buscas algunos de los mejores remolques hidr\u00e1ulicos de tambor de cable a precios asequibles y con la mejor calidad, tu \u00fanica opci\u00f3n son las m\u00e1quinas de tracci\u00f3n por cable, que son fiables, seguras y asequibles.<\/em> Hay muchas razones por las que un remolque de tambor de cable hidr\u00e1ulico tiene tanta demanda.<br \/>\nSe manejan con una sola mano y pueden levantar cargas pesadas y transportar mercanc\u00edas de un lugar a otro de forma muy fluida y sin ning\u00fan tipo de accidentes.<br \/>\nDispone de pasadores de fuga que controlan la elevaci\u00f3n en caso de fallo repentino del sistema hidr\u00e1ulico, aunque esto no suele ser habitual. <strong>Especificaciones de un<\/strong><strong>remolque <\/strong> <strong>hidr\u00e1ulico<\/strong> de tambor de <strong>cableLos<\/strong> remolques hidr\u00e1ulicos de tambor de cable tienen una bomba manual hidr\u00e1ulica de doble acci\u00f3n con un bloqueo mec\u00e1nico de seguridad.<br \/>\nNo necesitan lubricaci\u00f3n, ya que son del tipo de brazo de arrastre con subejes.<br \/>\nTodos los modelos de <strong>remolque hidr\u00e1ulico<\/strong> de tambor de <strong>cable<\/strong> tienen frenos hidr\u00e1ulicos y frenos de estacionamiento en todos los ejes. Los remolques disponen de sistemas completos de iluminaci\u00f3n de acuerdo con las normas internacionales.<br \/>\nEst\u00e1n equipados con sistemas de frenado e iluminaci\u00f3n de carretera, y est\u00e1n dise\u00f1ados para transportar cargas pesadas y viajar a cierta velocidad. Los remolques est\u00e1n equipados con una bomba hidr\u00e1ulica manual que hace que viajar sea seguro en carreteras lisas.<br \/>\nAl mismo tiempo, disponen de un mecanismo de bloqueo que ayuda a sujetar los tambores de forma segura y eficaz.No es necesario ning\u00fan esfuerzo especial para subir los tambores de cable, ya que el sistema hidr\u00e1ulico se encarga de ello.Es un esfuerzo de una sola persona y no requiere otras manos.Todos los remolques tienen un sistema de cableado el\u00e9ctrico que se ha ocultado con tubos de hierro flexibles para que garantice la seguridad y una larga vida.Tambi\u00e9n disponen de un tubo de acero sin soldadura para que el fluido hidr\u00e1ulico soporte todo tipo de presiones.<br \/>\n<strong>Los<\/strong> remolques hidr\u00e1ulicos de tambor de cable pueden ser remolcados f\u00e1cilmente por un tractor, un jeep o un tempo, dependiendo de la carga del tambor de cable.<br \/>\nTambi\u00e9n pueden ser arrastrados manualmente con facilidad por unos 5-6 trabajadores cargados en el tambor de cable.Tambi\u00e9n son muy eficaces y manejables.<br \/>\nPara m\u00e1s informaci\u00f3n, <a href=\"http:\/\/cablepullingmachines.com\/contact-page\/\">ponte en contacto con nosotros<\/a>.          <\/p>\n<h5>Fotos detalladas a continuaci\u00f3n;<\/h5>\n<p>[\/av_textblock]<\/p>\n<p>[av_hr class=&#8217;invisible&#8217; height=&#8217;10&#8217; shadow=&#8217;no-shadow&#8217; position=&#8217;center&#8217; custom_border=&#8217;av-border-thin&#8217; custom_width=&#8217;50px&#8217; custom_border_color=&#8221; custom_margin_top=&#8217;30px&#8217; custom_margin_bottom=&#8217;30px&#8217; icon_select=&#8217;yes&#8217; custom_icon_color=&#8221; icon=&#8217;ue808&#8242; font=&#8217;entypo-fontello&#8217; av_uid=&#8217;av-6iumop&#8217;]<\/p>\n<p>[av_gallery ids=&#8217;2052,2053,2054,2055,2056,2057,2058,2059,2060&#8242; style=&#8217;thumbnails&#8217; preview_size=&#8217;portfolio&#8217; crop_big_preview_thumbnail=&#8217;avia-gallery-big-crop-thumb&#8217; thumb_size=&#8217;medium&#8217; columns=&#8217;5&#8242; imagelink=&#8217;lightbox&#8217; lazyload=&#8217;avia_lazyload&#8217; admin_preview_bg=&#8221; av_uid=&#8217;av-6eqi4h&#8217;]<\/p>\n<p>[av_hr class=&#8217;short&#8217; height=&#8217;50&#8217; shadow=&#8217;no-shadow&#8217; position=&#8217;center&#8217; custom_border=&#8217;av-border-thin&#8217; custom_width=&#8217;50px&#8217; custom_border_color=&#8221; custom_margin_top=&#8217;30px&#8217; custom_margin_bottom=&#8217;30px&#8217; icon_select=&#8217;yes&#8217; custom_icon_color=&#8221; icon=&#8217;ue808&#8242; font=&#8217;entypo-fontello&#8217; av_uid=&#8217;av-69c3o1&#8242;]<\/p>\n<p>[av_heading tag=&#8217;h2&#8242; padding=&#8217;3&#8242; heading=&#8217;Especificaciones&#8217; color=&#8221; style=&#8217;blockquote modern-quote modern-centered&#8217; custom_font=&#8221; size=&#8221; subheading_active=&#8221; subheading_size=&#8217;15&#8217; custom_class=&#8221; admin_preview_bg=&#8221; av-desktop-hide=&#8221; av-medium-hide=&#8221; av-small-hide=&#8221; av-mini-hide=&#8221; av-medium-font-size-title=&#8221; av-small-font-size-title=&#8221; av-mini-font-size-title=&#8221; av-medium-font-size=&#8221; av-small-font-size=&#8221; av-mini-font-size=&#8221; av_uid=&#8217;av-626n5d&#8217;][\/av_heading]<\/p>\n<p>[av_table purpose=&#8217;tabular&#8217; pricing_table_design=&#8217;avia_pricing_default&#8217; pricing_hidden_cells=&#8221; caption=&#8217;Especificaciones&#8217; responsive_styling=&#8217;avia_responsive_table&#8217; av_uid=&#8217;av-5ujtmp&#8217;]<br \/>\n[av_row row_style=&#8221; av_uid=&#8217;av-5o6p69&#8242;][av_cell col_style=&#8221; av_uid=&#8217;av-5j4jax&#8217;]Longitud (mm)<br \/>\n[\/av_cell][av_cell col_style=&#8221; av_uid=&#8217;av-5bufch&#8217;]3900<br \/>\n[\/av_cell][\/av_row]<br \/>\n[av_row row_style=&#8221; av_uid=&#8217;av-ipwz5&#8242;][av_cell col_style=&#8221; av_uid=&#8217;av-4zcn7t&#8217;]Anchura (mm)<br \/>\n[\/av_cell][av_cell col_style=&#8221; av_uid=&#8217;av-4wcon5&#8242;]2500<br \/>\n[\/av_cell][\/av_row]<br \/>\n[av_row row_style=&#8221; av_uid=&#8217;av-4pfzpl&#8217;][av_cell col_style=&#8221; av_uid=&#8217;av-4me2x5&#8242;]Altura (mm)<br \/>\n[\/av_cell][av_cell col_style=&#8221; av_uid=&#8217;av-4btj2p&#8217;]1900<br \/>\n[\/av_cell][\/av_row]<br \/>\n[av_row row_style=&#8221; av_uid=&#8217;av-486z89&#8242;][av_cell col_style=&#8221; av_uid=&#8217;av-41l5i1&#8242;]Peso en vac\u00edo (kg)<br \/>\n[\/av_cell][av_cell col_style=&#8221; av_uid=&#8217;av-e3549&#8242;]800<br \/>\n[\/av_cell][\/av_row]<br \/>\n[av_row row_style=&#8221; av_uid=&#8217;av-3pydvt&#8217;][av_cell col_style=&#8221; av_uid=&#8217;av-clx81&#8242;]Carga \u00fatil (kg)<br \/>\n[\/av_cell][av_cell col_style=&#8221; av_uid=&#8217;av-3g3vjd&#8217;]4000<br \/>\n[\/av_cell][\/av_row]<br \/>\n[av_row row_style=&#8221; av_uid=&#8217;av-3ah8s9&#8242;][av_cell col_style=&#8221; av_uid=&#8217;av-338i7l&#8217;]Peso total (kg)<br \/>\n[\/av_cell][av_cell col_style=&#8221; av_uid=&#8217;av-2xvy41&#8242;]4800<br \/>\n[\/av_cell][\/av_row]<br \/>\n[av_row row_style=&#8221; av_uid=&#8217;av-2pm1kp&#8217;][av_cell col_style=&#8221; av_uid=&#8217;av-2ivb5d&#8217;]Freno<br \/>\n[\/av_cell][av_cell col_style=&#8221; av_uid=&#8217;av-2dvwtd&#8217;]rebasamiento<br \/>\n[\/av_cell][\/av_row]<br \/>\n[av_row row_style=&#8221; av_uid=&#8217;av-28qgw1&#8242;][av_cell col_style=&#8221; av_uid=&#8217;av-23e61t&#8217;]m\u00e1x.<br \/>\n\u00d8 tambor<br \/>\n(mm)<br \/>\n[\/av_cell][av_cell col_style=&#8221; av_uid=&#8217;av-1wa7jl&#8217;]2800<br \/>\n[\/av_cell][\/av_row]<br \/>\n[av_row row_style=&#8221; av_uid=&#8217;av-1robbl&#8217;][av_cell col_style=&#8221; av_uid=&#8217;av-1kbafd&#8217;]Anchura libre de carga (mm)<br \/>\n[\/av_cell][av_cell col_style=&#8221; av_uid=&#8217;av-1exgsx&#8217;]1600<br \/>\n[\/av_cell][\/av_row]<br \/>\n[av_row row_style=&#8221; av_uid=&#8217;av-1abwxd&#8217;][av_cell col_style=&#8221; av_uid=&#8217;av-11rhj5&#8242;]Tama\u00f1o de los neum\u00e1ticos[\/av_cell][av_cell col_style=&#8221; av_uid=&#8217;av-vaiyh&#8217;]11,5x80x 15[\/av_cell][\/av_row]<br \/>\n[\/av_table]<\/p>\n<p>[av_hr class=&#8217;short&#8217; height=&#8217;50&#8217; shadow=&#8217;no-shadow&#8217; position=&#8217;center&#8217; custom_border=&#8217;av-border-thin&#8217; custom_width=&#8217;50px&#8217; custom_border_color=&#8221; custom_margin_top=&#8217;30px&#8217; custom_margin_bottom=&#8217;30px&#8217; icon_select=&#8217;yes&#8217; custom_icon_color=&#8221; icon=&#8217;ue808&#8242; font=&#8217;entypo-fontello&#8217; av_uid=&#8217;av-r2qg9&#8242;]<\/p>\n<p>[av_notification title=&#8217;Los mejores equipos de m\u00e1quinas de tracci\u00f3n por cable&#8217; color=&#8217;blue&#8217; border=&#8217;solid&#8217; custom_bg=&#8217;#444444&#8242; custom_font=&#8217;#ffffff&#8217; size=&#8217;large&#8217; icon_select=&#8217;yes&#8217; icon=&#8217;ue84b&#8217; font=&#8217;entypo-fontello&#8217; av_uid=&#8217;av-j5wld&#8217;]<br \/>\nSomos una de las mejores empresas de equipos que dispone de los equipos y accesorios m\u00e1s excelentes para el trabajo en proyectos.<br \/>\nNuestros productos est\u00e1n fabricados con materiales de la m\u00e1xima calidad para que sean resistentes y duraderos. Nuestros remolques hidr\u00e1ulicos para cables tienen una gran variedad de formas y tama\u00f1os y est\u00e1n preparados para soportar cargas pesadas de materiales de cables sint\u00e9ticos y de cobre.<br \/>\n[\/av_notification]<\/p>\n<p>[av_one_full first min_height=&#8221; vertical_alignment=&#8221; space=&#8221; custom_margin=&#8221; margin=&#8217;0px&#8217; padding=&#8217;0px&#8217; border=&#8221; border_color=&#8221; radius=&#8217;0px&#8217; background_color=&#8221; src=&#8221; background_position=&#8217;top left&#8217; background_repeat=&#8217;no-repeat&#8217; animation=&#8221; mobile_display=&#8221; av_uid=&#8217;av-dh4oh&#8217;]<br \/>\n[av_video src=&#8221;&#8221; format=&#8221;16:9&#8243; width=&#8221;16&#8243; height=&#8221;9&#8243; av_uid=&#8221;av-6tb6x&#8221;]<br \/>\n[\/av_one_full]<\/p>\n","protected":false},"excerpt":{"rendered":"<p>[av_textblock size=&#8221; font_color=&#8221; color=&#8221; av_uid=&#8217;av-77x4nl&#8217;] [\/av_textblock] [av_image src=&#8217;http:\/\/cablepullingmachines.com\/wp-content\/uploads\/2015\/12\/Cable-Drum-Trailers-4-Tons.jpg&#8217; attachment=&#8217;1884&#8242; attachment_size=&#8217;full&#8217; align=&#8217;center&#8217; styling=&#8221; hover=&#8221; link=&#8221; target=&#8221; caption=&#8221; font_size=&#8221; appearance=&#8221; overlay_opacity=&#8217;0.4&#8242; overlay_color=&#8217;#000000&#8242; overlay_text_color=&#8217;#ffffff&#8217; animation=&#8217;no-animation&#8217; av_uid=&#8217;av-722yap&#8217;][\/av_image] [av_heading tag=&#8217;h2&#8242; padding=&#8217;10&#8217; heading=&#8217;REMOLQUES HIDR\u00c1ULICOS DE CABLE DE 4 TONELADAS&#8217; color=&#8221; style=&#8221; custom_font=&#8221; size=&#8221; subheading_active=&#8221; subheading_size=&#8217;15&#8217; custom_class=&#8221; admin_preview_bg=&#8221; av-desktop-hide=&#8221; av-medium-hide=&#8221; av-small-hide=&#8221; av-mini-hide=&#8221; av-medium-font-size-title=&#8221; av-small-font-size-title=&#8221; av-mini-font-size-title=&#8221; av-medium-font-size=&#8221; av-small-font-size=&#8221; av-mini-font-size=&#8221; av_uid=&#8217;av-6x5fv5&#8242;][\/av_heading] [av_textblock size=&#8221; font_color=&#8221;<\/p>\n","protected":false},"author":1,"featured_media":5848,"parent":4801,"menu_order":0,"comment_status":"closed","ping_status":"closed","template":"","meta":{"_joinchat":[],"footnotes":""},"class_list":["post-4643","page","type-page","status-publish","has-post-thumbnail","hentry"],"yoast_head":"<!-- This site is optimized with the Yoast SEO Premium plugin v26.8 (Yoast SEO v27.0) - https:\/\/yoast.com\/product\/yoast-seo-premium-wordpress\/ -->\n<title>Remolques de Cable Hidr\u00e1ulico 4TON - Cable Pulling Machines Manufacturer<\/title>\n<meta name=\"description\" content=\"Remolques de Cable Hidr\u00e1ulico 4TON - Cable Pulling Machines Manufacturer\" \/>\n<meta name=\"robots\" content=\"index, follow, max-snippet:-1, max-image-preview:large, max-video-preview:-1\" \/>\n<link rel=\"canonical\" href=\"https:\/\/cablepullingmachines.com\/es\/remolques-de-cable\/remolques-de-tambor-de-cable-hidraulico\/remolques-de-cable-hidraulico-4ton\/\" \/>\n<meta property=\"og:locale\" content=\"es_ES\" \/>\n<meta property=\"og:type\" content=\"article\" \/>\n<meta property=\"og:title\" content=\"Remolques de Cable Hidr\u00e1ulico 4TON\" \/>\n<meta property=\"og:description\" content=\"Remolques de Cable Hidr\u00e1ulico 4TON - Cable Pulling Machines Manufacturer\" \/>\n<meta property=\"og:url\" content=\"https:\/\/cablepullingmachines.com\/es\/remolques-de-cable\/remolques-de-tambor-de-cable-hidraulico\/remolques-de-cable-hidraulico-4ton\/\" \/>\n<meta property=\"og:site_name\" content=\"Cable Pulling Machines Manufacturer\" \/>\n<meta property=\"article:publisher\" content=\"https:\/\/www.facebook.com\/cablepullingmachines\" \/>\n<meta property=\"article:modified_time\" content=\"2024-09-19T17:44:49+00:00\" \/>\n<meta property=\"og:image\" content=\"https:\/\/cablepullingmachines.com\/wp-content\/uploads\/2025\/02\/Full-Hydraulic-Cable-Drum-Trailers-30-tons.webp\" \/>\n\t<meta property=\"og:image:width\" content=\"1010\" \/>\n\t<meta property=\"og:image:height\" content=\"617\" \/>\n\t<meta property=\"og:image:type\" content=\"image\/webp\" \/>\n<meta name=\"twitter:card\" content=\"summary_large_image\" \/>\n<meta name=\"twitter:label1\" content=\"Tiempo de lectura\" \/>\n\t<meta name=\"twitter:data1\" content=\"7 minutos\" \/>\n<script type=\"application\/ld+json\" class=\"yoast-schema-graph\">{\"@context\":\"https:\/\/schema.org\",\"@graph\":[{\"@type\":\"WebPage\",\"@id\":\"https:\/\/cablepullingmachines.com\/es\/remolques-de-cable\/remolques-de-tambor-de-cable-hidraulico\/remolques-de-cable-hidraulico-4ton\/\",\"url\":\"https:\/\/cablepullingmachines.com\/es\/remolques-de-cable\/remolques-de-tambor-de-cable-hidraulico\/remolques-de-cable-hidraulico-4ton\/\",\"name\":\"Remolques de Cable Hidr\u00e1ulico 4TON - Cable Pulling Machines Manufacturer\",\"isPartOf\":{\"@id\":\"https:\/\/cablepullingmachines.com\/#website\"},\"primaryImageOfPage\":{\"@id\":\"https:\/\/cablepullingmachines.com\/es\/remolques-de-cable\/remolques-de-tambor-de-cable-hidraulico\/remolques-de-cable-hidraulico-4ton\/#primaryimage\"},\"image\":{\"@id\":\"https:\/\/cablepullingmachines.com\/es\/remolques-de-cable\/remolques-de-tambor-de-cable-hidraulico\/remolques-de-cable-hidraulico-4ton\/#primaryimage\"},\"thumbnailUrl\":\"https:\/\/cablepullingmachines.com\/wp-content\/uploads\/2025\/02\/Hydraulic-Cable-Drum-Trailers-4-tons-2.webp\",\"datePublished\":\"2024-09-19T12:12:07+00:00\",\"dateModified\":\"2024-09-19T17:44:49+00:00\",\"description\":\"Remolques de Cable Hidr\u00e1ulico 4TON - Cable Pulling Machines Manufacturer\",\"breadcrumb\":{\"@id\":\"https:\/\/cablepullingmachines.com\/es\/remolques-de-cable\/remolques-de-tambor-de-cable-hidraulico\/remolques-de-cable-hidraulico-4ton\/#breadcrumb\"},\"inLanguage\":\"es\",\"potentialAction\":[{\"@type\":\"ReadAction\",\"target\":[\"https:\/\/cablepullingmachines.com\/es\/remolques-de-cable\/remolques-de-tambor-de-cable-hidraulico\/remolques-de-cable-hidraulico-4ton\/\"]}]},{\"@type\":\"ImageObject\",\"inLanguage\":\"es\",\"@id\":\"https:\/\/cablepullingmachines.com\/es\/remolques-de-cable\/remolques-de-tambor-de-cable-hidraulico\/remolques-de-cable-hidraulico-4ton\/#primaryimage\",\"url\":\"https:\/\/cablepullingmachines.com\/wp-content\/uploads\/2025\/02\/Hydraulic-Cable-Drum-Trailers-4-tons-2.webp\",\"contentUrl\":\"https:\/\/cablepullingmachines.com\/wp-content\/uploads\/2025\/02\/Hydraulic-Cable-Drum-Trailers-4-tons-2.webp\",\"width\":700,\"height\":504,\"caption\":\"Hydraulic Cable Drum Trailers 4 tons\"},{\"@type\":\"BreadcrumbList\",\"@id\":\"https:\/\/cablepullingmachines.com\/es\/remolques-de-cable\/remolques-de-tambor-de-cable-hidraulico\/remolques-de-cable-hidraulico-4ton\/#breadcrumb\",\"itemListElement\":[{\"@type\":\"ListItem\",\"position\":1,\"name\":\"Home\",\"item\":\"https:\/\/cablepullingmachines.com\/es\/a\/\"},{\"@type\":\"ListItem\",\"position\":2,\"name\":\"Remolques de Cable\",\"item\":\"https:\/\/cablepullingmachines.com\/es\/?page_id=4729\"},{\"@type\":\"ListItem\",\"position\":3,\"name\":\"Remolques de Tambor de Cable Hidr\u00e1ulico\",\"item\":\"https:\/\/cablepullingmachines.com\/es\/remolques-de-cable\/remolques-de-tambor-de-cable-hidraulico\/\"},{\"@type\":\"ListItem\",\"position\":4,\"name\":\"Remolques de Cable Hidr\u00e1ulico 4TON\"}]},{\"@type\":\"WebSite\",\"@id\":\"https:\/\/cablepullingmachines.com\/#website\",\"url\":\"https:\/\/cablepullingmachines.com\/\",\"name\":\"Cable Pulling Machines and Cable Drum Trailers\",\"description\":\"Cable Pulling Machines, Winches, Cable Drum Trailers\",\"publisher\":{\"@id\":\"https:\/\/cablepullingmachines.com\/#organization\"},\"alternateName\":\"Cable Drum Trailers Manufacturer\",\"potentialAction\":[{\"@type\":\"SearchAction\",\"target\":{\"@type\":\"EntryPoint\",\"urlTemplate\":\"https:\/\/cablepullingmachines.com\/?s={search_term_string}\"},\"query-input\":{\"@type\":\"PropertyValueSpecification\",\"valueRequired\":true,\"valueName\":\"search_term_string\"}}],\"inLanguage\":\"es\"},{\"@type\":\"Organization\",\"@id\":\"https:\/\/cablepullingmachines.com\/#organization\",\"name\":\"Allame Makina Ltd Sti\",\"alternateName\":\"Cable Drum Trailers Manufacturer\",\"url\":\"https:\/\/cablepullingmachines.com\/\",\"logo\":{\"@type\":\"ImageObject\",\"inLanguage\":\"es\",\"@id\":\"https:\/\/cablepullingmachines.com\/#\/schema\/logo\/image\/\",\"url\":\"https:\/\/cablepullingmachines.com\/wp-content\/uploads\/2015\/10\/logo.jpg\",\"contentUrl\":\"https:\/\/cablepullingmachines.com\/wp-content\/uploads\/2015\/10\/logo.jpg\",\"width\":300,\"height\":140,\"caption\":\"Allame Makina Ltd Sti\"},\"image\":{\"@id\":\"https:\/\/cablepullingmachines.com\/#\/schema\/logo\/image\/\"},\"sameAs\":[\"https:\/\/www.facebook.com\/cablepullingmachines\",\"https:\/\/www.linkedin.com\/company\/cablepullingmachines\",\"https:\/\/www.youtube.com\/@CablePullingMachines\",\"https:\/\/www.instagram.com\/cablepullingmachines\"],\"description\":\"Cable laying products manufacturer from Turkiye. Cable Pulling Machines and Cable Drum Trailers Producer.\",\"email\":\"erkangok@allame.net\",\"telephone\":\"+905337789941\",\"legalName\":\"SKYPULLTECH\",\"foundingDate\":\"1999-02-12\",\"vatID\":\"0550635748\",\"iso6523Code\":\"1555ALL2025\",\"numberOfEmployees\":{\"@type\":\"QuantitativeValue\",\"minValue\":\"11\",\"maxValue\":\"50\"}}]}<\/script>\n<!-- \/ Yoast SEO Premium plugin. -->","yoast_head_json":{"title":"Remolques de Cable Hidr\u00e1ulico 4TON - Cable Pulling Machines Manufacturer","description":"Remolques de Cable Hidr\u00e1ulico 4TON - Cable Pulling Machines Manufacturer","robots":{"index":"index","follow":"follow","max-snippet":"max-snippet:-1","max-image-preview":"max-image-preview:large","max-video-preview":"max-video-preview:-1"},"canonical":"https:\/\/cablepullingmachines.com\/es\/remolques-de-cable\/remolques-de-tambor-de-cable-hidraulico\/remolques-de-cable-hidraulico-4ton\/","og_locale":"es_ES","og_type":"article","og_title":"Remolques de Cable Hidr\u00e1ulico 4TON","og_description":"Remolques de Cable Hidr\u00e1ulico 4TON - Cable Pulling Machines Manufacturer","og_url":"https:\/\/cablepullingmachines.com\/es\/remolques-de-cable\/remolques-de-tambor-de-cable-hidraulico\/remolques-de-cable-hidraulico-4ton\/","og_site_name":"Cable Pulling Machines Manufacturer","article_publisher":"https:\/\/www.facebook.com\/cablepullingmachines","article_modified_time":"2024-09-19T17:44:49+00:00","og_image":[{"width":1010,"height":617,"url":"https:\/\/cablepullingmachines.com\/wp-content\/uploads\/2025\/02\/Full-Hydraulic-Cable-Drum-Trailers-30-tons.webp","type":"image\/webp"}],"twitter_card":"summary_large_image","twitter_misc":{"Tiempo de lectura":"7 minutos"},"schema":{"@context":"https:\/\/schema.org","@graph":[{"@type":"WebPage","@id":"https:\/\/cablepullingmachines.com\/es\/remolques-de-cable\/remolques-de-tambor-de-cable-hidraulico\/remolques-de-cable-hidraulico-4ton\/","url":"https:\/\/cablepullingmachines.com\/es\/remolques-de-cable\/remolques-de-tambor-de-cable-hidraulico\/remolques-de-cable-hidraulico-4ton\/","name":"Remolques de Cable Hidr\u00e1ulico 4TON - Cable Pulling Machines Manufacturer","isPartOf":{"@id":"https:\/\/cablepullingmachines.com\/#website"},"primaryImageOfPage":{"@id":"https:\/\/cablepullingmachines.com\/es\/remolques-de-cable\/remolques-de-tambor-de-cable-hidraulico\/remolques-de-cable-hidraulico-4ton\/#primaryimage"},"image":{"@id":"https:\/\/cablepullingmachines.com\/es\/remolques-de-cable\/remolques-de-tambor-de-cable-hidraulico\/remolques-de-cable-hidraulico-4ton\/#primaryimage"},"thumbnailUrl":"https:\/\/cablepullingmachines.com\/wp-content\/uploads\/2025\/02\/Hydraulic-Cable-Drum-Trailers-4-tons-2.webp","datePublished":"2024-09-19T12:12:07+00:00","dateModified":"2024-09-19T17:44:49+00:00","description":"Remolques de Cable Hidr\u00e1ulico 4TON - Cable Pulling Machines Manufacturer","breadcrumb":{"@id":"https:\/\/cablepullingmachines.com\/es\/remolques-de-cable\/remolques-de-tambor-de-cable-hidraulico\/remolques-de-cable-hidraulico-4ton\/#breadcrumb"},"inLanguage":"es","potentialAction":[{"@type":"ReadAction","target":["https:\/\/cablepullingmachines.com\/es\/remolques-de-cable\/remolques-de-tambor-de-cable-hidraulico\/remolques-de-cable-hidraulico-4ton\/"]}]},{"@type":"ImageObject","inLanguage":"es","@id":"https:\/\/cablepullingmachines.com\/es\/remolques-de-cable\/remolques-de-tambor-de-cable-hidraulico\/remolques-de-cable-hidraulico-4ton\/#primaryimage","url":"https:\/\/cablepullingmachines.com\/wp-content\/uploads\/2025\/02\/Hydraulic-Cable-Drum-Trailers-4-tons-2.webp","contentUrl":"https:\/\/cablepullingmachines.com\/wp-content\/uploads\/2025\/02\/Hydraulic-Cable-Drum-Trailers-4-tons-2.webp","width":700,"height":504,"caption":"Hydraulic Cable Drum Trailers 4 tons"},{"@type":"BreadcrumbList","@id":"https:\/\/cablepullingmachines.com\/es\/remolques-de-cable\/remolques-de-tambor-de-cable-hidraulico\/remolques-de-cable-hidraulico-4ton\/#breadcrumb","itemListElement":[{"@type":"ListItem","position":1,"name":"Home","item":"https:\/\/cablepullingmachines.com\/es\/a\/"},{"@type":"ListItem","position":2,"name":"Remolques de Cable","item":"https:\/\/cablepullingmachines.com\/es\/?page_id=4729"},{"@type":"ListItem","position":3,"name":"Remolques de Tambor de Cable Hidr\u00e1ulico","item":"https:\/\/cablepullingmachines.com\/es\/remolques-de-cable\/remolques-de-tambor-de-cable-hidraulico\/"},{"@type":"ListItem","position":4,"name":"Remolques de Cable Hidr\u00e1ulico 4TON"}]},{"@type":"WebSite","@id":"https:\/\/cablepullingmachines.com\/#website","url":"https:\/\/cablepullingmachines.com\/","name":"Cable Pulling Machines and Cable Drum Trailers","description":"Cable Pulling Machines, Winches, Cable Drum Trailers","publisher":{"@id":"https:\/\/cablepullingmachines.com\/#organization"},"alternateName":"Cable Drum Trailers Manufacturer","potentialAction":[{"@type":"SearchAction","target":{"@type":"EntryPoint","urlTemplate":"https:\/\/cablepullingmachines.com\/?s={search_term_string}"},"query-input":{"@type":"PropertyValueSpecification","valueRequired":true,"valueName":"search_term_string"}}],"inLanguage":"es"},{"@type":"Organization","@id":"https:\/\/cablepullingmachines.com\/#organization","name":"Allame Makina Ltd Sti","alternateName":"Cable Drum Trailers Manufacturer","url":"https:\/\/cablepullingmachines.com\/","logo":{"@type":"ImageObject","inLanguage":"es","@id":"https:\/\/cablepullingmachines.com\/#\/schema\/logo\/image\/","url":"https:\/\/cablepullingmachines.com\/wp-content\/uploads\/2015\/10\/logo.jpg","contentUrl":"https:\/\/cablepullingmachines.com\/wp-content\/uploads\/2015\/10\/logo.jpg","width":300,"height":140,"caption":"Allame Makina Ltd Sti"},"image":{"@id":"https:\/\/cablepullingmachines.com\/#\/schema\/logo\/image\/"},"sameAs":["https:\/\/www.facebook.com\/cablepullingmachines","https:\/\/www.linkedin.com\/company\/cablepullingmachines","https:\/\/www.youtube.com\/@CablePullingMachines","https:\/\/www.instagram.com\/cablepullingmachines"],"description":"Cable laying products manufacturer from Turkiye. Cable Pulling Machines and Cable Drum Trailers Producer.","email":"erkangok@allame.net","telephone":"+905337789941","legalName":"SKYPULLTECH","foundingDate":"1999-02-12","vatID":"0550635748","iso6523Code":"1555ALL2025","numberOfEmployees":{"@type":"QuantitativeValue","minValue":"11","maxValue":"50"}}]}},"amp_enabled":true,"_links":{"self":[{"href":"https:\/\/cablepullingmachines.com\/es\/wp-json\/wp\/v2\/pages\/4643","targetHints":{"allow":["GET"]}}],"collection":[{"href":"https:\/\/cablepullingmachines.com\/es\/wp-json\/wp\/v2\/pages"}],"about":[{"href":"https:\/\/cablepullingmachines.com\/es\/wp-json\/wp\/v2\/types\/page"}],"author":[{"embeddable":true,"href":"https:\/\/cablepullingmachines.com\/es\/wp-json\/wp\/v2\/users\/1"}],"replies":[{"embeddable":true,"href":"https:\/\/cablepullingmachines.com\/es\/wp-json\/wp\/v2\/comments?post=4643"}],"version-history":[{"count":0,"href":"https:\/\/cablepullingmachines.com\/es\/wp-json\/wp\/v2\/pages\/4643\/revisions"}],"up":[{"embeddable":true,"href":"https:\/\/cablepullingmachines.com\/es\/wp-json\/wp\/v2\/pages\/4801"}],"wp:featuredmedia":[{"embeddable":true,"href":"https:\/\/cablepullingmachines.com\/es\/wp-json\/wp\/v2\/media\/5848"}],"wp:attachment":[{"href":"https:\/\/cablepullingmachines.com\/es\/wp-json\/wp\/v2\/media?parent=4643"}],"curies":[{"name":"wp","href":"https:\/\/api.w.org\/{rel}","templated":true}]}}