{"id":4639,"date":"2024-09-19T12:12:06","date_gmt":"2024-09-19T12:12:06","guid":{"rendered":"https:\/\/cablepullingmachines.com\/tambor-de-cable-hidraulico-remolque-10ton\/"},"modified":"2024-09-19T17:43:31","modified_gmt":"2024-09-19T17:43:31","slug":"tambor-de-cable-hidraulico-remolque-10ton","status":"publish","type":"page","link":"https:\/\/cablepullingmachines.com\/es\/remolques-de-cable\/remolques-de-tambor-de-cable-hidraulico\/tambor-de-cable-hidraulico-remolque-10ton\/","title":{"rendered":"Tambor de cable hidr\u00e1ulico Remolque 10TON"},"content":{"rendered":"<p>[av_image src=&#8217;http:\/\/cablepullingmachines.com\/wp-content\/uploads\/2015\/12\/Hydraulic-Drum-Trailers-Turkey-1.jpg&#8217; attachment=&#8217;1890&#8242; attachment_size=&#8217;full&#8217; align=&#8217;center&#8217; styling=&#8221; hover=&#8221; link=&#8221; target=&#8221; caption=&#8221; font_size=&#8221; appearance=&#8221; overlay_opacity=&#8217;0.4&#8242; overlay_color=&#8217;#000000&#8242; overlay_text_color=&#8217;#ffffff&#8217; animation=&#8217;no-animation&#8217; av_uid=&#8217;av-6swzfx&#8217;][\/av_image]<\/p>\n<p>[av_heading tag=&#8217;h2&#8242; padding=&#8217;10&#8217; heading=&#8217;REMOLQUES HIDR\u00c1ULICOS DE CABLE DE 10 TONELADAS&#8217; color=&#8221; style=&#8221; custom_font=&#8221; size=&#8221; subheading_active=&#8221; subheading_size=&#8217;15&#8217; custom_class=&#8221; admin_preview_bg=&#8221; av-desktop-hide=&#8221; av-medium-hide=&#8221; av-small-hide=&#8221; av-mini-hide=&#8221; av-medium-font-size-title=&#8221; av-small-font-size-title=&#8221; av-mini-font-size-title=&#8221; av-medium-font-size=&#8221; av-small-font-size=&#8221; av-mini-font-size=&#8221; av_uid=&#8217;av-6mun3p&#8217;][\/av_heading]<\/p>\n<p>[av_textblock size=&#8221; font_color=&#8221; color=&#8221; av-medium-font-size=&#8221; av-small-font-size=&#8221; av-mini-font-size=&#8221; admin_preview_bg=&#8221; av_uid=&#8217;av-6iigf1&#8242;]<br \/>\n<strong>\u00bfPor qu\u00e9 remolques de cable hidr\u00e1ulicos?<\/strong>  Estos remolques de obra, dise\u00f1ados y suministrados espec\u00edficamente para ello, est\u00e1n todos equipados con alg\u00fan tipo de sistema de frenado, dispositivo manual de aparcamiento y luces b\u00e1sicas para el veh\u00edculo.<br \/>\nAunque no est\u00e1n fabricados de conformidad con las directivas de la CEE sobre frenos e iluminaci\u00f3n, algunos pa\u00edses han utilizado estas unidades en carretera con la condici\u00f3n de que no se superen las velocidades de remolque indicadas con la carga \u00fatil nominal m\u00e1xima.<br \/>\nTodas las unidades incorporan las mismas caracter\u00edsticas de manejo del tambor y, en algunos casos, opciones adicionales que la gama Highway. <strong>\u00bfPor qu\u00e9 se demandan los remolques de tambor de cable hidr\u00e1ulico?<\/strong> Hay muchas razones por las que un <em>remolque de tambor de cable<\/em> hidr\u00e1ulico tiene tanta demanda.<br \/>\nSe manejan con una sola mano y pueden elevar cargas pesadas y transportar mercanc\u00edas de un lugar a otro de forma muy fluida y sin ning\u00fan tipo de accidentes.<br \/>\nDispone de pasadores de fuga que controlan la <em>elevaci\u00f3n<\/em> en caso de fallo repentino del sistema hidr\u00e1ulico, aunque esto no suele ser habitual.<br \/>\nPara m\u00e1s informaci\u00f3n, <a href=\"http:\/\/cablepullingmachines.com\/contact-page\/\">ponte en contacto con nosotros<\/a>.       <\/p>\n<h5>Fotos detalladas a continuaci\u00f3n;<\/h5>\n<p>[\/av_textblock]<\/p>\n<p>[av_hr class=&#8217;invisible&#8217; height=&#8217;10&#8217; shadow=&#8217;no-shadow&#8217; position=&#8217;center&#8217; custom_border=&#8217;av-border-thin&#8217; custom_width=&#8217;50px&#8217; custom_border_color=&#8221; custom_margin_top=&#8217;30px&#8217; custom_margin_bottom=&#8217;30px&#8217; icon_select=&#8217;yes&#8217; custom_icon_color=&#8221; icon=&#8217;ue808&#8242; font=&#8217;entypo-fontello&#8217; av_uid=&#8217;av-6c6gut&#8217;]<\/p>\n<p>[av_gallery ids=&#8217;2073,2074,2075,2076,2077,2078,2079,2080,2081&#8242; style=&#8217;thumbnails&#8217; preview_size=&#8217;portfolio&#8217; crop_big_preview_thumbnail=&#8217;avia-gallery-big-crop-thumb&#8217; thumb_size=&#8217;medium&#8217; columns=&#8217;5&#8242; imagelink=&#8217;lightbox&#8217; lazyload=&#8217;avia_lazyload&#8217; admin_preview_bg=&#8221; av_uid=&#8217;av-mbb5p&#8217;]<\/p>\n<p>[av_textblock size=&#8221; font_color=&#8221; color=&#8221; av_uid=&#8217;av-60pvgl&#8217;]<br \/>\n<strong>Especificaciones de un remolque<\/strong> <strong>hidr\u00e1ulico de tambor de<\/strong> <strong>cable<\/strong> Los <strong>remolques hidr\u00e1ulicos de tambor de cable<\/strong> tienen una bomba manual hidr\u00e1ulica de doble acci\u00f3n con un bloqueo mec\u00e1nico de seguridad.<br \/>\nNo necesitan lubricaci\u00f3n, ya que son del tipo de brazo de arrastre con subejes.<br \/>\nTodos los modelos de <strong>remolque<\/strong> de tambor de cable <strong>hidr\u00e1ulico<\/strong> tienen frenos hidr\u00e1ulicos y frenos de estacionamiento en todos los ejes. Los remolques disponen de sistemas de iluminaci\u00f3n completos con normas internacionales. Tambi\u00e9n se puede desmontar el bastidor delantero. Hay varios tipos de remolques de tambor de cable, entre ellos el AUTO4, el AUTO7 y el AUTO30, que son los m\u00e1s utilizados.<br \/>\nEst\u00e1n equipados con sistemas de frenado e iluminaci\u00f3n de carretera y est\u00e1n dise\u00f1ados para transportar cargas pesadas y viajar a cierta velocidad. Los remolques est\u00e1n equipados con una bomba hidr\u00e1ulica manual que hace que viajar sea seguro en carreteras lisas.<br \/>\n[\/av_textblock]<\/p>\n<p>[av_hr class=&#8217;short&#8217; height=&#8217;50&#8217; shadow=&#8217;no-shadow&#8217; position=&#8217;center&#8217; custom_border=&#8217;av-border-thin&#8217; custom_width=&#8217;50px&#8217; custom_border_color=&#8221; custom_margin_top=&#8217;30px&#8217; custom_margin_bottom=&#8217;30px&#8217; icon_select=&#8217;yes&#8217; custom_icon_color=&#8221; icon=&#8217;ue808&#8242; font=&#8217;entypo-fontello&#8217; av_uid=&#8217;av-5vi4z1&#8242;]<\/p>\n<p>[av_heading tag=&#8217;h2&#8242; padding=&#8217;3&#8242; heading=&#8217;Especificaciones&#8217; color=&#8221; style=&#8217;blockquote modern-quote modern-centered&#8217; custom_font=&#8221; size=&#8221; subheading_active=&#8221; subheading_size=&#8217;15&#8217; custom_class=&#8221; admin_preview_bg=&#8221; av-desktop-hide=&#8221; av-medium-hide=&#8221; av-small-hide=&#8221; av-mini-hide=&#8221; av-medium-font-size-title=&#8221; av-small-font-size-title=&#8221; av-mini-font-size-title=&#8221; av-medium-font-size=&#8221; av-small-font-size=&#8221; av-mini-font-size=&#8221; av_uid=&#8217;av-5oz86l&#8217;][\/av_heading]<\/p>\n<p>[av_table purpose=&#8217;tabular&#8217; pricing_table_design=&#8217;avia_pricing_default&#8217; pricing_hidden_cells=&#8221; caption=&#8217;Especificaciones&#8217; responsive_styling=&#8217;avia_responsive_table&#8217; av_uid=&#8217;av-5hrkyl&#8217;]<br \/>\n[av_row row_style=&#8221; av_uid=&#8217;av-5fjnn9&#8242;][av_cell col_style=&#8221; av_uid=&#8217;av-5a27md&#8217;]Longitud (mm)<br \/>\n[\/av_cell][av_cell col_style=&#8221; av_uid=&#8217;av-51cgv9&#8242;]4200<br \/>\n[\/av_cell][\/av_row]<br \/>\n[av_row row_style=&#8221; av_uid=&#8217;av-hmewt&#8217;][av_cell col_style=&#8221; av_uid=&#8217;av-4r8jsd&#8217;]Anchura (mm)<br \/>\n[\/av_cell][av_cell col_style=&#8221; av_uid=&#8217;av-4hmaid&#8217;]2850<br \/>\n[\/av_cell][\/av_row]<br \/>\n[av_row row_style=&#8221; av_uid=&#8217;av-4ed9jp&#8217;][av_cell col_style=&#8221; av_uid=&#8217;av-48y6ed&#8217;]Altura (mm)<br \/>\n[\/av_cell][av_cell col_style=&#8221; av_uid=&#8217;av-43g7ut&#8217;]2200<br \/>\n[\/av_cell][\/av_row]<br \/>\n[av_row row_style=&#8221; av_uid=&#8217;av-3v0m2l&#8217;][av_cell col_style=&#8221; av_uid=&#8217;av-3nva6l&#8217;]Peso en vac\u00edo (kg)<br \/>\n[\/av_cell][av_cell col_style=&#8221; av_uid=&#8217;av-3ig1mt&#8217;]1500<br \/>\n[\/av_cell][\/av_row]<br \/>\n[av_row row_style=&#8221; av_uid=&#8217;av-3fg659&#8242;][av_cell col_style=&#8221; av_uid=&#8217;av-bfm2t&#8217;]Carga \u00fatil (kg)<br \/>\n[\/av_cell][av_cell col_style=&#8221; av_uid=&#8217;av-32hne5&#8242;]10000<br \/>\n[\/av_cell][\/av_row]<br \/>\n[av_row row_style=&#8221; av_uid=&#8217;av-10w3x&#8217;][av_cell col_style=&#8221; av_uid=&#8217;av-2pm67h&#8217;]Peso total (kg)<br \/>\n[\/av_cell][av_cell col_style=&#8221; av_uid=&#8217;av-2krsfh&#8217;]11500<br \/>\n[\/av_cell][\/av_row]<br \/>\n[av_row row_style=&#8221; av_uid=&#8217;av-2bybf1&#8242;][av_cell col_style=&#8221; av_uid=&#8217;av-27kcot&#8217;]Freno<br \/>\n[\/av_cell][av_cell col_style=&#8221; av_uid=&#8217;av-20y6m5&#8242;]rebasamiento<br \/>\n[\/av_cell][\/av_row]<br \/>\n[av_row row_style=&#8221; av_uid=&#8217;av-1y0jdh&#8217;][av_cell col_style=&#8221; av_uid=&#8217;av-1o6l39&#8242;]m\u00e1x.<br \/>\n\u00d8 tambor<br \/>\n(mm)<br \/>\n[\/av_cell][av_cell col_style=&#8221; av_uid=&#8217;av-1itwd1&#8242;]3200<br \/>\n[\/av_cell][\/av_row]<br \/>\n[av_row row_style=&#8221; av_uid=&#8217;av-1gth3x&#8217;][av_cell col_style=&#8221; av_uid=&#8217;av-17v9kl&#8217;]Anchura libre de carga (mm)<br \/>\n[\/av_cell][av_cell col_style=&#8221; av_uid=&#8217;av-12m6h1&#8242;]2000<br \/>\n[\/av_cell][\/av_row]<br \/>\n[av_row row_style=&#8221; av_uid=&#8217;av-xiysl&#8217;][av_cell col_style=&#8221; av_uid=&#8217;av-s79k5&#8242;]Tama\u00f1o de los neum\u00e1ticos[\/av_cell][av_cell col_style=&#8221; av_uid=&#8217;av-1xhpx&#8217;]1100&#215;22.5[\/av_cell][\/av_row]<br \/>\n[\/av_table]<\/p>\n<p>[av_hr class=&#8217;short&#8217; height=&#8217;50&#8217; shadow=&#8217;no-shadow&#8217; position=&#8217;center&#8217; custom_border=&#8217;av-border-thin&#8217; custom_width=&#8217;50px&#8217; custom_border_color=&#8221; custom_margin_top=&#8217;30px&#8217; custom_margin_bottom=&#8217;30px&#8217; icon_select=&#8217;yes&#8217; custom_icon_color=&#8221; icon=&#8217;ue808&#8242; font=&#8217;entypo-fontello&#8217; av_uid=&#8217;av-epmj9&#8242;]<\/p>\n<p>[av_notification title=&#8217;remolques hidr\u00e1ulicos de cable&#8217; color=&#8217;blue&#8217; border=&#8217;solid&#8217; custom_bg=&#8217;#444444&#8242; custom_font=&#8217;#ffffff&#8217; size=&#8217;large&#8217; icon_select=&#8217;yes&#8217; icon=&#8217;ue84b&#8217; font=&#8217;entypo-fontello&#8217; av_uid=&#8217;av-a1vyd&#8217;]<br \/>\nLos remolques hidr\u00e1ulicos de tambor de cable pueden ser remolcados f\u00e1cilmente por un tractor, un jeep o un tempo, dependiendo de la carga del tambor de cable.<br \/>\nTambi\u00e9n pueden ser f\u00e1cilmente arrastrados manualmente por unos 5-6 trabajadores cargados en el tambor de cable.Son muy eficientes y manejables tambi\u00e9n.<br \/>\n[\/av_notification]<\/p>\n","protected":false},"excerpt":{"rendered":"<p>[av_image src=&#8217;http:\/\/cablepullingmachines.com\/wp-content\/uploads\/2015\/12\/Hydraulic-Drum-Trailers-Turkey-1.jpg&#8217; attachment=&#8217;1890&#8242; attachment_size=&#8217;full&#8217; align=&#8217;center&#8217; styling=&#8221; hover=&#8221; link=&#8221; target=&#8221; caption=&#8221; font_size=&#8221; appearance=&#8221; overlay_opacity=&#8217;0.4&#8242; overlay_color=&#8217;#000000&#8242; overlay_text_color=&#8217;#ffffff&#8217; animation=&#8217;no-animation&#8217; av_uid=&#8217;av-6swzfx&#8217;][\/av_image] [av_heading tag=&#8217;h2&#8242; padding=&#8217;10&#8217; heading=&#8217;REMOLQUES HIDR\u00c1ULICOS DE CABLE DE 10 TONELADAS&#8217; color=&#8221; style=&#8221; custom_font=&#8221; size=&#8221; subheading_active=&#8221; subheading_size=&#8217;15&#8217; custom_class=&#8221; admin_preview_bg=&#8221; av-desktop-hide=&#8221; av-medium-hide=&#8221; av-small-hide=&#8221; av-mini-hide=&#8221; av-medium-font-size-title=&#8221; av-small-font-size-title=&#8221; av-mini-font-size-title=&#8221; av-medium-font-size=&#8221; av-small-font-size=&#8221; av-mini-font-size=&#8221; av_uid=&#8217;av-6mun3p&#8217;][\/av_heading] [av_textblock size=&#8221; font_color=&#8221; color=&#8221; av-medium-font-size=&#8221; av-small-font-size=&#8221; av-mini-font-size=&#8221; admin_preview_bg=&#8221; av_uid=&#8217;av-6iigf1&#8242;]<\/p>\n","protected":false},"author":1,"featured_media":5896,"parent":4801,"menu_order":0,"comment_status":"closed","ping_status":"closed","template":"","meta":{"_joinchat":[],"footnotes":""},"class_list":["post-4639","page","type-page","status-publish","has-post-thumbnail","hentry"],"yoast_head":"<!-- This site is optimized with the Yoast SEO Premium plugin v26.8 (Yoast SEO v27.0) - https:\/\/yoast.com\/product\/yoast-seo-premium-wordpress\/ -->\n<title>Tambor de cable hidr\u00e1ulico Remolque 10TON - Cable Pulling Machines Manufacturer<\/title>\n<meta name=\"description\" content=\"Tambor de cable hidr\u00e1ulico Remolque 10TON - Cable Pulling Machines Manufacturer\" \/>\n<meta name=\"robots\" content=\"index, follow, max-snippet:-1, max-image-preview:large, max-video-preview:-1\" \/>\n<link rel=\"canonical\" href=\"https:\/\/cablepullingmachines.com\/es\/remolques-de-cable\/remolques-de-tambor-de-cable-hidraulico\/tambor-de-cable-hidraulico-remolque-10ton\/\" \/>\n<meta property=\"og:locale\" content=\"es_ES\" \/>\n<meta property=\"og:type\" content=\"article\" \/>\n<meta property=\"og:title\" content=\"Tambor de cable hidr\u00e1ulico Remolque 10TON\" \/>\n<meta property=\"og:description\" content=\"Tambor de cable hidr\u00e1ulico Remolque 10TON - Cable Pulling Machines Manufacturer\" \/>\n<meta property=\"og:url\" content=\"https:\/\/cablepullingmachines.com\/es\/remolques-de-cable\/remolques-de-tambor-de-cable-hidraulico\/tambor-de-cable-hidraulico-remolque-10ton\/\" \/>\n<meta property=\"og:site_name\" content=\"Cable Pulling Machines Manufacturer\" \/>\n<meta property=\"article:publisher\" content=\"https:\/\/www.facebook.com\/cablepullingmachines\" \/>\n<meta property=\"article:modified_time\" content=\"2024-09-19T17:43:31+00:00\" \/>\n<meta property=\"og:image\" content=\"https:\/\/cablepullingmachines.com\/wp-content\/uploads\/2025\/02\/Full-Hydraulic-Cable-Drum-Trailers-30-tons.webp\" \/>\n\t<meta property=\"og:image:width\" content=\"1010\" \/>\n\t<meta property=\"og:image:height\" content=\"617\" \/>\n\t<meta property=\"og:image:type\" content=\"image\/webp\" \/>\n<meta name=\"twitter:card\" content=\"summary_large_image\" \/>\n<meta name=\"twitter:label1\" content=\"Tiempo de lectura\" \/>\n\t<meta name=\"twitter:data1\" content=\"6 minutos\" \/>\n<script type=\"application\/ld+json\" class=\"yoast-schema-graph\">{\"@context\":\"https:\/\/schema.org\",\"@graph\":[{\"@type\":\"WebPage\",\"@id\":\"https:\/\/cablepullingmachines.com\/es\/remolques-de-cable\/remolques-de-tambor-de-cable-hidraulico\/tambor-de-cable-hidraulico-remolque-10ton\/\",\"url\":\"https:\/\/cablepullingmachines.com\/es\/remolques-de-cable\/remolques-de-tambor-de-cable-hidraulico\/tambor-de-cable-hidraulico-remolque-10ton\/\",\"name\":\"Tambor de cable hidr\u00e1ulico Remolque 10TON - Cable Pulling Machines Manufacturer\",\"isPartOf\":{\"@id\":\"https:\/\/cablepullingmachines.com\/#website\"},\"primaryImageOfPage\":{\"@id\":\"https:\/\/cablepullingmachines.com\/es\/remolques-de-cable\/remolques-de-tambor-de-cable-hidraulico\/tambor-de-cable-hidraulico-remolque-10ton\/#primaryimage\"},\"image\":{\"@id\":\"https:\/\/cablepullingmachines.com\/es\/remolques-de-cable\/remolques-de-tambor-de-cable-hidraulico\/tambor-de-cable-hidraulico-remolque-10ton\/#primaryimage\"},\"thumbnailUrl\":\"https:\/\/cablepullingmachines.com\/wp-content\/uploads\/2025\/02\/Hydraulic-Cable-Drum-Trailers-10-tons-1.webp\",\"datePublished\":\"2024-09-19T12:12:06+00:00\",\"dateModified\":\"2024-09-19T17:43:31+00:00\",\"description\":\"Tambor de cable hidr\u00e1ulico Remolque 10TON - Cable Pulling Machines Manufacturer\",\"breadcrumb\":{\"@id\":\"https:\/\/cablepullingmachines.com\/es\/remolques-de-cable\/remolques-de-tambor-de-cable-hidraulico\/tambor-de-cable-hidraulico-remolque-10ton\/#breadcrumb\"},\"inLanguage\":\"es\",\"potentialAction\":[{\"@type\":\"ReadAction\",\"target\":[\"https:\/\/cablepullingmachines.com\/es\/remolques-de-cable\/remolques-de-tambor-de-cable-hidraulico\/tambor-de-cable-hidraulico-remolque-10ton\/\"]}]},{\"@type\":\"ImageObject\",\"inLanguage\":\"es\",\"@id\":\"https:\/\/cablepullingmachines.com\/es\/remolques-de-cable\/remolques-de-tambor-de-cable-hidraulico\/tambor-de-cable-hidraulico-remolque-10ton\/#primaryimage\",\"url\":\"https:\/\/cablepullingmachines.com\/wp-content\/uploads\/2025\/02\/Hydraulic-Cable-Drum-Trailers-10-tons-1.webp\",\"contentUrl\":\"https:\/\/cablepullingmachines.com\/wp-content\/uploads\/2025\/02\/Hydraulic-Cable-Drum-Trailers-10-tons-1.webp\",\"width\":700,\"height\":504,\"caption\":\"Hydraulic Cable Drum Trailers 10 tons\"},{\"@type\":\"BreadcrumbList\",\"@id\":\"https:\/\/cablepullingmachines.com\/es\/remolques-de-cable\/remolques-de-tambor-de-cable-hidraulico\/tambor-de-cable-hidraulico-remolque-10ton\/#breadcrumb\",\"itemListElement\":[{\"@type\":\"ListItem\",\"position\":1,\"name\":\"Home\",\"item\":\"https:\/\/cablepullingmachines.com\/es\/a\/\"},{\"@type\":\"ListItem\",\"position\":2,\"name\":\"Remolques de Cable\",\"item\":\"https:\/\/cablepullingmachines.com\/es\/?page_id=4729\"},{\"@type\":\"ListItem\",\"position\":3,\"name\":\"Remolques de Tambor de Cable Hidr\u00e1ulico\",\"item\":\"https:\/\/cablepullingmachines.com\/es\/remolques-de-cable\/remolques-de-tambor-de-cable-hidraulico\/\"},{\"@type\":\"ListItem\",\"position\":4,\"name\":\"Tambor de cable hidr\u00e1ulico Remolque 10TON\"}]},{\"@type\":\"WebSite\",\"@id\":\"https:\/\/cablepullingmachines.com\/#website\",\"url\":\"https:\/\/cablepullingmachines.com\/\",\"name\":\"Cable Pulling Machines and Cable Drum Trailers\",\"description\":\"Cable Pulling Machines, Winches, Cable Drum Trailers\",\"publisher\":{\"@id\":\"https:\/\/cablepullingmachines.com\/#organization\"},\"alternateName\":\"Cable Drum Trailers Manufacturer\",\"potentialAction\":[{\"@type\":\"SearchAction\",\"target\":{\"@type\":\"EntryPoint\",\"urlTemplate\":\"https:\/\/cablepullingmachines.com\/?s={search_term_string}\"},\"query-input\":{\"@type\":\"PropertyValueSpecification\",\"valueRequired\":true,\"valueName\":\"search_term_string\"}}],\"inLanguage\":\"es\"},{\"@type\":\"Organization\",\"@id\":\"https:\/\/cablepullingmachines.com\/#organization\",\"name\":\"Allame Makina Ltd Sti\",\"alternateName\":\"Cable Drum Trailers Manufacturer\",\"url\":\"https:\/\/cablepullingmachines.com\/\",\"logo\":{\"@type\":\"ImageObject\",\"inLanguage\":\"es\",\"@id\":\"https:\/\/cablepullingmachines.com\/#\/schema\/logo\/image\/\",\"url\":\"https:\/\/cablepullingmachines.com\/wp-content\/uploads\/2015\/10\/logo.jpg\",\"contentUrl\":\"https:\/\/cablepullingmachines.com\/wp-content\/uploads\/2015\/10\/logo.jpg\",\"width\":300,\"height\":140,\"caption\":\"Allame Makina Ltd Sti\"},\"image\":{\"@id\":\"https:\/\/cablepullingmachines.com\/#\/schema\/logo\/image\/\"},\"sameAs\":[\"https:\/\/www.facebook.com\/cablepullingmachines\",\"https:\/\/www.linkedin.com\/company\/cablepullingmachines\",\"https:\/\/www.youtube.com\/@CablePullingMachines\",\"https:\/\/www.instagram.com\/cablepullingmachines\"],\"description\":\"Cable laying products manufacturer from Turkiye. Cable Pulling Machines and Cable Drum Trailers Producer.\",\"email\":\"erkangok@allame.net\",\"telephone\":\"+905337789941\",\"legalName\":\"SKYPULLTECH\",\"foundingDate\":\"1999-02-12\",\"vatID\":\"0550635748\",\"iso6523Code\":\"1555ALL2025\",\"numberOfEmployees\":{\"@type\":\"QuantitativeValue\",\"minValue\":\"11\",\"maxValue\":\"50\"}}]}<\/script>\n<!-- \/ Yoast SEO Premium plugin. -->","yoast_head_json":{"title":"Tambor de cable hidr\u00e1ulico Remolque 10TON - Cable Pulling Machines Manufacturer","description":"Tambor de cable hidr\u00e1ulico Remolque 10TON - Cable Pulling Machines Manufacturer","robots":{"index":"index","follow":"follow","max-snippet":"max-snippet:-1","max-image-preview":"max-image-preview:large","max-video-preview":"max-video-preview:-1"},"canonical":"https:\/\/cablepullingmachines.com\/es\/remolques-de-cable\/remolques-de-tambor-de-cable-hidraulico\/tambor-de-cable-hidraulico-remolque-10ton\/","og_locale":"es_ES","og_type":"article","og_title":"Tambor de cable hidr\u00e1ulico Remolque 10TON","og_description":"Tambor de cable hidr\u00e1ulico Remolque 10TON - Cable Pulling Machines Manufacturer","og_url":"https:\/\/cablepullingmachines.com\/es\/remolques-de-cable\/remolques-de-tambor-de-cable-hidraulico\/tambor-de-cable-hidraulico-remolque-10ton\/","og_site_name":"Cable Pulling Machines Manufacturer","article_publisher":"https:\/\/www.facebook.com\/cablepullingmachines","article_modified_time":"2024-09-19T17:43:31+00:00","og_image":[{"width":1010,"height":617,"url":"https:\/\/cablepullingmachines.com\/wp-content\/uploads\/2025\/02\/Full-Hydraulic-Cable-Drum-Trailers-30-tons.webp","type":"image\/webp"}],"twitter_card":"summary_large_image","twitter_misc":{"Tiempo de lectura":"6 minutos"},"schema":{"@context":"https:\/\/schema.org","@graph":[{"@type":"WebPage","@id":"https:\/\/cablepullingmachines.com\/es\/remolques-de-cable\/remolques-de-tambor-de-cable-hidraulico\/tambor-de-cable-hidraulico-remolque-10ton\/","url":"https:\/\/cablepullingmachines.com\/es\/remolques-de-cable\/remolques-de-tambor-de-cable-hidraulico\/tambor-de-cable-hidraulico-remolque-10ton\/","name":"Tambor de cable hidr\u00e1ulico Remolque 10TON - Cable Pulling Machines Manufacturer","isPartOf":{"@id":"https:\/\/cablepullingmachines.com\/#website"},"primaryImageOfPage":{"@id":"https:\/\/cablepullingmachines.com\/es\/remolques-de-cable\/remolques-de-tambor-de-cable-hidraulico\/tambor-de-cable-hidraulico-remolque-10ton\/#primaryimage"},"image":{"@id":"https:\/\/cablepullingmachines.com\/es\/remolques-de-cable\/remolques-de-tambor-de-cable-hidraulico\/tambor-de-cable-hidraulico-remolque-10ton\/#primaryimage"},"thumbnailUrl":"https:\/\/cablepullingmachines.com\/wp-content\/uploads\/2025\/02\/Hydraulic-Cable-Drum-Trailers-10-tons-1.webp","datePublished":"2024-09-19T12:12:06+00:00","dateModified":"2024-09-19T17:43:31+00:00","description":"Tambor de cable hidr\u00e1ulico Remolque 10TON - Cable Pulling Machines Manufacturer","breadcrumb":{"@id":"https:\/\/cablepullingmachines.com\/es\/remolques-de-cable\/remolques-de-tambor-de-cable-hidraulico\/tambor-de-cable-hidraulico-remolque-10ton\/#breadcrumb"},"inLanguage":"es","potentialAction":[{"@type":"ReadAction","target":["https:\/\/cablepullingmachines.com\/es\/remolques-de-cable\/remolques-de-tambor-de-cable-hidraulico\/tambor-de-cable-hidraulico-remolque-10ton\/"]}]},{"@type":"ImageObject","inLanguage":"es","@id":"https:\/\/cablepullingmachines.com\/es\/remolques-de-cable\/remolques-de-tambor-de-cable-hidraulico\/tambor-de-cable-hidraulico-remolque-10ton\/#primaryimage","url":"https:\/\/cablepullingmachines.com\/wp-content\/uploads\/2025\/02\/Hydraulic-Cable-Drum-Trailers-10-tons-1.webp","contentUrl":"https:\/\/cablepullingmachines.com\/wp-content\/uploads\/2025\/02\/Hydraulic-Cable-Drum-Trailers-10-tons-1.webp","width":700,"height":504,"caption":"Hydraulic Cable Drum Trailers 10 tons"},{"@type":"BreadcrumbList","@id":"https:\/\/cablepullingmachines.com\/es\/remolques-de-cable\/remolques-de-tambor-de-cable-hidraulico\/tambor-de-cable-hidraulico-remolque-10ton\/#breadcrumb","itemListElement":[{"@type":"ListItem","position":1,"name":"Home","item":"https:\/\/cablepullingmachines.com\/es\/a\/"},{"@type":"ListItem","position":2,"name":"Remolques de Cable","item":"https:\/\/cablepullingmachines.com\/es\/?page_id=4729"},{"@type":"ListItem","position":3,"name":"Remolques de Tambor de Cable Hidr\u00e1ulico","item":"https:\/\/cablepullingmachines.com\/es\/remolques-de-cable\/remolques-de-tambor-de-cable-hidraulico\/"},{"@type":"ListItem","position":4,"name":"Tambor de cable hidr\u00e1ulico Remolque 10TON"}]},{"@type":"WebSite","@id":"https:\/\/cablepullingmachines.com\/#website","url":"https:\/\/cablepullingmachines.com\/","name":"Cable Pulling Machines and Cable Drum Trailers","description":"Cable Pulling Machines, Winches, Cable Drum Trailers","publisher":{"@id":"https:\/\/cablepullingmachines.com\/#organization"},"alternateName":"Cable Drum Trailers Manufacturer","potentialAction":[{"@type":"SearchAction","target":{"@type":"EntryPoint","urlTemplate":"https:\/\/cablepullingmachines.com\/?s={search_term_string}"},"query-input":{"@type":"PropertyValueSpecification","valueRequired":true,"valueName":"search_term_string"}}],"inLanguage":"es"},{"@type":"Organization","@id":"https:\/\/cablepullingmachines.com\/#organization","name":"Allame Makina Ltd Sti","alternateName":"Cable Drum Trailers Manufacturer","url":"https:\/\/cablepullingmachines.com\/","logo":{"@type":"ImageObject","inLanguage":"es","@id":"https:\/\/cablepullingmachines.com\/#\/schema\/logo\/image\/","url":"https:\/\/cablepullingmachines.com\/wp-content\/uploads\/2015\/10\/logo.jpg","contentUrl":"https:\/\/cablepullingmachines.com\/wp-content\/uploads\/2015\/10\/logo.jpg","width":300,"height":140,"caption":"Allame Makina Ltd Sti"},"image":{"@id":"https:\/\/cablepullingmachines.com\/#\/schema\/logo\/image\/"},"sameAs":["https:\/\/www.facebook.com\/cablepullingmachines","https:\/\/www.linkedin.com\/company\/cablepullingmachines","https:\/\/www.youtube.com\/@CablePullingMachines","https:\/\/www.instagram.com\/cablepullingmachines"],"description":"Cable laying products manufacturer from Turkiye. Cable Pulling Machines and Cable Drum Trailers Producer.","email":"erkangok@allame.net","telephone":"+905337789941","legalName":"SKYPULLTECH","foundingDate":"1999-02-12","vatID":"0550635748","iso6523Code":"1555ALL2025","numberOfEmployees":{"@type":"QuantitativeValue","minValue":"11","maxValue":"50"}}]}},"amp_enabled":true,"_links":{"self":[{"href":"https:\/\/cablepullingmachines.com\/es\/wp-json\/wp\/v2\/pages\/4639","targetHints":{"allow":["GET"]}}],"collection":[{"href":"https:\/\/cablepullingmachines.com\/es\/wp-json\/wp\/v2\/pages"}],"about":[{"href":"https:\/\/cablepullingmachines.com\/es\/wp-json\/wp\/v2\/types\/page"}],"author":[{"embeddable":true,"href":"https:\/\/cablepullingmachines.com\/es\/wp-json\/wp\/v2\/users\/1"}],"replies":[{"embeddable":true,"href":"https:\/\/cablepullingmachines.com\/es\/wp-json\/wp\/v2\/comments?post=4639"}],"version-history":[{"count":0,"href":"https:\/\/cablepullingmachines.com\/es\/wp-json\/wp\/v2\/pages\/4639\/revisions"}],"up":[{"embeddable":true,"href":"https:\/\/cablepullingmachines.com\/es\/wp-json\/wp\/v2\/pages\/4801"}],"wp:featuredmedia":[{"embeddable":true,"href":"https:\/\/cablepullingmachines.com\/es\/wp-json\/wp\/v2\/media\/5896"}],"wp:attachment":[{"href":"https:\/\/cablepullingmachines.com\/es\/wp-json\/wp\/v2\/media?parent=4639"}],"curies":[{"name":"wp","href":"https:\/\/api.w.org\/{rel}","templated":true}]}}