{"id":4632,"date":"2024-09-19T12:12:05","date_gmt":"2024-09-19T12:12:05","guid":{"rendered":"https:\/\/cablepullingmachines.com\/remolque-de-tambor-de-cable-hidraulico-7ton\/"},"modified":"2024-09-19T17:43:58","modified_gmt":"2024-09-19T17:43:58","slug":"remolque-de-tambor-de-cable-hidraulico-7ton","status":"publish","type":"page","link":"https:\/\/cablepullingmachines.com\/es\/remolques-de-cable\/remolques-de-tambor-de-cable-hidraulico\/remolque-de-tambor-de-cable-hidraulico-7ton\/","title":{"rendered":"Remolque de tambor de cable hidr\u00e1ulico 7TON"},"content":{"rendered":"<p>[av_image src=&#8217;http:\/\/cablepullingmachines.com\/wp-content\/uploads\/2015\/12\/Cable-Drum-Trailers-Romork-1-1.jpg&#8217; attachment=&#8217;1887&#8242; attachment_size=&#8217;full&#8217; align=&#8217;center&#8217; styling=&#8221; hover=&#8221; link=&#8221; target=&#8221; caption=&#8221; font_size=&#8221; appearance=&#8221; overlay_opacity=&#8217;0.4&#8242; overlay_color=&#8217;#000000&#8242; overlay_text_color=&#8217;#ffffff&#8217; animation=&#8217;no-animation&#8217; av_uid=&#8217;av-6lr2pv&#8217;][\/av_image]<\/p>\n<p>[av_heading tag=&#8217;h2&#8242; padding=&#8217;10&#8217; heading=&#8217;REMOLQUES DE CABLE HIDR\u00c1ULICOS 7TON&#8217; color=&#8221; style=&#8221; custom_font=&#8221; size=&#8221; subheading_active=&#8221; subheading_size=&#8217;15&#8217; custom_class=&#8221; admin_preview_bg=&#8221; av-desktop-hide=&#8221; av-medium-hide=&#8221; av-small-hide=&#8221; av-mini-hide=&#8221; av-medium-font-size-title=&#8221; av-small-font-size-title=&#8221; av-mini-font-size-title=&#8221; av-medium-font-size=&#8221; av-small-font-size=&#8221; av-mini-font-size=&#8221; av_uid=&#8217;av-6c7v0b&#8217;][\/av_heading]<\/p>\n<p>[av_textblock size=&#8221; font_color=&#8221; color=&#8221; av-medium-font-size=&#8221; av-small-font-size=&#8221; av-mini-font-size=&#8221; admin_preview_bg=&#8221; av_uid=&#8217;av-67wurf&#8217;]<br \/>\n<a href=\"http:\/\/www.cablepullingmachines.com\"><strong>Fabricantes de remolques de bobinas de cable<\/strong><\/a><strong>\u00bfQu\u00e9 servicios ofrecen los fabricantes de remolques para bobinas de cable?<\/strong><\/p>\n<p><em>Un REMOLQUE PORTACABLE est\u00e1 reconocido como uno de los accesorios m\u00e1s importantes e imprescindibles para cualquier tipo de empresa, ya sea una empresa de construcci\u00f3n, de telecomunicaciones o de suministro el\u00e9ctrico.<br \/>\nA continuaci\u00f3n, vamos a hablarte de este art\u00edculo. <\/em><\/p>\n<p><strong>Los remolques para bobinas <\/strong>de <strong>cable <\/strong>son el nombre del equipo clave que resulta vital para cargar y desenrollar las bobinas de cable y los carretes de cable de la mejor forma posible, de acuerdo con las normas m\u00e1s actuales.<br \/>\nUn remolque para bobinas de cable hace que la carga y tambi\u00e9n el desenrollado sean terriblemente eficaces.<br \/>\nEn la secci\u00f3n siguiente vamos a hablar de algunos de los servicios que ofrecen los <strong>fabricantes de remolques para bobinas de cable<\/strong>. Estas empresas ofrecen servicios <strong>de<\/strong> dise\u00f1o y construcci\u00f3n en tu nombre, desde los bocetos preliminares hasta la producci\u00f3n final.<br \/>\nTodas estas empresas tienen en cuenta cada uno de los impulsores del cambio, desde el principio.<br \/>\nTambi\u00e9n se encargan de inspirarte y apoyarte en la realizaci\u00f3n del cambio. <strong>Consultor\u00eda de productos de consumo y servicios financieros<\/strong> Resulta que los <strong>fabricantes de remolques de bobinas de cable<\/strong> dise\u00f1an modelos de desarrollo repetibles, as\u00ed como conductos avanzados que producen nuevos art\u00edculos con mayores posibilidades y menores posibilidades de aver\u00eda.<br \/>\nTambi\u00e9n trabajan tanto en el lado de la compra como en el de la venta y presentan a sus clientes respuestas insistentes y objetivas, concentr\u00e1ndose en gran medida en las mejores oportunidades. <strong>Energ\u00eda y atm\u00f3sfera &amp; Transporte de superficie &amp; Consultor\u00eda log\u00edstica<\/strong> Todas estas empresas funcionan en todas y cada una de las geograf\u00edas clave, lo que implica que conocen bien los impulsores b\u00e1sicos de la construcci\u00f3n de mercados.<br \/>\nEl transporte programado act\u00faa, desde las inclinaciones y el enfoque expansivos del mercado hasta la expansi\u00f3n de las estrategias incorporadas para ganar dinero.<br \/>\n<strong>Etiquetas: <\/strong>inclinaciones del mercado, estrategias para ganar dinero y respuestas objetivas Para m\u00e1s informaci\u00f3n, <a href=\"http:\/\/cablepullingmachines.com\/contact-page\/\">ponte en contacto con nosotros<\/a>.         <\/p>\n<h5>Fotos detalladas a continuaci\u00f3n;<\/h5>\n<p>[\/av_textblock]<\/p>\n<p>[av_hr class=&#8217;invisible&#8217; height=&#8217;10&#8217; shadow=&#8217;no-shadow&#8217; position=&#8217;center&#8217; custom_border=&#8217;av-border-thin&#8217; custom_width=&#8217;50px&#8217; custom_border_color=&#8221; custom_margin_top=&#8217;30px&#8217; custom_margin_bottom=&#8217;30px&#8217; icon_select=&#8217;yes&#8217; custom_icon_color=&#8221; icon=&#8217;ue808&#8242; font=&#8217;entypo-fontello&#8217; av_uid=&#8217;av-62opm3&#8242;]<\/p>\n<p>[av_gallery ids=&#8217;2063,2064,2065,2066,2067,2068,2069,2070,2071&#8242; style=&#8217;thumbnails&#8217; preview_size=&#8217;portfolio&#8217; crop_big_preview_thumbnail=&#8217;avia-gallery-big-crop-thumb&#8217; thumb_size=&#8217;medium&#8217; columns=&#8217;5&#8242; imagelink=&#8217;lightbox&#8217; lazyload=&#8217;avia_lazyload&#8217; admin_preview_bg=&#8221; av_uid=&#8217;av-5vvjzv&#8217;]<\/p>\n<p>[av_hr class=&#8217;short&#8217; height=&#8217;50&#8217; shadow=&#8217;no-shadow&#8217; position=&#8217;center&#8217; custom_border=&#8217;av-border-thin&#8217; custom_width=&#8217;50px&#8217; custom_border_color=&#8221; custom_margin_top=&#8217;30px&#8217; custom_margin_bottom=&#8217;30px&#8217; icon_select=&#8217;yes&#8217; custom_icon_color=&#8221; icon=&#8217;ue808&#8242; font=&#8217;entypo-fontello&#8217; av_uid=&#8217;av-5qkayr&#8217;]<\/p>\n<p>[av_heading tag=&#8217;h2&#8242; padding=&#8217;3&#8242; heading=&#8217;Especificaciones&#8217; color=&#8221; style=&#8217;blockquote modern-quote modern-centered&#8217; custom_font=&#8221; size=&#8221; subheading_active=&#8221; subheading_size=&#8217;15&#8217; custom_class=&#8221; admin_preview_bg=&#8221; av-desktop-hide=&#8221; av-medium-hide=&#8221; av-small-hide=&#8221; av-mini-hide=&#8221; av-medium-font-size-title=&#8221; av-small-font-size-title=&#8221; av-mini-font-size-title=&#8221; av-medium-font-size=&#8221; av-small-font-size=&#8221; av-mini-font-size=&#8221; av_uid=&#8217;av-jyyw3&#8242;][\/av_heading]<\/p>\n<p>[av_table purpose=&#8217;tabular&#8217; pricing_table_design=&#8217;avia_pricing_default&#8217; pricing_hidden_cells=&#8221; caption=&#8217;Especificaciones&#8217; responsive_styling=&#8217;avia_responsive_table&#8217; av_uid=&#8217;av-5c7kcb&#8217;]<br \/>\n[av_row row_style=&#8221; av_uid=&#8217;av-55som3&#8242;][av_cell col_style=&#8221; av_uid=&#8217;av-4zck4r&#8217;]Longitud (mm)<br \/>\n[\/av_cell][av_cell col_style=&#8221; av_uid=&#8217;av-1s1qb&#8217;]4000<br \/>\n[\/av_cell][\/av_row]<br \/>\n[av_row row_style=&#8221; av_uid=&#8217;av-gszhv&#8217;][av_cell col_style=&#8221; av_uid=&#8217;av-4ieuab&#8217;]Anchura (mm)<br \/>\n[\/av_cell][av_cell col_style=&#8221; av_uid=&#8217;av-4dsbor&#8217;]2550<br \/>\n[\/av_cell][\/av_row]<br \/>\n[av_row row_style=&#8221; av_uid=&#8217;av-45koxv&#8217;][av_cell col_style=&#8221; av_uid=&#8217;av-41m483&#8242;]Altura (mm)<br \/>\n[\/av_cell][av_cell col_style=&#8221; av_uid=&#8217;av-3vlok3&#8242;]2000<br \/>\n[\/av_cell][\/av_row]<br \/>\n[av_row row_style=&#8221; av_uid=&#8217;av-dladf&#8217;][av_cell col_style=&#8221; av_uid=&#8217;av-3mdjrn&#8217;]Peso en vac\u00edo (kg)<br \/>\n[\/av_cell][av_cell col_style=&#8221; av_uid=&#8217;av-3et3wb&#8217;]1000<br \/>\n[\/av_cell][\/av_row]<br \/>\n[av_row row_style=&#8221; av_uid=&#8217;av-3aufbn&#8217;][av_cell col_style=&#8221; av_uid=&#8217;av-33rtff&#8217;]Carga \u00fatil (kg)<br \/>\n[\/av_cell][av_cell col_style=&#8221; av_uid=&#8217;av-2x9j0j&#8217;]7000<br \/>\n[\/av_cell][\/av_row]<br \/>\n[av_row row_style=&#8221; av_uid=&#8217;av-2s4xyb&#8217;][av_cell col_style=&#8221; av_uid=&#8217;av-2muhgz&#8217;]Peso total (kg)<br \/>\n[\/av_cell][av_cell col_style=&#8221; av_uid=&#8217;av-2ckrab&#8217;]8000<br \/>\n[\/av_cell][\/av_row]<br \/>\n[av_row row_style=&#8221; av_uid=&#8217;av-2a9rmr&#8217;][av_cell col_style=&#8221; av_uid=&#8217;av-212lkb&#8217;]Freno<br \/>\n[\/av_cell][av_cell col_style=&#8221; av_uid=&#8217;av-1uoj5n&#8217;]rebasamiento<br \/>\n[\/av_cell][\/av_row]<br \/>\n[av_row row_style=&#8221; av_uid=&#8217;av-1q8jwb&#8217;][av_cell col_style=&#8221; av_uid=&#8217;av-1kkc1n&#8217;]m\u00e1x.<br \/>\n\u00d8 tambor<br \/>\n(mm)<br \/>\n[\/av_cell][av_cell col_style=&#8221; av_uid=&#8217;av-1dqenf&#8217;]3000<br \/>\n[\/av_cell][\/av_row]<br \/>\n[av_row row_style=&#8221; av_uid=&#8217;av-1as6kr&#8217;][av_cell col_style=&#8221; av_uid=&#8217;av-14ldqr&#8217;]Anchura libre de carga (mm)<br \/>\n[\/av_cell][av_cell col_style=&#8221; av_uid=&#8217;av-x2xmr&#8217;]1750<br \/>\n[\/av_cell][\/av_row]<br \/>\n[av_row row_style=&#8221; av_uid=&#8217;av-s6k3f&#8217;][av_cell col_style=&#8221; av_uid=&#8217;av-j3khn&#8217;]Tama\u00f1o de los neum\u00e1ticos[\/av_cell][av_cell col_style=&#8221; av_uid=&#8217;av-e1onf&#8217;]12x80x15[\/av_cell][\/av_row]<br \/>\n[\/av_table]<\/p>\n<p>[av_hr class=&#8217;short&#8217; height=&#8217;50&#8217; shadow=&#8217;no-shadow&#8217; position=&#8217;center&#8217; custom_border=&#8217;av-border-thin&#8217; custom_width=&#8217;50px&#8217; custom_border_color=&#8221; custom_margin_top=&#8217;30px&#8217; custom_margin_bottom=&#8217;30px&#8217; icon_select=&#8217;yes&#8217; custom_icon_color=&#8221; icon=&#8217;ue808&#8242; font=&#8217;entypo-fontello&#8217; av_uid=&#8217;av-6oqub&#8217;]<\/p>\n","protected":false},"excerpt":{"rendered":"<p>[av_image src=&#8217;http:\/\/cablepullingmachines.com\/wp-content\/uploads\/2015\/12\/Cable-Drum-Trailers-Romork-1-1.jpg&#8217; attachment=&#8217;1887&#8242; attachment_size=&#8217;full&#8217; align=&#8217;center&#8217; styling=&#8221; hover=&#8221; link=&#8221; target=&#8221; caption=&#8221; font_size=&#8221; appearance=&#8221; overlay_opacity=&#8217;0.4&#8242; overlay_color=&#8217;#000000&#8242; overlay_text_color=&#8217;#ffffff&#8217; animation=&#8217;no-animation&#8217; av_uid=&#8217;av-6lr2pv&#8217;][\/av_image] [av_heading tag=&#8217;h2&#8242; padding=&#8217;10&#8217; heading=&#8217;REMOLQUES DE CABLE HIDR\u00c1ULICOS 7TON&#8217; color=&#8221; style=&#8221; custom_font=&#8221; size=&#8221; subheading_active=&#8221; subheading_size=&#8217;15&#8217; custom_class=&#8221; admin_preview_bg=&#8221; av-desktop-hide=&#8221; av-medium-hide=&#8221; av-small-hide=&#8221; av-mini-hide=&#8221; av-medium-font-size-title=&#8221; av-small-font-size-title=&#8221; av-mini-font-size-title=&#8221; av-medium-font-size=&#8221; av-small-font-size=&#8221; av-mini-font-size=&#8221; av_uid=&#8217;av-6c7v0b&#8217;][\/av_heading] [av_textblock size=&#8221; font_color=&#8221; color=&#8221; av-medium-font-size=&#8221; av-small-font-size=&#8221; av-mini-font-size=&#8221; admin_preview_bg=&#8221; av_uid=&#8217;av-67wurf&#8217;] Fabricantes de<\/p>\n","protected":false},"author":1,"featured_media":5874,"parent":4801,"menu_order":0,"comment_status":"closed","ping_status":"closed","template":"","meta":{"_joinchat":[],"footnotes":""},"class_list":["post-4632","page","type-page","status-publish","has-post-thumbnail","hentry"],"yoast_head":"<!-- This site is optimized with the Yoast SEO Premium plugin v26.8 (Yoast SEO v27.0) - https:\/\/yoast.com\/product\/yoast-seo-premium-wordpress\/ -->\n<title>Remolque de tambor de cable hidr\u00e1ulico 7TON - Cable Pulling Machines Manufacturer<\/title>\n<meta name=\"description\" content=\"Remolque de tambor de cable hidr\u00e1ulico 7TON - Cable Pulling Machines Manufacturer\" \/>\n<meta name=\"robots\" content=\"index, follow, max-snippet:-1, max-image-preview:large, max-video-preview:-1\" \/>\n<link rel=\"canonical\" href=\"https:\/\/cablepullingmachines.com\/es\/remolques-de-cable\/remolques-de-tambor-de-cable-hidraulico\/remolque-de-tambor-de-cable-hidraulico-7ton\/\" \/>\n<meta property=\"og:locale\" content=\"es_ES\" \/>\n<meta property=\"og:type\" content=\"article\" \/>\n<meta property=\"og:title\" content=\"Remolque de tambor de cable hidr\u00e1ulico 7TON\" \/>\n<meta property=\"og:description\" content=\"Remolque de tambor de cable hidr\u00e1ulico 7TON - Cable Pulling Machines Manufacturer\" \/>\n<meta property=\"og:url\" content=\"https:\/\/cablepullingmachines.com\/es\/remolques-de-cable\/remolques-de-tambor-de-cable-hidraulico\/remolque-de-tambor-de-cable-hidraulico-7ton\/\" \/>\n<meta property=\"og:site_name\" content=\"Cable Pulling Machines Manufacturer\" \/>\n<meta property=\"article:publisher\" content=\"https:\/\/www.facebook.com\/cablepullingmachines\" \/>\n<meta property=\"article:modified_time\" content=\"2024-09-19T17:43:58+00:00\" \/>\n<meta property=\"og:image\" content=\"https:\/\/cablepullingmachines.com\/wp-content\/uploads\/2025\/02\/Full-Hydraulic-Cable-Drum-Trailers-30-tons.webp\" \/>\n\t<meta property=\"og:image:width\" content=\"1010\" \/>\n\t<meta property=\"og:image:height\" content=\"617\" \/>\n\t<meta property=\"og:image:type\" content=\"image\/webp\" \/>\n<meta name=\"twitter:card\" content=\"summary_large_image\" \/>\n<meta name=\"twitter:label1\" content=\"Tiempo de lectura\" \/>\n\t<meta name=\"twitter:data1\" content=\"6 minutos\" \/>\n<script type=\"application\/ld+json\" class=\"yoast-schema-graph\">{\"@context\":\"https:\/\/schema.org\",\"@graph\":[{\"@type\":\"WebPage\",\"@id\":\"https:\/\/cablepullingmachines.com\/es\/remolques-de-cable\/remolques-de-tambor-de-cable-hidraulico\/remolque-de-tambor-de-cable-hidraulico-7ton\/\",\"url\":\"https:\/\/cablepullingmachines.com\/es\/remolques-de-cable\/remolques-de-tambor-de-cable-hidraulico\/remolque-de-tambor-de-cable-hidraulico-7ton\/\",\"name\":\"Remolque de tambor de cable hidr\u00e1ulico 7TON - Cable Pulling Machines Manufacturer\",\"isPartOf\":{\"@id\":\"https:\/\/cablepullingmachines.com\/#website\"},\"primaryImageOfPage\":{\"@id\":\"https:\/\/cablepullingmachines.com\/es\/remolques-de-cable\/remolques-de-tambor-de-cable-hidraulico\/remolque-de-tambor-de-cable-hidraulico-7ton\/#primaryimage\"},\"image\":{\"@id\":\"https:\/\/cablepullingmachines.com\/es\/remolques-de-cable\/remolques-de-tambor-de-cable-hidraulico\/remolque-de-tambor-de-cable-hidraulico-7ton\/#primaryimage\"},\"thumbnailUrl\":\"https:\/\/cablepullingmachines.com\/wp-content\/uploads\/2025\/02\/Hydraulic-Cable-Drum-Trailers-7-tons-2.webp\",\"datePublished\":\"2024-09-19T12:12:05+00:00\",\"dateModified\":\"2024-09-19T17:43:58+00:00\",\"description\":\"Remolque de tambor de cable hidr\u00e1ulico 7TON - Cable Pulling Machines Manufacturer\",\"breadcrumb\":{\"@id\":\"https:\/\/cablepullingmachines.com\/es\/remolques-de-cable\/remolques-de-tambor-de-cable-hidraulico\/remolque-de-tambor-de-cable-hidraulico-7ton\/#breadcrumb\"},\"inLanguage\":\"es\",\"potentialAction\":[{\"@type\":\"ReadAction\",\"target\":[\"https:\/\/cablepullingmachines.com\/es\/remolques-de-cable\/remolques-de-tambor-de-cable-hidraulico\/remolque-de-tambor-de-cable-hidraulico-7ton\/\"]}]},{\"@type\":\"ImageObject\",\"inLanguage\":\"es\",\"@id\":\"https:\/\/cablepullingmachines.com\/es\/remolques-de-cable\/remolques-de-tambor-de-cable-hidraulico\/remolque-de-tambor-de-cable-hidraulico-7ton\/#primaryimage\",\"url\":\"https:\/\/cablepullingmachines.com\/wp-content\/uploads\/2025\/02\/Hydraulic-Cable-Drum-Trailers-7-tons-2.webp\",\"contentUrl\":\"https:\/\/cablepullingmachines.com\/wp-content\/uploads\/2025\/02\/Hydraulic-Cable-Drum-Trailers-7-tons-2.webp\",\"width\":700,\"height\":504,\"caption\":\"Hydraulic Cable Drum Trailers 7 tons\"},{\"@type\":\"BreadcrumbList\",\"@id\":\"https:\/\/cablepullingmachines.com\/es\/remolques-de-cable\/remolques-de-tambor-de-cable-hidraulico\/remolque-de-tambor-de-cable-hidraulico-7ton\/#breadcrumb\",\"itemListElement\":[{\"@type\":\"ListItem\",\"position\":1,\"name\":\"Home\",\"item\":\"https:\/\/cablepullingmachines.com\/es\/a\/\"},{\"@type\":\"ListItem\",\"position\":2,\"name\":\"Remolques de Cable\",\"item\":\"https:\/\/cablepullingmachines.com\/es\/?page_id=4729\"},{\"@type\":\"ListItem\",\"position\":3,\"name\":\"Remolques de Tambor de Cable Hidr\u00e1ulico\",\"item\":\"https:\/\/cablepullingmachines.com\/es\/remolques-de-cable\/remolques-de-tambor-de-cable-hidraulico\/\"},{\"@type\":\"ListItem\",\"position\":4,\"name\":\"Remolque de tambor de cable hidr\u00e1ulico 7TON\"}]},{\"@type\":\"WebSite\",\"@id\":\"https:\/\/cablepullingmachines.com\/#website\",\"url\":\"https:\/\/cablepullingmachines.com\/\",\"name\":\"Cable Pulling Machines and Cable Drum Trailers\",\"description\":\"Cable Pulling Machines, Winches, Cable Drum Trailers\",\"publisher\":{\"@id\":\"https:\/\/cablepullingmachines.com\/#organization\"},\"alternateName\":\"Cable Drum Trailers Manufacturer\",\"potentialAction\":[{\"@type\":\"SearchAction\",\"target\":{\"@type\":\"EntryPoint\",\"urlTemplate\":\"https:\/\/cablepullingmachines.com\/?s={search_term_string}\"},\"query-input\":{\"@type\":\"PropertyValueSpecification\",\"valueRequired\":true,\"valueName\":\"search_term_string\"}}],\"inLanguage\":\"es\"},{\"@type\":\"Organization\",\"@id\":\"https:\/\/cablepullingmachines.com\/#organization\",\"name\":\"Allame Makina Ltd Sti\",\"alternateName\":\"Cable Drum Trailers Manufacturer\",\"url\":\"https:\/\/cablepullingmachines.com\/\",\"logo\":{\"@type\":\"ImageObject\",\"inLanguage\":\"es\",\"@id\":\"https:\/\/cablepullingmachines.com\/#\/schema\/logo\/image\/\",\"url\":\"https:\/\/cablepullingmachines.com\/wp-content\/uploads\/2015\/10\/logo.jpg\",\"contentUrl\":\"https:\/\/cablepullingmachines.com\/wp-content\/uploads\/2015\/10\/logo.jpg\",\"width\":300,\"height\":140,\"caption\":\"Allame Makina Ltd Sti\"},\"image\":{\"@id\":\"https:\/\/cablepullingmachines.com\/#\/schema\/logo\/image\/\"},\"sameAs\":[\"https:\/\/www.facebook.com\/cablepullingmachines\",\"https:\/\/www.linkedin.com\/company\/cablepullingmachines\",\"https:\/\/www.youtube.com\/@CablePullingMachines\",\"https:\/\/www.instagram.com\/cablepullingmachines\"],\"description\":\"Cable laying products manufacturer from Turkiye. Cable Pulling Machines and Cable Drum Trailers Producer.\",\"email\":\"erkangok@allame.net\",\"telephone\":\"+905337789941\",\"legalName\":\"SKYPULLTECH\",\"foundingDate\":\"1999-02-12\",\"vatID\":\"0550635748\",\"iso6523Code\":\"1555ALL2025\",\"numberOfEmployees\":{\"@type\":\"QuantitativeValue\",\"minValue\":\"11\",\"maxValue\":\"50\"}}]}<\/script>\n<!-- \/ Yoast SEO Premium plugin. -->","yoast_head_json":{"title":"Remolque de tambor de cable hidr\u00e1ulico 7TON - Cable Pulling Machines Manufacturer","description":"Remolque de tambor de cable hidr\u00e1ulico 7TON - Cable Pulling Machines Manufacturer","robots":{"index":"index","follow":"follow","max-snippet":"max-snippet:-1","max-image-preview":"max-image-preview:large","max-video-preview":"max-video-preview:-1"},"canonical":"https:\/\/cablepullingmachines.com\/es\/remolques-de-cable\/remolques-de-tambor-de-cable-hidraulico\/remolque-de-tambor-de-cable-hidraulico-7ton\/","og_locale":"es_ES","og_type":"article","og_title":"Remolque de tambor de cable hidr\u00e1ulico 7TON","og_description":"Remolque de tambor de cable hidr\u00e1ulico 7TON - Cable Pulling Machines Manufacturer","og_url":"https:\/\/cablepullingmachines.com\/es\/remolques-de-cable\/remolques-de-tambor-de-cable-hidraulico\/remolque-de-tambor-de-cable-hidraulico-7ton\/","og_site_name":"Cable Pulling Machines Manufacturer","article_publisher":"https:\/\/www.facebook.com\/cablepullingmachines","article_modified_time":"2024-09-19T17:43:58+00:00","og_image":[{"width":1010,"height":617,"url":"https:\/\/cablepullingmachines.com\/wp-content\/uploads\/2025\/02\/Full-Hydraulic-Cable-Drum-Trailers-30-tons.webp","type":"image\/webp"}],"twitter_card":"summary_large_image","twitter_misc":{"Tiempo de lectura":"6 minutos"},"schema":{"@context":"https:\/\/schema.org","@graph":[{"@type":"WebPage","@id":"https:\/\/cablepullingmachines.com\/es\/remolques-de-cable\/remolques-de-tambor-de-cable-hidraulico\/remolque-de-tambor-de-cable-hidraulico-7ton\/","url":"https:\/\/cablepullingmachines.com\/es\/remolques-de-cable\/remolques-de-tambor-de-cable-hidraulico\/remolque-de-tambor-de-cable-hidraulico-7ton\/","name":"Remolque de tambor de cable hidr\u00e1ulico 7TON - Cable Pulling Machines Manufacturer","isPartOf":{"@id":"https:\/\/cablepullingmachines.com\/#website"},"primaryImageOfPage":{"@id":"https:\/\/cablepullingmachines.com\/es\/remolques-de-cable\/remolques-de-tambor-de-cable-hidraulico\/remolque-de-tambor-de-cable-hidraulico-7ton\/#primaryimage"},"image":{"@id":"https:\/\/cablepullingmachines.com\/es\/remolques-de-cable\/remolques-de-tambor-de-cable-hidraulico\/remolque-de-tambor-de-cable-hidraulico-7ton\/#primaryimage"},"thumbnailUrl":"https:\/\/cablepullingmachines.com\/wp-content\/uploads\/2025\/02\/Hydraulic-Cable-Drum-Trailers-7-tons-2.webp","datePublished":"2024-09-19T12:12:05+00:00","dateModified":"2024-09-19T17:43:58+00:00","description":"Remolque de tambor de cable hidr\u00e1ulico 7TON - Cable Pulling Machines Manufacturer","breadcrumb":{"@id":"https:\/\/cablepullingmachines.com\/es\/remolques-de-cable\/remolques-de-tambor-de-cable-hidraulico\/remolque-de-tambor-de-cable-hidraulico-7ton\/#breadcrumb"},"inLanguage":"es","potentialAction":[{"@type":"ReadAction","target":["https:\/\/cablepullingmachines.com\/es\/remolques-de-cable\/remolques-de-tambor-de-cable-hidraulico\/remolque-de-tambor-de-cable-hidraulico-7ton\/"]}]},{"@type":"ImageObject","inLanguage":"es","@id":"https:\/\/cablepullingmachines.com\/es\/remolques-de-cable\/remolques-de-tambor-de-cable-hidraulico\/remolque-de-tambor-de-cable-hidraulico-7ton\/#primaryimage","url":"https:\/\/cablepullingmachines.com\/wp-content\/uploads\/2025\/02\/Hydraulic-Cable-Drum-Trailers-7-tons-2.webp","contentUrl":"https:\/\/cablepullingmachines.com\/wp-content\/uploads\/2025\/02\/Hydraulic-Cable-Drum-Trailers-7-tons-2.webp","width":700,"height":504,"caption":"Hydraulic Cable Drum Trailers 7 tons"},{"@type":"BreadcrumbList","@id":"https:\/\/cablepullingmachines.com\/es\/remolques-de-cable\/remolques-de-tambor-de-cable-hidraulico\/remolque-de-tambor-de-cable-hidraulico-7ton\/#breadcrumb","itemListElement":[{"@type":"ListItem","position":1,"name":"Home","item":"https:\/\/cablepullingmachines.com\/es\/a\/"},{"@type":"ListItem","position":2,"name":"Remolques de Cable","item":"https:\/\/cablepullingmachines.com\/es\/?page_id=4729"},{"@type":"ListItem","position":3,"name":"Remolques de Tambor de Cable Hidr\u00e1ulico","item":"https:\/\/cablepullingmachines.com\/es\/remolques-de-cable\/remolques-de-tambor-de-cable-hidraulico\/"},{"@type":"ListItem","position":4,"name":"Remolque de tambor de cable hidr\u00e1ulico 7TON"}]},{"@type":"WebSite","@id":"https:\/\/cablepullingmachines.com\/#website","url":"https:\/\/cablepullingmachines.com\/","name":"Cable Pulling Machines and Cable Drum Trailers","description":"Cable Pulling Machines, Winches, Cable Drum Trailers","publisher":{"@id":"https:\/\/cablepullingmachines.com\/#organization"},"alternateName":"Cable Drum Trailers Manufacturer","potentialAction":[{"@type":"SearchAction","target":{"@type":"EntryPoint","urlTemplate":"https:\/\/cablepullingmachines.com\/?s={search_term_string}"},"query-input":{"@type":"PropertyValueSpecification","valueRequired":true,"valueName":"search_term_string"}}],"inLanguage":"es"},{"@type":"Organization","@id":"https:\/\/cablepullingmachines.com\/#organization","name":"Allame Makina Ltd Sti","alternateName":"Cable Drum Trailers Manufacturer","url":"https:\/\/cablepullingmachines.com\/","logo":{"@type":"ImageObject","inLanguage":"es","@id":"https:\/\/cablepullingmachines.com\/#\/schema\/logo\/image\/","url":"https:\/\/cablepullingmachines.com\/wp-content\/uploads\/2015\/10\/logo.jpg","contentUrl":"https:\/\/cablepullingmachines.com\/wp-content\/uploads\/2015\/10\/logo.jpg","width":300,"height":140,"caption":"Allame Makina Ltd Sti"},"image":{"@id":"https:\/\/cablepullingmachines.com\/#\/schema\/logo\/image\/"},"sameAs":["https:\/\/www.facebook.com\/cablepullingmachines","https:\/\/www.linkedin.com\/company\/cablepullingmachines","https:\/\/www.youtube.com\/@CablePullingMachines","https:\/\/www.instagram.com\/cablepullingmachines"],"description":"Cable laying products manufacturer from Turkiye. Cable Pulling Machines and Cable Drum Trailers Producer.","email":"erkangok@allame.net","telephone":"+905337789941","legalName":"SKYPULLTECH","foundingDate":"1999-02-12","vatID":"0550635748","iso6523Code":"1555ALL2025","numberOfEmployees":{"@type":"QuantitativeValue","minValue":"11","maxValue":"50"}}]}},"amp_enabled":true,"_links":{"self":[{"href":"https:\/\/cablepullingmachines.com\/es\/wp-json\/wp\/v2\/pages\/4632","targetHints":{"allow":["GET"]}}],"collection":[{"href":"https:\/\/cablepullingmachines.com\/es\/wp-json\/wp\/v2\/pages"}],"about":[{"href":"https:\/\/cablepullingmachines.com\/es\/wp-json\/wp\/v2\/types\/page"}],"author":[{"embeddable":true,"href":"https:\/\/cablepullingmachines.com\/es\/wp-json\/wp\/v2\/users\/1"}],"replies":[{"embeddable":true,"href":"https:\/\/cablepullingmachines.com\/es\/wp-json\/wp\/v2\/comments?post=4632"}],"version-history":[{"count":0,"href":"https:\/\/cablepullingmachines.com\/es\/wp-json\/wp\/v2\/pages\/4632\/revisions"}],"up":[{"embeddable":true,"href":"https:\/\/cablepullingmachines.com\/es\/wp-json\/wp\/v2\/pages\/4801"}],"wp:featuredmedia":[{"embeddable":true,"href":"https:\/\/cablepullingmachines.com\/es\/wp-json\/wp\/v2\/media\/5874"}],"wp:attachment":[{"href":"https:\/\/cablepullingmachines.com\/es\/wp-json\/wp\/v2\/media?parent=4632"}],"curies":[{"name":"wp","href":"https:\/\/api.w.org\/{rel}","templated":true}]}}