{"id":4586,"date":"2024-09-19T12:11:51","date_gmt":"2024-09-19T12:11:51","guid":{"rendered":"https:\/\/cablepullingmachines.com\/mini-sopladoras-de-cable-de-fibra-optica\/"},"modified":"2024-09-19T12:11:54","modified_gmt":"2024-09-19T12:11:54","slug":"mini-sopladoras-de-cable-de-fibra-optica","status":"publish","type":"page","link":"https:\/\/cablepullingmachines.com\/es\/maquinas-de-soplado-de-cables\/mini-sopladoras-de-cable-de-fibra-optica\/","title":{"rendered":"Mini sopladoras de cable de fibra \u00f3ptica"},"content":{"rendered":"<h1>Mini sopladoras de cable de fibra \u00f3ptica<\/h1>\n<p>  Si tienes un cable de fibra \u00f3ptica cuyo di\u00e1metro oscila entre 4 mm y 12 mm y quieres soplar en un conducto, la forma m\u00e1s f\u00e1cil de hacerlo es utilizando <em><strong>MINISKY<\/strong> <\/em>que tiene una paleta (cinta) para cables de fibra \u00f3ptica de 2,5 mm a 12 mm y funciona con un motor para soplar cables y tubos.  <figure id=\"attachment_2246\" aria-describedby=\"caption-attachment-2246\" style=\"width: 1000px\" class=\"wp-caption alignleft\"><img decoding=\"async\" class=\"size-full wp-image-2246 lazyload\" data-src=\"https:\/\/cablepullingmachines.com\/wp-content\/uploads\/2020\/09\/MiniSKY.png\" alt=\"M\u00e1quina sopladora de cables de fibra MiniSKY\" width=\"1000\" height=\"667\" data-srcset=\"https:\/\/cablepullingmachines.com\/wp-content\/uploads\/2020\/09\/MiniSKY.png 1000w, https:\/\/cablepullingmachines.com\/wp-content\/uploads\/2020\/09\/MiniSKY-300x200.png 300w, https:\/\/cablepullingmachines.com\/wp-content\/uploads\/2020\/09\/MiniSKY-768x512.png 768w, https:\/\/cablepullingmachines.com\/wp-content\/uploads\/2020\/09\/MiniSKY-705x470.png 705w\" data-sizes=\"(max-width: 1000px) 100vw, 1000px\" src=\"data:image\/svg+xml;base64,PHN2ZyB3aWR0aD0iMSIgaGVpZ2h0PSIxIiB4bWxucz0iaHR0cDovL3d3dy53My5vcmcvMjAwMC9zdmciPjwvc3ZnPg==\" style=\"--smush-placeholder-width: 1000px; --smush-placeholder-aspect-ratio: 1000\/667;\" \/><figcaption id=\"caption-attachment-2246\" class=\"wp-caption-text\">M\u00e1quina sopladora de cables de fibra MiniSKY<\/figcaption><\/figure>  Esta m\u00e1quina est\u00e1 controlada por un solo t\u00e9cnico y produce bajos niveles de ruido.<br \/>\nNuestra <strong>MINISKY<\/strong> puede soplar cables en dos direcciones, hacia delante y hacia atr\u00e1s.<br \/>\nEl movimiento ascendente y descendente de las cintas empujadoras de cables se controla mediante un pist\u00f3n neum\u00e1tico y la presi\u00f3n se regula mediante un regulador.<br \/>\nEsta m\u00e1quina es muy f\u00e1cil de manejar, la correa empujadora de cables puede cambiarse f\u00e1cilmente, as\u00ed como las piezas de alineaci\u00f3n de los cables.<br \/>\n<em><strong>MINISKY<\/strong> <\/em>es muy s\u00f3lida y tiene una calidad superior, y hay muchos factores detr\u00e1s de ello, como la protecci\u00f3n de acero inoxidable y la caja de la m\u00e1quina de acero inoxidable, adem\u00e1s de eso, viene con el sistema de lubricaci\u00f3n por aire marcado FESTO y la v\u00e1lvula marcada MINDMAN, y el indicador mec\u00e1nico marcado ELESA.      &nbsp;  El proceso de soplado de cables con el <em><strong>MINISKY<\/strong> <\/em>es seguro porque se detiene autom\u00e1ticamente antes de que se rompa el cable, adem\u00e1s tiene un medidor de cable mec\u00e1nico para medir la distancia que ha recorrido el cable y una v\u00e1lvula para expulsar el aire a presi\u00f3n.  &nbsp;  Con<br \/>\n<em><strong>MINISKY<\/strong><\/em>recibir\u00e1s herramientas manuales con bolsa blanda y una caja de aceite lubricante para aire, adem\u00e1s de la pieza de conexi\u00f3n r\u00e1pida Aqu\u00ed encontrar\u00e1s las especificaciones t\u00e9cnicas:   <\/p>\n<ul>\n<li>MINISKYK: <em><strong>MINI SOPLADORA DE CABLE DE FIBRA \u00d3PTICA <\/strong><\/em> <\/li>\n<li>CONTROL POR EL T\u00c9CNICO.<\/li>\n<li>DI\u00c1METRO DEL CONDUCTO = DE 10 MM A 40 MM.<\/li>\n<li>DI\u00c1METRO DEL CABLE = DE 2,5 MM A 12 MM.<\/li>\n<li>AIRE NECESARIO= M\u00cdNIMO 15 BAR &#8211; 2 METERCUP \/ MINUTO.<\/li>\n<li>DIMENSIONES= 44 CM X 36 CM X 59 CM<\/li>\n<li>PESO = 50 KG<\/li>\n<li>VELOCIDAD DE INSTALACI\u00d3N DEL CABLE =0-30-50 METROS \/ MINUTO<\/li>\n<li>DIRECCI\u00d3N =HACIA DELANTE Y HACIA ATR\u00c1S<\/li>\n<\/ul>\n<figure id=\"attachment_2247\" aria-describedby=\"caption-attachment-2247\" style=\"width: 600px\" class=\"wp-caption alignleft\"><img decoding=\"async\" class=\"size-full wp-image-2247 lazyload\" data-src=\"https:\/\/cablepullingmachines.com\/wp-content\/uploads\/2020\/09\/Cable-blowing-machine-MiniSKY.jpg\" alt=\"M\u00e1quina sopladora de cables MiniSKY\" width=\"600\" height=\"400\" data-srcset=\"https:\/\/cablepullingmachines.com\/wp-content\/uploads\/2020\/09\/Cable-blowing-machine-MiniSKY.jpg 600w, https:\/\/cablepullingmachines.com\/wp-content\/uploads\/2020\/09\/Cable-blowing-machine-MiniSKY-300x200.jpg 300w\" data-sizes=\"(max-width: 600px) 100vw, 600px\" src=\"data:image\/svg+xml;base64,PHN2ZyB3aWR0aD0iMSIgaGVpZ2h0PSIxIiB4bWxucz0iaHR0cDovL3d3dy53My5vcmcvMjAwMC9zdmciPjwvc3ZnPg==\" style=\"--smush-placeholder-width: 600px; --smush-placeholder-aspect-ratio: 600\/400;\" \/><figcaption id=\"caption-attachment-2247\" class=\"wp-caption-text\">M\u00e1quina sopladora de cables MiniSKY<\/figcaption><\/figure>\n<p><img decoding=\"async\" class=\"alignleft size-full wp-image-2248 lazyload\" data-src=\"https:\/\/cablepullingmachines.com\/wp-content\/uploads\/2020\/09\/MiniSKY-cable-blowing-machine.jpg\" alt=\"\" width=\"600\" height=\"400\" data-srcset=\"https:\/\/cablepullingmachines.com\/wp-content\/uploads\/2020\/09\/MiniSKY-cable-blowing-machine.jpg 600w, https:\/\/cablepullingmachines.com\/wp-content\/uploads\/2020\/09\/MiniSKY-cable-blowing-machine-300x200.jpg 300w\" data-sizes=\"(max-width: 600px) 100vw, 600px\" src=\"data:image\/svg+xml;base64,PHN2ZyB3aWR0aD0iMSIgaGVpZ2h0PSIxIiB4bWxucz0iaHR0cDovL3d3dy53My5vcmcvMjAwMC9zdmciPjwvc3ZnPg==\" style=\"--smush-placeholder-width: 600px; --smush-placeholder-aspect-ratio: 600\/400;\" \/><\/p>\n","protected":false},"excerpt":{"rendered":"<p>Mini sopladoras de cable de fibra \u00f3ptica Si tienes un cable de fibra \u00f3ptica cuyo di\u00e1metro oscila entre 4 mm y 12 mm y quieres soplar en un conducto, la forma m\u00e1s f\u00e1cil de hacerlo es utilizando MINISKY que tiene una paleta (cinta) para cables de fibra \u00f3ptica de 2,5 mm a 12 mm y<\/p>\n","protected":false},"author":1,"featured_media":4280,"parent":4598,"menu_order":0,"comment_status":"closed","ping_status":"closed","template":"","meta":{"_joinchat":[],"footnotes":""},"class_list":["post-4586","page","type-page","status-publish","has-post-thumbnail","hentry"],"yoast_head":"<!-- This site is optimized with the Yoast SEO Premium plugin v26.8 (Yoast SEO v27.0) - https:\/\/yoast.com\/product\/yoast-seo-premium-wordpress\/ -->\n<title>Mini sopladoras de cable de fibra \u00f3ptica - Cable Pulling Machines Manufacturer<\/title>\n<meta name=\"description\" content=\"Mini sopladoras de cable de fibra \u00f3ptica - Cable Pulling Machines Manufacturer\" \/>\n<meta name=\"robots\" content=\"index, follow, max-snippet:-1, max-image-preview:large, max-video-preview:-1\" \/>\n<link rel=\"canonical\" href=\"https:\/\/cablepullingmachines.com\/es\/?page_id=4586\" \/>\n<meta property=\"og:locale\" content=\"es_ES\" \/>\n<meta property=\"og:type\" content=\"article\" \/>\n<meta property=\"og:title\" content=\"Mini sopladoras de cable de fibra \u00f3ptica\" \/>\n<meta property=\"og:description\" content=\"Mini sopladoras de cable de fibra \u00f3ptica - Cable Pulling Machines Manufacturer\" \/>\n<meta property=\"og:url\" content=\"https:\/\/cablepullingmachines.com\/es\/?page_id=4586\" \/>\n<meta property=\"og:site_name\" content=\"Cable Pulling Machines Manufacturer\" \/>\n<meta property=\"article:publisher\" content=\"https:\/\/www.facebook.com\/cablepullingmachines\" \/>\n<meta property=\"article:modified_time\" content=\"2024-09-19T12:11:54+00:00\" \/>\n<meta property=\"og:image\" content=\"https:\/\/i0.wp.com\/cablepullingmachines.com\/wp-content\/uploads\/2020\/09\/MiniSKY.png?fit=1000%2C667&ssl=1\" \/>\n\t<meta property=\"og:image:width\" content=\"1000\" \/>\n\t<meta property=\"og:image:height\" content=\"667\" \/>\n\t<meta property=\"og:image:type\" content=\"image\/png\" \/>\n<meta name=\"twitter:card\" content=\"summary_large_image\" \/>\n<meta name=\"twitter:label1\" content=\"Tiempo de lectura\" \/>\n\t<meta name=\"twitter:data1\" content=\"2 minutos\" \/>\n<script type=\"application\/ld+json\" class=\"yoast-schema-graph\">{\"@context\":\"https:\/\/schema.org\",\"@graph\":[{\"@type\":\"WebPage\",\"@id\":\"https:\/\/cablepullingmachines.com\/es\/?page_id=4586\",\"url\":\"https:\/\/cablepullingmachines.com\/es\/?page_id=4586\",\"name\":\"Mini sopladoras de cable de fibra \u00f3ptica - Cable Pulling Machines Manufacturer\",\"isPartOf\":{\"@id\":\"https:\/\/cablepullingmachines.com\/#website\"},\"primaryImageOfPage\":{\"@id\":\"https:\/\/cablepullingmachines.com\/es\/?page_id=4586#primaryimage\"},\"image\":{\"@id\":\"https:\/\/cablepullingmachines.com\/es\/?page_id=4586#primaryimage\"},\"thumbnailUrl\":\"https:\/\/cablepullingmachines.com\/wp-content\/uploads\/2020\/09\/MiniSKY.png\",\"datePublished\":\"2024-09-19T12:11:51+00:00\",\"dateModified\":\"2024-09-19T12:11:54+00:00\",\"description\":\"Mini sopladoras de cable de fibra \u00f3ptica - Cable Pulling Machines Manufacturer\",\"breadcrumb\":{\"@id\":\"https:\/\/cablepullingmachines.com\/es\/?page_id=4586#breadcrumb\"},\"inLanguage\":\"es\",\"potentialAction\":[{\"@type\":\"ReadAction\",\"target\":[\"https:\/\/cablepullingmachines.com\/es\/?page_id=4586\"]}]},{\"@type\":\"ImageObject\",\"inLanguage\":\"es\",\"@id\":\"https:\/\/cablepullingmachines.com\/es\/?page_id=4586#primaryimage\",\"url\":\"https:\/\/cablepullingmachines.com\/wp-content\/uploads\/2020\/09\/MiniSKY.png\",\"contentUrl\":\"https:\/\/cablepullingmachines.com\/wp-content\/uploads\/2020\/09\/MiniSKY.png\",\"width\":1000,\"height\":667,\"caption\":\"MiniSKY Fiber cable blowing machine\"},{\"@type\":\"BreadcrumbList\",\"@id\":\"https:\/\/cablepullingmachines.com\/es\/?page_id=4586#breadcrumb\",\"itemListElement\":[{\"@type\":\"ListItem\",\"position\":1,\"name\":\"Home\",\"item\":\"https:\/\/cablepullingmachines.com\/es\/a\/\"},{\"@type\":\"ListItem\",\"position\":2,\"name\":\"Mini sopladoras de cable de fibra \u00f3ptica\"}]},{\"@type\":\"WebSite\",\"@id\":\"https:\/\/cablepullingmachines.com\/#website\",\"url\":\"https:\/\/cablepullingmachines.com\/\",\"name\":\"Cable Pulling Machines and Cable Drum Trailers\",\"description\":\"Cable Pulling Machines, Winches, Cable Drum Trailers\",\"publisher\":{\"@id\":\"https:\/\/cablepullingmachines.com\/#organization\"},\"alternateName\":\"Cable Drum Trailers Manufacturer\",\"potentialAction\":[{\"@type\":\"SearchAction\",\"target\":{\"@type\":\"EntryPoint\",\"urlTemplate\":\"https:\/\/cablepullingmachines.com\/?s={search_term_string}\"},\"query-input\":{\"@type\":\"PropertyValueSpecification\",\"valueRequired\":true,\"valueName\":\"search_term_string\"}}],\"inLanguage\":\"es\"},{\"@type\":\"Organization\",\"@id\":\"https:\/\/cablepullingmachines.com\/#organization\",\"name\":\"Allame Makina Ltd Sti\",\"alternateName\":\"Cable Drum Trailers Manufacturer\",\"url\":\"https:\/\/cablepullingmachines.com\/\",\"logo\":{\"@type\":\"ImageObject\",\"inLanguage\":\"es\",\"@id\":\"https:\/\/cablepullingmachines.com\/#\/schema\/logo\/image\/\",\"url\":\"https:\/\/cablepullingmachines.com\/wp-content\/uploads\/2015\/10\/logo.jpg\",\"contentUrl\":\"https:\/\/cablepullingmachines.com\/wp-content\/uploads\/2015\/10\/logo.jpg\",\"width\":300,\"height\":140,\"caption\":\"Allame Makina Ltd Sti\"},\"image\":{\"@id\":\"https:\/\/cablepullingmachines.com\/#\/schema\/logo\/image\/\"},\"sameAs\":[\"https:\/\/www.facebook.com\/cablepullingmachines\",\"https:\/\/www.linkedin.com\/company\/cablepullingmachines\",\"https:\/\/www.youtube.com\/@CablePullingMachines\",\"https:\/\/www.instagram.com\/cablepullingmachines\"],\"description\":\"Cable laying products manufacturer from Turkiye. Cable Pulling Machines and Cable Drum Trailers Producer.\",\"email\":\"erkangok@allame.net\",\"telephone\":\"+905337789941\",\"legalName\":\"SKYPULLTECH\",\"foundingDate\":\"1999-02-12\",\"vatID\":\"0550635748\",\"iso6523Code\":\"1555ALL2025\",\"numberOfEmployees\":{\"@type\":\"QuantitativeValue\",\"minValue\":\"11\",\"maxValue\":\"50\"}}]}<\/script>\n<!-- \/ Yoast SEO Premium plugin. -->","yoast_head_json":{"title":"Mini sopladoras de cable de fibra \u00f3ptica - Cable Pulling Machines Manufacturer","description":"Mini sopladoras de cable de fibra \u00f3ptica - Cable Pulling Machines Manufacturer","robots":{"index":"index","follow":"follow","max-snippet":"max-snippet:-1","max-image-preview":"max-image-preview:large","max-video-preview":"max-video-preview:-1"},"canonical":"https:\/\/cablepullingmachines.com\/es\/?page_id=4586","og_locale":"es_ES","og_type":"article","og_title":"Mini sopladoras de cable de fibra \u00f3ptica","og_description":"Mini sopladoras de cable de fibra \u00f3ptica - Cable Pulling Machines Manufacturer","og_url":"https:\/\/cablepullingmachines.com\/es\/?page_id=4586","og_site_name":"Cable Pulling Machines Manufacturer","article_publisher":"https:\/\/www.facebook.com\/cablepullingmachines","article_modified_time":"2024-09-19T12:11:54+00:00","og_image":[{"width":1000,"height":667,"url":"https:\/\/i0.wp.com\/cablepullingmachines.com\/wp-content\/uploads\/2020\/09\/MiniSKY.png?fit=1000%2C667&ssl=1","type":"image\/png"}],"twitter_card":"summary_large_image","twitter_misc":{"Tiempo de lectura":"2 minutos"},"schema":{"@context":"https:\/\/schema.org","@graph":[{"@type":"WebPage","@id":"https:\/\/cablepullingmachines.com\/es\/?page_id=4586","url":"https:\/\/cablepullingmachines.com\/es\/?page_id=4586","name":"Mini sopladoras de cable de fibra \u00f3ptica - Cable Pulling Machines Manufacturer","isPartOf":{"@id":"https:\/\/cablepullingmachines.com\/#website"},"primaryImageOfPage":{"@id":"https:\/\/cablepullingmachines.com\/es\/?page_id=4586#primaryimage"},"image":{"@id":"https:\/\/cablepullingmachines.com\/es\/?page_id=4586#primaryimage"},"thumbnailUrl":"https:\/\/cablepullingmachines.com\/wp-content\/uploads\/2020\/09\/MiniSKY.png","datePublished":"2024-09-19T12:11:51+00:00","dateModified":"2024-09-19T12:11:54+00:00","description":"Mini sopladoras de cable de fibra \u00f3ptica - Cable Pulling Machines Manufacturer","breadcrumb":{"@id":"https:\/\/cablepullingmachines.com\/es\/?page_id=4586#breadcrumb"},"inLanguage":"es","potentialAction":[{"@type":"ReadAction","target":["https:\/\/cablepullingmachines.com\/es\/?page_id=4586"]}]},{"@type":"ImageObject","inLanguage":"es","@id":"https:\/\/cablepullingmachines.com\/es\/?page_id=4586#primaryimage","url":"https:\/\/cablepullingmachines.com\/wp-content\/uploads\/2020\/09\/MiniSKY.png","contentUrl":"https:\/\/cablepullingmachines.com\/wp-content\/uploads\/2020\/09\/MiniSKY.png","width":1000,"height":667,"caption":"MiniSKY Fiber cable blowing machine"},{"@type":"BreadcrumbList","@id":"https:\/\/cablepullingmachines.com\/es\/?page_id=4586#breadcrumb","itemListElement":[{"@type":"ListItem","position":1,"name":"Home","item":"https:\/\/cablepullingmachines.com\/es\/a\/"},{"@type":"ListItem","position":2,"name":"Mini sopladoras de cable de fibra \u00f3ptica"}]},{"@type":"WebSite","@id":"https:\/\/cablepullingmachines.com\/#website","url":"https:\/\/cablepullingmachines.com\/","name":"Cable Pulling Machines and Cable Drum Trailers","description":"Cable Pulling Machines, Winches, Cable Drum Trailers","publisher":{"@id":"https:\/\/cablepullingmachines.com\/#organization"},"alternateName":"Cable Drum Trailers Manufacturer","potentialAction":[{"@type":"SearchAction","target":{"@type":"EntryPoint","urlTemplate":"https:\/\/cablepullingmachines.com\/?s={search_term_string}"},"query-input":{"@type":"PropertyValueSpecification","valueRequired":true,"valueName":"search_term_string"}}],"inLanguage":"es"},{"@type":"Organization","@id":"https:\/\/cablepullingmachines.com\/#organization","name":"Allame Makina Ltd Sti","alternateName":"Cable Drum Trailers Manufacturer","url":"https:\/\/cablepullingmachines.com\/","logo":{"@type":"ImageObject","inLanguage":"es","@id":"https:\/\/cablepullingmachines.com\/#\/schema\/logo\/image\/","url":"https:\/\/cablepullingmachines.com\/wp-content\/uploads\/2015\/10\/logo.jpg","contentUrl":"https:\/\/cablepullingmachines.com\/wp-content\/uploads\/2015\/10\/logo.jpg","width":300,"height":140,"caption":"Allame Makina Ltd Sti"},"image":{"@id":"https:\/\/cablepullingmachines.com\/#\/schema\/logo\/image\/"},"sameAs":["https:\/\/www.facebook.com\/cablepullingmachines","https:\/\/www.linkedin.com\/company\/cablepullingmachines","https:\/\/www.youtube.com\/@CablePullingMachines","https:\/\/www.instagram.com\/cablepullingmachines"],"description":"Cable laying products manufacturer from Turkiye. Cable Pulling Machines and Cable Drum Trailers Producer.","email":"erkangok@allame.net","telephone":"+905337789941","legalName":"SKYPULLTECH","foundingDate":"1999-02-12","vatID":"0550635748","iso6523Code":"1555ALL2025","numberOfEmployees":{"@type":"QuantitativeValue","minValue":"11","maxValue":"50"}}]}},"amp_enabled":true,"_links":{"self":[{"href":"https:\/\/cablepullingmachines.com\/es\/wp-json\/wp\/v2\/pages\/4586","targetHints":{"allow":["GET"]}}],"collection":[{"href":"https:\/\/cablepullingmachines.com\/es\/wp-json\/wp\/v2\/pages"}],"about":[{"href":"https:\/\/cablepullingmachines.com\/es\/wp-json\/wp\/v2\/types\/page"}],"author":[{"embeddable":true,"href":"https:\/\/cablepullingmachines.com\/es\/wp-json\/wp\/v2\/users\/1"}],"replies":[{"embeddable":true,"href":"https:\/\/cablepullingmachines.com\/es\/wp-json\/wp\/v2\/comments?post=4586"}],"version-history":[{"count":0,"href":"https:\/\/cablepullingmachines.com\/es\/wp-json\/wp\/v2\/pages\/4586\/revisions"}],"up":[{"embeddable":true,"href":"https:\/\/cablepullingmachines.com\/es\/wp-json\/wp\/v2\/pages\/4598"}],"wp:featuredmedia":[{"embeddable":true,"href":"https:\/\/cablepullingmachines.com\/es\/wp-json\/wp\/v2\/media\/4280"}],"wp:attachment":[{"href":"https:\/\/cablepullingmachines.com\/es\/wp-json\/wp\/v2\/media?parent=4586"}],"curies":[{"name":"wp","href":"https:\/\/api.w.org\/{rel}","templated":true}]}}