{"id":4582,"date":"2024-09-19T12:11:49","date_gmt":"2024-09-19T12:11:49","guid":{"rendered":"https:\/\/cablepullingmachines.com\/sopladoras-de-cables-de-fibra-optica\/"},"modified":"2024-09-19T12:11:54","modified_gmt":"2024-09-19T12:11:54","slug":"sopladoras-de-cables-de-fibra-optica","status":"publish","type":"page","link":"https:\/\/cablepullingmachines.com\/es\/maquinas-de-soplado-de-cables\/sopladoras-de-cables-de-fibra-optica\/","title":{"rendered":"Sopladoras de cables de fibra \u00f3ptica"},"content":{"rendered":"<h1>Sopladoras de cable de fibra \u00f3ptica SkyJET<\/h1>\n<p><figure id=\"attachment_2231\" aria-describedby=\"caption-attachment-2231\" style=\"width: 1000px\" class=\"wp-caption alignleft\"><img decoding=\"async\" class=\"size-full wp-image-2231 lazyload\" data-src=\"https:\/\/cablepullingmachines.com\/wp-content\/uploads\/2020\/09\/Fiber-cable-blowing-machine-Skyjet.jpg\" alt=\"Sopladora de cables de fibra Skyjet\" width=\"1000\" height=\"667\" data-srcset=\"https:\/\/cablepullingmachines.com\/wp-content\/uploads\/2020\/09\/Fiber-cable-blowing-machine-Skyjet.jpg 1000w, https:\/\/cablepullingmachines.com\/wp-content\/uploads\/2020\/09\/Fiber-cable-blowing-machine-Skyjet-300x200.jpg 300w, https:\/\/cablepullingmachines.com\/wp-content\/uploads\/2020\/09\/Fiber-cable-blowing-machine-Skyjet-768x512.jpg 768w, https:\/\/cablepullingmachines.com\/wp-content\/uploads\/2020\/09\/Fiber-cable-blowing-machine-Skyjet-705x470.jpg 705w\" data-sizes=\"(max-width: 1000px) 100vw, 1000px\" src=\"data:image\/svg+xml;base64,PHN2ZyB3aWR0aD0iMSIgaGVpZ2h0PSIxIiB4bWxucz0iaHR0cDovL3d3dy53My5vcmcvMjAwMC9zdmciPjwvc3ZnPg==\" style=\"--smush-placeholder-width: 1000px; --smush-placeholder-aspect-ratio: 1000\/667;\" \/><figcaption id=\"caption-attachment-2231\" class=\"wp-caption-text\">Sopladora de cables de fibra Skyjet<\/figcaption><\/figure>  En la era de la velocidad, la conexi\u00f3n de datos de alta velocidad es una necesidad y, partiendo de este concepto, podemos entender la importancia del tiempo para el hombre moderno, por lo que debes utilizar <strong>la m\u00e1quina SkyJET<\/strong> en el proceso de creaci\u00f3n de redes para un proceso de<strong> soplado de cable de fibra \u00f3ptica<\/strong> seguro, r\u00e1pido y fiable.<br \/>\nNuestra producci\u00f3n est\u00e1ndar de <b>SKYJET <\/b>es para conductos de 40 mm de di\u00e1metro .<br \/>\npodemos fabricar piezas reguladoras para di\u00e1metros diferentes.<br \/>\nEstas piezas se pueden utilizar para di\u00e1metros m\u00e1s peque\u00f1os, en el caso de di\u00e1metros m\u00e1s grandes, el di\u00e1metro del conducto de la caja de salida se debe tornear para que se adapte al di\u00e1metro de tu conducto.<br \/>\nCada di\u00e1metro diferente requerir\u00e1 piezas de regulaci\u00f3n diferentes.<br \/>\nAl hacer el pedido, ind\u00edcanos el di\u00e1metro de tu conducto (el precio no incluye el coste de las piezas de regulaci\u00f3n).<br \/>\nHay dos tipos de <strong>m\u00e1quinas SKYJET<\/strong> para diferentes di\u00e1metros, las gamas se mencionan a continuaci\u00f3n.<br \/>\nCon tu pedido tienes que facilitarnos informaci\u00f3n sobre el di\u00e1metro de tu cable y la gama de di\u00e1metros para que podamos enviarte piezas de repuesto para tus diferentes di\u00e1metros ( paletas, etc. ) ( el precio de la m\u00e1quina no incluye el precio de estas piezas de repuesto adicionales ) Nota: Esta enumeraci\u00f3n es s\u00f3lo para clasificar, que podemos producir nuestras m\u00e1quinas para diferentes di\u00e1metros de cable.<br \/>\nA) Di\u00e1metro 8-13 4) Di\u00e1metro 14-20 Y aqu\u00ed tienes algunas especificaciones t\u00e9cnicas: <span style=\"color: #ffffff;\">m\u00e1quinas<\/span> <strong>sopladoras de<\/strong> <span style=\"color: #ffffff;\">cable de fibra \u00f3ptica<\/span> SKYJET : <strong>M\u00e1quina sopladora de cable de fibra \u00f3ptica<\/strong> CONTROL: Por t\u00e9cnico AIRE NECESARIO: 10,5 bar 12 m\u00b3\/min.<br \/>\n(conducto 40 hdp)<br \/>\nMOTOR DE AIRE: Doble eficaz, 740 vatios (2 piezas) AIRE NECESARIO PARA MOTORES: 6 Bar-0,6 m\u00b3\/min.<br \/>\nVELOCIDAD DE INSTALACI\u00d3N DEL CABLE: 0, 30, 50 m\/min.<br \/>\nPOTENCIA DE DESCARGA: 80~85 Kg.<br \/>\nDIMENSIONES (ancho x largo x alto): 365mm x 330mm x 540mm PESO DE LA M\u00c1QUINA: 46kg <em><strong><span style=\"color: #ffffff;\">m\u00e1quinas sopladoras de cable de fibra \u00f3ptica<\/span><\/strong><\/em><figure id=\"attachment_2232\" aria-describedby=\"caption-attachment-2232\" style=\"width: 1000px\" class=\"wp-caption alignleft\"><img decoding=\"async\" class=\"size-full wp-image-2232 lazyload\" data-src=\"https:\/\/cablepullingmachines.com\/wp-content\/uploads\/2020\/09\/Skyjet-Cable-Blowing-Machine.jpg\" alt=\"Sopladora de cables Skyjet\" width=\"1000\" height=\"667\" data-srcset=\"https:\/\/cablepullingmachines.com\/wp-content\/uploads\/2020\/09\/Skyjet-Cable-Blowing-Machine.jpg 1000w, https:\/\/cablepullingmachines.com\/wp-content\/uploads\/2020\/09\/Skyjet-Cable-Blowing-Machine-300x200.jpg 300w, https:\/\/cablepullingmachines.com\/wp-content\/uploads\/2020\/09\/Skyjet-Cable-Blowing-Machine-768x512.jpg 768w, https:\/\/cablepullingmachines.com\/wp-content\/uploads\/2020\/09\/Skyjet-Cable-Blowing-Machine-705x470.jpg 705w\" data-sizes=\"(max-width: 1000px) 100vw, 1000px\" src=\"data:image\/svg+xml;base64,PHN2ZyB3aWR0aD0iMSIgaGVpZ2h0PSIxIiB4bWxucz0iaHR0cDovL3d3dy53My5vcmcvMjAwMC9zdmciPjwvc3ZnPg==\" style=\"--smush-placeholder-width: 1000px; --smush-placeholder-aspect-ratio: 1000\/667;\" \/><figcaption id=\"caption-attachment-2232\" class=\"wp-caption-text\">M\u00e1quina sopladora de cables Skyjet<\/figcaption><\/figure> Detalles t\u00e9cnicos <span style=\"color: #ffffff;\">m\u00e1quinas sopladoras de cables de fibra \u00f3ptica<\/span>             <\/p>\n<ul>\n<li>Para reducir la fricci\u00f3n entre el conducto y el cable , tienes que transferir aceite ( Lubricom-f ) al conducto preinstalado con este sistema de lubricaci\u00f3n de choque .<\/li>\n<li>La caja de salida de dise\u00f1o especial proporciona una gu\u00eda productiva para el aire a presi\u00f3n hacia el conducto preinstalado.<\/li>\n<li>Permites que el aire entre o no en la m\u00e1quina abriendo o cerrando la v\u00e1lvula<\/li>\n<li>El dise\u00f1o especial de la conexi\u00f3n r\u00e1pida de aire solucion\u00f3 los problemas del antiguo soporte de aire ( uni\u00f3n de gancho y pero )<\/li>\n<li>El sistema de prensado neum\u00e1tico no permite que el cable patine o se da\u00f1e<\/li>\n<li>Instalar el cable en los campos embarrados ya no es un problema gracias a las paletas de dise\u00f1o especial.<br \/>\nY no sufrir\u00e1s ninguna retracci\u00f3n en la potencia de soplado . <\/li>\n<li>El sistema de lubricaci\u00f3n de festo extrae la humedad del aire a presi\u00f3n que sale del compresor y suministra lubricaci\u00f3n continua al motor neum\u00e1tico.<\/li>\n<li>Con la v\u00e1lvula de control podr\u00e1s seleccionar la velocidad y la direcci\u00f3n del proceso de instalaci\u00f3n del cable.<\/li>\n<li>La potencia de instalaci\u00f3n nunca disminuir\u00e1 con los motores neum\u00e1ticos de remolque .<\/li>\n<\/ul>\n<p><span style=\"color: #ffffff;\">Etiquetas:<em><strong> sopladoras de cable de fibra \u00f3ptica<\/strong><\/em><\/span><\/p>\n","protected":false},"excerpt":{"rendered":"<p>Sopladoras de cable de fibra \u00f3ptica SkyJET En la era de la velocidad, la conexi\u00f3n de datos de alta velocidad es una necesidad y, partiendo de este concepto, podemos entender la importancia del tiempo para el hombre moderno, por lo que debes utilizar la m\u00e1quina SkyJET en el proceso de creaci\u00f3n de redes para un<\/p>\n","protected":false},"author":1,"featured_media":4238,"parent":4598,"menu_order":0,"comment_status":"closed","ping_status":"closed","template":"","meta":{"_joinchat":[],"footnotes":""},"class_list":["post-4582","page","type-page","status-publish","has-post-thumbnail","hentry"],"yoast_head":"<!-- This site is optimized with the Yoast SEO Premium plugin v27.5 (Yoast SEO v27.5) - https:\/\/yoast.com\/product\/yoast-seo-premium-wordpress\/ -->\n<title>Sopladoras de cables de fibra \u00f3ptica - Cable Pulling Machines Manufacturer<\/title>\n<meta name=\"description\" content=\"Sopladoras de cables de fibra \u00f3ptica - Cable Pulling Machines Manufacturer\" \/>\n<meta name=\"robots\" content=\"index, follow, max-snippet:-1, max-image-preview:large, max-video-preview:-1\" \/>\n<link rel=\"canonical\" href=\"https:\/\/cablepullingmachines.com\/es\/?page_id=4582\" \/>\n<meta property=\"og:locale\" content=\"es_ES\" \/>\n<meta property=\"og:type\" content=\"article\" \/>\n<meta property=\"og:title\" content=\"Sopladoras de cables de fibra \u00f3ptica\" \/>\n<meta property=\"og:description\" content=\"Sopladoras de cables de fibra \u00f3ptica - Cable Pulling Machines Manufacturer\" \/>\n<meta property=\"og:url\" content=\"https:\/\/cablepullingmachines.com\/es\/?page_id=4582\" \/>\n<meta property=\"og:site_name\" content=\"Cable Pulling Machines Manufacturer\" \/>\n<meta property=\"article:publisher\" content=\"https:\/\/www.facebook.com\/cablepullingmachines\" \/>\n<meta property=\"article:modified_time\" content=\"2024-09-19T12:11:54+00:00\" \/>\n<meta property=\"og:image\" content=\"https:\/\/i0.wp.com\/cablepullingmachines.com\/wp-content\/uploads\/2020\/09\/Fiber-cable-blowing-machine-Skyjet.jpg?fit=1000%2C667&ssl=1\" \/>\n\t<meta property=\"og:image:width\" content=\"1000\" \/>\n\t<meta property=\"og:image:height\" content=\"667\" \/>\n\t<meta property=\"og:image:type\" content=\"image\/jpeg\" \/>\n<meta name=\"twitter:card\" content=\"summary_large_image\" \/>\n<meta name=\"twitter:label1\" content=\"Tiempo de lectura\" \/>\n\t<meta name=\"twitter:data1\" content=\"3 minutos\" \/>\n<script type=\"application\/ld+json\" class=\"yoast-schema-graph\">{\"@context\":\"https:\\\/\\\/schema.org\",\"@graph\":[{\"@type\":\"WebPage\",\"@id\":\"https:\\\/\\\/cablepullingmachines.com\\\/es\\\/?page_id=4582\",\"url\":\"https:\\\/\\\/cablepullingmachines.com\\\/es\\\/?page_id=4582\",\"name\":\"Sopladoras de cables de fibra \u00f3ptica - Cable Pulling Machines Manufacturer\",\"isPartOf\":{\"@id\":\"https:\\\/\\\/cablepullingmachines.com\\\/#website\"},\"primaryImageOfPage\":{\"@id\":\"https:\\\/\\\/cablepullingmachines.com\\\/es\\\/?page_id=4582#primaryimage\"},\"image\":{\"@id\":\"https:\\\/\\\/cablepullingmachines.com\\\/es\\\/?page_id=4582#primaryimage\"},\"thumbnailUrl\":\"https:\\\/\\\/cablepullingmachines.com\\\/wp-content\\\/uploads\\\/2020\\\/09\\\/Fiber-cable-blowing-machine-Skyjet.jpg\",\"datePublished\":\"2024-09-19T12:11:49+00:00\",\"dateModified\":\"2024-09-19T12:11:54+00:00\",\"description\":\"Sopladoras de cables de fibra \u00f3ptica - Cable Pulling Machines Manufacturer\",\"breadcrumb\":{\"@id\":\"https:\\\/\\\/cablepullingmachines.com\\\/es\\\/?page_id=4582#breadcrumb\"},\"inLanguage\":\"es\",\"potentialAction\":[{\"@type\":\"ReadAction\",\"target\":[\"https:\\\/\\\/cablepullingmachines.com\\\/es\\\/?page_id=4582\"]}]},{\"@type\":\"ImageObject\",\"inLanguage\":\"es\",\"@id\":\"https:\\\/\\\/cablepullingmachines.com\\\/es\\\/?page_id=4582#primaryimage\",\"url\":\"https:\\\/\\\/cablepullingmachines.com\\\/wp-content\\\/uploads\\\/2020\\\/09\\\/Fiber-cable-blowing-machine-Skyjet.jpg\",\"contentUrl\":\"https:\\\/\\\/cablepullingmachines.com\\\/wp-content\\\/uploads\\\/2020\\\/09\\\/Fiber-cable-blowing-machine-Skyjet.jpg\",\"width\":1000,\"height\":667,\"caption\":\"Fiber cable blowing machine Skyjet\"},{\"@type\":\"BreadcrumbList\",\"@id\":\"https:\\\/\\\/cablepullingmachines.com\\\/es\\\/?page_id=4582#breadcrumb\",\"itemListElement\":[{\"@type\":\"ListItem\",\"position\":1,\"name\":\"Home\",\"item\":\"https:\\\/\\\/cablepullingmachines.com\\\/es\\\/a\\\/\"},{\"@type\":\"ListItem\",\"position\":2,\"name\":\"M\u00e1quinas de soplado de cables\",\"item\":\"https:\\\/\\\/cablepullingmachines.com\\\/es\\\/?page_id=4598\"},{\"@type\":\"ListItem\",\"position\":3,\"name\":\"Sopladoras de cables de fibra \u00f3ptica\"}]},{\"@type\":\"WebSite\",\"@id\":\"https:\\\/\\\/cablepullingmachines.com\\\/#website\",\"url\":\"https:\\\/\\\/cablepullingmachines.com\\\/\",\"name\":\"Cable Pulling Machines and Cable Drum Trailers\",\"description\":\"Cable Pulling Machines, Winches, Cable Drum Trailers\",\"publisher\":{\"@id\":\"https:\\\/\\\/cablepullingmachines.com\\\/#organization\"},\"alternateName\":\"Cable Drum Trailers Manufacturer\",\"potentialAction\":[{\"@type\":\"SearchAction\",\"target\":{\"@type\":\"EntryPoint\",\"urlTemplate\":\"https:\\\/\\\/cablepullingmachines.com\\\/?s={search_term_string}\"},\"query-input\":{\"@type\":\"PropertyValueSpecification\",\"valueRequired\":true,\"valueName\":\"search_term_string\"}}],\"inLanguage\":\"es\"},{\"@type\":\"Organization\",\"@id\":\"https:\\\/\\\/cablepullingmachines.com\\\/#organization\",\"name\":\"Allame Makina Ltd Sti\",\"alternateName\":\"Cable Drum Trailers Manufacturer\",\"url\":\"https:\\\/\\\/cablepullingmachines.com\\\/\",\"logo\":{\"@type\":\"ImageObject\",\"inLanguage\":\"es\",\"@id\":\"https:\\\/\\\/cablepullingmachines.com\\\/#\\\/schema\\\/logo\\\/image\\\/\",\"url\":\"https:\\\/\\\/cablepullingmachines.com\\\/wp-content\\\/uploads\\\/2015\\\/10\\\/logo.jpg\",\"contentUrl\":\"https:\\\/\\\/cablepullingmachines.com\\\/wp-content\\\/uploads\\\/2015\\\/10\\\/logo.jpg\",\"width\":300,\"height\":140,\"caption\":\"Allame Makina Ltd Sti\"},\"image\":{\"@id\":\"https:\\\/\\\/cablepullingmachines.com\\\/#\\\/schema\\\/logo\\\/image\\\/\"},\"sameAs\":[\"https:\\\/\\\/www.facebook.com\\\/cablepullingmachines\",\"https:\\\/\\\/www.linkedin.com\\\/company\\\/cablepullingmachines\",\"https:\\\/\\\/www.youtube.com\\\/@CablePullingMachines\",\"https:\\\/\\\/www.instagram.com\\\/cablepullingmachines\"],\"description\":\"Cable laying products manufacturer from Turkiye. Cable Pulling Machines and Cable Drum Trailers Producer.\",\"email\":\"erkangok@allame.net\",\"telephone\":\"+905337789941\",\"legalName\":\"SKYPULLTECH\",\"foundingDate\":\"1999-02-12\",\"vatID\":\"0550635748\",\"iso6523Code\":\"1555ALL2025\",\"numberOfEmployees\":{\"@type\":\"QuantitativeValue\",\"minValue\":\"11\",\"maxValue\":\"50\"}}]}<\/script>\n<!-- \/ Yoast SEO Premium plugin. -->","yoast_head_json":{"title":"Sopladoras de cables de fibra \u00f3ptica - Cable Pulling Machines Manufacturer","description":"Sopladoras de cables de fibra \u00f3ptica - Cable Pulling Machines Manufacturer","robots":{"index":"index","follow":"follow","max-snippet":"max-snippet:-1","max-image-preview":"max-image-preview:large","max-video-preview":"max-video-preview:-1"},"canonical":"https:\/\/cablepullingmachines.com\/es\/?page_id=4582","og_locale":"es_ES","og_type":"article","og_title":"Sopladoras de cables de fibra \u00f3ptica","og_description":"Sopladoras de cables de fibra \u00f3ptica - Cable Pulling Machines Manufacturer","og_url":"https:\/\/cablepullingmachines.com\/es\/?page_id=4582","og_site_name":"Cable Pulling Machines Manufacturer","article_publisher":"https:\/\/www.facebook.com\/cablepullingmachines","article_modified_time":"2024-09-19T12:11:54+00:00","og_image":[{"width":1000,"height":667,"url":"https:\/\/i0.wp.com\/cablepullingmachines.com\/wp-content\/uploads\/2020\/09\/Fiber-cable-blowing-machine-Skyjet.jpg?fit=1000%2C667&ssl=1","type":"image\/jpeg"}],"twitter_card":"summary_large_image","twitter_misc":{"Tiempo de lectura":"3 minutos"},"schema":{"@context":"https:\/\/schema.org","@graph":[{"@type":"WebPage","@id":"https:\/\/cablepullingmachines.com\/es\/?page_id=4582","url":"https:\/\/cablepullingmachines.com\/es\/?page_id=4582","name":"Sopladoras de cables de fibra \u00f3ptica - Cable Pulling Machines Manufacturer","isPartOf":{"@id":"https:\/\/cablepullingmachines.com\/#website"},"primaryImageOfPage":{"@id":"https:\/\/cablepullingmachines.com\/es\/?page_id=4582#primaryimage"},"image":{"@id":"https:\/\/cablepullingmachines.com\/es\/?page_id=4582#primaryimage"},"thumbnailUrl":"https:\/\/cablepullingmachines.com\/wp-content\/uploads\/2020\/09\/Fiber-cable-blowing-machine-Skyjet.jpg","datePublished":"2024-09-19T12:11:49+00:00","dateModified":"2024-09-19T12:11:54+00:00","description":"Sopladoras de cables de fibra \u00f3ptica - Cable Pulling Machines Manufacturer","breadcrumb":{"@id":"https:\/\/cablepullingmachines.com\/es\/?page_id=4582#breadcrumb"},"inLanguage":"es","potentialAction":[{"@type":"ReadAction","target":["https:\/\/cablepullingmachines.com\/es\/?page_id=4582"]}]},{"@type":"ImageObject","inLanguage":"es","@id":"https:\/\/cablepullingmachines.com\/es\/?page_id=4582#primaryimage","url":"https:\/\/cablepullingmachines.com\/wp-content\/uploads\/2020\/09\/Fiber-cable-blowing-machine-Skyjet.jpg","contentUrl":"https:\/\/cablepullingmachines.com\/wp-content\/uploads\/2020\/09\/Fiber-cable-blowing-machine-Skyjet.jpg","width":1000,"height":667,"caption":"Fiber cable blowing machine Skyjet"},{"@type":"BreadcrumbList","@id":"https:\/\/cablepullingmachines.com\/es\/?page_id=4582#breadcrumb","itemListElement":[{"@type":"ListItem","position":1,"name":"Home","item":"https:\/\/cablepullingmachines.com\/es\/a\/"},{"@type":"ListItem","position":2,"name":"M\u00e1quinas de soplado de cables","item":"https:\/\/cablepullingmachines.com\/es\/?page_id=4598"},{"@type":"ListItem","position":3,"name":"Sopladoras de cables de fibra \u00f3ptica"}]},{"@type":"WebSite","@id":"https:\/\/cablepullingmachines.com\/#website","url":"https:\/\/cablepullingmachines.com\/","name":"Cable Pulling Machines and Cable Drum Trailers","description":"Cable Pulling Machines, Winches, Cable Drum Trailers","publisher":{"@id":"https:\/\/cablepullingmachines.com\/#organization"},"alternateName":"Cable Drum Trailers Manufacturer","potentialAction":[{"@type":"SearchAction","target":{"@type":"EntryPoint","urlTemplate":"https:\/\/cablepullingmachines.com\/?s={search_term_string}"},"query-input":{"@type":"PropertyValueSpecification","valueRequired":true,"valueName":"search_term_string"}}],"inLanguage":"es"},{"@type":"Organization","@id":"https:\/\/cablepullingmachines.com\/#organization","name":"Allame Makina Ltd Sti","alternateName":"Cable Drum Trailers Manufacturer","url":"https:\/\/cablepullingmachines.com\/","logo":{"@type":"ImageObject","inLanguage":"es","@id":"https:\/\/cablepullingmachines.com\/#\/schema\/logo\/image\/","url":"https:\/\/cablepullingmachines.com\/wp-content\/uploads\/2015\/10\/logo.jpg","contentUrl":"https:\/\/cablepullingmachines.com\/wp-content\/uploads\/2015\/10\/logo.jpg","width":300,"height":140,"caption":"Allame Makina Ltd Sti"},"image":{"@id":"https:\/\/cablepullingmachines.com\/#\/schema\/logo\/image\/"},"sameAs":["https:\/\/www.facebook.com\/cablepullingmachines","https:\/\/www.linkedin.com\/company\/cablepullingmachines","https:\/\/www.youtube.com\/@CablePullingMachines","https:\/\/www.instagram.com\/cablepullingmachines"],"description":"Cable laying products manufacturer from Turkiye. Cable Pulling Machines and Cable Drum Trailers Producer.","email":"erkangok@allame.net","telephone":"+905337789941","legalName":"SKYPULLTECH","foundingDate":"1999-02-12","vatID":"0550635748","iso6523Code":"1555ALL2025","numberOfEmployees":{"@type":"QuantitativeValue","minValue":"11","maxValue":"50"}}]}},"amp_enabled":true,"_links":{"self":[{"href":"https:\/\/cablepullingmachines.com\/es\/wp-json\/wp\/v2\/pages\/4582","targetHints":{"allow":["GET"]}}],"collection":[{"href":"https:\/\/cablepullingmachines.com\/es\/wp-json\/wp\/v2\/pages"}],"about":[{"href":"https:\/\/cablepullingmachines.com\/es\/wp-json\/wp\/v2\/types\/page"}],"author":[{"embeddable":true,"href":"https:\/\/cablepullingmachines.com\/es\/wp-json\/wp\/v2\/users\/1"}],"replies":[{"embeddable":true,"href":"https:\/\/cablepullingmachines.com\/es\/wp-json\/wp\/v2\/comments?post=4582"}],"version-history":[{"count":0,"href":"https:\/\/cablepullingmachines.com\/es\/wp-json\/wp\/v2\/pages\/4582\/revisions"}],"up":[{"embeddable":true,"href":"https:\/\/cablepullingmachines.com\/es\/wp-json\/wp\/v2\/pages\/4598"}],"wp:featuredmedia":[{"embeddable":true,"href":"https:\/\/cablepullingmachines.com\/es\/wp-json\/wp\/v2\/media\/4238"}],"wp:attachment":[{"href":"https:\/\/cablepullingmachines.com\/es\/wp-json\/wp\/v2\/media?parent=4582"}],"curies":[{"name":"wp","href":"https:\/\/api.w.org\/{rel}","templated":true}]}}