{"id":4574,"date":"2024-09-19T12:11:47","date_gmt":"2024-09-19T12:11:47","guid":{"rendered":"https:\/\/cablepullingmachines.com\/sopladoras-de-cables-de-microfibra-optica\/"},"modified":"2024-09-19T12:11:54","modified_gmt":"2024-09-19T12:11:54","slug":"sopladoras-de-cables-de-microfibra-optica","status":"publish","type":"page","link":"https:\/\/cablepullingmachines.com\/es\/maquinas-de-soplado-de-cables\/sopladoras-de-cables-de-microfibra-optica\/","title":{"rendered":"Sopladoras de cables de microfibra \u00f3ptica"},"content":{"rendered":"<h1>Sopladoras de cables de microfibra \u00f3ptica<\/h1>\n<figure id=\"attachment_2242\" aria-describedby=\"caption-attachment-2242\" style=\"width: 400px\" class=\"wp-caption alignleft\"><img decoding=\"async\" class=\"size-full wp-image-2242 lazyload\" data-src=\"https:\/\/cablepullingmachines.com\/wp-content\/uploads\/2020\/09\/Fiber-blowing-machine.png\" alt=\"M\u00e1quina sopladora de fibra\" width=\"400\" height=\"512\" data-srcset=\"https:\/\/cablepullingmachines.com\/wp-content\/uploads\/2020\/09\/Fiber-blowing-machine.png 400w, https:\/\/cablepullingmachines.com\/wp-content\/uploads\/2020\/09\/Fiber-blowing-machine-234x300.png 234w\" data-sizes=\"(max-width: 400px) 100vw, 400px\" src=\"data:image\/svg+xml;base64,PHN2ZyB3aWR0aD0iMSIgaGVpZ2h0PSIxIiB4bWxucz0iaHR0cDovL3d3dy53My5vcmcvMjAwMC9zdmciPjwvc3ZnPg==\" style=\"--smush-placeholder-width: 400px; --smush-placeholder-aspect-ratio: 400\/512;\" \/><figcaption id=\"caption-attachment-2242\" class=\"wp-caption-text\">M\u00e1quina sopladora de fibra<\/figcaption><\/figure>\n<p><figure id=\"attachment_2243\" aria-describedby=\"caption-attachment-2243\" style=\"width: 1000px\" class=\"wp-caption alignleft\"><img decoding=\"async\" class=\"wp-image-2243 size-full lazyload\" data-src=\"https:\/\/cablepullingmachines.com\/wp-content\/uploads\/2020\/09\/Cable-Blowing-Machine.png\" alt=\"M\u00e1quina sopladora de cables\" width=\"1000\" height=\"1030\" data-srcset=\"https:\/\/cablepullingmachines.com\/wp-content\/uploads\/2020\/09\/Cable-Blowing-Machine.png 1000w, https:\/\/cablepullingmachines.com\/wp-content\/uploads\/2020\/09\/Cable-Blowing-Machine-291x300.png 291w, https:\/\/cablepullingmachines.com\/wp-content\/uploads\/2020\/09\/Cable-Blowing-Machine-768x791.png 768w, https:\/\/cablepullingmachines.com\/wp-content\/uploads\/2020\/09\/Cable-Blowing-Machine-36x36.png 36w, https:\/\/cablepullingmachines.com\/wp-content\/uploads\/2020\/09\/Cable-Blowing-Machine-684x705.png 684w\" data-sizes=\"(max-width: 1000px) 100vw, 1000px\" src=\"data:image\/svg+xml;base64,PHN2ZyB3aWR0aD0iMSIgaGVpZ2h0PSIxIiB4bWxucz0iaHR0cDovL3d3dy53My5vcmcvMjAwMC9zdmciPjwvc3ZnPg==\" style=\"--smush-placeholder-width: 1000px; --smush-placeholder-aspect-ratio: 1000\/1030;\" \/><figcaption id=\"caption-attachment-2243\" class=\"wp-caption-text\">M\u00e1quina sopladora de cables<\/figcaption><\/figure>  M\u00c1QUINAS MICROSKY &#8211;  <em><strong>sopladoras de cable de microfibra \u00f3ptica<\/strong><\/em>  Gama de di\u00e1metros de cables de fibra \u00f3ptica : 3mm-6mm MicroSKY, Microjet, instalaci\u00f3n de fibra,Allame Makina Grupos de correas (paletas) :1mm-6mm Grupos de conductos :Ajustable a tu petici\u00f3n. M\u00e1quina MicroSKY dise\u00f1ada para peque\u00f1os di\u00e1metros de cables de fibra \u00f3ptica. Gama de cables de 1mm a 6mm. M\u00e9todos de soplado de cables f\u00e1ciles para microcables. Disponemos de 2 tipos de m\u00e1quinas de soplado de cables para microcables. 1- MicroSKY 2- DynoSKY MicroFOK : M\u00e1quinas de soplado de cables de microfibra \u00f3ptica CONTROL : Por t\u00e9cnico AIRE NECESARIO : 15 bar 1 m\u00b3\/min.(m\u00ednimo) Dimensiones : 33cm x 27cm x 46cm Peso : 20kg LA NUESTRA MicroSKY ES EL EXCLUSIVO PRODUCTOR Y VENDEDOR AUTORIZADO DE M\u00c1QUINAS DE SOPLADO DE CABLES DE FIBRA \u00d3PTICA (SKYJET) EN EL MUNDO. ALLAME LTD STI TIENE LA PATENTE DEL DISE\u00d1O ESPECIAL DE SKYJET. TODOS LOS SUBCONTRATISTAS DE EMPRESAS UTILIZAN NUESTRAS MAQUINAS SKYJET. MEJORAMOS NUESTRA MAQUINA CON LOS COMENTARIOS DE LOS USUARIOS DE SKYJET. LA HACEMOS MAS UTIL PARA NUESTROS CLIENTES DESDE 1999.MAS DE 9.000 KM DE CABLE DE FIBRA OPTICA INSTALADO CON NUESTRAS MAQUINAS EN EL ULTIMO PROYECTO LLAMADO TELECOM EN TURQUIA. QUEREMOS COMPARTIR NUESTRAS MAQUINAS CON TODO EL MUNDO  <span style=\"color: #ffffff;\">Etiquetas: <strong>sopladoras de cable de microfibra \u00f3ptica<\/strong><\/span><\/p>\n","protected":false},"excerpt":{"rendered":"<p>Sopladoras de cables de microfibra \u00f3ptica M\u00c1QUINAS MICROSKY &#8211; sopladoras de cable de microfibra \u00f3ptica Gama de di\u00e1metros de cables de fibra \u00f3ptica : 3mm-6mm MicroSKY, Microjet, instalaci\u00f3n de fibra,Allame Makina Grupos de correas (paletas) :1mm-6mm Grupos de conductos :Ajustable a tu petici\u00f3n. M\u00e1quina MicroSKY dise\u00f1ada para peque\u00f1os di\u00e1metros de cables de fibra \u00f3ptica. Gama<\/p>\n","protected":false},"author":1,"featured_media":4274,"parent":4598,"menu_order":0,"comment_status":"closed","ping_status":"closed","template":"","meta":{"_joinchat":[],"footnotes":""},"class_list":["post-4574","page","type-page","status-publish","has-post-thumbnail","hentry"],"yoast_head":"<!-- This site is optimized with the Yoast SEO Premium plugin v27.4 (Yoast SEO v27.4) - https:\/\/yoast.com\/product\/yoast-seo-premium-wordpress\/ -->\n<title>Sopladoras de cables de microfibra \u00f3ptica - Cable Pulling Machines Manufacturer<\/title>\n<meta name=\"description\" content=\"Sopladoras de cables de microfibra \u00f3ptica - Cable Pulling Machines Manufacturer\" \/>\n<meta name=\"robots\" content=\"index, follow, max-snippet:-1, max-image-preview:large, max-video-preview:-1\" \/>\n<link rel=\"canonical\" href=\"https:\/\/cablepullingmachines.com\/es\/?page_id=4574\" \/>\n<meta property=\"og:locale\" content=\"es_ES\" \/>\n<meta property=\"og:type\" content=\"article\" \/>\n<meta property=\"og:title\" content=\"Sopladoras de cables de microfibra \u00f3ptica\" \/>\n<meta property=\"og:description\" content=\"Sopladoras de cables de microfibra \u00f3ptica - Cable Pulling Machines Manufacturer\" \/>\n<meta property=\"og:url\" content=\"https:\/\/cablepullingmachines.com\/es\/?page_id=4574\" \/>\n<meta property=\"og:site_name\" content=\"Cable Pulling Machines Manufacturer\" \/>\n<meta property=\"article:publisher\" content=\"https:\/\/www.facebook.com\/cablepullingmachines\" \/>\n<meta property=\"article:modified_time\" content=\"2024-09-19T12:11:54+00:00\" \/>\n<meta property=\"og:image\" content=\"https:\/\/i0.wp.com\/cablepullingmachines.com\/wp-content\/uploads\/2020\/09\/Cable-Blowing-Machine.png?fit=1000%2C1030&ssl=1\" \/>\n\t<meta property=\"og:image:width\" content=\"1000\" \/>\n\t<meta property=\"og:image:height\" content=\"1030\" \/>\n\t<meta property=\"og:image:type\" content=\"image\/png\" \/>\n<meta name=\"twitter:card\" content=\"summary_large_image\" \/>\n<meta name=\"twitter:label1\" content=\"Tiempo de lectura\" \/>\n\t<meta name=\"twitter:data1\" content=\"1 minuto\" \/>\n<script type=\"application\/ld+json\" class=\"yoast-schema-graph\">{\"@context\":\"https:\\\/\\\/schema.org\",\"@graph\":[{\"@type\":\"WebPage\",\"@id\":\"https:\\\/\\\/cablepullingmachines.com\\\/es\\\/?page_id=4574\",\"url\":\"https:\\\/\\\/cablepullingmachines.com\\\/es\\\/?page_id=4574\",\"name\":\"Sopladoras de cables de microfibra \u00f3ptica - Cable Pulling Machines Manufacturer\",\"isPartOf\":{\"@id\":\"https:\\\/\\\/cablepullingmachines.com\\\/#website\"},\"primaryImageOfPage\":{\"@id\":\"https:\\\/\\\/cablepullingmachines.com\\\/es\\\/?page_id=4574#primaryimage\"},\"image\":{\"@id\":\"https:\\\/\\\/cablepullingmachines.com\\\/es\\\/?page_id=4574#primaryimage\"},\"thumbnailUrl\":\"https:\\\/\\\/cablepullingmachines.com\\\/wp-content\\\/uploads\\\/2020\\\/09\\\/Cable-Blowing-Machine.png\",\"datePublished\":\"2024-09-19T12:11:47+00:00\",\"dateModified\":\"2024-09-19T12:11:54+00:00\",\"description\":\"Sopladoras de cables de microfibra \u00f3ptica - Cable Pulling Machines Manufacturer\",\"breadcrumb\":{\"@id\":\"https:\\\/\\\/cablepullingmachines.com\\\/es\\\/?page_id=4574#breadcrumb\"},\"inLanguage\":\"es\",\"potentialAction\":[{\"@type\":\"ReadAction\",\"target\":[\"https:\\\/\\\/cablepullingmachines.com\\\/es\\\/?page_id=4574\"]}]},{\"@type\":\"ImageObject\",\"inLanguage\":\"es\",\"@id\":\"https:\\\/\\\/cablepullingmachines.com\\\/es\\\/?page_id=4574#primaryimage\",\"url\":\"https:\\\/\\\/cablepullingmachines.com\\\/wp-content\\\/uploads\\\/2020\\\/09\\\/Cable-Blowing-Machine.png\",\"contentUrl\":\"https:\\\/\\\/cablepullingmachines.com\\\/wp-content\\\/uploads\\\/2020\\\/09\\\/Cable-Blowing-Machine.png\",\"width\":1000,\"height\":1030,\"caption\":\"Cable Blowing Machine\"},{\"@type\":\"BreadcrumbList\",\"@id\":\"https:\\\/\\\/cablepullingmachines.com\\\/es\\\/?page_id=4574#breadcrumb\",\"itemListElement\":[{\"@type\":\"ListItem\",\"position\":1,\"name\":\"Home\",\"item\":\"https:\\\/\\\/cablepullingmachines.com\\\/es\\\/a\\\/\"},{\"@type\":\"ListItem\",\"position\":2,\"name\":\"M\u00e1quinas de soplado de cables\",\"item\":\"https:\\\/\\\/cablepullingmachines.com\\\/es\\\/?page_id=4598\"},{\"@type\":\"ListItem\",\"position\":3,\"name\":\"Sopladoras de cables de microfibra \u00f3ptica\"}]},{\"@type\":\"WebSite\",\"@id\":\"https:\\\/\\\/cablepullingmachines.com\\\/#website\",\"url\":\"https:\\\/\\\/cablepullingmachines.com\\\/\",\"name\":\"Cable Pulling Machines and Cable Drum Trailers\",\"description\":\"Cable Pulling Machines, Winches, Cable Drum Trailers\",\"publisher\":{\"@id\":\"https:\\\/\\\/cablepullingmachines.com\\\/#organization\"},\"alternateName\":\"Cable Drum Trailers Manufacturer\",\"potentialAction\":[{\"@type\":\"SearchAction\",\"target\":{\"@type\":\"EntryPoint\",\"urlTemplate\":\"https:\\\/\\\/cablepullingmachines.com\\\/?s={search_term_string}\"},\"query-input\":{\"@type\":\"PropertyValueSpecification\",\"valueRequired\":true,\"valueName\":\"search_term_string\"}}],\"inLanguage\":\"es\"},{\"@type\":\"Organization\",\"@id\":\"https:\\\/\\\/cablepullingmachines.com\\\/#organization\",\"name\":\"Allame Makina Ltd Sti\",\"alternateName\":\"Cable Drum Trailers Manufacturer\",\"url\":\"https:\\\/\\\/cablepullingmachines.com\\\/\",\"logo\":{\"@type\":\"ImageObject\",\"inLanguage\":\"es\",\"@id\":\"https:\\\/\\\/cablepullingmachines.com\\\/#\\\/schema\\\/logo\\\/image\\\/\",\"url\":\"https:\\\/\\\/cablepullingmachines.com\\\/wp-content\\\/uploads\\\/2015\\\/10\\\/logo.jpg\",\"contentUrl\":\"https:\\\/\\\/cablepullingmachines.com\\\/wp-content\\\/uploads\\\/2015\\\/10\\\/logo.jpg\",\"width\":300,\"height\":140,\"caption\":\"Allame Makina Ltd Sti\"},\"image\":{\"@id\":\"https:\\\/\\\/cablepullingmachines.com\\\/#\\\/schema\\\/logo\\\/image\\\/\"},\"sameAs\":[\"https:\\\/\\\/www.facebook.com\\\/cablepullingmachines\",\"https:\\\/\\\/www.linkedin.com\\\/company\\\/cablepullingmachines\",\"https:\\\/\\\/www.youtube.com\\\/@CablePullingMachines\",\"https:\\\/\\\/www.instagram.com\\\/cablepullingmachines\"],\"description\":\"Cable laying products manufacturer from Turkiye. Cable Pulling Machines and Cable Drum Trailers Producer.\",\"email\":\"erkangok@allame.net\",\"telephone\":\"+905337789941\",\"legalName\":\"SKYPULLTECH\",\"foundingDate\":\"1999-02-12\",\"vatID\":\"0550635748\",\"iso6523Code\":\"1555ALL2025\",\"numberOfEmployees\":{\"@type\":\"QuantitativeValue\",\"minValue\":\"11\",\"maxValue\":\"50\"}}]}<\/script>\n<!-- \/ Yoast SEO Premium plugin. -->","yoast_head_json":{"title":"Sopladoras de cables de microfibra \u00f3ptica - Cable Pulling Machines Manufacturer","description":"Sopladoras de cables de microfibra \u00f3ptica - Cable Pulling Machines Manufacturer","robots":{"index":"index","follow":"follow","max-snippet":"max-snippet:-1","max-image-preview":"max-image-preview:large","max-video-preview":"max-video-preview:-1"},"canonical":"https:\/\/cablepullingmachines.com\/es\/?page_id=4574","og_locale":"es_ES","og_type":"article","og_title":"Sopladoras de cables de microfibra \u00f3ptica","og_description":"Sopladoras de cables de microfibra \u00f3ptica - Cable Pulling Machines Manufacturer","og_url":"https:\/\/cablepullingmachines.com\/es\/?page_id=4574","og_site_name":"Cable Pulling Machines Manufacturer","article_publisher":"https:\/\/www.facebook.com\/cablepullingmachines","article_modified_time":"2024-09-19T12:11:54+00:00","og_image":[{"width":1000,"height":1030,"url":"https:\/\/i0.wp.com\/cablepullingmachines.com\/wp-content\/uploads\/2020\/09\/Cable-Blowing-Machine.png?fit=1000%2C1030&ssl=1","type":"image\/png"}],"twitter_card":"summary_large_image","twitter_misc":{"Tiempo de lectura":"1 minuto"},"schema":{"@context":"https:\/\/schema.org","@graph":[{"@type":"WebPage","@id":"https:\/\/cablepullingmachines.com\/es\/?page_id=4574","url":"https:\/\/cablepullingmachines.com\/es\/?page_id=4574","name":"Sopladoras de cables de microfibra \u00f3ptica - Cable Pulling Machines Manufacturer","isPartOf":{"@id":"https:\/\/cablepullingmachines.com\/#website"},"primaryImageOfPage":{"@id":"https:\/\/cablepullingmachines.com\/es\/?page_id=4574#primaryimage"},"image":{"@id":"https:\/\/cablepullingmachines.com\/es\/?page_id=4574#primaryimage"},"thumbnailUrl":"https:\/\/cablepullingmachines.com\/wp-content\/uploads\/2020\/09\/Cable-Blowing-Machine.png","datePublished":"2024-09-19T12:11:47+00:00","dateModified":"2024-09-19T12:11:54+00:00","description":"Sopladoras de cables de microfibra \u00f3ptica - Cable Pulling Machines Manufacturer","breadcrumb":{"@id":"https:\/\/cablepullingmachines.com\/es\/?page_id=4574#breadcrumb"},"inLanguage":"es","potentialAction":[{"@type":"ReadAction","target":["https:\/\/cablepullingmachines.com\/es\/?page_id=4574"]}]},{"@type":"ImageObject","inLanguage":"es","@id":"https:\/\/cablepullingmachines.com\/es\/?page_id=4574#primaryimage","url":"https:\/\/cablepullingmachines.com\/wp-content\/uploads\/2020\/09\/Cable-Blowing-Machine.png","contentUrl":"https:\/\/cablepullingmachines.com\/wp-content\/uploads\/2020\/09\/Cable-Blowing-Machine.png","width":1000,"height":1030,"caption":"Cable Blowing Machine"},{"@type":"BreadcrumbList","@id":"https:\/\/cablepullingmachines.com\/es\/?page_id=4574#breadcrumb","itemListElement":[{"@type":"ListItem","position":1,"name":"Home","item":"https:\/\/cablepullingmachines.com\/es\/a\/"},{"@type":"ListItem","position":2,"name":"M\u00e1quinas de soplado de cables","item":"https:\/\/cablepullingmachines.com\/es\/?page_id=4598"},{"@type":"ListItem","position":3,"name":"Sopladoras de cables de microfibra \u00f3ptica"}]},{"@type":"WebSite","@id":"https:\/\/cablepullingmachines.com\/#website","url":"https:\/\/cablepullingmachines.com\/","name":"Cable Pulling Machines and Cable Drum Trailers","description":"Cable Pulling Machines, Winches, Cable Drum Trailers","publisher":{"@id":"https:\/\/cablepullingmachines.com\/#organization"},"alternateName":"Cable Drum Trailers Manufacturer","potentialAction":[{"@type":"SearchAction","target":{"@type":"EntryPoint","urlTemplate":"https:\/\/cablepullingmachines.com\/?s={search_term_string}"},"query-input":{"@type":"PropertyValueSpecification","valueRequired":true,"valueName":"search_term_string"}}],"inLanguage":"es"},{"@type":"Organization","@id":"https:\/\/cablepullingmachines.com\/#organization","name":"Allame Makina Ltd Sti","alternateName":"Cable Drum Trailers Manufacturer","url":"https:\/\/cablepullingmachines.com\/","logo":{"@type":"ImageObject","inLanguage":"es","@id":"https:\/\/cablepullingmachines.com\/#\/schema\/logo\/image\/","url":"https:\/\/cablepullingmachines.com\/wp-content\/uploads\/2015\/10\/logo.jpg","contentUrl":"https:\/\/cablepullingmachines.com\/wp-content\/uploads\/2015\/10\/logo.jpg","width":300,"height":140,"caption":"Allame Makina Ltd Sti"},"image":{"@id":"https:\/\/cablepullingmachines.com\/#\/schema\/logo\/image\/"},"sameAs":["https:\/\/www.facebook.com\/cablepullingmachines","https:\/\/www.linkedin.com\/company\/cablepullingmachines","https:\/\/www.youtube.com\/@CablePullingMachines","https:\/\/www.instagram.com\/cablepullingmachines"],"description":"Cable laying products manufacturer from Turkiye. Cable Pulling Machines and Cable Drum Trailers Producer.","email":"erkangok@allame.net","telephone":"+905337789941","legalName":"SKYPULLTECH","foundingDate":"1999-02-12","vatID":"0550635748","iso6523Code":"1555ALL2025","numberOfEmployees":{"@type":"QuantitativeValue","minValue":"11","maxValue":"50"}}]}},"amp_enabled":true,"_links":{"self":[{"href":"https:\/\/cablepullingmachines.com\/es\/wp-json\/wp\/v2\/pages\/4574","targetHints":{"allow":["GET"]}}],"collection":[{"href":"https:\/\/cablepullingmachines.com\/es\/wp-json\/wp\/v2\/pages"}],"about":[{"href":"https:\/\/cablepullingmachines.com\/es\/wp-json\/wp\/v2\/types\/page"}],"author":[{"embeddable":true,"href":"https:\/\/cablepullingmachines.com\/es\/wp-json\/wp\/v2\/users\/1"}],"replies":[{"embeddable":true,"href":"https:\/\/cablepullingmachines.com\/es\/wp-json\/wp\/v2\/comments?post=4574"}],"version-history":[{"count":0,"href":"https:\/\/cablepullingmachines.com\/es\/wp-json\/wp\/v2\/pages\/4574\/revisions"}],"up":[{"embeddable":true,"href":"https:\/\/cablepullingmachines.com\/es\/wp-json\/wp\/v2\/pages\/4598"}],"wp:featuredmedia":[{"embeddable":true,"href":"https:\/\/cablepullingmachines.com\/es\/wp-json\/wp\/v2\/media\/4274"}],"wp:attachment":[{"href":"https:\/\/cablepullingmachines.com\/es\/wp-json\/wp\/v2\/media?parent=4574"}],"curies":[{"name":"wp","href":"https:\/\/api.w.org\/{rel}","templated":true}]}}