{"id":4571,"date":"2024-09-19T12:11:47","date_gmt":"2024-09-19T12:11:47","guid":{"rendered":"https:\/\/cablepullingmachines.com\/sopladoras-hidraulicas-de-cables-de-fibra-optica\/"},"modified":"2024-09-19T12:11:54","modified_gmt":"2024-09-19T12:11:54","slug":"sopladoras-hidraulicas-de-cables-de-fibra-optica","status":"publish","type":"page","link":"https:\/\/cablepullingmachines.com\/es\/maquinas-de-soplado-de-cables\/sopladoras-hidraulicas-de-cables-de-fibra-optica\/","title":{"rendered":"Sopladoras hidr\u00e1ulicas de cables de fibra \u00f3ptica"},"content":{"rendered":"<h1>Sopladoras hidr\u00e1ulicas de cables de fibra \u00f3ptica<\/h1>\n<p><em><strong>HydroSKY<\/strong> <\/em>se ha creado para soplar cables y tubos en conductos.<br \/>\nTienes que sustituir el grupo de paletas y algunas otras piezas para convertir la m\u00e1quina de soplado de tubos a soplado de cables o viceversa. <em><strong>HydroSKY <\/strong><\/em>funciona con la unidad de potencia hidr\u00e1ulica y la raz\u00f3n de ello es que los motores del <em><strong>HydroSKY<\/strong><\/em> funcionan con aceite hidr\u00e1ulico comprimido.<br \/>\nPuedes utilizar la unidad de potencia hidr\u00e1ulica ALLAME MAKINA con <em><strong>HydroSKY<\/strong><\/em>.<br \/>\nesta m\u00e1quina es potente gracias a los motores Hidr\u00e1ulicos adem\u00e1s de que el dise\u00f1o SKYJET en <strong>HYDROSKY<\/strong> hace que se beneficie de todo el aire enviado en conducto para que el cable sople con <em><strong>HydroSKY <\/strong><\/em>es mucho m\u00e1s c\u00f3modo que el soplado con SKYJET (en la m\u00e1quina SKYJET parte del aire es utilizado por los motores neum\u00e1ticos).<br \/>\nGracias a la potencia de <em><strong>HydroSKY<\/strong><\/em>puedes soplar cables de mayor di\u00e1metro y muchos tubos juntos.<br \/>\nHay algunas desventajas de <em><strong>HydroSKY <\/strong><\/em>desde el punto de vista del dise\u00f1o de SKYJET.<br \/>\nEsta m\u00e1quina funciona con una unidad de potencia hidr\u00e1ulica (el compresor solo es suficiente en la m\u00e1quina SKYJET), y es m\u00e1s pesada que SKYJET y m\u00e1s grande que SKYJET.        <figure id=\"attachment_2235\" aria-describedby=\"caption-attachment-2235\" style=\"width: 1000px\" class=\"wp-caption alignleft\"><img decoding=\"async\" class=\"size-full wp-image-2235 lazyload\" data-src=\"https:\/\/cablepullingmachines.com\/wp-content\/uploads\/2020\/09\/Hydraulic-cable-blowing-machine.jpg\" alt=\"M\u00e1quina sopladora de cable hidr\u00e1ulica\" width=\"1000\" height=\"1333\" data-srcset=\"https:\/\/cablepullingmachines.com\/wp-content\/uploads\/2020\/09\/Hydraulic-cable-blowing-machine.jpg 1000w, https:\/\/cablepullingmachines.com\/wp-content\/uploads\/2020\/09\/Hydraulic-cable-blowing-machine-225x300.jpg 225w, https:\/\/cablepullingmachines.com\/wp-content\/uploads\/2020\/09\/Hydraulic-cable-blowing-machine-773x1030.jpg 773w, https:\/\/cablepullingmachines.com\/wp-content\/uploads\/2020\/09\/Hydraulic-cable-blowing-machine-768x1024.jpg 768w, https:\/\/cablepullingmachines.com\/wp-content\/uploads\/2020\/09\/Hydraulic-cable-blowing-machine-529x705.jpg 529w\" data-sizes=\"(max-width: 1000px) 100vw, 1000px\" src=\"data:image\/svg+xml;base64,PHN2ZyB3aWR0aD0iMSIgaGVpZ2h0PSIxIiB4bWxucz0iaHR0cDovL3d3dy53My5vcmcvMjAwMC9zdmciPjwvc3ZnPg==\" style=\"--smush-placeholder-width: 1000px; --smush-placeholder-aspect-ratio: 1000\/1333;\" \/><figcaption id=\"caption-attachment-2235\" class=\"wp-caption-text\">M\u00e1quina sopladora de cable hidr\u00e1ulica<\/figcaption><\/figure><\/p>\n<p>&nbsp;<\/p>\n<figure id=\"attachment_2236\" aria-describedby=\"caption-attachment-2236\" style=\"width: 600px\" class=\"wp-caption alignleft\"><img decoding=\"async\" class=\"size-full wp-image-2236 lazyload\" data-src=\"https:\/\/cablepullingmachines.com\/wp-content\/uploads\/2020\/09\/Hydraulic-cable-blowing-machines.jpg\" alt=\"Sopladoras de cable hidr\u00e1ulicas\" width=\"600\" height=\"450\" data-srcset=\"https:\/\/cablepullingmachines.com\/wp-content\/uploads\/2020\/09\/Hydraulic-cable-blowing-machines.jpg 600w, https:\/\/cablepullingmachines.com\/wp-content\/uploads\/2020\/09\/Hydraulic-cable-blowing-machines-300x225.jpg 300w\" data-sizes=\"(max-width: 600px) 100vw, 600px\" src=\"data:image\/svg+xml;base64,PHN2ZyB3aWR0aD0iMSIgaGVpZ2h0PSIxIiB4bWxucz0iaHR0cDovL3d3dy53My5vcmcvMjAwMC9zdmciPjwvc3ZnPg==\" style=\"--smush-placeholder-width: 600px; --smush-placeholder-aspect-ratio: 600\/450;\" \/><figcaption id=\"caption-attachment-2236\" class=\"wp-caption-text\">Sopladoras de cable hidr\u00e1ulicas<\/figcaption><\/figure>\n<figure id=\"attachment_2237\" aria-describedby=\"caption-attachment-2237\" style=\"width: 600px\" class=\"wp-caption alignleft\"><img decoding=\"async\" class=\"size-full wp-image-2237 lazyload\" data-src=\"https:\/\/cablepullingmachines.com\/wp-content\/uploads\/2020\/09\/Hydraulic-cable-blowing-machine-HydroSKY.jpg\" alt=\"Sopladora de cables hidr\u00e1ulica HydroSKY\" width=\"600\" height=\"450\" data-srcset=\"https:\/\/cablepullingmachines.com\/wp-content\/uploads\/2020\/09\/Hydraulic-cable-blowing-machine-HydroSKY.jpg 600w, https:\/\/cablepullingmachines.com\/wp-content\/uploads\/2020\/09\/Hydraulic-cable-blowing-machine-HydroSKY-300x225.jpg 300w\" data-sizes=\"(max-width: 600px) 100vw, 600px\" src=\"data:image\/svg+xml;base64,PHN2ZyB3aWR0aD0iMSIgaGVpZ2h0PSIxIiB4bWxucz0iaHR0cDovL3d3dy53My5vcmcvMjAwMC9zdmciPjwvc3ZnPg==\" style=\"--smush-placeholder-width: 600px; --smush-placeholder-aspect-ratio: 600\/450;\" \/><figcaption id=\"caption-attachment-2237\" class=\"wp-caption-text\">Sopladora de cables hidr\u00e1ulica HydroSKY<\/figcaption><\/figure>\n<p>&nbsp;<\/p>\n<p>&nbsp;<\/p>\n<p>&nbsp;<\/p>\n<p>&nbsp;  En est\u00e1ndar, <em><strong>HydroSKY <\/strong><\/em>es de 50 mm de di\u00e1metro.<br \/>\nFabricamos herramientas para muchos di\u00e1metros de conducto, a petici\u00f3n de los clientes.<br \/>\nY aqu\u00ed tienes algunas especificaciones t\u00e9cnicas &nbsp;<strong>HydroSKY: <em>M\u00e1quina sopladora hidr\u00e1ulica de cables y tubos de fibra \u00f3ptica<\/em><\/strong> CONTROL: Por t\u00e9cnico AIRE NECESARIO: 12 bares 10 m\u00b3\/min.<br \/>\n(m\u00ednimo)<br \/>\nMOTORES HIDR\u00c1ULICOS: Doble efectivo, 57-newton metro (2 piezas) ACEITE NECESARIO PARA LOS MOTORES: 20 litros\/min.     VELOCIDAD DE SOPLADO DE CABLE Y TUBO: 15 metros \/ minuto DIMENSIONES (ancho x largo x alto): 125cm x 94cm x 78cm (HydroSKY y grupo hidr\u00e1ulico juntos) PESO DE LA M\u00c1QUINA: 155kg (hydrofok y grupo hidr\u00e1ulico juntos) <em><span style=\"color: #ffffff;\"><strong>sopladoras hidr\u00e1ulicas de cable de fibra \u00f3ptica<\/strong><\/span><\/em><em><strong>DI\u00c1METROS DE CABLE DE FIBRA \u00d3PTICA<\/strong><\/em><span style=\"color: #ffffff;\"><strong>sopladoras hidr\u00e1ulicas de cable de fibra \u00f3ptica<\/strong><\/span> Es necesario cambiar el grupo de paletas y algunas piezas para modificar el rango de di\u00e1metros de cable de las m\u00e1quinas.<br \/>\n<em>Di\u00e1metro 9mm-14mmDi\u00e1metro<\/em><em>14mm-20mmDi\u00e1metro<\/em><em>20mm-25mm<\/em>&nbsp;<em><strong>DI\u00c1METROS Y CANTIDAD DE TUBOS<\/strong><\/em> Tienes que facilitarnos datos sobre el di\u00e1metro de los tubos y la cantidad de tubos que quieres soplar de una vez.<br \/>\nHay algunos ejemplos a continuaci\u00f3n.<em>Di\u00e1metro<\/em> <em>del tubo =12mm \/<\/em><em>Cantidad=4Di\u00e1metro<\/em> <em>del tubo<\/em><em>=6mm \/ Cantidad=7<\/em>  <\/p>\n<p>&nbsp;<\/p>\n","protected":false},"excerpt":{"rendered":"<p>Sopladoras hidr\u00e1ulicas de cables de fibra \u00f3ptica HydroSKY se ha creado para soplar cables y tubos en conductos. Tienes que sustituir el grupo de paletas y algunas otras piezas para convertir la m\u00e1quina de soplado de tubos a soplado de cables o viceversa. HydroSKY funciona con la unidad de potencia hidr\u00e1ulica y la raz\u00f3n de<\/p>\n","protected":false},"author":1,"featured_media":4250,"parent":4598,"menu_order":0,"comment_status":"closed","ping_status":"closed","template":"","meta":{"_joinchat":[],"footnotes":""},"class_list":["post-4571","page","type-page","status-publish","has-post-thumbnail","hentry"],"yoast_head":"<!-- This site is optimized with the Yoast SEO Premium plugin v26.8 (Yoast SEO v27.0) - https:\/\/yoast.com\/product\/yoast-seo-premium-wordpress\/ -->\n<title>Sopladoras hidr\u00e1ulicas de cables de fibra \u00f3ptica - Cable Pulling Machines Manufacturer<\/title>\n<meta name=\"description\" content=\"Sopladoras hidr\u00e1ulicas de cables de fibra \u00f3ptica - Cable Pulling Machines Manufacturer\" \/>\n<meta name=\"robots\" content=\"index, follow, max-snippet:-1, max-image-preview:large, max-video-preview:-1\" \/>\n<link rel=\"canonical\" href=\"https:\/\/cablepullingmachines.com\/es\/?page_id=4571\" \/>\n<meta property=\"og:locale\" content=\"es_ES\" \/>\n<meta property=\"og:type\" content=\"article\" \/>\n<meta property=\"og:title\" content=\"Sopladoras hidr\u00e1ulicas de cables de fibra \u00f3ptica\" \/>\n<meta property=\"og:description\" content=\"Sopladoras hidr\u00e1ulicas de cables de fibra \u00f3ptica - Cable Pulling Machines Manufacturer\" \/>\n<meta property=\"og:url\" content=\"https:\/\/cablepullingmachines.com\/es\/?page_id=4571\" \/>\n<meta property=\"og:site_name\" content=\"Cable Pulling Machines Manufacturer\" \/>\n<meta property=\"article:publisher\" content=\"https:\/\/www.facebook.com\/cablepullingmachines\" \/>\n<meta property=\"article:modified_time\" content=\"2024-09-19T12:11:54+00:00\" \/>\n<meta property=\"og:image\" content=\"https:\/\/i0.wp.com\/cablepullingmachines.com\/wp-content\/uploads\/2020\/09\/Hydraulic-cable-blowing-machine.jpg?fit=1000%2C1333&ssl=1\" \/>\n\t<meta property=\"og:image:width\" content=\"1000\" \/>\n\t<meta property=\"og:image:height\" content=\"1333\" \/>\n\t<meta property=\"og:image:type\" content=\"image\/jpeg\" \/>\n<meta name=\"twitter:card\" content=\"summary_large_image\" \/>\n<meta name=\"twitter:label1\" content=\"Tiempo de lectura\" \/>\n\t<meta name=\"twitter:data1\" content=\"2 minutos\" \/>\n<script type=\"application\/ld+json\" class=\"yoast-schema-graph\">{\"@context\":\"https:\/\/schema.org\",\"@graph\":[{\"@type\":\"WebPage\",\"@id\":\"https:\/\/cablepullingmachines.com\/es\/?page_id=4571\",\"url\":\"https:\/\/cablepullingmachines.com\/es\/?page_id=4571\",\"name\":\"Sopladoras hidr\u00e1ulicas de cables de fibra \u00f3ptica - Cable Pulling Machines Manufacturer\",\"isPartOf\":{\"@id\":\"https:\/\/cablepullingmachines.com\/#website\"},\"primaryImageOfPage\":{\"@id\":\"https:\/\/cablepullingmachines.com\/es\/?page_id=4571#primaryimage\"},\"image\":{\"@id\":\"https:\/\/cablepullingmachines.com\/es\/?page_id=4571#primaryimage\"},\"thumbnailUrl\":\"https:\/\/cablepullingmachines.com\/wp-content\/uploads\/2020\/09\/Hydraulic-cable-blowing-machine.jpg\",\"datePublished\":\"2024-09-19T12:11:47+00:00\",\"dateModified\":\"2024-09-19T12:11:54+00:00\",\"description\":\"Sopladoras hidr\u00e1ulicas de cables de fibra \u00f3ptica - Cable Pulling Machines Manufacturer\",\"breadcrumb\":{\"@id\":\"https:\/\/cablepullingmachines.com\/es\/?page_id=4571#breadcrumb\"},\"inLanguage\":\"es\",\"potentialAction\":[{\"@type\":\"ReadAction\",\"target\":[\"https:\/\/cablepullingmachines.com\/es\/?page_id=4571\"]}]},{\"@type\":\"ImageObject\",\"inLanguage\":\"es\",\"@id\":\"https:\/\/cablepullingmachines.com\/es\/?page_id=4571#primaryimage\",\"url\":\"https:\/\/cablepullingmachines.com\/wp-content\/uploads\/2020\/09\/Hydraulic-cable-blowing-machine.jpg\",\"contentUrl\":\"https:\/\/cablepullingmachines.com\/wp-content\/uploads\/2020\/09\/Hydraulic-cable-blowing-machine.jpg\",\"width\":1000,\"height\":1333,\"caption\":\"Hydraulic cable blowing machine\"},{\"@type\":\"BreadcrumbList\",\"@id\":\"https:\/\/cablepullingmachines.com\/es\/?page_id=4571#breadcrumb\",\"itemListElement\":[{\"@type\":\"ListItem\",\"position\":1,\"name\":\"Home\",\"item\":\"https:\/\/cablepullingmachines.com\/es\/a\/\"},{\"@type\":\"ListItem\",\"position\":2,\"name\":\"M\u00e1quinas de soplado de cables\",\"item\":\"https:\/\/cablepullingmachines.com\/es\/?page_id=4598\"},{\"@type\":\"ListItem\",\"position\":3,\"name\":\"Sopladoras hidr\u00e1ulicas de cables de fibra \u00f3ptica\"}]},{\"@type\":\"WebSite\",\"@id\":\"https:\/\/cablepullingmachines.com\/#website\",\"url\":\"https:\/\/cablepullingmachines.com\/\",\"name\":\"Cable Pulling Machines and Cable Drum Trailers\",\"description\":\"Cable Pulling Machines, Winches, Cable Drum Trailers\",\"publisher\":{\"@id\":\"https:\/\/cablepullingmachines.com\/#organization\"},\"alternateName\":\"Cable Drum Trailers Manufacturer\",\"potentialAction\":[{\"@type\":\"SearchAction\",\"target\":{\"@type\":\"EntryPoint\",\"urlTemplate\":\"https:\/\/cablepullingmachines.com\/?s={search_term_string}\"},\"query-input\":{\"@type\":\"PropertyValueSpecification\",\"valueRequired\":true,\"valueName\":\"search_term_string\"}}],\"inLanguage\":\"es\"},{\"@type\":\"Organization\",\"@id\":\"https:\/\/cablepullingmachines.com\/#organization\",\"name\":\"Allame Makina Ltd Sti\",\"alternateName\":\"Cable Drum Trailers Manufacturer\",\"url\":\"https:\/\/cablepullingmachines.com\/\",\"logo\":{\"@type\":\"ImageObject\",\"inLanguage\":\"es\",\"@id\":\"https:\/\/cablepullingmachines.com\/#\/schema\/logo\/image\/\",\"url\":\"https:\/\/cablepullingmachines.com\/wp-content\/uploads\/2015\/10\/logo.jpg\",\"contentUrl\":\"https:\/\/cablepullingmachines.com\/wp-content\/uploads\/2015\/10\/logo.jpg\",\"width\":300,\"height\":140,\"caption\":\"Allame Makina Ltd Sti\"},\"image\":{\"@id\":\"https:\/\/cablepullingmachines.com\/#\/schema\/logo\/image\/\"},\"sameAs\":[\"https:\/\/www.facebook.com\/cablepullingmachines\",\"https:\/\/www.linkedin.com\/company\/cablepullingmachines\",\"https:\/\/www.youtube.com\/@CablePullingMachines\",\"https:\/\/www.instagram.com\/cablepullingmachines\"],\"description\":\"Cable laying products manufacturer from Turkiye. Cable Pulling Machines and Cable Drum Trailers Producer.\",\"email\":\"erkangok@allame.net\",\"telephone\":\"+905337789941\",\"legalName\":\"SKYPULLTECH\",\"foundingDate\":\"1999-02-12\",\"vatID\":\"0550635748\",\"iso6523Code\":\"1555ALL2025\",\"numberOfEmployees\":{\"@type\":\"QuantitativeValue\",\"minValue\":\"11\",\"maxValue\":\"50\"}}]}<\/script>\n<!-- \/ Yoast SEO Premium plugin. -->","yoast_head_json":{"title":"Sopladoras hidr\u00e1ulicas de cables de fibra \u00f3ptica - Cable Pulling Machines Manufacturer","description":"Sopladoras hidr\u00e1ulicas de cables de fibra \u00f3ptica - Cable Pulling Machines Manufacturer","robots":{"index":"index","follow":"follow","max-snippet":"max-snippet:-1","max-image-preview":"max-image-preview:large","max-video-preview":"max-video-preview:-1"},"canonical":"https:\/\/cablepullingmachines.com\/es\/?page_id=4571","og_locale":"es_ES","og_type":"article","og_title":"Sopladoras hidr\u00e1ulicas de cables de fibra \u00f3ptica","og_description":"Sopladoras hidr\u00e1ulicas de cables de fibra \u00f3ptica - Cable Pulling Machines Manufacturer","og_url":"https:\/\/cablepullingmachines.com\/es\/?page_id=4571","og_site_name":"Cable Pulling Machines Manufacturer","article_publisher":"https:\/\/www.facebook.com\/cablepullingmachines","article_modified_time":"2024-09-19T12:11:54+00:00","og_image":[{"width":1000,"height":1333,"url":"https:\/\/i0.wp.com\/cablepullingmachines.com\/wp-content\/uploads\/2020\/09\/Hydraulic-cable-blowing-machine.jpg?fit=1000%2C1333&ssl=1","type":"image\/jpeg"}],"twitter_card":"summary_large_image","twitter_misc":{"Tiempo de lectura":"2 minutos"},"schema":{"@context":"https:\/\/schema.org","@graph":[{"@type":"WebPage","@id":"https:\/\/cablepullingmachines.com\/es\/?page_id=4571","url":"https:\/\/cablepullingmachines.com\/es\/?page_id=4571","name":"Sopladoras hidr\u00e1ulicas de cables de fibra \u00f3ptica - Cable Pulling Machines Manufacturer","isPartOf":{"@id":"https:\/\/cablepullingmachines.com\/#website"},"primaryImageOfPage":{"@id":"https:\/\/cablepullingmachines.com\/es\/?page_id=4571#primaryimage"},"image":{"@id":"https:\/\/cablepullingmachines.com\/es\/?page_id=4571#primaryimage"},"thumbnailUrl":"https:\/\/cablepullingmachines.com\/wp-content\/uploads\/2020\/09\/Hydraulic-cable-blowing-machine.jpg","datePublished":"2024-09-19T12:11:47+00:00","dateModified":"2024-09-19T12:11:54+00:00","description":"Sopladoras hidr\u00e1ulicas de cables de fibra \u00f3ptica - Cable Pulling Machines Manufacturer","breadcrumb":{"@id":"https:\/\/cablepullingmachines.com\/es\/?page_id=4571#breadcrumb"},"inLanguage":"es","potentialAction":[{"@type":"ReadAction","target":["https:\/\/cablepullingmachines.com\/es\/?page_id=4571"]}]},{"@type":"ImageObject","inLanguage":"es","@id":"https:\/\/cablepullingmachines.com\/es\/?page_id=4571#primaryimage","url":"https:\/\/cablepullingmachines.com\/wp-content\/uploads\/2020\/09\/Hydraulic-cable-blowing-machine.jpg","contentUrl":"https:\/\/cablepullingmachines.com\/wp-content\/uploads\/2020\/09\/Hydraulic-cable-blowing-machine.jpg","width":1000,"height":1333,"caption":"Hydraulic cable blowing machine"},{"@type":"BreadcrumbList","@id":"https:\/\/cablepullingmachines.com\/es\/?page_id=4571#breadcrumb","itemListElement":[{"@type":"ListItem","position":1,"name":"Home","item":"https:\/\/cablepullingmachines.com\/es\/a\/"},{"@type":"ListItem","position":2,"name":"M\u00e1quinas de soplado de cables","item":"https:\/\/cablepullingmachines.com\/es\/?page_id=4598"},{"@type":"ListItem","position":3,"name":"Sopladoras hidr\u00e1ulicas de cables de fibra \u00f3ptica"}]},{"@type":"WebSite","@id":"https:\/\/cablepullingmachines.com\/#website","url":"https:\/\/cablepullingmachines.com\/","name":"Cable Pulling Machines and Cable Drum Trailers","description":"Cable Pulling Machines, Winches, Cable Drum Trailers","publisher":{"@id":"https:\/\/cablepullingmachines.com\/#organization"},"alternateName":"Cable Drum Trailers Manufacturer","potentialAction":[{"@type":"SearchAction","target":{"@type":"EntryPoint","urlTemplate":"https:\/\/cablepullingmachines.com\/?s={search_term_string}"},"query-input":{"@type":"PropertyValueSpecification","valueRequired":true,"valueName":"search_term_string"}}],"inLanguage":"es"},{"@type":"Organization","@id":"https:\/\/cablepullingmachines.com\/#organization","name":"Allame Makina Ltd Sti","alternateName":"Cable Drum Trailers Manufacturer","url":"https:\/\/cablepullingmachines.com\/","logo":{"@type":"ImageObject","inLanguage":"es","@id":"https:\/\/cablepullingmachines.com\/#\/schema\/logo\/image\/","url":"https:\/\/cablepullingmachines.com\/wp-content\/uploads\/2015\/10\/logo.jpg","contentUrl":"https:\/\/cablepullingmachines.com\/wp-content\/uploads\/2015\/10\/logo.jpg","width":300,"height":140,"caption":"Allame Makina Ltd Sti"},"image":{"@id":"https:\/\/cablepullingmachines.com\/#\/schema\/logo\/image\/"},"sameAs":["https:\/\/www.facebook.com\/cablepullingmachines","https:\/\/www.linkedin.com\/company\/cablepullingmachines","https:\/\/www.youtube.com\/@CablePullingMachines","https:\/\/www.instagram.com\/cablepullingmachines"],"description":"Cable laying products manufacturer from Turkiye. Cable Pulling Machines and Cable Drum Trailers Producer.","email":"erkangok@allame.net","telephone":"+905337789941","legalName":"SKYPULLTECH","foundingDate":"1999-02-12","vatID":"0550635748","iso6523Code":"1555ALL2025","numberOfEmployees":{"@type":"QuantitativeValue","minValue":"11","maxValue":"50"}}]}},"amp_enabled":true,"_links":{"self":[{"href":"https:\/\/cablepullingmachines.com\/es\/wp-json\/wp\/v2\/pages\/4571","targetHints":{"allow":["GET"]}}],"collection":[{"href":"https:\/\/cablepullingmachines.com\/es\/wp-json\/wp\/v2\/pages"}],"about":[{"href":"https:\/\/cablepullingmachines.com\/es\/wp-json\/wp\/v2\/types\/page"}],"author":[{"embeddable":true,"href":"https:\/\/cablepullingmachines.com\/es\/wp-json\/wp\/v2\/users\/1"}],"replies":[{"embeddable":true,"href":"https:\/\/cablepullingmachines.com\/es\/wp-json\/wp\/v2\/comments?post=4571"}],"version-history":[{"count":0,"href":"https:\/\/cablepullingmachines.com\/es\/wp-json\/wp\/v2\/pages\/4571\/revisions"}],"up":[{"embeddable":true,"href":"https:\/\/cablepullingmachines.com\/es\/wp-json\/wp\/v2\/pages\/4598"}],"wp:featuredmedia":[{"embeddable":true,"href":"https:\/\/cablepullingmachines.com\/es\/wp-json\/wp\/v2\/media\/4250"}],"wp:attachment":[{"href":"https:\/\/cablepullingmachines.com\/es\/wp-json\/wp\/v2\/media?parent=4571"}],"curies":[{"name":"wp","href":"https:\/\/api.w.org\/{rel}","templated":true}]}}