{"id":4512,"date":"2024-09-19T12:11:29","date_gmt":"2024-09-19T12:11:29","guid":{"rendered":"https:\/\/cablepullingmachines.com\/maquina-hidraulica-de-traccion-de-cables-12-15-toneladas\/"},"modified":"2024-09-19T12:12:19","modified_gmt":"2024-09-19T12:12:19","slug":"maquina-hidraulica-de-traccion-de-cables-12-15-toneladas","status":"publish","type":"page","link":"https:\/\/cablepullingmachines.com\/es\/cabrestantes-hidraulicos-de-traccion-por-cable\/maquina-hidraulica-de-traccion-de-cables-12-15-toneladas\/","title":{"rendered":"M\u00c1QUINA HIDR\u00c1ULICA DE TRACCI\u00d3N DE CABLES 12-15 TONELADAS"},"content":{"rendered":"","protected":false},"excerpt":{"rendered":"","protected":false},"author":1,"featured_media":6044,"parent":4674,"menu_order":0,"comment_status":"closed","ping_status":"closed","template":"","meta":{"_joinchat":[],"footnotes":""},"class_list":["post-4512","page","type-page","status-publish","has-post-thumbnail","hentry"],"yoast_head":"<!-- This site is optimized with the Yoast SEO Premium plugin v26.8 (Yoast SEO v27.0) - https:\/\/yoast.com\/product\/yoast-seo-premium-wordpress\/ -->\n<title>M\u00c1QUINA HIDR\u00c1ULICA DE TRACCI\u00d3N DE CABLES 12-15 TONELADAS - Cable Pulling Machines Manufacturer<\/title>\n<meta name=\"description\" content=\"M\u00c1QUINA HIDR\u00c1ULICA DE TRACCI\u00d3N DE CABLES 12-15 TONELADAS - Cable Pulling Machines Manufacturer\" \/>\n<meta name=\"robots\" content=\"index, follow, max-snippet:-1, max-image-preview:large, max-video-preview:-1\" \/>\n<link rel=\"canonical\" href=\"https:\/\/cablepullingmachines.com\/es\/?page_id=4512\" \/>\n<meta property=\"og:locale\" content=\"es_ES\" \/>\n<meta property=\"og:type\" content=\"article\" \/>\n<meta property=\"og:title\" content=\"M\u00c1QUINA HIDR\u00c1ULICA DE TRACCI\u00d3N DE CABLES 12-15 TONELADAS\" \/>\n<meta property=\"og:description\" content=\"M\u00c1QUINA HIDR\u00c1ULICA DE TRACCI\u00d3N DE CABLES 12-15 TONELADAS - Cable Pulling Machines Manufacturer\" \/>\n<meta property=\"og:url\" content=\"https:\/\/cablepullingmachines.com\/es\/?page_id=4512\" \/>\n<meta property=\"og:site_name\" content=\"Cable Pulling Machines Manufacturer\" \/>\n<meta property=\"article:publisher\" content=\"https:\/\/www.facebook.com\/cablepullingmachines\" \/>\n<meta property=\"article:modified_time\" content=\"2024-09-19T12:12:19+00:00\" \/>\n<meta property=\"og:image\" content=\"https:\/\/cablepullingmachines.com\/wp-content\/uploads\/2025\/02\/Full-Hydraulic-Cable-Drum-Trailers-30-tons.webp\" \/>\n\t<meta property=\"og:image:width\" content=\"1010\" \/>\n\t<meta property=\"og:image:height\" content=\"617\" \/>\n\t<meta property=\"og:image:type\" content=\"image\/webp\" \/>\n<meta name=\"twitter:card\" content=\"summary_large_image\" \/>\n<script type=\"application\/ld+json\" class=\"yoast-schema-graph\">{\"@context\":\"https:\/\/schema.org\",\"@graph\":[{\"@type\":\"WebPage\",\"@id\":\"https:\/\/cablepullingmachines.com\/es\/?page_id=4512\",\"url\":\"https:\/\/cablepullingmachines.com\/es\/?page_id=4512\",\"name\":\"M\u00c1QUINA HIDR\u00c1ULICA DE TRACCI\u00d3N DE CABLES 12-15 TONELADAS - Cable Pulling Machines Manufacturer\",\"isPartOf\":{\"@id\":\"https:\/\/cablepullingmachines.com\/#website\"},\"primaryImageOfPage\":{\"@id\":\"https:\/\/cablepullingmachines.com\/es\/?page_id=4512#primaryimage\"},\"image\":{\"@id\":\"https:\/\/cablepullingmachines.com\/es\/?page_id=4512#primaryimage\"},\"thumbnailUrl\":\"https:\/\/cablepullingmachines.com\/wp-content\/uploads\/2025\/02\/hydraulic-cable-pulling-machines-15-tons-3.webp\",\"datePublished\":\"2024-09-19T12:11:29+00:00\",\"dateModified\":\"2024-09-19T12:12:19+00:00\",\"description\":\"M\u00c1QUINA HIDR\u00c1ULICA DE TRACCI\u00d3N DE CABLES 12-15 TONELADAS - Cable Pulling Machines Manufacturer\",\"breadcrumb\":{\"@id\":\"https:\/\/cablepullingmachines.com\/es\/?page_id=4512#breadcrumb\"},\"inLanguage\":\"es\",\"potentialAction\":[{\"@type\":\"ReadAction\",\"target\":[\"https:\/\/cablepullingmachines.com\/es\/?page_id=4512\"]}]},{\"@type\":\"ImageObject\",\"inLanguage\":\"es\",\"@id\":\"https:\/\/cablepullingmachines.com\/es\/?page_id=4512#primaryimage\",\"url\":\"https:\/\/cablepullingmachines.com\/wp-content\/uploads\/2025\/02\/hydraulic-cable-pulling-machines-15-tons-3.webp\",\"contentUrl\":\"https:\/\/cablepullingmachines.com\/wp-content\/uploads\/2025\/02\/hydraulic-cable-pulling-machines-15-tons-3.webp\",\"width\":1010,\"height\":617,\"caption\":\"hydraulic cable pulling machines 15 tons\"},{\"@type\":\"BreadcrumbList\",\"@id\":\"https:\/\/cablepullingmachines.com\/es\/?page_id=4512#breadcrumb\",\"itemListElement\":[{\"@type\":\"ListItem\",\"position\":1,\"name\":\"Home\",\"item\":\"https:\/\/cablepullingmachines.com\/es\/a\/\"},{\"@type\":\"ListItem\",\"position\":2,\"name\":\"Cabrestantes hidr\u00e1ulicos de tracci\u00f3n por cable\",\"item\":\"https:\/\/cablepullingmachines.com\/es\/?page_id=4674\"},{\"@type\":\"ListItem\",\"position\":3,\"name\":\"M\u00c1QUINA HIDR\u00c1ULICA DE TRACCI\u00d3N DE CABLES 12-15 TONELADAS\"}]},{\"@type\":\"WebSite\",\"@id\":\"https:\/\/cablepullingmachines.com\/#website\",\"url\":\"https:\/\/cablepullingmachines.com\/\",\"name\":\"Cable Pulling Machines and Cable Drum Trailers\",\"description\":\"Cable Pulling Machines, Winches, Cable Drum Trailers\",\"publisher\":{\"@id\":\"https:\/\/cablepullingmachines.com\/#organization\"},\"alternateName\":\"Cable Drum Trailers Manufacturer\",\"potentialAction\":[{\"@type\":\"SearchAction\",\"target\":{\"@type\":\"EntryPoint\",\"urlTemplate\":\"https:\/\/cablepullingmachines.com\/?s={search_term_string}\"},\"query-input\":{\"@type\":\"PropertyValueSpecification\",\"valueRequired\":true,\"valueName\":\"search_term_string\"}}],\"inLanguage\":\"es\"},{\"@type\":\"Organization\",\"@id\":\"https:\/\/cablepullingmachines.com\/#organization\",\"name\":\"Allame Makina Ltd Sti\",\"alternateName\":\"Cable Drum Trailers Manufacturer\",\"url\":\"https:\/\/cablepullingmachines.com\/\",\"logo\":{\"@type\":\"ImageObject\",\"inLanguage\":\"es\",\"@id\":\"https:\/\/cablepullingmachines.com\/#\/schema\/logo\/image\/\",\"url\":\"https:\/\/cablepullingmachines.com\/wp-content\/uploads\/2015\/10\/logo.jpg\",\"contentUrl\":\"https:\/\/cablepullingmachines.com\/wp-content\/uploads\/2015\/10\/logo.jpg\",\"width\":300,\"height\":140,\"caption\":\"Allame Makina Ltd Sti\"},\"image\":{\"@id\":\"https:\/\/cablepullingmachines.com\/#\/schema\/logo\/image\/\"},\"sameAs\":[\"https:\/\/www.facebook.com\/cablepullingmachines\",\"https:\/\/www.linkedin.com\/company\/cablepullingmachines\",\"https:\/\/www.youtube.com\/@CablePullingMachines\",\"https:\/\/www.instagram.com\/cablepullingmachines\"],\"description\":\"Cable laying products manufacturer from Turkiye. Cable Pulling Machines and Cable Drum Trailers Producer.\",\"email\":\"erkangok@allame.net\",\"telephone\":\"+905337789941\",\"legalName\":\"SKYPULLTECH\",\"foundingDate\":\"1999-02-12\",\"vatID\":\"0550635748\",\"iso6523Code\":\"1555ALL2025\",\"numberOfEmployees\":{\"@type\":\"QuantitativeValue\",\"minValue\":\"11\",\"maxValue\":\"50\"}}]}<\/script>\n<!-- \/ Yoast SEO Premium plugin. -->","yoast_head_json":{"title":"M\u00c1QUINA HIDR\u00c1ULICA DE TRACCI\u00d3N DE CABLES 12-15 TONELADAS - Cable Pulling Machines Manufacturer","description":"M\u00c1QUINA HIDR\u00c1ULICA DE TRACCI\u00d3N DE CABLES 12-15 TONELADAS - Cable Pulling Machines Manufacturer","robots":{"index":"index","follow":"follow","max-snippet":"max-snippet:-1","max-image-preview":"max-image-preview:large","max-video-preview":"max-video-preview:-1"},"canonical":"https:\/\/cablepullingmachines.com\/es\/?page_id=4512","og_locale":"es_ES","og_type":"article","og_title":"M\u00c1QUINA HIDR\u00c1ULICA DE TRACCI\u00d3N DE CABLES 12-15 TONELADAS","og_description":"M\u00c1QUINA HIDR\u00c1ULICA DE TRACCI\u00d3N DE CABLES 12-15 TONELADAS - Cable Pulling Machines Manufacturer","og_url":"https:\/\/cablepullingmachines.com\/es\/?page_id=4512","og_site_name":"Cable Pulling Machines Manufacturer","article_publisher":"https:\/\/www.facebook.com\/cablepullingmachines","article_modified_time":"2024-09-19T12:12:19+00:00","og_image":[{"width":1010,"height":617,"url":"https:\/\/cablepullingmachines.com\/wp-content\/uploads\/2025\/02\/Full-Hydraulic-Cable-Drum-Trailers-30-tons.webp","type":"image\/webp"}],"twitter_card":"summary_large_image","schema":{"@context":"https:\/\/schema.org","@graph":[{"@type":"WebPage","@id":"https:\/\/cablepullingmachines.com\/es\/?page_id=4512","url":"https:\/\/cablepullingmachines.com\/es\/?page_id=4512","name":"M\u00c1QUINA HIDR\u00c1ULICA DE TRACCI\u00d3N DE CABLES 12-15 TONELADAS - Cable Pulling Machines Manufacturer","isPartOf":{"@id":"https:\/\/cablepullingmachines.com\/#website"},"primaryImageOfPage":{"@id":"https:\/\/cablepullingmachines.com\/es\/?page_id=4512#primaryimage"},"image":{"@id":"https:\/\/cablepullingmachines.com\/es\/?page_id=4512#primaryimage"},"thumbnailUrl":"https:\/\/cablepullingmachines.com\/wp-content\/uploads\/2025\/02\/hydraulic-cable-pulling-machines-15-tons-3.webp","datePublished":"2024-09-19T12:11:29+00:00","dateModified":"2024-09-19T12:12:19+00:00","description":"M\u00c1QUINA HIDR\u00c1ULICA DE TRACCI\u00d3N DE CABLES 12-15 TONELADAS - Cable Pulling Machines Manufacturer","breadcrumb":{"@id":"https:\/\/cablepullingmachines.com\/es\/?page_id=4512#breadcrumb"},"inLanguage":"es","potentialAction":[{"@type":"ReadAction","target":["https:\/\/cablepullingmachines.com\/es\/?page_id=4512"]}]},{"@type":"ImageObject","inLanguage":"es","@id":"https:\/\/cablepullingmachines.com\/es\/?page_id=4512#primaryimage","url":"https:\/\/cablepullingmachines.com\/wp-content\/uploads\/2025\/02\/hydraulic-cable-pulling-machines-15-tons-3.webp","contentUrl":"https:\/\/cablepullingmachines.com\/wp-content\/uploads\/2025\/02\/hydraulic-cable-pulling-machines-15-tons-3.webp","width":1010,"height":617,"caption":"hydraulic cable pulling machines 15 tons"},{"@type":"BreadcrumbList","@id":"https:\/\/cablepullingmachines.com\/es\/?page_id=4512#breadcrumb","itemListElement":[{"@type":"ListItem","position":1,"name":"Home","item":"https:\/\/cablepullingmachines.com\/es\/a\/"},{"@type":"ListItem","position":2,"name":"Cabrestantes hidr\u00e1ulicos de tracci\u00f3n por cable","item":"https:\/\/cablepullingmachines.com\/es\/?page_id=4674"},{"@type":"ListItem","position":3,"name":"M\u00c1QUINA HIDR\u00c1ULICA DE TRACCI\u00d3N DE CABLES 12-15 TONELADAS"}]},{"@type":"WebSite","@id":"https:\/\/cablepullingmachines.com\/#website","url":"https:\/\/cablepullingmachines.com\/","name":"Cable Pulling Machines and Cable Drum Trailers","description":"Cable Pulling Machines, Winches, Cable Drum Trailers","publisher":{"@id":"https:\/\/cablepullingmachines.com\/#organization"},"alternateName":"Cable Drum Trailers Manufacturer","potentialAction":[{"@type":"SearchAction","target":{"@type":"EntryPoint","urlTemplate":"https:\/\/cablepullingmachines.com\/?s={search_term_string}"},"query-input":{"@type":"PropertyValueSpecification","valueRequired":true,"valueName":"search_term_string"}}],"inLanguage":"es"},{"@type":"Organization","@id":"https:\/\/cablepullingmachines.com\/#organization","name":"Allame Makina Ltd Sti","alternateName":"Cable Drum Trailers Manufacturer","url":"https:\/\/cablepullingmachines.com\/","logo":{"@type":"ImageObject","inLanguage":"es","@id":"https:\/\/cablepullingmachines.com\/#\/schema\/logo\/image\/","url":"https:\/\/cablepullingmachines.com\/wp-content\/uploads\/2015\/10\/logo.jpg","contentUrl":"https:\/\/cablepullingmachines.com\/wp-content\/uploads\/2015\/10\/logo.jpg","width":300,"height":140,"caption":"Allame Makina Ltd Sti"},"image":{"@id":"https:\/\/cablepullingmachines.com\/#\/schema\/logo\/image\/"},"sameAs":["https:\/\/www.facebook.com\/cablepullingmachines","https:\/\/www.linkedin.com\/company\/cablepullingmachines","https:\/\/www.youtube.com\/@CablePullingMachines","https:\/\/www.instagram.com\/cablepullingmachines"],"description":"Cable laying products manufacturer from Turkiye. Cable Pulling Machines and Cable Drum Trailers Producer.","email":"erkangok@allame.net","telephone":"+905337789941","legalName":"SKYPULLTECH","foundingDate":"1999-02-12","vatID":"0550635748","iso6523Code":"1555ALL2025","numberOfEmployees":{"@type":"QuantitativeValue","minValue":"11","maxValue":"50"}}]}},"amp_enabled":true,"_links":{"self":[{"href":"https:\/\/cablepullingmachines.com\/es\/wp-json\/wp\/v2\/pages\/4512","targetHints":{"allow":["GET"]}}],"collection":[{"href":"https:\/\/cablepullingmachines.com\/es\/wp-json\/wp\/v2\/pages"}],"about":[{"href":"https:\/\/cablepullingmachines.com\/es\/wp-json\/wp\/v2\/types\/page"}],"author":[{"embeddable":true,"href":"https:\/\/cablepullingmachines.com\/es\/wp-json\/wp\/v2\/users\/1"}],"replies":[{"embeddable":true,"href":"https:\/\/cablepullingmachines.com\/es\/wp-json\/wp\/v2\/comments?post=4512"}],"version-history":[{"count":0,"href":"https:\/\/cablepullingmachines.com\/es\/wp-json\/wp\/v2\/pages\/4512\/revisions"}],"up":[{"embeddable":true,"href":"https:\/\/cablepullingmachines.com\/es\/wp-json\/wp\/v2\/pages\/4674"}],"wp:featuredmedia":[{"embeddable":true,"href":"https:\/\/cablepullingmachines.com\/es\/wp-json\/wp\/v2\/media\/6044"}],"wp:attachment":[{"href":"https:\/\/cablepullingmachines.com\/es\/wp-json\/wp\/v2\/media?parent=4512"}],"curies":[{"name":"wp","href":"https:\/\/api.w.org\/{rel}","templated":true}]}}