{"id":4297,"date":"2024-09-18T13:25:34","date_gmt":"2024-09-18T13:25:34","guid":{"rendered":"https:\/\/cablepullingmachines.com\/pagina-de-contacto\/"},"modified":"2025-02-21T19:32:16","modified_gmt":"2025-02-21T19:32:16","slug":"pagina-de-contacto","status":"publish","type":"page","link":"https:\/\/cablepullingmachines.com\/es\/pagina-de-contacto\/","title":{"rendered":"P\u00e1gina de contacto"},"content":{"rendered":"<div class=\"wpb-content-wrapper\"><p>[vc_row css=&#8221;.vc_custom_1485429758182{margin-bottom: 23px !important;}&#8221;][vc_column][vc_column_text css=&#8221;&#8221;]<span style=\"font-family: Montserrat; color: #444444; font-size: 16px; letter-spacing: -0.4px;\">Dinos si tienes alguna pregunta, quieres dejar un comentario o te gustar\u00eda recibir m\u00e1s informaci\u00f3n sobre las M\u00e1quinas de tracci\u00f3n por cable y los Remolques de tambor.<\/span>[\/vc_column_text][\/vc_column][\/vc_row][vc_row css=&#8221;.vc_custom_1485430310469{margin-bottom: 63px !important;}&#8221;][vc_column offset=&#8221;vc_col-lg-3 vc_col-md-6&#8243;][stm_icon_box box_style=&#8221;style_3&#8243; icon=&#8221;stm-phone_13_2&#8243; icon_size=&#8221;16&#8243; icon_border_color=&#8221;third&#8221; icon_line_height=&#8221;48&#8243;]<\/p>\n<p style=\"font-family: Montserrat, sans-serif; font-weight: 400; letter-spacing: -0.40px;\"><span style=\"color: #595959;\">Ll\u00e1manos<\/span><br \/>\n<span style=\"font-size: 18px; color: #1a1a1a;\">+90 533 778 99 41<\/span><\/p>\n<p>[\/stm_icon_box][\/vc_column][vc_column offset=&#8221;vc_col-lg-3 vc_col-md-6&#8243;][stm_icon_box box_style=&#8221;style_3&#8243; icon=&#8221;stm-whatsapp&#8221; icon_size=&#8221;16&#8243; icon_border_color=&#8221;third&#8221; icon_line_height=&#8221;48&#8243;]<\/p>\n<p style=\"font-family: Montserrat, sans-serif; font-weight: 400; letter-spacing: -0.40px;\"><span style=\"color: #595959;\">Fax<\/span><br \/>\n<span style=\"font-size: 18px; color: #1a1a1a;\">+90 533 778 99 41<\/span><\/p>\n<p>[\/stm_icon_box][\/vc_column][vc_column offset=&#8221;vc_col-lg-3 vc_col-md-6&#8243;][stm_icon_box box_style=&#8221;style_3&#8243; icon=&#8221;stm-email2&#8243; icon_size=&#8221;16&#8243; icon_border_color=&#8221;third&#8221; icon_line_height=&#8221;48&#8243;]<\/p>\n<p style=\"font-family: Montserrat, sans-serif; font-weight: 400; letter-spacing: -0.40px;\"><span style=\"color: #595959;\">\u00bfTienes alguna pregunta?<\/span><br \/>\n<span style=\"color: #1a1a1a;\">info@allame.net<\/span><\/p>\n<p>[\/stm_icon_box][\/vc_column][vc_column offset=&#8221;vc_col-lg-3 vc_col-md-6&#8243;][stm_icon_box box_style=&#8221;style_3&#8243; icon=&#8221;stm-marker&#8221; icon_size=&#8221;16&#8243; icon_border_color=&#8221;third&#8221; icon_line_height=&#8221;48&#8243;]<\/p>\n<p style=\"font-family: Montserrat, sans-serif; font-weight: 400; letter-spacing: -0.40px;\"><span style=\"color: #595959;\">\u0130stasyon Mah, Cilem Sokak, No:1 Kartepe Sanayi Sitesi, H1 Blok No:50 Kartepe\/Kocaeli<\/span><\/p>\n<p>[\/stm_icon_box][\/vc_column][\/vc_row][vc_row full_width=&#8221;stretch_row&#8221; css=&#8221;.vc_custom_1485495086300{margin-bottom: -60px !important;padding-top: 63px !important;padding-bottom: 30px !important;background-color: #f2f2f2 !important;}&#8221;][vc_column][vc_custom_heading text=&#8221;formulario de respuesta&#8221; font_container=&#8221;tag:h2|font_size:20px|text_align:left|line_height:30px&#8221; google_fonts=&#8221;font_family:Montserrat%3Aregular%2C700|font_style:400%20regular%3A400%3Anormal&#8221; css=&#8221;.vc_custom_1485497044589{margin-bottom: 30px !important;}&#8221;]\n<div class=\"wpcf7 no-js\" id=\"wpcf7-f5458-o1\" lang=\"en-US\" dir=\"ltr\" data-wpcf7-id=\"5458\">\n<div class=\"screen-reader-response\"><p role=\"status\" aria-live=\"polite\" aria-atomic=\"true\"><\/p> <ul><\/ul><\/div>\n<form action=\"\/es\/wp-json\/wp\/v2\/pages\/4297#wpcf7-f5458-o1\" method=\"post\" class=\"wpcf7-form init\" aria-label=\"Contact form\" novalidate=\"novalidate\" data-status=\"init\">\n<fieldset class=\"hidden-fields-container\"><input type=\"hidden\" name=\"_wpcf7\" value=\"5458\" \/><input type=\"hidden\" name=\"_wpcf7_version\" value=\"6.1.5\" \/><input type=\"hidden\" name=\"_wpcf7_locale\" value=\"en_US\" \/><input type=\"hidden\" name=\"_wpcf7_unit_tag\" value=\"wpcf7-f5458-o1\" \/><input type=\"hidden\" name=\"_wpcf7_container_post\" value=\"0\" \/><input type=\"hidden\" name=\"_wpcf7_posted_data_hash\" value=\"\" \/>\n<\/fieldset>\n<div class=\"request_callback\">\n    <div class=\"row\">\n        <div class=\"col-lg-6 col-md-6 col-sm-6 col-xs-12\">\n            <div class=\"input-group\">\n                <span class=\"wpcf7-form-control-wrap\" data-name=\"name-1\"><input size=\"40\" maxlength=\"400\" class=\"wpcf7-form-control wpcf7-text wpcf7-validates-as-required\" aria-required=\"true\" aria-invalid=\"false\" placeholder=\"Ad Soyad *\" value=\"\" type=\"text\" name=\"name-1\" \/><\/span>\n            <\/div>\n            <div class=\"input-group\">\n                <span class=\"wpcf7-form-control-wrap\" data-name=\"email-1\"><input size=\"40\" maxlength=\"400\" class=\"wpcf7-form-control wpcf7-email wpcf7-validates-as-required wpcf7-text wpcf7-validates-as-email\" aria-required=\"true\" aria-invalid=\"false\" placeholder=\"E-mail *\" value=\"\" type=\"email\" name=\"email-1\" \/><\/span>\n            <\/div>\n            <div class=\"input-group\">\n                <span class=\"wpcf7-form-control-wrap\" data-name=\"phone-1\"><input size=\"40\" maxlength=\"400\" class=\"wpcf7-form-control wpcf7-tel wpcf7-validates-as-required wpcf7-text wpcf7-validates-as-tel\" aria-required=\"true\" aria-invalid=\"false\" placeholder=\"Telefon *\" value=\"\" type=\"tel\" name=\"phone-1\" \/><\/span>\n            <\/div>\n        <\/div>\n        <div class=\"col-lg-6 col-md-6 col-sm-6 col-xs-12\">\n            <div class=\"input-group\">\n                <span class=\"wpcf7-form-control-wrap\" data-name=\"message-1\"><textarea cols=\"40\" rows=\"10\" maxlength=\"2000\" class=\"wpcf7-form-control wpcf7-textarea wpcf7-validates-as-required\" aria-required=\"true\" aria-invalid=\"false\" placeholder=\"Mesaj\u0131n\u0131z *\" name=\"message-1\"><\/textarea><\/span>\n            <\/div>\n            <div class=\"input-group\">\n                <button type=\"submit\" class=\"button size-lg icon_right\">g\u00f6nder <i class=\"fa fa-chevron-right\"><\/i><\/button>\n            <\/div>\n        <\/div>\n    <\/div>\n<\/div><p style=\"display: none !important;\" class=\"akismet-fields-container\" data-prefix=\"_wpcf7_ak_\"><label>&#916;<textarea name=\"_wpcf7_ak_hp_textarea\" cols=\"45\" rows=\"8\" maxlength=\"100\"><\/textarea><\/label><input type=\"hidden\" id=\"ak_js_1\" name=\"_wpcf7_ak_js\" value=\"167\"\/><script>document.getElementById( \"ak_js_1\" ).setAttribute( \"value\", ( new Date() ).getTime() );<\/script><\/p><div class=\"wpcf7-response-output\" aria-hidden=\"true\"><\/div>\n<\/form>\n<\/div>\n[vc_gmaps link=&#8221;#E-8_JTNDaWZyYW1lJTIwc3JjJTNEJTIyaHR0cHMlM0ElMkYlMkZ3d3cuZ29vZ2xlLmNvbSUyRm1hcHMlMkZlbWJlZCUzRnBiJTNEJTIxMW0xOCUyMTFtMTIlMjExbTMlMjExZDMwMjIuNTU4NjU0OTk1MDcxMyUyMTJkMzAuMDMwMTk2MTc1NzQwMzM2JTIxM2Q0MC43NDk3MzU5NzEzODc5NSUyMTJtMyUyMTFmMCUyMTJmMCUyMTNmMCUyMTNtMiUyMTFpMTAyNCUyMTJpNzY4JTIxNGYxMy4xJTIxM20zJTIxMW0yJTIxMXMweDE0Y2I1MDhkZjY2YjVkN2YlMjUzQTB4MjIyOTZlZGVmNzc2NzdjMSUyMTJ6UVV4TVFVMUZJRTFCUzhTd1RrRWdWa1VnUXNTd1RNU3d4WjdFc0UwZ1UwRk9MaUJVeExCRExpQk1WRVF1SU1XZVZNU3clMjE1ZTAlMjEzbTIlMjExc3RyJTIxMnN0ciUyMTR2MTczOTg2NTg1NTcwNyUyMTVtMiUyMTFzdHIlMjEyc3RyJTIyJTIwd2lkdGglM0QlMjI2MDAlMjIlMjBoZWlnaHQlM0QlMjI0NTAlMjIlMjBzdHlsZSUzRCUyMmJvcmRlciUzQTAlM0IlMjIlMjBhbGxvd2Z1bGxzY3JlZW4lM0QlMjIlMjIlMjBsb2FkaW5nJTNEJTIybGF6eSUyMiUyMHJlZmVycmVycG9saWN5JTNEJTIybm8tcmVmZXJyZXItd2hlbi1kb3duZ3JhZGUlMjIlM0UlM0MlMkZpZnJhbWUlM0U=&#8221; css=&#8221;&#8221;][\/vc_column][\/vc_row][vc_row full_width=&#8221;stretch_row&#8221; el_class=&#8221;third_bg_color&#8221; css=&#8221;.vc_custom_1739865631267{margin-top: 60px !important;margin-bottom: -60px !important;}&#8221;][vc_column][vc_cta h2=&#8221;Si necesitas m\u00e1s informaci\u00f3n&#8221; h2_font_container=&#8221;tag:h2|font_size:20px|text_align:left|color:%23000000|line_height:24px&#8221; h2_use_theme_fonts=&#8221;yes&#8221; shape=&#8221;square&#8221; style=&#8221;flat&#8221; add_button=&#8221;right&#8221; btn_title=&#8221;solicitar presupuesto&#8221; btn_style=&#8221;flat&#8221; btn_color=&#8221;theme_style_2&#8243; btn_align=&#8221;right&#8221; btn_i_align=&#8221;right&#8221; btn_i_icon_fontawesome=&#8221;stm-quote-rounded&#8221; css=&#8221;.vc_custom_1739818010733{margin-bottom: 0px !important;}&#8221; particles=&#8221;yes&#8221; use_custom_fonts_h2=&#8221;true&#8221; btn_button_block=&#8221;true&#8221; btn_add_icon=&#8221;true&#8221; el_class=&#8221;third_bg_color&#8221;][\/vc_cta][\/vc_column][\/vc_row]<\/p>\n<\/div>","protected":false},"excerpt":{"rendered":"<p>[vc_row css=&#8221;.vc_custom_1485429758182{margin-bottom: 23px !important;}&#8221;][vc_column][vc_column_text css=&#8221;&#8221;]Dinos si tienes alguna pregunta, quieres dejar un comentario o te gustar\u00eda recibir m\u00e1s informaci\u00f3n sobre las M\u00e1quinas de tracci\u00f3n por cable y los Remolques de tambor.[\/vc_column_text][\/vc_column][\/vc_row][vc_row css=&#8221;.vc_custom_1485430310469{margin-bottom: 63px !important;}&#8221;][vc_column offset=&#8221;vc_col-lg-3 vc_col-md-6&#8243;][stm_icon_box box_style=&#8221;style_3&#8243; icon=&#8221;stm-phone_13_2&#8243; icon_size=&#8221;16&#8243; icon_border_color=&#8221;third&#8221; icon_line_height=&#8221;48&#8243;] Ll\u00e1manos +90 533 778 99 41 [\/stm_icon_box][\/vc_column][vc_column offset=&#8221;vc_col-lg-3 vc_col-md-6&#8243;][stm_icon_box box_style=&#8221;style_3&#8243; icon=&#8221;stm-whatsapp&#8221; icon_size=&#8221;16&#8243; icon_border_color=&#8221;third&#8221; icon_line_height=&#8221;48&#8243;]<\/p>\n","protected":false},"author":1,"featured_media":0,"parent":0,"menu_order":0,"comment_status":"closed","ping_status":"closed","template":"","meta":{"_joinchat":{"telephone":"+905337789941","message_text":"Fast Whatsapp Help!","message_send":"Click here and start chat!"},"footnotes":""},"class_list":["post-4297","page","type-page","status-publish","hentry"],"yoast_head":"<!-- This site is optimized with the Yoast SEO Premium plugin v26.8 (Yoast SEO v27.0) - https:\/\/yoast.com\/product\/yoast-seo-premium-wordpress\/ -->\n<title>P\u00e1gina de contacto - Cable Pulling Machines Manufacturer<\/title>\n<meta name=\"description\" content=\"P\u00e1gina de contacto - Cable Pulling Machines Manufacturer\" \/>\n<meta name=\"robots\" content=\"index, follow, max-snippet:-1, max-image-preview:large, max-video-preview:-1\" \/>\n<link rel=\"canonical\" href=\"https:\/\/cablepullingmachines.com\/es\/pagina-de-contacto\/\" \/>\n<meta property=\"og:locale\" content=\"es_ES\" \/>\n<meta property=\"og:type\" content=\"article\" \/>\n<meta property=\"og:title\" content=\"P\u00e1gina de contacto\" \/>\n<meta property=\"og:description\" content=\"P\u00e1gina de contacto - Cable Pulling Machines Manufacturer\" \/>\n<meta property=\"og:url\" content=\"https:\/\/cablepullingmachines.com\/es\/pagina-de-contacto\/\" \/>\n<meta property=\"og:site_name\" content=\"Cable Pulling Machines Manufacturer\" \/>\n<meta property=\"article:publisher\" content=\"https:\/\/www.facebook.com\/cablepullingmachines\" \/>\n<meta property=\"article:modified_time\" content=\"2025-02-21T19:32:16+00:00\" \/>\n<meta property=\"og:image\" content=\"https:\/\/cablepullingmachines.com\/wp-content\/uploads\/2025\/02\/Full-Hydraulic-Cable-Drum-Trailers-30-tons.webp\" \/>\n\t<meta property=\"og:image:width\" content=\"1010\" \/>\n\t<meta property=\"og:image:height\" content=\"617\" \/>\n\t<meta property=\"og:image:type\" content=\"image\/webp\" \/>\n<meta name=\"twitter:card\" content=\"summary_large_image\" \/>\n<meta name=\"twitter:label1\" content=\"Tiempo de lectura\" \/>\n\t<meta name=\"twitter:data1\" content=\"2 minutos\" \/>\n<script type=\"application\/ld+json\" class=\"yoast-schema-graph\">{\"@context\":\"https:\/\/schema.org\",\"@graph\":[{\"@type\":\"WebPage\",\"@id\":\"https:\/\/cablepullingmachines.com\/es\/pagina-de-contacto\/\",\"url\":\"https:\/\/cablepullingmachines.com\/es\/pagina-de-contacto\/\",\"name\":\"P\u00e1gina de contacto - Cable Pulling Machines Manufacturer\",\"isPartOf\":{\"@id\":\"https:\/\/cablepullingmachines.com\/#website\"},\"datePublished\":\"2024-09-18T13:25:34+00:00\",\"dateModified\":\"2025-02-21T19:32:16+00:00\",\"description\":\"P\u00e1gina de contacto - Cable Pulling Machines Manufacturer\",\"breadcrumb\":{\"@id\":\"https:\/\/cablepullingmachines.com\/es\/pagina-de-contacto\/#breadcrumb\"},\"inLanguage\":\"es\",\"potentialAction\":[{\"@type\":\"ReadAction\",\"target\":[\"https:\/\/cablepullingmachines.com\/es\/pagina-de-contacto\/\"]}]},{\"@type\":\"BreadcrumbList\",\"@id\":\"https:\/\/cablepullingmachines.com\/es\/pagina-de-contacto\/#breadcrumb\",\"itemListElement\":[{\"@type\":\"ListItem\",\"position\":1,\"name\":\"Home\",\"item\":\"https:\/\/cablepullingmachines.com\/es\/a\/\"},{\"@type\":\"ListItem\",\"position\":2,\"name\":\"P\u00e1gina de contacto\"}]},{\"@type\":\"WebSite\",\"@id\":\"https:\/\/cablepullingmachines.com\/#website\",\"url\":\"https:\/\/cablepullingmachines.com\/\",\"name\":\"Cable Pulling Machines and Cable Drum Trailers\",\"description\":\"Cable Pulling Machines, Winches, Cable Drum Trailers\",\"publisher\":{\"@id\":\"https:\/\/cablepullingmachines.com\/#organization\"},\"alternateName\":\"Cable Drum Trailers Manufacturer\",\"potentialAction\":[{\"@type\":\"SearchAction\",\"target\":{\"@type\":\"EntryPoint\",\"urlTemplate\":\"https:\/\/cablepullingmachines.com\/?s={search_term_string}\"},\"query-input\":{\"@type\":\"PropertyValueSpecification\",\"valueRequired\":true,\"valueName\":\"search_term_string\"}}],\"inLanguage\":\"es\"},{\"@type\":\"Organization\",\"@id\":\"https:\/\/cablepullingmachines.com\/#organization\",\"name\":\"Allame Makina Ltd Sti\",\"alternateName\":\"Cable Drum Trailers Manufacturer\",\"url\":\"https:\/\/cablepullingmachines.com\/\",\"logo\":{\"@type\":\"ImageObject\",\"inLanguage\":\"es\",\"@id\":\"https:\/\/cablepullingmachines.com\/#\/schema\/logo\/image\/\",\"url\":\"https:\/\/cablepullingmachines.com\/wp-content\/uploads\/2015\/10\/logo.jpg\",\"contentUrl\":\"https:\/\/cablepullingmachines.com\/wp-content\/uploads\/2015\/10\/logo.jpg\",\"width\":300,\"height\":140,\"caption\":\"Allame Makina Ltd Sti\"},\"image\":{\"@id\":\"https:\/\/cablepullingmachines.com\/#\/schema\/logo\/image\/\"},\"sameAs\":[\"https:\/\/www.facebook.com\/cablepullingmachines\",\"https:\/\/www.linkedin.com\/company\/cablepullingmachines\",\"https:\/\/www.youtube.com\/@CablePullingMachines\",\"https:\/\/www.instagram.com\/cablepullingmachines\"],\"description\":\"Cable laying products manufacturer from Turkiye. Cable Pulling Machines and Cable Drum Trailers Producer.\",\"email\":\"erkangok@allame.net\",\"telephone\":\"+905337789941\",\"legalName\":\"SKYPULLTECH\",\"foundingDate\":\"1999-02-12\",\"vatID\":\"0550635748\",\"iso6523Code\":\"1555ALL2025\",\"numberOfEmployees\":{\"@type\":\"QuantitativeValue\",\"minValue\":\"11\",\"maxValue\":\"50\"}}]}<\/script>\n<!-- \/ Yoast SEO Premium plugin. -->","yoast_head_json":{"title":"P\u00e1gina de contacto - Cable Pulling Machines Manufacturer","description":"P\u00e1gina de contacto - Cable Pulling Machines Manufacturer","robots":{"index":"index","follow":"follow","max-snippet":"max-snippet:-1","max-image-preview":"max-image-preview:large","max-video-preview":"max-video-preview:-1"},"canonical":"https:\/\/cablepullingmachines.com\/es\/pagina-de-contacto\/","og_locale":"es_ES","og_type":"article","og_title":"P\u00e1gina de contacto","og_description":"P\u00e1gina de contacto - Cable Pulling Machines Manufacturer","og_url":"https:\/\/cablepullingmachines.com\/es\/pagina-de-contacto\/","og_site_name":"Cable Pulling Machines Manufacturer","article_publisher":"https:\/\/www.facebook.com\/cablepullingmachines","article_modified_time":"2025-02-21T19:32:16+00:00","og_image":[{"width":1010,"height":617,"url":"https:\/\/cablepullingmachines.com\/wp-content\/uploads\/2025\/02\/Full-Hydraulic-Cable-Drum-Trailers-30-tons.webp","type":"image\/webp"}],"twitter_card":"summary_large_image","twitter_misc":{"Tiempo de lectura":"2 minutos"},"schema":{"@context":"https:\/\/schema.org","@graph":[{"@type":"WebPage","@id":"https:\/\/cablepullingmachines.com\/es\/pagina-de-contacto\/","url":"https:\/\/cablepullingmachines.com\/es\/pagina-de-contacto\/","name":"P\u00e1gina de contacto - Cable Pulling Machines Manufacturer","isPartOf":{"@id":"https:\/\/cablepullingmachines.com\/#website"},"datePublished":"2024-09-18T13:25:34+00:00","dateModified":"2025-02-21T19:32:16+00:00","description":"P\u00e1gina de contacto - Cable Pulling Machines Manufacturer","breadcrumb":{"@id":"https:\/\/cablepullingmachines.com\/es\/pagina-de-contacto\/#breadcrumb"},"inLanguage":"es","potentialAction":[{"@type":"ReadAction","target":["https:\/\/cablepullingmachines.com\/es\/pagina-de-contacto\/"]}]},{"@type":"BreadcrumbList","@id":"https:\/\/cablepullingmachines.com\/es\/pagina-de-contacto\/#breadcrumb","itemListElement":[{"@type":"ListItem","position":1,"name":"Home","item":"https:\/\/cablepullingmachines.com\/es\/a\/"},{"@type":"ListItem","position":2,"name":"P\u00e1gina de contacto"}]},{"@type":"WebSite","@id":"https:\/\/cablepullingmachines.com\/#website","url":"https:\/\/cablepullingmachines.com\/","name":"Cable Pulling Machines and Cable Drum Trailers","description":"Cable Pulling Machines, Winches, Cable Drum Trailers","publisher":{"@id":"https:\/\/cablepullingmachines.com\/#organization"},"alternateName":"Cable Drum Trailers Manufacturer","potentialAction":[{"@type":"SearchAction","target":{"@type":"EntryPoint","urlTemplate":"https:\/\/cablepullingmachines.com\/?s={search_term_string}"},"query-input":{"@type":"PropertyValueSpecification","valueRequired":true,"valueName":"search_term_string"}}],"inLanguage":"es"},{"@type":"Organization","@id":"https:\/\/cablepullingmachines.com\/#organization","name":"Allame Makina Ltd Sti","alternateName":"Cable Drum Trailers Manufacturer","url":"https:\/\/cablepullingmachines.com\/","logo":{"@type":"ImageObject","inLanguage":"es","@id":"https:\/\/cablepullingmachines.com\/#\/schema\/logo\/image\/","url":"https:\/\/cablepullingmachines.com\/wp-content\/uploads\/2015\/10\/logo.jpg","contentUrl":"https:\/\/cablepullingmachines.com\/wp-content\/uploads\/2015\/10\/logo.jpg","width":300,"height":140,"caption":"Allame Makina Ltd Sti"},"image":{"@id":"https:\/\/cablepullingmachines.com\/#\/schema\/logo\/image\/"},"sameAs":["https:\/\/www.facebook.com\/cablepullingmachines","https:\/\/www.linkedin.com\/company\/cablepullingmachines","https:\/\/www.youtube.com\/@CablePullingMachines","https:\/\/www.instagram.com\/cablepullingmachines"],"description":"Cable laying products manufacturer from Turkiye. Cable Pulling Machines and Cable Drum Trailers Producer.","email":"erkangok@allame.net","telephone":"+905337789941","legalName":"SKYPULLTECH","foundingDate":"1999-02-12","vatID":"0550635748","iso6523Code":"1555ALL2025","numberOfEmployees":{"@type":"QuantitativeValue","minValue":"11","maxValue":"50"}}]}},"amp_enabled":true,"_links":{"self":[{"href":"https:\/\/cablepullingmachines.com\/es\/wp-json\/wp\/v2\/pages\/4297","targetHints":{"allow":["GET"]}}],"collection":[{"href":"https:\/\/cablepullingmachines.com\/es\/wp-json\/wp\/v2\/pages"}],"about":[{"href":"https:\/\/cablepullingmachines.com\/es\/wp-json\/wp\/v2\/types\/page"}],"author":[{"embeddable":true,"href":"https:\/\/cablepullingmachines.com\/es\/wp-json\/wp\/v2\/users\/1"}],"replies":[{"embeddable":true,"href":"https:\/\/cablepullingmachines.com\/es\/wp-json\/wp\/v2\/comments?post=4297"}],"version-history":[{"count":0,"href":"https:\/\/cablepullingmachines.com\/es\/wp-json\/wp\/v2\/pages\/4297\/revisions"}],"wp:attachment":[{"href":"https:\/\/cablepullingmachines.com\/es\/wp-json\/wp\/v2\/media?parent=4297"}],"curies":[{"name":"wp","href":"https:\/\/api.w.org\/{rel}","templated":true}]}}