{"id":4777,"date":"2024-09-19T12:12:55","date_gmt":"2024-09-19T12:12:55","guid":{"rendered":"https:\/\/cablepullingmachines.com\/zubehor-fur-die-kabelverlegung\/hydraulische-kabeltrommelheber\/"},"modified":"2024-09-19T12:12:55","modified_gmt":"2024-09-19T12:12:55","slug":"hydraulische-kabeltrommelheber","status":"publish","type":"page","link":"https:\/\/cablepullingmachines.com\/de\/zubehor-fur-die-kabelverlegung\/hydraulische-kabeltrommelheber\/","title":{"rendered":"Hydraulische Kabeltrommelheber"},"content":{"rendered":"<h1>Hydraulische Kabeltrommelheber<\/h1>\n<p>&nbsp;<\/p>\n<div class=\"ce_text block\">\n<figure class=\"image_container float_left\"><figure id=\"attachment_611\" aria-describedby=\"caption-attachment-611\" style=\"width: 176px\" class=\"wp-caption aligncenter\"><img decoding=\"async\" class=\"size-full wp-image-611 lazyload\" data-src=\"http:\/\/cablepullingmachines.com\/wp-content\/uploads\/2015\/12\/HYDRAULIC-CABLE-DRUM-JACKS.jpg\" alt=\"HYDRAULISCHE KABELTROMMELHEBER\" width=\"176\" height=\"225\" src=\"data:image\/svg+xml;base64,PHN2ZyB3aWR0aD0iMSIgaGVpZ2h0PSIxIiB4bWxucz0iaHR0cDovL3d3dy53My5vcmcvMjAwMC9zdmciPjwvc3ZnPg==\" style=\"--smush-placeholder-width: 176px; --smush-placeholder-aspect-ratio: 176\/225;\"><figcaption id=\"caption-attachment-611\" class=\"wp-caption-text\">HYDRAULISCHE KABELTROMMELHEBER<\/figcaption><\/figure><\/figure>\n<p><strong>Hydraulische Hebeb\u00f6cke f\u00fcr Kabeltrommeln, verzinkt <\/strong>mit steckbaren Kabeltrommelklauen, mobile Ausf\u00fchrung Abb.: Hydr. Hebeb\u00f6cke und Stahlwelle mit Gleitlagern und Befestigungsklemmen  <\/p>\n<table>\n<tbody>\n<tr>\n<th><strong>Dia.<br \/>\nTrommel <\/strong><\/th>\n<th><strong>Last\/Pa1r<\/strong><\/th>\n<th><strong>Gewicht<\/strong><\/th>\n<\/tr>\n<tr>\n<td>900 &#8211; 2.200 mm<\/td>\n<td>6 t<\/td>\n<td>50 kg<\/td>\n<\/tr>\n<tr>\n<td>900 &#8211; 3.200 mm<\/td>\n<td>10 t<\/td>\n<td>96 kg<\/td>\n<\/tr>\n<tr>\n<td>900 &#8211; 3.200 mm<\/td>\n<td>20 t<\/td>\n<td>102 kg<\/td>\n<\/tr>\n<\/tbody>\n<\/table>\n<\/div>\n<div class=\"ce_text block\">\n<figure class=\"image_container float_left\"><figure id=\"attachment_612\" aria-describedby=\"caption-attachment-612\" style=\"width: 225px\" class=\"wp-caption aligncenter\"><img decoding=\"async\" class=\"size-full wp-image-612 lazyload\" data-src=\"http:\/\/cablepullingmachines.com\/wp-content\/uploads\/2015\/12\/HYDRAULIC-CABLE-DRUM-JACKS-2.jpg\" alt=\"HYDRAULISCHE KABELTROMMELHEBER\" width=\"225\" height=\"158\" src=\"data:image\/svg+xml;base64,PHN2ZyB3aWR0aD0iMSIgaGVpZ2h0PSIxIiB4bWxucz0iaHR0cDovL3d3dy53My5vcmcvMjAwMC9zdmciPjwvc3ZnPg==\" style=\"--smush-placeholder-width: 225px; --smush-placeholder-aspect-ratio: 225\/158;\"><figcaption id=\"caption-attachment-612\" class=\"wp-caption-text\"><em><strong>HYDRAULISCHE KABELTROMMELHEBER<\/strong><\/em><\/figcaption><\/figure><\/figure>\n<p><strong>Hydraulische Hebeb\u00f6cke f\u00fcr Kabeltrommeln <\/strong>mit zentralisierten Trommelachsenklauen und seitlich fixierten, h\u00f6henverstellbaren Trommelachsenklauen Abb.: Hydr. Hebeb\u00f6cke und Stahlwelle und Befestigungsklemmen  <\/p>\n<table>\n<tbody>\n<tr>\n<th>Dia.<br \/>\nTrommel <\/th>\n<th>Last\/Paar<\/th>\n<th>Gewicht<\/th>\n<\/tr>\n<tr>\n<td>2.000 &#8211; 3.900 mm<\/td>\n<td>30 t<\/td>\n<td>217 kg<\/td>\n<\/tr>\n<tr>\n<td>2.000 &#8211; 3.900 mm<\/td>\n<td>40 t<\/td>\n<td>220 kg<\/td>\n<\/tr>\n<\/tbody>\n<\/table>\n<p><span style=\"color: #ffffff;\">HERGESTELLT IN DER T\u00dcRKEI HERGESTELLT IN DER T\u00dcRKEI HERGESTELLT IN DER T\u00dcRKEI HERGESTELLT IN DER T\u00dcRKEI HERGESTELLT IN DER T\u00dcRKEI HERGESTELLT IN DER T\u00dcRKEI HERGESTELLT IN DER T\u00dcRKEI HERGESTELLT IN DER T\u00dcRKEI HERGESTELLT IN DER T\u00dcRKEI HERGESTELLT IN DER T\u00dcRKEI HERGESTELLT IN DER T\u00dcRKEI HERGESTELLT IN DER T\u00dcRKEI HERGESTELLT IN DER T\u00dcRKEI HERGESTELLT IN DER T\u00dcRKEI HERGESTELLT IN DER T\u00dcRKEI HERGESTELLT IN DER T\u00dcRKEI HERGESTELLT IN DER T\u00dcRKEI T\u00dcRKEI HERGESTELLT IN DER T\u00dcRKEI HERGESTELLT IN DER T\u00dcRKEI HERGESTELLT IN DER T\u00dcRKEI HERGESTELLT IN DER T\u00dcRKEI HERGESTELLT IN DER T\u00dcRKEI HERGESTELLT IN DER T\u00dcRKEI HERGESTELLT IN DER T\u00dcRKEI HERGESTELLT IN DER T\u00dcRKEI HERGESTELLT IN DER T\u00dcRKEI HERGESTELLT IN DER T\u00dcRKEI HERGESTELLT IN DER T\u00dcRKEI HERGESTELLT IN DER T\u00dcRKEI HERGESTELLT IN DER T\u00dcRKEI HERGESTELLT IN DER T\u00dcRKEI HERGESTELLT IN DER T\u00dcRKEI<\/span><\/p>\n<\/div>\n","protected":false},"excerpt":{"rendered":"<p>Hydraulische Kabeltrommelheber &nbsp; Hydraulische Hebeb\u00f6cke f\u00fcr Kabeltrommeln, verzinkt mit steckbaren Kabeltrommelklauen, mobile Ausf\u00fchrung Abb.: Hydr. Hebeb\u00f6cke und Stahlwelle mit Gleitlagern und Befestigungsklemmen Dia. Trommel Last\/Pa1r Gewicht 900 &#8211; 2.200 mm 6 t 50 kg 900 &#8211; 3.200 mm 10 t 96 kg 900 &#8211; 3.200 mm 20 t 102 kg Hydraulische Hebeb\u00f6cke f\u00fcr Kabeltrommeln mit<\/p>\n","protected":false},"author":1,"featured_media":0,"parent":4726,"menu_order":0,"comment_status":"closed","ping_status":"closed","template":"","meta":{"_joinchat":[],"footnotes":""},"class_list":["post-4777","page","type-page","status-publish","hentry"],"yoast_head":"<!-- This site is optimized with the Yoast SEO Premium plugin v26.8 (Yoast SEO v27.0) - https:\/\/yoast.com\/product\/yoast-seo-premium-wordpress\/ -->\n<title>Hydraulische Kabeltrommelheber - Cable Pulling Machines Manufacturer<\/title>\n<meta name=\"description\" content=\"Hydraulische Kabeltrommelheber - Cable Pulling Machines Manufacturer\" \/>\n<meta name=\"robots\" content=\"index, follow, max-snippet:-1, max-image-preview:large, max-video-preview:-1\" \/>\n<link rel=\"canonical\" href=\"https:\/\/cablepullingmachines.com\/de\/?page_id=4777\" \/>\n<meta property=\"og:locale\" content=\"de_DE\" \/>\n<meta property=\"og:type\" content=\"article\" \/>\n<meta property=\"og:title\" content=\"Hydraulische Kabeltrommelheber\" \/>\n<meta property=\"og:description\" content=\"Hydraulische Kabeltrommelheber - Cable Pulling Machines Manufacturer\" \/>\n<meta property=\"og:url\" content=\"https:\/\/cablepullingmachines.com\/de\/?page_id=4777\" \/>\n<meta property=\"og:site_name\" content=\"Cable Pulling Machines Manufacturer\" \/>\n<meta property=\"article:publisher\" content=\"https:\/\/www.facebook.com\/cablepullingmachines\" \/>\n<meta property=\"og:image\" content=\"http:\/\/cablepullingmachines.com\/wp-content\/uploads\/2015\/12\/HYDRAULIC-CABLE-DRUM-JACKS.jpg\" \/>\n<meta name=\"twitter:card\" content=\"summary_large_image\" \/>\n<meta name=\"twitter:label1\" content=\"Gesch\u00e4tzte Lesezeit\" \/>\n\t<meta name=\"twitter:data1\" content=\"1\u00a0Minute\" \/>\n<script type=\"application\/ld+json\" class=\"yoast-schema-graph\">{\"@context\":\"https:\/\/schema.org\",\"@graph\":[{\"@type\":\"WebPage\",\"@id\":\"https:\/\/cablepullingmachines.com\/de\/?page_id=4777\",\"url\":\"https:\/\/cablepullingmachines.com\/de\/?page_id=4777\",\"name\":\"Hydraulische Kabeltrommelheber - Cable Pulling Machines Manufacturer\",\"isPartOf\":{\"@id\":\"https:\/\/cablepullingmachines.com\/#website\"},\"primaryImageOfPage\":{\"@id\":\"https:\/\/cablepullingmachines.com\/de\/?page_id=4777#primaryimage\"},\"image\":{\"@id\":\"https:\/\/cablepullingmachines.com\/de\/?page_id=4777#primaryimage\"},\"thumbnailUrl\":\"http:\/\/cablepullingmachines.com\/wp-content\/uploads\/2015\/12\/HYDRAULIC-CABLE-DRUM-JACKS.jpg\",\"datePublished\":\"2024-09-19T12:12:55+00:00\",\"description\":\"Hydraulische Kabeltrommelheber - Cable Pulling Machines Manufacturer\",\"breadcrumb\":{\"@id\":\"https:\/\/cablepullingmachines.com\/de\/?page_id=4777#breadcrumb\"},\"inLanguage\":\"de\",\"potentialAction\":[{\"@type\":\"ReadAction\",\"target\":[\"https:\/\/cablepullingmachines.com\/de\/?page_id=4777\"]}]},{\"@type\":\"ImageObject\",\"inLanguage\":\"de\",\"@id\":\"https:\/\/cablepullingmachines.com\/de\/?page_id=4777#primaryimage\",\"url\":\"http:\/\/cablepullingmachines.com\/wp-content\/uploads\/2015\/12\/HYDRAULIC-CABLE-DRUM-JACKS.jpg\",\"contentUrl\":\"http:\/\/cablepullingmachines.com\/wp-content\/uploads\/2015\/12\/HYDRAULIC-CABLE-DRUM-JACKS.jpg\"},{\"@type\":\"BreadcrumbList\",\"@id\":\"https:\/\/cablepullingmachines.com\/de\/?page_id=4777#breadcrumb\",\"itemListElement\":[{\"@type\":\"ListItem\",\"position\":1,\"name\":\"Home\",\"item\":\"https:\/\/cablepullingmachines.com\/de\/a\/\"},{\"@type\":\"ListItem\",\"position\":2,\"name\":\"Zubeh\u00f6r f\u00fcr die Kabelverlegung\",\"item\":\"https:\/\/cablepullingmachines.com\/de\/?page_id=4726\"},{\"@type\":\"ListItem\",\"position\":3,\"name\":\"Hydraulische Kabeltrommelheber\"}]},{\"@type\":\"WebSite\",\"@id\":\"https:\/\/cablepullingmachines.com\/#website\",\"url\":\"https:\/\/cablepullingmachines.com\/\",\"name\":\"Cable Pulling Machines and Cable Drum Trailers\",\"description\":\"Cable Pulling Machines, Winches, Cable Drum Trailers\",\"publisher\":{\"@id\":\"https:\/\/cablepullingmachines.com\/#organization\"},\"alternateName\":\"Cable Drum Trailers Manufacturer\",\"potentialAction\":[{\"@type\":\"SearchAction\",\"target\":{\"@type\":\"EntryPoint\",\"urlTemplate\":\"https:\/\/cablepullingmachines.com\/?s={search_term_string}\"},\"query-input\":{\"@type\":\"PropertyValueSpecification\",\"valueRequired\":true,\"valueName\":\"search_term_string\"}}],\"inLanguage\":\"de\"},{\"@type\":\"Organization\",\"@id\":\"https:\/\/cablepullingmachines.com\/#organization\",\"name\":\"Allame Makina Ltd Sti\",\"alternateName\":\"Cable Drum Trailers Manufacturer\",\"url\":\"https:\/\/cablepullingmachines.com\/\",\"logo\":{\"@type\":\"ImageObject\",\"inLanguage\":\"de\",\"@id\":\"https:\/\/cablepullingmachines.com\/#\/schema\/logo\/image\/\",\"url\":\"https:\/\/cablepullingmachines.com\/wp-content\/uploads\/2015\/10\/logo.jpg\",\"contentUrl\":\"https:\/\/cablepullingmachines.com\/wp-content\/uploads\/2015\/10\/logo.jpg\",\"width\":300,\"height\":140,\"caption\":\"Allame Makina Ltd Sti\"},\"image\":{\"@id\":\"https:\/\/cablepullingmachines.com\/#\/schema\/logo\/image\/\"},\"sameAs\":[\"https:\/\/www.facebook.com\/cablepullingmachines\",\"https:\/\/www.linkedin.com\/company\/cablepullingmachines\",\"https:\/\/www.youtube.com\/@CablePullingMachines\",\"https:\/\/www.instagram.com\/cablepullingmachines\"],\"description\":\"Cable laying products manufacturer from Turkiye. Cable Pulling Machines and Cable Drum Trailers Producer.\",\"email\":\"erkangok@allame.net\",\"telephone\":\"+905337789941\",\"legalName\":\"SKYPULLTECH\",\"foundingDate\":\"1999-02-12\",\"vatID\":\"0550635748\",\"iso6523Code\":\"1555ALL2025\",\"numberOfEmployees\":{\"@type\":\"QuantitativeValue\",\"minValue\":\"11\",\"maxValue\":\"50\"}}]}<\/script>\n<!-- \/ Yoast SEO Premium plugin. -->","yoast_head_json":{"title":"Hydraulische Kabeltrommelheber - Cable Pulling Machines Manufacturer","description":"Hydraulische Kabeltrommelheber - Cable Pulling Machines Manufacturer","robots":{"index":"index","follow":"follow","max-snippet":"max-snippet:-1","max-image-preview":"max-image-preview:large","max-video-preview":"max-video-preview:-1"},"canonical":"https:\/\/cablepullingmachines.com\/de\/?page_id=4777","og_locale":"de_DE","og_type":"article","og_title":"Hydraulische Kabeltrommelheber","og_description":"Hydraulische Kabeltrommelheber - Cable Pulling Machines Manufacturer","og_url":"https:\/\/cablepullingmachines.com\/de\/?page_id=4777","og_site_name":"Cable Pulling Machines Manufacturer","article_publisher":"https:\/\/www.facebook.com\/cablepullingmachines","og_image":[{"url":"http:\/\/cablepullingmachines.com\/wp-content\/uploads\/2015\/12\/HYDRAULIC-CABLE-DRUM-JACKS.jpg","type":"","width":"","height":""}],"twitter_card":"summary_large_image","twitter_misc":{"Gesch\u00e4tzte Lesezeit":"1\u00a0Minute"},"schema":{"@context":"https:\/\/schema.org","@graph":[{"@type":"WebPage","@id":"https:\/\/cablepullingmachines.com\/de\/?page_id=4777","url":"https:\/\/cablepullingmachines.com\/de\/?page_id=4777","name":"Hydraulische Kabeltrommelheber - Cable Pulling Machines Manufacturer","isPartOf":{"@id":"https:\/\/cablepullingmachines.com\/#website"},"primaryImageOfPage":{"@id":"https:\/\/cablepullingmachines.com\/de\/?page_id=4777#primaryimage"},"image":{"@id":"https:\/\/cablepullingmachines.com\/de\/?page_id=4777#primaryimage"},"thumbnailUrl":"http:\/\/cablepullingmachines.com\/wp-content\/uploads\/2015\/12\/HYDRAULIC-CABLE-DRUM-JACKS.jpg","datePublished":"2024-09-19T12:12:55+00:00","description":"Hydraulische Kabeltrommelheber - Cable Pulling Machines Manufacturer","breadcrumb":{"@id":"https:\/\/cablepullingmachines.com\/de\/?page_id=4777#breadcrumb"},"inLanguage":"de","potentialAction":[{"@type":"ReadAction","target":["https:\/\/cablepullingmachines.com\/de\/?page_id=4777"]}]},{"@type":"ImageObject","inLanguage":"de","@id":"https:\/\/cablepullingmachines.com\/de\/?page_id=4777#primaryimage","url":"http:\/\/cablepullingmachines.com\/wp-content\/uploads\/2015\/12\/HYDRAULIC-CABLE-DRUM-JACKS.jpg","contentUrl":"http:\/\/cablepullingmachines.com\/wp-content\/uploads\/2015\/12\/HYDRAULIC-CABLE-DRUM-JACKS.jpg"},{"@type":"BreadcrumbList","@id":"https:\/\/cablepullingmachines.com\/de\/?page_id=4777#breadcrumb","itemListElement":[{"@type":"ListItem","position":1,"name":"Home","item":"https:\/\/cablepullingmachines.com\/de\/a\/"},{"@type":"ListItem","position":2,"name":"Zubeh\u00f6r f\u00fcr die Kabelverlegung","item":"https:\/\/cablepullingmachines.com\/de\/?page_id=4726"},{"@type":"ListItem","position":3,"name":"Hydraulische Kabeltrommelheber"}]},{"@type":"WebSite","@id":"https:\/\/cablepullingmachines.com\/#website","url":"https:\/\/cablepullingmachines.com\/","name":"Cable Pulling Machines and Cable Drum Trailers","description":"Cable Pulling Machines, Winches, Cable Drum Trailers","publisher":{"@id":"https:\/\/cablepullingmachines.com\/#organization"},"alternateName":"Cable Drum Trailers Manufacturer","potentialAction":[{"@type":"SearchAction","target":{"@type":"EntryPoint","urlTemplate":"https:\/\/cablepullingmachines.com\/?s={search_term_string}"},"query-input":{"@type":"PropertyValueSpecification","valueRequired":true,"valueName":"search_term_string"}}],"inLanguage":"de"},{"@type":"Organization","@id":"https:\/\/cablepullingmachines.com\/#organization","name":"Allame Makina Ltd Sti","alternateName":"Cable Drum Trailers Manufacturer","url":"https:\/\/cablepullingmachines.com\/","logo":{"@type":"ImageObject","inLanguage":"de","@id":"https:\/\/cablepullingmachines.com\/#\/schema\/logo\/image\/","url":"https:\/\/cablepullingmachines.com\/wp-content\/uploads\/2015\/10\/logo.jpg","contentUrl":"https:\/\/cablepullingmachines.com\/wp-content\/uploads\/2015\/10\/logo.jpg","width":300,"height":140,"caption":"Allame Makina Ltd Sti"},"image":{"@id":"https:\/\/cablepullingmachines.com\/#\/schema\/logo\/image\/"},"sameAs":["https:\/\/www.facebook.com\/cablepullingmachines","https:\/\/www.linkedin.com\/company\/cablepullingmachines","https:\/\/www.youtube.com\/@CablePullingMachines","https:\/\/www.instagram.com\/cablepullingmachines"],"description":"Cable laying products manufacturer from Turkiye. Cable Pulling Machines and Cable Drum Trailers Producer.","email":"erkangok@allame.net","telephone":"+905337789941","legalName":"SKYPULLTECH","foundingDate":"1999-02-12","vatID":"0550635748","iso6523Code":"1555ALL2025","numberOfEmployees":{"@type":"QuantitativeValue","minValue":"11","maxValue":"50"}}]}},"amp_enabled":true,"_links":{"self":[{"href":"https:\/\/cablepullingmachines.com\/de\/wp-json\/wp\/v2\/pages\/4777","targetHints":{"allow":["GET"]}}],"collection":[{"href":"https:\/\/cablepullingmachines.com\/de\/wp-json\/wp\/v2\/pages"}],"about":[{"href":"https:\/\/cablepullingmachines.com\/de\/wp-json\/wp\/v2\/types\/page"}],"author":[{"embeddable":true,"href":"https:\/\/cablepullingmachines.com\/de\/wp-json\/wp\/v2\/users\/1"}],"replies":[{"embeddable":true,"href":"https:\/\/cablepullingmachines.com\/de\/wp-json\/wp\/v2\/comments?post=4777"}],"version-history":[{"count":0,"href":"https:\/\/cablepullingmachines.com\/de\/wp-json\/wp\/v2\/pages\/4777\/revisions"}],"up":[{"embeddable":true,"href":"https:\/\/cablepullingmachines.com\/de\/wp-json\/wp\/v2\/pages\/4726"}],"wp:attachment":[{"href":"https:\/\/cablepullingmachines.com\/de\/wp-json\/wp\/v2\/media?parent=4777"}],"curies":[{"name":"wp","href":"https:\/\/api.w.org\/{rel}","templated":true}]}}