{"id":4726,"date":"2024-09-19T12:12:39","date_gmt":"2024-09-19T12:12:39","guid":{"rendered":"https:\/\/cablepullingmachines.com\/zubehor-fur-die-kabelverlegung\/"},"modified":"2024-09-19T12:12:39","modified_gmt":"2024-09-19T12:12:39","slug":"zubehor-fur-die-kabelverlegung","status":"publish","type":"page","link":"https:\/\/cablepullingmachines.com\/de\/zubehor-fur-die-kabelverlegung\/","title":{"rendered":"Zubeh\u00f6r f\u00fcr die Kabelverlegung"},"content":{"rendered":"<h1>Zubeh\u00f6r f\u00fcr die Kabelverlegung<\/h1>\n<p><span style=\"color: #ffffff;\"><strong><em>Zubeh\u00f6r f\u00fcr die Kabelverlegung<\/em><\/strong><\/span><\/p>\n<ul class=\"nested_nav\">\n<li class=\"page_item page-item-115 current_page_item\"><a href=\"http:\/\/cablepullingmachines.com\/cable-laying-accessories\/anti-twist-devices\/\"><a href=\"http:\/\/cablepullingmachines.com\/cable-laying-accessories\/anti-twist-devices\/\">Anti-Twist-Vorrichtungen<\/a><\/a><\/li>\n<li class=\"page_item page-item-109 page_item_has_children\"><a href=\"http:\/\/cablepullingmachines.com\/cable-laying-accessories\/cable-and-pipe-rollers\/\"><a href=\"http:\/\/cablepullingmachines.com\/cable-laying-accessories\/cable-and-pipe-rollers\/\">Rollen f\u00fcr Kabel und Rohre<\/a><\/a>\n<ul class=\"children\">\n<li class=\"page_item page-item-249\"><a href=\"http:\/\/cablepullingmachines.com\/cable-laying-accessories\/cable-and-pipe-rollers\/cable-drum-roller\/\"><a href=\"http:\/\/cablepullingmachines.com\/cable-laying-accessories\/cable-and-pipe-rollers\/cable-drum-roller\/\">Kabeltrommel-Rolle<\/a><\/a><\/li>\n<li class=\"page_item page-item-275\"><a href=\"http:\/\/cablepullingmachines.com\/cable-laying-accessories\/cable-and-pipe-rollers\/cable-rack-roller\/\"><a href=\"http:\/\/cablepullingmachines.com\/cable-laying-accessories\/cable-and-pipe-rollers\/cable-rack-roller\/\">Kabeltr\u00e4gerrolle<\/a><\/a><\/li>\n<li class=\"page_item page-item-267\"><a href=\"http:\/\/cablepullingmachines.com\/cable-laying-accessories\/cable-and-pipe-rollers\/cable-rollers\/\"><a href=\"http:\/\/cablepullingmachines.com\/cable-laying-accessories\/cable-and-pipe-rollers\/cable-rollers\/\">Kabelrollen<\/a><\/a><\/li>\n<li class=\"page_item page-item-269\"><a href=\"http:\/\/cablepullingmachines.com\/cable-laying-accessories\/cable-and-pipe-rollers\/corner-roller\/\"><a href=\"http:\/\/cablepullingmachines.com\/cable-laying-accessories\/cable-and-pipe-rollers\/corner-roller\/\">Eckroller<\/a><\/a><\/li>\n<li class=\"page_item page-item-277\"><a href=\"http:\/\/cablepullingmachines.com\/cable-laying-accessories\/cable-and-pipe-rollers\/guiding-bend-manholes\/\"><a href=\"http:\/\/cablepullingmachines.com\/cable-laying-accessories\/cable-and-pipe-rollers\/guiding-bend-manholes\/\">Leitkurve f\u00fcr Sch\u00e4chte<\/a><\/a><\/li>\n<li class=\"page_item page-item-279\"><a href=\"http:\/\/cablepullingmachines.com\/cable-laying-accessories\/cable-and-pipe-rollers\/manhole-tension-roller\/\"><a href=\"http:\/\/cablepullingmachines.com\/cable-laying-accessories\/cable-and-pipe-rollers\/manhole-tension-roller\/\">Spannrolle f\u00fcr Sch\u00e4chte<\/a><\/a><\/li>\n<li class=\"page_item page-item-281\"><a href=\"http:\/\/cablepullingmachines.com\/cable-laying-accessories\/cable-and-pipe-rollers\/steel-shaft-cable-drums\/\"><a href=\"http:\/\/cablepullingmachines.com\/cable-laying-accessories\/cable-and-pipe-rollers\/steel-shaft-cable-drums\/\">Stahlwelle f\u00fcr Kabeltrommeln<\/a><\/a><\/li>\n<li class=\"page_item page-item-273\"><a href=\"http:\/\/cablepullingmachines.com\/cable-laying-accessories\/cable-and-pipe-rollers\/tube-roller-base-plate\/\"><a href=\"http:\/\/cablepullingmachines.com\/cable-laying-accessories\/cable-and-pipe-rollers\/tube-roller-base-plate\/\">Rohrwalze mit Grundplatte<\/a><\/a><\/li>\n<li class=\"page_item page-item-271\"><a href=\"http:\/\/cablepullingmachines.com\/cable-laying-accessories\/cable-and-pipe-rollers\/tube-rollers\/\"><a href=\"http:\/\/cablepullingmachines.com\/cable-laying-accessories\/cable-and-pipe-rollers\/tube-rollers\/\">Rohrwalzen<\/a><\/a><\/li>\n<\/ul>\n<\/li>\n<li class=\"page_item page-item-113\"><a href=\"http:\/\/cablepullingmachines.com\/cable-laying-accessories\/cable-pulling-grips\/\"><a href=\"http:\/\/cablepullingmachines.com\/cable-laying-accessories\/cable-pulling-grips\/\">Kabelziehstr\u00fcmpfe<\/a><\/a><\/li>\n<li class=\"page_item page-item-111\"><a href=\"http:\/\/cablepullingmachines.com\/cable-laying-accessories\/glass-fibre-rods\/\"><a href=\"http:\/\/cablepullingmachines.com\/cable-laying-accessories\/glass-fibre-rods\/\">Glasfaserst\u00e4be<\/a><\/a><\/li>\n<li class=\"page_item page-item-105 page_item_has_children\"><a href=\"http:\/\/cablepullingmachines.com\/cable-laying-accessories\/hydraulic-cable-drum-jacks\/\"><a href=\"http:\/\/cablepullingmachines.com\/cable-laying-accessories\/hydraulic-cable-drum-jacks\/\">Hydraulische Kabeltrommelheber<\/a><\/a>\n<ul class=\"children\">\n<li class=\"page_item page-item-240\"><a href=\"http:\/\/cablepullingmachines.com\/cable-laying-accessories\/hydraulic-cable-drum-jacks\/hydraulic-cable-drum-jack-10ton\/\"><a href=\"http:\/\/cablepullingmachines.com\/cable-laying-accessories\/hydraulic-cable-drum-jacks\/hydraulic-cable-drum-jack-10ton\/\">HYDRAULISCHER KABELTROMMELHEBER 10T<\/a><\/a><\/li>\n<li class=\"page_item page-item-234\"><a href=\"http:\/\/cablepullingmachines.com\/cable-laying-accessories\/hydraulic-cable-drum-jacks\/hydraulic-cable-drum-jack-1ton\/\"><a href=\"http:\/\/cablepullingmachines.com\/cable-laying-accessories\/hydraulic-cable-drum-jacks\/hydraulic-cable-drum-jack-1ton\/\">HYDRAULISCHER KABELTROMMELHEBER 1T<\/a><\/a><\/li>\n<li class=\"page_item page-item-242\"><a href=\"http:\/\/cablepullingmachines.com\/cable-laying-accessories\/hydraulic-cable-drum-jacks\/hydraulic-cable-drum-jack-20ton\/\"><a href=\"http:\/\/cablepullingmachines.com\/cable-laying-accessories\/hydraulic-cable-drum-jacks\/hydraulic-cable-drum-jack-20ton\/\">HYDRAULISCHER KABELTROMMELHEBER 20T<\/a><\/a><\/li>\n<li class=\"page_item page-item-236\"><a href=\"http:\/\/cablepullingmachines.com\/cable-laying-accessories\/hydraulic-cable-drum-jacks\/hydraulic-cable-drum-jack-5ton\/\"><a href=\"http:\/\/cablepullingmachines.com\/cable-laying-accessories\/hydraulic-cable-drum-jacks\/hydraulic-cable-drum-jack-5ton\/\">HYDRAULISCHER KABELTROMMELHEBER 5T<\/a><\/a><\/li>\n<li class=\"page_item page-item-238\"><a href=\"http:\/\/cablepullingmachines.com\/cable-laying-accessories\/hydraulic-cable-drum-jacks\/hydraulic-cable-drum-jack-8ton\/\"><a href=\"http:\/\/cablepullingmachines.com\/cable-laying-accessories\/hydraulic-cable-drum-jacks\/hydraulic-cable-drum-jack-8ton\/\">HYDRAULISCHER KABELTROMMELHEBER 8T<\/a><\/a><\/li>\n<\/ul>\n<\/li>\n<\/ul>\n","protected":false},"excerpt":{"rendered":"<p>Zubeh\u00f6r f\u00fcr die Kabelverlegung Zubeh\u00f6r f\u00fcr die Kabelverlegung Anti-Twist-Vorrichtungen Rollen f\u00fcr Kabel und Rohre Kabeltrommel-Rolle Kabeltr\u00e4gerrolle Kabelrollen Eckroller Leitkurve f\u00fcr Sch\u00e4chte Spannrolle f\u00fcr Sch\u00e4chte Stahlwelle f\u00fcr Kabeltrommeln Rohrwalze mit Grundplatte Rohrwalzen Kabelziehstr\u00fcmpfe Glasfaserst\u00e4be Hydraulische Kabeltrommelheber HYDRAULISCHER KABELTROMMELHEBER 10T HYDRAULISCHER KABELTROMMELHEBER 1T HYDRAULISCHER KABELTROMMELHEBER 20T HYDRAULISCHER KABELTROMMELHEBER 5T HYDRAULISCHER KABELTROMMELHEBER 8T<\/p>\n","protected":false},"author":1,"featured_media":0,"parent":0,"menu_order":0,"comment_status":"closed","ping_status":"closed","template":"","meta":{"_joinchat":[],"footnotes":""},"class_list":["post-4726","page","type-page","status-publish","hentry"],"yoast_head":"<!-- This site is optimized with the Yoast SEO Premium plugin v26.8 (Yoast SEO v27.0) - https:\/\/yoast.com\/product\/yoast-seo-premium-wordpress\/ -->\n<title>Zubeh\u00f6r f\u00fcr die Kabelverlegung - Cable Pulling Machines Manufacturer<\/title>\n<meta name=\"description\" content=\"Zubeh\u00f6r f\u00fcr die Kabelverlegung - Cable Pulling Machines Manufacturer\" \/>\n<meta name=\"robots\" content=\"index, follow, max-snippet:-1, max-image-preview:large, max-video-preview:-1\" \/>\n<link rel=\"canonical\" href=\"https:\/\/cablepullingmachines.com\/de\/?page_id=4726\" \/>\n<meta property=\"og:locale\" content=\"de_DE\" \/>\n<meta property=\"og:type\" content=\"article\" \/>\n<meta property=\"og:title\" content=\"Zubeh\u00f6r f\u00fcr die Kabelverlegung\" \/>\n<meta property=\"og:description\" content=\"Zubeh\u00f6r f\u00fcr die Kabelverlegung - Cable Pulling Machines Manufacturer\" \/>\n<meta property=\"og:url\" content=\"https:\/\/cablepullingmachines.com\/de\/?page_id=4726\" \/>\n<meta property=\"og:site_name\" content=\"Cable Pulling Machines Manufacturer\" \/>\n<meta property=\"article:publisher\" content=\"https:\/\/www.facebook.com\/cablepullingmachines\" \/>\n<meta property=\"og:image\" content=\"https:\/\/cablepullingmachines.com\/wp-content\/uploads\/2025\/02\/Full-Hydraulic-Cable-Drum-Trailers-30-tons.webp\" \/>\n\t<meta property=\"og:image:width\" content=\"1010\" \/>\n\t<meta property=\"og:image:height\" content=\"617\" \/>\n\t<meta property=\"og:image:type\" content=\"image\/webp\" \/>\n<meta name=\"twitter:card\" content=\"summary_large_image\" \/>\n<script type=\"application\/ld+json\" class=\"yoast-schema-graph\">{\"@context\":\"https:\/\/schema.org\",\"@graph\":[{\"@type\":\"WebPage\",\"@id\":\"https:\/\/cablepullingmachines.com\/de\/?page_id=4726\",\"url\":\"https:\/\/cablepullingmachines.com\/de\/?page_id=4726\",\"name\":\"Zubeh\u00f6r f\u00fcr die Kabelverlegung - Cable Pulling Machines Manufacturer\",\"isPartOf\":{\"@id\":\"https:\/\/cablepullingmachines.com\/#website\"},\"datePublished\":\"2024-09-19T12:12:39+00:00\",\"description\":\"Zubeh\u00f6r f\u00fcr die Kabelverlegung - Cable Pulling Machines Manufacturer\",\"breadcrumb\":{\"@id\":\"https:\/\/cablepullingmachines.com\/de\/?page_id=4726#breadcrumb\"},\"inLanguage\":\"de\",\"potentialAction\":[{\"@type\":\"ReadAction\",\"target\":[\"https:\/\/cablepullingmachines.com\/de\/?page_id=4726\"]}]},{\"@type\":\"BreadcrumbList\",\"@id\":\"https:\/\/cablepullingmachines.com\/de\/?page_id=4726#breadcrumb\",\"itemListElement\":[{\"@type\":\"ListItem\",\"position\":1,\"name\":\"Home\",\"item\":\"https:\/\/cablepullingmachines.com\/de\/a\/\"},{\"@type\":\"ListItem\",\"position\":2,\"name\":\"Zubeh\u00f6r f\u00fcr die Kabelverlegung\"}]},{\"@type\":\"WebSite\",\"@id\":\"https:\/\/cablepullingmachines.com\/#website\",\"url\":\"https:\/\/cablepullingmachines.com\/\",\"name\":\"Cable Pulling Machines and Cable Drum Trailers\",\"description\":\"Cable Pulling Machines, Winches, Cable Drum Trailers\",\"publisher\":{\"@id\":\"https:\/\/cablepullingmachines.com\/#organization\"},\"alternateName\":\"Cable Drum Trailers Manufacturer\",\"potentialAction\":[{\"@type\":\"SearchAction\",\"target\":{\"@type\":\"EntryPoint\",\"urlTemplate\":\"https:\/\/cablepullingmachines.com\/?s={search_term_string}\"},\"query-input\":{\"@type\":\"PropertyValueSpecification\",\"valueRequired\":true,\"valueName\":\"search_term_string\"}}],\"inLanguage\":\"de\"},{\"@type\":\"Organization\",\"@id\":\"https:\/\/cablepullingmachines.com\/#organization\",\"name\":\"Allame Makina Ltd Sti\",\"alternateName\":\"Cable Drum Trailers Manufacturer\",\"url\":\"https:\/\/cablepullingmachines.com\/\",\"logo\":{\"@type\":\"ImageObject\",\"inLanguage\":\"de\",\"@id\":\"https:\/\/cablepullingmachines.com\/#\/schema\/logo\/image\/\",\"url\":\"https:\/\/cablepullingmachines.com\/wp-content\/uploads\/2015\/10\/logo.jpg\",\"contentUrl\":\"https:\/\/cablepullingmachines.com\/wp-content\/uploads\/2015\/10\/logo.jpg\",\"width\":300,\"height\":140,\"caption\":\"Allame Makina Ltd Sti\"},\"image\":{\"@id\":\"https:\/\/cablepullingmachines.com\/#\/schema\/logo\/image\/\"},\"sameAs\":[\"https:\/\/www.facebook.com\/cablepullingmachines\",\"https:\/\/www.linkedin.com\/company\/cablepullingmachines\",\"https:\/\/www.youtube.com\/@CablePullingMachines\",\"https:\/\/www.instagram.com\/cablepullingmachines\"],\"description\":\"Cable laying products manufacturer from Turkiye. Cable Pulling Machines and Cable Drum Trailers Producer.\",\"email\":\"erkangok@allame.net\",\"telephone\":\"+905337789941\",\"legalName\":\"SKYPULLTECH\",\"foundingDate\":\"1999-02-12\",\"vatID\":\"0550635748\",\"iso6523Code\":\"1555ALL2025\",\"numberOfEmployees\":{\"@type\":\"QuantitativeValue\",\"minValue\":\"11\",\"maxValue\":\"50\"}}]}<\/script>\n<!-- \/ Yoast SEO Premium plugin. -->","yoast_head_json":{"title":"Zubeh\u00f6r f\u00fcr die Kabelverlegung - Cable Pulling Machines Manufacturer","description":"Zubeh\u00f6r f\u00fcr die Kabelverlegung - Cable Pulling Machines Manufacturer","robots":{"index":"index","follow":"follow","max-snippet":"max-snippet:-1","max-image-preview":"max-image-preview:large","max-video-preview":"max-video-preview:-1"},"canonical":"https:\/\/cablepullingmachines.com\/de\/?page_id=4726","og_locale":"de_DE","og_type":"article","og_title":"Zubeh\u00f6r f\u00fcr die Kabelverlegung","og_description":"Zubeh\u00f6r f\u00fcr die Kabelverlegung - Cable Pulling Machines Manufacturer","og_url":"https:\/\/cablepullingmachines.com\/de\/?page_id=4726","og_site_name":"Cable Pulling Machines Manufacturer","article_publisher":"https:\/\/www.facebook.com\/cablepullingmachines","og_image":[{"width":1010,"height":617,"url":"https:\/\/cablepullingmachines.com\/wp-content\/uploads\/2025\/02\/Full-Hydraulic-Cable-Drum-Trailers-30-tons.webp","type":"image\/webp"}],"twitter_card":"summary_large_image","schema":{"@context":"https:\/\/schema.org","@graph":[{"@type":"WebPage","@id":"https:\/\/cablepullingmachines.com\/de\/?page_id=4726","url":"https:\/\/cablepullingmachines.com\/de\/?page_id=4726","name":"Zubeh\u00f6r f\u00fcr die Kabelverlegung - Cable Pulling Machines Manufacturer","isPartOf":{"@id":"https:\/\/cablepullingmachines.com\/#website"},"datePublished":"2024-09-19T12:12:39+00:00","description":"Zubeh\u00f6r f\u00fcr die Kabelverlegung - Cable Pulling Machines Manufacturer","breadcrumb":{"@id":"https:\/\/cablepullingmachines.com\/de\/?page_id=4726#breadcrumb"},"inLanguage":"de","potentialAction":[{"@type":"ReadAction","target":["https:\/\/cablepullingmachines.com\/de\/?page_id=4726"]}]},{"@type":"BreadcrumbList","@id":"https:\/\/cablepullingmachines.com\/de\/?page_id=4726#breadcrumb","itemListElement":[{"@type":"ListItem","position":1,"name":"Home","item":"https:\/\/cablepullingmachines.com\/de\/a\/"},{"@type":"ListItem","position":2,"name":"Zubeh\u00f6r f\u00fcr die Kabelverlegung"}]},{"@type":"WebSite","@id":"https:\/\/cablepullingmachines.com\/#website","url":"https:\/\/cablepullingmachines.com\/","name":"Cable Pulling Machines and Cable Drum Trailers","description":"Cable Pulling Machines, Winches, Cable Drum Trailers","publisher":{"@id":"https:\/\/cablepullingmachines.com\/#organization"},"alternateName":"Cable Drum Trailers Manufacturer","potentialAction":[{"@type":"SearchAction","target":{"@type":"EntryPoint","urlTemplate":"https:\/\/cablepullingmachines.com\/?s={search_term_string}"},"query-input":{"@type":"PropertyValueSpecification","valueRequired":true,"valueName":"search_term_string"}}],"inLanguage":"de"},{"@type":"Organization","@id":"https:\/\/cablepullingmachines.com\/#organization","name":"Allame Makina Ltd Sti","alternateName":"Cable Drum Trailers Manufacturer","url":"https:\/\/cablepullingmachines.com\/","logo":{"@type":"ImageObject","inLanguage":"de","@id":"https:\/\/cablepullingmachines.com\/#\/schema\/logo\/image\/","url":"https:\/\/cablepullingmachines.com\/wp-content\/uploads\/2015\/10\/logo.jpg","contentUrl":"https:\/\/cablepullingmachines.com\/wp-content\/uploads\/2015\/10\/logo.jpg","width":300,"height":140,"caption":"Allame Makina Ltd Sti"},"image":{"@id":"https:\/\/cablepullingmachines.com\/#\/schema\/logo\/image\/"},"sameAs":["https:\/\/www.facebook.com\/cablepullingmachines","https:\/\/www.linkedin.com\/company\/cablepullingmachines","https:\/\/www.youtube.com\/@CablePullingMachines","https:\/\/www.instagram.com\/cablepullingmachines"],"description":"Cable laying products manufacturer from Turkiye. Cable Pulling Machines and Cable Drum Trailers Producer.","email":"erkangok@allame.net","telephone":"+905337789941","legalName":"SKYPULLTECH","foundingDate":"1999-02-12","vatID":"0550635748","iso6523Code":"1555ALL2025","numberOfEmployees":{"@type":"QuantitativeValue","minValue":"11","maxValue":"50"}}]}},"amp_enabled":true,"_links":{"self":[{"href":"https:\/\/cablepullingmachines.com\/de\/wp-json\/wp\/v2\/pages\/4726","targetHints":{"allow":["GET"]}}],"collection":[{"href":"https:\/\/cablepullingmachines.com\/de\/wp-json\/wp\/v2\/pages"}],"about":[{"href":"https:\/\/cablepullingmachines.com\/de\/wp-json\/wp\/v2\/types\/page"}],"author":[{"embeddable":true,"href":"https:\/\/cablepullingmachines.com\/de\/wp-json\/wp\/v2\/users\/1"}],"replies":[{"embeddable":true,"href":"https:\/\/cablepullingmachines.com\/de\/wp-json\/wp\/v2\/comments?post=4726"}],"version-history":[{"count":0,"href":"https:\/\/cablepullingmachines.com\/de\/wp-json\/wp\/v2\/pages\/4726\/revisions"}],"wp:attachment":[{"href":"https:\/\/cablepullingmachines.com\/de\/wp-json\/wp\/v2\/media?parent=4726"}],"curies":[{"name":"wp","href":"https:\/\/api.w.org\/{rel}","templated":true}]}}