{"id":4723,"date":"2024-09-19T12:12:36","date_gmt":"2024-09-19T12:12:36","guid":{"rendered":"https:\/\/cablepullingmachines.com\/vollhydraulische-kabeltrommel-anhanger-auto4\/"},"modified":"2025-02-18T13:23:31","modified_gmt":"2025-02-18T13:23:31","slug":"vollhydraulische-kabeltrommel-anhanger-auto4","status":"publish","type":"page","link":"https:\/\/cablepullingmachines.com\/de\/vollhydraulischer-kabeltrommel-anhanger\/vollhydraulische-kabeltrommel-anhanger-auto4\/","title":{"rendered":"Vollhydraulische Kabeltrommel-Anh\u00e4nger AUTO4"},"content":{"rendered":"<div class=\"wpb-content-wrapper\"><p>[vc_row css=&#8221;.vc_custom_1451991003825{margin-bottom: 100px !important;}&#8221;][vc_column offset=&#8221;vc_col-lg-9 vc_col-md-9&#8243;][vc_single_image image=&#8221;5498&#8243; img_size=&#8221;full&#8221; style=&#8221;vc_box_shadow&#8221; css_animation=&#8221;fadeIn&#8221; css=&#8221;&#8221;][vc_custom_heading source=&#8221;post_title&#8221; font_container=&#8221;tag:h4|text_align:left|color:%23222222&#8243; use_theme_fonts=&#8221;yes&#8221; css=&#8221;.vc_custom_1739868266733{margin-bottom: 15px !important;}&#8221; el_class=&#8221;no_stripe&#8221;][vc_column_text css=&#8221;.vc_custom_1739868224496{margin-top: 40px !important;}&#8221;]<\/p>\n<p class=\"p1\">Der <span class=\"s1\"><b>4-Tonnen-Anh\u00e4nger mit vollhydraulischer Kabeltrommel<\/b><\/span> wurde entwickelt, um ein <span class=\"s1\"><b>maximale St\u00e4rke, Effizienz und Haltbarkeit<\/b><\/span>f\u00fcr den Transport und die Installation von Kabeln. Gebaut mit <span class=\"s1\"><b>Pr\u00e4zisionstechnik und hochwertigen Materialien<\/b><\/span>sorgt dieser Anh\u00e4nger f\u00fcr eine sichere und m\u00fchelose Handhabung von Kabeltrommeln und ist damit ein unverzichtbares Werkzeug f\u00fcr Branchen wie <span class=\"s1\"><b>Energie, Telekommunikation und Infrastrukturentwicklung<\/b><\/span>. <\/p>\n<p class=\"p3\"><b>Zuverl\u00e4ssige und effiziente Leistung<\/b><b><\/b><\/p>\n<p class=\"p1\">Unser hydraulischer Kabeltrommelanh\u00e4nger ist ausgestattet mit einem <span class=\"s1\"><b>9 PS Honda Hydraulikaggregat<\/b><\/span>und erm\u00f6glicht ein nahtloses <span class=\"s1\"><b>Heben, Senken und Aufwickeln von Kabeltrommeln<\/b><\/span> mit nur einer einfachen Joystick-Steuerung. Dieses <span class=\"s1\"><b>benutzerfreundliche Hydrauliksystem<\/b><\/span> reduziert den Bedarf an manueller Arbeit, verbessert die betriebliche Effizienz und erh\u00f6ht die Sicherheit am Arbeitsplatz. Au\u00dferdem ist die <span class=\"s1\"><b>automatische Trommeldrehung<\/b><\/span> den Bedarf an zus\u00e4tzlichem Personal und erfordert nur einen <span class=\"s1\"><b>ein einziger Bediener<\/b><\/span> f\u00fcr die volle Funktionalit\u00e4t.  <\/p>\n<p>[\/vc_column_text][vc_column_text css=&#8221;.vc_custom_1739868306143{margin-top: 40px !important;}&#8221;]<\/p>\n<p class=\"p1\"><b>Sicherheit und Stabilit\u00e4t im Mittelpunkt<\/b><b><\/b><\/p>\n<p class=\"p3\">Die Sicherheit hat bei all unseren Entw\u00fcrfen h\u00f6chste Priorit\u00e4t. Das <span class=\"s1\"><b>integrierte Verriegelungssystem<\/b><\/span> h\u00e4lt die Kabeltrommel sicher an ihrem Platz und verhindert eine Bewegung w\u00e4hrend des Transports oder des Betriebs. Im Falle eines Systemausfalls sind die <span class=\"s1\"><b>lecksicheren Hydraulikstifte<\/b><\/span> ein kontrolliertes Heben und Senken und minimieren so das Risiko von Betriebsst\u00f6rungen. Diese Merkmale machen den hydraulischen 4-Tonnen-Kabeltrommelanh\u00e4nger zu einer <span class=\"s1\"><b>zuverl\u00e4ssige und sichere L\u00f6sung<\/b><\/span> f\u00fcr schwere Kabelverlegungsprojekte.   <\/p>\n<p class=\"p1\"><b>Vielseitig und leicht zu transportieren<\/b><b><\/b><\/p>\n<p class=\"p3\">Entworfen f\u00fcr <span class=\"s1\"><b>bequeme Mobilit\u00e4t<\/b><\/span>Dieser Anh\u00e4nger l\u00e4sst sich <span class=\"s1\"><b>leicht an jedes Fahrzeug angeh\u00e4ngt<\/b><\/span> und zu verschiedenen Einsatzorten transportiert werden. Ob Sie ihn als <span class=\"s1\"><b>Kabeltrommelst\u00e4nder f\u00fcr die Verlegung von Kabeln oder Rohren<\/b><\/span>oder als Transporteinheit, er bietet eine un\u00fcbertroffene Vielseitigkeit f\u00fcr verschiedene Anwendungen. Seine <span class=\"s1\"><b>robuste Konstruktion und lange Lebensdauer<\/b><\/span> machen ihn zu einer bevorzugten Wahl f\u00fcr Profis, die <span class=\"s1\"><b>leistungsstarke L\u00f6sungen f\u00fcr den Kabeltransport suchen<\/b><\/span>.  <\/p>\n<p>[\/vc_column_text][vc_column_text css=&#8221;.vc_custom_1739868317368{margin-bottom: 34px !important;}&#8221;]<\/p>\n<blockquote><p>Wenn Sie weitere Informationen \u00fcber unseren vollhydraulischen 4-Tonnen-Kabeltrommelanh\u00e4nger w\u00fcnschen, k\u00f6nnen Sie uns gerne kontaktieren. Unser Team steht Ihnen gerne mit fachkundiger Beratung und Unterst\u00fctzung bei der Kabelverlegung zur Seite. <\/p><\/blockquote>\n<p>[\/vc_column_text][vc_custom_heading text=&#8221;SPEZIFIKATIONEN&#8221; font_container=&#8221;tag:h4|text_align:left|color:%23222222&#8243; use_theme_fonts=&#8221;yes&#8221; css=&#8221;.vc_custom_1739871487381{margin-bottom: 15px !important;}&#8221;][vc_column_text css=&#8221;&#8221;]<\/p>\n<table>\n<tbody>\n<tr>\n<th>Einkaufsnummer<\/th>\n<td>FHCDT-4<\/td>\n<\/tr>\n<tr>\n<th>L\u00e4nge (mm)<\/th>\n<td>3900 mm<\/td>\n<\/tr>\n<tr>\n<th>Breite (mm)<\/th>\n<td>2500 mm<\/td>\n<\/tr>\n<tr>\n<th>H\u00f6he (mm)<\/th>\n<td>1900 mm<\/td>\n<\/tr>\n<tr>\n<th>Leeres Gewicht (kg)<\/th>\n<td>1200 kg<\/td>\n<\/tr>\n<tr>\n<th>Nutzlast (kg)<\/th>\n<td>4000 kg<\/td>\n<\/tr>\n<tr>\n<th>Gesamtgewicht (kg)<\/th>\n<td>5200 kg<\/td>\n<\/tr>\n<tr>\n<th>Bremse<\/th>\n<td>Auflaufschutz<\/td>\n<\/tr>\n<tr>\n<th>Max. Trommeldurchmesser (mm)  <\/th>\n<td>2800 mm<\/td>\n<\/tr>\n<tr>\n<th>Lichte Ladebreite (mm)<\/th>\n<td>1600 mm<\/td>\n<\/tr>\n<tr>\n<th>Durchmesser der Trommelwelle<\/th>\n<td>76 mm<\/td>\n<\/tr>\n<tr>\n<th>Reifen<\/th>\n<td>2<\/td>\n<\/tr>\n<tr>\n<th>Gr\u00f6\u00dfe der Reifen<\/th>\n<td>11,5 x 80 x 15<\/td>\n<\/tr>\n<tr>\n<th>Geschwindigkeit der Kabel\u00f6ffnung<\/th>\n<td>40-50m\/min<\/td>\n<\/tr>\n<tr>\n<th>Motor<\/th>\n<td>Benzinmotor<\/td>\n<\/tr>\n<\/tbody>\n<\/table>\n<p>[\/vc_column_text][vc_custom_heading text=&#8221;FOTOGALERIE&#8221; font_container=&#8221;tag:h4|text_align:left|color:%23222222&#8243; use_theme_fonts=&#8221;yes&#8221; css=&#8221;.vc_custom_1739872280566{margin-bottom: 15px !important;}&#8221;][vc_row_inner][vc_column_inner width=&#8221;1\/2&#8243;][vc_single_image image=&#8221;5643&#8243; img_size=&#8221;full&#8221; style=&#8221;vc_box_shadow_border&#8221; css_animation=&#8221;fadeIn&#8221; css=&#8221;&#8221;][\/vc_column_inner][vc_column_inner width=&#8221;1\/2&#8243;][vc_single_image image=&#8221;5647&#8243; img_size=&#8221;full&#8221; style=&#8221;vc_box_shadow_border&#8221; css_animation=&#8221;fadeIn&#8221; css=&#8221;&#8221;][\/vc_column_inner][\/vc_row_inner][vc_custom_heading text=&#8221;TECHNISCHE ZEICHNUNG&#8221; font_container=&#8221;tag:h4|text_align:left|color:%23222222&#8243; use_theme_fonts=&#8221;yes&#8221; css=&#8221;.vc_custom_1739873711347{margin-top: 40px !important;margin-bottom: 15px !important;}&#8221;][vc_row_inner][vc_column_inner width=&#8221;1\/2&#8243;][vc_single_image image=&#8221;5698&#8243; img_size=&#8221;full&#8221; style=&#8221;vc_box_shadow_border&#8221; css_animation=&#8221;fadeIn&#8221; css=&#8221;&#8221;][\/vc_column_inner][vc_column_inner width=&#8221;1\/2&#8243;][vc_single_image image=&#8221;5702&#8243; img_size=&#8221;full&#8221; style=&#8221;vc_box_shadow_border&#8221; css_animation=&#8221;fadeIn&#8221; css=&#8221;&#8221;][\/vc_column_inner][\/vc_row_inner][\/vc_column][vc_column width=&#8221;1\/4&#8243; offset=&#8221;vc_hidden-sm vc_hidden-xs&#8221;][stm_sidebar sidebar=&#8221;5515&#8243;][\/vc_column][\/vc_row][vc_row full_width=&#8221;stretch_row&#8221; el_class=&#8221;third_bg_color&#8221; css=&#8221;.vc_custom_1451889219674{margin-bottom: -60px !important;}&#8221;][vc_column][vc_cta h2=&#8221;Wenn Sie mehr Informationen ben\u00f6tigen!&#8221; h2_font_container=&#8221;tag:h2|font_size:20px|text_align:left|color:%23000000|line_height:24px&#8221; h2_use_theme_fonts=&#8221;yes&#8221; shape=&#8221;square&#8221; style=&#8221;flat&#8221; add_button=&#8221;right&#8221; btn_title=&#8221;Angebot einholen&#8221; btn_style=&#8221;flat&#8221; btn_color=&#8221;theme_style_2&#8243; btn_align=&#8221;right&#8221; btn_i_align=&#8221;right&#8221; btn_i_icon_fontawesome=&#8221;stm-quote-rounded&#8221; css=&#8221;.vc_custom_1739874482377{margin-bottom: 0px !important;}&#8221; particles=&#8221;yes&#8221; use_custom_fonts_h2=&#8221;true&#8221; btn_button_block=&#8221;true&#8221; btn_add_icon=&#8221;true&#8221; el_class=&#8221;third_bg_color&#8221;][\/vc_cta][\/vc_column][\/vc_row]<\/p>\n<\/div>","protected":false},"excerpt":{"rendered":"<p>[vc_row css=&#8221;.vc_custom_1451991003825{margin-bottom: 100px !important;}&#8221;][vc_column offset=&#8221;vc_col-lg-9 vc_col-md-9&#8243;][vc_single_image image=&#8221;5498&#8243; img_size=&#8221;full&#8221; style=&#8221;vc_box_shadow&#8221; css_animation=&#8221;fadeIn&#8221; css=&#8221;&#8221;][vc_custom_heading source=&#8221;post_title&#8221; font_container=&#8221;tag:h4|text_align:left|color:%23222222&#8243; use_theme_fonts=&#8221;yes&#8221; css=&#8221;.vc_custom_1739868266733{margin-bottom: 15px !important;}&#8221; el_class=&#8221;no_stripe&#8221;][vc_column_text css=&#8221;.vc_custom_1739868224496{margin-top: 40px !important;}&#8221;] Der 4-Tonnen-Anh\u00e4nger mit vollhydraulischer Kabeltrommel wurde entwickelt, um ein maximale St\u00e4rke, Effizienz und Haltbarkeitf\u00fcr den Transport und die Installation von Kabeln. Gebaut mit Pr\u00e4zisionstechnik und hochwertigen Materialiensorgt dieser Anh\u00e4nger f\u00fcr eine sichere und m\u00fchelose<\/p>\n","protected":false},"author":1,"featured_media":5500,"parent":4793,"menu_order":0,"comment_status":"closed","ping_status":"closed","template":"","meta":{"_joinchat":[],"footnotes":""},"class_list":["post-4723","page","type-page","status-publish","has-post-thumbnail","hentry"],"yoast_head":"<!-- This site is optimized with the Yoast SEO Premium plugin v26.8 (Yoast SEO v27.0) - https:\/\/yoast.com\/product\/yoast-seo-premium-wordpress\/ -->\n<title>Vollhydraulische Kabeltrommel-Anh\u00e4nger AUTO4 - Cable Pulling Machines Manufacturer<\/title>\n<meta name=\"description\" content=\"Vollhydraulische Kabeltrommel-Anh\u00e4nger AUTO4 - Cable Pulling Machines Manufacturer\" \/>\n<meta name=\"robots\" content=\"index, follow, max-snippet:-1, max-image-preview:large, max-video-preview:-1\" \/>\n<link rel=\"canonical\" href=\"https:\/\/cablepullingmachines.com\/de\/vollhydraulischer-kabeltrommel-anhanger\/vollhydraulische-kabeltrommel-anhanger-auto4\/\" \/>\n<meta property=\"og:locale\" content=\"de_DE\" \/>\n<meta property=\"og:type\" content=\"article\" \/>\n<meta property=\"og:title\" content=\"Vollhydraulische Kabeltrommel-Anh\u00e4nger AUTO4\" \/>\n<meta property=\"og:description\" content=\"Vollhydraulische Kabeltrommel-Anh\u00e4nger AUTO4 - Cable Pulling Machines Manufacturer\" \/>\n<meta property=\"og:url\" content=\"https:\/\/cablepullingmachines.com\/de\/vollhydraulischer-kabeltrommel-anhanger\/vollhydraulische-kabeltrommel-anhanger-auto4\/\" \/>\n<meta property=\"og:site_name\" content=\"Cable Pulling Machines Manufacturer\" \/>\n<meta property=\"article:publisher\" content=\"https:\/\/www.facebook.com\/cablepullingmachines\" \/>\n<meta property=\"article:modified_time\" content=\"2025-02-18T13:23:31+00:00\" \/>\n<meta property=\"og:image\" content=\"https:\/\/cablepullingmachines.com\/wp-content\/uploads\/2025\/02\/Full-Hydraulic-Cable-Drum-Trailers-30-tons.webp\" \/>\n\t<meta property=\"og:image:width\" content=\"1010\" \/>\n\t<meta property=\"og:image:height\" content=\"617\" \/>\n\t<meta property=\"og:image:type\" content=\"image\/webp\" \/>\n<meta name=\"twitter:card\" content=\"summary_large_image\" \/>\n<meta name=\"twitter:label1\" content=\"Gesch\u00e4tzte Lesezeit\" \/>\n\t<meta name=\"twitter:data1\" content=\"4\u00a0Minuten\" \/>\n<script type=\"application\/ld+json\" class=\"yoast-schema-graph\">{\"@context\":\"https:\/\/schema.org\",\"@graph\":[{\"@type\":\"WebPage\",\"@id\":\"https:\/\/cablepullingmachines.com\/de\/vollhydraulischer-kabeltrommel-anhanger\/vollhydraulische-kabeltrommel-anhanger-auto4\/\",\"url\":\"https:\/\/cablepullingmachines.com\/de\/vollhydraulischer-kabeltrommel-anhanger\/vollhydraulische-kabeltrommel-anhanger-auto4\/\",\"name\":\"Vollhydraulische Kabeltrommel-Anh\u00e4nger AUTO4 - Cable Pulling Machines Manufacturer\",\"isPartOf\":{\"@id\":\"https:\/\/cablepullingmachines.com\/#website\"},\"primaryImageOfPage\":{\"@id\":\"https:\/\/cablepullingmachines.com\/de\/vollhydraulischer-kabeltrommel-anhanger\/vollhydraulische-kabeltrommel-anhanger-auto4\/#primaryimage\"},\"image\":{\"@id\":\"https:\/\/cablepullingmachines.com\/de\/vollhydraulischer-kabeltrommel-anhanger\/vollhydraulische-kabeltrommel-anhanger-auto4\/#primaryimage\"},\"thumbnailUrl\":\"https:\/\/cablepullingmachines.com\/wp-content\/uploads\/2025\/02\/Full-Hydraulic-Cable-Drum-Trailers-4-tons.webp\",\"datePublished\":\"2024-09-19T12:12:36+00:00\",\"dateModified\":\"2025-02-18T13:23:31+00:00\",\"description\":\"Vollhydraulische Kabeltrommel-Anh\u00e4nger AUTO4 - Cable Pulling Machines Manufacturer\",\"breadcrumb\":{\"@id\":\"https:\/\/cablepullingmachines.com\/de\/vollhydraulischer-kabeltrommel-anhanger\/vollhydraulische-kabeltrommel-anhanger-auto4\/#breadcrumb\"},\"inLanguage\":\"de\",\"potentialAction\":[{\"@type\":\"ReadAction\",\"target\":[\"https:\/\/cablepullingmachines.com\/de\/vollhydraulischer-kabeltrommel-anhanger\/vollhydraulische-kabeltrommel-anhanger-auto4\/\"]}]},{\"@type\":\"ImageObject\",\"inLanguage\":\"de\",\"@id\":\"https:\/\/cablepullingmachines.com\/de\/vollhydraulischer-kabeltrommel-anhanger\/vollhydraulische-kabeltrommel-anhanger-auto4\/#primaryimage\",\"url\":\"https:\/\/cablepullingmachines.com\/wp-content\/uploads\/2025\/02\/Full-Hydraulic-Cable-Drum-Trailers-4-tons.webp\",\"contentUrl\":\"https:\/\/cablepullingmachines.com\/wp-content\/uploads\/2025\/02\/Full-Hydraulic-Cable-Drum-Trailers-4-tons.webp\",\"width\":1010,\"height\":617,\"caption\":\"Full Hydraulic Cable Drum Trailers 4 tons\"},{\"@type\":\"BreadcrumbList\",\"@id\":\"https:\/\/cablepullingmachines.com\/de\/vollhydraulischer-kabeltrommel-anhanger\/vollhydraulische-kabeltrommel-anhanger-auto4\/#breadcrumb\",\"itemListElement\":[{\"@type\":\"ListItem\",\"position\":1,\"name\":\"Home\",\"item\":\"https:\/\/cablepullingmachines.com\/de\/a\/\"},{\"@type\":\"ListItem\",\"position\":2,\"name\":\"Vollhydraulischer Kabeltrommel-Anh\u00e4nger\",\"item\":\"https:\/\/cablepullingmachines.com\/de\/?page_id=4793\"},{\"@type\":\"ListItem\",\"position\":3,\"name\":\"Vollhydraulische Kabeltrommel-Anh\u00e4nger AUTO4\"}]},{\"@type\":\"WebSite\",\"@id\":\"https:\/\/cablepullingmachines.com\/#website\",\"url\":\"https:\/\/cablepullingmachines.com\/\",\"name\":\"Cable Pulling Machines and Cable Drum Trailers\",\"description\":\"Cable Pulling Machines, Winches, Cable Drum Trailers\",\"publisher\":{\"@id\":\"https:\/\/cablepullingmachines.com\/#organization\"},\"alternateName\":\"Cable Drum Trailers Manufacturer\",\"potentialAction\":[{\"@type\":\"SearchAction\",\"target\":{\"@type\":\"EntryPoint\",\"urlTemplate\":\"https:\/\/cablepullingmachines.com\/?s={search_term_string}\"},\"query-input\":{\"@type\":\"PropertyValueSpecification\",\"valueRequired\":true,\"valueName\":\"search_term_string\"}}],\"inLanguage\":\"de\"},{\"@type\":\"Organization\",\"@id\":\"https:\/\/cablepullingmachines.com\/#organization\",\"name\":\"Allame Makina Ltd Sti\",\"alternateName\":\"Cable Drum Trailers Manufacturer\",\"url\":\"https:\/\/cablepullingmachines.com\/\",\"logo\":{\"@type\":\"ImageObject\",\"inLanguage\":\"de\",\"@id\":\"https:\/\/cablepullingmachines.com\/#\/schema\/logo\/image\/\",\"url\":\"https:\/\/cablepullingmachines.com\/wp-content\/uploads\/2015\/10\/logo.jpg\",\"contentUrl\":\"https:\/\/cablepullingmachines.com\/wp-content\/uploads\/2015\/10\/logo.jpg\",\"width\":300,\"height\":140,\"caption\":\"Allame Makina Ltd Sti\"},\"image\":{\"@id\":\"https:\/\/cablepullingmachines.com\/#\/schema\/logo\/image\/\"},\"sameAs\":[\"https:\/\/www.facebook.com\/cablepullingmachines\",\"https:\/\/www.linkedin.com\/company\/cablepullingmachines\",\"https:\/\/www.youtube.com\/@CablePullingMachines\",\"https:\/\/www.instagram.com\/cablepullingmachines\"],\"description\":\"Cable laying products manufacturer from Turkiye. Cable Pulling Machines and Cable Drum Trailers Producer.\",\"email\":\"erkangok@allame.net\",\"telephone\":\"+905337789941\",\"legalName\":\"SKYPULLTECH\",\"foundingDate\":\"1999-02-12\",\"vatID\":\"0550635748\",\"iso6523Code\":\"1555ALL2025\",\"numberOfEmployees\":{\"@type\":\"QuantitativeValue\",\"minValue\":\"11\",\"maxValue\":\"50\"}}]}<\/script>\n<!-- \/ Yoast SEO Premium plugin. -->","yoast_head_json":{"title":"Vollhydraulische Kabeltrommel-Anh\u00e4nger AUTO4 - Cable Pulling Machines Manufacturer","description":"Vollhydraulische Kabeltrommel-Anh\u00e4nger AUTO4 - Cable Pulling Machines Manufacturer","robots":{"index":"index","follow":"follow","max-snippet":"max-snippet:-1","max-image-preview":"max-image-preview:large","max-video-preview":"max-video-preview:-1"},"canonical":"https:\/\/cablepullingmachines.com\/de\/vollhydraulischer-kabeltrommel-anhanger\/vollhydraulische-kabeltrommel-anhanger-auto4\/","og_locale":"de_DE","og_type":"article","og_title":"Vollhydraulische Kabeltrommel-Anh\u00e4nger AUTO4","og_description":"Vollhydraulische Kabeltrommel-Anh\u00e4nger AUTO4 - Cable Pulling Machines Manufacturer","og_url":"https:\/\/cablepullingmachines.com\/de\/vollhydraulischer-kabeltrommel-anhanger\/vollhydraulische-kabeltrommel-anhanger-auto4\/","og_site_name":"Cable Pulling Machines Manufacturer","article_publisher":"https:\/\/www.facebook.com\/cablepullingmachines","article_modified_time":"2025-02-18T13:23:31+00:00","og_image":[{"width":1010,"height":617,"url":"https:\/\/cablepullingmachines.com\/wp-content\/uploads\/2025\/02\/Full-Hydraulic-Cable-Drum-Trailers-30-tons.webp","type":"image\/webp"}],"twitter_card":"summary_large_image","twitter_misc":{"Gesch\u00e4tzte Lesezeit":"4\u00a0Minuten"},"schema":{"@context":"https:\/\/schema.org","@graph":[{"@type":"WebPage","@id":"https:\/\/cablepullingmachines.com\/de\/vollhydraulischer-kabeltrommel-anhanger\/vollhydraulische-kabeltrommel-anhanger-auto4\/","url":"https:\/\/cablepullingmachines.com\/de\/vollhydraulischer-kabeltrommel-anhanger\/vollhydraulische-kabeltrommel-anhanger-auto4\/","name":"Vollhydraulische Kabeltrommel-Anh\u00e4nger AUTO4 - Cable Pulling Machines Manufacturer","isPartOf":{"@id":"https:\/\/cablepullingmachines.com\/#website"},"primaryImageOfPage":{"@id":"https:\/\/cablepullingmachines.com\/de\/vollhydraulischer-kabeltrommel-anhanger\/vollhydraulische-kabeltrommel-anhanger-auto4\/#primaryimage"},"image":{"@id":"https:\/\/cablepullingmachines.com\/de\/vollhydraulischer-kabeltrommel-anhanger\/vollhydraulische-kabeltrommel-anhanger-auto4\/#primaryimage"},"thumbnailUrl":"https:\/\/cablepullingmachines.com\/wp-content\/uploads\/2025\/02\/Full-Hydraulic-Cable-Drum-Trailers-4-tons.webp","datePublished":"2024-09-19T12:12:36+00:00","dateModified":"2025-02-18T13:23:31+00:00","description":"Vollhydraulische Kabeltrommel-Anh\u00e4nger AUTO4 - Cable Pulling Machines Manufacturer","breadcrumb":{"@id":"https:\/\/cablepullingmachines.com\/de\/vollhydraulischer-kabeltrommel-anhanger\/vollhydraulische-kabeltrommel-anhanger-auto4\/#breadcrumb"},"inLanguage":"de","potentialAction":[{"@type":"ReadAction","target":["https:\/\/cablepullingmachines.com\/de\/vollhydraulischer-kabeltrommel-anhanger\/vollhydraulische-kabeltrommel-anhanger-auto4\/"]}]},{"@type":"ImageObject","inLanguage":"de","@id":"https:\/\/cablepullingmachines.com\/de\/vollhydraulischer-kabeltrommel-anhanger\/vollhydraulische-kabeltrommel-anhanger-auto4\/#primaryimage","url":"https:\/\/cablepullingmachines.com\/wp-content\/uploads\/2025\/02\/Full-Hydraulic-Cable-Drum-Trailers-4-tons.webp","contentUrl":"https:\/\/cablepullingmachines.com\/wp-content\/uploads\/2025\/02\/Full-Hydraulic-Cable-Drum-Trailers-4-tons.webp","width":1010,"height":617,"caption":"Full Hydraulic Cable Drum Trailers 4 tons"},{"@type":"BreadcrumbList","@id":"https:\/\/cablepullingmachines.com\/de\/vollhydraulischer-kabeltrommel-anhanger\/vollhydraulische-kabeltrommel-anhanger-auto4\/#breadcrumb","itemListElement":[{"@type":"ListItem","position":1,"name":"Home","item":"https:\/\/cablepullingmachines.com\/de\/a\/"},{"@type":"ListItem","position":2,"name":"Vollhydraulischer Kabeltrommel-Anh\u00e4nger","item":"https:\/\/cablepullingmachines.com\/de\/?page_id=4793"},{"@type":"ListItem","position":3,"name":"Vollhydraulische Kabeltrommel-Anh\u00e4nger AUTO4"}]},{"@type":"WebSite","@id":"https:\/\/cablepullingmachines.com\/#website","url":"https:\/\/cablepullingmachines.com\/","name":"Cable Pulling Machines and Cable Drum Trailers","description":"Cable Pulling Machines, Winches, Cable Drum Trailers","publisher":{"@id":"https:\/\/cablepullingmachines.com\/#organization"},"alternateName":"Cable Drum Trailers Manufacturer","potentialAction":[{"@type":"SearchAction","target":{"@type":"EntryPoint","urlTemplate":"https:\/\/cablepullingmachines.com\/?s={search_term_string}"},"query-input":{"@type":"PropertyValueSpecification","valueRequired":true,"valueName":"search_term_string"}}],"inLanguage":"de"},{"@type":"Organization","@id":"https:\/\/cablepullingmachines.com\/#organization","name":"Allame Makina Ltd Sti","alternateName":"Cable Drum Trailers Manufacturer","url":"https:\/\/cablepullingmachines.com\/","logo":{"@type":"ImageObject","inLanguage":"de","@id":"https:\/\/cablepullingmachines.com\/#\/schema\/logo\/image\/","url":"https:\/\/cablepullingmachines.com\/wp-content\/uploads\/2015\/10\/logo.jpg","contentUrl":"https:\/\/cablepullingmachines.com\/wp-content\/uploads\/2015\/10\/logo.jpg","width":300,"height":140,"caption":"Allame Makina Ltd Sti"},"image":{"@id":"https:\/\/cablepullingmachines.com\/#\/schema\/logo\/image\/"},"sameAs":["https:\/\/www.facebook.com\/cablepullingmachines","https:\/\/www.linkedin.com\/company\/cablepullingmachines","https:\/\/www.youtube.com\/@CablePullingMachines","https:\/\/www.instagram.com\/cablepullingmachines"],"description":"Cable laying products manufacturer from Turkiye. Cable Pulling Machines and Cable Drum Trailers Producer.","email":"erkangok@allame.net","telephone":"+905337789941","legalName":"SKYPULLTECH","foundingDate":"1999-02-12","vatID":"0550635748","iso6523Code":"1555ALL2025","numberOfEmployees":{"@type":"QuantitativeValue","minValue":"11","maxValue":"50"}}]}},"amp_enabled":true,"_links":{"self":[{"href":"https:\/\/cablepullingmachines.com\/de\/wp-json\/wp\/v2\/pages\/4723","targetHints":{"allow":["GET"]}}],"collection":[{"href":"https:\/\/cablepullingmachines.com\/de\/wp-json\/wp\/v2\/pages"}],"about":[{"href":"https:\/\/cablepullingmachines.com\/de\/wp-json\/wp\/v2\/types\/page"}],"author":[{"embeddable":true,"href":"https:\/\/cablepullingmachines.com\/de\/wp-json\/wp\/v2\/users\/1"}],"replies":[{"embeddable":true,"href":"https:\/\/cablepullingmachines.com\/de\/wp-json\/wp\/v2\/comments?post=4723"}],"version-history":[{"count":0,"href":"https:\/\/cablepullingmachines.com\/de\/wp-json\/wp\/v2\/pages\/4723\/revisions"}],"up":[{"embeddable":true,"href":"https:\/\/cablepullingmachines.com\/de\/wp-json\/wp\/v2\/pages\/4793"}],"wp:featuredmedia":[{"embeddable":true,"href":"https:\/\/cablepullingmachines.com\/de\/wp-json\/wp\/v2\/media\/5500"}],"wp:attachment":[{"href":"https:\/\/cablepullingmachines.com\/de\/wp-json\/wp\/v2\/media?parent=4723"}],"curies":[{"name":"wp","href":"https:\/\/api.w.org\/{rel}","templated":true}]}}