{"id":4714,"date":"2024-09-19T12:12:34","date_gmt":"2024-09-19T12:12:34","guid":{"rendered":"https:\/\/cablepullingmachines.com\/uber-uns\/"},"modified":"2024-09-19T12:12:34","modified_gmt":"2024-09-19T12:12:34","slug":"uber-uns","status":"publish","type":"page","link":"https:\/\/cablepullingmachines.com\/de\/uber-uns\/","title":{"rendered":"\u00dcber uns"},"content":{"rendered":"<h1><strong>Die besten Kabelziehger\u00e4te der Branche<\/strong><\/h1>\n<p><em>Kabelziehger\u00e4te bestehen aus einer Vielzahl von Kabelziehzubeh\u00f6r sowie Kabeltrommelrollen, Maschinen und einer Reihe anderer Ger\u00e4te, die zu einem reibungslosen Arbeitsablauf beitragen.<br \/>\nHier sprechen wir \u00fcber die Kabelziehwinden und ihre unz\u00e4hligen Merkmale, Spezifikationen und Vorteile.   <\/em><\/p>\n<p><strong>Zuverl\u00e4ssig und effektiv<\/strong> Eine Kabelzugmaschine wird von einem Dieselmotor angetrieben und besteht aus einer Speichertrommel, die mit nicht drehbaren Drahtseilen ausgestattet ist.<br \/>\nSie kann von einer einzigen Person mit Hilfe von Rollen, Drehgelenken und Zugsocken bedient werden.<br \/>\nAlle Komponenten werden im eigenen Haus hergestellt und gew\u00e4hrleisten beste Qualit\u00e4t f\u00fcr die Kunden. Die <em>Kabelzugmaschinen<\/em> werden mit Standardfarben lackiert oder verzinkt und pulverbeschichtet. <figure id=\"attachment_514\" aria-describedby=\"caption-attachment-514\" style=\"width: 1000px\" class=\"wp-caption aligncenter\"><a href=\"http:\/\/cablepullingmachines.com\/wp-content\/uploads\/2015\/07\/cable-pulling-machines-made-in-turkey.jpg\"><img decoding=\"async\" class=\"wp-image-514 size-full lazyload\" data-src=\"http:\/\/cablepullingmachines.com\/wp-content\/uploads\/2015\/07\/cable-pulling-machines-made-in-turkey.jpg\" alt=\"Hersteller von Kabelzugmaschinen!\" width=\"1000\" height=\"750\" data-srcset=\"https:\/\/cablepullingmachines.com\/wp-content\/uploads\/2015\/07\/cable-pulling-machines-made-in-turkey.jpg 1000w, https:\/\/cablepullingmachines.com\/wp-content\/uploads\/2015\/07\/cable-pulling-machines-made-in-turkey-300x225.jpg 300w, https:\/\/cablepullingmachines.com\/wp-content\/uploads\/2015\/07\/cable-pulling-machines-made-in-turkey-768x576.jpg 768w, https:\/\/cablepullingmachines.com\/wp-content\/uploads\/2015\/07\/cable-pulling-machines-made-in-turkey-705x529.jpg 705w, https:\/\/cablepullingmachines.com\/wp-content\/uploads\/2015\/07\/cable-pulling-machines-made-in-turkey-450x338.jpg 450w\" data-sizes=\"(max-width: 1000px) 100vw, 1000px\" src=\"data:image\/svg+xml;base64,PHN2ZyB3aWR0aD0iMSIgaGVpZ2h0PSIxIiB4bWxucz0iaHR0cDovL3d3dy53My5vcmcvMjAwMC9zdmciPjwvc3ZnPg==\" style=\"--smush-placeholder-width: 1000px; --smush-placeholder-aspect-ratio: 1000\/750;\" \/><\/a><figcaption id=\"caption-attachment-514\" class=\"wp-caption-text\">cable pulling machines made in turkeyTechnische<\/figcaption><\/figure><strong>Spezifikationen<\/strong> Es gibt verschiedene Arten von Kabelzugwinden mit unterschiedlichen Spezifikationen, von denen eine \u00fcber einen 6,6 PS starken Amphibienmotor und ein dreistufiges Planetengetriebe verf\u00fcgt, komplett wasserdicht ist, ein hochmodernes 500-Ampere-Magnetventil hat und jede Art von Draht ziehen kann &#8211; egal ob es sich um einen schweren kupferisolierten Draht oder einen leichten Faserdraht handelt.<br \/>\nSie k\u00f6nnen aus einem Sortiment von Kabelziehger\u00e4ten f\u00fcr die Installation von Stromkabeln zum Ziehen von Hochspannungsdr\u00e4hten w\u00e4hlen.<br \/>\nAlle Ger\u00e4te werden nach einer bestimmten Methode eingesetzt und konzipiert.<br \/>\nAlle Winden sind stark, haltbar und langlebig und bestehen aus schweren Motoren, die stark sind und eine gro\u00dfe Last ziehen k\u00f6nnen.<br \/>\nAlle Seilzugmaschinen sind mit Konsolen ausgestattet, so dass der Bediener die Kraft, die beim Ziehen der Seile aufgebracht wird, sehen kann. <strong>Kabelzugmaschinen<\/strong> k\u00f6nnen elektrisch oder mit Diesel betrieben werden.<br \/>\nSie verf\u00fcgen \u00fcber verschiedene Zuggeschwindigkeiten je nach Bedarf und k\u00f6nnen in beide Richtungen ziehen.<br \/>\nAlle Seilwinden sind mit Lichtern und Reflektoren, Kotfl\u00fcgeln, einem abklappbaren St\u00fctzrad und einer Schutzhaube ausgestattet.<br \/>\nW\u00e4hlen Sie aus einem Sortiment von Winden f\u00fcr alle Arten von Anwendungen.<br \/>\nUnsere <strong>Kabelziehger\u00e4te<\/strong> sind einfach zu bedienen, sicher und wartungsfreundlich.<br \/>\nWir haben spezielle Winden zur Rohrerneuerung f\u00fcr hohe Zugkr\u00e4fte. <strong>Warum Sie sich f\u00fcr unseren Service entscheiden sollten<\/strong> Wir verf\u00fcgen \u00fcber gut ausgebildete Mitarbeiter, die sich mit ihrer Arbeit bestens auskennen.<br \/>\nSie widmen sich allen Kunden individuell und mit hoher Priorit\u00e4t. Bei jeder Art von Panne sind sie die ersten, die zu Ihnen eilen.<br \/>\nWir bieten einige der besten Seilwinden an, die so schnell wie m\u00f6glich voreingestellt werden k\u00f6nnen, damit sie die Spannung beim Ziehen der Kabel nicht \u00fcberschreiten.<br \/>\nUnsere <strong>Kabelziehger\u00e4te<\/strong> sind nach wissenschaftlichen Gesichtspunkten entwickelt worden, so dass sie sowohl empfindliche Fasern als auch schwere Kupferkabel ziehen k\u00f6nnen.<br \/>\nDie <em>Kabelziehger\u00e4te<\/em> sind eine gro\u00dfartige L\u00f6sung f\u00fcr die Verlegung langer Kabel an abgelegenen Orten.<br \/>\nWir bieten Ihnen eine unbegrenzte Zugl\u00e4nge und die M\u00f6glichkeit, die Geschwindigkeit des Flaschenzugs zu w\u00e4hlen.<br \/>\nSie sind kompakt und leicht und k\u00f6nnen auch \u00fcber gro\u00dfe Entfernungen getragen werden.<br \/>\nSie verf\u00fcgen auch \u00fcber Techniken zur umgekehrten Drehung, um die Freigabe schwerer Lasten zu kontrollieren.<br \/>\nAllame MAKINA                   <\/p>\n","protected":false},"excerpt":{"rendered":"<p>Die besten Kabelziehger\u00e4te der Branche Kabelziehger\u00e4te bestehen aus einer Vielzahl von Kabelziehzubeh\u00f6r sowie Kabeltrommelrollen, Maschinen und einer Reihe anderer Ger\u00e4te, die zu einem reibungslosen Arbeitsablauf beitragen. Hier sprechen wir \u00fcber die Kabelziehwinden und ihre unz\u00e4hligen Merkmale, Spezifikationen und Vorteile. Zuverl\u00e4ssig und effektiv Eine Kabelzugmaschine wird von einem Dieselmotor angetrieben und besteht aus einer Speichertrommel, die<\/p>\n","protected":false},"author":1,"featured_media":4151,"parent":0,"menu_order":0,"comment_status":"closed","ping_status":"closed","template":"","meta":{"_joinchat":[],"footnotes":""},"class_list":["post-4714","page","type-page","status-publish","has-post-thumbnail","hentry"],"yoast_head":"<!-- This site is optimized with the Yoast SEO Premium plugin v26.8 (Yoast SEO v27.0) - https:\/\/yoast.com\/product\/yoast-seo-premium-wordpress\/ -->\n<title>\u00dcber uns - Cable Pulling Machines Manufacturer<\/title>\n<meta name=\"description\" content=\"\u00dcber uns - Cable Pulling Machines Manufacturer\" \/>\n<meta name=\"robots\" content=\"index, follow, max-snippet:-1, max-image-preview:large, max-video-preview:-1\" \/>\n<link rel=\"canonical\" href=\"https:\/\/cablepullingmachines.com\/de\/?page_id=4714\" \/>\n<meta property=\"og:locale\" content=\"de_DE\" \/>\n<meta property=\"og:type\" content=\"article\" \/>\n<meta property=\"og:title\" content=\"\u00dcber uns\" \/>\n<meta property=\"og:description\" content=\"\u00dcber uns - Cable Pulling Machines Manufacturer\" \/>\n<meta property=\"og:url\" content=\"https:\/\/cablepullingmachines.com\/de\/?page_id=4714\" \/>\n<meta property=\"og:site_name\" content=\"Cable Pulling Machines Manufacturer\" \/>\n<meta property=\"article:publisher\" content=\"https:\/\/www.facebook.com\/cablepullingmachines\" \/>\n<meta property=\"og:image\" content=\"https:\/\/i0.wp.com\/cablepullingmachines.com\/wp-content\/uploads\/2016\/11\/Cable-Pulling-Winches-Manufacturer-Turkey-6.png?fit=1000%2C563&ssl=1\" \/>\n\t<meta property=\"og:image:width\" content=\"1000\" \/>\n\t<meta property=\"og:image:height\" content=\"563\" \/>\n\t<meta property=\"og:image:type\" content=\"image\/png\" \/>\n<meta name=\"twitter:card\" content=\"summary_large_image\" \/>\n<meta name=\"twitter:label1\" content=\"Gesch\u00e4tzte Lesezeit\" \/>\n\t<meta name=\"twitter:data1\" content=\"2\u00a0Minuten\" \/>\n<script type=\"application\/ld+json\" class=\"yoast-schema-graph\">{\"@context\":\"https:\/\/schema.org\",\"@graph\":[{\"@type\":\"WebPage\",\"@id\":\"https:\/\/cablepullingmachines.com\/de\/?page_id=4714\",\"url\":\"https:\/\/cablepullingmachines.com\/de\/?page_id=4714\",\"name\":\"\u00dcber uns - Cable Pulling Machines Manufacturer\",\"isPartOf\":{\"@id\":\"https:\/\/cablepullingmachines.com\/#website\"},\"primaryImageOfPage\":{\"@id\":\"https:\/\/cablepullingmachines.com\/de\/?page_id=4714#primaryimage\"},\"image\":{\"@id\":\"https:\/\/cablepullingmachines.com\/de\/?page_id=4714#primaryimage\"},\"thumbnailUrl\":\"https:\/\/cablepullingmachines.com\/wp-content\/uploads\/2016\/11\/Cable-Pulling-Winches-Manufacturer-Turkey-6.png\",\"datePublished\":\"2024-09-19T12:12:34+00:00\",\"description\":\"\u00dcber uns - Cable Pulling Machines Manufacturer\",\"breadcrumb\":{\"@id\":\"https:\/\/cablepullingmachines.com\/de\/?page_id=4714#breadcrumb\"},\"inLanguage\":\"de\",\"potentialAction\":[{\"@type\":\"ReadAction\",\"target\":[\"https:\/\/cablepullingmachines.com\/de\/?page_id=4714\"]}]},{\"@type\":\"ImageObject\",\"inLanguage\":\"de\",\"@id\":\"https:\/\/cablepullingmachines.com\/de\/?page_id=4714#primaryimage\",\"url\":\"https:\/\/cablepullingmachines.com\/wp-content\/uploads\/2016\/11\/Cable-Pulling-Winches-Manufacturer-Turkey-6.png\",\"contentUrl\":\"https:\/\/cablepullingmachines.com\/wp-content\/uploads\/2016\/11\/Cable-Pulling-Winches-Manufacturer-Turkey-6.png\",\"width\":1000,\"height\":563,\"caption\":\"Cable Pulling Winches Covered Version\"},{\"@type\":\"BreadcrumbList\",\"@id\":\"https:\/\/cablepullingmachines.com\/de\/?page_id=4714#breadcrumb\",\"itemListElement\":[{\"@type\":\"ListItem\",\"position\":1,\"name\":\"Home\",\"item\":\"https:\/\/cablepullingmachines.com\/de\/a\/\"},{\"@type\":\"ListItem\",\"position\":2,\"name\":\"\u00dcber uns\"}]},{\"@type\":\"WebSite\",\"@id\":\"https:\/\/cablepullingmachines.com\/#website\",\"url\":\"https:\/\/cablepullingmachines.com\/\",\"name\":\"Cable Pulling Machines and Cable Drum Trailers\",\"description\":\"Cable Pulling Machines, Winches, Cable Drum Trailers\",\"publisher\":{\"@id\":\"https:\/\/cablepullingmachines.com\/#organization\"},\"alternateName\":\"Cable Drum Trailers Manufacturer\",\"potentialAction\":[{\"@type\":\"SearchAction\",\"target\":{\"@type\":\"EntryPoint\",\"urlTemplate\":\"https:\/\/cablepullingmachines.com\/?s={search_term_string}\"},\"query-input\":{\"@type\":\"PropertyValueSpecification\",\"valueRequired\":true,\"valueName\":\"search_term_string\"}}],\"inLanguage\":\"de\"},{\"@type\":\"Organization\",\"@id\":\"https:\/\/cablepullingmachines.com\/#organization\",\"name\":\"Allame Makina Ltd Sti\",\"alternateName\":\"Cable Drum Trailers Manufacturer\",\"url\":\"https:\/\/cablepullingmachines.com\/\",\"logo\":{\"@type\":\"ImageObject\",\"inLanguage\":\"de\",\"@id\":\"https:\/\/cablepullingmachines.com\/#\/schema\/logo\/image\/\",\"url\":\"https:\/\/cablepullingmachines.com\/wp-content\/uploads\/2015\/10\/logo.jpg\",\"contentUrl\":\"https:\/\/cablepullingmachines.com\/wp-content\/uploads\/2015\/10\/logo.jpg\",\"width\":300,\"height\":140,\"caption\":\"Allame Makina Ltd Sti\"},\"image\":{\"@id\":\"https:\/\/cablepullingmachines.com\/#\/schema\/logo\/image\/\"},\"sameAs\":[\"https:\/\/www.facebook.com\/cablepullingmachines\",\"https:\/\/www.linkedin.com\/company\/cablepullingmachines\",\"https:\/\/www.youtube.com\/@CablePullingMachines\",\"https:\/\/www.instagram.com\/cablepullingmachines\"],\"description\":\"Cable laying products manufacturer from Turkiye. Cable Pulling Machines and Cable Drum Trailers Producer.\",\"email\":\"erkangok@allame.net\",\"telephone\":\"+905337789941\",\"legalName\":\"SKYPULLTECH\",\"foundingDate\":\"1999-02-12\",\"vatID\":\"0550635748\",\"iso6523Code\":\"1555ALL2025\",\"numberOfEmployees\":{\"@type\":\"QuantitativeValue\",\"minValue\":\"11\",\"maxValue\":\"50\"}}]}<\/script>\n<!-- \/ Yoast SEO Premium plugin. -->","yoast_head_json":{"title":"\u00dcber uns - Cable Pulling Machines Manufacturer","description":"\u00dcber uns - Cable Pulling Machines Manufacturer","robots":{"index":"index","follow":"follow","max-snippet":"max-snippet:-1","max-image-preview":"max-image-preview:large","max-video-preview":"max-video-preview:-1"},"canonical":"https:\/\/cablepullingmachines.com\/de\/?page_id=4714","og_locale":"de_DE","og_type":"article","og_title":"\u00dcber uns","og_description":"\u00dcber uns - Cable Pulling Machines Manufacturer","og_url":"https:\/\/cablepullingmachines.com\/de\/?page_id=4714","og_site_name":"Cable Pulling Machines Manufacturer","article_publisher":"https:\/\/www.facebook.com\/cablepullingmachines","og_image":[{"width":1000,"height":563,"url":"https:\/\/i0.wp.com\/cablepullingmachines.com\/wp-content\/uploads\/2016\/11\/Cable-Pulling-Winches-Manufacturer-Turkey-6.png?fit=1000%2C563&ssl=1","type":"image\/png"}],"twitter_card":"summary_large_image","twitter_misc":{"Gesch\u00e4tzte Lesezeit":"2\u00a0Minuten"},"schema":{"@context":"https:\/\/schema.org","@graph":[{"@type":"WebPage","@id":"https:\/\/cablepullingmachines.com\/de\/?page_id=4714","url":"https:\/\/cablepullingmachines.com\/de\/?page_id=4714","name":"\u00dcber uns - Cable Pulling Machines Manufacturer","isPartOf":{"@id":"https:\/\/cablepullingmachines.com\/#website"},"primaryImageOfPage":{"@id":"https:\/\/cablepullingmachines.com\/de\/?page_id=4714#primaryimage"},"image":{"@id":"https:\/\/cablepullingmachines.com\/de\/?page_id=4714#primaryimage"},"thumbnailUrl":"https:\/\/cablepullingmachines.com\/wp-content\/uploads\/2016\/11\/Cable-Pulling-Winches-Manufacturer-Turkey-6.png","datePublished":"2024-09-19T12:12:34+00:00","description":"\u00dcber uns - Cable Pulling Machines Manufacturer","breadcrumb":{"@id":"https:\/\/cablepullingmachines.com\/de\/?page_id=4714#breadcrumb"},"inLanguage":"de","potentialAction":[{"@type":"ReadAction","target":["https:\/\/cablepullingmachines.com\/de\/?page_id=4714"]}]},{"@type":"ImageObject","inLanguage":"de","@id":"https:\/\/cablepullingmachines.com\/de\/?page_id=4714#primaryimage","url":"https:\/\/cablepullingmachines.com\/wp-content\/uploads\/2016\/11\/Cable-Pulling-Winches-Manufacturer-Turkey-6.png","contentUrl":"https:\/\/cablepullingmachines.com\/wp-content\/uploads\/2016\/11\/Cable-Pulling-Winches-Manufacturer-Turkey-6.png","width":1000,"height":563,"caption":"Cable Pulling Winches Covered Version"},{"@type":"BreadcrumbList","@id":"https:\/\/cablepullingmachines.com\/de\/?page_id=4714#breadcrumb","itemListElement":[{"@type":"ListItem","position":1,"name":"Home","item":"https:\/\/cablepullingmachines.com\/de\/a\/"},{"@type":"ListItem","position":2,"name":"\u00dcber uns"}]},{"@type":"WebSite","@id":"https:\/\/cablepullingmachines.com\/#website","url":"https:\/\/cablepullingmachines.com\/","name":"Cable Pulling Machines and Cable Drum Trailers","description":"Cable Pulling Machines, Winches, Cable Drum Trailers","publisher":{"@id":"https:\/\/cablepullingmachines.com\/#organization"},"alternateName":"Cable Drum Trailers Manufacturer","potentialAction":[{"@type":"SearchAction","target":{"@type":"EntryPoint","urlTemplate":"https:\/\/cablepullingmachines.com\/?s={search_term_string}"},"query-input":{"@type":"PropertyValueSpecification","valueRequired":true,"valueName":"search_term_string"}}],"inLanguage":"de"},{"@type":"Organization","@id":"https:\/\/cablepullingmachines.com\/#organization","name":"Allame Makina Ltd Sti","alternateName":"Cable Drum Trailers Manufacturer","url":"https:\/\/cablepullingmachines.com\/","logo":{"@type":"ImageObject","inLanguage":"de","@id":"https:\/\/cablepullingmachines.com\/#\/schema\/logo\/image\/","url":"https:\/\/cablepullingmachines.com\/wp-content\/uploads\/2015\/10\/logo.jpg","contentUrl":"https:\/\/cablepullingmachines.com\/wp-content\/uploads\/2015\/10\/logo.jpg","width":300,"height":140,"caption":"Allame Makina Ltd Sti"},"image":{"@id":"https:\/\/cablepullingmachines.com\/#\/schema\/logo\/image\/"},"sameAs":["https:\/\/www.facebook.com\/cablepullingmachines","https:\/\/www.linkedin.com\/company\/cablepullingmachines","https:\/\/www.youtube.com\/@CablePullingMachines","https:\/\/www.instagram.com\/cablepullingmachines"],"description":"Cable laying products manufacturer from Turkiye. Cable Pulling Machines and Cable Drum Trailers Producer.","email":"erkangok@allame.net","telephone":"+905337789941","legalName":"SKYPULLTECH","foundingDate":"1999-02-12","vatID":"0550635748","iso6523Code":"1555ALL2025","numberOfEmployees":{"@type":"QuantitativeValue","minValue":"11","maxValue":"50"}}]}},"amp_enabled":true,"_links":{"self":[{"href":"https:\/\/cablepullingmachines.com\/de\/wp-json\/wp\/v2\/pages\/4714","targetHints":{"allow":["GET"]}}],"collection":[{"href":"https:\/\/cablepullingmachines.com\/de\/wp-json\/wp\/v2\/pages"}],"about":[{"href":"https:\/\/cablepullingmachines.com\/de\/wp-json\/wp\/v2\/types\/page"}],"author":[{"embeddable":true,"href":"https:\/\/cablepullingmachines.com\/de\/wp-json\/wp\/v2\/users\/1"}],"replies":[{"embeddable":true,"href":"https:\/\/cablepullingmachines.com\/de\/wp-json\/wp\/v2\/comments?post=4714"}],"version-history":[{"count":0,"href":"https:\/\/cablepullingmachines.com\/de\/wp-json\/wp\/v2\/pages\/4714\/revisions"}],"wp:featuredmedia":[{"embeddable":true,"href":"https:\/\/cablepullingmachines.com\/de\/wp-json\/wp\/v2\/media\/4151"}],"wp:attachment":[{"href":"https:\/\/cablepullingmachines.com\/de\/wp-json\/wp\/v2\/media?parent=4714"}],"curies":[{"name":"wp","href":"https:\/\/api.w.org\/{rel}","templated":true}]}}