{"id":4642,"date":"2024-09-19T12:12:07","date_gmt":"2024-09-19T12:12:07","guid":{"rendered":"https:\/\/cablepullingmachines.com\/hydraulische-kabeltrommel-anhanger-10ton\/"},"modified":"2024-09-19T17:43:22","modified_gmt":"2024-09-19T17:43:22","slug":"hydraulische-kabeltrommel-anhanger-10ton","status":"publish","type":"page","link":"https:\/\/cablepullingmachines.com\/de\/kabeltrommel-anhanger\/hydraulische-kabeltrommel-anhanger\/hydraulische-kabeltrommel-anhanger-10ton\/","title":{"rendered":"Hydraulische Kabeltrommel Anh\u00e4nger 10TON"},"content":{"rendered":"<p>[av_image src=&#8217;http:\/\/cablepullingmachines.com\/wp-content\/uploads\/2015\/12\/Hydraulic-Drum-Trailers-Turkey-1.jpg&#8217; attachment=&#8217;1890&#8242; attachment_size=&#8217;full&#8217; align=&#8217;center&#8217; styling=&#8221; hover=&#8221; link=&#8221; target=&#8221; caption=&#8221; font_size=&#8221; appearance=&#8221; overlay_opacity=&#8217;0.4&#8242; overlay_color=&#8217;#000000&#8242; overlay_text_color=&#8217;#ffffff&#8217; animation=&#8217;no-animation&#8217; av_uid=&#8217;av-6swzfx&#8217;][\/av_image]<\/p>\n<p>[av_heading tag=&#8217;h2&#8242; padding=&#8217;10&#8217; heading=&#8217;HYDRAULISCHE KABELTROMMEL-ANH\u00c4NGER 10 TONNEN&#8217; color=&#8221; style=&#8221; custom_font=&#8221; size=&#8221; subheading_active=&#8221; subheading_size=&#8217;15&#8217; custom_class=&#8221; admin_preview_bg=&#8221; av-desktop-hide=&#8221; av-medium-hide=&#8221; av-small-hide=&#8221; av-mini-hide=&#8221; av-medium-font-size-title=&#8221; av-small-font-size-title=&#8221; av-mini-font-size-title=&#8221; av-medium-font-size=&#8221; av-small-font-size=&#8221; av-mini-font-size=&#8221; av_uid=&#8217;av-6mun3p&#8217;][\/av_heading]<\/p>\n<p>[av_textblock size=&#8221; font_color=&#8221; color=&#8221; av-medium-font-size=&#8221; av-small-font-size=&#8221; av-mini-font-size=&#8221; admin_preview_bg=&#8221; av_uid=&#8217;av-6iigf1&#8242;]<br \/>\n<strong>Warum hydraulische Kabeltrommel-Anh\u00e4nger?<\/strong>  Diese speziell f\u00fcr die Baustelle entwickelten und gelieferten Anh\u00e4nger sind alle mit einer Art Bremssystem, einer Handeinstellvorrichtung und einer einfachen Fahrzeugbeleuchtung ausgestattet.<br \/>\nObwohl sie nicht den EG-Brems- und Beleuchtungsrichtlinien entsprechen, werden sie in einigen L\u00e4ndern im Stra\u00dfenverkehr eingesetzt, unter der Voraussetzung, dass die angegebene Schleppgeschwindigkeit bei voller Nutzlast nicht \u00fcberschritten wird.<br \/>\nAlle Einheiten verf\u00fcgen \u00fcber die gleichen Trommelhandhabungsfunktionen und in einigen F\u00e4llen \u00fcber zus\u00e4tzliche Optionen wie die Highway-Serie. <strong>Warum sind hydraulische Kabeltrommel-Anh\u00e4nger so gefragt?<\/strong> Es gibt viele Gr\u00fcnde, warum ein <em>hydraulischer Kabeltrommelanh\u00e4nger<\/em> so gefragt ist.<br \/>\nSie sind mit nur einer Hand bedienbar und k\u00f6nnen schwere Lasten heben und G\u00fcter unfallfrei von einem Ort zum anderen transportieren.<br \/>\nEr verf\u00fcgt \u00fcber Leckstifte, die das <em>Heben<\/em> im Falle eines pl\u00f6tzlichen Ausfalls des Hydrauliksystems kontrollieren, obwohl dies normalerweise nicht \u00fcblich ist.<br \/>\nF\u00fcr weitere Informationen <a href=\"http:\/\/cablepullingmachines.com\/contact-page\/\">nehmen Sie<\/a> bitte <a href=\"http:\/\/cablepullingmachines.com\/contact-page\/\">Kontakt mit uns auf<\/a>.       <\/p>\n<h5>Detaillierte Fotos unten;<\/h5>\n<p>[\/av_textblock]<\/p>\n<p>[av_hr class=&#8217;invisible&#8217; height=&#8217;10&#8217; shadow=&#8217;no-shadow&#8217; position=&#8217;center&#8217; custom_border=&#8217;av-border-thin&#8217; custom_width=&#8217;50px&#8217; custom_border_color=&#8221; custom_margin_top=&#8217;30px&#8217; custom_margin_bottom=&#8217;30px&#8217; icon_select=&#8217;yes&#8217; custom_icon_color=&#8221; icon=&#8217;ue808&#8242; font=&#8217;entypo-fontello&#8217; av_uid=&#8217;av-6c6gut&#8217;]<\/p>\n<p>[av_gallery ids=&#8217;2073,2074,2075,2076,2077,2078,2079,2080,2081&#8242; style=&#8217;thumbnails&#8217; preview_size=&#8217;portfolio&#8217; crop_big_preview_thumbnail=&#8217;avia-gallery-big-crop-thumb&#8217; thumb_size=&#8217;medium&#8217; columns=&#8217;5&#8242; imagelink=&#8217;lightbox&#8217; lazyload=&#8217;avia_lazyload&#8217; admin_preview_bg=&#8221; av_uid=&#8217;av-mbb5p&#8217;]<\/p>\n<p>[av_textblock size=&#8221; font_color=&#8221; color=&#8221; av_uid=&#8217;av-60pvgl&#8217;]<br \/>\n<strong>Die Spezifikationen eines hydraulischen Kabeltrommelanh\u00e4ngers<\/strong> Die <strong>hydraulischen Kabeltrommelanh\u00e4nger<\/strong> verf\u00fcgen \u00fcber eine hydraulische, doppelt wirkende Handpumpe mit einer mechanischen Sicherheitssperre f\u00fcr die Sicherheit.<br \/>\nEine Schmierung ist nicht erforderlich, da es sich um eine Zugdeichsel mit Unterachsen handelt.<br \/>\nAlle Modelle von <strong>hydraulischen Kabeltrommelanh\u00e4ngern<\/strong> haben hydraulische Bremsen sowie Feststellbremsen an allen Achsen. Die Anh\u00e4nger verf\u00fcgen \u00fcber ein vollst\u00e4ndiges Beleuchtungssystem nach internationalem Standard. Der vordere Rahmen kann auch abgenommen werden. Es gibt verschiedene Arten von Kabeltrommelanh\u00e4ngern, von denen der AUTO4, AUTO7 bis hin zum AUTO30 am h\u00e4ufigsten verwendet wird.<br \/>\nSie sind mit Brems- und Beleuchtungssystemen ausgestattet und so konzipiert, dass sie schwere Lasten tragen und mit einer bestimmten Geschwindigkeit fahren k\u00f6nnen. Die Anh\u00e4nger sind mit einer hydraulischen Handpumpe ausgestattet, die das Fahren auf glatten Stra\u00dfen sicher macht.<br \/>\n[\/av_textblock]<\/p>\n<p>[av_hr class=&#8217;short&#8217; height=&#8217;50&#8217; shadow=&#8217;no-shadow&#8217; position=&#8217;center&#8217; custom_border=&#8217;av-border-thin&#8217; custom_width=&#8217;50px&#8217; custom_border_color=&#8221; custom_margin_top=&#8217;30px&#8217; custom_margin_bottom=&#8217;30px&#8217; icon_select=&#8217;yes&#8217; custom_icon_color=&#8221; icon=&#8217;ue808&#8242; font=&#8217;entypo-fontello&#8217; av_uid=&#8217;av-5vi4z1&#8242;]<\/p>\n<p>[av_heading tag=&#8217;h2&#8242; padding=&#8217;3&#8242; heading=&#8217;Spezifikationen&#8217; color=&#8221; style=&#8217;blockquote modern-quote modern-centered&#8217; custom_font=&#8221; size=&#8221; subheading_active=&#8221; subheading_size=&#8217;15&#8217; custom_class=&#8221; admin_preview_bg=&#8221; av-desktop-hide=&#8221; av-medium-hide=&#8221; av-small-hide=&#8221; av-mini-hide=&#8221; av-medium-font-size-title=&#8221; av-small-font-size-title=&#8221; av-mini-font-size-title=&#8221; av-medium-font-size=&#8221; av-small-font-size=&#8221; av-mini-font-size=&#8221; av_uid=&#8217;av-5oz86l&#8217;][\/av_heading]<\/p>\n<p>[av_table purpose=&#8217;tabular&#8217; pricing_table_design=&#8217;avia_pricing_default&#8217; pricing_hidden_cells=&#8221; caption=&#8217;Spezifikationen&#8217; responsive_styling=&#8217;avia_responsive_table&#8217; av_uid=&#8217;av-5hrkyl&#8217;]<br \/>\n[av_row row_style=&#8221; av_uid=&#8217;av-5fjnn9&#8242;][av_cell col_style=&#8221; av_uid=&#8217;av-5a27md&#8217;]L\u00e4nge (mm)<br \/>\n[\/av_cell][av_cell col_style=&#8221; av_uid=&#8217;av-51cgv9&#8242;]4200<br \/>\n[\/av_cell][\/av_row]<br \/>\n[av_row row_style=&#8221; av_uid=&#8217;av-hmewt&#8217;][av_cell col_style=&#8221; av_uid=&#8217;av-4r8jsd&#8217;]Breite (mm)<br \/>\n[\/av_cell][av_cell col_style=&#8221; av_uid=&#8217;av-4hmaid&#8217;]2850<br \/>\n[\/av_cell][\/av_row]<br \/>\n[av_row row_style=&#8221; av_uid=&#8217;av-4ed9jp&#8217;][av_cell col_style=&#8221; av_uid=&#8217;av-48y6ed&#8217;]H\u00f6he (mm)<br \/>\n[\/av_cell][av_cell col_style=&#8221; av_uid=&#8217;av-43g7ut&#8217;]2200<br \/>\n[\/av_cell][\/av_row]<br \/>\n[av_row row_style=&#8221; av_uid=&#8217;av-3v0m2l&#8217;][av_cell col_style=&#8221; av_uid=&#8217;av-3nva6l&#8217;]Leeres Gewicht (kg)<br \/>\n[\/av_cell][av_cell col_style=&#8221; av_uid=&#8217;av-3ig1mt&#8217;]1500<br \/>\n[\/av_cell][\/av_row]<br \/>\n[av_row row_style=&#8221; av_uid=&#8217;av-3fg659&#8242;][av_cell col_style=&#8221; av_uid=&#8217;av-bfm2t&#8217;]Nutzlast (kg)<br \/>\n[\/av_cell][av_cell col_style=&#8221; av_uid=&#8217;av-32hne5&#8242;]10000<br \/>\n[\/av_cell][\/av_row]<br \/>\n[av_row row_style=&#8221; av_uid=&#8217;av-10w3x&#8217;][av_cell col_style=&#8221; av_uid=&#8217;av-2pm67h&#8217;]Gesamtgewicht (kg)<br \/>\n[\/av_cell][av_cell col_style=&#8221; av_uid=&#8217;av-2krsfh&#8217;]11500<br \/>\n[\/av_cell][\/av_row]<br \/>\n[av_row row_style=&#8221; av_uid=&#8217;av-2bybf1&#8242;][av_cell col_style=&#8221; av_uid=&#8217;av-27kcot&#8217;]Bremse<br \/>\n[\/av_cell][av_cell col_style=&#8221; av_uid=&#8217;av-20y6m5&#8242;]\u00dcberlaufen<br \/>\n[\/av_cell][\/av_row]<br \/>\n[av_row row_style=&#8221; av_uid=&#8217;av-1y0jdh&#8217;][av_cell col_style=&#8221; av_uid=&#8217;av-1o6l39&#8242;]Max.<br \/>\nTrommeldurchmesser<br \/>\n(mm)<br \/>\n[\/av_cell][av_cell col_style=&#8221; av_uid=&#8217;av-1itwd1&#8242;]3200<br \/>\n[\/av_cell][\/av_row]<br \/>\n[av_row row_style=&#8221; av_uid=&#8217;av-1gth3x&#8217;][av_cell col_style=&#8221; av_uid=&#8217;av-17v9kl&#8217;]Lichte Ladebreite (mm)<br \/>\n[\/av_cell][av_cell col_style=&#8221; av_uid=&#8217;av-12m6h1&#8242;]2000<br \/>\n[\/av_cell][\/av_row]<br \/>\n[av_row row_style=&#8221; av_uid=&#8217;av-xiysl&#8217;][av_cell col_style=&#8221; av_uid=&#8217;av-s79k5&#8242;]Gr\u00f6\u00dfe der Reifen[\/av_cell][av_cell col_style=&#8221; av_uid=&#8217;av-1xhpx&#8217;]1100&#215;22.5[\/av_cell][\/av_row]<br \/>\n[\/av_table]<\/p>\n<p>[av_hr class=&#8217;short&#8217; height=&#8217;50&#8217; shadow=&#8217;no-shadow&#8217; position=&#8217;center&#8217; custom_border=&#8217;av-border-thin&#8217; custom_width=&#8217;50px&#8217; custom_border_color=&#8221; custom_margin_top=&#8217;30px&#8217; custom_margin_bottom=&#8217;30px&#8217; icon_select=&#8217;yes&#8217; custom_icon_color=&#8221; icon=&#8217;ue808&#8242; font=&#8217;entypo-fontello&#8217; av_uid=&#8217;av-epmj9&#8242;]<\/p>\n<p>[av_notification title=&#8217;Hydraulische Kabeltrommel-Anh\u00e4nger&#8217; color=&#8217;blue&#8217; border=&#8217;solid&#8217; custom_bg=&#8217;#444444&#8242; custom_font=&#8217;#ffffff&#8217; size=&#8217;large&#8217; icon_select=&#8217;yes&#8217; icon=&#8217;ue84b&#8217; font=&#8217;entypo-fontello&#8217; av_uid=&#8217;av-a1vyd&#8217;]<br \/>\nDie hydraulischen Kabeltrommel-Anh\u00e4nger k\u00f6nnen je nach Beladung der Kabeltrommel problemlos von einem Traktor, einem Jeep oder einem Tempo gezogen werden.<br \/>\nDer Anh\u00e4nger kann auch von etwa 5-6 Arbeitern, die die Kabeltrommel beladen, von Hand gezogen werden und ist somit sehr effizient und handlich.<br \/>\n[\/av_notification]<\/p>\n","protected":false},"excerpt":{"rendered":"<p>[av_image src=&#8217;http:\/\/cablepullingmachines.com\/wp-content\/uploads\/2015\/12\/Hydraulic-Drum-Trailers-Turkey-1.jpg&#8217; attachment=&#8217;1890&#8242; attachment_size=&#8217;full&#8217; align=&#8217;center&#8217; styling=&#8221; hover=&#8221; link=&#8221; target=&#8221; caption=&#8221; font_size=&#8221; appearance=&#8221; overlay_opacity=&#8217;0.4&#8242; overlay_color=&#8217;#000000&#8242; overlay_text_color=&#8217;#ffffff&#8217; animation=&#8217;no-animation&#8217; av_uid=&#8217;av-6swzfx&#8217;][\/av_image] [av_heading tag=&#8217;h2&#8242; padding=&#8217;10&#8217; heading=&#8217;HYDRAULISCHE KABELTROMMEL-ANH\u00c4NGER 10 TONNEN&#8217; color=&#8221; style=&#8221; custom_font=&#8221; size=&#8221; subheading_active=&#8221; subheading_size=&#8217;15&#8217; custom_class=&#8221; admin_preview_bg=&#8221; av-desktop-hide=&#8221; av-medium-hide=&#8221; av-small-hide=&#8221; av-mini-hide=&#8221; av-medium-font-size-title=&#8221; av-small-font-size-title=&#8221; av-mini-font-size-title=&#8221; av-medium-font-size=&#8221; av-small-font-size=&#8221; av-mini-font-size=&#8221; av_uid=&#8217;av-6mun3p&#8217;][\/av_heading] [av_textblock size=&#8221; font_color=&#8221; color=&#8221; av-medium-font-size=&#8221; av-small-font-size=&#8221; av-mini-font-size=&#8221; admin_preview_bg=&#8221; av_uid=&#8217;av-6iigf1&#8242;] Warum hydraulische Kabeltrommel-Anh\u00e4nger?<\/p>\n","protected":false},"author":1,"featured_media":5895,"parent":4785,"menu_order":0,"comment_status":"closed","ping_status":"closed","template":"","meta":{"_joinchat":[],"footnotes":""},"class_list":["post-4642","page","type-page","status-publish","has-post-thumbnail","hentry"],"yoast_head":"<!-- This site is optimized with the Yoast SEO Premium plugin v27.5 (Yoast SEO v27.5) - https:\/\/yoast.com\/product\/yoast-seo-premium-wordpress\/ -->\n<title>Hydraulische Kabeltrommel Anh\u00e4nger 10TON - Cable Pulling Machines Manufacturer<\/title>\n<meta name=\"description\" content=\"Hydraulische Kabeltrommel Anh\u00e4nger 10TON - Cable Pulling Machines Manufacturer\" \/>\n<meta name=\"robots\" content=\"index, follow, max-snippet:-1, max-image-preview:large, max-video-preview:-1\" \/>\n<link rel=\"canonical\" href=\"https:\/\/cablepullingmachines.com\/de\/kabeltrommel-anhanger\/hydraulische-kabeltrommel-anhanger\/hydraulische-kabeltrommel-anhanger-10ton\/\" \/>\n<meta property=\"og:locale\" content=\"de_DE\" \/>\n<meta property=\"og:type\" content=\"article\" \/>\n<meta property=\"og:title\" content=\"Hydraulische Kabeltrommel Anh\u00e4nger 10TON\" \/>\n<meta property=\"og:description\" content=\"Hydraulische Kabeltrommel Anh\u00e4nger 10TON - Cable Pulling Machines Manufacturer\" \/>\n<meta property=\"og:url\" content=\"https:\/\/cablepullingmachines.com\/de\/kabeltrommel-anhanger\/hydraulische-kabeltrommel-anhanger\/hydraulische-kabeltrommel-anhanger-10ton\/\" \/>\n<meta property=\"og:site_name\" content=\"Cable Pulling Machines Manufacturer\" \/>\n<meta property=\"article:publisher\" content=\"https:\/\/www.facebook.com\/cablepullingmachines\" \/>\n<meta property=\"article:modified_time\" content=\"2024-09-19T17:43:22+00:00\" \/>\n<meta property=\"og:image\" content=\"https:\/\/cablepullingmachines.com\/wp-content\/uploads\/2025\/02\/Full-Hydraulic-Cable-Drum-Trailers-30-tons.webp\" \/>\n\t<meta property=\"og:image:width\" content=\"1010\" \/>\n\t<meta property=\"og:image:height\" content=\"617\" \/>\n\t<meta property=\"og:image:type\" content=\"image\/webp\" \/>\n<meta name=\"twitter:card\" content=\"summary_large_image\" \/>\n<meta name=\"twitter:label1\" content=\"Gesch\u00e4tzte Lesezeit\" \/>\n\t<meta name=\"twitter:data1\" content=\"6\u00a0Minuten\" \/>\n<script type=\"application\/ld+json\" class=\"yoast-schema-graph\">{\"@context\":\"https:\\\/\\\/schema.org\",\"@graph\":[{\"@type\":\"WebPage\",\"@id\":\"https:\\\/\\\/cablepullingmachines.com\\\/de\\\/kabeltrommel-anhanger\\\/hydraulische-kabeltrommel-anhanger\\\/hydraulische-kabeltrommel-anhanger-10ton\\\/\",\"url\":\"https:\\\/\\\/cablepullingmachines.com\\\/de\\\/kabeltrommel-anhanger\\\/hydraulische-kabeltrommel-anhanger\\\/hydraulische-kabeltrommel-anhanger-10ton\\\/\",\"name\":\"Hydraulische Kabeltrommel Anh\u00e4nger 10TON - Cable Pulling Machines Manufacturer\",\"isPartOf\":{\"@id\":\"https:\\\/\\\/cablepullingmachines.com\\\/#website\"},\"primaryImageOfPage\":{\"@id\":\"https:\\\/\\\/cablepullingmachines.com\\\/de\\\/kabeltrommel-anhanger\\\/hydraulische-kabeltrommel-anhanger\\\/hydraulische-kabeltrommel-anhanger-10ton\\\/#primaryimage\"},\"image\":{\"@id\":\"https:\\\/\\\/cablepullingmachines.com\\\/de\\\/kabeltrommel-anhanger\\\/hydraulische-kabeltrommel-anhanger\\\/hydraulische-kabeltrommel-anhanger-10ton\\\/#primaryimage\"},\"thumbnailUrl\":\"https:\\\/\\\/cablepullingmachines.com\\\/wp-content\\\/uploads\\\/2025\\\/02\\\/Hydraulic-Cable-Drum-Trailers-10-tons-1.webp\",\"datePublished\":\"2024-09-19T12:12:07+00:00\",\"dateModified\":\"2024-09-19T17:43:22+00:00\",\"description\":\"Hydraulische Kabeltrommel Anh\u00e4nger 10TON - Cable Pulling Machines Manufacturer\",\"breadcrumb\":{\"@id\":\"https:\\\/\\\/cablepullingmachines.com\\\/de\\\/kabeltrommel-anhanger\\\/hydraulische-kabeltrommel-anhanger\\\/hydraulische-kabeltrommel-anhanger-10ton\\\/#breadcrumb\"},\"inLanguage\":\"de\",\"potentialAction\":[{\"@type\":\"ReadAction\",\"target\":[\"https:\\\/\\\/cablepullingmachines.com\\\/de\\\/kabeltrommel-anhanger\\\/hydraulische-kabeltrommel-anhanger\\\/hydraulische-kabeltrommel-anhanger-10ton\\\/\"]}]},{\"@type\":\"ImageObject\",\"inLanguage\":\"de\",\"@id\":\"https:\\\/\\\/cablepullingmachines.com\\\/de\\\/kabeltrommel-anhanger\\\/hydraulische-kabeltrommel-anhanger\\\/hydraulische-kabeltrommel-anhanger-10ton\\\/#primaryimage\",\"url\":\"https:\\\/\\\/cablepullingmachines.com\\\/wp-content\\\/uploads\\\/2025\\\/02\\\/Hydraulic-Cable-Drum-Trailers-10-tons-1.webp\",\"contentUrl\":\"https:\\\/\\\/cablepullingmachines.com\\\/wp-content\\\/uploads\\\/2025\\\/02\\\/Hydraulic-Cable-Drum-Trailers-10-tons-1.webp\",\"width\":700,\"height\":504,\"caption\":\"Hydraulic Cable Drum Trailers 10 tons\"},{\"@type\":\"BreadcrumbList\",\"@id\":\"https:\\\/\\\/cablepullingmachines.com\\\/de\\\/kabeltrommel-anhanger\\\/hydraulische-kabeltrommel-anhanger\\\/hydraulische-kabeltrommel-anhanger-10ton\\\/#breadcrumb\",\"itemListElement\":[{\"@type\":\"ListItem\",\"position\":1,\"name\":\"Home\",\"item\":\"https:\\\/\\\/cablepullingmachines.com\\\/de\\\/a\\\/\"},{\"@type\":\"ListItem\",\"position\":2,\"name\":\"Kabeltrommel-Anh\u00e4nger\",\"item\":\"https:\\\/\\\/cablepullingmachines.com\\\/de\\\/?page_id=4733\"},{\"@type\":\"ListItem\",\"position\":3,\"name\":\"Hydraulische Kabeltrommel-Anh\u00e4nger\",\"item\":\"https:\\\/\\\/cablepullingmachines.com\\\/de\\\/kabeltrommel-anhanger\\\/hydraulische-kabeltrommel-anhanger\\\/\"},{\"@type\":\"ListItem\",\"position\":4,\"name\":\"Hydraulische Kabeltrommel Anh\u00e4nger 10TON\"}]},{\"@type\":\"WebSite\",\"@id\":\"https:\\\/\\\/cablepullingmachines.com\\\/#website\",\"url\":\"https:\\\/\\\/cablepullingmachines.com\\\/\",\"name\":\"Cable Pulling Machines and Cable Drum Trailers\",\"description\":\"Cable Pulling Machines, Winches, Cable Drum Trailers\",\"publisher\":{\"@id\":\"https:\\\/\\\/cablepullingmachines.com\\\/#organization\"},\"alternateName\":\"Cable Drum Trailers Manufacturer\",\"potentialAction\":[{\"@type\":\"SearchAction\",\"target\":{\"@type\":\"EntryPoint\",\"urlTemplate\":\"https:\\\/\\\/cablepullingmachines.com\\\/?s={search_term_string}\"},\"query-input\":{\"@type\":\"PropertyValueSpecification\",\"valueRequired\":true,\"valueName\":\"search_term_string\"}}],\"inLanguage\":\"de\"},{\"@type\":\"Organization\",\"@id\":\"https:\\\/\\\/cablepullingmachines.com\\\/#organization\",\"name\":\"Allame Makina Ltd Sti\",\"alternateName\":\"Cable Drum Trailers Manufacturer\",\"url\":\"https:\\\/\\\/cablepullingmachines.com\\\/\",\"logo\":{\"@type\":\"ImageObject\",\"inLanguage\":\"de\",\"@id\":\"https:\\\/\\\/cablepullingmachines.com\\\/#\\\/schema\\\/logo\\\/image\\\/\",\"url\":\"https:\\\/\\\/cablepullingmachines.com\\\/wp-content\\\/uploads\\\/2015\\\/10\\\/logo.jpg\",\"contentUrl\":\"https:\\\/\\\/cablepullingmachines.com\\\/wp-content\\\/uploads\\\/2015\\\/10\\\/logo.jpg\",\"width\":300,\"height\":140,\"caption\":\"Allame Makina Ltd Sti\"},\"image\":{\"@id\":\"https:\\\/\\\/cablepullingmachines.com\\\/#\\\/schema\\\/logo\\\/image\\\/\"},\"sameAs\":[\"https:\\\/\\\/www.facebook.com\\\/cablepullingmachines\",\"https:\\\/\\\/www.linkedin.com\\\/company\\\/cablepullingmachines\",\"https:\\\/\\\/www.youtube.com\\\/@CablePullingMachines\",\"https:\\\/\\\/www.instagram.com\\\/cablepullingmachines\"],\"description\":\"Cable laying products manufacturer from Turkiye. Cable Pulling Machines and Cable Drum Trailers Producer.\",\"email\":\"erkangok@allame.net\",\"telephone\":\"+905337789941\",\"legalName\":\"SKYPULLTECH\",\"foundingDate\":\"1999-02-12\",\"vatID\":\"0550635748\",\"iso6523Code\":\"1555ALL2025\",\"numberOfEmployees\":{\"@type\":\"QuantitativeValue\",\"minValue\":\"11\",\"maxValue\":\"50\"}}]}<\/script>\n<!-- \/ Yoast SEO Premium plugin. -->","yoast_head_json":{"title":"Hydraulische Kabeltrommel Anh\u00e4nger 10TON - Cable Pulling Machines Manufacturer","description":"Hydraulische Kabeltrommel Anh\u00e4nger 10TON - Cable Pulling Machines Manufacturer","robots":{"index":"index","follow":"follow","max-snippet":"max-snippet:-1","max-image-preview":"max-image-preview:large","max-video-preview":"max-video-preview:-1"},"canonical":"https:\/\/cablepullingmachines.com\/de\/kabeltrommel-anhanger\/hydraulische-kabeltrommel-anhanger\/hydraulische-kabeltrommel-anhanger-10ton\/","og_locale":"de_DE","og_type":"article","og_title":"Hydraulische Kabeltrommel Anh\u00e4nger 10TON","og_description":"Hydraulische Kabeltrommel Anh\u00e4nger 10TON - Cable Pulling Machines Manufacturer","og_url":"https:\/\/cablepullingmachines.com\/de\/kabeltrommel-anhanger\/hydraulische-kabeltrommel-anhanger\/hydraulische-kabeltrommel-anhanger-10ton\/","og_site_name":"Cable Pulling Machines Manufacturer","article_publisher":"https:\/\/www.facebook.com\/cablepullingmachines","article_modified_time":"2024-09-19T17:43:22+00:00","og_image":[{"width":1010,"height":617,"url":"https:\/\/cablepullingmachines.com\/wp-content\/uploads\/2025\/02\/Full-Hydraulic-Cable-Drum-Trailers-30-tons.webp","type":"image\/webp"}],"twitter_card":"summary_large_image","twitter_misc":{"Gesch\u00e4tzte Lesezeit":"6\u00a0Minuten"},"schema":{"@context":"https:\/\/schema.org","@graph":[{"@type":"WebPage","@id":"https:\/\/cablepullingmachines.com\/de\/kabeltrommel-anhanger\/hydraulische-kabeltrommel-anhanger\/hydraulische-kabeltrommel-anhanger-10ton\/","url":"https:\/\/cablepullingmachines.com\/de\/kabeltrommel-anhanger\/hydraulische-kabeltrommel-anhanger\/hydraulische-kabeltrommel-anhanger-10ton\/","name":"Hydraulische Kabeltrommel Anh\u00e4nger 10TON - Cable Pulling Machines Manufacturer","isPartOf":{"@id":"https:\/\/cablepullingmachines.com\/#website"},"primaryImageOfPage":{"@id":"https:\/\/cablepullingmachines.com\/de\/kabeltrommel-anhanger\/hydraulische-kabeltrommel-anhanger\/hydraulische-kabeltrommel-anhanger-10ton\/#primaryimage"},"image":{"@id":"https:\/\/cablepullingmachines.com\/de\/kabeltrommel-anhanger\/hydraulische-kabeltrommel-anhanger\/hydraulische-kabeltrommel-anhanger-10ton\/#primaryimage"},"thumbnailUrl":"https:\/\/cablepullingmachines.com\/wp-content\/uploads\/2025\/02\/Hydraulic-Cable-Drum-Trailers-10-tons-1.webp","datePublished":"2024-09-19T12:12:07+00:00","dateModified":"2024-09-19T17:43:22+00:00","description":"Hydraulische Kabeltrommel Anh\u00e4nger 10TON - Cable Pulling Machines Manufacturer","breadcrumb":{"@id":"https:\/\/cablepullingmachines.com\/de\/kabeltrommel-anhanger\/hydraulische-kabeltrommel-anhanger\/hydraulische-kabeltrommel-anhanger-10ton\/#breadcrumb"},"inLanguage":"de","potentialAction":[{"@type":"ReadAction","target":["https:\/\/cablepullingmachines.com\/de\/kabeltrommel-anhanger\/hydraulische-kabeltrommel-anhanger\/hydraulische-kabeltrommel-anhanger-10ton\/"]}]},{"@type":"ImageObject","inLanguage":"de","@id":"https:\/\/cablepullingmachines.com\/de\/kabeltrommel-anhanger\/hydraulische-kabeltrommel-anhanger\/hydraulische-kabeltrommel-anhanger-10ton\/#primaryimage","url":"https:\/\/cablepullingmachines.com\/wp-content\/uploads\/2025\/02\/Hydraulic-Cable-Drum-Trailers-10-tons-1.webp","contentUrl":"https:\/\/cablepullingmachines.com\/wp-content\/uploads\/2025\/02\/Hydraulic-Cable-Drum-Trailers-10-tons-1.webp","width":700,"height":504,"caption":"Hydraulic Cable Drum Trailers 10 tons"},{"@type":"BreadcrumbList","@id":"https:\/\/cablepullingmachines.com\/de\/kabeltrommel-anhanger\/hydraulische-kabeltrommel-anhanger\/hydraulische-kabeltrommel-anhanger-10ton\/#breadcrumb","itemListElement":[{"@type":"ListItem","position":1,"name":"Home","item":"https:\/\/cablepullingmachines.com\/de\/a\/"},{"@type":"ListItem","position":2,"name":"Kabeltrommel-Anh\u00e4nger","item":"https:\/\/cablepullingmachines.com\/de\/?page_id=4733"},{"@type":"ListItem","position":3,"name":"Hydraulische Kabeltrommel-Anh\u00e4nger","item":"https:\/\/cablepullingmachines.com\/de\/kabeltrommel-anhanger\/hydraulische-kabeltrommel-anhanger\/"},{"@type":"ListItem","position":4,"name":"Hydraulische Kabeltrommel Anh\u00e4nger 10TON"}]},{"@type":"WebSite","@id":"https:\/\/cablepullingmachines.com\/#website","url":"https:\/\/cablepullingmachines.com\/","name":"Cable Pulling Machines and Cable Drum Trailers","description":"Cable Pulling Machines, Winches, Cable Drum Trailers","publisher":{"@id":"https:\/\/cablepullingmachines.com\/#organization"},"alternateName":"Cable Drum Trailers Manufacturer","potentialAction":[{"@type":"SearchAction","target":{"@type":"EntryPoint","urlTemplate":"https:\/\/cablepullingmachines.com\/?s={search_term_string}"},"query-input":{"@type":"PropertyValueSpecification","valueRequired":true,"valueName":"search_term_string"}}],"inLanguage":"de"},{"@type":"Organization","@id":"https:\/\/cablepullingmachines.com\/#organization","name":"Allame Makina Ltd Sti","alternateName":"Cable Drum Trailers Manufacturer","url":"https:\/\/cablepullingmachines.com\/","logo":{"@type":"ImageObject","inLanguage":"de","@id":"https:\/\/cablepullingmachines.com\/#\/schema\/logo\/image\/","url":"https:\/\/cablepullingmachines.com\/wp-content\/uploads\/2015\/10\/logo.jpg","contentUrl":"https:\/\/cablepullingmachines.com\/wp-content\/uploads\/2015\/10\/logo.jpg","width":300,"height":140,"caption":"Allame Makina Ltd Sti"},"image":{"@id":"https:\/\/cablepullingmachines.com\/#\/schema\/logo\/image\/"},"sameAs":["https:\/\/www.facebook.com\/cablepullingmachines","https:\/\/www.linkedin.com\/company\/cablepullingmachines","https:\/\/www.youtube.com\/@CablePullingMachines","https:\/\/www.instagram.com\/cablepullingmachines"],"description":"Cable laying products manufacturer from Turkiye. Cable Pulling Machines and Cable Drum Trailers Producer.","email":"erkangok@allame.net","telephone":"+905337789941","legalName":"SKYPULLTECH","foundingDate":"1999-02-12","vatID":"0550635748","iso6523Code":"1555ALL2025","numberOfEmployees":{"@type":"QuantitativeValue","minValue":"11","maxValue":"50"}}]}},"amp_enabled":true,"_links":{"self":[{"href":"https:\/\/cablepullingmachines.com\/de\/wp-json\/wp\/v2\/pages\/4642","targetHints":{"allow":["GET"]}}],"collection":[{"href":"https:\/\/cablepullingmachines.com\/de\/wp-json\/wp\/v2\/pages"}],"about":[{"href":"https:\/\/cablepullingmachines.com\/de\/wp-json\/wp\/v2\/types\/page"}],"author":[{"embeddable":true,"href":"https:\/\/cablepullingmachines.com\/de\/wp-json\/wp\/v2\/users\/1"}],"replies":[{"embeddable":true,"href":"https:\/\/cablepullingmachines.com\/de\/wp-json\/wp\/v2\/comments?post=4642"}],"version-history":[{"count":0,"href":"https:\/\/cablepullingmachines.com\/de\/wp-json\/wp\/v2\/pages\/4642\/revisions"}],"up":[{"embeddable":true,"href":"https:\/\/cablepullingmachines.com\/de\/wp-json\/wp\/v2\/pages\/4785"}],"wp:featuredmedia":[{"embeddable":true,"href":"https:\/\/cablepullingmachines.com\/de\/wp-json\/wp\/v2\/media\/5895"}],"wp:attachment":[{"href":"https:\/\/cablepullingmachines.com\/de\/wp-json\/wp\/v2\/media?parent=4642"}],"curies":[{"name":"wp","href":"https:\/\/api.w.org\/{rel}","templated":true}]}}