{"id":4634,"date":"2024-09-19T12:12:05","date_gmt":"2024-09-19T12:12:05","guid":{"rendered":"https:\/\/cablepullingmachines.com\/hydraulischer-kabeltrommel-anhanger-7ton\/"},"modified":"2024-09-19T17:43:58","modified_gmt":"2024-09-19T17:43:58","slug":"hydraulischer-kabeltrommel-anhanger-7ton","status":"publish","type":"page","link":"https:\/\/cablepullingmachines.com\/de\/kabeltrommel-anhanger\/hydraulische-kabeltrommel-anhanger\/hydraulischer-kabeltrommel-anhanger-7ton\/","title":{"rendered":"Hydraulischer Kabeltrommel-Anh\u00e4nger 7TON"},"content":{"rendered":"<p>[av_image src=&#8217;http:\/\/cablepullingmachines.com\/wp-content\/uploads\/2015\/12\/Cable-Drum-Trailers-Romork-1-1.jpg&#8217; attachment=&#8217;1887&#8242; attachment_size=&#8217;full&#8217; align=&#8217;center&#8217; styling=&#8221; hover=&#8221; link=&#8221; target=&#8221; caption=&#8221; font_size=&#8221; appearance=&#8221; overlay_opacity=&#8217;0.4&#8242; overlay_color=&#8217;#000000&#8242; overlay_text_color=&#8217;#ffffff&#8217; animation=&#8217;no-animation&#8217; av_uid=&#8217;av-6lr2pv&#8217;][\/av_image]<\/p>\n<p>[av_heading tag=&#8217;h2&#8242; padding=&#8217;10&#8217; heading=&#8217;HYDRAULISCHE KABELTROMMEL-ANH\u00c4NGER 7T&#8217; color=&#8221; style=&#8221; custom_font=&#8221; size=&#8221; subheading_active=&#8221; subheading_size=&#8217;15&#8217; custom_class=&#8221; admin_preview_bg=&#8221; av-desktop-hide=&#8221; av-medium-hide=&#8221; av-small-hide=&#8221; av-mini-hide=&#8221; av-medium-font-size-title=&#8221; av-small-font-size-title=&#8221; av-mini-font-size-title=&#8221; av-medium-font-size=&#8221; av-small-font-size=&#8221; av-mini-font-size=&#8221; av_uid=&#8217;av-6c7v0b&#8217;][\/av_heading]<\/p>\n<p>[av_textblock size=&#8221; font_color=&#8221; color=&#8221; av-medium-font-size=&#8221; av-small-font-size=&#8221; av-mini-font-size=&#8221; admin_preview_bg=&#8221; av_uid=&#8217;av-67wurf&#8217;]<br \/>\n<a href=\"http:\/\/www.cablepullingmachines.com\"><strong>Hersteller von Kabeltrommelanh\u00e4ngern<\/strong><\/a><strong>Welche Dienstleistungen bieten die Hersteller von Kabeltrommelanh\u00e4ngern an?<\/strong><\/p>\n<p><em>Ein Kabeltrommel-Anh\u00e4nger ist anerkannterma\u00dfen eines der wichtigsten Zubeh\u00f6rteile, die f\u00fcr eine Vielzahl von Unternehmungen unverzichtbar sind, ganz gleich, ob es sich um eine Baufirma, ein Telekommunikationsunternehmen oder einen Stromversorger handelt.<br \/>\nIm Folgenden werden wir \u00fcber diesen Artikel f\u00fcr Sie sprechen. <\/em><\/p>\n<p><strong>Kabeltrommelanh\u00e4nger <\/strong>sind die Schl\u00fcsselausr\u00fcstung, die f\u00fcr das Laden und Abwickeln der Kabeltrommeln und auch der Kabeltrommeln auf die bestm\u00f6gliche Art und Weise im Einklang mit den modernsten Standards unerl\u00e4sslich ist.<br \/>\nEin Kabeltrommelanh\u00e4nger macht das Beladen und auch das Abspulen sehr effektiv.<br \/>\nIm folgenden Abschnitt werden wir auf einige der Dienstleistungen eingehen, die die <strong>Hersteller von Kabeltrommelanh\u00e4ngern<\/strong> anbieten. <strong>Beratung f\u00fcr Reisen und Luftfahrt &amp; Business Services<\/strong> Solche Unternehmen bieten Ihnen Design- und Baudienstleistungen an, angefangen von ersten Skizzen bis hin zur endg\u00fcltigen Produktion.<br \/>\nAlle diese Unternehmen ber\u00fccksichtigen alle Faktoren, die zu Ver\u00e4nderungen f\u00fchren, von Grund auf.<br \/>\nAu\u00dferdem inspirieren und unterst\u00fctzen sie Sie bei der Umsetzung des Wandels. <strong>Beratung f\u00fcr Konsumg\u00fcter und Finanzdienstleistungen<\/strong> Die <strong>Hersteller von Kabeltrommelanh\u00e4ngern<\/strong> entwerfen wiederholbare Entwicklungsmodelle und fortschrittliche Pipelines, die neue Produkte mit gr\u00f6\u00dferer Wahrscheinlichkeit und geringerer Ausfallwahrscheinlichkeit produzieren.<br \/>\nSie arbeiten sowohl auf der K\u00e4ufer- als auch auf der Verk\u00e4uferseite und pr\u00e4sentieren ihren Kunden eindringliche und objektive Antworten und konzentrieren sich stark auf die besten M\u00f6glichkeiten. <strong>Energie und Atmosph\u00e4re &amp; Oberfl\u00e4chentransport &amp; Logistikberatung<\/strong> Alle diese Unternehmen sind in allen wichtigen Regionen t\u00e4tig und kennen daher die grundlegenden Faktoren f\u00fcr den Aufbau von M\u00e4rkten.<br \/>\nProgrammierte Transporte reichen von expansiven Marktneigungen und -ans\u00e4tzen bis hin zum Ausbau integrierter Geldverdienstrategien.<br \/>\n<strong>Tags: <\/strong>Marktneigungen, Geldmachende Strategien und objektive Antworten F\u00fcr weitere Informationen <a href=\"http:\/\/cablepullingmachines.com\/contact-page\/\">kontaktieren Sie uns<\/a> bitte.         <\/p>\n<h5>Detaillierte Fotos unten;<\/h5>\n<p>[\/av_textblock]<\/p>\n<p>[av_hr class=&#8217;invisible&#8217; height=&#8217;10&#8217; shadow=&#8217;no-shadow&#8217; position=&#8217;center&#8217; custom_border=&#8217;av-border-thin&#8217; custom_width=&#8217;50px&#8217; custom_border_color=&#8221; custom_margin_top=&#8217;30px&#8217; custom_margin_bottom=&#8217;30px&#8217; icon_select=&#8217;yes&#8217; custom_icon_color=&#8221; icon=&#8217;ue808&#8242; font=&#8217;entypo-fontello&#8217; av_uid=&#8217;av-62opm3&#8242;]<\/p>\n<p>[av_gallery ids=&#8217;2063,2064,2065,2066,2067,2068,2069,2070,2071&#8242; style=&#8217;thumbnails&#8217; preview_size=&#8217;portfolio&#8217; crop_big_preview_thumbnail=&#8217;avia-gallery-big-crop-thumb&#8217; thumb_size=&#8217;medium&#8217; columns=&#8217;5&#8242; imagelink=&#8217;lightbox&#8217; lazyload=&#8217;avia_lazyload&#8217; admin_preview_bg=&#8221; av_uid=&#8217;av-5vvjzv&#8217;]<\/p>\n<p>[av_hr class=&#8217;short&#8217; height=&#8217;50&#8217; shadow=&#8217;no-shadow&#8217; position=&#8217;center&#8217; custom_border=&#8217;av-border-thin&#8217; custom_width=&#8217;50px&#8217; custom_border_color=&#8221; custom_margin_top=&#8217;30px&#8217; custom_margin_bottom=&#8217;30px&#8217; icon_select=&#8217;yes&#8217; custom_icon_color=&#8221; icon=&#8217;ue808&#8242; font=&#8217;entypo-fontello&#8217; av_uid=&#8217;av-5qkayr&#8217;]<\/p>\n<p>[av_heading tag=&#8217;h2&#8242; padding=&#8217;3&#8242; heading=&#8217;Spezifikationen&#8217; color=&#8221; style=&#8217;blockquote modern-quote modern-centered&#8217; custom_font=&#8221; size=&#8221; subheading_active=&#8221; subheading_size=&#8217;15&#8217; custom_class=&#8221; admin_preview_bg=&#8221; av-desktop-hide=&#8221; av-medium-hide=&#8221; av-small-hide=&#8221; av-mini-hide=&#8221; av-medium-font-size-title=&#8221; av-small-font-size-title=&#8221; av-mini-font-size-title=&#8221; av-medium-font-size=&#8221; av-small-font-size=&#8221; av-mini-font-size=&#8221; av_uid=&#8217;av-jyyw3&#8242;][\/av_heading]<\/p>\n<p>[av_table purpose=&#8217;tabular&#8217; pricing_table_design=&#8217;avia_pricing_default&#8217; pricing_hidden_cells=&#8221; caption=&#8217;Spezifikationen&#8217; responsive_styling=&#8217;avia_responsive_table&#8217; av_uid=&#8217;av-5c7kcb&#8217;]<br \/>\n[av_row row_style=&#8221; av_uid=&#8217;av-55som3&#8242;][av_cell col_style=&#8221; av_uid=&#8217;av-4zck4r&#8217;]L\u00e4nge (mm)<br \/>\n[\/av_cell][av_cell col_style=&#8221; av_uid=&#8217;av-1s1qb&#8217;]4000<br \/>\n[\/av_cell][\/av_row]<br \/>\n[av_row row_style=&#8221; av_uid=&#8217;av-gszhv&#8217;][av_cell col_style=&#8221; av_uid=&#8217;av-4ieuab&#8217;]Breite (mm)<br \/>\n[\/av_cell][av_cell col_style=&#8221; av_uid=&#8217;av-4dsbor&#8217;]2550<br \/>\n[\/av_cell][\/av_row]<br \/>\n[av_row row_style=&#8221; av_uid=&#8217;av-45koxv&#8217;][av_cell col_style=&#8221; av_uid=&#8217;av-41m483&#8242;]H\u00f6he (mm)<br \/>\n[\/av_cell][av_cell col_style=&#8221; av_uid=&#8217;av-3vlok3&#8242;]2000<br \/>\n[\/av_cell][\/av_row]<br \/>\n[av_row row_style=&#8221; av_uid=&#8217;av-dladf&#8217;][av_cell col_style=&#8221; av_uid=&#8217;av-3mdjrn&#8217;]Leeres Gewicht (kg)<br \/>\n[\/av_cell][av_cell col_style=&#8221; av_uid=&#8217;av-3et3wb&#8217;]1000<br \/>\n[\/av_cell][\/av_row]<br \/>\n[av_row row_style=&#8221; av_uid=&#8217;av-3aufbn&#8217;][av_cell col_style=&#8221; av_uid=&#8217;av-33rtff&#8217;]Nutzlast (kg)<br \/>\n[\/av_cell][av_cell col_style=&#8221; av_uid=&#8217;av-2x9j0j&#8217;]7000<br \/>\n[\/av_cell][\/av_row]<br \/>\n[av_row row_style=&#8221; av_uid=&#8217;av-2s4xyb&#8217;][av_cell col_style=&#8221; av_uid=&#8217;av-2muhgz&#8217;]Gesamtgewicht (kg)<br \/>\n[\/av_cell][av_cell col_style=&#8221; av_uid=&#8217;av-2ckrab&#8217;]8000<br \/>\n[\/av_cell][\/av_row]<br \/>\n[av_row row_style=&#8221; av_uid=&#8217;av-2a9rmr&#8217;][av_cell col_style=&#8221; av_uid=&#8217;av-212lkb&#8217;]Bremse<br \/>\n[\/av_cell][av_cell col_style=&#8221; av_uid=&#8217;av-1uoj5n&#8217;]\u00dcberlaufen<br \/>\n[\/av_cell][\/av_row]<br \/>\n[av_row row_style=&#8221; av_uid=&#8217;av-1q8jwb&#8217;][av_cell col_style=&#8221; av_uid=&#8217;av-1kkc1n&#8217;]Max.<br \/>\nTrommeldurchmesser<br \/>\n(mm)<br \/>\n[\/av_cell][av_cell col_style=&#8221; av_uid=&#8217;av-1dqenf&#8217;]3000<br \/>\n[\/av_cell][\/av_row]<br \/>\n[av_row row_style=&#8221; av_uid=&#8217;av-1as6kr&#8217;][av_cell col_style=&#8221; av_uid=&#8217;av-14ldqr&#8217;]Lichte Ladebreite (mm)<br \/>\n[\/av_cell][av_cell col_style=&#8221; av_uid=&#8217;av-x2xmr&#8217;]1750<br \/>\n[\/av_cell][\/av_row]<br \/>\n[av_row row_style=&#8221; av_uid=&#8217;av-s6k3f&#8217;][av_cell col_style=&#8221; av_uid=&#8217;av-j3khn&#8217;]Gr\u00f6\u00dfe der Reifen[\/av_cell][av_cell col_style=&#8221; av_uid=&#8217;av-e1onf&#8217;]12x80x15[\/av_cell][\/av_row]<br \/>\n[\/av_table]<\/p>\n<p>[av_hr class=&#8217;short&#8217; height=&#8217;50&#8217; shadow=&#8217;no-shadow&#8217; position=&#8217;center&#8217; custom_border=&#8217;av-border-thin&#8217; custom_width=&#8217;50px&#8217; custom_border_color=&#8221; custom_margin_top=&#8217;30px&#8217; custom_margin_bottom=&#8217;30px&#8217; icon_select=&#8217;yes&#8217; custom_icon_color=&#8221; icon=&#8217;ue808&#8242; font=&#8217;entypo-fontello&#8217; av_uid=&#8217;av-6oqub&#8217;]<\/p>\n","protected":false},"excerpt":{"rendered":"<p>[av_image src=&#8217;http:\/\/cablepullingmachines.com\/wp-content\/uploads\/2015\/12\/Cable-Drum-Trailers-Romork-1-1.jpg&#8217; attachment=&#8217;1887&#8242; attachment_size=&#8217;full&#8217; align=&#8217;center&#8217; styling=&#8221; hover=&#8221; link=&#8221; target=&#8221; caption=&#8221; font_size=&#8221; appearance=&#8221; overlay_opacity=&#8217;0.4&#8242; overlay_color=&#8217;#000000&#8242; overlay_text_color=&#8217;#ffffff&#8217; animation=&#8217;no-animation&#8217; av_uid=&#8217;av-6lr2pv&#8217;][\/av_image] [av_heading tag=&#8217;h2&#8242; padding=&#8217;10&#8217; heading=&#8217;HYDRAULISCHE KABELTROMMEL-ANH\u00c4NGER 7T&#8217; color=&#8221; style=&#8221; custom_font=&#8221; size=&#8221; subheading_active=&#8221; subheading_size=&#8217;15&#8217; custom_class=&#8221; admin_preview_bg=&#8221; av-desktop-hide=&#8221; av-medium-hide=&#8221; av-small-hide=&#8221; av-mini-hide=&#8221; av-medium-font-size-title=&#8221; av-small-font-size-title=&#8221; av-mini-font-size-title=&#8221; av-medium-font-size=&#8221; av-small-font-size=&#8221; av-mini-font-size=&#8221; av_uid=&#8217;av-6c7v0b&#8217;][\/av_heading] [av_textblock size=&#8221; font_color=&#8221; color=&#8221; av-medium-font-size=&#8221; av-small-font-size=&#8221; av-mini-font-size=&#8221; admin_preview_bg=&#8221; av_uid=&#8217;av-67wurf&#8217;] Hersteller von Kabeltrommelanh\u00e4ngernWelche Dienstleistungen<\/p>\n","protected":false},"author":1,"featured_media":5873,"parent":4785,"menu_order":0,"comment_status":"closed","ping_status":"closed","template":"","meta":{"_joinchat":[],"footnotes":""},"class_list":["post-4634","page","type-page","status-publish","has-post-thumbnail","hentry"],"yoast_head":"<!-- This site is optimized with the Yoast SEO Premium plugin v26.8 (Yoast SEO v27.0) - https:\/\/yoast.com\/product\/yoast-seo-premium-wordpress\/ -->\n<title>Hydraulischer Kabeltrommel-Anh\u00e4nger 7TON - Cable Pulling Machines Manufacturer<\/title>\n<meta name=\"description\" content=\"Hydraulischer Kabeltrommel-Anh\u00e4nger 7TON - Cable Pulling Machines Manufacturer\" \/>\n<meta name=\"robots\" content=\"index, follow, max-snippet:-1, max-image-preview:large, max-video-preview:-1\" \/>\n<link rel=\"canonical\" href=\"https:\/\/cablepullingmachines.com\/de\/kabeltrommel-anhanger\/hydraulische-kabeltrommel-anhanger\/hydraulischer-kabeltrommel-anhanger-7ton\/\" \/>\n<meta property=\"og:locale\" content=\"de_DE\" \/>\n<meta property=\"og:type\" content=\"article\" \/>\n<meta property=\"og:title\" content=\"Hydraulischer Kabeltrommel-Anh\u00e4nger 7TON\" \/>\n<meta property=\"og:description\" content=\"Hydraulischer Kabeltrommel-Anh\u00e4nger 7TON - Cable Pulling Machines Manufacturer\" \/>\n<meta property=\"og:url\" content=\"https:\/\/cablepullingmachines.com\/de\/kabeltrommel-anhanger\/hydraulische-kabeltrommel-anhanger\/hydraulischer-kabeltrommel-anhanger-7ton\/\" \/>\n<meta property=\"og:site_name\" content=\"Cable Pulling Machines Manufacturer\" \/>\n<meta property=\"article:publisher\" content=\"https:\/\/www.facebook.com\/cablepullingmachines\" \/>\n<meta property=\"article:modified_time\" content=\"2024-09-19T17:43:58+00:00\" \/>\n<meta property=\"og:image\" content=\"https:\/\/cablepullingmachines.com\/wp-content\/uploads\/2025\/02\/Full-Hydraulic-Cable-Drum-Trailers-30-tons.webp\" \/>\n\t<meta property=\"og:image:width\" content=\"1010\" \/>\n\t<meta property=\"og:image:height\" content=\"617\" \/>\n\t<meta property=\"og:image:type\" content=\"image\/webp\" \/>\n<meta name=\"twitter:card\" content=\"summary_large_image\" \/>\n<meta name=\"twitter:label1\" content=\"Gesch\u00e4tzte Lesezeit\" \/>\n\t<meta name=\"twitter:data1\" content=\"5\u00a0Minuten\" \/>\n<script type=\"application\/ld+json\" class=\"yoast-schema-graph\">{\"@context\":\"https:\/\/schema.org\",\"@graph\":[{\"@type\":\"WebPage\",\"@id\":\"https:\/\/cablepullingmachines.com\/de\/kabeltrommel-anhanger\/hydraulische-kabeltrommel-anhanger\/hydraulischer-kabeltrommel-anhanger-7ton\/\",\"url\":\"https:\/\/cablepullingmachines.com\/de\/kabeltrommel-anhanger\/hydraulische-kabeltrommel-anhanger\/hydraulischer-kabeltrommel-anhanger-7ton\/\",\"name\":\"Hydraulischer Kabeltrommel-Anh\u00e4nger 7TON - Cable Pulling Machines Manufacturer\",\"isPartOf\":{\"@id\":\"https:\/\/cablepullingmachines.com\/#website\"},\"primaryImageOfPage\":{\"@id\":\"https:\/\/cablepullingmachines.com\/de\/kabeltrommel-anhanger\/hydraulische-kabeltrommel-anhanger\/hydraulischer-kabeltrommel-anhanger-7ton\/#primaryimage\"},\"image\":{\"@id\":\"https:\/\/cablepullingmachines.com\/de\/kabeltrommel-anhanger\/hydraulische-kabeltrommel-anhanger\/hydraulischer-kabeltrommel-anhanger-7ton\/#primaryimage\"},\"thumbnailUrl\":\"https:\/\/cablepullingmachines.com\/wp-content\/uploads\/2025\/02\/Hydraulic-Cable-Drum-Trailers-7-tons-2.webp\",\"datePublished\":\"2024-09-19T12:12:05+00:00\",\"dateModified\":\"2024-09-19T17:43:58+00:00\",\"description\":\"Hydraulischer Kabeltrommel-Anh\u00e4nger 7TON - Cable Pulling Machines Manufacturer\",\"breadcrumb\":{\"@id\":\"https:\/\/cablepullingmachines.com\/de\/kabeltrommel-anhanger\/hydraulische-kabeltrommel-anhanger\/hydraulischer-kabeltrommel-anhanger-7ton\/#breadcrumb\"},\"inLanguage\":\"de\",\"potentialAction\":[{\"@type\":\"ReadAction\",\"target\":[\"https:\/\/cablepullingmachines.com\/de\/kabeltrommel-anhanger\/hydraulische-kabeltrommel-anhanger\/hydraulischer-kabeltrommel-anhanger-7ton\/\"]}]},{\"@type\":\"ImageObject\",\"inLanguage\":\"de\",\"@id\":\"https:\/\/cablepullingmachines.com\/de\/kabeltrommel-anhanger\/hydraulische-kabeltrommel-anhanger\/hydraulischer-kabeltrommel-anhanger-7ton\/#primaryimage\",\"url\":\"https:\/\/cablepullingmachines.com\/wp-content\/uploads\/2025\/02\/Hydraulic-Cable-Drum-Trailers-7-tons-2.webp\",\"contentUrl\":\"https:\/\/cablepullingmachines.com\/wp-content\/uploads\/2025\/02\/Hydraulic-Cable-Drum-Trailers-7-tons-2.webp\",\"width\":700,\"height\":504,\"caption\":\"Hydraulic Cable Drum Trailers 7 tons\"},{\"@type\":\"BreadcrumbList\",\"@id\":\"https:\/\/cablepullingmachines.com\/de\/kabeltrommel-anhanger\/hydraulische-kabeltrommel-anhanger\/hydraulischer-kabeltrommel-anhanger-7ton\/#breadcrumb\",\"itemListElement\":[{\"@type\":\"ListItem\",\"position\":1,\"name\":\"Home\",\"item\":\"https:\/\/cablepullingmachines.com\/de\/a\/\"},{\"@type\":\"ListItem\",\"position\":2,\"name\":\"Kabeltrommel-Anh\u00e4nger\",\"item\":\"https:\/\/cablepullingmachines.com\/de\/?page_id=4733\"},{\"@type\":\"ListItem\",\"position\":3,\"name\":\"Hydraulische Kabeltrommel-Anh\u00e4nger\",\"item\":\"https:\/\/cablepullingmachines.com\/de\/kabeltrommel-anhanger\/hydraulische-kabeltrommel-anhanger\/\"},{\"@type\":\"ListItem\",\"position\":4,\"name\":\"Hydraulischer Kabeltrommel-Anh\u00e4nger 7TON\"}]},{\"@type\":\"WebSite\",\"@id\":\"https:\/\/cablepullingmachines.com\/#website\",\"url\":\"https:\/\/cablepullingmachines.com\/\",\"name\":\"Cable Pulling Machines and Cable Drum Trailers\",\"description\":\"Cable Pulling Machines, Winches, Cable Drum Trailers\",\"publisher\":{\"@id\":\"https:\/\/cablepullingmachines.com\/#organization\"},\"alternateName\":\"Cable Drum Trailers Manufacturer\",\"potentialAction\":[{\"@type\":\"SearchAction\",\"target\":{\"@type\":\"EntryPoint\",\"urlTemplate\":\"https:\/\/cablepullingmachines.com\/?s={search_term_string}\"},\"query-input\":{\"@type\":\"PropertyValueSpecification\",\"valueRequired\":true,\"valueName\":\"search_term_string\"}}],\"inLanguage\":\"de\"},{\"@type\":\"Organization\",\"@id\":\"https:\/\/cablepullingmachines.com\/#organization\",\"name\":\"Allame Makina Ltd Sti\",\"alternateName\":\"Cable Drum Trailers Manufacturer\",\"url\":\"https:\/\/cablepullingmachines.com\/\",\"logo\":{\"@type\":\"ImageObject\",\"inLanguage\":\"de\",\"@id\":\"https:\/\/cablepullingmachines.com\/#\/schema\/logo\/image\/\",\"url\":\"https:\/\/cablepullingmachines.com\/wp-content\/uploads\/2015\/10\/logo.jpg\",\"contentUrl\":\"https:\/\/cablepullingmachines.com\/wp-content\/uploads\/2015\/10\/logo.jpg\",\"width\":300,\"height\":140,\"caption\":\"Allame Makina Ltd Sti\"},\"image\":{\"@id\":\"https:\/\/cablepullingmachines.com\/#\/schema\/logo\/image\/\"},\"sameAs\":[\"https:\/\/www.facebook.com\/cablepullingmachines\",\"https:\/\/www.linkedin.com\/company\/cablepullingmachines\",\"https:\/\/www.youtube.com\/@CablePullingMachines\",\"https:\/\/www.instagram.com\/cablepullingmachines\"],\"description\":\"Cable laying products manufacturer from Turkiye. Cable Pulling Machines and Cable Drum Trailers Producer.\",\"email\":\"erkangok@allame.net\",\"telephone\":\"+905337789941\",\"legalName\":\"SKYPULLTECH\",\"foundingDate\":\"1999-02-12\",\"vatID\":\"0550635748\",\"iso6523Code\":\"1555ALL2025\",\"numberOfEmployees\":{\"@type\":\"QuantitativeValue\",\"minValue\":\"11\",\"maxValue\":\"50\"}}]}<\/script>\n<!-- \/ Yoast SEO Premium plugin. -->","yoast_head_json":{"title":"Hydraulischer Kabeltrommel-Anh\u00e4nger 7TON - Cable Pulling Machines Manufacturer","description":"Hydraulischer Kabeltrommel-Anh\u00e4nger 7TON - Cable Pulling Machines Manufacturer","robots":{"index":"index","follow":"follow","max-snippet":"max-snippet:-1","max-image-preview":"max-image-preview:large","max-video-preview":"max-video-preview:-1"},"canonical":"https:\/\/cablepullingmachines.com\/de\/kabeltrommel-anhanger\/hydraulische-kabeltrommel-anhanger\/hydraulischer-kabeltrommel-anhanger-7ton\/","og_locale":"de_DE","og_type":"article","og_title":"Hydraulischer Kabeltrommel-Anh\u00e4nger 7TON","og_description":"Hydraulischer Kabeltrommel-Anh\u00e4nger 7TON - Cable Pulling Machines Manufacturer","og_url":"https:\/\/cablepullingmachines.com\/de\/kabeltrommel-anhanger\/hydraulische-kabeltrommel-anhanger\/hydraulischer-kabeltrommel-anhanger-7ton\/","og_site_name":"Cable Pulling Machines Manufacturer","article_publisher":"https:\/\/www.facebook.com\/cablepullingmachines","article_modified_time":"2024-09-19T17:43:58+00:00","og_image":[{"width":1010,"height":617,"url":"https:\/\/cablepullingmachines.com\/wp-content\/uploads\/2025\/02\/Full-Hydraulic-Cable-Drum-Trailers-30-tons.webp","type":"image\/webp"}],"twitter_card":"summary_large_image","twitter_misc":{"Gesch\u00e4tzte Lesezeit":"5\u00a0Minuten"},"schema":{"@context":"https:\/\/schema.org","@graph":[{"@type":"WebPage","@id":"https:\/\/cablepullingmachines.com\/de\/kabeltrommel-anhanger\/hydraulische-kabeltrommel-anhanger\/hydraulischer-kabeltrommel-anhanger-7ton\/","url":"https:\/\/cablepullingmachines.com\/de\/kabeltrommel-anhanger\/hydraulische-kabeltrommel-anhanger\/hydraulischer-kabeltrommel-anhanger-7ton\/","name":"Hydraulischer Kabeltrommel-Anh\u00e4nger 7TON - Cable Pulling Machines Manufacturer","isPartOf":{"@id":"https:\/\/cablepullingmachines.com\/#website"},"primaryImageOfPage":{"@id":"https:\/\/cablepullingmachines.com\/de\/kabeltrommel-anhanger\/hydraulische-kabeltrommel-anhanger\/hydraulischer-kabeltrommel-anhanger-7ton\/#primaryimage"},"image":{"@id":"https:\/\/cablepullingmachines.com\/de\/kabeltrommel-anhanger\/hydraulische-kabeltrommel-anhanger\/hydraulischer-kabeltrommel-anhanger-7ton\/#primaryimage"},"thumbnailUrl":"https:\/\/cablepullingmachines.com\/wp-content\/uploads\/2025\/02\/Hydraulic-Cable-Drum-Trailers-7-tons-2.webp","datePublished":"2024-09-19T12:12:05+00:00","dateModified":"2024-09-19T17:43:58+00:00","description":"Hydraulischer Kabeltrommel-Anh\u00e4nger 7TON - Cable Pulling Machines Manufacturer","breadcrumb":{"@id":"https:\/\/cablepullingmachines.com\/de\/kabeltrommel-anhanger\/hydraulische-kabeltrommel-anhanger\/hydraulischer-kabeltrommel-anhanger-7ton\/#breadcrumb"},"inLanguage":"de","potentialAction":[{"@type":"ReadAction","target":["https:\/\/cablepullingmachines.com\/de\/kabeltrommel-anhanger\/hydraulische-kabeltrommel-anhanger\/hydraulischer-kabeltrommel-anhanger-7ton\/"]}]},{"@type":"ImageObject","inLanguage":"de","@id":"https:\/\/cablepullingmachines.com\/de\/kabeltrommel-anhanger\/hydraulische-kabeltrommel-anhanger\/hydraulischer-kabeltrommel-anhanger-7ton\/#primaryimage","url":"https:\/\/cablepullingmachines.com\/wp-content\/uploads\/2025\/02\/Hydraulic-Cable-Drum-Trailers-7-tons-2.webp","contentUrl":"https:\/\/cablepullingmachines.com\/wp-content\/uploads\/2025\/02\/Hydraulic-Cable-Drum-Trailers-7-tons-2.webp","width":700,"height":504,"caption":"Hydraulic Cable Drum Trailers 7 tons"},{"@type":"BreadcrumbList","@id":"https:\/\/cablepullingmachines.com\/de\/kabeltrommel-anhanger\/hydraulische-kabeltrommel-anhanger\/hydraulischer-kabeltrommel-anhanger-7ton\/#breadcrumb","itemListElement":[{"@type":"ListItem","position":1,"name":"Home","item":"https:\/\/cablepullingmachines.com\/de\/a\/"},{"@type":"ListItem","position":2,"name":"Kabeltrommel-Anh\u00e4nger","item":"https:\/\/cablepullingmachines.com\/de\/?page_id=4733"},{"@type":"ListItem","position":3,"name":"Hydraulische Kabeltrommel-Anh\u00e4nger","item":"https:\/\/cablepullingmachines.com\/de\/kabeltrommel-anhanger\/hydraulische-kabeltrommel-anhanger\/"},{"@type":"ListItem","position":4,"name":"Hydraulischer Kabeltrommel-Anh\u00e4nger 7TON"}]},{"@type":"WebSite","@id":"https:\/\/cablepullingmachines.com\/#website","url":"https:\/\/cablepullingmachines.com\/","name":"Cable Pulling Machines and Cable Drum Trailers","description":"Cable Pulling Machines, Winches, Cable Drum Trailers","publisher":{"@id":"https:\/\/cablepullingmachines.com\/#organization"},"alternateName":"Cable Drum Trailers Manufacturer","potentialAction":[{"@type":"SearchAction","target":{"@type":"EntryPoint","urlTemplate":"https:\/\/cablepullingmachines.com\/?s={search_term_string}"},"query-input":{"@type":"PropertyValueSpecification","valueRequired":true,"valueName":"search_term_string"}}],"inLanguage":"de"},{"@type":"Organization","@id":"https:\/\/cablepullingmachines.com\/#organization","name":"Allame Makina Ltd Sti","alternateName":"Cable Drum Trailers Manufacturer","url":"https:\/\/cablepullingmachines.com\/","logo":{"@type":"ImageObject","inLanguage":"de","@id":"https:\/\/cablepullingmachines.com\/#\/schema\/logo\/image\/","url":"https:\/\/cablepullingmachines.com\/wp-content\/uploads\/2015\/10\/logo.jpg","contentUrl":"https:\/\/cablepullingmachines.com\/wp-content\/uploads\/2015\/10\/logo.jpg","width":300,"height":140,"caption":"Allame Makina Ltd Sti"},"image":{"@id":"https:\/\/cablepullingmachines.com\/#\/schema\/logo\/image\/"},"sameAs":["https:\/\/www.facebook.com\/cablepullingmachines","https:\/\/www.linkedin.com\/company\/cablepullingmachines","https:\/\/www.youtube.com\/@CablePullingMachines","https:\/\/www.instagram.com\/cablepullingmachines"],"description":"Cable laying products manufacturer from Turkiye. Cable Pulling Machines and Cable Drum Trailers Producer.","email":"erkangok@allame.net","telephone":"+905337789941","legalName":"SKYPULLTECH","foundingDate":"1999-02-12","vatID":"0550635748","iso6523Code":"1555ALL2025","numberOfEmployees":{"@type":"QuantitativeValue","minValue":"11","maxValue":"50"}}]}},"amp_enabled":true,"_links":{"self":[{"href":"https:\/\/cablepullingmachines.com\/de\/wp-json\/wp\/v2\/pages\/4634","targetHints":{"allow":["GET"]}}],"collection":[{"href":"https:\/\/cablepullingmachines.com\/de\/wp-json\/wp\/v2\/pages"}],"about":[{"href":"https:\/\/cablepullingmachines.com\/de\/wp-json\/wp\/v2\/types\/page"}],"author":[{"embeddable":true,"href":"https:\/\/cablepullingmachines.com\/de\/wp-json\/wp\/v2\/users\/1"}],"replies":[{"embeddable":true,"href":"https:\/\/cablepullingmachines.com\/de\/wp-json\/wp\/v2\/comments?post=4634"}],"version-history":[{"count":0,"href":"https:\/\/cablepullingmachines.com\/de\/wp-json\/wp\/v2\/pages\/4634\/revisions"}],"up":[{"embeddable":true,"href":"https:\/\/cablepullingmachines.com\/de\/wp-json\/wp\/v2\/pages\/4785"}],"wp:featuredmedia":[{"embeddable":true,"href":"https:\/\/cablepullingmachines.com\/de\/wp-json\/wp\/v2\/media\/5873"}],"wp:attachment":[{"href":"https:\/\/cablepullingmachines.com\/de\/wp-json\/wp\/v2\/media?parent=4634"}],"curies":[{"name":"wp","href":"https:\/\/api.w.org\/{rel}","templated":true}]}}