{"id":4590,"date":"2024-09-19T12:11:52","date_gmt":"2024-09-19T12:11:52","guid":{"rendered":"https:\/\/cablepullingmachines.com\/mini-glasfaserkabel-einblasmaschinen\/"},"modified":"2024-09-19T12:11:54","modified_gmt":"2024-09-19T12:11:54","slug":"mini-glasfaserkabel-einblasmaschinen","status":"publish","type":"page","link":"https:\/\/cablepullingmachines.com\/de\/kabel-einblasmaschinen\/mini-glasfaserkabel-einblasmaschinen\/","title":{"rendered":"Mini-Glasfaserkabel-Einblasmaschinen"},"content":{"rendered":"<h1>Mini-Glasfaserkabel-Einblasmaschinen<\/h1>\n<p>  Wenn Sie ein Glasfaserkabel mit einem Durchmesser zwischen 4 mm und 12 mm haben und es in einen Kanal einblasen m\u00f6chten, ist die einfachste Art, dies zu tun, der Einsatz von <em><strong>MINISKY<\/strong> <\/em>der \u00fcber eine Palette (Band) f\u00fcr 2,5 mm bis 12 mm Glasfaserkabel verf\u00fcgt und mit einem Motor zum Einblasen von Kabeln und Rohren betrieben wird.  <figure id=\"attachment_2246\" aria-describedby=\"caption-attachment-2246\" style=\"width: 1000px\" class=\"wp-caption alignleft\"><img decoding=\"async\" class=\"size-full wp-image-2246 lazyload\" data-src=\"https:\/\/cablepullingmachines.com\/wp-content\/uploads\/2020\/09\/MiniSKY.png\" alt=\"MiniSKY Fiber Kabel Einblasmaschine\" width=\"1000\" height=\"667\" data-srcset=\"https:\/\/cablepullingmachines.com\/wp-content\/uploads\/2020\/09\/MiniSKY.png 1000w, https:\/\/cablepullingmachines.com\/wp-content\/uploads\/2020\/09\/MiniSKY-300x200.png 300w, https:\/\/cablepullingmachines.com\/wp-content\/uploads\/2020\/09\/MiniSKY-768x512.png 768w, https:\/\/cablepullingmachines.com\/wp-content\/uploads\/2020\/09\/MiniSKY-705x470.png 705w\" data-sizes=\"(max-width: 1000px) 100vw, 1000px\" src=\"data:image\/svg+xml;base64,PHN2ZyB3aWR0aD0iMSIgaGVpZ2h0PSIxIiB4bWxucz0iaHR0cDovL3d3dy53My5vcmcvMjAwMC9zdmciPjwvc3ZnPg==\" style=\"--smush-placeholder-width: 1000px; --smush-placeholder-aspect-ratio: 1000\/667;\" \/><figcaption id=\"caption-attachment-2246\" class=\"wp-caption-text\">MiniSKY Fiber Kabel Einblasmaschine<\/figcaption><\/figure>  Diese Maschine wird von einem einzigen Techniker gesteuert und erzeugt einen niedrigen Ger\u00e4uschpegel.<br \/>\nUnser <strong>MINISKY<\/strong> kann Kabel in zwei Richtungen vorw\u00e4rts und r\u00fcckw\u00e4rts blasen.<br \/>\nDie Aufw\u00e4rts- und Abw\u00e4rtsbewegung der Kabelschubriemen wird durch einen pneumatischen Kolben gesteuert und der Druck durch einen Regler reguliert.<br \/>\nDiese Maschine ist sehr einfach zu bedienen, der Kabelschieberriemen kann leicht gewechselt werden und auch die Kabelausrichtungsteile k\u00f6nnen leicht ausgetauscht werden.<br \/>\n<em><strong>MINISKY<\/strong> <\/em>ist sehr solide und hat eine erstklassige Qualit\u00e4t. Daf\u00fcr gibt es viele Gr\u00fcnde, wie z.B. die Schutzabdeckung aus rostfreiem Stahl und den Maschinenkasten aus rostfreiem Stahl. Au\u00dferdem verf\u00fcgt sie \u00fcber ein Luftschmiersystem mit dem FESTO-Zeichen, ein Ventil mit dem MINDMAN-Zeichen und eine mechanische Anzeige mit dem ELESA-Zeichen.      &nbsp;  Das Einblasen der Kabel mit dem <em><strong>MINISKY<\/strong> <\/em>ist sicher, da er automatisch stoppt, bevor das Kabel rei\u00dft. Au\u00dferdem verf\u00fcgt er \u00fcber einen mechanischen Kabelmesser, um die Entfernung zu messen, die das Kabel zur\u00fcckgelegt hat, sowie \u00fcber ein Ventil zum Ablassen der Druckluft.  &nbsp;  Mit<br \/>\n<em><strong>MINISKY<\/strong><\/em>erhalten Sie neben dem Schnellanschlussteil auch Handwerkzeuge mit Softbag und eine Dose Luftschmier\u00f6l. Hier finden Sie die technischen Daten:   <\/p>\n<ul>\n<li>MINISKYK: <em><strong>MINI-GLASFASERKABEL-EINBLASMASCHINE <\/strong><\/em> <\/li>\n<li>KONTROLLE DURCH TECHNIKER.<\/li>\n<li>KANALDURCHMESSER =10 MM BIS 40 MM.<\/li>\n<li>KABELDURCHMESSER = 2,5 MM BIS 12 MM.<\/li>\n<li>BEN\u00d6TIGTE LUFT= MINDESTENS 15 BAR &#8211; 2 MESSBECHER \/ MINUTE.<\/li>\n<li>MASSE= 44CM X 36 CM X 59 CM<\/li>\n<li>GEWICHT = 50 KG<\/li>\n<li>GESCHWINDIGKEIT DER KABELVERLEGUNG =0-30-50 METER \/ MINUTE<\/li>\n<li>RICHTUNG = VORW\u00c4RTS UND R\u00dcCKW\u00c4RTS<\/li>\n<\/ul>\n<figure id=\"attachment_2247\" aria-describedby=\"caption-attachment-2247\" style=\"width: 600px\" class=\"wp-caption alignleft\"><img decoding=\"async\" class=\"size-full wp-image-2247 lazyload\" data-src=\"https:\/\/cablepullingmachines.com\/wp-content\/uploads\/2020\/09\/Cable-blowing-machine-MiniSKY.jpg\" alt=\"Kabel-Einblasmaschine MiniSKY\" width=\"600\" height=\"400\" data-srcset=\"https:\/\/cablepullingmachines.com\/wp-content\/uploads\/2020\/09\/Cable-blowing-machine-MiniSKY.jpg 600w, https:\/\/cablepullingmachines.com\/wp-content\/uploads\/2020\/09\/Cable-blowing-machine-MiniSKY-300x200.jpg 300w\" data-sizes=\"(max-width: 600px) 100vw, 600px\" src=\"data:image\/svg+xml;base64,PHN2ZyB3aWR0aD0iMSIgaGVpZ2h0PSIxIiB4bWxucz0iaHR0cDovL3d3dy53My5vcmcvMjAwMC9zdmciPjwvc3ZnPg==\" style=\"--smush-placeholder-width: 600px; --smush-placeholder-aspect-ratio: 600\/400;\" \/><figcaption id=\"caption-attachment-2247\" class=\"wp-caption-text\">Kabel-Einblasmaschine MiniSKY<\/figcaption><\/figure>\n<p><img decoding=\"async\" class=\"alignleft size-full wp-image-2248 lazyload\" data-src=\"https:\/\/cablepullingmachines.com\/wp-content\/uploads\/2020\/09\/MiniSKY-cable-blowing-machine.jpg\" alt=\"\" width=\"600\" height=\"400\" data-srcset=\"https:\/\/cablepullingmachines.com\/wp-content\/uploads\/2020\/09\/MiniSKY-cable-blowing-machine.jpg 600w, https:\/\/cablepullingmachines.com\/wp-content\/uploads\/2020\/09\/MiniSKY-cable-blowing-machine-300x200.jpg 300w\" data-sizes=\"(max-width: 600px) 100vw, 600px\" src=\"data:image\/svg+xml;base64,PHN2ZyB3aWR0aD0iMSIgaGVpZ2h0PSIxIiB4bWxucz0iaHR0cDovL3d3dy53My5vcmcvMjAwMC9zdmciPjwvc3ZnPg==\" style=\"--smush-placeholder-width: 600px; --smush-placeholder-aspect-ratio: 600\/400;\" \/><\/p>\n","protected":false},"excerpt":{"rendered":"<p>Mini-Glasfaserkabel-Einblasmaschinen Wenn Sie ein Glasfaserkabel mit einem Durchmesser zwischen 4 mm und 12 mm haben und es in einen Kanal einblasen m\u00f6chten, ist die einfachste Art, dies zu tun, der Einsatz von MINISKY der \u00fcber eine Palette (Band) f\u00fcr 2,5 mm bis 12 mm Glasfaserkabel verf\u00fcgt und mit einem Motor zum Einblasen von Kabeln und<\/p>\n","protected":false},"author":1,"featured_media":4277,"parent":4602,"menu_order":0,"comment_status":"closed","ping_status":"closed","template":"","meta":{"_joinchat":[],"footnotes":""},"class_list":["post-4590","page","type-page","status-publish","has-post-thumbnail","hentry"],"yoast_head":"<!-- This site is optimized with the Yoast SEO Premium plugin v26.8 (Yoast SEO v27.0) - https:\/\/yoast.com\/product\/yoast-seo-premium-wordpress\/ -->\n<title>Mini-Glasfaserkabel-Einblasmaschinen - Cable Pulling Machines Manufacturer<\/title>\n<meta name=\"description\" content=\"Mini-Glasfaserkabel-Einblasmaschinen - Cable Pulling Machines Manufacturer\" \/>\n<meta name=\"robots\" content=\"index, follow, max-snippet:-1, max-image-preview:large, max-video-preview:-1\" \/>\n<link rel=\"canonical\" href=\"https:\/\/cablepullingmachines.com\/de\/?page_id=4590\" \/>\n<meta property=\"og:locale\" content=\"de_DE\" \/>\n<meta property=\"og:type\" content=\"article\" \/>\n<meta property=\"og:title\" content=\"Mini-Glasfaserkabel-Einblasmaschinen\" \/>\n<meta property=\"og:description\" content=\"Mini-Glasfaserkabel-Einblasmaschinen - Cable Pulling Machines Manufacturer\" \/>\n<meta property=\"og:url\" content=\"https:\/\/cablepullingmachines.com\/de\/?page_id=4590\" \/>\n<meta property=\"og:site_name\" content=\"Cable Pulling Machines Manufacturer\" \/>\n<meta property=\"article:publisher\" content=\"https:\/\/www.facebook.com\/cablepullingmachines\" \/>\n<meta property=\"article:modified_time\" content=\"2024-09-19T12:11:54+00:00\" \/>\n<meta property=\"og:image\" content=\"https:\/\/i0.wp.com\/cablepullingmachines.com\/wp-content\/uploads\/2020\/09\/MiniSKY.png?fit=1000%2C667&ssl=1\" \/>\n\t<meta property=\"og:image:width\" content=\"1000\" \/>\n\t<meta property=\"og:image:height\" content=\"667\" \/>\n\t<meta property=\"og:image:type\" content=\"image\/png\" \/>\n<meta name=\"twitter:card\" content=\"summary_large_image\" \/>\n<meta name=\"twitter:label1\" content=\"Gesch\u00e4tzte Lesezeit\" \/>\n\t<meta name=\"twitter:data1\" content=\"2\u00a0Minuten\" \/>\n<script type=\"application\/ld+json\" class=\"yoast-schema-graph\">{\"@context\":\"https:\/\/schema.org\",\"@graph\":[{\"@type\":\"WebPage\",\"@id\":\"https:\/\/cablepullingmachines.com\/de\/?page_id=4590\",\"url\":\"https:\/\/cablepullingmachines.com\/de\/?page_id=4590\",\"name\":\"Mini-Glasfaserkabel-Einblasmaschinen - Cable Pulling Machines Manufacturer\",\"isPartOf\":{\"@id\":\"https:\/\/cablepullingmachines.com\/#website\"},\"primaryImageOfPage\":{\"@id\":\"https:\/\/cablepullingmachines.com\/de\/?page_id=4590#primaryimage\"},\"image\":{\"@id\":\"https:\/\/cablepullingmachines.com\/de\/?page_id=4590#primaryimage\"},\"thumbnailUrl\":\"https:\/\/cablepullingmachines.com\/wp-content\/uploads\/2020\/09\/MiniSKY.png\",\"datePublished\":\"2024-09-19T12:11:52+00:00\",\"dateModified\":\"2024-09-19T12:11:54+00:00\",\"description\":\"Mini-Glasfaserkabel-Einblasmaschinen - Cable Pulling Machines Manufacturer\",\"breadcrumb\":{\"@id\":\"https:\/\/cablepullingmachines.com\/de\/?page_id=4590#breadcrumb\"},\"inLanguage\":\"de\",\"potentialAction\":[{\"@type\":\"ReadAction\",\"target\":[\"https:\/\/cablepullingmachines.com\/de\/?page_id=4590\"]}]},{\"@type\":\"ImageObject\",\"inLanguage\":\"de\",\"@id\":\"https:\/\/cablepullingmachines.com\/de\/?page_id=4590#primaryimage\",\"url\":\"https:\/\/cablepullingmachines.com\/wp-content\/uploads\/2020\/09\/MiniSKY.png\",\"contentUrl\":\"https:\/\/cablepullingmachines.com\/wp-content\/uploads\/2020\/09\/MiniSKY.png\",\"width\":1000,\"height\":667,\"caption\":\"MiniSKY Fiber cable blowing machine\"},{\"@type\":\"BreadcrumbList\",\"@id\":\"https:\/\/cablepullingmachines.com\/de\/?page_id=4590#breadcrumb\",\"itemListElement\":[{\"@type\":\"ListItem\",\"position\":1,\"name\":\"Home\",\"item\":\"https:\/\/cablepullingmachines.com\/de\/a\/\"},{\"@type\":\"ListItem\",\"position\":2,\"name\":\"Mini-Glasfaserkabel-Einblasmaschinen\"}]},{\"@type\":\"WebSite\",\"@id\":\"https:\/\/cablepullingmachines.com\/#website\",\"url\":\"https:\/\/cablepullingmachines.com\/\",\"name\":\"Cable Pulling Machines and Cable Drum Trailers\",\"description\":\"Cable Pulling Machines, Winches, Cable Drum Trailers\",\"publisher\":{\"@id\":\"https:\/\/cablepullingmachines.com\/#organization\"},\"alternateName\":\"Cable Drum Trailers Manufacturer\",\"potentialAction\":[{\"@type\":\"SearchAction\",\"target\":{\"@type\":\"EntryPoint\",\"urlTemplate\":\"https:\/\/cablepullingmachines.com\/?s={search_term_string}\"},\"query-input\":{\"@type\":\"PropertyValueSpecification\",\"valueRequired\":true,\"valueName\":\"search_term_string\"}}],\"inLanguage\":\"de\"},{\"@type\":\"Organization\",\"@id\":\"https:\/\/cablepullingmachines.com\/#organization\",\"name\":\"Allame Makina Ltd Sti\",\"alternateName\":\"Cable Drum Trailers Manufacturer\",\"url\":\"https:\/\/cablepullingmachines.com\/\",\"logo\":{\"@type\":\"ImageObject\",\"inLanguage\":\"de\",\"@id\":\"https:\/\/cablepullingmachines.com\/#\/schema\/logo\/image\/\",\"url\":\"https:\/\/cablepullingmachines.com\/wp-content\/uploads\/2015\/10\/logo.jpg\",\"contentUrl\":\"https:\/\/cablepullingmachines.com\/wp-content\/uploads\/2015\/10\/logo.jpg\",\"width\":300,\"height\":140,\"caption\":\"Allame Makina Ltd Sti\"},\"image\":{\"@id\":\"https:\/\/cablepullingmachines.com\/#\/schema\/logo\/image\/\"},\"sameAs\":[\"https:\/\/www.facebook.com\/cablepullingmachines\",\"https:\/\/www.linkedin.com\/company\/cablepullingmachines\",\"https:\/\/www.youtube.com\/@CablePullingMachines\",\"https:\/\/www.instagram.com\/cablepullingmachines\"],\"description\":\"Cable laying products manufacturer from Turkiye. Cable Pulling Machines and Cable Drum Trailers Producer.\",\"email\":\"erkangok@allame.net\",\"telephone\":\"+905337789941\",\"legalName\":\"SKYPULLTECH\",\"foundingDate\":\"1999-02-12\",\"vatID\":\"0550635748\",\"iso6523Code\":\"1555ALL2025\",\"numberOfEmployees\":{\"@type\":\"QuantitativeValue\",\"minValue\":\"11\",\"maxValue\":\"50\"}}]}<\/script>\n<!-- \/ Yoast SEO Premium plugin. -->","yoast_head_json":{"title":"Mini-Glasfaserkabel-Einblasmaschinen - Cable Pulling Machines Manufacturer","description":"Mini-Glasfaserkabel-Einblasmaschinen - Cable Pulling Machines Manufacturer","robots":{"index":"index","follow":"follow","max-snippet":"max-snippet:-1","max-image-preview":"max-image-preview:large","max-video-preview":"max-video-preview:-1"},"canonical":"https:\/\/cablepullingmachines.com\/de\/?page_id=4590","og_locale":"de_DE","og_type":"article","og_title":"Mini-Glasfaserkabel-Einblasmaschinen","og_description":"Mini-Glasfaserkabel-Einblasmaschinen - Cable Pulling Machines Manufacturer","og_url":"https:\/\/cablepullingmachines.com\/de\/?page_id=4590","og_site_name":"Cable Pulling Machines Manufacturer","article_publisher":"https:\/\/www.facebook.com\/cablepullingmachines","article_modified_time":"2024-09-19T12:11:54+00:00","og_image":[{"width":1000,"height":667,"url":"https:\/\/i0.wp.com\/cablepullingmachines.com\/wp-content\/uploads\/2020\/09\/MiniSKY.png?fit=1000%2C667&ssl=1","type":"image\/png"}],"twitter_card":"summary_large_image","twitter_misc":{"Gesch\u00e4tzte Lesezeit":"2\u00a0Minuten"},"schema":{"@context":"https:\/\/schema.org","@graph":[{"@type":"WebPage","@id":"https:\/\/cablepullingmachines.com\/de\/?page_id=4590","url":"https:\/\/cablepullingmachines.com\/de\/?page_id=4590","name":"Mini-Glasfaserkabel-Einblasmaschinen - Cable Pulling Machines Manufacturer","isPartOf":{"@id":"https:\/\/cablepullingmachines.com\/#website"},"primaryImageOfPage":{"@id":"https:\/\/cablepullingmachines.com\/de\/?page_id=4590#primaryimage"},"image":{"@id":"https:\/\/cablepullingmachines.com\/de\/?page_id=4590#primaryimage"},"thumbnailUrl":"https:\/\/cablepullingmachines.com\/wp-content\/uploads\/2020\/09\/MiniSKY.png","datePublished":"2024-09-19T12:11:52+00:00","dateModified":"2024-09-19T12:11:54+00:00","description":"Mini-Glasfaserkabel-Einblasmaschinen - Cable Pulling Machines Manufacturer","breadcrumb":{"@id":"https:\/\/cablepullingmachines.com\/de\/?page_id=4590#breadcrumb"},"inLanguage":"de","potentialAction":[{"@type":"ReadAction","target":["https:\/\/cablepullingmachines.com\/de\/?page_id=4590"]}]},{"@type":"ImageObject","inLanguage":"de","@id":"https:\/\/cablepullingmachines.com\/de\/?page_id=4590#primaryimage","url":"https:\/\/cablepullingmachines.com\/wp-content\/uploads\/2020\/09\/MiniSKY.png","contentUrl":"https:\/\/cablepullingmachines.com\/wp-content\/uploads\/2020\/09\/MiniSKY.png","width":1000,"height":667,"caption":"MiniSKY Fiber cable blowing machine"},{"@type":"BreadcrumbList","@id":"https:\/\/cablepullingmachines.com\/de\/?page_id=4590#breadcrumb","itemListElement":[{"@type":"ListItem","position":1,"name":"Home","item":"https:\/\/cablepullingmachines.com\/de\/a\/"},{"@type":"ListItem","position":2,"name":"Mini-Glasfaserkabel-Einblasmaschinen"}]},{"@type":"WebSite","@id":"https:\/\/cablepullingmachines.com\/#website","url":"https:\/\/cablepullingmachines.com\/","name":"Cable Pulling Machines and Cable Drum Trailers","description":"Cable Pulling Machines, Winches, Cable Drum Trailers","publisher":{"@id":"https:\/\/cablepullingmachines.com\/#organization"},"alternateName":"Cable Drum Trailers Manufacturer","potentialAction":[{"@type":"SearchAction","target":{"@type":"EntryPoint","urlTemplate":"https:\/\/cablepullingmachines.com\/?s={search_term_string}"},"query-input":{"@type":"PropertyValueSpecification","valueRequired":true,"valueName":"search_term_string"}}],"inLanguage":"de"},{"@type":"Organization","@id":"https:\/\/cablepullingmachines.com\/#organization","name":"Allame Makina Ltd Sti","alternateName":"Cable Drum Trailers Manufacturer","url":"https:\/\/cablepullingmachines.com\/","logo":{"@type":"ImageObject","inLanguage":"de","@id":"https:\/\/cablepullingmachines.com\/#\/schema\/logo\/image\/","url":"https:\/\/cablepullingmachines.com\/wp-content\/uploads\/2015\/10\/logo.jpg","contentUrl":"https:\/\/cablepullingmachines.com\/wp-content\/uploads\/2015\/10\/logo.jpg","width":300,"height":140,"caption":"Allame Makina Ltd Sti"},"image":{"@id":"https:\/\/cablepullingmachines.com\/#\/schema\/logo\/image\/"},"sameAs":["https:\/\/www.facebook.com\/cablepullingmachines","https:\/\/www.linkedin.com\/company\/cablepullingmachines","https:\/\/www.youtube.com\/@CablePullingMachines","https:\/\/www.instagram.com\/cablepullingmachines"],"description":"Cable laying products manufacturer from Turkiye. Cable Pulling Machines and Cable Drum Trailers Producer.","email":"erkangok@allame.net","telephone":"+905337789941","legalName":"SKYPULLTECH","foundingDate":"1999-02-12","vatID":"0550635748","iso6523Code":"1555ALL2025","numberOfEmployees":{"@type":"QuantitativeValue","minValue":"11","maxValue":"50"}}]}},"amp_enabled":true,"_links":{"self":[{"href":"https:\/\/cablepullingmachines.com\/de\/wp-json\/wp\/v2\/pages\/4590","targetHints":{"allow":["GET"]}}],"collection":[{"href":"https:\/\/cablepullingmachines.com\/de\/wp-json\/wp\/v2\/pages"}],"about":[{"href":"https:\/\/cablepullingmachines.com\/de\/wp-json\/wp\/v2\/types\/page"}],"author":[{"embeddable":true,"href":"https:\/\/cablepullingmachines.com\/de\/wp-json\/wp\/v2\/users\/1"}],"replies":[{"embeddable":true,"href":"https:\/\/cablepullingmachines.com\/de\/wp-json\/wp\/v2\/comments?post=4590"}],"version-history":[{"count":0,"href":"https:\/\/cablepullingmachines.com\/de\/wp-json\/wp\/v2\/pages\/4590\/revisions"}],"up":[{"embeddable":true,"href":"https:\/\/cablepullingmachines.com\/de\/wp-json\/wp\/v2\/pages\/4602"}],"wp:featuredmedia":[{"embeddable":true,"href":"https:\/\/cablepullingmachines.com\/de\/wp-json\/wp\/v2\/media\/4277"}],"wp:attachment":[{"href":"https:\/\/cablepullingmachines.com\/de\/wp-json\/wp\/v2\/media?parent=4590"}],"curies":[{"name":"wp","href":"https:\/\/api.w.org\/{rel}","templated":true}]}}