{"id":4580,"date":"2024-09-19T12:11:48","date_gmt":"2024-09-19T12:11:48","guid":{"rendered":"https:\/\/cablepullingmachines.com\/mikro-glasfaserkabel-einblasmaschinen\/"},"modified":"2024-09-19T12:11:55","modified_gmt":"2024-09-19T12:11:55","slug":"mikro-glasfaserkabel-einblasmaschinen","status":"publish","type":"page","link":"https:\/\/cablepullingmachines.com\/de\/kabel-einblasmaschinen\/mikro-glasfaserkabel-einblasmaschinen\/","title":{"rendered":"Mikro-Glasfaserkabel-Einblasmaschinen"},"content":{"rendered":"<h1>Mikro-Glasfaserkabel-Einblasmaschinen<\/h1>\n<figure id=\"attachment_2242\" aria-describedby=\"caption-attachment-2242\" style=\"width: 400px\" class=\"wp-caption alignleft\"><img decoding=\"async\" class=\"size-full wp-image-2242 lazyload\" data-src=\"https:\/\/cablepullingmachines.com\/wp-content\/uploads\/2020\/09\/Fiber-blowing-machine.png\" alt=\"Faserblasmaschine\" width=\"400\" height=\"512\" data-srcset=\"https:\/\/cablepullingmachines.com\/wp-content\/uploads\/2020\/09\/Fiber-blowing-machine.png 400w, https:\/\/cablepullingmachines.com\/wp-content\/uploads\/2020\/09\/Fiber-blowing-machine-234x300.png 234w\" data-sizes=\"(max-width: 400px) 100vw, 400px\" src=\"data:image\/svg+xml;base64,PHN2ZyB3aWR0aD0iMSIgaGVpZ2h0PSIxIiB4bWxucz0iaHR0cDovL3d3dy53My5vcmcvMjAwMC9zdmciPjwvc3ZnPg==\" style=\"--smush-placeholder-width: 400px; --smush-placeholder-aspect-ratio: 400\/512;\" \/><figcaption id=\"caption-attachment-2242\" class=\"wp-caption-text\">Faserblasmaschine<\/figcaption><\/figure>\n<p><figure id=\"attachment_2243\" aria-describedby=\"caption-attachment-2243\" style=\"width: 1000px\" class=\"wp-caption alignleft\"><img decoding=\"async\" class=\"wp-image-2243 size-full lazyload\" data-src=\"https:\/\/cablepullingmachines.com\/wp-content\/uploads\/2020\/09\/Cable-Blowing-Machine.png\" alt=\"Kabel Einblasmaschine\" width=\"1000\" height=\"1030\" data-srcset=\"https:\/\/cablepullingmachines.com\/wp-content\/uploads\/2020\/09\/Cable-Blowing-Machine.png 1000w, https:\/\/cablepullingmachines.com\/wp-content\/uploads\/2020\/09\/Cable-Blowing-Machine-291x300.png 291w, https:\/\/cablepullingmachines.com\/wp-content\/uploads\/2020\/09\/Cable-Blowing-Machine-768x791.png 768w, https:\/\/cablepullingmachines.com\/wp-content\/uploads\/2020\/09\/Cable-Blowing-Machine-36x36.png 36w, https:\/\/cablepullingmachines.com\/wp-content\/uploads\/2020\/09\/Cable-Blowing-Machine-684x705.png 684w\" data-sizes=\"(max-width: 1000px) 100vw, 1000px\" src=\"data:image\/svg+xml;base64,PHN2ZyB3aWR0aD0iMSIgaGVpZ2h0PSIxIiB4bWxucz0iaHR0cDovL3d3dy53My5vcmcvMjAwMC9zdmciPjwvc3ZnPg==\" style=\"--smush-placeholder-width: 1000px; --smush-placeholder-aspect-ratio: 1000\/1030;\" \/><figcaption id=\"caption-attachment-2243\" class=\"wp-caption-text\">Kabel Einblasmaschine<\/figcaption><\/figure>  MICROSKY MACHINES &#8211;  <em><strong>Einblasmaschinen f\u00fcr Mikroglasfaserkabel<\/strong><\/em>  Glasfaserkabel Durchmesserbereich : 3mm-6mm MicroSKY, Microjet, Faserinstallation,Allame Makina Gurtgruppen (Paletten) :1mm-6mm Kanalgruppen :Einstellbar f\u00fcr Ihre Anfrage. Die MicroSKY-Maschine wurde f\u00fcr kleine Durchmesser von Glasfaserkabeln entwickelt. Kabeldurchmesser zwischen 1mm und 6mm. Einfaches Einblasverfahren f\u00fcr Mikrokabel. Wir haben 2 Arten von Kabelblasmaschinen f\u00fcr Mikrokabel. 1- MicroSKY 2- DynoSKY MicroFOK : Mikro-Glasfaserkabel-Einblasmaschinen STEUERUNG : Durch einen Techniker BEN\u00d6TIGTE LUFT : 15 bar 1 m\u00b3\/min.(Minimum) Abmessungen : 33cm x 27cm x 46cm Gewicht : 20kg MicroSKY OUR IST DER EXKLUSIVE AUTORISIERTE HERSTELLER UND VERK\u00c4UFER VON FASEROPTIKKABEL-Einblasmaschinen (SKYJET) IN DER WELT. ALLAME LTD STI HAT DAS PATENT F\u00dcR DAS SPEZIELLE SKYJET DESIGN. ALLE SUBUNTERNEHMER VON UNTERNEHMEN BENUTZEN UNSERE SKYJET MASCHINEN. WIR VERBESSERN UNSERE MASCHINE MIT DEN R\u00dcCKMELDUNGEN DER SKYJET BENUTZER. SEIT 1999 MACHEN WIR SIE F\u00dcR UNSERE KUNDEN NOCH N\u00dcTZLICHER. IM LETZTEN PROJEKT NAMENS TELECOM IN DER T\u00dcRKEI WURDEN MEHR ALS 9.000 KM GLASFASERKABEL MIT UNSEREN MASCHINEN INSTALLIERT. WIR M\u00d6CHTEN UNSERE MASCHINEN MIT DER GANZEN WELT TEILEN.  <span style=\"color: #ffffff;\">Tags: <strong>Mikro-Glasfaserkabel-Einblasmaschinen<\/strong><\/span><\/p>\n","protected":false},"excerpt":{"rendered":"<p>Mikro-Glasfaserkabel-Einblasmaschinen MICROSKY MACHINES &#8211; Einblasmaschinen f\u00fcr Mikroglasfaserkabel Glasfaserkabel Durchmesserbereich : 3mm-6mm MicroSKY, Microjet, Faserinstallation,Allame Makina Gurtgruppen (Paletten) :1mm-6mm Kanalgruppen :Einstellbar f\u00fcr Ihre Anfrage. Die MicroSKY-Maschine wurde f\u00fcr kleine Durchmesser von Glasfaserkabeln entwickelt. Kabeldurchmesser zwischen 1mm und 6mm. Einfaches Einblasverfahren f\u00fcr Mikrokabel. Wir haben 2 Arten von Kabelblasmaschinen f\u00fcr Mikrokabel. 1- MicroSKY 2- DynoSKY MicroFOK :<\/p>\n","protected":false},"author":1,"featured_media":4271,"parent":4602,"menu_order":0,"comment_status":"closed","ping_status":"closed","template":"","meta":{"_joinchat":[],"footnotes":""},"class_list":["post-4580","page","type-page","status-publish","has-post-thumbnail","hentry"],"yoast_head":"<!-- This site is optimized with the Yoast SEO Premium plugin v27.4 (Yoast SEO v27.4) - https:\/\/yoast.com\/product\/yoast-seo-premium-wordpress\/ -->\n<title>Mikro-Glasfaserkabel-Einblasmaschinen - Cable Pulling Machines Manufacturer<\/title>\n<meta name=\"description\" content=\"Mikro-Glasfaserkabel-Einblasmaschinen - Cable Pulling Machines Manufacturer\" \/>\n<meta name=\"robots\" content=\"index, follow, max-snippet:-1, max-image-preview:large, max-video-preview:-1\" \/>\n<link rel=\"canonical\" href=\"https:\/\/cablepullingmachines.com\/de\/?page_id=4580\" \/>\n<meta property=\"og:locale\" content=\"de_DE\" \/>\n<meta property=\"og:type\" content=\"article\" \/>\n<meta property=\"og:title\" content=\"Mikro-Glasfaserkabel-Einblasmaschinen\" \/>\n<meta property=\"og:description\" content=\"Mikro-Glasfaserkabel-Einblasmaschinen - Cable Pulling Machines Manufacturer\" \/>\n<meta property=\"og:url\" content=\"https:\/\/cablepullingmachines.com\/de\/?page_id=4580\" \/>\n<meta property=\"og:site_name\" content=\"Cable Pulling Machines Manufacturer\" \/>\n<meta property=\"article:publisher\" content=\"https:\/\/www.facebook.com\/cablepullingmachines\" \/>\n<meta property=\"article:modified_time\" content=\"2024-09-19T12:11:55+00:00\" \/>\n<meta property=\"og:image\" content=\"https:\/\/i0.wp.com\/cablepullingmachines.com\/wp-content\/uploads\/2020\/09\/Cable-Blowing-Machine.png?fit=1000%2C1030&ssl=1\" \/>\n\t<meta property=\"og:image:width\" content=\"1000\" \/>\n\t<meta property=\"og:image:height\" content=\"1030\" \/>\n\t<meta property=\"og:image:type\" content=\"image\/png\" \/>\n<meta name=\"twitter:card\" content=\"summary_large_image\" \/>\n<meta name=\"twitter:label1\" content=\"Gesch\u00e4tzte Lesezeit\" \/>\n\t<meta name=\"twitter:data1\" content=\"1\u00a0Minute\" \/>\n<script type=\"application\/ld+json\" class=\"yoast-schema-graph\">{\"@context\":\"https:\\\/\\\/schema.org\",\"@graph\":[{\"@type\":\"WebPage\",\"@id\":\"https:\\\/\\\/cablepullingmachines.com\\\/de\\\/?page_id=4580\",\"url\":\"https:\\\/\\\/cablepullingmachines.com\\\/de\\\/?page_id=4580\",\"name\":\"Mikro-Glasfaserkabel-Einblasmaschinen - Cable Pulling Machines Manufacturer\",\"isPartOf\":{\"@id\":\"https:\\\/\\\/cablepullingmachines.com\\\/#website\"},\"primaryImageOfPage\":{\"@id\":\"https:\\\/\\\/cablepullingmachines.com\\\/de\\\/?page_id=4580#primaryimage\"},\"image\":{\"@id\":\"https:\\\/\\\/cablepullingmachines.com\\\/de\\\/?page_id=4580#primaryimage\"},\"thumbnailUrl\":\"https:\\\/\\\/cablepullingmachines.com\\\/wp-content\\\/uploads\\\/2020\\\/09\\\/Cable-Blowing-Machine.png\",\"datePublished\":\"2024-09-19T12:11:48+00:00\",\"dateModified\":\"2024-09-19T12:11:55+00:00\",\"description\":\"Mikro-Glasfaserkabel-Einblasmaschinen - Cable Pulling Machines Manufacturer\",\"breadcrumb\":{\"@id\":\"https:\\\/\\\/cablepullingmachines.com\\\/de\\\/?page_id=4580#breadcrumb\"},\"inLanguage\":\"de\",\"potentialAction\":[{\"@type\":\"ReadAction\",\"target\":[\"https:\\\/\\\/cablepullingmachines.com\\\/de\\\/?page_id=4580\"]}]},{\"@type\":\"ImageObject\",\"inLanguage\":\"de\",\"@id\":\"https:\\\/\\\/cablepullingmachines.com\\\/de\\\/?page_id=4580#primaryimage\",\"url\":\"https:\\\/\\\/cablepullingmachines.com\\\/wp-content\\\/uploads\\\/2020\\\/09\\\/Cable-Blowing-Machine.png\",\"contentUrl\":\"https:\\\/\\\/cablepullingmachines.com\\\/wp-content\\\/uploads\\\/2020\\\/09\\\/Cable-Blowing-Machine.png\",\"width\":1000,\"height\":1030,\"caption\":\"Cable Blowing Machine\"},{\"@type\":\"BreadcrumbList\",\"@id\":\"https:\\\/\\\/cablepullingmachines.com\\\/de\\\/?page_id=4580#breadcrumb\",\"itemListElement\":[{\"@type\":\"ListItem\",\"position\":1,\"name\":\"Home\",\"item\":\"https:\\\/\\\/cablepullingmachines.com\\\/de\\\/a\\\/\"},{\"@type\":\"ListItem\",\"position\":2,\"name\":\"Kabel Einblasmaschinen\",\"item\":\"https:\\\/\\\/cablepullingmachines.com\\\/de\\\/?page_id=4602\"},{\"@type\":\"ListItem\",\"position\":3,\"name\":\"Mikro-Glasfaserkabel-Einblasmaschinen\"}]},{\"@type\":\"WebSite\",\"@id\":\"https:\\\/\\\/cablepullingmachines.com\\\/#website\",\"url\":\"https:\\\/\\\/cablepullingmachines.com\\\/\",\"name\":\"Cable Pulling Machines and Cable Drum Trailers\",\"description\":\"Cable Pulling Machines, Winches, Cable Drum Trailers\",\"publisher\":{\"@id\":\"https:\\\/\\\/cablepullingmachines.com\\\/#organization\"},\"alternateName\":\"Cable Drum Trailers Manufacturer\",\"potentialAction\":[{\"@type\":\"SearchAction\",\"target\":{\"@type\":\"EntryPoint\",\"urlTemplate\":\"https:\\\/\\\/cablepullingmachines.com\\\/?s={search_term_string}\"},\"query-input\":{\"@type\":\"PropertyValueSpecification\",\"valueRequired\":true,\"valueName\":\"search_term_string\"}}],\"inLanguage\":\"de\"},{\"@type\":\"Organization\",\"@id\":\"https:\\\/\\\/cablepullingmachines.com\\\/#organization\",\"name\":\"Allame Makina Ltd Sti\",\"alternateName\":\"Cable Drum Trailers Manufacturer\",\"url\":\"https:\\\/\\\/cablepullingmachines.com\\\/\",\"logo\":{\"@type\":\"ImageObject\",\"inLanguage\":\"de\",\"@id\":\"https:\\\/\\\/cablepullingmachines.com\\\/#\\\/schema\\\/logo\\\/image\\\/\",\"url\":\"https:\\\/\\\/cablepullingmachines.com\\\/wp-content\\\/uploads\\\/2015\\\/10\\\/logo.jpg\",\"contentUrl\":\"https:\\\/\\\/cablepullingmachines.com\\\/wp-content\\\/uploads\\\/2015\\\/10\\\/logo.jpg\",\"width\":300,\"height\":140,\"caption\":\"Allame Makina Ltd Sti\"},\"image\":{\"@id\":\"https:\\\/\\\/cablepullingmachines.com\\\/#\\\/schema\\\/logo\\\/image\\\/\"},\"sameAs\":[\"https:\\\/\\\/www.facebook.com\\\/cablepullingmachines\",\"https:\\\/\\\/www.linkedin.com\\\/company\\\/cablepullingmachines\",\"https:\\\/\\\/www.youtube.com\\\/@CablePullingMachines\",\"https:\\\/\\\/www.instagram.com\\\/cablepullingmachines\"],\"description\":\"Cable laying products manufacturer from Turkiye. Cable Pulling Machines and Cable Drum Trailers Producer.\",\"email\":\"erkangok@allame.net\",\"telephone\":\"+905337789941\",\"legalName\":\"SKYPULLTECH\",\"foundingDate\":\"1999-02-12\",\"vatID\":\"0550635748\",\"iso6523Code\":\"1555ALL2025\",\"numberOfEmployees\":{\"@type\":\"QuantitativeValue\",\"minValue\":\"11\",\"maxValue\":\"50\"}}]}<\/script>\n<!-- \/ Yoast SEO Premium plugin. -->","yoast_head_json":{"title":"Mikro-Glasfaserkabel-Einblasmaschinen - Cable Pulling Machines Manufacturer","description":"Mikro-Glasfaserkabel-Einblasmaschinen - Cable Pulling Machines Manufacturer","robots":{"index":"index","follow":"follow","max-snippet":"max-snippet:-1","max-image-preview":"max-image-preview:large","max-video-preview":"max-video-preview:-1"},"canonical":"https:\/\/cablepullingmachines.com\/de\/?page_id=4580","og_locale":"de_DE","og_type":"article","og_title":"Mikro-Glasfaserkabel-Einblasmaschinen","og_description":"Mikro-Glasfaserkabel-Einblasmaschinen - Cable Pulling Machines Manufacturer","og_url":"https:\/\/cablepullingmachines.com\/de\/?page_id=4580","og_site_name":"Cable Pulling Machines Manufacturer","article_publisher":"https:\/\/www.facebook.com\/cablepullingmachines","article_modified_time":"2024-09-19T12:11:55+00:00","og_image":[{"width":1000,"height":1030,"url":"https:\/\/i0.wp.com\/cablepullingmachines.com\/wp-content\/uploads\/2020\/09\/Cable-Blowing-Machine.png?fit=1000%2C1030&ssl=1","type":"image\/png"}],"twitter_card":"summary_large_image","twitter_misc":{"Gesch\u00e4tzte Lesezeit":"1\u00a0Minute"},"schema":{"@context":"https:\/\/schema.org","@graph":[{"@type":"WebPage","@id":"https:\/\/cablepullingmachines.com\/de\/?page_id=4580","url":"https:\/\/cablepullingmachines.com\/de\/?page_id=4580","name":"Mikro-Glasfaserkabel-Einblasmaschinen - Cable Pulling Machines Manufacturer","isPartOf":{"@id":"https:\/\/cablepullingmachines.com\/#website"},"primaryImageOfPage":{"@id":"https:\/\/cablepullingmachines.com\/de\/?page_id=4580#primaryimage"},"image":{"@id":"https:\/\/cablepullingmachines.com\/de\/?page_id=4580#primaryimage"},"thumbnailUrl":"https:\/\/cablepullingmachines.com\/wp-content\/uploads\/2020\/09\/Cable-Blowing-Machine.png","datePublished":"2024-09-19T12:11:48+00:00","dateModified":"2024-09-19T12:11:55+00:00","description":"Mikro-Glasfaserkabel-Einblasmaschinen - Cable Pulling Machines Manufacturer","breadcrumb":{"@id":"https:\/\/cablepullingmachines.com\/de\/?page_id=4580#breadcrumb"},"inLanguage":"de","potentialAction":[{"@type":"ReadAction","target":["https:\/\/cablepullingmachines.com\/de\/?page_id=4580"]}]},{"@type":"ImageObject","inLanguage":"de","@id":"https:\/\/cablepullingmachines.com\/de\/?page_id=4580#primaryimage","url":"https:\/\/cablepullingmachines.com\/wp-content\/uploads\/2020\/09\/Cable-Blowing-Machine.png","contentUrl":"https:\/\/cablepullingmachines.com\/wp-content\/uploads\/2020\/09\/Cable-Blowing-Machine.png","width":1000,"height":1030,"caption":"Cable Blowing Machine"},{"@type":"BreadcrumbList","@id":"https:\/\/cablepullingmachines.com\/de\/?page_id=4580#breadcrumb","itemListElement":[{"@type":"ListItem","position":1,"name":"Home","item":"https:\/\/cablepullingmachines.com\/de\/a\/"},{"@type":"ListItem","position":2,"name":"Kabel Einblasmaschinen","item":"https:\/\/cablepullingmachines.com\/de\/?page_id=4602"},{"@type":"ListItem","position":3,"name":"Mikro-Glasfaserkabel-Einblasmaschinen"}]},{"@type":"WebSite","@id":"https:\/\/cablepullingmachines.com\/#website","url":"https:\/\/cablepullingmachines.com\/","name":"Cable Pulling Machines and Cable Drum Trailers","description":"Cable Pulling Machines, Winches, Cable Drum Trailers","publisher":{"@id":"https:\/\/cablepullingmachines.com\/#organization"},"alternateName":"Cable Drum Trailers Manufacturer","potentialAction":[{"@type":"SearchAction","target":{"@type":"EntryPoint","urlTemplate":"https:\/\/cablepullingmachines.com\/?s={search_term_string}"},"query-input":{"@type":"PropertyValueSpecification","valueRequired":true,"valueName":"search_term_string"}}],"inLanguage":"de"},{"@type":"Organization","@id":"https:\/\/cablepullingmachines.com\/#organization","name":"Allame Makina Ltd Sti","alternateName":"Cable Drum Trailers Manufacturer","url":"https:\/\/cablepullingmachines.com\/","logo":{"@type":"ImageObject","inLanguage":"de","@id":"https:\/\/cablepullingmachines.com\/#\/schema\/logo\/image\/","url":"https:\/\/cablepullingmachines.com\/wp-content\/uploads\/2015\/10\/logo.jpg","contentUrl":"https:\/\/cablepullingmachines.com\/wp-content\/uploads\/2015\/10\/logo.jpg","width":300,"height":140,"caption":"Allame Makina Ltd Sti"},"image":{"@id":"https:\/\/cablepullingmachines.com\/#\/schema\/logo\/image\/"},"sameAs":["https:\/\/www.facebook.com\/cablepullingmachines","https:\/\/www.linkedin.com\/company\/cablepullingmachines","https:\/\/www.youtube.com\/@CablePullingMachines","https:\/\/www.instagram.com\/cablepullingmachines"],"description":"Cable laying products manufacturer from Turkiye. Cable Pulling Machines and Cable Drum Trailers Producer.","email":"erkangok@allame.net","telephone":"+905337789941","legalName":"SKYPULLTECH","foundingDate":"1999-02-12","vatID":"0550635748","iso6523Code":"1555ALL2025","numberOfEmployees":{"@type":"QuantitativeValue","minValue":"11","maxValue":"50"}}]}},"amp_enabled":true,"_links":{"self":[{"href":"https:\/\/cablepullingmachines.com\/de\/wp-json\/wp\/v2\/pages\/4580","targetHints":{"allow":["GET"]}}],"collection":[{"href":"https:\/\/cablepullingmachines.com\/de\/wp-json\/wp\/v2\/pages"}],"about":[{"href":"https:\/\/cablepullingmachines.com\/de\/wp-json\/wp\/v2\/types\/page"}],"author":[{"embeddable":true,"href":"https:\/\/cablepullingmachines.com\/de\/wp-json\/wp\/v2\/users\/1"}],"replies":[{"embeddable":true,"href":"https:\/\/cablepullingmachines.com\/de\/wp-json\/wp\/v2\/comments?post=4580"}],"version-history":[{"count":0,"href":"https:\/\/cablepullingmachines.com\/de\/wp-json\/wp\/v2\/pages\/4580\/revisions"}],"up":[{"embeddable":true,"href":"https:\/\/cablepullingmachines.com\/de\/wp-json\/wp\/v2\/pages\/4602"}],"wp:featuredmedia":[{"embeddable":true,"href":"https:\/\/cablepullingmachines.com\/de\/wp-json\/wp\/v2\/media\/4271"}],"wp:attachment":[{"href":"https:\/\/cablepullingmachines.com\/de\/wp-json\/wp\/v2\/media?parent=4580"}],"curies":[{"name":"wp","href":"https:\/\/api.w.org\/{rel}","templated":true}]}}