{"id":4575,"date":"2024-09-19T12:11:48","date_gmt":"2024-09-19T12:11:48","guid":{"rendered":"https:\/\/cablepullingmachines.com\/hydraulische-glasfaserkabel-einblasmaschinen\/"},"modified":"2024-09-19T12:11:55","modified_gmt":"2024-09-19T12:11:55","slug":"hydraulische-glasfaserkabel-einblasmaschinen","status":"publish","type":"page","link":"https:\/\/cablepullingmachines.com\/de\/kabel-einblasmaschinen\/hydraulische-glasfaserkabel-einblasmaschinen\/","title":{"rendered":"Hydraulische Glasfaserkabel-Einblasmaschinen"},"content":{"rendered":"<h1>Hydraulische Glasfaserkabel-Einblasmaschinen<\/h1>\n<p><em><strong>HydroSKY<\/strong> <\/em>wurde zum Einblasen von Kabeln und Rohren in Kan\u00e4le entwickelt.<br \/>\nSie m\u00fcssen die Palettengruppe und einige andere Teile austauschen, um die Maschine von Rohrblasen auf Kabelblasen oder umgekehrt umzur\u00fcsten. <em><strong>HydroSKY <\/strong><\/em>arbeitet mit einem Hydraulikaggregat. Der Grund daf\u00fcr ist, dass die Motoren des <em><strong>HydroSKY<\/strong><\/em> werden mit komprimiertem Hydraulik\u00f6l betrieben.<br \/>\nSie k\u00f6nnen das ALLAME MAKINA Hydraulikaggregat mit dem <em><strong>HydroSKY<\/strong><\/em>.<br \/>\nDiese Maschine ist dank der Hydraulikmotoren sehr leistungsf\u00e4hig. Au\u00dferdem profitiert der <strong>HYDROSKY<\/strong> von der SKYJET-Konstruktion, bei der die gesamte Luft in den Kanal geleitet wird, so dass die Kabel mit <em><strong>HydroSKY <\/strong><\/em>viel komfortabler ist als das Blasen mit SKYJET (bei SKYJET wird ein Teil der Luft von den Luftmotoren genutzt).<br \/>\nDurch die Leistung des <em><strong>HydroSKY<\/strong><\/em>sind Sie in der Lage, gr\u00f6\u00dfere Kabeldurchmesser und viele Rohre zusammen zu blasen.<br \/>\nEs gibt einige Nachteile des <em><strong>HydroSKY <\/strong><\/em>aus der Sicht der SKYJET Konstruktion.<br \/>\nDiese Maschine arbeitet mit einem Hydraulikaggregat (bei SKYJET reicht der Kompressor allein aus) und ist schwerer als SKYJET und gr\u00f6\u00dfer als SKYJET.        <figure id=\"attachment_2235\" aria-describedby=\"caption-attachment-2235\" style=\"width: 1000px\" class=\"wp-caption alignleft\"><img decoding=\"async\" class=\"size-full wp-image-2235 lazyload\" data-src=\"https:\/\/cablepullingmachines.com\/wp-content\/uploads\/2020\/09\/Hydraulic-cable-blowing-machine.jpg\" alt=\"Hydraulische Kabel-Einblasmaschine\" width=\"1000\" height=\"1333\" data-srcset=\"https:\/\/cablepullingmachines.com\/wp-content\/uploads\/2020\/09\/Hydraulic-cable-blowing-machine.jpg 1000w, https:\/\/cablepullingmachines.com\/wp-content\/uploads\/2020\/09\/Hydraulic-cable-blowing-machine-225x300.jpg 225w, https:\/\/cablepullingmachines.com\/wp-content\/uploads\/2020\/09\/Hydraulic-cable-blowing-machine-773x1030.jpg 773w, https:\/\/cablepullingmachines.com\/wp-content\/uploads\/2020\/09\/Hydraulic-cable-blowing-machine-768x1024.jpg 768w, https:\/\/cablepullingmachines.com\/wp-content\/uploads\/2020\/09\/Hydraulic-cable-blowing-machine-529x705.jpg 529w\" data-sizes=\"(max-width: 1000px) 100vw, 1000px\" src=\"data:image\/svg+xml;base64,PHN2ZyB3aWR0aD0iMSIgaGVpZ2h0PSIxIiB4bWxucz0iaHR0cDovL3d3dy53My5vcmcvMjAwMC9zdmciPjwvc3ZnPg==\" style=\"--smush-placeholder-width: 1000px; --smush-placeholder-aspect-ratio: 1000\/1333;\" \/><figcaption id=\"caption-attachment-2235\" class=\"wp-caption-text\">Hydraulische Kabel-Einblasmaschine<\/figcaption><\/figure><\/p>\n<p>&nbsp;<\/p>\n<figure id=\"attachment_2236\" aria-describedby=\"caption-attachment-2236\" style=\"width: 600px\" class=\"wp-caption alignleft\"><img decoding=\"async\" class=\"size-full wp-image-2236 lazyload\" data-src=\"https:\/\/cablepullingmachines.com\/wp-content\/uploads\/2020\/09\/Hydraulic-cable-blowing-machines.jpg\" alt=\"Hydraulische Einblasmaschinen f\u00fcr Kabel\" width=\"600\" height=\"450\" data-srcset=\"https:\/\/cablepullingmachines.com\/wp-content\/uploads\/2020\/09\/Hydraulic-cable-blowing-machines.jpg 600w, https:\/\/cablepullingmachines.com\/wp-content\/uploads\/2020\/09\/Hydraulic-cable-blowing-machines-300x225.jpg 300w\" data-sizes=\"(max-width: 600px) 100vw, 600px\" src=\"data:image\/svg+xml;base64,PHN2ZyB3aWR0aD0iMSIgaGVpZ2h0PSIxIiB4bWxucz0iaHR0cDovL3d3dy53My5vcmcvMjAwMC9zdmciPjwvc3ZnPg==\" style=\"--smush-placeholder-width: 600px; --smush-placeholder-aspect-ratio: 600\/450;\" \/><figcaption id=\"caption-attachment-2236\" class=\"wp-caption-text\">Hydraulische Einblasmaschinen f\u00fcr Kabel<\/figcaption><\/figure>\n<figure id=\"attachment_2237\" aria-describedby=\"caption-attachment-2237\" style=\"width: 600px\" class=\"wp-caption alignleft\"><img decoding=\"async\" class=\"size-full wp-image-2237 lazyload\" data-src=\"https:\/\/cablepullingmachines.com\/wp-content\/uploads\/2020\/09\/Hydraulic-cable-blowing-machine-HydroSKY.jpg\" alt=\"Hydraulische Kabeleinblasmaschine HydroSKY\" width=\"600\" height=\"450\" data-srcset=\"https:\/\/cablepullingmachines.com\/wp-content\/uploads\/2020\/09\/Hydraulic-cable-blowing-machine-HydroSKY.jpg 600w, https:\/\/cablepullingmachines.com\/wp-content\/uploads\/2020\/09\/Hydraulic-cable-blowing-machine-HydroSKY-300x225.jpg 300w\" data-sizes=\"(max-width: 600px) 100vw, 600px\" src=\"data:image\/svg+xml;base64,PHN2ZyB3aWR0aD0iMSIgaGVpZ2h0PSIxIiB4bWxucz0iaHR0cDovL3d3dy53My5vcmcvMjAwMC9zdmciPjwvc3ZnPg==\" style=\"--smush-placeholder-width: 600px; --smush-placeholder-aspect-ratio: 600\/450;\" \/><figcaption id=\"caption-attachment-2237\" class=\"wp-caption-text\">Hydraulische Kabeleinblasmaschine HydroSKY<\/figcaption><\/figure>\n<p>&nbsp;<\/p>\n<p>&nbsp;<\/p>\n<p>&nbsp;<\/p>\n<p>&nbsp;  Im Standard, <em><strong>HydroSKY <\/strong><\/em>Maschine einen Kanaldurchmesser von 50 mm.<br \/>\nWir produzieren Werkzeuge f\u00fcr viele Kanaldurchmesser, die von Kunden bestellt werden.<br \/>\nUnd hier sind einige technische Daten &nbsp;<strong>HydroSKY: <em>Hydraulische Blasmaschine f\u00fcr Glasfaserkabel und -schl\u00e4uche<\/em><\/strong> STEUERUNG: Durch einen Techniker BEN\u00d6TIGTE LUFT: 12 bar 10 m\u00b3\/min.<br \/>\n(Minimum)<br \/>\nHYDRAULIKMOTOREN: Doppelt wirksam, 57-Newtonmeter (2 St\u00fcck) BEN\u00d6TIGTES \u00d6L F\u00dcR MOTOREN: 20 Liter\/min.     KABEL- und R\u00d6HRENBLASGESCHWINDIGKEIT: 15 Meter \/ Minute ABMESSUNGEN (Breite x L\u00e4nge x H\u00f6he): 125cm x 94cm x 78cm (HydroSKY und Hydraulikaggregat zusammen) MASCHINENGEWICHT: 155kg (Hydrofok und Hydraulikaggregat zusammen) <em><span style=\"color: #ffffff;\"><strong>Hydraulische Glasfaserkabel-Einblasmaschinen<\/strong><\/span><\/em><em><strong>GLASFASERKABEL-DURCHMESSER<\/strong><\/em><span style=\"color: #ffffff;\"><strong>Hydraulische Glasfaserkabel-Einblasmaschinen<\/strong><\/span> Sie m\u00fcssen die Palettengruppe und einige Teile austauschen, um den Kabeldurchmesserbereich der Maschine zu \u00e4ndern.<br \/>\n<em>Durchmesser 9mm-14mmDurchmesser<\/em><em>14mm-20mmDurchmesser<\/em><em>20mm-25mm<\/em>&nbsp;<em><strong>ROHRDURCHMESSER UND MENGE<\/strong><\/em> Sie m\u00fcssen uns Daten \u00fcber den Durchmesser der Rohre und die Anzahl der Rohre, die Sie auf einmal blasen m\u00f6chten, zur Verf\u00fcgung stellen.<br \/>\nUnten finden Sie einige Beispiele. <em>Rohrdurchmesser =12mm \/<\/em><em>Menge=4Rohrdurchmesser =6mm \/ Menge=7<\/em>  <\/p>\n<p>&nbsp;<\/p>\n","protected":false},"excerpt":{"rendered":"<p>Hydraulische Glasfaserkabel-Einblasmaschinen HydroSKY wurde zum Einblasen von Kabeln und Rohren in Kan\u00e4le entwickelt. Sie m\u00fcssen die Palettengruppe und einige andere Teile austauschen, um die Maschine von Rohrblasen auf Kabelblasen oder umgekehrt umzur\u00fcsten. HydroSKY arbeitet mit einem Hydraulikaggregat. Der Grund daf\u00fcr ist, dass die Motoren des HydroSKY werden mit komprimiertem Hydraulik\u00f6l betrieben. Sie k\u00f6nnen das ALLAME<\/p>\n","protected":false},"author":1,"featured_media":4247,"parent":4602,"menu_order":0,"comment_status":"closed","ping_status":"closed","template":"","meta":{"_joinchat":[],"footnotes":""},"class_list":["post-4575","page","type-page","status-publish","has-post-thumbnail","hentry"],"yoast_head":"<!-- This site is optimized with the Yoast SEO Premium plugin v26.8 (Yoast SEO v27.0) - https:\/\/yoast.com\/product\/yoast-seo-premium-wordpress\/ -->\n<title>Hydraulische Glasfaserkabel-Einblasmaschinen - Cable Pulling Machines Manufacturer<\/title>\n<meta name=\"description\" content=\"Hydraulische Glasfaserkabel-Einblasmaschinen - Cable Pulling Machines Manufacturer\" \/>\n<meta name=\"robots\" content=\"index, follow, max-snippet:-1, max-image-preview:large, max-video-preview:-1\" \/>\n<link rel=\"canonical\" href=\"https:\/\/cablepullingmachines.com\/de\/?page_id=4575\" \/>\n<meta property=\"og:locale\" content=\"de_DE\" \/>\n<meta property=\"og:type\" content=\"article\" \/>\n<meta property=\"og:title\" content=\"Hydraulische Glasfaserkabel-Einblasmaschinen\" \/>\n<meta property=\"og:description\" content=\"Hydraulische Glasfaserkabel-Einblasmaschinen - Cable Pulling Machines Manufacturer\" \/>\n<meta property=\"og:url\" content=\"https:\/\/cablepullingmachines.com\/de\/?page_id=4575\" \/>\n<meta property=\"og:site_name\" content=\"Cable Pulling Machines Manufacturer\" \/>\n<meta property=\"article:publisher\" content=\"https:\/\/www.facebook.com\/cablepullingmachines\" \/>\n<meta property=\"article:modified_time\" content=\"2024-09-19T12:11:55+00:00\" \/>\n<meta property=\"og:image\" content=\"https:\/\/i0.wp.com\/cablepullingmachines.com\/wp-content\/uploads\/2020\/09\/Hydraulic-cable-blowing-machine.jpg?fit=1000%2C1333&ssl=1\" \/>\n\t<meta property=\"og:image:width\" content=\"1000\" \/>\n\t<meta property=\"og:image:height\" content=\"1333\" \/>\n\t<meta property=\"og:image:type\" content=\"image\/jpeg\" \/>\n<meta name=\"twitter:card\" content=\"summary_large_image\" \/>\n<meta name=\"twitter:label1\" content=\"Gesch\u00e4tzte Lesezeit\" \/>\n\t<meta name=\"twitter:data1\" content=\"2\u00a0Minuten\" \/>\n<script type=\"application\/ld+json\" class=\"yoast-schema-graph\">{\"@context\":\"https:\/\/schema.org\",\"@graph\":[{\"@type\":\"WebPage\",\"@id\":\"https:\/\/cablepullingmachines.com\/de\/?page_id=4575\",\"url\":\"https:\/\/cablepullingmachines.com\/de\/?page_id=4575\",\"name\":\"Hydraulische Glasfaserkabel-Einblasmaschinen - Cable Pulling Machines Manufacturer\",\"isPartOf\":{\"@id\":\"https:\/\/cablepullingmachines.com\/#website\"},\"primaryImageOfPage\":{\"@id\":\"https:\/\/cablepullingmachines.com\/de\/?page_id=4575#primaryimage\"},\"image\":{\"@id\":\"https:\/\/cablepullingmachines.com\/de\/?page_id=4575#primaryimage\"},\"thumbnailUrl\":\"https:\/\/cablepullingmachines.com\/wp-content\/uploads\/2020\/09\/Hydraulic-cable-blowing-machine.jpg\",\"datePublished\":\"2024-09-19T12:11:48+00:00\",\"dateModified\":\"2024-09-19T12:11:55+00:00\",\"description\":\"Hydraulische Glasfaserkabel-Einblasmaschinen - Cable Pulling Machines Manufacturer\",\"breadcrumb\":{\"@id\":\"https:\/\/cablepullingmachines.com\/de\/?page_id=4575#breadcrumb\"},\"inLanguage\":\"de\",\"potentialAction\":[{\"@type\":\"ReadAction\",\"target\":[\"https:\/\/cablepullingmachines.com\/de\/?page_id=4575\"]}]},{\"@type\":\"ImageObject\",\"inLanguage\":\"de\",\"@id\":\"https:\/\/cablepullingmachines.com\/de\/?page_id=4575#primaryimage\",\"url\":\"https:\/\/cablepullingmachines.com\/wp-content\/uploads\/2020\/09\/Hydraulic-cable-blowing-machine.jpg\",\"contentUrl\":\"https:\/\/cablepullingmachines.com\/wp-content\/uploads\/2020\/09\/Hydraulic-cable-blowing-machine.jpg\",\"width\":1000,\"height\":1333,\"caption\":\"Hydraulic cable blowing machine\"},{\"@type\":\"BreadcrumbList\",\"@id\":\"https:\/\/cablepullingmachines.com\/de\/?page_id=4575#breadcrumb\",\"itemListElement\":[{\"@type\":\"ListItem\",\"position\":1,\"name\":\"Home\",\"item\":\"https:\/\/cablepullingmachines.com\/de\/a\/\"},{\"@type\":\"ListItem\",\"position\":2,\"name\":\"Kabel Einblasmaschinen\",\"item\":\"https:\/\/cablepullingmachines.com\/de\/?page_id=4602\"},{\"@type\":\"ListItem\",\"position\":3,\"name\":\"Hydraulische Glasfaserkabel-Einblasmaschinen\"}]},{\"@type\":\"WebSite\",\"@id\":\"https:\/\/cablepullingmachines.com\/#website\",\"url\":\"https:\/\/cablepullingmachines.com\/\",\"name\":\"Cable Pulling Machines and Cable Drum Trailers\",\"description\":\"Cable Pulling Machines, Winches, Cable Drum Trailers\",\"publisher\":{\"@id\":\"https:\/\/cablepullingmachines.com\/#organization\"},\"alternateName\":\"Cable Drum Trailers Manufacturer\",\"potentialAction\":[{\"@type\":\"SearchAction\",\"target\":{\"@type\":\"EntryPoint\",\"urlTemplate\":\"https:\/\/cablepullingmachines.com\/?s={search_term_string}\"},\"query-input\":{\"@type\":\"PropertyValueSpecification\",\"valueRequired\":true,\"valueName\":\"search_term_string\"}}],\"inLanguage\":\"de\"},{\"@type\":\"Organization\",\"@id\":\"https:\/\/cablepullingmachines.com\/#organization\",\"name\":\"Allame Makina Ltd Sti\",\"alternateName\":\"Cable Drum Trailers Manufacturer\",\"url\":\"https:\/\/cablepullingmachines.com\/\",\"logo\":{\"@type\":\"ImageObject\",\"inLanguage\":\"de\",\"@id\":\"https:\/\/cablepullingmachines.com\/#\/schema\/logo\/image\/\",\"url\":\"https:\/\/cablepullingmachines.com\/wp-content\/uploads\/2015\/10\/logo.jpg\",\"contentUrl\":\"https:\/\/cablepullingmachines.com\/wp-content\/uploads\/2015\/10\/logo.jpg\",\"width\":300,\"height\":140,\"caption\":\"Allame Makina Ltd Sti\"},\"image\":{\"@id\":\"https:\/\/cablepullingmachines.com\/#\/schema\/logo\/image\/\"},\"sameAs\":[\"https:\/\/www.facebook.com\/cablepullingmachines\",\"https:\/\/www.linkedin.com\/company\/cablepullingmachines\",\"https:\/\/www.youtube.com\/@CablePullingMachines\",\"https:\/\/www.instagram.com\/cablepullingmachines\"],\"description\":\"Cable laying products manufacturer from Turkiye. Cable Pulling Machines and Cable Drum Trailers Producer.\",\"email\":\"erkangok@allame.net\",\"telephone\":\"+905337789941\",\"legalName\":\"SKYPULLTECH\",\"foundingDate\":\"1999-02-12\",\"vatID\":\"0550635748\",\"iso6523Code\":\"1555ALL2025\",\"numberOfEmployees\":{\"@type\":\"QuantitativeValue\",\"minValue\":\"11\",\"maxValue\":\"50\"}}]}<\/script>\n<!-- \/ Yoast SEO Premium plugin. -->","yoast_head_json":{"title":"Hydraulische Glasfaserkabel-Einblasmaschinen - Cable Pulling Machines Manufacturer","description":"Hydraulische Glasfaserkabel-Einblasmaschinen - Cable Pulling Machines Manufacturer","robots":{"index":"index","follow":"follow","max-snippet":"max-snippet:-1","max-image-preview":"max-image-preview:large","max-video-preview":"max-video-preview:-1"},"canonical":"https:\/\/cablepullingmachines.com\/de\/?page_id=4575","og_locale":"de_DE","og_type":"article","og_title":"Hydraulische Glasfaserkabel-Einblasmaschinen","og_description":"Hydraulische Glasfaserkabel-Einblasmaschinen - Cable Pulling Machines Manufacturer","og_url":"https:\/\/cablepullingmachines.com\/de\/?page_id=4575","og_site_name":"Cable Pulling Machines Manufacturer","article_publisher":"https:\/\/www.facebook.com\/cablepullingmachines","article_modified_time":"2024-09-19T12:11:55+00:00","og_image":[{"width":1000,"height":1333,"url":"https:\/\/i0.wp.com\/cablepullingmachines.com\/wp-content\/uploads\/2020\/09\/Hydraulic-cable-blowing-machine.jpg?fit=1000%2C1333&ssl=1","type":"image\/jpeg"}],"twitter_card":"summary_large_image","twitter_misc":{"Gesch\u00e4tzte Lesezeit":"2\u00a0Minuten"},"schema":{"@context":"https:\/\/schema.org","@graph":[{"@type":"WebPage","@id":"https:\/\/cablepullingmachines.com\/de\/?page_id=4575","url":"https:\/\/cablepullingmachines.com\/de\/?page_id=4575","name":"Hydraulische Glasfaserkabel-Einblasmaschinen - Cable Pulling Machines Manufacturer","isPartOf":{"@id":"https:\/\/cablepullingmachines.com\/#website"},"primaryImageOfPage":{"@id":"https:\/\/cablepullingmachines.com\/de\/?page_id=4575#primaryimage"},"image":{"@id":"https:\/\/cablepullingmachines.com\/de\/?page_id=4575#primaryimage"},"thumbnailUrl":"https:\/\/cablepullingmachines.com\/wp-content\/uploads\/2020\/09\/Hydraulic-cable-blowing-machine.jpg","datePublished":"2024-09-19T12:11:48+00:00","dateModified":"2024-09-19T12:11:55+00:00","description":"Hydraulische Glasfaserkabel-Einblasmaschinen - Cable Pulling Machines Manufacturer","breadcrumb":{"@id":"https:\/\/cablepullingmachines.com\/de\/?page_id=4575#breadcrumb"},"inLanguage":"de","potentialAction":[{"@type":"ReadAction","target":["https:\/\/cablepullingmachines.com\/de\/?page_id=4575"]}]},{"@type":"ImageObject","inLanguage":"de","@id":"https:\/\/cablepullingmachines.com\/de\/?page_id=4575#primaryimage","url":"https:\/\/cablepullingmachines.com\/wp-content\/uploads\/2020\/09\/Hydraulic-cable-blowing-machine.jpg","contentUrl":"https:\/\/cablepullingmachines.com\/wp-content\/uploads\/2020\/09\/Hydraulic-cable-blowing-machine.jpg","width":1000,"height":1333,"caption":"Hydraulic cable blowing machine"},{"@type":"BreadcrumbList","@id":"https:\/\/cablepullingmachines.com\/de\/?page_id=4575#breadcrumb","itemListElement":[{"@type":"ListItem","position":1,"name":"Home","item":"https:\/\/cablepullingmachines.com\/de\/a\/"},{"@type":"ListItem","position":2,"name":"Kabel Einblasmaschinen","item":"https:\/\/cablepullingmachines.com\/de\/?page_id=4602"},{"@type":"ListItem","position":3,"name":"Hydraulische Glasfaserkabel-Einblasmaschinen"}]},{"@type":"WebSite","@id":"https:\/\/cablepullingmachines.com\/#website","url":"https:\/\/cablepullingmachines.com\/","name":"Cable Pulling Machines and Cable Drum Trailers","description":"Cable Pulling Machines, Winches, Cable Drum Trailers","publisher":{"@id":"https:\/\/cablepullingmachines.com\/#organization"},"alternateName":"Cable Drum Trailers Manufacturer","potentialAction":[{"@type":"SearchAction","target":{"@type":"EntryPoint","urlTemplate":"https:\/\/cablepullingmachines.com\/?s={search_term_string}"},"query-input":{"@type":"PropertyValueSpecification","valueRequired":true,"valueName":"search_term_string"}}],"inLanguage":"de"},{"@type":"Organization","@id":"https:\/\/cablepullingmachines.com\/#organization","name":"Allame Makina Ltd Sti","alternateName":"Cable Drum Trailers Manufacturer","url":"https:\/\/cablepullingmachines.com\/","logo":{"@type":"ImageObject","inLanguage":"de","@id":"https:\/\/cablepullingmachines.com\/#\/schema\/logo\/image\/","url":"https:\/\/cablepullingmachines.com\/wp-content\/uploads\/2015\/10\/logo.jpg","contentUrl":"https:\/\/cablepullingmachines.com\/wp-content\/uploads\/2015\/10\/logo.jpg","width":300,"height":140,"caption":"Allame Makina Ltd Sti"},"image":{"@id":"https:\/\/cablepullingmachines.com\/#\/schema\/logo\/image\/"},"sameAs":["https:\/\/www.facebook.com\/cablepullingmachines","https:\/\/www.linkedin.com\/company\/cablepullingmachines","https:\/\/www.youtube.com\/@CablePullingMachines","https:\/\/www.instagram.com\/cablepullingmachines"],"description":"Cable laying products manufacturer from Turkiye. Cable Pulling Machines and Cable Drum Trailers Producer.","email":"erkangok@allame.net","telephone":"+905337789941","legalName":"SKYPULLTECH","foundingDate":"1999-02-12","vatID":"0550635748","iso6523Code":"1555ALL2025","numberOfEmployees":{"@type":"QuantitativeValue","minValue":"11","maxValue":"50"}}]}},"amp_enabled":true,"_links":{"self":[{"href":"https:\/\/cablepullingmachines.com\/de\/wp-json\/wp\/v2\/pages\/4575","targetHints":{"allow":["GET"]}}],"collection":[{"href":"https:\/\/cablepullingmachines.com\/de\/wp-json\/wp\/v2\/pages"}],"about":[{"href":"https:\/\/cablepullingmachines.com\/de\/wp-json\/wp\/v2\/types\/page"}],"author":[{"embeddable":true,"href":"https:\/\/cablepullingmachines.com\/de\/wp-json\/wp\/v2\/users\/1"}],"replies":[{"embeddable":true,"href":"https:\/\/cablepullingmachines.com\/de\/wp-json\/wp\/v2\/comments?post=4575"}],"version-history":[{"count":0,"href":"https:\/\/cablepullingmachines.com\/de\/wp-json\/wp\/v2\/pages\/4575\/revisions"}],"up":[{"embeddable":true,"href":"https:\/\/cablepullingmachines.com\/de\/wp-json\/wp\/v2\/pages\/4602"}],"wp:featuredmedia":[{"embeddable":true,"href":"https:\/\/cablepullingmachines.com\/de\/wp-json\/wp\/v2\/media\/4247"}],"wp:attachment":[{"href":"https:\/\/cablepullingmachines.com\/de\/wp-json\/wp\/v2\/media?parent=4575"}],"curies":[{"name":"wp","href":"https:\/\/api.w.org\/{rel}","templated":true}]}}