{"id":4566,"date":"2024-09-19T12:11:46","date_gmt":"2024-09-19T12:11:46","guid":{"rendered":"https:\/\/cablepullingmachines.com\/glasfaserkabel-einblasmaschinen\/"},"modified":"2024-09-19T12:11:55","modified_gmt":"2024-09-19T12:11:55","slug":"glasfaserkabel-einblasmaschinen","status":"publish","type":"page","link":"https:\/\/cablepullingmachines.com\/de\/kabel-einblasmaschinen\/glasfaserkabel-einblasmaschinen\/","title":{"rendered":"Glasfaserkabel-Einblasmaschinen"},"content":{"rendered":"<h1>SkyJET Glasfaserkabel-Einblasmaschinen<\/h1>\n<p><figure id=\"attachment_2231\" aria-describedby=\"caption-attachment-2231\" style=\"width: 1000px\" class=\"wp-caption alignleft\"><img decoding=\"async\" class=\"size-full wp-image-2231 lazyload\" data-src=\"https:\/\/cablepullingmachines.com\/wp-content\/uploads\/2020\/09\/Fiber-cable-blowing-machine-Skyjet.jpg\" alt=\"Faserkabel-Einblasmaschine Skyjet\" width=\"1000\" height=\"667\" data-srcset=\"https:\/\/cablepullingmachines.com\/wp-content\/uploads\/2020\/09\/Fiber-cable-blowing-machine-Skyjet.jpg 1000w, https:\/\/cablepullingmachines.com\/wp-content\/uploads\/2020\/09\/Fiber-cable-blowing-machine-Skyjet-300x200.jpg 300w, https:\/\/cablepullingmachines.com\/wp-content\/uploads\/2020\/09\/Fiber-cable-blowing-machine-Skyjet-768x512.jpg 768w, https:\/\/cablepullingmachines.com\/wp-content\/uploads\/2020\/09\/Fiber-cable-blowing-machine-Skyjet-705x470.jpg 705w\" data-sizes=\"(max-width: 1000px) 100vw, 1000px\" src=\"data:image\/svg+xml;base64,PHN2ZyB3aWR0aD0iMSIgaGVpZ2h0PSIxIiB4bWxucz0iaHR0cDovL3d3dy53My5vcmcvMjAwMC9zdmciPjwvc3ZnPg==\" style=\"--smush-placeholder-width: 1000px; --smush-placeholder-aspect-ratio: 1000\/667;\" \/><figcaption id=\"caption-attachment-2231\" class=\"wp-caption-text\">Faserkabel-Einblasmaschine Skyjet<\/figcaption><\/figure>  Im Zeitalter der Geschwindigkeit ist die Hochgeschwindigkeitsdatenverbindung ein Muss und ausgehend von diesem Konzept k\u00f6nnen wir verstehen, wie wichtig die Zeit f\u00fcr den modernen Menschen ist. Daher m\u00fcssen Sie die <strong>SkyJET-Maschine<\/strong> im Prozess der Vernetzung f\u00fcr einen sicheren, schnellen und zuverl\u00e4ssigen<strong> Glasfaserkabel-Einblasprozess<\/strong> verwenden.<br \/>\nUnsere Standard <b>SKYJET <\/b>Produktion ist f\u00fcr 40 mm Rohrdurchmesser.<br \/>\nWir k\u00f6nnen auch Regulierungsteile f\u00fcr andere Durchmesser herstellen.<br \/>\nDiese Teile k\u00f6nnen auch f\u00fcr kleinere Durchmesser verwendet werden. Bei gr\u00f6\u00dferen Durchmessern m\u00fcssen die Austrittskammern gedreht werden, damit sie f\u00fcr Ihren Rohrdurchmesser geeignet sind.<br \/>\nJeder unterschiedliche Durchmesser erfordert unterschiedliche Regulierungsteile.<br \/>\nBitte geben Sie bei Ihrer Bestellung Ihren Kanaldurchmesser an (der Preis beinhaltet nicht die Kosten f\u00fcr die Regulierungsteile).<br \/>\nEs gibt zwei Typen von <strong>SKYJET Maschinen<\/strong> f\u00fcr verschiedene Durchmesser, die Bereiche sind unten aufgef\u00fchrt.<br \/>\nBei Ihrer Bestellung m\u00fcssen Sie uns Informationen \u00fcber Ihren Kabeldurchmesser und den Durchmesserbereich mitteilen, damit wir Ihnen die Ersatzteile f\u00fcr die verschiedenen Durchmesser zusenden k\u00f6nnen ( Paletten usw. ) ( der Preis der Maschine beinhaltet nicht die Kosten f\u00fcr diese zus\u00e4tzlichen Ersatzteile ) Hinweis: Diese Aufz\u00e4hlung dient nur zur Klassifizierung, damit wir unsere Maschinen f\u00fcr verschiedene Kabeldurchmesser herstellen k\u00f6nnen.<br \/>\nA) Durchmesser 8-13 4) Durchmesser 14-20 Und hier sind einige technische Daten: <span style=\"color: #ffffff;\">Glasfaserkabel-Einblasmaschinen<\/span> SKYJET : <strong>Glasfaserkabel-Einblasmaschine<\/strong> STEUERUNG: Durch Techniker BEN\u00d6TIGTE LUFT: 10,5 bar 12 m\u00b3\/min.<br \/>\n(Kanal 40 hdp)<br \/>\nLUFTMOTOR: Doppelt wirksam, 740 Watt (2 St\u00fcck) BEN\u00d6TIGTE LUFT F\u00dcR MOTOREN: 6 Bar-0,6 m\u00b3\/min.<br \/>\nKABELINSTALLATIONSGESCHWINDIGKEIT: 0, 30, 50m\/min.<br \/>\nVERLEGUNGSKRAFT: 80~85 Kg.<br \/>\nABMESSUNGEN (Breite x L\u00e4nge x H\u00f6he): 365mm x 330mm x 540mm GEWICHT DER MASCHINE: 46kg <em><strong><span style=\"color: #ffffff;\">Glasfaserkabel-Einblasmaschinen<\/span><\/strong><\/em><figure id=\"attachment_2232\" aria-describedby=\"caption-attachment-2232\" style=\"width: 1000px\" class=\"wp-caption alignleft\"><img decoding=\"async\" class=\"size-full wp-image-2232 lazyload\" data-src=\"https:\/\/cablepullingmachines.com\/wp-content\/uploads\/2020\/09\/Skyjet-Cable-Blowing-Machine.jpg\" alt=\"Skyjet Kabel-Einblasmaschine\" width=\"1000\" height=\"667\" data-srcset=\"https:\/\/cablepullingmachines.com\/wp-content\/uploads\/2020\/09\/Skyjet-Cable-Blowing-Machine.jpg 1000w, https:\/\/cablepullingmachines.com\/wp-content\/uploads\/2020\/09\/Skyjet-Cable-Blowing-Machine-300x200.jpg 300w, https:\/\/cablepullingmachines.com\/wp-content\/uploads\/2020\/09\/Skyjet-Cable-Blowing-Machine-768x512.jpg 768w, https:\/\/cablepullingmachines.com\/wp-content\/uploads\/2020\/09\/Skyjet-Cable-Blowing-Machine-705x470.jpg 705w\" data-sizes=\"(max-width: 1000px) 100vw, 1000px\" src=\"data:image\/svg+xml;base64,PHN2ZyB3aWR0aD0iMSIgaGVpZ2h0PSIxIiB4bWxucz0iaHR0cDovL3d3dy53My5vcmcvMjAwMC9zdmciPjwvc3ZnPg==\" style=\"--smush-placeholder-width: 1000px; --smush-placeholder-aspect-ratio: 1000\/667;\" \/><figcaption id=\"caption-attachment-2232\" class=\"wp-caption-text\">Skyjet Kabel Einblasmaschine<\/figcaption><\/figure> Technische Details <span style=\"color: #ffffff;\">Glasfaserkabel Einblasmaschinen<\/span>             <\/p>\n<ul>\n<li>Um die Reibung zwischen dem Kanal und dem Kabel zu verringern, m\u00fcssen Sie mit diesem Sto\u00dfschmiersystem \u00d6l (Lubricom-f) in den vorinstallierten Kanal einf\u00fcllen.<\/li>\n<li>Der speziell entwickelte Auslasskasten leitet die Druckluft produktiv in den vorinstallierten Kanal.<\/li>\n<li>Sie lassen die Luft in die Maschine ein oder nicht, indem Sie das Ventil \u00f6ffnen oder schlie\u00dfen.<\/li>\n<li>Das spezielle Design des Luftschnellanschlusses behebt die Probleme mit der Ex-Luftbefestigung (Haken- und Sto\u00dfverbindung)<\/li>\n<li>Das pneumatische Pressensystem verhindert ein Verrutschen oder Besch\u00e4digen des Kabels<\/li>\n<li>Die Verlegung des Kabels in schlammigen Feldern ist dank der speziell entwickelten Paletten kein Problem mehr.<br \/>\nUnd Sie werden keinen R\u00fcckzug in der Blaskraft erleben. <\/li>\n<li>Das Festo Schmiersystem entzieht der Druckluft, die aus dem Kompressor kommt, die Feuchtigkeit und sorgt f\u00fcr eine kontinuierliche Schmierung des Druckluftmotors.<\/li>\n<li>Mit dem Steuerventil k\u00f6nnen Sie die Geschwindigkeit und die Richtung des Kabelverlegungsprozesses w\u00e4hlen.<\/li>\n<li>Die Installationsleistung wird bei Druckluftmotoren nie abnehmen.<\/li>\n<\/ul>\n<p><span style=\"color: #ffffff;\">Tags:<em><strong> Glasfaserkabel Einblasmaschinen<\/strong><\/em><\/span><\/p>\n","protected":false},"excerpt":{"rendered":"<p>SkyJET Glasfaserkabel-Einblasmaschinen Im Zeitalter der Geschwindigkeit ist die Hochgeschwindigkeitsdatenverbindung ein Muss und ausgehend von diesem Konzept k\u00f6nnen wir verstehen, wie wichtig die Zeit f\u00fcr den modernen Menschen ist. Daher m\u00fcssen Sie die SkyJET-Maschine im Prozess der Vernetzung f\u00fcr einen sicheren, schnellen und zuverl\u00e4ssigen Glasfaserkabel-Einblasprozess verwenden. Unsere Standard SKYJET Produktion ist f\u00fcr 40 mm Rohrdurchmesser. Wir<\/p>\n","protected":false},"author":1,"featured_media":4235,"parent":4602,"menu_order":0,"comment_status":"closed","ping_status":"closed","template":"","meta":{"_joinchat":[],"footnotes":""},"class_list":["post-4566","page","type-page","status-publish","has-post-thumbnail","hentry"],"yoast_head":"<!-- This site is optimized with the Yoast SEO Premium plugin v27.5 (Yoast SEO v27.5) - https:\/\/yoast.com\/product\/yoast-seo-premium-wordpress\/ -->\n<title>Glasfaserkabel-Einblasmaschinen - Cable Pulling Machines Manufacturer<\/title>\n<meta name=\"description\" content=\"Glasfaserkabel-Einblasmaschinen - Cable Pulling Machines Manufacturer\" \/>\n<meta name=\"robots\" content=\"index, follow, max-snippet:-1, max-image-preview:large, max-video-preview:-1\" \/>\n<link rel=\"canonical\" href=\"https:\/\/cablepullingmachines.com\/de\/?page_id=4566\" \/>\n<meta property=\"og:locale\" content=\"de_DE\" \/>\n<meta property=\"og:type\" content=\"article\" \/>\n<meta property=\"og:title\" content=\"Glasfaserkabel-Einblasmaschinen\" \/>\n<meta property=\"og:description\" content=\"Glasfaserkabel-Einblasmaschinen - Cable Pulling Machines Manufacturer\" \/>\n<meta property=\"og:url\" content=\"https:\/\/cablepullingmachines.com\/de\/?page_id=4566\" \/>\n<meta property=\"og:site_name\" content=\"Cable Pulling Machines Manufacturer\" \/>\n<meta property=\"article:publisher\" content=\"https:\/\/www.facebook.com\/cablepullingmachines\" \/>\n<meta property=\"article:modified_time\" content=\"2024-09-19T12:11:55+00:00\" \/>\n<meta property=\"og:image\" content=\"https:\/\/i0.wp.com\/cablepullingmachines.com\/wp-content\/uploads\/2020\/09\/Fiber-cable-blowing-machine-Skyjet.jpg?fit=1000%2C667&ssl=1\" \/>\n\t<meta property=\"og:image:width\" content=\"1000\" \/>\n\t<meta property=\"og:image:height\" content=\"667\" \/>\n\t<meta property=\"og:image:type\" content=\"image\/jpeg\" \/>\n<meta name=\"twitter:card\" content=\"summary_large_image\" \/>\n<meta name=\"twitter:label1\" content=\"Gesch\u00e4tzte Lesezeit\" \/>\n\t<meta name=\"twitter:data1\" content=\"2\u00a0Minuten\" \/>\n<script type=\"application\/ld+json\" class=\"yoast-schema-graph\">{\"@context\":\"https:\\\/\\\/schema.org\",\"@graph\":[{\"@type\":\"WebPage\",\"@id\":\"https:\\\/\\\/cablepullingmachines.com\\\/de\\\/?page_id=4566\",\"url\":\"https:\\\/\\\/cablepullingmachines.com\\\/de\\\/?page_id=4566\",\"name\":\"Glasfaserkabel-Einblasmaschinen - Cable Pulling Machines Manufacturer\",\"isPartOf\":{\"@id\":\"https:\\\/\\\/cablepullingmachines.com\\\/#website\"},\"primaryImageOfPage\":{\"@id\":\"https:\\\/\\\/cablepullingmachines.com\\\/de\\\/?page_id=4566#primaryimage\"},\"image\":{\"@id\":\"https:\\\/\\\/cablepullingmachines.com\\\/de\\\/?page_id=4566#primaryimage\"},\"thumbnailUrl\":\"https:\\\/\\\/cablepullingmachines.com\\\/wp-content\\\/uploads\\\/2020\\\/09\\\/Fiber-cable-blowing-machine-Skyjet.jpg\",\"datePublished\":\"2024-09-19T12:11:46+00:00\",\"dateModified\":\"2024-09-19T12:11:55+00:00\",\"description\":\"Glasfaserkabel-Einblasmaschinen - Cable Pulling Machines Manufacturer\",\"breadcrumb\":{\"@id\":\"https:\\\/\\\/cablepullingmachines.com\\\/de\\\/?page_id=4566#breadcrumb\"},\"inLanguage\":\"de\",\"potentialAction\":[{\"@type\":\"ReadAction\",\"target\":[\"https:\\\/\\\/cablepullingmachines.com\\\/de\\\/?page_id=4566\"]}]},{\"@type\":\"ImageObject\",\"inLanguage\":\"de\",\"@id\":\"https:\\\/\\\/cablepullingmachines.com\\\/de\\\/?page_id=4566#primaryimage\",\"url\":\"https:\\\/\\\/cablepullingmachines.com\\\/wp-content\\\/uploads\\\/2020\\\/09\\\/Fiber-cable-blowing-machine-Skyjet.jpg\",\"contentUrl\":\"https:\\\/\\\/cablepullingmachines.com\\\/wp-content\\\/uploads\\\/2020\\\/09\\\/Fiber-cable-blowing-machine-Skyjet.jpg\",\"width\":1000,\"height\":667,\"caption\":\"Fiber cable blowing machine Skyjet\"},{\"@type\":\"BreadcrumbList\",\"@id\":\"https:\\\/\\\/cablepullingmachines.com\\\/de\\\/?page_id=4566#breadcrumb\",\"itemListElement\":[{\"@type\":\"ListItem\",\"position\":1,\"name\":\"Home\",\"item\":\"https:\\\/\\\/cablepullingmachines.com\\\/de\\\/a\\\/\"},{\"@type\":\"ListItem\",\"position\":2,\"name\":\"Kabel Einblasmaschinen\",\"item\":\"https:\\\/\\\/cablepullingmachines.com\\\/de\\\/?page_id=4602\"},{\"@type\":\"ListItem\",\"position\":3,\"name\":\"Glasfaserkabel-Einblasmaschinen\"}]},{\"@type\":\"WebSite\",\"@id\":\"https:\\\/\\\/cablepullingmachines.com\\\/#website\",\"url\":\"https:\\\/\\\/cablepullingmachines.com\\\/\",\"name\":\"Cable Pulling Machines and Cable Drum Trailers\",\"description\":\"Cable Pulling Machines, Winches, Cable Drum Trailers\",\"publisher\":{\"@id\":\"https:\\\/\\\/cablepullingmachines.com\\\/#organization\"},\"alternateName\":\"Cable Drum Trailers Manufacturer\",\"potentialAction\":[{\"@type\":\"SearchAction\",\"target\":{\"@type\":\"EntryPoint\",\"urlTemplate\":\"https:\\\/\\\/cablepullingmachines.com\\\/?s={search_term_string}\"},\"query-input\":{\"@type\":\"PropertyValueSpecification\",\"valueRequired\":true,\"valueName\":\"search_term_string\"}}],\"inLanguage\":\"de\"},{\"@type\":\"Organization\",\"@id\":\"https:\\\/\\\/cablepullingmachines.com\\\/#organization\",\"name\":\"Allame Makina Ltd Sti\",\"alternateName\":\"Cable Drum Trailers Manufacturer\",\"url\":\"https:\\\/\\\/cablepullingmachines.com\\\/\",\"logo\":{\"@type\":\"ImageObject\",\"inLanguage\":\"de\",\"@id\":\"https:\\\/\\\/cablepullingmachines.com\\\/#\\\/schema\\\/logo\\\/image\\\/\",\"url\":\"https:\\\/\\\/cablepullingmachines.com\\\/wp-content\\\/uploads\\\/2015\\\/10\\\/logo.jpg\",\"contentUrl\":\"https:\\\/\\\/cablepullingmachines.com\\\/wp-content\\\/uploads\\\/2015\\\/10\\\/logo.jpg\",\"width\":300,\"height\":140,\"caption\":\"Allame Makina Ltd Sti\"},\"image\":{\"@id\":\"https:\\\/\\\/cablepullingmachines.com\\\/#\\\/schema\\\/logo\\\/image\\\/\"},\"sameAs\":[\"https:\\\/\\\/www.facebook.com\\\/cablepullingmachines\",\"https:\\\/\\\/www.linkedin.com\\\/company\\\/cablepullingmachines\",\"https:\\\/\\\/www.youtube.com\\\/@CablePullingMachines\",\"https:\\\/\\\/www.instagram.com\\\/cablepullingmachines\"],\"description\":\"Cable laying products manufacturer from Turkiye. Cable Pulling Machines and Cable Drum Trailers Producer.\",\"email\":\"erkangok@allame.net\",\"telephone\":\"+905337789941\",\"legalName\":\"SKYPULLTECH\",\"foundingDate\":\"1999-02-12\",\"vatID\":\"0550635748\",\"iso6523Code\":\"1555ALL2025\",\"numberOfEmployees\":{\"@type\":\"QuantitativeValue\",\"minValue\":\"11\",\"maxValue\":\"50\"}}]}<\/script>\n<!-- \/ Yoast SEO Premium plugin. -->","yoast_head_json":{"title":"Glasfaserkabel-Einblasmaschinen - Cable Pulling Machines Manufacturer","description":"Glasfaserkabel-Einblasmaschinen - Cable Pulling Machines Manufacturer","robots":{"index":"index","follow":"follow","max-snippet":"max-snippet:-1","max-image-preview":"max-image-preview:large","max-video-preview":"max-video-preview:-1"},"canonical":"https:\/\/cablepullingmachines.com\/de\/?page_id=4566","og_locale":"de_DE","og_type":"article","og_title":"Glasfaserkabel-Einblasmaschinen","og_description":"Glasfaserkabel-Einblasmaschinen - Cable Pulling Machines Manufacturer","og_url":"https:\/\/cablepullingmachines.com\/de\/?page_id=4566","og_site_name":"Cable Pulling Machines Manufacturer","article_publisher":"https:\/\/www.facebook.com\/cablepullingmachines","article_modified_time":"2024-09-19T12:11:55+00:00","og_image":[{"width":1000,"height":667,"url":"https:\/\/i0.wp.com\/cablepullingmachines.com\/wp-content\/uploads\/2020\/09\/Fiber-cable-blowing-machine-Skyjet.jpg?fit=1000%2C667&ssl=1","type":"image\/jpeg"}],"twitter_card":"summary_large_image","twitter_misc":{"Gesch\u00e4tzte Lesezeit":"2\u00a0Minuten"},"schema":{"@context":"https:\/\/schema.org","@graph":[{"@type":"WebPage","@id":"https:\/\/cablepullingmachines.com\/de\/?page_id=4566","url":"https:\/\/cablepullingmachines.com\/de\/?page_id=4566","name":"Glasfaserkabel-Einblasmaschinen - Cable Pulling Machines Manufacturer","isPartOf":{"@id":"https:\/\/cablepullingmachines.com\/#website"},"primaryImageOfPage":{"@id":"https:\/\/cablepullingmachines.com\/de\/?page_id=4566#primaryimage"},"image":{"@id":"https:\/\/cablepullingmachines.com\/de\/?page_id=4566#primaryimage"},"thumbnailUrl":"https:\/\/cablepullingmachines.com\/wp-content\/uploads\/2020\/09\/Fiber-cable-blowing-machine-Skyjet.jpg","datePublished":"2024-09-19T12:11:46+00:00","dateModified":"2024-09-19T12:11:55+00:00","description":"Glasfaserkabel-Einblasmaschinen - Cable Pulling Machines Manufacturer","breadcrumb":{"@id":"https:\/\/cablepullingmachines.com\/de\/?page_id=4566#breadcrumb"},"inLanguage":"de","potentialAction":[{"@type":"ReadAction","target":["https:\/\/cablepullingmachines.com\/de\/?page_id=4566"]}]},{"@type":"ImageObject","inLanguage":"de","@id":"https:\/\/cablepullingmachines.com\/de\/?page_id=4566#primaryimage","url":"https:\/\/cablepullingmachines.com\/wp-content\/uploads\/2020\/09\/Fiber-cable-blowing-machine-Skyjet.jpg","contentUrl":"https:\/\/cablepullingmachines.com\/wp-content\/uploads\/2020\/09\/Fiber-cable-blowing-machine-Skyjet.jpg","width":1000,"height":667,"caption":"Fiber cable blowing machine Skyjet"},{"@type":"BreadcrumbList","@id":"https:\/\/cablepullingmachines.com\/de\/?page_id=4566#breadcrumb","itemListElement":[{"@type":"ListItem","position":1,"name":"Home","item":"https:\/\/cablepullingmachines.com\/de\/a\/"},{"@type":"ListItem","position":2,"name":"Kabel Einblasmaschinen","item":"https:\/\/cablepullingmachines.com\/de\/?page_id=4602"},{"@type":"ListItem","position":3,"name":"Glasfaserkabel-Einblasmaschinen"}]},{"@type":"WebSite","@id":"https:\/\/cablepullingmachines.com\/#website","url":"https:\/\/cablepullingmachines.com\/","name":"Cable Pulling Machines and Cable Drum Trailers","description":"Cable Pulling Machines, Winches, Cable Drum Trailers","publisher":{"@id":"https:\/\/cablepullingmachines.com\/#organization"},"alternateName":"Cable Drum Trailers Manufacturer","potentialAction":[{"@type":"SearchAction","target":{"@type":"EntryPoint","urlTemplate":"https:\/\/cablepullingmachines.com\/?s={search_term_string}"},"query-input":{"@type":"PropertyValueSpecification","valueRequired":true,"valueName":"search_term_string"}}],"inLanguage":"de"},{"@type":"Organization","@id":"https:\/\/cablepullingmachines.com\/#organization","name":"Allame Makina Ltd Sti","alternateName":"Cable Drum Trailers Manufacturer","url":"https:\/\/cablepullingmachines.com\/","logo":{"@type":"ImageObject","inLanguage":"de","@id":"https:\/\/cablepullingmachines.com\/#\/schema\/logo\/image\/","url":"https:\/\/cablepullingmachines.com\/wp-content\/uploads\/2015\/10\/logo.jpg","contentUrl":"https:\/\/cablepullingmachines.com\/wp-content\/uploads\/2015\/10\/logo.jpg","width":300,"height":140,"caption":"Allame Makina Ltd Sti"},"image":{"@id":"https:\/\/cablepullingmachines.com\/#\/schema\/logo\/image\/"},"sameAs":["https:\/\/www.facebook.com\/cablepullingmachines","https:\/\/www.linkedin.com\/company\/cablepullingmachines","https:\/\/www.youtube.com\/@CablePullingMachines","https:\/\/www.instagram.com\/cablepullingmachines"],"description":"Cable laying products manufacturer from Turkiye. Cable Pulling Machines and Cable Drum Trailers Producer.","email":"erkangok@allame.net","telephone":"+905337789941","legalName":"SKYPULLTECH","foundingDate":"1999-02-12","vatID":"0550635748","iso6523Code":"1555ALL2025","numberOfEmployees":{"@type":"QuantitativeValue","minValue":"11","maxValue":"50"}}]}},"amp_enabled":true,"_links":{"self":[{"href":"https:\/\/cablepullingmachines.com\/de\/wp-json\/wp\/v2\/pages\/4566","targetHints":{"allow":["GET"]}}],"collection":[{"href":"https:\/\/cablepullingmachines.com\/de\/wp-json\/wp\/v2\/pages"}],"about":[{"href":"https:\/\/cablepullingmachines.com\/de\/wp-json\/wp\/v2\/types\/page"}],"author":[{"embeddable":true,"href":"https:\/\/cablepullingmachines.com\/de\/wp-json\/wp\/v2\/users\/1"}],"replies":[{"embeddable":true,"href":"https:\/\/cablepullingmachines.com\/de\/wp-json\/wp\/v2\/comments?post=4566"}],"version-history":[{"count":0,"href":"https:\/\/cablepullingmachines.com\/de\/wp-json\/wp\/v2\/pages\/4566\/revisions"}],"up":[{"embeddable":true,"href":"https:\/\/cablepullingmachines.com\/de\/wp-json\/wp\/v2\/pages\/4602"}],"wp:featuredmedia":[{"embeddable":true,"href":"https:\/\/cablepullingmachines.com\/de\/wp-json\/wp\/v2\/media\/4235"}],"wp:attachment":[{"href":"https:\/\/cablepullingmachines.com\/de\/wp-json\/wp\/v2\/media?parent=4566"}],"curies":[{"name":"wp","href":"https:\/\/api.w.org\/{rel}","templated":true}]}}