{"id":4304,"date":"2024-09-18T13:25:35","date_gmt":"2024-09-18T13:25:35","guid":{"rendered":"https:\/\/cablepullingmachines.com\/hersteller-von-kabelzugmaschinen-und-kabeltrommelanhaengern\/"},"modified":"2024-09-18T13:25:37","modified_gmt":"2024-09-18T13:25:37","slug":"hersteller-von-kabelzugmaschinen-und-kabeltrommelanhaengern","status":"publish","type":"page","link":"https:\/\/cablepullingmachines.com\/de\/hersteller-von-kabelzugmaschinen-und-kabeltrommelanhaengern\/","title":{"rendered":"Hersteller von Kabelzugmaschinen und Kabeltrommelanh\u00e4ngern!"},"content":{"rendered":"<p>[av_layerslider id=&#8217;1&#8242; av_uid=&#8217;av-b7bwz&#8217;]<\/p>\n<p>[av_hr class=&#8217;short&#8217; height=&#8217;50&#8217; shadow=&#8217;no-shadow&#8217; position=&#8217;center&#8217; custom_border=&#8217;av-border-thin&#8217; custom_width=&#8217;50px&#8217; custom_border_color=&#8221; custom_margin_top=&#8217;30px&#8217; custom_margin_bottom=&#8217;30px&#8217; icon_select=&#8217;yes&#8217; custom_icon_color=&#8221; icon=&#8217;ue808&#8242; font=&#8217;entypo-fontello&#8217; av_uid=&#8217;av-adal7&#8242;]<\/p>\n<p>[av_section min_height=&#8221; min_height_px=&#8217;500px&#8217; padding=&#8217;default&#8217; shadow=&#8217;no-shadow&#8217; bottom_border=&#8217;no-border-styling&#8217; bottom_border_diagonal_color=&#8217;#333333&#8242; bottom_border_diagonal_direction=&#8221; bottom_border_style=&#8221; id=&#8221; color=&#8217;main_color&#8217; custom_bg=&#8221; src=&#8217;http:\/\/cablepullingmachines.com\/wp-content\/uploads\/2015\/07\/room.jpg&#8217; attachment=&#8217;1802&#8242; attachment_size=&#8217;full&#8217; attach=&#8217;scroll&#8217; position=&#8217;top left&#8217; repeat=&#8217;no-repeat&#8217; video=&#8221; video_ratio=&#8217;16:9&#8242; overlay_opacity=&#8217;0.5&#8242; overlay_color=&#8221; overlay_pattern=&#8221; overlay_custom_pattern=&#8221; av_uid=&#8217;av-9pnnv&#8217;]<\/p>\n<p>[av_one_third first min_height=&#8221; vertical_alignment=&#8221; space=&#8221; custom_margin=&#8221; margin=&#8217;0px&#8217; padding=&#8217;0px&#8217; border=&#8221; border_color=&#8221; radius=&#8217;0px&#8217; background_color=&#8221; src=&#8221; background_position=&#8217;top left&#8217; background_repeat=&#8217;no-repeat&#8217; animation=&#8221; av_uid=&#8217;av-948ob&#8217;]<\/p>\n<p>[av_icon_box position=&#8217;top&#8217; icon_style=&#8221; boxed=&#8221; icon=&#8217;ue8c6&#8242; font=&#8217;entypo-fontello&#8217; title=&#8217;Sparen Sie Ihre Zeit!&#8217; link=&#8221; linktarget=&#8221; linkelement=&#8221; font_color=&#8221; custom_title=&#8221; custom_content=&#8221; color=&#8221; custom_bg=&#8221; custom_font=&#8221; custom_border=&#8221; av-medium-font-size-title=&#8221; av-small-font-size-title=&#8221; av-mini-font-size-title=&#8221; av-medium-font-size=&#8221; av-small-font-size=&#8221; av-mini-font-size=&#8221; admin_preview_bg=&#8221; av_uid=&#8217;av-8vczz&#8217;]<br \/>\n<strong>Kabelziehger\u00e4te<\/strong> und <strong>Kabelverlegungsger\u00e4te<\/strong> werden von allen kommerziellen Firmen und Bauunternehmen f\u00fcr einen reibungslosen Arbeitsablauf nachgefragt. <em>Kabelziehger\u00e4te<\/em> wurden entwickelt, um Ihre Arbeit auf die bequemste Art und Weise zu erledigen.<br \/>\nHydraulische <strong>Kabeleinziehger\u00e4te<\/strong>.<br \/>\nSparen Sie Zeit und Geld.<br \/>\n[\/av_icon_box]<\/p>\n<p>[\/av_one_third][av_one_third min_height=&#8221; vertical_alignment=&#8221; space=&#8221; custom_margin=&#8221; margin=&#8217;0px&#8217; padding=&#8217;0px&#8217; border=&#8221; border_color=&#8221; radius=&#8217;0px&#8217; background_color=&#8221; src=&#8221; background_position=&#8217;top left&#8217; background_repeat=&#8217;no-repeat&#8217; animation=&#8221; av_uid=&#8217;av-tehv&#8217;]<\/p>\n<p>[av_icon_box position=&#8217;top&#8217; boxed=&#8221; icon=&#8217;ue82b&#8217; font=&#8217;entypo-fontello&#8217; title=&#8217;Kabelzugmaschinen&#8217; link=&#8221; linktarget=&#8221; linkelement=&#8221; font_color=&#8221; custom_title=&#8221; custom_content=&#8221; color=&#8221; custom_bg=&#8221; custom_font=&#8221; custom_border=&#8221; av_uid=&#8217;av-7fejv&#8217;]<br \/>\n<em><strong>Kabelziehger\u00e4te<\/strong><\/em>geh\u00f6ren zu den hochwertigsten Ger\u00e4ten, die nicht nur zuverl\u00e4ssig und effizient sind, sondern Ihnen auch die beste und kosteng\u00fcnstigste Methode f\u00fcr die Verlegung all Ihrer Kabel in den kommenden Jahren bieten.<br \/>\nSie sind <em>robust<\/em>,<em> langlebig<\/em> und sicher in der Anwendung.<br \/>\nEinige der besten <strong>Kabelziehger\u00e4te <\/strong>werden nach Ihren Anforderungen entwickelt und entsprechend angepasst.<br \/>\n[\/av_icon_box]<\/p>\n<p>[\/av_one_third][av_one_third min_height=&#8221; vertical_alignment=&#8221; space=&#8221; custom_margin=&#8221; margin=&#8217;0px&#8217; padding=&#8217;0px&#8217; border=&#8221; border_color=&#8221; radius=&#8217;0px&#8217; background_color=&#8221; src=&#8221; background_position=&#8217;top left&#8217; background_repeat=&#8217;no-repeat&#8217; animation=&#8221; av_uid=&#8217;av-6zovz&#8217;]<\/p>\n<p>[av_icon_box position=&#8217;top&#8217; boxed=&#8221; icon=&#8217;ue82e&#8217; font=&#8217;entypo-fontello&#8217; title=&#8217;Kabeltrommel-Anh\u00e4nger&#8217; link=&#8221; linktarget=&#8221; linkelement=&#8221; font_color=&#8221; custom_title=&#8221; custom_content=&#8221; color=&#8221; custom_bg=&#8221; custom_font=&#8221; custom_border=&#8221; av_uid=&#8217;av-6jm13&#8242;]<br \/>\n<strong>Kabeltrommelanh\u00e4nger<\/strong> sind bekanntlich eines der wichtigsten Zubeh\u00f6rteile, die f\u00fcr jede Art von Projekt ben\u00f6tigt werden, sei es in einem Bauunternehmen, in der Telekommunikationsbranche oder in der Elektroversorgung.<br \/>\nEs handelt sich dabei um ein prim\u00e4res Ger\u00e4t, das zum Be- und Entladen von <em>Kabeltrommeln<\/em> und Kabeltrommeln auf die bestm\u00f6gliche Art und Weise gem\u00e4\u00df den neuesten Standards ben\u00f6tigt wird. <strong>Kabeltrommelanh\u00e4nger<\/strong> machen das Be- und Entladen sehr effektiv.<br \/>\n[\/av_icon_box]<\/p>\n<p>[\/av_one_third][\/av_section][av_hr class=&#8217;short&#8217; height=&#8217;50&#8217; shadow=&#8217;no-shadow&#8217; position=&#8217;center&#8217; custom_border=&#8217;av-border-thin&#8217; custom_width=&#8217;50px&#8217; custom_border_color=&#8221; custom_margin_top=&#8217;30px&#8217; custom_margin_bottom=&#8217;30px&#8217; icon_select=&#8217;yes&#8217; custom_icon_color=&#8221; icon=&#8217;ue808&#8242; font=&#8217;entypo-fontello&#8217; av_uid=&#8217;av-5fxmv&#8217;]<\/p>\n<p>[av_one_half first min_height=&#8221; vertical_alignment=&#8221; space=&#8221; custom_margin=&#8221; margin=&#8217;0px&#8217; padding=&#8217;0px&#8217; border=&#8221; border_color=&#8221; radius=&#8217;0px&#8217; background_color=&#8221; src=&#8221; background_position=&#8217;top left&#8217; background_repeat=&#8217;no-repeat&#8217; animation=&#8221; av_uid=&#8217;av-50mef&#8217;]<br \/>\n[av_gallery ids=&#8221;997,998,999,1000,1001,1002,1003,1004,1005,1006&#8243; style=&#8221;big_thumb&#8221; preview_size=&#8221;portfolio&#8221; crop_big_preview_thumbnail=&#8221;avia-gallery-big-crop-thumb&#8221; thumb_size=&#8221;portfolio&#8221; columns=&#8221;5&#8243; imagelink=&#8221;lightbox&#8221; lazyload=&#8221;avia_lazyload&#8221; av_uid=&#8221;av-glgn&#8221;]<br \/>\n[\/av_one_half]<\/p>\n<p>[av_one_half min_height=&#8221; vertical_alignment=&#8221; space=&#8221; custom_margin=&#8221; margin=&#8217;0px&#8217; padding=&#8217;0px&#8217; border=&#8221; border_color=&#8221; radius=&#8217;0px&#8217; background_color=&#8221; src=&#8221; background_position=&#8217;top left&#8217; background_repeat=&#8217;no-repeat&#8217; animation=&#8221; av_uid=&#8217;av-3x5ev&#8217;]<\/p>\n<p>[av_textblock size=&#8217;16&#8217; font_color=&#8221; color=&#8221; av-medium-font-size=&#8221; av-small-font-size=&#8221; av-mini-font-size=&#8221; admin_preview_bg=&#8221; av_uid=&#8217;av-33o2j&#8217;]<\/p>\n<h2 style=\"text-align: center;\">Kabelzugmaschinen &amp; Kabeltrommel-Anh\u00e4nger<\/h2>\n<ul>\n<li>Die verschiedenen Arten von <em><strong>Kabeleinziehmaschinen<\/strong><\/em> helfen bei der Installation von Ausr\u00fcstungen wie Kabeln und Hochspannungsdr\u00e4hten sowohl unterirdisch als auch \u00fcber Kopfmasten.<\/li>\n<li>Kabelziehger\u00e4te erm\u00f6glichen den Benutzern eine schnelle, sichere und einfache Installation von<strong> Glasfaserkabeln<\/strong> und <strong>Hochspannungskabeln<\/strong>.<\/li>\n<li>Die verschiedenen Produkte, die angeboten werden, sind n\u00fctzlich f\u00fcr einen Installateur, der ein Glasfaser- oder Kupferkabel unter der Erde oder im Mast verlegen muss.<\/li>\n<li>Kabelziehger\u00e4te sind <em>stark<\/em>, <em>langlebig<\/em> und auch <em>erschwinglich<\/em>.<\/li>\n<li>Sie k\u00f6nnen aus einer breiten Palette von Abzugsvorrichtungen auf <strong>Capstan-Basis<\/strong>, Glasfasergebl\u00e4sen, handgef\u00fchrten <em>Kabelschiebern<\/em> sowie einer Vielzahl anderer Produkte w\u00e4hlen<\/li>\n<\/ul>\n<p>[\/av_textblock]<\/p>\n<p>[av_hr class=&#8217;custom&#8217; height=&#8217;50&#8217; shadow=&#8217;shadow&#8217; position=&#8217;center&#8217; custom_border=&#8217;av-border-fat&#8217; custom_width=&#8217;250px&#8217; custom_border_color=&#8221; custom_margin_top=&#8217;10px&#8217; custom_margin_bottom=&#8217;30px&#8217; icon_select=&#8217;yes&#8217; custom_icon_color=&#8221; icon=&#8217;ue82b&#8217; font=&#8217;entypo-fontello&#8217; av_uid=&#8217;av-2xvtb&#8217;]<\/p>\n<p>[av_icon_box position=&#8217;left&#8217; boxed=&#8221; icon=&#8217;1&#8242; font=&#8217;entypo-fontello&#8217; title=&#8217;Seilzugwinden &#8211; Konzept, Mechanismus und g\u00e4ngige Anwendungen  &#8216; link=&#8221; linktarget=&#8221; linkelement=&#8221; font_color=&#8221; custom_title=&#8221; custom_content=&#8221; color=&#8221; custom_bg=&#8221; custom_font=&#8221; custom_border=&#8221; av_uid=&#8217;av-21atj&#8217;]<br \/>\n<em>Seilwinden sind ein fortschrittlicher Mechanismus, der das Auf- und Abwickeln von Kabeln erm\u00f6glicht.<br \/>\nIn diesem Artikel erfahren Sie mehr \u00fcber das Konzept der Seilwinden, ihren Mechanismus und die g\u00e4ngigen Anwendungen.   <\/em><br \/>\n[\/av_icon_box]<\/p>\n<p>[\/av_one_half][av_hr class=&#8217;custom&#8217; height=&#8217;50&#8217; shadow=&#8217;no-shadow&#8217; position=&#8217;center&#8217; custom_border=&#8217;av-border-fat&#8217; custom_width=&#8217;50%&#8217; custom_border_color=&#8217;#af0000&#8242; custom_margin_top=&#8217;50px&#8217; custom_margin_bottom=&#8217;50px&#8217; icon_select=&#8217;yes&#8217; custom_icon_color=&#8221; icon=&#8217;ue808&#8242; font=&#8217;entypo-fontello&#8217; av_uid=&#8217;av-1rben&#8217;]<\/p>\n<p>[av_blog blog_type=&#8217;posts&#8217; categories=&#8217;7,1&#8242; link=&#8217;category&#8217; blog_style=&#8217;blog-grid&#8217; columns=&#8217;3&#8242; contents=&#8217;excerpt&#8217; content_length=&#8217;content&#8217; preview_mode=&#8217;auto&#8217; image_size=&#8217;portfolio&#8217; items=&#8217;3&#8242; offset=&#8217;0&#8242; paginate=&#8217;yes&#8217; conditional=&#8221; av_uid=&#8217;av-15peb&#8217;]<\/p>\n","protected":false},"excerpt":{"rendered":"<p>[av_layerslider id=&#8217;1&#8242; av_uid=&#8217;av-b7bwz&#8217;] [av_hr class=&#8217;short&#8217; height=&#8217;50&#8217; shadow=&#8217;no-shadow&#8217; position=&#8217;center&#8217; custom_border=&#8217;av-border-thin&#8217; custom_width=&#8217;50px&#8217; custom_border_color=&#8221; custom_margin_top=&#8217;30px&#8217; custom_margin_bottom=&#8217;30px&#8217; icon_select=&#8217;yes&#8217; custom_icon_color=&#8221; icon=&#8217;ue808&#8242; font=&#8217;entypo-fontello&#8217; av_uid=&#8217;av-adal7&#8242;] [av_section min_height=&#8221; min_height_px=&#8217;500px&#8217; padding=&#8217;default&#8217; shadow=&#8217;no-shadow&#8217; bottom_border=&#8217;no-border-styling&#8217; bottom_border_diagonal_color=&#8217;#333333&#8242; bottom_border_diagonal_direction=&#8221; bottom_border_style=&#8221; id=&#8221; color=&#8217;main_color&#8217; custom_bg=&#8221; src=&#8217;http:\/\/cablepullingmachines.com\/wp-content\/uploads\/2015\/07\/room.jpg&#8217; attachment=&#8217;1802&#8242; attachment_size=&#8217;full&#8217; attach=&#8217;scroll&#8217; position=&#8217;top left&#8217; repeat=&#8217;no-repeat&#8217; video=&#8221; video_ratio=&#8217;16:9&#8242; overlay_opacity=&#8217;0.5&#8242; overlay_color=&#8221; overlay_pattern=&#8221; overlay_custom_pattern=&#8221; av_uid=&#8217;av-9pnnv&#8217;] [av_one_third first min_height=&#8221; vertical_alignment=&#8221; space=&#8221; custom_margin=&#8221; margin=&#8217;0px&#8217; padding=&#8217;0px&#8217; border=&#8221; border_color=&#8221; radius=&#8217;0px&#8217;<\/p>\n","protected":false},"author":1,"featured_media":3641,"parent":0,"menu_order":0,"comment_status":"open","ping_status":"open","template":"","meta":{"_joinchat":[],"footnotes":""},"class_list":["post-4304","page","type-page","status-publish","has-post-thumbnail","hentry"],"yoast_head":"<!-- This site is optimized with the Yoast SEO Premium plugin v26.8 (Yoast SEO v27.0) - https:\/\/yoast.com\/product\/yoast-seo-premium-wordpress\/ -->\n<title>Hersteller von Kabelzugmaschinen und Kabeltrommelanh\u00e4ngern! - Cable Pulling Machines Manufacturer<\/title>\n<meta name=\"description\" content=\"Hersteller von Kabelzugmaschinen und Kabeltrommelanh\u00e4ngern! - Cable Pulling Machines Manufacturer\" \/>\n<meta name=\"robots\" content=\"index, follow, max-snippet:-1, max-image-preview:large, max-video-preview:-1\" \/>\n<link rel=\"canonical\" href=\"https:\/\/cablepullingmachines.com\/de\/?page_id=4304\" \/>\n<meta property=\"og:locale\" content=\"de_DE\" \/>\n<meta property=\"og:type\" content=\"article\" \/>\n<meta property=\"og:title\" content=\"Hersteller von Kabelzugmaschinen und Kabeltrommelanh\u00e4ngern!\" \/>\n<meta property=\"og:description\" content=\"Hersteller von Kabelzugmaschinen und Kabeltrommelanh\u00e4ngern! - Cable Pulling Machines Manufacturer\" \/>\n<meta property=\"og:url\" content=\"https:\/\/cablepullingmachines.com\/de\/?page_id=4304\" \/>\n<meta property=\"og:site_name\" content=\"Cable Pulling Machines Manufacturer\" \/>\n<meta property=\"article:publisher\" content=\"https:\/\/www.facebook.com\/cablepullingmachines\" \/>\n<meta property=\"article:modified_time\" content=\"2024-09-18T13:25:37+00:00\" \/>\n<meta property=\"og:image\" content=\"https:\/\/i0.wp.com\/cablepullingmachines.com\/wp-content\/uploads\/2015\/12\/Cable-Pulling-Machines-106-1.jpg?fit=845%2C573&ssl=1\" \/>\n\t<meta property=\"og:image:width\" content=\"845\" \/>\n\t<meta property=\"og:image:height\" content=\"573\" \/>\n\t<meta property=\"og:image:type\" content=\"image\/jpeg\" \/>\n<meta name=\"twitter:card\" content=\"summary_large_image\" \/>\n<meta name=\"twitter:label1\" content=\"Gesch\u00e4tzte Lesezeit\" \/>\n\t<meta name=\"twitter:data1\" content=\"6\u00a0Minuten\" \/>\n<script type=\"application\/ld+json\" class=\"yoast-schema-graph\">{\"@context\":\"https:\/\/schema.org\",\"@graph\":[{\"@type\":\"WebPage\",\"@id\":\"https:\/\/cablepullingmachines.com\/de\/?page_id=4304\",\"url\":\"https:\/\/cablepullingmachines.com\/de\/?page_id=4304\",\"name\":\"Hersteller von Kabelzugmaschinen und Kabeltrommelanh\u00e4ngern! - Cable Pulling Machines Manufacturer\",\"isPartOf\":{\"@id\":\"https:\/\/cablepullingmachines.com\/#website\"},\"primaryImageOfPage\":{\"@id\":\"https:\/\/cablepullingmachines.com\/de\/?page_id=4304#primaryimage\"},\"image\":{\"@id\":\"https:\/\/cablepullingmachines.com\/de\/?page_id=4304#primaryimage\"},\"thumbnailUrl\":\"https:\/\/cablepullingmachines.com\/wp-content\/uploads\/2015\/12\/Cable-Pulling-Machines-106-1.jpg\",\"datePublished\":\"2024-09-18T13:25:35+00:00\",\"dateModified\":\"2024-09-18T13:25:37+00:00\",\"description\":\"Hersteller von Kabelzugmaschinen und Kabeltrommelanh\u00e4ngern! - Cable Pulling Machines Manufacturer\",\"breadcrumb\":{\"@id\":\"https:\/\/cablepullingmachines.com\/de\/?page_id=4304#breadcrumb\"},\"inLanguage\":\"de\",\"potentialAction\":[{\"@type\":\"ReadAction\",\"target\":[\"https:\/\/cablepullingmachines.com\/de\/?page_id=4304\"]}]},{\"@type\":\"ImageObject\",\"inLanguage\":\"de\",\"@id\":\"https:\/\/cablepullingmachines.com\/de\/?page_id=4304#primaryimage\",\"url\":\"https:\/\/cablepullingmachines.com\/wp-content\/uploads\/2015\/12\/Cable-Pulling-Machines-106-1.jpg\",\"contentUrl\":\"https:\/\/cablepullingmachines.com\/wp-content\/uploads\/2015\/12\/Cable-Pulling-Machines-106-1.jpg\",\"width\":845,\"height\":573,\"caption\":\"Cable Pulling Machines\"},{\"@type\":\"BreadcrumbList\",\"@id\":\"https:\/\/cablepullingmachines.com\/de\/?page_id=4304#breadcrumb\",\"itemListElement\":[{\"@type\":\"ListItem\",\"position\":1,\"name\":\"Home\",\"item\":\"https:\/\/cablepullingmachines.com\/de\/a\/\"},{\"@type\":\"ListItem\",\"position\":2,\"name\":\"Hersteller von Kabelzugmaschinen und Kabeltrommelanh\u00e4ngern!\"}]},{\"@type\":\"WebSite\",\"@id\":\"https:\/\/cablepullingmachines.com\/#website\",\"url\":\"https:\/\/cablepullingmachines.com\/\",\"name\":\"Cable Pulling Machines and Cable Drum Trailers\",\"description\":\"Cable Pulling Machines, Winches, Cable Drum Trailers\",\"publisher\":{\"@id\":\"https:\/\/cablepullingmachines.com\/#organization\"},\"alternateName\":\"Cable Drum Trailers Manufacturer\",\"potentialAction\":[{\"@type\":\"SearchAction\",\"target\":{\"@type\":\"EntryPoint\",\"urlTemplate\":\"https:\/\/cablepullingmachines.com\/?s={search_term_string}\"},\"query-input\":{\"@type\":\"PropertyValueSpecification\",\"valueRequired\":true,\"valueName\":\"search_term_string\"}}],\"inLanguage\":\"de\"},{\"@type\":\"Organization\",\"@id\":\"https:\/\/cablepullingmachines.com\/#organization\",\"name\":\"Allame Makina Ltd Sti\",\"alternateName\":\"Cable Drum Trailers Manufacturer\",\"url\":\"https:\/\/cablepullingmachines.com\/\",\"logo\":{\"@type\":\"ImageObject\",\"inLanguage\":\"de\",\"@id\":\"https:\/\/cablepullingmachines.com\/#\/schema\/logo\/image\/\",\"url\":\"https:\/\/cablepullingmachines.com\/wp-content\/uploads\/2015\/10\/logo.jpg\",\"contentUrl\":\"https:\/\/cablepullingmachines.com\/wp-content\/uploads\/2015\/10\/logo.jpg\",\"width\":300,\"height\":140,\"caption\":\"Allame Makina Ltd Sti\"},\"image\":{\"@id\":\"https:\/\/cablepullingmachines.com\/#\/schema\/logo\/image\/\"},\"sameAs\":[\"https:\/\/www.facebook.com\/cablepullingmachines\",\"https:\/\/www.linkedin.com\/company\/cablepullingmachines\",\"https:\/\/www.youtube.com\/@CablePullingMachines\",\"https:\/\/www.instagram.com\/cablepullingmachines\"],\"description\":\"Cable laying products manufacturer from Turkiye. Cable Pulling Machines and Cable Drum Trailers Producer.\",\"email\":\"erkangok@allame.net\",\"telephone\":\"+905337789941\",\"legalName\":\"SKYPULLTECH\",\"foundingDate\":\"1999-02-12\",\"vatID\":\"0550635748\",\"iso6523Code\":\"1555ALL2025\",\"numberOfEmployees\":{\"@type\":\"QuantitativeValue\",\"minValue\":\"11\",\"maxValue\":\"50\"}}]}<\/script>\n<!-- \/ Yoast SEO Premium plugin. -->","yoast_head_json":{"title":"Hersteller von Kabelzugmaschinen und Kabeltrommelanh\u00e4ngern! - Cable Pulling Machines Manufacturer","description":"Hersteller von Kabelzugmaschinen und Kabeltrommelanh\u00e4ngern! - Cable Pulling Machines Manufacturer","robots":{"index":"index","follow":"follow","max-snippet":"max-snippet:-1","max-image-preview":"max-image-preview:large","max-video-preview":"max-video-preview:-1"},"canonical":"https:\/\/cablepullingmachines.com\/de\/?page_id=4304","og_locale":"de_DE","og_type":"article","og_title":"Hersteller von Kabelzugmaschinen und Kabeltrommelanh\u00e4ngern!","og_description":"Hersteller von Kabelzugmaschinen und Kabeltrommelanh\u00e4ngern! - Cable Pulling Machines Manufacturer","og_url":"https:\/\/cablepullingmachines.com\/de\/?page_id=4304","og_site_name":"Cable Pulling Machines Manufacturer","article_publisher":"https:\/\/www.facebook.com\/cablepullingmachines","article_modified_time":"2024-09-18T13:25:37+00:00","og_image":[{"width":845,"height":573,"url":"https:\/\/i0.wp.com\/cablepullingmachines.com\/wp-content\/uploads\/2015\/12\/Cable-Pulling-Machines-106-1.jpg?fit=845%2C573&ssl=1","type":"image\/jpeg"}],"twitter_card":"summary_large_image","twitter_misc":{"Gesch\u00e4tzte Lesezeit":"6\u00a0Minuten"},"schema":{"@context":"https:\/\/schema.org","@graph":[{"@type":"WebPage","@id":"https:\/\/cablepullingmachines.com\/de\/?page_id=4304","url":"https:\/\/cablepullingmachines.com\/de\/?page_id=4304","name":"Hersteller von Kabelzugmaschinen und Kabeltrommelanh\u00e4ngern! - Cable Pulling Machines Manufacturer","isPartOf":{"@id":"https:\/\/cablepullingmachines.com\/#website"},"primaryImageOfPage":{"@id":"https:\/\/cablepullingmachines.com\/de\/?page_id=4304#primaryimage"},"image":{"@id":"https:\/\/cablepullingmachines.com\/de\/?page_id=4304#primaryimage"},"thumbnailUrl":"https:\/\/cablepullingmachines.com\/wp-content\/uploads\/2015\/12\/Cable-Pulling-Machines-106-1.jpg","datePublished":"2024-09-18T13:25:35+00:00","dateModified":"2024-09-18T13:25:37+00:00","description":"Hersteller von Kabelzugmaschinen und Kabeltrommelanh\u00e4ngern! - Cable Pulling Machines Manufacturer","breadcrumb":{"@id":"https:\/\/cablepullingmachines.com\/de\/?page_id=4304#breadcrumb"},"inLanguage":"de","potentialAction":[{"@type":"ReadAction","target":["https:\/\/cablepullingmachines.com\/de\/?page_id=4304"]}]},{"@type":"ImageObject","inLanguage":"de","@id":"https:\/\/cablepullingmachines.com\/de\/?page_id=4304#primaryimage","url":"https:\/\/cablepullingmachines.com\/wp-content\/uploads\/2015\/12\/Cable-Pulling-Machines-106-1.jpg","contentUrl":"https:\/\/cablepullingmachines.com\/wp-content\/uploads\/2015\/12\/Cable-Pulling-Machines-106-1.jpg","width":845,"height":573,"caption":"Cable Pulling Machines"},{"@type":"BreadcrumbList","@id":"https:\/\/cablepullingmachines.com\/de\/?page_id=4304#breadcrumb","itemListElement":[{"@type":"ListItem","position":1,"name":"Home","item":"https:\/\/cablepullingmachines.com\/de\/a\/"},{"@type":"ListItem","position":2,"name":"Hersteller von Kabelzugmaschinen und Kabeltrommelanh\u00e4ngern!"}]},{"@type":"WebSite","@id":"https:\/\/cablepullingmachines.com\/#website","url":"https:\/\/cablepullingmachines.com\/","name":"Cable Pulling Machines and Cable Drum Trailers","description":"Cable Pulling Machines, Winches, Cable Drum Trailers","publisher":{"@id":"https:\/\/cablepullingmachines.com\/#organization"},"alternateName":"Cable Drum Trailers Manufacturer","potentialAction":[{"@type":"SearchAction","target":{"@type":"EntryPoint","urlTemplate":"https:\/\/cablepullingmachines.com\/?s={search_term_string}"},"query-input":{"@type":"PropertyValueSpecification","valueRequired":true,"valueName":"search_term_string"}}],"inLanguage":"de"},{"@type":"Organization","@id":"https:\/\/cablepullingmachines.com\/#organization","name":"Allame Makina Ltd Sti","alternateName":"Cable Drum Trailers Manufacturer","url":"https:\/\/cablepullingmachines.com\/","logo":{"@type":"ImageObject","inLanguage":"de","@id":"https:\/\/cablepullingmachines.com\/#\/schema\/logo\/image\/","url":"https:\/\/cablepullingmachines.com\/wp-content\/uploads\/2015\/10\/logo.jpg","contentUrl":"https:\/\/cablepullingmachines.com\/wp-content\/uploads\/2015\/10\/logo.jpg","width":300,"height":140,"caption":"Allame Makina Ltd Sti"},"image":{"@id":"https:\/\/cablepullingmachines.com\/#\/schema\/logo\/image\/"},"sameAs":["https:\/\/www.facebook.com\/cablepullingmachines","https:\/\/www.linkedin.com\/company\/cablepullingmachines","https:\/\/www.youtube.com\/@CablePullingMachines","https:\/\/www.instagram.com\/cablepullingmachines"],"description":"Cable laying products manufacturer from Turkiye. Cable Pulling Machines and Cable Drum Trailers Producer.","email":"erkangok@allame.net","telephone":"+905337789941","legalName":"SKYPULLTECH","foundingDate":"1999-02-12","vatID":"0550635748","iso6523Code":"1555ALL2025","numberOfEmployees":{"@type":"QuantitativeValue","minValue":"11","maxValue":"50"}}]}},"amp_enabled":true,"_links":{"self":[{"href":"https:\/\/cablepullingmachines.com\/de\/wp-json\/wp\/v2\/pages\/4304","targetHints":{"allow":["GET"]}}],"collection":[{"href":"https:\/\/cablepullingmachines.com\/de\/wp-json\/wp\/v2\/pages"}],"about":[{"href":"https:\/\/cablepullingmachines.com\/de\/wp-json\/wp\/v2\/types\/page"}],"author":[{"embeddable":true,"href":"https:\/\/cablepullingmachines.com\/de\/wp-json\/wp\/v2\/users\/1"}],"replies":[{"embeddable":true,"href":"https:\/\/cablepullingmachines.com\/de\/wp-json\/wp\/v2\/comments?post=4304"}],"version-history":[{"count":0,"href":"https:\/\/cablepullingmachines.com\/de\/wp-json\/wp\/v2\/pages\/4304\/revisions"}],"wp:featuredmedia":[{"embeddable":true,"href":"https:\/\/cablepullingmachines.com\/de\/wp-json\/wp\/v2\/media\/3641"}],"wp:attachment":[{"href":"https:\/\/cablepullingmachines.com\/de\/wp-json\/wp\/v2\/media?parent=4304"}],"curies":[{"name":"wp","href":"https:\/\/api.w.org\/{rel}","templated":true}]}}